{"id":17047,"date":"2025-02-05T02:02:28","date_gmt":"2025-02-05T02:02:28","guid":{"rendered":"https:\/\/www.hydraulic-cylinders.net\/?post_type=product&#038;p=17047"},"modified":"2025-04-02T08:28:41","modified_gmt":"2025-04-02T08:28:41","slug":"lift-cylinder-for-crawler-crane","status":"publish","type":"product","link":"https:\/\/www.hydraulic-cylinders.net\/tr\/urun\/lift-cylinder-for-crawler-crane\/","title":{"rendered":"Paletli Vin\u00e7 \u0130\u00e7in Kald\u0131rma Silindiri"},"content":{"rendered":"<h1 style=\"text-align: center;\"><strong>Paletli Vin\u00e7 \u0130\u00e7in Kald\u0131rma Silindiri<\/strong><\/h1>\n<h1 style=\"text-align: center;\"><img loading=\"lazy\" decoding=\"async\" class=\"alignnone size-full wp-image-17048\" src=\"https:\/\/www.hydraulic-cylinders.net\/wp-content\/uploads\/2025\/02\/hcyy11112018-lift-cylinder-2.webp\" alt=\"\" width=\"1524\" height=\"539\" srcset=\"https:\/\/www.hydraulic-cylinders.net\/wp-content\/uploads\/2025\/02\/hcyy11112018-lift-cylinder-2.webp 1524w, https:\/\/www.hydraulic-cylinders.net\/wp-content\/uploads\/2025\/02\/hcyy11112018-lift-cylinder-2-1280x453.webp 1280w, https:\/\/www.hydraulic-cylinders.net\/wp-content\/uploads\/2025\/02\/hcyy11112018-lift-cylinder-2-980x347.webp 980w, https:\/\/www.hydraulic-cylinders.net\/wp-content\/uploads\/2025\/02\/hcyy11112018-lift-cylinder-2-480x170.webp 480w\" sizes=\"(min-width: 0px) and (max-width: 480px) 480px, (min-width: 481px) and (max-width: 980px) 980px, (min-width: 981px) and (max-width: 1280px) 1280px, (min-width: 1281px) 1524px, 100vw\" \/><\/h1>\n<p>Paletli vin\u00e7ler i\u00e7in tasarlanan kald\u0131rma silindirlerimiz, a\u011f\u0131r hizmet uygulamalar\u0131nda g\u00fc\u00e7l\u00fc ve g\u00fcvenilir kald\u0131rma performans\u0131 sunar. \u00d6zellikle paletli vin\u00e7ler i\u00e7in tasarlanan bu hidrolik silindirler, in\u015faat sahalar\u0131, k\u00f6pr\u00fc yap\u0131m\u0131 ve madencilik operasyonlar\u0131 gibi zorlu ortamlarda 590 tona kadar y\u00fckleri destekleyerek vin\u00e7 kollar\u0131n\u0131 (bomlar\u0131) hassas bir \u015fekilde y\u00fckseltmek i\u00e7in gereken kuvveti sa\u011flar. Y\u00fcksek mukavemetli ala\u015f\u0131ml\u0131 \u00e7elikten \u00fcretilen ve geli\u015fmi\u015f s\u0131zd\u0131rmazl\u0131k sistemlerine sahip olan kald\u0131rma silindirlerimiz, a\u015f\u0131r\u0131 dinamik y\u00fckler ve zorlu ko\u015fullar alt\u0131nda bile dayan\u0131kl\u0131l\u0131k ve s\u0131z\u0131nt\u0131s\u0131z \u00e7al\u0131\u015fma sa\u011flar.<\/p>\n<p>35 MPa'ya kadar bas\u0131n\u00e7 dayan\u0131m\u0131 ve iste\u011fe ba\u011fl\u0131 korozyona dayan\u0131kl\u0131 kaplamalar\u0131yla, zorlu arazilerde uzun s\u00fcreli g\u00fcvenilirlik i\u00e7in \u00fcretilmi\u015flerdir. \u0130ster \u00e7elik kiri\u015fleri kald\u0131r\u0131yor olun ister a\u011f\u0131r ekipmanlar\u0131 konumland\u0131r\u0131yor olun, paletli vin\u00e7ler i\u00e7in kald\u0131rma silindirlerimiz, kald\u0131rma ihtiya\u00e7lar\u0131n\u0131z i\u00e7in g\u00fcvenlik, verimlilik ve e\u015fsiz performans garantisi sunar.<\/p>\n<h2><strong>Paletli Vin\u00e7 \u0130\u00e7in Kald\u0131rma Silindiri Parametreleri:<\/strong><\/h2>\n<h1 style=\"text-align: center;\"><img loading=\"lazy\" decoding=\"async\" class=\"alignnone size-full wp-image-17049\" src=\"https:\/\/www.hydraulic-cylinders.net\/wp-content\/uploads\/2025\/02\/hcyy11112018-lift-cylinder-1.webp\" alt=\"\" width=\"1515\" height=\"147\" srcset=\"https:\/\/www.hydraulic-cylinders.net\/wp-content\/uploads\/2025\/02\/hcyy11112018-lift-cylinder-1.webp 1515w, https:\/\/www.hydraulic-cylinders.net\/wp-content\/uploads\/2025\/02\/hcyy11112018-lift-cylinder-1-1280x124.webp 1280w, https:\/\/www.hydraulic-cylinders.net\/wp-content\/uploads\/2025\/02\/hcyy11112018-lift-cylinder-1-980x95.webp 980w, https:\/\/www.hydraulic-cylinders.net\/wp-content\/uploads\/2025\/02\/hcyy11112018-lift-cylinder-1-480x47.webp 480w\" sizes=\"(min-width: 0px) and (max-width: 480px) 480px, (min-width: 481px) and (max-width: 980px) 980px, (min-width: 981px) and (max-width: 1280px) 1280px, (min-width: 1281px) 1515px, 100vw\" \/> <img loading=\"lazy\" decoding=\"async\" class=\"alignnone size-full wp-image-17051\" src=\"https:\/\/www.hydraulic-cylinders.net\/wp-content\/uploads\/2025\/02\/hcyy11112018-lift-cylinder-3.webp\" alt=\"\" width=\"1477\" height=\"707\" srcset=\"https:\/\/www.hydraulic-cylinders.net\/wp-content\/uploads\/2025\/02\/hcyy11112018-lift-cylinder-3.webp 1477w, https:\/\/www.hydraulic-cylinders.net\/wp-content\/uploads\/2025\/02\/hcyy11112018-lift-cylinder-3-1280x613.webp 1280w, https:\/\/www.hydraulic-cylinders.net\/wp-content\/uploads\/2025\/02\/hcyy11112018-lift-cylinder-3-980x469.webp 980w, https:\/\/www.hydraulic-cylinders.net\/wp-content\/uploads\/2025\/02\/hcyy11112018-lift-cylinder-3-480x230.webp 480w\" sizes=\"(min-width: 0px) and (max-width: 480px) 480px, (min-width: 481px) and (max-width: 980px) 980px, (min-width: 981px) and (max-width: 1280px) 1280px, (min-width: 1281px) 1477px, 100vw\" \/> <img loading=\"lazy\" decoding=\"async\" class=\"alignnone size-full wp-image-17052\" src=\"https:\/\/www.hydraulic-cylinders.net\/wp-content\/uploads\/2025\/02\/hcyy11112018-lift-cylinder-4.webp\" alt=\"\" width=\"1475\" height=\"711\" srcset=\"https:\/\/www.hydraulic-cylinders.net\/wp-content\/uploads\/2025\/02\/hcyy11112018-lift-cylinder-4.webp 1475w, https:\/\/www.hydraulic-cylinders.net\/wp-content\/uploads\/2025\/02\/hcyy11112018-lift-cylinder-4-1280x617.webp 1280w, https:\/\/www.hydraulic-cylinders.net\/wp-content\/uploads\/2025\/02\/hcyy11112018-lift-cylinder-4-980x472.webp 980w, https:\/\/www.hydraulic-cylinders.net\/wp-content\/uploads\/2025\/02\/hcyy11112018-lift-cylinder-4-480x231.webp 480w\" sizes=\"(min-width: 0px) and (max-width: 480px) 480px, (min-width: 481px) and (max-width: 980px) 980px, (min-width: 981px) and (max-width: 1280px) 1280px, (min-width: 1281px) 1475px, 100vw\" \/> <img loading=\"lazy\" decoding=\"async\" class=\"alignnone size-full wp-image-17053\" src=\"https:\/\/www.hydraulic-cylinders.net\/wp-content\/uploads\/2025\/02\/hcyy11112018-lift-cylinder-5.webp\" alt=\"\" width=\"1451\" height=\"696\" srcset=\"https:\/\/www.hydraulic-cylinders.net\/wp-content\/uploads\/2025\/02\/hcyy11112018-lift-cylinder-5.webp 1451w, https:\/\/www.hydraulic-cylinders.net\/wp-content\/uploads\/2025\/02\/hcyy11112018-lift-cylinder-5-1280x614.webp 1280w, https:\/\/www.hydraulic-cylinders.net\/wp-content\/uploads\/2025\/02\/hcyy11112018-lift-cylinder-5-980x470.webp 980w, https:\/\/www.hydraulic-cylinders.net\/wp-content\/uploads\/2025\/02\/hcyy11112018-lift-cylinder-5-480x230.webp 480w\" sizes=\"(min-width: 0px) and (max-width: 480px) 480px, (min-width: 481px) and (max-width: 980px) 980px, (min-width: 981px) and (max-width: 1280px) 1280px, (min-width: 1281px) 1451px, 100vw\" \/><\/h1>\n<h2><strong>Paletli Vin\u00e7 Silindir Serisi:<\/strong><\/h2>\n<h2><img loading=\"lazy\" decoding=\"async\" class=\"alignnone size-full wp-image-17054 aligncenter\" src=\"https:\/\/www.hydraulic-cylinders.net\/wp-content\/uploads\/2025\/02\/cylinder-series-of-crawler-crane-1.webp\" alt=\"\" width=\"709\" height=\"791\" srcset=\"https:\/\/www.hydraulic-cylinders.net\/wp-content\/uploads\/2025\/02\/cylinder-series-of-crawler-crane-1.webp 709w, https:\/\/www.hydraulic-cylinders.net\/wp-content\/uploads\/2025\/02\/cylinder-series-of-crawler-crane-1-480x536.webp 480w\" sizes=\"(min-width: 0px) and (max-width: 480px) 480px, (min-width: 481px) 709px, 100vw\" \/><\/h2>\n<h2><strong>Paletli Vin\u00e7ler \u0130\u00e7in Kald\u0131rma Silindirinin Ba\u015fl\u0131ca \u00d6zellikleri:<\/strong><\/h2>\n<h4><strong>Y\u00fcksek Dayan\u0131kl\u0131l\u0131k<\/strong><\/h4>\n<p>Kald\u0131rma silindiri, mukavemeti ve dayan\u0131kl\u0131l\u0131\u011f\u0131 i\u00e7in \u00f6zel olarak se\u00e7ilmi\u015f birinci s\u0131n\u0131f malzemelerden \u00fcretilmi\u015ftir. Bu sa\u011flam tasar\u0131m, silindirin zorlu \u00e7al\u0131\u015fma ko\u015fullar\u0131na ve a\u011f\u0131r y\u00fcklere dayanmas\u0131n\u0131 sa\u011flayarak, zorlu in\u015faat ortamlar\u0131 i\u00e7in ideal bir se\u00e7im haline getirir. Kullan\u0131c\u0131lar, uzun \u00f6m\u00fcrl\u00fc performans\u0131na g\u00fcvenebilir, s\u0131k s\u0131k de\u011fi\u015ftirme ihtiyac\u0131n\u0131 azaltabilir ve en zorlu senaryolarda bile kesintisiz \u00e7al\u0131\u015fma sa\u011flayabilirler.<\/p>\n<h4><strong>Hassas M\u00fchendislik<\/strong><\/h4>\n<p>Detaylara titizlikle dikkat edilerek tasarlanan bu \u00fcr\u00fcn, hassas \u00fcretim toleranslar\u0131na sahiptir. Bu hassasiyet seviyesi, sorunsuz \u00e7al\u0131\u015fma ve kald\u0131rma do\u011frulu\u011funu art\u0131rarak operat\u00f6rlerin y\u00fckleri g\u00fcvenle ta\u015f\u0131mas\u0131na olanak tan\u0131r. Hassas malzemeleri veya a\u011f\u0131r makineleri kald\u0131r\u0131rken, bu silindir her hareketin kontroll\u00fc ve g\u00fcvenilir olmas\u0131n\u0131 sa\u011flayarak kaza riskini en aza indirir ve genel verimlili\u011fi art\u0131r\u0131r.<\/p>\n<h4><strong>Korozyon Direnci<\/strong><\/h4>\n<p>Nem ve zorlu hava ko\u015fullar\u0131na maruz kalman\u0131n etkileriyle m\u00fccadele etmek i\u00e7in, asans\u00f6r silindiri \u00f6zel bir y\u00fczey i\u015flemine tabi tutulur. Bu koruyucu tabaka, pas ve korozyona kar\u015f\u0131 koruma sa\u011flayarak silindirin kullan\u0131m \u00f6mr\u00fcn\u00fc \u00f6nemli \u00f6l\u00e7\u00fcde uzat\u0131r. Zaman i\u00e7inde optimum performans\u0131 koruyarak, bu \u00f6zellik yaln\u0131zca silindirin g\u00fcvenilirli\u011fini art\u0131rmakla kalmaz, ayn\u0131 zamanda daha d\u00fc\u015f\u00fck bak\u0131m maliyetlerine ve artan operasyonel verimlili\u011fe de katk\u0131da bulunur.<\/p>\n<h4><strong>Kompakt Tasar\u0131m<\/strong><\/h4>\n<p>Kompakt tasar\u0131m\u0131yla \u00f6ne \u00e7\u0131kan Kald\u0131rma Silindiri, kolay kurulumu ve \u00e7e\u015fitli paletli vin\u00e7 modellerine sorunsuz entegrasyonuyla dikkat \u00e7ekiyor. Yer tasarrufu sa\u011flayan boyutlar\u0131, operat\u00f6rlerin g\u00fc\u00e7ten \u00f6d\u00fcn vermeden makinelerinin verimlili\u011fini en \u00fcst d\u00fczeye \u00e7\u0131karmalar\u0131na olanak tan\u0131yor. Bu \u00e7ok y\u00f6nl\u00fcl\u00fck, s\u0131n\u0131rl\u0131 alana sahip projeler i\u00e7in m\u00fckemmel bir se\u00e7im olmas\u0131n\u0131 sa\u011flayarak a\u011f\u0131r kald\u0131rma kapasitesinin asla tehlikeye at\u0131lmamas\u0131n\u0131 garanti ediyor.<\/p>\n<h4><strong>Y\u00fcksek Bas\u0131n\u00e7 Kapasitesi<\/strong><\/h4>\n<p>Y\u00fcksek hidrolik bas\u0131n\u00e7lara dayanacak \u015fekilde tasarlanan Kald\u0131rma Silindiri, verimli kald\u0131rma i\u015flemleri sunmada \u00fcst\u00fcn performans g\u00f6sterir. Bu \u00f6zelli\u011fi sayesinde silindir, \u00f6nemli y\u00fckleri g\u00fcvenli ve etkili bir \u015fekilde kald\u0131rabilir ve operat\u00f6rlere g\u00f6n\u00fcl rahatl\u0131\u011f\u0131 sa\u011flar. G\u00fcvenli\u011fi \u00f6n planda tutarken performans\u0131 en \u00fcst d\u00fczeye \u00e7\u0131karan bu silindir, in\u015faattan end\u00fcstriyel kald\u0131rma i\u015flerine kadar geni\u015f bir uygulama yelpazesini destekleyerek her t\u00fcrl\u00fc a\u011f\u0131r i\u015f operasyonu i\u00e7in g\u00fcvenilir bir se\u00e7im haline gelir.<\/p>\n<h2><strong>Kald\u0131rma silindirini a\u011f\u0131r y\u00fck kald\u0131rmaya uygun k\u0131lan nedir?<\/strong><\/h2>\n<p>\u0130\u015fte Kald\u0131rma Silindirinin a\u011f\u0131r y\u00fck kald\u0131rma i\u00e7in neden uygun oldu\u011funa dair daha ayr\u0131nt\u0131l\u0131 bir a\u00e7\u0131klama:<\/p>\n<ol>\n<li><strong>Ola\u011fan\u00fcst\u00fc Dayan\u0131kl\u0131l\u0131k<\/strong>:<br \/>\nKald\u0131rma silindiri, mukavemeti ve dayan\u0131kl\u0131l\u0131\u011f\u0131 i\u00e7in \u00f6zel olarak se\u00e7ilmi\u015f y\u00fcksek kaliteli malzemelerden \u00fcretilmi\u015ftir. Bu sa\u011flaml\u0131k, silindirin in\u015faat ve end\u00fcstriyel ortamlarda tipik olan a\u011f\u0131r titre\u015fimler, \u015fok y\u00fckleri ve zorlu \u00e7evresel fakt\u00f6rler gibi a\u015f\u0131r\u0131 ko\u015fullara dayanmas\u0131n\u0131 sa\u011flar. Dayan\u0131kl\u0131l\u0131k, a\u015f\u0131nma ve y\u0131pranmay\u0131 en aza indirerek daha az ar\u0131za ve daha k\u0131sa \u00e7al\u0131\u015fma s\u00fcresine yol a\u00e7ar; bu da \u015fantiyelerde verimlili\u011fin korunmas\u0131 i\u00e7in kritik \u00f6neme sahiptir.<\/li>\n<li><strong>Y\u00fcksek Bas\u0131n\u00e7 Kapasitesi<\/strong>:<br \/>\nBu kald\u0131rma silindiri, \u00f6nemli a\u011f\u0131rl\u0131klar\u0131 g\u00fcvenli ve verimli bir \u015fekilde kald\u0131rmak i\u00e7in hayati \u00f6nem ta\u015f\u0131yan y\u00fcksek hidrolik bas\u0131n\u00e7lara dayanacak \u015fekilde tasarlanm\u0131\u015ft\u0131r. Tasar\u0131m\u0131, yap\u0131sal b\u00fct\u00fcnl\u00fc\u011f\u00fcnden \u00f6d\u00fcn vermeden yo\u011fun stres alt\u0131nda \u00e7al\u0131\u015fmas\u0131na olanak tan\u0131yan geli\u015fmi\u015f m\u00fchendislik prensiplerini i\u00e7ermektedir. Bu y\u00fcksek bas\u0131n\u00e7 kapasitesi, silindirin a\u011f\u0131r makineleri ve malzemeleri g\u00fcvenilir bir \u015fekilde kald\u0131rabilmesini sa\u011flayarak, in\u015faattan a\u011f\u0131r imalata kadar \u00e7e\u015fitli uygulamalar i\u00e7in uygun hale getirir.<\/li>\n<li><strong>Hassas M\u00fchendislik<\/strong>:<br \/>\nBu \u00f6zellikler, hassas hizalama ve \u00e7al\u0131\u015fma sa\u011flayan en son teknoloji \u00fcr\u00fcn\u00fc \u00fcretim toleranslar\u0131na sahiptir. Bu hassasiyet seviyesi, hassas kullan\u0131m veya kesin konumland\u0131rma gerektiren g\u00f6revler i\u00e7in hayati \u00f6nem ta\u015f\u0131r, \u00e7\u00fcnk\u00fc kaza riskini en aza indirir ve genel kald\u0131rma do\u011frulu\u011funu art\u0131r\u0131r. Operat\u00f6rler, silindirin tutarl\u0131 bir \u015fekilde \u00e7al\u0131\u015faca\u011f\u0131na g\u00fcvenebilir; bu da kald\u0131rma i\u015flemlerine olan g\u00fcveni art\u0131r\u0131r ve hem personel hem de ekipman i\u00e7in g\u00fcvenli\u011fi iyile\u015ftirir.<\/li>\n<li><strong>\u00dcst\u00fcn Korozyon Direnci<\/strong>:<br \/>\nNem, kimyasallar ve di\u011fer a\u015f\u0131nd\u0131r\u0131c\u0131 unsurlar\u0131n etkileriyle m\u00fccadele etmek i\u00e7in \u00f6zel bir y\u00fczey i\u015flemine tabi tutulur. Bu koruyucu tabaka, aksi takdirde mekanik ar\u0131zalara yol a\u00e7abilecek pas ve korozyon riskini \u00f6nemli \u00f6l\u00e7\u00fcde azalt\u0131r. Silindirin \u00e7evresel fakt\u00f6rlere kar\u015f\u0131 direncini art\u0131rarak, bu \u00f6zellik uzun vadeli g\u00fcvenilirlik ve performans sa\u011flar, sonu\u00e7 olarak bak\u0131m maliyetlerini d\u00fc\u015f\u00fcr\u00fcr ve ekipman\u0131n \u00f6mr\u00fcn\u00fc uzat\u0131r.<\/li>\n<li><strong>Kompakt Tasar\u0131m<\/strong>:<br \/>\nKompakt tasar\u0131ma sahip Kald\u0131rma Silindiri, \u00e7e\u015fitli paletli vin\u00e7 modellerine kolay kurulum ve entegrasyon sa\u011flar. Bu yerden tasarruf sa\u011flayan \u00f6zellik, \u00f6zellikle vincin operasyonel kapasitesinin en \u00fcst d\u00fczeye \u00e7\u0131kar\u0131lmas\u0131n\u0131n gerekli oldu\u011fu s\u0131n\u0131rl\u0131 alanl\u0131 ortamlarda faydal\u0131d\u0131r. Ak\u0131c\u0131 tasar\u0131m, kald\u0131rma g\u00fcc\u00fcnden \u00f6d\u00fcn vermez ve operat\u00f6rlerin geleneksel silindirlerle ili\u015fkili hantal yap\u0131 olmadan a\u011f\u0131r y\u00fckleri verimli bir \u015fekilde ta\u015f\u0131yabilmelerini sa\u011flar.<\/li>\n<\/ol>\n<p>Bu geli\u015ftirilmi\u015f \u00f6zellikler, kald\u0131rma silindirini a\u011f\u0131r y\u00fck kald\u0131rma uygulamalar\u0131 i\u00e7in en iyi se\u00e7enek haline getirerek, i\u015fte g\u00fcvenilirlik, verimlilik ve g\u00fcvenlik sa\u011flar.<\/p>\n<h2><strong>Forklift Silindir \u00dcretim Alan\u0131:<\/strong><\/h2>\n<h2><img loading=\"lazy\" decoding=\"async\" class=\"alignnone size-full wp-image-16972\" src=\"https:\/\/www.hydraulic-cylinders.net\/wp-content\/uploads\/2025\/01\/hydraulic-cylinder-factory-1-scaled.webp\" alt=\"\" width=\"2016\" height=\"2560\" srcset=\"https:\/\/www.hydraulic-cylinders.net\/wp-content\/uploads\/2025\/01\/hydraulic-cylinder-factory-1-scaled.webp 2016w, https:\/\/www.hydraulic-cylinders.net\/wp-content\/uploads\/2025\/01\/hydraulic-cylinder-factory-1-1280x1625.webp 1280w, https:\/\/www.hydraulic-cylinders.net\/wp-content\/uploads\/2025\/01\/hydraulic-cylinder-factory-1-980x1244.webp 980w, https:\/\/www.hydraulic-cylinders.net\/wp-content\/uploads\/2025\/01\/hydraulic-cylinder-factory-1-480x610.webp 480w\" sizes=\"(min-width: 0px) and (max-width: 480px) 480px, (min-width: 481px) and (max-width: 980px) 980px, (min-width: 981px) and (max-width: 1280px) 1280px, (min-width: 1281px) 2016px, 100vw\" \/><\/h2>\n<p>Montaja adanm\u0131\u015f, son teknoloji \u00fcr\u00fcn\u00fc ba\u011f\u0131ms\u0131z bir Ar-Ge platformuna sahip olmam\u0131z, \u00fcretim s\u00fcre\u00e7lerimizde en \u00fcst d\u00fczey inovasyon ve kaliteyi garanti alt\u0131na almaktad\u0131r. Forklift silindiri \u00fcretim at\u00f6lyemizde, toplamda y\u0131lda bir milyon adede kadar \u00fcnite \u00fcretecek \u015fekilde tasarlanm\u0131\u015f d\u00f6rt adet yar\u0131 otomatik kald\u0131rma silindiri montaj hatt\u0131 ve tam otomatik bir devirme silindiri montaj hatt\u0131 bulunmaktad\u0131r.<\/p>\n<p>Ayr\u0131ca, \u00f6zel silindir at\u00f6lyemiz, y\u0131ll\u0131k 200.000 adet \u00fcretim kapasitesine sahip, \u00e7e\u015fitli \u00f6zelliklere g\u00f6re uyarlanm\u0131\u015f yar\u0131 otomatik temizleme ve montaj sistemleriyle donat\u0131lm\u0131\u015ft\u0131r. Y\u00fcksek hassasiyetli silindir i\u015fleme i\u00e7in tan\u0131nm\u0131\u015f CNC ekipmanlar\u0131, i\u015fleme merkezleri ve \u00f6zel aletler kullan\u0131yoruz. Tesisimizde ayr\u0131ca geli\u015fmi\u015f robotik kaynak makineleri, otomatik temizleme sistemleri ve tam otomatik silindir montaj ve boyama hatlar\u0131 bulunmaktad\u0131r. 300'den fazla \u00f6nemli ekipman\u0131m\u0131zla, kaynak tahsisini optimize ediyor ve verimli kullan\u0131m sa\u011flayarak, s\u0131k\u0131 hassasiyet ve kalite standartlar\u0131n\u0131 kar\u015f\u0131l\u0131yoruz.<\/p>\n<p>Tala\u015fl\u0131 imalat at\u00f6lyemizde \u00f6zel e\u011fimli k\u0131lavuz rayl\u0131 torna tezgahlar\u0131, i\u015fleme merkezleri, y\u00fcksek h\u0131zl\u0131 honlama makineleri, kaynak robotlar\u0131 ve di\u011fer temel ekipmanlar bulunmaktad\u0131r. Bu kurulum, maksimum i\u00e7 \u00e7ap\u0131 400 mm ve uzunlu\u011fu 6 metreye kadar olan silindir borular\u0131n\u0131n i\u015flenmesini sa\u011flayarak \u00fcretim kapasitemizi daha da art\u0131rmam\u0131z\u0131 sa\u011flar.<\/p>\n<h2><img loading=\"lazy\" decoding=\"async\" class=\"alignnone size-full wp-image-16973\" src=\"https:\/\/www.hydraulic-cylinders.net\/wp-content\/uploads\/2025\/01\/hydraulic-cylinder-factory-2-scaled.webp\" alt=\"\" width=\"2011\" height=\"2560\" srcset=\"https:\/\/www.hydraulic-cylinders.net\/wp-content\/uploads\/2025\/01\/hydraulic-cylinder-factory-2-scaled.webp 2011w, https:\/\/www.hydraulic-cylinders.net\/wp-content\/uploads\/2025\/01\/hydraulic-cylinder-factory-2-1280x1629.webp 1280w, https:\/\/www.hydraulic-cylinders.net\/wp-content\/uploads\/2025\/01\/hydraulic-cylinder-factory-2-980x1248.webp 980w, https:\/\/www.hydraulic-cylinders.net\/wp-content\/uploads\/2025\/01\/hydraulic-cylinder-factory-2-480x611.webp 480w\" sizes=\"(min-width: 0px) and (max-width: 480px) 480px, (min-width: 481px) and (max-width: 980px) 980px, (min-width: 981px) and (max-width: 1280px) 1280px, (min-width: 1281px) 2011px, 100vw\" \/><\/h2>\n<p>K\u00fc\u00e7\u00fck ve orta boy silindirler i\u00e7in \u00f6zel olarak tasarlanm\u0131\u015f, otomatik y\u00fckleme, bo\u015faltma ve p\u00fcsk\u00fcrtme robotlar\u0131na sahip, tam otomatik su bazl\u0131 boya kaplama hatt\u0131m\u0131z bulunmaktad\u0131r. Bu son teknoloji sistem, vardiya ba\u015f\u0131na 4.000 adet \u00fcretim kapasitesine sahiptir. Ayr\u0131ca, b\u00fcy\u00fck \u00f6l\u00e7ekli silindirler i\u00e7in zincir tahrikli, vardiya ba\u015f\u0131na 60 kasa tasar\u0131m kapasitesine sahip yar\u0131 otomatik bir boyama hatt\u0131m\u0131z da bulunmaktad\u0131r.<\/p>\n<p>\u00dcr\u00fcn performans\u0131n\u0131 art\u0131rmak ve hidrolik silindir sekt\u00f6r\u00fcndeki liderli\u011fimizi peki\u015ftirmek i\u00e7in, hidrolik silindirler, valfler ve pompalara \u00f6zel kapsaml\u0131 bir performans laboratuvar\u0131 kurmak \u00fczere ZJIMEE ile ortakl\u0131k kurduk. Bu geli\u015fmi\u015f laboratuvar, elektro-hidrolik teknolojili bilgisayar destekli testler kullanarak, do\u011frulu\u011fu ve sistem \u00e7ok y\u00f6nl\u00fcl\u00fc\u011f\u00fcn\u00fc art\u0131ran \u00f6nceden ayarlanm\u0131\u015f test ko\u015fullar\u0131 sunar. Otomatik veri toplama s\u00fcreci, i\u00e7 s\u0131z\u0131nt\u0131 ve y\u00fck verimlili\u011fi gibi \u00e7\u0131kt\u0131 verilerini toplamak i\u00e7in sens\u00f6rler kullan\u0131r ve bu veriler daha sonra bir bilgisayar taraf\u0131ndan i\u015flenerek standart birimlere (ml\/dak%) d\u00f6n\u00fc\u015ft\u00fcr\u00fcl\u00fcr.<\/p>\n<p>Ayr\u0131ca, hidrolik sistemlerimizin g\u00fcvenli\u011fini sa\u011flamak i\u00e7in ya\u011f s\u0131cakl\u0131\u011f\u0131, s\u0131v\u0131 seviyesi ve filtre cihaz\u0131 durumu gibi temel performans parametreleri i\u00e7in durum izleme sistemi uyguluyoruz. Hidrolik silindir test stand\u0131m\u0131z, hassas \u00f6l\u00e7\u00fcmler arac\u0131l\u0131\u011f\u0131yla \"y\u00fck verimlili\u011fi\" ve \"i\u00e7 s\u0131z\u0131nt\u0131\" de\u011ferlerini de\u011ferlendirebilir. Ayr\u0131ca, hidrolik silindir \u00fcr\u00fcnleri i\u00e7in t\u00fcm test gerekliliklerine uyumu garanti eden ulusal standartlar\u0131 kar\u015f\u0131layan bir \u0131zgara cetveli \u00f6l\u00e7\u00fcm cihaz\u0131 ile donat\u0131lm\u0131\u015ft\u0131r.<\/p>\n<p>&nbsp;<\/p>","protected":false},"excerpt":{"rendered":"<p>Lift Cylinder For Crawler Crane Our Lift Cylinders for Crawler Cranes are designed to deliver powerful and reliable lifting performance for heavy-duty applications. Engineered specifically for crawler cranes, these hydraulic cylinders provide the force needed to elevate crane arms (booms) with precision, supporting loads up to 590 tons in demanding environments such as construction sites, [&hellip;]<\/p>","protected":false},"featured_media":17055,"comment_status":"open","ping_status":"closed","template":"","meta":{"_et_pb_use_builder":"","_et_pb_old_content":"","_et_gb_content_width":""},"product_brand":[],"product_cat":[1376,1514],"product_tag":[],"class_list":{"0":"post-17047","1":"product","2":"type-product","3":"status-publish","4":"has-post-thumbnail","6":"product_cat-hydraulic-cylinder","7":"product_cat-mobile-crane-hydraulic-cylinders","9":"first","10":"instock","11":"shipping-taxable","12":"product-type-simple"},"amp_enabled":true,"_links":{"self":[{"href":"https:\/\/www.hydraulic-cylinders.net\/tr\/wp-json\/wp\/v2\/product\/17047","targetHints":{"allow":["GET"]}}],"collection":[{"href":"https:\/\/www.hydraulic-cylinders.net\/tr\/wp-json\/wp\/v2\/product"}],"about":[{"href":"https:\/\/www.hydraulic-cylinders.net\/tr\/wp-json\/wp\/v2\/types\/product"}],"replies":[{"embeddable":true,"href":"https:\/\/www.hydraulic-cylinders.net\/tr\/wp-json\/wp\/v2\/comments?post=17047"}],"wp:featuredmedia":[{"embeddable":true,"href":"https:\/\/www.hydraulic-cylinders.net\/tr\/wp-json\/wp\/v2\/media\/17055"}],"wp:attachment":[{"href":"https:\/\/www.hydraulic-cylinders.net\/tr\/wp-json\/wp\/v2\/media?parent=17047"}],"wp:term":[{"taxonomy":"product_brand","embeddable":true,"href":"https:\/\/www.hydraulic-cylinders.net\/tr\/wp-json\/wp\/v2\/product_brand?post=17047"},{"taxonomy":"product_cat","embeddable":true,"href":"https:\/\/www.hydraulic-cylinders.net\/tr\/wp-json\/wp\/v2\/product_cat?post=17047"},{"taxonomy":"product_tag","embeddable":true,"href":"https:\/\/www.hydraulic-cylinders.net\/tr\/wp-json\/wp\/v2\/product_tag?post=17047"}],"curies":[{"name":"wp","href":"https:\/\/api.w.org\/{rel}","templated":true}]}}