{"id":17058,"date":"2025-02-05T06:07:17","date_gmt":"2025-02-05T06:07:17","guid":{"rendered":"https:\/\/www.hydraulic-cylinders.net\/?post_type=product&#038;p=17058"},"modified":"2025-04-11T03:28:20","modified_gmt":"2025-04-11T03:28:20","slug":"arm-anti-tilt-hydraulic-cylinders-for-crawler-crane","status":"publish","type":"product","link":"https:\/\/www.hydraulic-cylinders.net\/tr\/urun\/arm-anti-tilt-hydraulic-cylinders-for-crawler-crane\/","title":{"rendered":"Paletli Vin\u00e7ler \u0130\u00e7in Hidrolik Silindirler"},"content":{"rendered":"<h1 style=\"text-align: center;\"><strong>Paletli Vin\u00e7ler \u0130\u00e7in Hidrolik Silindirler<\/strong><\/h1>\n<h1 style=\"text-align: center;\"><img loading=\"lazy\" decoding=\"async\" class=\"alignnone size-full wp-image-17060\" src=\"https:\/\/www.hydraulic-cylinders.net\/wp-content\/uploads\/2025\/02\/hcyy11112019-cylinder-for-preventing-rear-tlit-of-boom-2.webp\" alt=\"\" width=\"1499\" height=\"519\" srcset=\"https:\/\/www.hydraulic-cylinders.net\/wp-content\/uploads\/2025\/02\/hcyy11112019-cylinder-for-preventing-rear-tlit-of-boom-2.webp 1499w, https:\/\/www.hydraulic-cylinders.net\/wp-content\/uploads\/2025\/02\/hcyy11112019-cylinder-for-preventing-rear-tlit-of-boom-2-1280x443.webp 1280w, https:\/\/www.hydraulic-cylinders.net\/wp-content\/uploads\/2025\/02\/hcyy11112019-cylinder-for-preventing-rear-tlit-of-boom-2-980x339.webp 980w, https:\/\/www.hydraulic-cylinders.net\/wp-content\/uploads\/2025\/02\/hcyy11112019-cylinder-for-preventing-rear-tlit-of-boom-2-480x166.webp 480w\" sizes=\"(min-width: 0px) and (max-width: 480px) 480px, (min-width: 481px) and (max-width: 980px) 980px, (min-width: 981px) and (max-width: 1280px) 1280px, (min-width: 1281px) 1499px, 100vw\" \/><\/h1>\n<p>Paletli vin\u00e7ler i\u00e7in tasarlanm\u0131\u015f hidrolik kol devrilme \u00f6nleyici silindirlerimiz, a\u011f\u0131r y\u00fck kald\u0131rma i\u015flemlerinde g\u00fcvenli\u011fi ve dengeyi art\u0131rmak \u00fczere geli\u015ftirilmi\u015ftir. \u00d6zellikle paletli vin\u00e7ler i\u00e7in tasarlanan bu silindirler, vin\u00e7 kolunun (bomun) a\u015f\u0131r\u0131 y\u00fckler alt\u0131nda geriye do\u011fru devrilmesini \u00f6nleyerek, \u015fantiyeler, liman operasyonlar\u0131 ve end\u00fcstriyel projeler gibi zorlu ortamlarda operasyonel g\u00fcvenli\u011fi sa\u011flar. Y\u00fcksek mukavemetli malzemeler ve geli\u015fmi\u015f s\u0131zd\u0131rmazl\u0131k teknolojisiyle \u00fcretilen silindirlerimiz, dinamik y\u00fcklere ve zorlu ko\u015fullara dayan\u0131rken hassas kontrol\u00fc koruyarak ola\u011fan\u00fcst\u00fc dayan\u0131kl\u0131l\u0131k sunar.<\/p>\n<p>35 MPa'ya kadar bas\u0131n\u00e7 dayan\u0131m\u0131 ve korozyona dayan\u0131kl\u0131 kaplamalar\u0131yla, zorlu arazilerde uzun s\u00fcreli kullan\u0131m i\u00e7in idealdirler. \u0130ster a\u011f\u0131r \u00e7elik yap\u0131lar\u0131 kald\u0131r\u0131yor olun ister b\u00fcy\u00fck boyutlu y\u00fckleri ta\u015f\u0131yor olun, kol devrilme \u00f6nleyici hidrolik silindirlerimiz, paletli vin\u00e7 operasyonlar\u0131n\u0131z\u0131n g\u00fcvenli ve verimli bir \u015fekilde y\u00fcr\u00fct\u00fclmesi i\u00e7in ihtiya\u00e7 duydu\u011funuz g\u00fcvenilirli\u011fi ve performans\u0131 sa\u011flar.<\/p>\n<h2><strong>Paletli Vin\u00e7ler \u0130\u00e7in Kol Devrilme \u00d6nleyici Hidrolik Silindir Parametreleri:<\/strong><\/h2>\n<h1 style=\"text-align: center;\"><img loading=\"lazy\" decoding=\"async\" class=\"alignnone size-full wp-image-17059\" src=\"https:\/\/www.hydraulic-cylinders.net\/wp-content\/uploads\/2025\/02\/hcyy11112019-cylinder-for-preventing-rear-tlit-of-boom-1.webp\" alt=\"\" width=\"1512\" height=\"147\" srcset=\"https:\/\/www.hydraulic-cylinders.net\/wp-content\/uploads\/2025\/02\/hcyy11112019-cylinder-for-preventing-rear-tlit-of-boom-1.webp 1512w, https:\/\/www.hydraulic-cylinders.net\/wp-content\/uploads\/2025\/02\/hcyy11112019-cylinder-for-preventing-rear-tlit-of-boom-1-1280x124.webp 1280w, https:\/\/www.hydraulic-cylinders.net\/wp-content\/uploads\/2025\/02\/hcyy11112019-cylinder-for-preventing-rear-tlit-of-boom-1-980x95.webp 980w, https:\/\/www.hydraulic-cylinders.net\/wp-content\/uploads\/2025\/02\/hcyy11112019-cylinder-for-preventing-rear-tlit-of-boom-1-480x47.webp 480w\" sizes=\"(min-width: 0px) and (max-width: 480px) 480px, (min-width: 481px) and (max-width: 980px) 980px, (min-width: 981px) and (max-width: 1280px) 1280px, (min-width: 1281px) 1512px, 100vw\" \/><img loading=\"lazy\" decoding=\"async\" class=\"alignnone size-full wp-image-17061\" src=\"https:\/\/www.hydraulic-cylinders.net\/wp-content\/uploads\/2025\/02\/hcyy11112019-cylinder-for-preventing-rear-tlit-of-boom-3.webp\" alt=\"\" width=\"1477\" height=\"707\" srcset=\"https:\/\/www.hydraulic-cylinders.net\/wp-content\/uploads\/2025\/02\/hcyy11112019-cylinder-for-preventing-rear-tlit-of-boom-3.webp 1477w, https:\/\/www.hydraulic-cylinders.net\/wp-content\/uploads\/2025\/02\/hcyy11112019-cylinder-for-preventing-rear-tlit-of-boom-3-1280x613.webp 1280w, https:\/\/www.hydraulic-cylinders.net\/wp-content\/uploads\/2025\/02\/hcyy11112019-cylinder-for-preventing-rear-tlit-of-boom-3-980x469.webp 980w, https:\/\/www.hydraulic-cylinders.net\/wp-content\/uploads\/2025\/02\/hcyy11112019-cylinder-for-preventing-rear-tlit-of-boom-3-480x230.webp 480w\" sizes=\"(min-width: 0px) and (max-width: 480px) 480px, (min-width: 481px) and (max-width: 980px) 980px, (min-width: 981px) and (max-width: 1280px) 1280px, (min-width: 1281px) 1477px, 100vw\" \/> <img loading=\"lazy\" decoding=\"async\" class=\"alignnone size-full wp-image-17062\" src=\"https:\/\/www.hydraulic-cylinders.net\/wp-content\/uploads\/2025\/02\/hcyy11112019-cylinder-for-preventing-rear-tlit-of-boom-4.webp\" alt=\"\" width=\"1477\" height=\"711\" srcset=\"https:\/\/www.hydraulic-cylinders.net\/wp-content\/uploads\/2025\/02\/hcyy11112019-cylinder-for-preventing-rear-tlit-of-boom-4.webp 1477w, https:\/\/www.hydraulic-cylinders.net\/wp-content\/uploads\/2025\/02\/hcyy11112019-cylinder-for-preventing-rear-tlit-of-boom-4-1280x616.webp 1280w, https:\/\/www.hydraulic-cylinders.net\/wp-content\/uploads\/2025\/02\/hcyy11112019-cylinder-for-preventing-rear-tlit-of-boom-4-980x472.webp 980w, https:\/\/www.hydraulic-cylinders.net\/wp-content\/uploads\/2025\/02\/hcyy11112019-cylinder-for-preventing-rear-tlit-of-boom-4-480x231.webp 480w\" sizes=\"(min-width: 0px) and (max-width: 480px) 480px, (min-width: 481px) and (max-width: 980px) 980px, (min-width: 981px) and (max-width: 1280px) 1280px, (min-width: 1281px) 1477px, 100vw\" \/> <img loading=\"lazy\" decoding=\"async\" class=\"alignnone size-full wp-image-17063\" src=\"https:\/\/www.hydraulic-cylinders.net\/wp-content\/uploads\/2025\/02\/hcyy11112019-cylinder-for-preventing-rear-tlit-of-boom-5.webp\" alt=\"\" width=\"1401\" height=\"671\" srcset=\"https:\/\/www.hydraulic-cylinders.net\/wp-content\/uploads\/2025\/02\/hcyy11112019-cylinder-for-preventing-rear-tlit-of-boom-5.webp 1401w, https:\/\/www.hydraulic-cylinders.net\/wp-content\/uploads\/2025\/02\/hcyy11112019-cylinder-for-preventing-rear-tlit-of-boom-5-1280x613.webp 1280w, https:\/\/www.hydraulic-cylinders.net\/wp-content\/uploads\/2025\/02\/hcyy11112019-cylinder-for-preventing-rear-tlit-of-boom-5-980x469.webp 980w, https:\/\/www.hydraulic-cylinders.net\/wp-content\/uploads\/2025\/02\/hcyy11112019-cylinder-for-preventing-rear-tlit-of-boom-5-480x230.webp 480w\" sizes=\"(min-width: 0px) and (max-width: 480px) 480px, (min-width: 481px) and (max-width: 980px) 980px, (min-width: 981px) and (max-width: 1280px) 1280px, (min-width: 1281px) 1401px, 100vw\" \/><\/h1>\n<h2><strong>Paletli Vin\u00e7 Silindir Serisi:<\/strong><\/h2>\n<h2><img loading=\"lazy\" decoding=\"async\" class=\"alignnone size-full wp-image-17054 aligncenter\" src=\"https:\/\/www.hydraulic-cylinders.net\/wp-content\/uploads\/2025\/02\/cylinder-series-of-crawler-crane-1.webp\" alt=\"\" width=\"709\" height=\"791\" srcset=\"https:\/\/www.hydraulic-cylinders.net\/wp-content\/uploads\/2025\/02\/cylinder-series-of-crawler-crane-1.webp 709w, https:\/\/www.hydraulic-cylinders.net\/wp-content\/uploads\/2025\/02\/cylinder-series-of-crawler-crane-1-480x536.webp 480w\" sizes=\"(min-width: 0px) and (max-width: 480px) 480px, (min-width: 481px) 709px, 100vw\" \/><\/h2>\n<h2><strong>Paletli Vin\u00e7ler \u0130\u00e7in Kol Devrilme \u00d6nleyici Hidrolik Silindirlerin Ba\u015fl\u0131ca \u00d6zellikleri:<\/strong><\/h2>\n<h4><strong>Sa\u011flam Yap\u0131<\/strong><\/h4>\n<p>Kol devrilme \u00f6nleyici hidrolik silindirler, en zorlu \u00e7al\u0131\u015fma ko\u015fullar\u0131na dayanacak \u015fekilde \u00f6zenle se\u00e7ilmi\u015f y\u00fcksek mukavemetli malzemelerden yap\u0131lm\u0131\u015f sa\u011flam bir yap\u0131ya sahiptir. Bu yap\u0131, ola\u011fan\u00fcst\u00fc dayan\u0131kl\u0131l\u0131k sa\u011flaman\u0131n yan\u0131 s\u0131ra g\u00fcvenilirli\u011fi de art\u0131rarak operat\u00f6rlerin ekipman ar\u0131zalar\u0131 konusunda endi\u015felenmeden i\u015flerine odaklanmalar\u0131n\u0131 sa\u011flar. Silindirin dayan\u0131kl\u0131l\u0131\u011f\u0131, a\u015f\u0131r\u0131 s\u0131cakl\u0131klardan a\u011f\u0131r titre\u015fimlere kadar her \u015feyin \u00fcstesinden gelebilece\u011fi anlam\u0131na gelir ve bu da onu her t\u00fcrl\u00fc vin\u00e7 operasyonu i\u00e7in g\u00fcvenilir bir se\u00e7im haline getirir.<\/p>\n<h4><strong>Y\u00fcksek Y\u00fck Kapasitesi<\/strong><\/h4>\n<p>\u00d6nemli a\u011f\u0131rl\u0131klar\u0131 kald\u0131racak \u015fekilde tasarlanan hidrolik silindirler, operat\u00f6rlerin a\u011f\u0131r malzemeleri g\u00fcvenle kald\u0131rmas\u0131na ve manevra yapmas\u0131na olanak tan\u0131r. Etkileyici y\u00fck kapasitesi, paletli vin\u00e7lerin yeteneklerini geni\u015fletmede ve g\u00fc\u00e7 ve stabilite gerektiren karma\u015f\u0131k g\u00f6revleri yerine getirmelerinde \u00f6nemli bir rol oynar. \u0130ster \u00e7elik kiri\u015fleri kald\u0131rmak ister a\u011f\u0131r makineleri ta\u015f\u0131mak olsun, bu silindir i\u015fi g\u00fcvenli ve verimli bir \u015fekilde tamamlamak i\u00e7in gereken g\u00fcc\u00fc sa\u011flar.<\/p>\n<h4><strong>Hassas M\u00fchendislik<\/strong><\/h4>\n<p>S\u0131k\u0131 toleranslara sahip bir tasar\u0131mla, kolun devrilme \u00f6nleyici hidrolik silindirleri, bomun sorunsuz \u00e7al\u0131\u015fmas\u0131n\u0131 ve hassas konumland\u0131r\u0131lmas\u0131n\u0131 sa\u011flar. Bu hassasiyet seviyesi, kaza riskini en aza indirir ve genel operasyonel g\u00fcvenli\u011fi art\u0131r\u0131r. Operat\u00f6rler, titiz kontrol gerektiren g\u00f6revler i\u00e7in hayati \u00f6nem ta\u015f\u0131yan silindirin do\u011frulu\u011funa g\u00fcvenebilirler. Bu detaylara verilen \u00f6nem, performans\u0131 art\u0131rmakla kalmaz, ayn\u0131 zamanda operat\u00f6rlere zorlu kald\u0131rma senaryolar\u0131nda yol al\u0131rken g\u00fcven a\u015f\u0131lar.<\/p>\n<h4><strong>Korozyon Direnci<\/strong><\/h4>\n<p>Kol devrilme \u00f6nleyici hidrolik silindirler, pas ve korozyona kar\u015f\u0131 \u00fcst\u00fcn koruma sa\u011flayan \u00f6zel bir y\u00fczey i\u015flemine sahiptir. Bu \u00f6zellik, \u00f6zellikle nem ve sert kimyasallara maruz kalman\u0131n yayg\u0131n oldu\u011fu zorlu ortamlarda faydal\u0131d\u0131r. Silindirin \u00f6mr\u00fcn\u00fc uzatarak, bu korozyon direnci zaman i\u00e7inde tutarl\u0131 performans sa\u011flar, bak\u0131m maliyetlerini azalt\u0131r ve yat\u0131r\u0131m\u0131n\u0131z\u0131n genel de\u011ferini art\u0131r\u0131r.<\/p>\n<h4><strong>Kompakt Tasar\u0131m<\/strong><\/h4>\n<p>Silindirin yerden tasarruf sa\u011flayan tasar\u0131m\u0131, kolay kurulum ve \u00e7e\u015fitli paletli vin\u00e7 modellerine sorunsuz entegrasyon sa\u011flar. Bu kompaktl\u0131k, operasyonel verimlili\u011fi en \u00fcst d\u00fczeye \u00e7\u0131kararak vin\u00e7lerin performanstan \u00f6d\u00fcn vermeden daha dar alanlarda \u00e7al\u0131\u015fmas\u0131na olanak tan\u0131r. Operat\u00f6rler, de\u011ferli zamandan tasarruf sa\u011flayan ve ar\u0131za s\u00fcresini en aza indiren basit kurulum s\u00fcrecini takdir eder. Tasar\u0131m, kol devrilme \u00f6nleyici hidrolik silindirlerin mevcut ekipman\u0131n\u0131za zahmetsizce oturmas\u0131n\u0131 sa\u011flayarak \u00e7ok y\u00f6nl\u00fcl\u00fc\u011f\u00fc ve i\u015flevselli\u011fi art\u0131r\u0131r.<\/p>\n<p>\u00d6zetle, HCYY11112019 Silindiri sa\u011flam yap\u0131s\u0131, y\u00fcksek y\u00fck kapasitesi, hassas m\u00fchendisli\u011fi, korozyon direnci ve kompakt tasar\u0131m\u0131yla \u00f6ne \u00e7\u0131kmaktad\u0131r. Bu \u00f6zelliklerin her biri, g\u00fcvenilir, verimli ve g\u00fcvenli bir kald\u0131rma deneyimine katk\u0131da bulunarak bu silindiri paletli vin\u00e7 operasyonlar\u0131 i\u00e7in paha bi\u00e7ilmez bir varl\u0131k haline getirmektedir.<\/p>\n<h2><strong>Arka E\u011filmeyi \u00d6nleyen Silindir, Paletli Vin\u00e7 Operasyonlar\u0131n\u0131n G\u00fcvenli\u011fini Nas\u0131l Art\u0131r\u0131r?<\/strong><\/h2>\n<p>Arka devrilmeyi \u00f6nleyen silindir, paletli vin\u00e7 operasyonlar\u0131n\u0131n g\u00fcvenli\u011fini \u00e7e\u015fitli \u00f6nemli \u015fekillerde \u00f6nemli \u00f6l\u00e7\u00fcde art\u0131ran hayati bir bile\u015fendir:<\/p>\n<ol>\n<li><strong>Kald\u0131rma S\u0131ras\u0131nda Denge<\/strong>\u00d6zellikle a\u011f\u0131r y\u00fckleri ta\u015f\u0131rken vin\u00e7inizin dengeli oldu\u011funu bilmenin verdi\u011fi huzuru hayal edin. Silindir, bomun geriye do\u011fru e\u011filmesini \u00f6nleyerek vincin dengeli bir konumda kalmas\u0131n\u0131 sa\u011flar. Bu denge \u00e7ok \u00f6nemlidir, \u00e7\u00fcnk\u00fc zorlu kald\u0131rma g\u00f6revleri s\u0131ras\u0131nda devrilme veya kontrol kayb\u0131 riskini \u00f6nemli \u00f6l\u00e7\u00fcde azalt\u0131r. Operat\u00f6rler, olas\u0131 kazalar konusunda s\u00fcrekli endi\u015felenmeden i\u015flerine odaklanabilirler.<\/li>\n<li><strong>Do\u011fru Y\u00fck Kontrol\u00fc<\/strong>Vin\u00e7 operasyonlar\u0131nda hassasiyet \u00e7ok \u00f6nemlidir ve bu silindir bu konuda m\u00fckemmel bir performans sergiler. Bomun hassas konumland\u0131r\u0131lmas\u0131n\u0131 sa\u011flayarak, operat\u00f6rler y\u00fckleri ola\u011fan\u00fcst\u00fc bir do\u011frulukla manevra edebilirler. Bu \u00f6zellik, \u00f6zellikle dar alanlarda hareket ederken veya y\u00fckleri hassas bir \u015fekilde konumland\u0131r\u0131rken \u00f6nemlidir. Geli\u015fmi\u015f kontrol sayesinde, yanl\u0131\u015f y\u00fck yerle\u015ftirme nedeniyle meydana gelebilecek kaza olas\u0131l\u0131\u011f\u0131 en aza indirilir ve daha sorunsuz bir i\u015f ak\u0131\u015f\u0131 sa\u011flan\u0131r.<\/li>\n<li><strong>Mekanik Ar\u0131za Riskinde Azalma<\/strong>Silindirin sa\u011flam yap\u0131s\u0131, a\u011f\u0131r kald\u0131rma i\u015flemlerinin zorluklar\u0131na dayanacak \u015fekilde tasarlanm\u0131\u015ft\u0131r. Bu dayan\u0131kl\u0131l\u0131k, mekanik ar\u0131zalar\u0131 \u00f6nlemede hayati \u00f6nem ta\u015f\u0131yan stres ve zorlanmay\u0131 etkili bir \u015fekilde y\u00f6netmesini sa\u011flar. Ar\u0131za olas\u0131l\u0131\u011f\u0131n\u0131 azaltarak, silindir yaln\u0131zca g\u00fcvenli\u011fi art\u0131rmakla kalmaz, ayn\u0131 zamanda operasyonel verimlili\u011fe de katk\u0131da bulunur ve projelerin beklenmedik kesintiler olmadan zaman\u0131nda tamamlanmas\u0131na olanak tan\u0131r.<\/li>\n<li><strong>Operat\u00f6r G\u00fcveninde Art\u0131\u015f<\/strong>G\u00fcvenlikte g\u00fcven \u00e7ok \u00f6nemli bir fakt\u00f6rd\u00fcr. Operat\u00f6rler silindirin aktif olarak arka devrilmeyi \u00f6nledi\u011fini bildiklerinde, dikkatleri da\u011f\u0131lmadan tamamen g\u00f6revlerine odaklanabilirler. Bu g\u00fcvence, operat\u00f6rlerin daha dikkatli ve \u00e7evrelerinin fark\u0131nda olmalar\u0131 sayesinde \u015fantiyede bir g\u00fcvenlik k\u00fclt\u00fcr\u00fc olu\u015fturur ve kaza olas\u0131l\u0131\u011f\u0131n\u0131 daha da azalt\u0131r.<\/li>\n<li><strong>G\u00fcvenlik Standartlar\u0131na Uygunluk<\/strong>G\u00fcvenlik d\u00fczenlemelerinin son derece \u00f6nemli oldu\u011fu bir sekt\u00f6rde, arka devrilme \u00f6nleme silindiri kullanmak, vin\u00e7lerin kat\u0131 g\u00fcvenlik standartlar\u0131na uymas\u0131n\u0131 sa\u011flamaya yard\u0131mc\u0131 olur. Bu uyumluluk sadece operat\u00f6rleri ve m\u00fcrettebat\u0131 korumakla kalmaz, ayn\u0131 zamanda \u015firketin itibar\u0131n\u0131 da art\u0131rarak g\u00fcvenlik ve profesyonelli\u011fe olan ba\u011fl\u0131l\u0131\u011f\u0131n\u0131 g\u00f6sterir.<\/li>\n<\/ol>\n<p>\u00d6zetle, arka devrilmeyi \u00f6nleyen silindir sadece bir bile\u015fen de\u011fil; vin\u00e7 g\u00fcvenli\u011fi i\u00e7in oyun de\u011fi\u015ftirici bir unsurdur. Stabilite sa\u011flayarak, hassasiyeti art\u0131rarak, mekanik riskleri azaltarak, operat\u00f6r g\u00fcvenini art\u0131rarak ve g\u00fcvenlik standartlar\u0131na uyumu sa\u011flayarak, bu silindir g\u00fcvenli ve verimli bir \u00e7al\u0131\u015fma ortam\u0131 olu\u015fturmada \u00f6nemli bir rol oynar. Bu t\u00fcr g\u00fcvenlik \u00f6nlemlerine yat\u0131r\u0131m yapmak sadece can g\u00fcvenli\u011fini korumakla kalmaz, ayn\u0131 zamanda verimlili\u011fi de art\u0131r\u0131r; bu da onu paletli vin\u00e7 operasyonlar\u0131 i\u00e7in ak\u0131ll\u0131 bir se\u00e7im haline getirir.<\/p>\n<h2><strong>Forklift Silindir \u00dcretim Alan\u0131:<\/strong><\/h2>\n<h2><img loading=\"lazy\" decoding=\"async\" class=\"alignnone size-full wp-image-16972\" src=\"https:\/\/www.hydraulic-cylinders.net\/wp-content\/uploads\/2025\/01\/hydraulic-cylinder-factory-1-scaled.webp\" alt=\"\" width=\"2016\" height=\"2560\" srcset=\"https:\/\/www.hydraulic-cylinders.net\/wp-content\/uploads\/2025\/01\/hydraulic-cylinder-factory-1-scaled.webp 2016w, https:\/\/www.hydraulic-cylinders.net\/wp-content\/uploads\/2025\/01\/hydraulic-cylinder-factory-1-1280x1625.webp 1280w, https:\/\/www.hydraulic-cylinders.net\/wp-content\/uploads\/2025\/01\/hydraulic-cylinder-factory-1-980x1244.webp 980w, https:\/\/www.hydraulic-cylinders.net\/wp-content\/uploads\/2025\/01\/hydraulic-cylinder-factory-1-480x610.webp 480w\" sizes=\"(min-width: 0px) and (max-width: 480px) 480px, (min-width: 481px) and (max-width: 980px) 980px, (min-width: 981px) and (max-width: 1280px) 1280px, (min-width: 1281px) 2016px, 100vw\" \/><\/h2>\n<p>Montaja adanm\u0131\u015f, son teknoloji \u00fcr\u00fcn\u00fc ba\u011f\u0131ms\u0131z bir Ar-Ge platformuna sahip olmam\u0131z, \u00fcretim s\u00fcre\u00e7lerimizde en \u00fcst d\u00fczey inovasyon ve kaliteyi garanti alt\u0131na almaktad\u0131r. Forklift silindiri \u00fcretim at\u00f6lyemizde, toplamda y\u0131lda bir milyon adede kadar \u00fcnite \u00fcretecek \u015fekilde tasarlanm\u0131\u015f d\u00f6rt adet yar\u0131 otomatik kald\u0131rma silindiri montaj hatt\u0131 ve tam otomatik bir devirme silindiri montaj hatt\u0131 bulunmaktad\u0131r.<\/p>\n<p>Ayr\u0131ca, \u00f6zel silindir at\u00f6lyemiz, y\u0131ll\u0131k 200.000 adet \u00fcretim kapasitesine sahip, \u00e7e\u015fitli \u00f6zelliklere g\u00f6re uyarlanm\u0131\u015f yar\u0131 otomatik temizleme ve montaj sistemleriyle donat\u0131lm\u0131\u015ft\u0131r. Y\u00fcksek hassasiyetli silindir i\u015fleme i\u00e7in tan\u0131nm\u0131\u015f CNC ekipmanlar\u0131, i\u015fleme merkezleri ve \u00f6zel aletler kullan\u0131yoruz. Tesisimizde ayr\u0131ca geli\u015fmi\u015f robotik kaynak makineleri, otomatik temizleme sistemleri ve tam otomatik silindir montaj ve boyama hatlar\u0131 bulunmaktad\u0131r. 300'den fazla \u00f6nemli ekipman\u0131m\u0131zla, kaynak tahsisini optimize ediyor ve verimli kullan\u0131m sa\u011flayarak, s\u0131k\u0131 hassasiyet ve kalite standartlar\u0131n\u0131 kar\u015f\u0131l\u0131yoruz.<\/p>\n<p>Tala\u015fl\u0131 imalat at\u00f6lyemizde \u00f6zel e\u011fimli k\u0131lavuz rayl\u0131 torna tezgahlar\u0131, i\u015fleme merkezleri, y\u00fcksek h\u0131zl\u0131 honlama makineleri, kaynak robotlar\u0131 ve di\u011fer temel ekipmanlar bulunmaktad\u0131r. Bu kurulum, maksimum i\u00e7 \u00e7ap\u0131 400 mm ve uzunlu\u011fu 6 metreye kadar olan silindir borular\u0131n\u0131n i\u015flenmesini sa\u011flayarak \u00fcretim kapasitemizi daha da art\u0131rmam\u0131z\u0131 sa\u011flar.<\/p>\n<h2><img loading=\"lazy\" decoding=\"async\" class=\"alignnone size-full wp-image-16973\" src=\"https:\/\/www.hydraulic-cylinders.net\/wp-content\/uploads\/2025\/01\/hydraulic-cylinder-factory-2-scaled.webp\" alt=\"\" width=\"2011\" height=\"2560\" srcset=\"https:\/\/www.hydraulic-cylinders.net\/wp-content\/uploads\/2025\/01\/hydraulic-cylinder-factory-2-scaled.webp 2011w, https:\/\/www.hydraulic-cylinders.net\/wp-content\/uploads\/2025\/01\/hydraulic-cylinder-factory-2-1280x1629.webp 1280w, https:\/\/www.hydraulic-cylinders.net\/wp-content\/uploads\/2025\/01\/hydraulic-cylinder-factory-2-980x1248.webp 980w, https:\/\/www.hydraulic-cylinders.net\/wp-content\/uploads\/2025\/01\/hydraulic-cylinder-factory-2-480x611.webp 480w\" sizes=\"(min-width: 0px) and (max-width: 480px) 480px, (min-width: 481px) and (max-width: 980px) 980px, (min-width: 981px) and (max-width: 1280px) 1280px, (min-width: 1281px) 2011px, 100vw\" \/><\/h2>\n<p>K\u00fc\u00e7\u00fck ve orta boy silindirler i\u00e7in \u00f6zel olarak tasarlanm\u0131\u015f, otomatik y\u00fckleme, bo\u015faltma ve p\u00fcsk\u00fcrtme robotlar\u0131na sahip, tam otomatik su bazl\u0131 boya kaplama hatt\u0131m\u0131z bulunmaktad\u0131r. Bu son teknoloji sistem, vardiya ba\u015f\u0131na 4.000 adet \u00fcretim kapasitesine sahiptir. Ayr\u0131ca, b\u00fcy\u00fck \u00f6l\u00e7ekli silindirler i\u00e7in zincir tahrikli, vardiya ba\u015f\u0131na 60 kasa tasar\u0131m kapasitesine sahip yar\u0131 otomatik bir boyama hatt\u0131m\u0131z da bulunmaktad\u0131r.<\/p>\n<p>\u00dcr\u00fcn performans\u0131n\u0131 art\u0131rmak ve hidrolik silindir sekt\u00f6r\u00fcndeki liderli\u011fimizi peki\u015ftirmek i\u00e7in, hidrolik silindirler, valfler ve pompalara \u00f6zel kapsaml\u0131 bir performans laboratuvar\u0131 kurmak \u00fczere ZJIMEE ile ortakl\u0131k kurduk. Bu geli\u015fmi\u015f laboratuvar, elektro-hidrolik teknolojili bilgisayar destekli testler kullanarak, do\u011frulu\u011fu ve sistem \u00e7ok y\u00f6nl\u00fcl\u00fc\u011f\u00fcn\u00fc art\u0131ran \u00f6nceden ayarlanm\u0131\u015f test ko\u015fullar\u0131 sunar. Otomatik veri toplama s\u00fcreci, i\u00e7 s\u0131z\u0131nt\u0131 ve y\u00fck verimlili\u011fi gibi \u00e7\u0131kt\u0131 verilerini toplamak i\u00e7in sens\u00f6rler kullan\u0131r ve bu veriler daha sonra bir bilgisayar taraf\u0131ndan i\u015flenerek standart birimlere (ml\/dak%) d\u00f6n\u00fc\u015ft\u00fcr\u00fcl\u00fcr.<\/p>\n<p>Ayr\u0131ca, hidrolik sistemlerimizin g\u00fcvenli\u011fini sa\u011flamak i\u00e7in ya\u011f s\u0131cakl\u0131\u011f\u0131, s\u0131v\u0131 seviyesi ve filtre cihaz\u0131 durumu gibi temel performans parametreleri i\u00e7in durum izleme sistemi uyguluyoruz. Hidrolik silindir test stand\u0131m\u0131z, hassas \u00f6l\u00e7\u00fcmler arac\u0131l\u0131\u011f\u0131yla \"y\u00fck verimlili\u011fi\" ve \"i\u00e7 s\u0131z\u0131nt\u0131\" de\u011ferlerini de\u011ferlendirebilir. Ayr\u0131ca, hidrolik silindir \u00fcr\u00fcnleri i\u00e7in t\u00fcm test gerekliliklerine uyumu garanti eden ulusal standartlar\u0131 kar\u015f\u0131layan bir \u0131zgara cetveli \u00f6l\u00e7\u00fcm cihaz\u0131 ile donat\u0131lm\u0131\u015ft\u0131r.<\/p>\n<p>&nbsp;<\/p>","protected":false},"excerpt":{"rendered":"<p>Arm Anti Tilt Hydraulic Cylinders For Crawler Crane Our arm anti tilt hydraulic cylinders for crawler cranes are engineered to enhance safety and stability during heavy-duty lifting operations. Designed specifically for crawler cranes, these cylinders prevent the crane arm (boom) from tilting backward under extreme loads, ensuring operational safety in demanding environments like construction sites, [&hellip;]<\/p>","protected":false},"featured_media":17064,"comment_status":"open","ping_status":"closed","template":"","meta":{"_et_pb_use_builder":"","_et_pb_old_content":"","_et_gb_content_width":""},"product_brand":[],"product_cat":[1550,1514,1376],"product_tag":[],"class_list":{"0":"post-17058","1":"product","2":"type-product","3":"status-publish","4":"has-post-thumbnail","6":"product_cat-double-acting-hydraulic-cylinder","7":"product_cat-mobile-crane-hydraulic-cylinders","8":"product_cat-hydraulic-cylinder","10":"first","11":"instock","12":"shipping-taxable","13":"product-type-simple"},"amp_enabled":true,"_links":{"self":[{"href":"https:\/\/www.hydraulic-cylinders.net\/tr\/wp-json\/wp\/v2\/product\/17058","targetHints":{"allow":["GET"]}}],"collection":[{"href":"https:\/\/www.hydraulic-cylinders.net\/tr\/wp-json\/wp\/v2\/product"}],"about":[{"href":"https:\/\/www.hydraulic-cylinders.net\/tr\/wp-json\/wp\/v2\/types\/product"}],"replies":[{"embeddable":true,"href":"https:\/\/www.hydraulic-cylinders.net\/tr\/wp-json\/wp\/v2\/comments?post=17058"}],"wp:featuredmedia":[{"embeddable":true,"href":"https:\/\/www.hydraulic-cylinders.net\/tr\/wp-json\/wp\/v2\/media\/17064"}],"wp:attachment":[{"href":"https:\/\/www.hydraulic-cylinders.net\/tr\/wp-json\/wp\/v2\/media?parent=17058"}],"wp:term":[{"taxonomy":"product_brand","embeddable":true,"href":"https:\/\/www.hydraulic-cylinders.net\/tr\/wp-json\/wp\/v2\/product_brand?post=17058"},{"taxonomy":"product_cat","embeddable":true,"href":"https:\/\/www.hydraulic-cylinders.net\/tr\/wp-json\/wp\/v2\/product_cat?post=17058"},{"taxonomy":"product_tag","embeddable":true,"href":"https:\/\/www.hydraulic-cylinders.net\/tr\/wp-json\/wp\/v2\/product_tag?post=17058"}],"curies":[{"name":"wp","href":"https:\/\/api.w.org\/{rel}","templated":true}]}}