{"id":17065,"date":"2025-02-05T07:37:55","date_gmt":"2025-02-05T07:37:55","guid":{"rendered":"https:\/\/www.hydraulic-cylinders.net\/?post_type=product&#038;p=17065"},"modified":"2025-04-11T01:53:48","modified_gmt":"2025-04-11T01:53:48","slug":"support-hydraulic-cylinders-for-crawler-crane","status":"publish","type":"product","link":"https:\/\/www.hydraulic-cylinders.net\/tr\/urun\/support-hydraulic-cylinders-for-crawler-crane\/","title":{"rendered":"Paletli Vin\u00e7ler \u0130\u00e7in Destek Hidrolik Silindirleri"},"content":{"rendered":"<h1 style=\"text-align: center;\"><strong>Paletli Vin\u00e7ler \u0130\u00e7in Destek Hidrolik Silindirleri<\/strong><\/h1>\n<h1 style=\"text-align: center;\"><img loading=\"lazy\" decoding=\"async\" class=\"alignnone size-full wp-image-17068\" src=\"https:\/\/www.hydraulic-cylinders.net\/wp-content\/uploads\/2025\/02\/hcyy11112020-cylinder-for-frame-support-2.webp\" alt=\"\" width=\"1497\" height=\"520\" srcset=\"https:\/\/www.hydraulic-cylinders.net\/wp-content\/uploads\/2025\/02\/hcyy11112020-cylinder-for-frame-support-2.webp 1497w, https:\/\/www.hydraulic-cylinders.net\/wp-content\/uploads\/2025\/02\/hcyy11112020-cylinder-for-frame-support-2-1280x445.webp 1280w, https:\/\/www.hydraulic-cylinders.net\/wp-content\/uploads\/2025\/02\/hcyy11112020-cylinder-for-frame-support-2-980x340.webp 980w, https:\/\/www.hydraulic-cylinders.net\/wp-content\/uploads\/2025\/02\/hcyy11112020-cylinder-for-frame-support-2-480x167.webp 480w\" sizes=\"(min-width: 0px) and (max-width: 480px) 480px, (min-width: 481px) and (max-width: 980px) 980px, (min-width: 981px) and (max-width: 1280px) 1280px, (min-width: 1281px) 1497px, 100vw\" \/><\/h1>\n<div>Bizim <strong>paletli vin\u00e7ler i\u00e7in destek hidrolik silindirleri<\/strong> Zorlu ortamlarda a\u011f\u0131r y\u00fck kald\u0131rma ve sabitleme i\u00e7in tasarlanm\u0131\u015ft\u0131r. Makas kolu yap\u0131s\u0131n\u0131 desteklemek \u00fczere tasarlanan bu silindirler, y\u00fcksek y\u00fck operasyonlar\u0131 s\u0131ras\u0131nda optimum denge ve g\u00fcvenlik sa\u011flayarak in\u015faat, liman operasyonlar\u0131 ve end\u00fcstriyel projelerde kullan\u0131lan paletli vin\u00e7ler i\u00e7in idealdir. Dayan\u0131kl\u0131l\u0131k ve hassasiyet odakl\u0131 hidrolik silindirlerimiz, dinamik y\u00fcklere ve zorlu ko\u015fullara dayanacak \u015fekilde \u00fcretilmi\u015ftir ve paletli vinciniz i\u00e7in g\u00fcvenilir performans sunar.<\/div>\n<h2><strong>Paletli Vin\u00e7ler \u0130\u00e7in Destek Hidrolik Silindirleri Parametresi:<\/strong><\/h2>\n<h1 style=\"text-align: center;\"><img loading=\"lazy\" decoding=\"async\" class=\"alignnone size-full wp-image-17067\" src=\"https:\/\/www.hydraulic-cylinders.net\/wp-content\/uploads\/2025\/02\/hcyy11112020-cylinder-for-frame-support-1.webp\" alt=\"\" width=\"1512\" height=\"150\" srcset=\"https:\/\/www.hydraulic-cylinders.net\/wp-content\/uploads\/2025\/02\/hcyy11112020-cylinder-for-frame-support-1.webp 1512w, https:\/\/www.hydraulic-cylinders.net\/wp-content\/uploads\/2025\/02\/hcyy11112020-cylinder-for-frame-support-1-1280x127.webp 1280w, https:\/\/www.hydraulic-cylinders.net\/wp-content\/uploads\/2025\/02\/hcyy11112020-cylinder-for-frame-support-1-980x97.webp 980w, https:\/\/www.hydraulic-cylinders.net\/wp-content\/uploads\/2025\/02\/hcyy11112020-cylinder-for-frame-support-1-480x48.webp 480w\" sizes=\"(min-width: 0px) and (max-width: 480px) 480px, (min-width: 481px) and (max-width: 980px) 980px, (min-width: 981px) and (max-width: 1280px) 1280px, (min-width: 1281px) 1512px, 100vw\" \/><img loading=\"lazy\" decoding=\"async\" class=\"alignnone size-full wp-image-17069\" src=\"https:\/\/www.hydraulic-cylinders.net\/wp-content\/uploads\/2025\/02\/hcyy11112020-cylinder-for-frame-support-3.webp\" alt=\"\" width=\"1475\" height=\"710\" srcset=\"https:\/\/www.hydraulic-cylinders.net\/wp-content\/uploads\/2025\/02\/hcyy11112020-cylinder-for-frame-support-3.webp 1475w, https:\/\/www.hydraulic-cylinders.net\/wp-content\/uploads\/2025\/02\/hcyy11112020-cylinder-for-frame-support-3-1280x616.webp 1280w, https:\/\/www.hydraulic-cylinders.net\/wp-content\/uploads\/2025\/02\/hcyy11112020-cylinder-for-frame-support-3-980x472.webp 980w, https:\/\/www.hydraulic-cylinders.net\/wp-content\/uploads\/2025\/02\/hcyy11112020-cylinder-for-frame-support-3-480x231.webp 480w\" sizes=\"(min-width: 0px) and (max-width: 480px) 480px, (min-width: 481px) and (max-width: 980px) 980px, (min-width: 981px) and (max-width: 1280px) 1280px, (min-width: 1281px) 1475px, 100vw\" \/> <img loading=\"lazy\" decoding=\"async\" class=\"alignnone size-full wp-image-17070\" src=\"https:\/\/www.hydraulic-cylinders.net\/wp-content\/uploads\/2025\/02\/hcyy11112020-cylinder-for-frame-support-4.webp\" alt=\"\" width=\"1479\" height=\"717\" srcset=\"https:\/\/www.hydraulic-cylinders.net\/wp-content\/uploads\/2025\/02\/hcyy11112020-cylinder-for-frame-support-4.webp 1479w, https:\/\/www.hydraulic-cylinders.net\/wp-content\/uploads\/2025\/02\/hcyy11112020-cylinder-for-frame-support-4-1280x621.webp 1280w, https:\/\/www.hydraulic-cylinders.net\/wp-content\/uploads\/2025\/02\/hcyy11112020-cylinder-for-frame-support-4-980x475.webp 980w, https:\/\/www.hydraulic-cylinders.net\/wp-content\/uploads\/2025\/02\/hcyy11112020-cylinder-for-frame-support-4-480x233.webp 480w\" sizes=\"(min-width: 0px) and (max-width: 480px) 480px, (min-width: 481px) and (max-width: 980px) 980px, (min-width: 981px) and (max-width: 1280px) 1280px, (min-width: 1281px) 1479px, 100vw\" \/> <img loading=\"lazy\" decoding=\"async\" class=\"alignnone size-full wp-image-17071\" src=\"https:\/\/www.hydraulic-cylinders.net\/wp-content\/uploads\/2025\/02\/hcyy11112020-cylinder-for-frame-support-5.webp\" alt=\"\" width=\"1421\" height=\"704\" srcset=\"https:\/\/www.hydraulic-cylinders.net\/wp-content\/uploads\/2025\/02\/hcyy11112020-cylinder-for-frame-support-5.webp 1421w, https:\/\/www.hydraulic-cylinders.net\/wp-content\/uploads\/2025\/02\/hcyy11112020-cylinder-for-frame-support-5-1280x634.webp 1280w, https:\/\/www.hydraulic-cylinders.net\/wp-content\/uploads\/2025\/02\/hcyy11112020-cylinder-for-frame-support-5-980x486.webp 980w, https:\/\/www.hydraulic-cylinders.net\/wp-content\/uploads\/2025\/02\/hcyy11112020-cylinder-for-frame-support-5-480x238.webp 480w\" sizes=\"(min-width: 0px) and (max-width: 480px) 480px, (min-width: 481px) and (max-width: 980px) 980px, (min-width: 981px) and (max-width: 1280px) 1280px, (min-width: 1281px) 1421px, 100vw\" \/><\/h1>\n<h2><strong>Paletli Vin\u00e7 Silindir Serisi:<\/strong><\/h2>\n<h2><img loading=\"lazy\" decoding=\"async\" class=\"alignnone size-full wp-image-17054 aligncenter\" src=\"https:\/\/www.hydraulic-cylinders.net\/wp-content\/uploads\/2025\/02\/cylinder-series-of-crawler-crane-1.webp\" alt=\"\" width=\"709\" height=\"791\" srcset=\"https:\/\/www.hydraulic-cylinders.net\/wp-content\/uploads\/2025\/02\/cylinder-series-of-crawler-crane-1.webp 709w, https:\/\/www.hydraulic-cylinders.net\/wp-content\/uploads\/2025\/02\/cylinder-series-of-crawler-crane-1-480x536.webp 480w\" sizes=\"(min-width: 0px) and (max-width: 480px) 480px, (min-width: 481px) 709px, 100vw\" \/><\/h2>\n<h2><strong>Truss Arm Paletli Vin\u00e7ler \u0130\u00e7in Destek Hidrolik Silindirlerinin Temel \u00d6zellikleri:<\/strong><\/h2>\n<h4><strong>Y\u00fcksek Y\u00fck Kapasitesi<\/strong><\/h4>\n<p>The <strong>Destek Silindiri<\/strong> Etkileyici y\u00fck kapasitesiyle \u00f6ne \u00e7\u0131kan bu makine, b\u00fcy\u00fck a\u011f\u0131rl\u0131klar\u0131 zahmetsizce ta\u015f\u0131yabilir. Bu \u00f6zellik, onu b\u00fcy\u00fck in\u015faat projeleri ve altyap\u0131 geli\u015ftirme gibi a\u011f\u0131r hizmet uygulamalar\u0131 i\u00e7in ideal hale getirir. Operat\u00f6rler, en zorlu g\u00f6revlerinin gereksinimlerini kar\u015f\u0131layan g\u00fcvenilir bir bile\u015fene sahip olduklar\u0131n\u0131 bilerek, \u00f6nemli y\u00fckleri g\u00fcvenle kald\u0131rabilir ve manevra yapabilirler. Bu \u00f6zellik, yaln\u0131zca \u00fcretkenli\u011fi en \u00fcst d\u00fczeye \u00e7\u0131karmakla kalmaz, ayn\u0131 zamanda vin\u00e7 operasyonlar\u0131n\u0131n genel verimlili\u011fini de art\u0131r\u0131r.<\/p>\n<h4><strong>Dayan\u0131kl\u0131 Yap\u0131<\/strong><\/h4>\n<p>Y\u00fcksek mukavemetli malzemelerden \u00fcretilen Destek Silindiri, zorlu ortamlar\u0131n zorluklar\u0131na dayanacak \u015fekilde tasarlanm\u0131\u015ft\u0131r. Dayan\u0131kl\u0131 yap\u0131s\u0131 a\u015f\u0131nma ve y\u0131pranmaya kar\u015f\u0131 diren\u00e7 g\u00f6stererek uzun vadede g\u00fcvenilir performans sa\u011flar. Bu dayan\u0131kl\u0131l\u0131k, daha az par\u00e7a de\u011fi\u015fimi ve onar\u0131m anlam\u0131na gelir ve in\u015faat ekiplerinin bak\u0131m sorunlar\u0131 yerine i\u015flerine odaklanmalar\u0131n\u0131 sa\u011flar. Bu silindirin uzun \u00f6m\u00fcrl\u00fc olmas\u0131, ar\u0131za s\u00fcrelerinin azalmas\u0131na katk\u0131da bulunarak onu her t\u00fcrl\u00fc operasyon i\u00e7in ak\u0131ll\u0131ca bir yat\u0131r\u0131m haline getirir.<\/p>\n<h4><strong>Korozyon Direnci<\/strong><\/h4>\n<p>Korozyon, hidrolik bile\u015fenler i\u00e7in \u00f6nemli bir tehdit olu\u015fturabilir, ancak Destek Silindiri, onu pas ve korozyona kar\u015f\u0131 koruyan geli\u015fmi\u015f y\u00fczey i\u015flemlerine sahiptir. Bu ek koruma katman\u0131, silindirin zorlu hava ko\u015fullar\u0131nda veya agresif ortamlarda bile m\u00fckemmel durumda kalmas\u0131n\u0131 sa\u011flar. Bu korozyon direnci, \u00f6mr\u00fcn\u00fc uzatarak g\u00fcvenilirli\u011fi art\u0131rmakla kalmaz, ayn\u0131 zamanda maliyetli onar\u0131m veya de\u011fi\u015ftirme ihtiyac\u0131n\u0131 da en aza indirerek operasyonel verimlili\u011fi art\u0131r\u0131r.<\/p>\n<h4><strong>Kompakt Tasar\u0131m<\/strong><\/h4>\n<p>The compact design of the Support Cylinder enhances its versatility, allowing for easy integration into various crawler crane models. This space-efficient feature means that operators can maximize their crane&#8217;s capabilities without unnecessary bulk. The streamlined design facilitates quick installation and operation, enabling teams to adapt to different project requirements seamlessly. This adaptability fosters greater flexibility on the job site, making it easier to tackle a wide range of lifting tasks.<\/p>\n<h4><strong>Hassas M\u00fchendislik<\/strong><\/h4>\n<p>Kald\u0131rma operasyonlar\u0131nda hassasiyet \u00e7ok \u00f6nemlidir ve Destek Silindiri, sorunsuz \u00e7al\u0131\u015fma ve do\u011fru y\u00fck konumland\u0131rmas\u0131 sa\u011flamak i\u00e7in titizlikle tasarlanm\u0131\u015ft\u0131r. S\u0131k\u0131 \u00fcretim toleranslar\u0131 sayesinde bu silindir, her kald\u0131rma i\u015fleminin en y\u00fcksek hassasiyetle ger\u00e7ekle\u015ftirilmesini sa\u011flayarak genel g\u00fcvenli\u011fi \u00f6nemli \u00f6l\u00e7\u00fcde art\u0131r\u0131r. Operat\u00f6rler, y\u00fcklerinin do\u011fru bir \u015fekilde konumland\u0131r\u0131laca\u011f\u0131ndan emin olabilir, bu da kaza riskini en aza indirir ve i\u015f ak\u0131\u015f\u0131 verimlili\u011fini art\u0131r\u0131r. Bu hassasiyet seviyesi, de\u011ferli ekipmanlar\u0131 korumakla kalmaz, ayn\u0131 zamanda herkes i\u00e7in daha g\u00fcvenli bir \u00e7al\u0131\u015fma ortam\u0131na da katk\u0131da bulunur.<\/p>\n<p>\u00d6zetle, Destek Silindiri ola\u011fan\u00fcst\u00fc y\u00fck kapasitesi, dayan\u0131kl\u0131 yap\u0131s\u0131, korozyon direnci, kompakt tasar\u0131m\u0131 ve hassas m\u00fchendisli\u011fiyle \u00f6ne \u00e7\u0131k\u0131yor. Bu \u00f6zelliklerin her biri, in\u015faat projeleri i\u00e7in g\u00fcvenilir ve verimli bir \u00e7\u00f6z\u00fcm sunarak onu sekt\u00f6rdeki profesyoneller i\u00e7in vazge\u00e7ilmez bir varl\u0131k haline getiriyor.<\/p>\n<h2><strong>Arka E\u011filmeyi \u00d6nleyen Silindir, Paletli Vin\u00e7 Operasyonlar\u0131n\u0131n G\u00fcvenli\u011fini Nas\u0131l Art\u0131r\u0131r?<\/strong><\/h2>\n<p>Tasar\u0131m\u0131 <strong>Destek<\/strong> <strong>Silindir<\/strong> A\u011f\u0131r kald\u0131rma operasyonlar\u0131nda dengeyi \u00f6nemli \u00f6l\u00e7\u00fcde art\u0131ran bir m\u00fchendislik \u015faheseridir. Her bir \u00f6zelli\u011fin ola\u011fan\u00fcst\u00fc performans\u0131na nas\u0131l katk\u0131da bulundu\u011funa bir bakal\u0131m:<\/p>\n<h4><strong>1. Etkileyici Y\u00fck Kapasitesi<\/strong><\/h4>\n<p>Destek Silindiri, a\u011f\u0131r y\u00fckleri desteklemek \u00fczere \u00f6zel olarak tasarlanm\u0131\u015ft\u0131r ve bu da onu a\u011f\u0131r hizmet uygulamalar\u0131 i\u00e7in ideal k\u0131lar. Bu etkileyici y\u00fck kapasitesi, en a\u011f\u0131r y\u00fcklerin bile g\u00fcvenle kald\u0131r\u0131lmas\u0131n\u0131 sa\u011flayarak devrilme veya sallanma riskini b\u00fcy\u00fck \u00f6l\u00e7\u00fcde azalt\u0131r. Sa\u011flam bir temel sa\u011flayan bu silindir, operat\u00f6rlerin s\u00fcrekli denge endi\u015fesi olmadan i\u015flerine odaklanmalar\u0131n\u0131 sa\u011flayarak genel verimlili\u011fi art\u0131r\u0131r.<\/p>\n<h4><strong>2. Sa\u011flam Yap\u0131<\/strong><\/h4>\n<p>Y\u00fcksek mukavemetli malzemelerden \u00fcretilen silindir, zorlu ortamlar\u0131n zorluklar\u0131na dayanacak \u015fekilde tasarlanm\u0131\u015ft\u0131r. Bu sa\u011flam yap\u0131, yo\u011fun bas\u0131n\u00e7 alt\u0131nda yap\u0131sal b\u00fct\u00fcnl\u00fc\u011f\u00fcn\u00fc korumas\u0131n\u0131 sa\u011flayarak, kald\u0131rma i\u015flemleri s\u0131ras\u0131nda dinamik kuvvetleri kar\u015f\u0131layabilen g\u00fcvenilir bir destek sistemi sunar. Kullan\u0131lan malzemelerin dayan\u0131kl\u0131l\u0131\u011f\u0131, silindirin \u00f6mr\u00fcn\u00fc uzatman\u0131n yan\u0131 s\u0131ra, en zorlu ko\u015fullarda bile tutarl\u0131 bir performans sergileme yetene\u011fini de art\u0131r\u0131r.<\/p>\n<h4><strong>3. Kompakt Tasar\u0131m<\/strong><\/h4>\n<p>One of the standout features of the Support Cylinder is its compact design, which allows for optimal placement within the crane&#8217;s frame. This strategic positioning lowers the center of gravity, significantly improving overall stability during operations. A lower center of gravity reduces the likelihood of tipping, especially when maneuvering heavy loads, making the cylinder an essential component for safe and efficient lifting.<\/p>\n<h4><strong>4. Hassas M\u00fchendislik<\/strong><\/h4>\n<p>Kald\u0131rma operasyonlar\u0131nda hassasiyet \u00e7ok \u00f6nemlidir ve Destek Silindiri bu konuda m\u00fckemmeldir. S\u0131k\u0131 \u00fcretim toleranslar\u0131 sayesinde bu silindir, sorunsuz ve kontroll\u00fc hareketler sa\u011flar. Bu hassasiyet, y\u00fck konumland\u0131rma do\u011frulu\u011funu art\u0131rmakla kalmaz, ayn\u0131 zamanda dengeyi tehlikeye atabilecek ani kayma riskini de en aza indirir. Operat\u00f6rler, y\u00fcklerinin hassas ve do\u011fru bir \u015fekilde ta\u015f\u0131naca\u011f\u0131ndan emin olabilir ve bu da \u015fantiye g\u00fcvenli\u011fini art\u0131r\u0131r.<\/p>\n<h4><strong>5. Korozyon Direnci<\/strong><\/h4>\n<p>Korozyon, \u00f6zellikle zorlu ortamlarda hidrolik bile\u015fenler i\u00e7in \u00f6nemli bir sorun olabilir. Destek Silindiri, pas ve bozulmaya kar\u015f\u0131 koruyan geli\u015fmi\u015f y\u00fczey i\u015flemlerine sahiptir. Bu korozyon direnci, silindirin olumsuz ko\u015fullarda bile performans\u0131n\u0131 uzun s\u00fcre korumas\u0131n\u0131 sa\u011flar. A\u015f\u0131nma ve y\u0131pranmay\u0131 \u00f6nleyerek g\u00fcvenilirli\u011fi art\u0131r\u0131r ve silindirin \u00f6mr\u00fcn\u00fc uzat\u0131r, a\u011f\u0131r kald\u0131rma g\u00f6revlerinde s\u00fcrekli stabiliteye katk\u0131da bulunur.<\/p>\n<p>\u00d6zetle, <strong>Destek Silindiri<\/strong> A\u011f\u0131r kald\u0131rma operasyonlar\u0131nda istikrar ve g\u00fcvenilirli\u011fin temel ta\u015f\u0131 olarak \u00f6ne \u00e7\u0131kar. Etkileyici y\u00fck kapasitesi, sa\u011flam yap\u0131s\u0131, kompakt tasar\u0131m\u0131, hassas m\u00fchendisli\u011fi ve korozyon direnci, g\u00fc\u00e7l\u00fc bir destek sistemi olu\u015fturur. Bu silindir, yaln\u0131zca g\u00fcvenli\u011fi art\u0131rmakla kalmaz, ayn\u0131 zamanda verimlili\u011fi de art\u0131rarak in\u015faat profesyonelleri i\u00e7in paha bi\u00e7ilmez bir varl\u0131k haline getirir. Destek Silindirine yat\u0131r\u0131m yaparak operat\u00f6rler, performanslar\u0131n\u0131 g\u00fcvenle art\u0131rabilir ve en zorlu projelerin bile \u00fcstesinden gelebilirler.<\/p>\n<h2><strong>Forklift Silindir \u00dcretim Alan\u0131:<\/strong><\/h2>\n<h2><img loading=\"lazy\" decoding=\"async\" class=\"alignnone size-full wp-image-16972\" src=\"https:\/\/www.hydraulic-cylinders.net\/wp-content\/uploads\/2025\/01\/hydraulic-cylinder-factory-1-scaled.webp\" alt=\"\" width=\"2016\" height=\"2560\" srcset=\"https:\/\/www.hydraulic-cylinders.net\/wp-content\/uploads\/2025\/01\/hydraulic-cylinder-factory-1-scaled.webp 2016w, https:\/\/www.hydraulic-cylinders.net\/wp-content\/uploads\/2025\/01\/hydraulic-cylinder-factory-1-1280x1625.webp 1280w, https:\/\/www.hydraulic-cylinders.net\/wp-content\/uploads\/2025\/01\/hydraulic-cylinder-factory-1-980x1244.webp 980w, https:\/\/www.hydraulic-cylinders.net\/wp-content\/uploads\/2025\/01\/hydraulic-cylinder-factory-1-480x610.webp 480w\" sizes=\"(min-width: 0px) and (max-width: 480px) 480px, (min-width: 481px) and (max-width: 980px) 980px, (min-width: 981px) and (max-width: 1280px) 1280px, (min-width: 1281px) 2016px, 100vw\" \/><\/h2>\n<p>Montaja adanm\u0131\u015f, son teknoloji \u00fcr\u00fcn\u00fc ba\u011f\u0131ms\u0131z bir Ar-Ge platformuna sahip olmam\u0131z, \u00fcretim s\u00fcre\u00e7lerimizde en \u00fcst d\u00fczey inovasyon ve kaliteyi garanti alt\u0131na almaktad\u0131r. Forklift silindiri \u00fcretim at\u00f6lyemizde, toplamda y\u0131lda bir milyon adede kadar \u00fcnite \u00fcretecek \u015fekilde tasarlanm\u0131\u015f d\u00f6rt adet yar\u0131 otomatik kald\u0131rma silindiri montaj hatt\u0131 ve tam otomatik bir devirme silindiri montaj hatt\u0131 bulunmaktad\u0131r.<\/p>\n<p>Ayr\u0131ca, \u00f6zel silindir at\u00f6lyemiz, y\u0131ll\u0131k 200.000 adet \u00fcretim kapasitesine sahip, \u00e7e\u015fitli \u00f6zelliklere g\u00f6re uyarlanm\u0131\u015f yar\u0131 otomatik temizleme ve montaj sistemleriyle donat\u0131lm\u0131\u015ft\u0131r. Y\u00fcksek hassasiyetli silindir i\u015fleme i\u00e7in tan\u0131nm\u0131\u015f CNC ekipmanlar\u0131, i\u015fleme merkezleri ve \u00f6zel aletler kullan\u0131yoruz. Tesisimizde ayr\u0131ca geli\u015fmi\u015f robotik kaynak makineleri, otomatik temizleme sistemleri ve tam otomatik silindir montaj ve boyama hatlar\u0131 bulunmaktad\u0131r. 300'den fazla \u00f6nemli ekipman\u0131m\u0131zla, kaynak tahsisini optimize ediyor ve verimli kullan\u0131m sa\u011flayarak, s\u0131k\u0131 hassasiyet ve kalite standartlar\u0131n\u0131 kar\u015f\u0131l\u0131yoruz.<\/p>\n<p>Tala\u015fl\u0131 imalat at\u00f6lyemizde \u00f6zel e\u011fimli k\u0131lavuz rayl\u0131 torna tezgahlar\u0131, i\u015fleme merkezleri, y\u00fcksek h\u0131zl\u0131 honlama makineleri, kaynak robotlar\u0131 ve di\u011fer temel ekipmanlar bulunmaktad\u0131r. Bu kurulum, maksimum i\u00e7 \u00e7ap\u0131 400 mm ve uzunlu\u011fu 6 metreye kadar olan silindir borular\u0131n\u0131n i\u015flenmesini sa\u011flayarak \u00fcretim kapasitemizi daha da art\u0131rmam\u0131z\u0131 sa\u011flar.<\/p>\n<h2><img loading=\"lazy\" decoding=\"async\" class=\"alignnone size-full wp-image-16973\" src=\"https:\/\/www.hydraulic-cylinders.net\/wp-content\/uploads\/2025\/01\/hydraulic-cylinder-factory-2-scaled.webp\" alt=\"\" width=\"2011\" height=\"2560\" srcset=\"https:\/\/www.hydraulic-cylinders.net\/wp-content\/uploads\/2025\/01\/hydraulic-cylinder-factory-2-scaled.webp 2011w, https:\/\/www.hydraulic-cylinders.net\/wp-content\/uploads\/2025\/01\/hydraulic-cylinder-factory-2-1280x1629.webp 1280w, https:\/\/www.hydraulic-cylinders.net\/wp-content\/uploads\/2025\/01\/hydraulic-cylinder-factory-2-980x1248.webp 980w, https:\/\/www.hydraulic-cylinders.net\/wp-content\/uploads\/2025\/01\/hydraulic-cylinder-factory-2-480x611.webp 480w\" sizes=\"(min-width: 0px) and (max-width: 480px) 480px, (min-width: 481px) and (max-width: 980px) 980px, (min-width: 981px) and (max-width: 1280px) 1280px, (min-width: 1281px) 2011px, 100vw\" \/><\/h2>\n<p>K\u00fc\u00e7\u00fck ve orta boy silindirler i\u00e7in \u00f6zel olarak tasarlanm\u0131\u015f, otomatik y\u00fckleme, bo\u015faltma ve p\u00fcsk\u00fcrtme robotlar\u0131na sahip, tam otomatik su bazl\u0131 boya kaplama hatt\u0131m\u0131z bulunmaktad\u0131r. Bu son teknoloji sistem, vardiya ba\u015f\u0131na 4.000 adet \u00fcretim kapasitesine sahiptir. Ayr\u0131ca, b\u00fcy\u00fck \u00f6l\u00e7ekli silindirler i\u00e7in zincir tahrikli, vardiya ba\u015f\u0131na 60 kasa tasar\u0131m kapasitesine sahip yar\u0131 otomatik bir boyama hatt\u0131m\u0131z da bulunmaktad\u0131r.<\/p>\n<p>\u00dcr\u00fcn performans\u0131n\u0131 art\u0131rmak ve hidrolik silindir sekt\u00f6r\u00fcndeki liderli\u011fimizi peki\u015ftirmek i\u00e7in, hidrolik silindirler, valfler ve pompalara \u00f6zel kapsaml\u0131 bir performans laboratuvar\u0131 kurmak \u00fczere ZJIMEE ile ortakl\u0131k kurduk. Bu geli\u015fmi\u015f laboratuvar, elektro-hidrolik teknolojili bilgisayar destekli testler kullanarak, do\u011frulu\u011fu ve sistem \u00e7ok y\u00f6nl\u00fcl\u00fc\u011f\u00fcn\u00fc art\u0131ran \u00f6nceden ayarlanm\u0131\u015f test ko\u015fullar\u0131 sunar. Otomatik veri toplama s\u00fcreci, i\u00e7 s\u0131z\u0131nt\u0131 ve y\u00fck verimlili\u011fi gibi \u00e7\u0131kt\u0131 verilerini toplamak i\u00e7in sens\u00f6rler kullan\u0131r ve bu veriler daha sonra bir bilgisayar taraf\u0131ndan i\u015flenerek standart birimlere (ml\/dak%) d\u00f6n\u00fc\u015ft\u00fcr\u00fcl\u00fcr.<\/p>\n<p>Ayr\u0131ca, hidrolik sistemlerimizin g\u00fcvenli\u011fini sa\u011flamak i\u00e7in ya\u011f s\u0131cakl\u0131\u011f\u0131, s\u0131v\u0131 seviyesi ve filtre cihaz\u0131 durumu gibi temel performans parametreleri i\u00e7in durum izleme sistemi uyguluyoruz. Hidrolik silindir test stand\u0131m\u0131z, hassas \u00f6l\u00e7\u00fcmler arac\u0131l\u0131\u011f\u0131yla \"y\u00fck verimlili\u011fi\" ve \"i\u00e7 s\u0131z\u0131nt\u0131\" de\u011ferlerini de\u011ferlendirebilir. Ayr\u0131ca, hidrolik silindir \u00fcr\u00fcnleri i\u00e7in t\u00fcm test gerekliliklerine uyumu garanti eden ulusal standartlar\u0131 kar\u015f\u0131layan bir \u0131zgara cetveli \u00f6l\u00e7\u00fcm cihaz\u0131 ile donat\u0131lm\u0131\u015ft\u0131r.<\/p>\n<p>&nbsp;<\/p>","protected":false},"excerpt":{"rendered":"<p>Support Hydraulic Cylinders For Crawler Crane Our support hydraulic cylinders for crawler cranes are engineered for heavy-duty lifting and stabilization in demanding environments. Designed to support the truss arm structure, these cylinders ensure optimal stability and safety during high-load operations, making them ideal for crawler cranes used in construction, port operations, and industrial projects. With [&hellip;]<\/p>","protected":false},"featured_media":17072,"comment_status":"open","ping_status":"closed","template":"","meta":{"_et_pb_use_builder":"","_et_pb_old_content":"","_et_gb_content_width":""},"product_brand":[],"product_cat":[1514,1549,1376],"product_tag":[],"class_list":{"0":"post-17065","1":"product","2":"type-product","3":"status-publish","4":"has-post-thumbnail","6":"product_cat-mobile-crane-hydraulic-cylinders","7":"product_cat-single-acting-hydraulic-cylinder","8":"product_cat-hydraulic-cylinder","10":"first","11":"instock","12":"shipping-taxable","13":"product-type-simple"},"amp_enabled":true,"_links":{"self":[{"href":"https:\/\/www.hydraulic-cylinders.net\/tr\/wp-json\/wp\/v2\/product\/17065","targetHints":{"allow":["GET"]}}],"collection":[{"href":"https:\/\/www.hydraulic-cylinders.net\/tr\/wp-json\/wp\/v2\/product"}],"about":[{"href":"https:\/\/www.hydraulic-cylinders.net\/tr\/wp-json\/wp\/v2\/types\/product"}],"replies":[{"embeddable":true,"href":"https:\/\/www.hydraulic-cylinders.net\/tr\/wp-json\/wp\/v2\/comments?post=17065"}],"wp:featuredmedia":[{"embeddable":true,"href":"https:\/\/www.hydraulic-cylinders.net\/tr\/wp-json\/wp\/v2\/media\/17072"}],"wp:attachment":[{"href":"https:\/\/www.hydraulic-cylinders.net\/tr\/wp-json\/wp\/v2\/media?parent=17065"}],"wp:term":[{"taxonomy":"product_brand","embeddable":true,"href":"https:\/\/www.hydraulic-cylinders.net\/tr\/wp-json\/wp\/v2\/product_brand?post=17065"},{"taxonomy":"product_cat","embeddable":true,"href":"https:\/\/www.hydraulic-cylinders.net\/tr\/wp-json\/wp\/v2\/product_cat?post=17065"},{"taxonomy":"product_tag","embeddable":true,"href":"https:\/\/www.hydraulic-cylinders.net\/tr\/wp-json\/wp\/v2\/product_tag?post=17065"}],"curies":[{"name":"wp","href":"https:\/\/api.w.org\/{rel}","templated":true}]}}