{"id":17103,"date":"2025-02-06T08:21:09","date_gmt":"2025-02-06T08:21:09","guid":{"rendered":"https:\/\/www.hydraulic-cylinders.net\/?post_type=product&#038;p=17103"},"modified":"2025-04-11T01:52:19","modified_gmt":"2025-04-11T01:52:19","slug":"hcyy11112022-cylinder-for-opening-rack-support-for-truck-cranes","status":"publish","type":"product","link":"https:\/\/www.hydraulic-cylinders.net\/tr\/urun\/hcyy11112022-cylinder-for-opening-rack-support-for-truck-cranes\/","title":{"rendered":"HCYY11112022 Kamyon Vin\u00e7leri \u0130\u00e7in Raf Deste\u011fini A\u00e7mak \u0130\u00e7in Silindir"},"content":{"rendered":"<h1 style=\"text-align: center;\"><strong>HCYY11112022 Kamyon Vin\u00e7leri \u0130\u00e7in Raf Deste\u011fini A\u00e7mak \u0130\u00e7in Silindir<\/strong><\/h1>\n<h1 style=\"text-align: center;\"><img loading=\"lazy\" decoding=\"async\" class=\"alignnone size-full wp-image-17105\" src=\"https:\/\/www.hydraulic-cylinders.net\/wp-content\/uploads\/2025\/02\/hcyy11112022-cylinder-for-opening-rack-support-2.webp\" alt=\"\" width=\"1496\" height=\"516\" srcset=\"https:\/\/www.hydraulic-cylinders.net\/wp-content\/uploads\/2025\/02\/hcyy11112022-cylinder-for-opening-rack-support-2.webp 1496w, https:\/\/www.hydraulic-cylinders.net\/wp-content\/uploads\/2025\/02\/hcyy11112022-cylinder-for-opening-rack-support-2-1280x441.webp 1280w, https:\/\/www.hydraulic-cylinders.net\/wp-content\/uploads\/2025\/02\/hcyy11112022-cylinder-for-opening-rack-support-2-980x338.webp 980w, https:\/\/www.hydraulic-cylinders.net\/wp-content\/uploads\/2025\/02\/hcyy11112022-cylinder-for-opening-rack-support-2-480x166.webp 480w\" sizes=\"(min-width: 0px) and (max-width: 480px) 480px, (min-width: 481px) and (max-width: 980px) 980px, (min-width: 981px) and (max-width: 1280px) 1280px, (min-width: 1281px) 1496px, 100vw\" \/><\/h1>\n<p>The <strong>HCYY11112022 Silindir<\/strong> is a crucial component specifically engineered for truck cranes, significantly improving their operational efficiency and safety. This cylinder supports the opening rack mechanism, facilitating smooth and reliable movement of the crane&#8217;s structure during various lifting tasks.<\/p>\n<p>Hem kald\u0131rma verimlili\u011fini hem de g\u00fcvenli\u011fini art\u0131rmak \u00fczere tasarlanan HCYY11112022 Silindir, sa\u011flam yap\u0131s\u0131 ve verimli performans\u0131yla \u00f6ne \u00e7\u0131kar. Kolay kurulum s\u00fcreci, operat\u00f6rlerin \u00e7e\u015fitli kald\u0131rma g\u00f6revlerini g\u00fcvenle y\u00f6netmelerini sa\u011flar.<\/p>\n<p>Regular maintenance and proper usage are essential for ensuring the HCYY11112022 remains a dependable asset in your crane operations. By investing in this cylinder, you enhance your crane&#8217;s capabilities, leading to increased productivity and safety on the job site. Elevate your operations with the HCYY11112022 Cylinder today.<\/p>\n<h2><strong>HCYY11112022 Kamyon Vin\u00e7leri \u0130\u00e7in A\u00e7ma Raf\u0131 Destek Silindiri Parametreleri:<\/strong><\/h2>\n<h1 style=\"text-align: center;\"><img loading=\"lazy\" decoding=\"async\" class=\"alignnone size-full wp-image-17104\" src=\"https:\/\/www.hydraulic-cylinders.net\/wp-content\/uploads\/2025\/02\/hcyy11112022-cylinder-for-opening-rack-support-1.webp\" alt=\"\" width=\"1516\" height=\"149\" srcset=\"https:\/\/www.hydraulic-cylinders.net\/wp-content\/uploads\/2025\/02\/hcyy11112022-cylinder-for-opening-rack-support-1.webp 1516w, https:\/\/www.hydraulic-cylinders.net\/wp-content\/uploads\/2025\/02\/hcyy11112022-cylinder-for-opening-rack-support-1-1280x126.webp 1280w, https:\/\/www.hydraulic-cylinders.net\/wp-content\/uploads\/2025\/02\/hcyy11112022-cylinder-for-opening-rack-support-1-980x96.webp 980w, https:\/\/www.hydraulic-cylinders.net\/wp-content\/uploads\/2025\/02\/hcyy11112022-cylinder-for-opening-rack-support-1-480x47.webp 480w\" sizes=\"(min-width: 0px) and (max-width: 480px) 480px, (min-width: 481px) and (max-width: 980px) 980px, (min-width: 981px) and (max-width: 1280px) 1280px, (min-width: 1281px) 1516px, 100vw\" \/><img loading=\"lazy\" decoding=\"async\" class=\"alignnone size-full wp-image-17106\" src=\"https:\/\/www.hydraulic-cylinders.net\/wp-content\/uploads\/2025\/02\/hcyy11112022-cylinder-for-opening-rack-support-3.webp\" alt=\"\" width=\"1475\" height=\"709\" srcset=\"https:\/\/www.hydraulic-cylinders.net\/wp-content\/uploads\/2025\/02\/hcyy11112022-cylinder-for-opening-rack-support-3.webp 1475w, https:\/\/www.hydraulic-cylinders.net\/wp-content\/uploads\/2025\/02\/hcyy11112022-cylinder-for-opening-rack-support-3-1280x615.webp 1280w, https:\/\/www.hydraulic-cylinders.net\/wp-content\/uploads\/2025\/02\/hcyy11112022-cylinder-for-opening-rack-support-3-980x471.webp 980w, https:\/\/www.hydraulic-cylinders.net\/wp-content\/uploads\/2025\/02\/hcyy11112022-cylinder-for-opening-rack-support-3-480x231.webp 480w\" sizes=\"(min-width: 0px) and (max-width: 480px) 480px, (min-width: 481px) and (max-width: 980px) 980px, (min-width: 981px) and (max-width: 1280px) 1280px, (min-width: 1281px) 1475px, 100vw\" \/> <img loading=\"lazy\" decoding=\"async\" class=\"alignnone size-full wp-image-17107\" src=\"https:\/\/www.hydraulic-cylinders.net\/wp-content\/uploads\/2025\/02\/hcyy11112022-cylinder-for-opening-rack-support-4.webp\" alt=\"\" width=\"1477\" height=\"710\" srcset=\"https:\/\/www.hydraulic-cylinders.net\/wp-content\/uploads\/2025\/02\/hcyy11112022-cylinder-for-opening-rack-support-4.webp 1477w, https:\/\/www.hydraulic-cylinders.net\/wp-content\/uploads\/2025\/02\/hcyy11112022-cylinder-for-opening-rack-support-4-1280x615.webp 1280w, https:\/\/www.hydraulic-cylinders.net\/wp-content\/uploads\/2025\/02\/hcyy11112022-cylinder-for-opening-rack-support-4-980x471.webp 980w, https:\/\/www.hydraulic-cylinders.net\/wp-content\/uploads\/2025\/02\/hcyy11112022-cylinder-for-opening-rack-support-4-480x231.webp 480w\" sizes=\"(min-width: 0px) and (max-width: 480px) 480px, (min-width: 481px) and (max-width: 980px) 980px, (min-width: 981px) and (max-width: 1280px) 1280px, (min-width: 1281px) 1477px, 100vw\" \/> <img loading=\"lazy\" decoding=\"async\" class=\"alignnone size-full wp-image-17108\" src=\"https:\/\/www.hydraulic-cylinders.net\/wp-content\/uploads\/2025\/02\/hcyy11112022-cylinder-for-opening-rack-support-5.webp\" alt=\"\" width=\"1324\" height=\"665\" srcset=\"https:\/\/www.hydraulic-cylinders.net\/wp-content\/uploads\/2025\/02\/hcyy11112022-cylinder-for-opening-rack-support-5.webp 1324w, https:\/\/www.hydraulic-cylinders.net\/wp-content\/uploads\/2025\/02\/hcyy11112022-cylinder-for-opening-rack-support-5-1280x643.webp 1280w, https:\/\/www.hydraulic-cylinders.net\/wp-content\/uploads\/2025\/02\/hcyy11112022-cylinder-for-opening-rack-support-5-980x492.webp 980w, https:\/\/www.hydraulic-cylinders.net\/wp-content\/uploads\/2025\/02\/hcyy11112022-cylinder-for-opening-rack-support-5-480x241.webp 480w\" sizes=\"(min-width: 0px) and (max-width: 480px) 480px, (min-width: 481px) and (max-width: 980px) 980px, (min-width: 981px) and (max-width: 1280px) 1280px, (min-width: 1281px) 1324px, 100vw\" \/><\/h1>\n<h2><strong>Kamyon Vin\u00e7leri \u0130\u00e7in Silindir Serisi:<\/strong><\/h2>\n<h2><img loading=\"lazy\" decoding=\"async\" class=\"alignnone size-full wp-image-17099\" src=\"https:\/\/www.hydraulic-cylinders.net\/wp-content\/uploads\/2025\/02\/cylinder-series-for-truck-cranes-1.webp\" alt=\"\" width=\"1246\" height=\"671\" srcset=\"https:\/\/www.hydraulic-cylinders.net\/wp-content\/uploads\/2025\/02\/cylinder-series-for-truck-cranes-1.webp 1246w, https:\/\/www.hydraulic-cylinders.net\/wp-content\/uploads\/2025\/02\/cylinder-series-for-truck-cranes-1-980x528.webp 980w, https:\/\/www.hydraulic-cylinders.net\/wp-content\/uploads\/2025\/02\/cylinder-series-for-truck-cranes-1-480x258.webp 480w\" sizes=\"(min-width: 0px) and (max-width: 480px) 480px, (min-width: 481px) and (max-width: 980px) 980px, (min-width: 981px) 1246px, 100vw\" \/><\/h2>\n<h2><strong>HCYY11112022 Kamyon Vin\u00e7leri \u0130\u00e7in A\u00e7ma Raf\u0131 Destek Silindirinin Ba\u015fl\u0131ca \u00d6zellikleri:<\/strong><\/h2>\n<p>The <strong>HCYY11112022 Silindir<\/strong> is an indispensable component specifically engineered for truck cranes, delivering significant enhancements in operational efficiency and safety. This advanced cylinder plays a vital role in supporting the opening rack mechanism, which is crucial for facilitating smooth and reliable movement of the crane&#8217;s structure during a variety of lifting tasks.<\/p>\n<h4><strong>Geli\u015ftirilmi\u015f Verimlilik ve G\u00fcvenlik<\/strong><\/h4>\n<p>Hassas bir \u015fekilde tasarlanan HCYY11112022 Silindir, hem kald\u0131rma verimlili\u011fini hem de g\u00fcvenli\u011fi en \u00fcst d\u00fczeye \u00e7\u0131kar\u0131r. Sa\u011flam yap\u0131s\u0131, a\u011f\u0131r y\u00fckleri ve zorlu ko\u015fullar\u0131 kald\u0131rarak, vincin bask\u0131 alt\u0131nda bile sorunsuz \u00e7al\u0131\u015fmas\u0131n\u0131 sa\u011flar. Bu g\u00fcvenilirlik, \u015fantiyede daha iyi performans anlam\u0131na gelir ve operat\u00f6rlerin g\u00f6revleri h\u0131zl\u0131 ve etkili bir \u015fekilde tamamlamas\u0131na ve kaza riskini en aza indirmesine olanak tan\u0131r.<\/p>\n<h4><strong>Kolayla\u015ft\u0131r\u0131lm\u0131\u015f Kurulum S\u00fcreci<\/strong><\/h4>\n<p>HCYY11112022'nin \u00f6ne \u00e7\u0131kan \u00f6zelliklerinden biri de son derece kolay kurulum s\u00fcrecidir. Operat\u00f6rler, kapsaml\u0131 bir e\u011fitime veya \u00f6zel aletlere ihtiya\u00e7 duymadan silindiri kolayca monte edebilirler. Bu kurulum kolayl\u0131\u011f\u0131 sadece zamandan tasarruf sa\u011flamakla kalmaz, ayn\u0131 zamanda operat\u00f6rlerin \u00e7e\u015fitli kald\u0131rma g\u00f6revlerini g\u00fcvenle y\u00f6netmelerini de sa\u011flar. Silindir yerine tak\u0131ld\u0131ktan sonra, kullan\u0131c\u0131lar ekipman performans\u0131yla ilgili endi\u015felenmek yerine i\u015flerine odaklanabilirler.<\/p>\n<h4><strong>D\u00fczenli Bak\u0131m\u0131n \u00d6nemi<\/strong><\/h4>\n<p>To ensure that the HCYY11112022 remains a dependable asset in your crane operations, regular maintenance and proper usage are essential. Routine inspections help identify potential issues before they escalate, allowing for timely repairs. Keeping the cylinder clean and well-lubricated prevents wear and tear, ensuring long-term functionality. A well-maintained cylinder not only enhances performance but also contributes to the crane&#8217;s overall lifespan, making it a wise investment for any operation.<\/p>\n<h4><strong>Verimlili\u011fi ve G\u00fcvenli\u011fi Art\u0131rma<\/strong><\/h4>\n<p>Investing in the HCYY11112022 Cylinder means enhancing your crane&#8217;s capabilities, which leads to increased productivity and improved safety on the job site. With this reliable component, operators can tackle demanding lifting tasks with confidence, knowing that they have the support they need. The result is a safer work environment, where risks are minimized, and efficiency is maximized.<\/p>\n<p>Elevate your operations with the HCYY11112022 Cylinder today. By integrating this high-quality component into your truck crane, you not only enhance its performance but also ensure a safer and more efficient working environment. The combination of robust design, easy installation, and the importance of maintenance makes the HCYY11112022 a smart choice for any crane operator looking to boost productivity and safety on the job site. Don\u2019t miss the opportunity to transform your crane&#8217;s capabilities\u2014invest in the HCYY11112022 Cylinder now.<\/p>\n<h2><strong>Hcyy11112022 Silindirinin A\u00e7ma Raf\u0131 Deste\u011fi \u0130\u00e7in Hangi Bak\u0131m \u0130\u015flemleri Gereklidir?<\/strong><\/h2>\n<div id=\"message-340223452933\" class=\"ChatMessage_chatMessage__xkgHx\" data-complete=\"true\">\n<div class=\"ChatMessage_messageRow__DHlnq\">\n<div class=\"ChatMessage_messageWrapper__4Ugd6\">\n<div class=\"Message_rowWithFooter__FShU6\">\n<div class=\"Message_row__ug_UU\">\n<div class=\"Message_messageBubbleWrapper__sEq8z\">\n<div class=\"Message_leftSideMessageBubble__VPdk6\">\n<div class=\"Message_messageTextContainer__w64Sc\">\n<div>\n<div class=\"Markdown_markdownContainer__Tz3HQ\">\n<p>En iyi performans\u0131 sa\u011flamak i\u00e7in <strong>HCYY11112022 A\u00e7ma Raf\u0131 Deste\u011fi Silindiri<\/strong> Kamyon vin\u00e7lerinde a\u015fa\u011f\u0131daki temel bak\u0131m uygulamalar\u0131n\u0131 g\u00f6z \u00f6n\u00fcnde bulundurun:<\/p>\n<h4><strong>1. D\u00fczenli Denetimler<\/strong><\/h4>\n<p>D\u00fczenli kontroller yapmak, proaktif bak\u0131m\u0131n anahtar\u0131d\u0131r. Silindirde ve \u00e7evresindeki bile\u015fenlerde a\u015f\u0131nma, s\u0131z\u0131nt\u0131 veya hasar belirtileri olup olmad\u0131\u011f\u0131n\u0131 kontrol etmek i\u00e7in rutin kontroller planlay\u0131n. Sorunlar\u0131n erken tespiti, maliyetli onar\u0131mlar\u0131 \u00f6nleyebilir ve g\u00fcvenli \u00e7al\u0131\u015fmay\u0131 sa\u011flayabilir. Kontrol bulgular\u0131n\u0131 takip etmek i\u00e7in bir kontrol listesi kullan\u0131n; bu, kal\u0131plar\u0131 veya tekrarlayan sorunlar\u0131 belirlemeyi kolayla\u015ft\u0131r\u0131r.<\/p>\n<h4><strong>2. Ya\u011flama<\/strong><\/h4>\n<p>Uygun ya\u011flama, s\u00fcrt\u00fcnmeyi azaltmak ve silindirin ve hareketli par\u00e7alar\u0131n\u0131n \u00f6mr\u00fcn\u00fc uzatmak i\u00e7in hayati \u00f6nem ta\u015f\u0131r. \u00dcretici taraf\u0131ndan \u00f6nerilen ya\u011f\u0131 kullan\u0131n ve piston kolu ve ba\u011flant\u0131 noktalar\u0131 gibi kritik b\u00f6lgelere uygulay\u0131n. Tutarl\u0131l\u0131\u011f\u0131 sa\u011flamak i\u00e7in bir ya\u011flama program\u0131 olu\u015fturun. \u0130yi ya\u011flanm\u0131\u015f bir silindir sorunsuz \u00e7al\u0131\u015f\u0131r, performans\u0131 art\u0131r\u0131r ve mekanik ar\u0131za riskini azalt\u0131r.<\/p>\n<h4><strong>3. Hidrolik S\u0131v\u0131 Kontrolleri<\/strong><\/h4>\n<p>Hydraulic fluid quality is crucial for the cylinder&#8217;s operation. Regularly monitor the fluid levels and inspect for contamination or degradation. If the fluid appears dirty or has a foul odor, it&#8217;s time for a replacement. Maintaining clean and adequate hydraulic fluid not only supports efficient operation but also protects the entire hydraulic system from damage.<\/p>\n<h4><strong>4. C\u0131vatalar\u0131n ve Ba\u011flant\u0131 Elemanlar\u0131n\u0131n S\u0131k\u0131lmas\u0131<\/strong><\/h4>\n<p>S\u0131z\u0131nt\u0131lar\u0131 \u00f6nlemek ve yap\u0131sal b\u00fct\u00fcnl\u00fc\u011f\u00fc korumak i\u00e7in t\u00fcm ba\u011flant\u0131lar\u0131n g\u00fcvenli oldu\u011fundan emin olmak \u00e7ok \u00f6nemlidir. \u00d6zellikle yo\u011fun kullan\u0131mdan sonra veya herhangi bir ayarlama yap\u0131ld\u0131ktan sonra, c\u0131vatalar\u0131 ve ba\u011flant\u0131 elemanlar\u0131n\u0131 periyodik olarak kontrol edin ve s\u0131k\u0131n. Bu basit ad\u0131m, gev\u015fek bile\u015fenlerin felaketle sonu\u00e7lanabilecek ar\u0131zalara yol a\u00e7abilece\u011fi i\u00e7in g\u00fcvenli\u011fi ve performans\u0131 \u00f6nemli \u00f6l\u00e7\u00fcde art\u0131rabilir.<\/p>\n<h4><strong>5. Temizlik<\/strong><\/h4>\n<p>Silindirin ve bile\u015fenlerinin temiz tutulmas\u0131, hasar\u0131 \u00f6nlemek i\u00e7in hayati \u00f6nem ta\u015f\u0131r. A\u015f\u0131nmaya neden olabilecek kir, toz ve kal\u0131nt\u0131lar\u0131 gidermek i\u00e7in y\u00fczeyleri d\u00fczenli olarak silin. Temiz bir \u00e7al\u0131\u015fma ortam\u0131, denetimler i\u00e7in g\u00f6r\u00fcn\u00fcrl\u00fc\u011f\u00fc art\u0131rmakla kalmaz, ayn\u0131 zamanda potansiyel sorunlar\u0131n b\u00fcy\u00fcmeden \u00f6nce belirlenmesine de yard\u0131mc\u0131 olur.<\/p>\n<h4><strong>6. \u0130\u015flevselli\u011fin Test Edilmesi<\/strong><\/h4>\n<p>Silindirin do\u011fru ve verimli bir \u015fekilde \u00e7al\u0131\u015ft\u0131\u011f\u0131ndan emin olmak i\u00e7in periyodik olarak \u00e7al\u0131\u015fma testleri yapmak \u00e7ok \u00f6nemlidir. Silindirin y\u00fck alt\u0131nda ve hareket s\u0131ras\u0131nda nas\u0131l davrand\u0131\u011f\u0131n\u0131 g\u00f6zlemlemek i\u00e7in i\u015flevsellik testleri yap\u0131n. Bu proaktif yakla\u015f\u0131m, \u00e7al\u0131\u015fmadaki tutars\u0131zl\u0131klar\u0131 ortaya \u00e7\u0131kararak, performans\u0131 etkilemeden \u00f6nce bunlar\u0131 gidermenizi sa\u011flar.<\/p>\n<h4><strong>7. Dok\u00fcmantasyon<\/strong><\/h4>\n<p>Silindirin zaman i\u00e7indeki durumunu takip etmek i\u00e7in t\u00fcm bak\u0131m faaliyetlerinin ayr\u0131nt\u0131l\u0131 kay\u0131tlar\u0131n\u0131 tutmak \u00e7ok \u00f6nemlidir. Muayeneleri, ya\u011flamalar\u0131, s\u0131v\u0131 de\u011fi\u015fimlerini ve onar\u0131mlar\u0131 belgeleyin. Bu bilgiler, e\u011filimleri belirlemeye yard\u0131mc\u0131 olarak gelecekteki bak\u0131m ihtiya\u00e7lar\u0131n\u0131 tahmin etmeyi kolayla\u015ft\u0131r\u0131r ve hi\u00e7bir \u015feyin g\u00f6zden ka\u00e7mamas\u0131n\u0131 sa\u011flar.<\/p>\n<p>Bu uygulamalar\u0131 takip ederek, HCYY11112022 Silindirinin \u00f6mr\u00fcn\u00fc ve g\u00fcvenilirli\u011fini art\u0131rabilir, g\u00fcvenli ve verimli vin\u00e7 operasyonlar\u0131 sa\u011flayabilirsiniz. D\u00fczenli bak\u0131m, yat\u0131r\u0131m\u0131n\u0131z\u0131 koruman\u0131n yan\u0131 s\u0131ra, ilgili herkes i\u00e7in daha g\u00fcvenli bir \u00e7al\u0131\u015fma ortam\u0131 da sa\u011flar.<\/p>\n<\/div>\n<\/div>\n<\/div>\n<\/div>\n<\/div>\n<\/div>\n<\/div>\n<\/div>\n<\/div>\n<\/div>\n<h2><strong>Forklift Silindir \u00dcretim Alan\u0131:<\/strong><\/h2>\n<h2><img loading=\"lazy\" decoding=\"async\" class=\"alignnone size-full wp-image-16972\" src=\"https:\/\/www.hydraulic-cylinders.net\/wp-content\/uploads\/2025\/01\/hydraulic-cylinder-factory-1-scaled.webp\" alt=\"\" width=\"2016\" height=\"2560\" srcset=\"https:\/\/www.hydraulic-cylinders.net\/wp-content\/uploads\/2025\/01\/hydraulic-cylinder-factory-1-scaled.webp 2016w, https:\/\/www.hydraulic-cylinders.net\/wp-content\/uploads\/2025\/01\/hydraulic-cylinder-factory-1-1280x1625.webp 1280w, https:\/\/www.hydraulic-cylinders.net\/wp-content\/uploads\/2025\/01\/hydraulic-cylinder-factory-1-980x1244.webp 980w, https:\/\/www.hydraulic-cylinders.net\/wp-content\/uploads\/2025\/01\/hydraulic-cylinder-factory-1-480x610.webp 480w\" sizes=\"(min-width: 0px) and (max-width: 480px) 480px, (min-width: 481px) and (max-width: 980px) 980px, (min-width: 981px) and (max-width: 1280px) 1280px, (min-width: 1281px) 2016px, 100vw\" \/><\/h2>\n<p>Montaja adanm\u0131\u015f, son teknoloji \u00fcr\u00fcn\u00fc ba\u011f\u0131ms\u0131z bir Ar-Ge platformuna sahip olmam\u0131z, \u00fcretim s\u00fcre\u00e7lerimizde en \u00fcst d\u00fczey inovasyon ve kaliteyi garanti alt\u0131na almaktad\u0131r. Forklift silindiri \u00fcretim at\u00f6lyemizde, toplamda y\u0131lda bir milyon adede kadar \u00fcnite \u00fcretecek \u015fekilde tasarlanm\u0131\u015f d\u00f6rt adet yar\u0131 otomatik kald\u0131rma silindiri montaj hatt\u0131 ve tam otomatik bir devirme silindiri montaj hatt\u0131 bulunmaktad\u0131r.<\/p>\n<p>Ayr\u0131ca, \u00f6zel silindir at\u00f6lyemiz, y\u0131ll\u0131k 200.000 adet \u00fcretim kapasitesine sahip, \u00e7e\u015fitli \u00f6zelliklere g\u00f6re uyarlanm\u0131\u015f yar\u0131 otomatik temizleme ve montaj sistemleriyle donat\u0131lm\u0131\u015ft\u0131r. Y\u00fcksek hassasiyetli silindir i\u015fleme i\u00e7in tan\u0131nm\u0131\u015f CNC ekipmanlar\u0131, i\u015fleme merkezleri ve \u00f6zel aletler kullan\u0131yoruz. Tesisimizde ayr\u0131ca geli\u015fmi\u015f robotik kaynak makineleri, otomatik temizleme sistemleri ve tam otomatik silindir montaj ve boyama hatlar\u0131 bulunmaktad\u0131r. 300'den fazla \u00f6nemli ekipman\u0131m\u0131zla, kaynak tahsisini optimize ediyor ve verimli kullan\u0131m sa\u011flayarak, s\u0131k\u0131 hassasiyet ve kalite standartlar\u0131n\u0131 kar\u015f\u0131l\u0131yoruz.<\/p>\n<p>Tala\u015fl\u0131 imalat at\u00f6lyemizde \u00f6zel e\u011fimli k\u0131lavuz rayl\u0131 torna tezgahlar\u0131, i\u015fleme merkezleri, y\u00fcksek h\u0131zl\u0131 honlama makineleri, kaynak robotlar\u0131 ve di\u011fer temel ekipmanlar bulunmaktad\u0131r. Bu kurulum, maksimum i\u00e7 \u00e7ap\u0131 400 mm ve uzunlu\u011fu 6 metreye kadar olan silindir borular\u0131n\u0131n i\u015flenmesini sa\u011flayarak \u00fcretim kapasitemizi daha da art\u0131rmam\u0131z\u0131 sa\u011flar.<\/p>\n<h2><img loading=\"lazy\" decoding=\"async\" class=\"alignnone size-full wp-image-16973\" src=\"https:\/\/www.hydraulic-cylinders.net\/wp-content\/uploads\/2025\/01\/hydraulic-cylinder-factory-2-scaled.webp\" alt=\"\" width=\"2011\" height=\"2560\" srcset=\"https:\/\/www.hydraulic-cylinders.net\/wp-content\/uploads\/2025\/01\/hydraulic-cylinder-factory-2-scaled.webp 2011w, https:\/\/www.hydraulic-cylinders.net\/wp-content\/uploads\/2025\/01\/hydraulic-cylinder-factory-2-1280x1629.webp 1280w, https:\/\/www.hydraulic-cylinders.net\/wp-content\/uploads\/2025\/01\/hydraulic-cylinder-factory-2-980x1248.webp 980w, https:\/\/www.hydraulic-cylinders.net\/wp-content\/uploads\/2025\/01\/hydraulic-cylinder-factory-2-480x611.webp 480w\" sizes=\"(min-width: 0px) and (max-width: 480px) 480px, (min-width: 481px) and (max-width: 980px) 980px, (min-width: 981px) and (max-width: 1280px) 1280px, (min-width: 1281px) 2011px, 100vw\" \/><\/h2>\n<p>K\u00fc\u00e7\u00fck ve orta boy silindirler i\u00e7in \u00f6zel olarak tasarlanm\u0131\u015f, otomatik y\u00fckleme, bo\u015faltma ve p\u00fcsk\u00fcrtme robotlar\u0131na sahip, tam otomatik su bazl\u0131 boya kaplama hatt\u0131m\u0131z bulunmaktad\u0131r. Bu son teknoloji sistem, vardiya ba\u015f\u0131na 4.000 adet \u00fcretim kapasitesine sahiptir. Ayr\u0131ca, b\u00fcy\u00fck \u00f6l\u00e7ekli silindirler i\u00e7in zincir tahrikli, vardiya ba\u015f\u0131na 60 kasa tasar\u0131m kapasitesine sahip yar\u0131 otomatik bir boyama hatt\u0131m\u0131z da bulunmaktad\u0131r.<\/p>\n<p>\u00dcr\u00fcn performans\u0131n\u0131 art\u0131rmak ve hidrolik silindir sekt\u00f6r\u00fcndeki liderli\u011fimizi peki\u015ftirmek i\u00e7in, hidrolik silindirler, valfler ve pompalara \u00f6zel kapsaml\u0131 bir performans laboratuvar\u0131 kurmak \u00fczere ZJIMEE ile ortakl\u0131k kurduk. Bu geli\u015fmi\u015f laboratuvar, elektro-hidrolik teknolojili bilgisayar destekli testler kullanarak, do\u011frulu\u011fu ve sistem \u00e7ok y\u00f6nl\u00fcl\u00fc\u011f\u00fcn\u00fc art\u0131ran \u00f6nceden ayarlanm\u0131\u015f test ko\u015fullar\u0131 sunar. Otomatik veri toplama s\u00fcreci, i\u00e7 s\u0131z\u0131nt\u0131 ve y\u00fck verimlili\u011fi gibi \u00e7\u0131kt\u0131 verilerini toplamak i\u00e7in sens\u00f6rler kullan\u0131r ve bu veriler daha sonra bir bilgisayar taraf\u0131ndan i\u015flenerek standart birimlere (ml\/dak%) d\u00f6n\u00fc\u015ft\u00fcr\u00fcl\u00fcr.<\/p>\n<p>Ayr\u0131ca, hidrolik sistemlerimizin g\u00fcvenli\u011fini sa\u011flamak i\u00e7in ya\u011f s\u0131cakl\u0131\u011f\u0131, s\u0131v\u0131 seviyesi ve filtre cihaz\u0131 durumu gibi temel performans parametreleri i\u00e7in durum izleme sistemi uyguluyoruz. Hidrolik silindir test stand\u0131m\u0131z, hassas \u00f6l\u00e7\u00fcmler arac\u0131l\u0131\u011f\u0131yla \"y\u00fck verimlili\u011fi\" ve \"i\u00e7 s\u0131z\u0131nt\u0131\" de\u011ferlerini de\u011ferlendirebilir. Ayr\u0131ca, hidrolik silindir \u00fcr\u00fcnleri i\u00e7in t\u00fcm test gerekliliklerine uyumu garanti eden ulusal standartlar\u0131 kar\u015f\u0131layan bir \u0131zgara cetveli \u00f6l\u00e7\u00fcm cihaz\u0131 ile donat\u0131lm\u0131\u015ft\u0131r.<\/p>\n<p>&nbsp;<\/p>","protected":false},"excerpt":{"rendered":"<p>HCYY11112022 Cylinder For Opening Rack Support For Truck Cranes The HCYY11112022 Cylinder is a crucial component specifically engineered for truck cranes, significantly improving their operational efficiency and safety. This cylinder supports the opening rack mechanism, facilitating smooth and reliable movement of the crane&#8217;s structure during various lifting tasks. Designed to enhance both lifting efficiency and [&hellip;]<\/p>","protected":false},"featured_media":17109,"comment_status":"open","ping_status":"closed","template":"","meta":{"_et_pb_use_builder":"","_et_pb_old_content":"","_et_gb_content_width":""},"product_brand":[],"product_cat":[1514,1549,1376],"product_tag":[],"class_list":{"0":"post-17103","1":"product","2":"type-product","3":"status-publish","4":"has-post-thumbnail","6":"product_cat-mobile-crane-hydraulic-cylinders","7":"product_cat-single-acting-hydraulic-cylinder","8":"product_cat-hydraulic-cylinder","10":"first","11":"instock","12":"shipping-taxable","13":"product-type-simple"},"amp_enabled":true,"_links":{"self":[{"href":"https:\/\/www.hydraulic-cylinders.net\/tr\/wp-json\/wp\/v2\/product\/17103","targetHints":{"allow":["GET"]}}],"collection":[{"href":"https:\/\/www.hydraulic-cylinders.net\/tr\/wp-json\/wp\/v2\/product"}],"about":[{"href":"https:\/\/www.hydraulic-cylinders.net\/tr\/wp-json\/wp\/v2\/types\/product"}],"replies":[{"embeddable":true,"href":"https:\/\/www.hydraulic-cylinders.net\/tr\/wp-json\/wp\/v2\/comments?post=17103"}],"wp:featuredmedia":[{"embeddable":true,"href":"https:\/\/www.hydraulic-cylinders.net\/tr\/wp-json\/wp\/v2\/media\/17109"}],"wp:attachment":[{"href":"https:\/\/www.hydraulic-cylinders.net\/tr\/wp-json\/wp\/v2\/media?parent=17103"}],"wp:term":[{"taxonomy":"product_brand","embeddable":true,"href":"https:\/\/www.hydraulic-cylinders.net\/tr\/wp-json\/wp\/v2\/product_brand?post=17103"},{"taxonomy":"product_cat","embeddable":true,"href":"https:\/\/www.hydraulic-cylinders.net\/tr\/wp-json\/wp\/v2\/product_cat?post=17103"},{"taxonomy":"product_tag","embeddable":true,"href":"https:\/\/www.hydraulic-cylinders.net\/tr\/wp-json\/wp\/v2\/product_tag?post=17103"}],"curies":[{"name":"wp","href":"https:\/\/api.w.org\/{rel}","templated":true}]}}