{"id":17125,"date":"2025-02-06T09:03:34","date_gmt":"2025-02-06T09:03:34","guid":{"rendered":"https:\/\/www.hydraulic-cylinders.net\/?post_type=product&#038;p=17125"},"modified":"2025-04-11T01:52:08","modified_gmt":"2025-04-11T01:52:08","slug":"hcyy11112025-front-cylinder-for-frame-support-for-truck-cranes","status":"publish","type":"product","link":"https:\/\/www.hydraulic-cylinders.net\/tr\/urun\/hcyy11112025-front-cylinder-for-frame-support-for-truck-cranes\/","title":{"rendered":"HCYY11112025 Kamyon Vin\u00e7leri \u0130\u00e7in \u015easi Deste\u011fi \u00d6n Silindiri"},"content":{"rendered":"<h1 style=\"text-align: center;\"><strong>HCYY11112025 Kamyon Vin\u00e7leri \u0130\u00e7in \u015easi Deste\u011fi \u00d6n Silindiri<\/strong><\/h1>\n<h1 style=\"text-align: center;\"><img loading=\"lazy\" decoding=\"async\" class=\"alignnone size-full wp-image-17127\" src=\"https:\/\/www.hydraulic-cylinders.net\/wp-content\/uploads\/2025\/02\/hcyy11112025-front-cylinder-for-frame-support-2.webp\" alt=\"\" width=\"1499\" height=\"515\" srcset=\"https:\/\/www.hydraulic-cylinders.net\/wp-content\/uploads\/2025\/02\/hcyy11112025-front-cylinder-for-frame-support-2.webp 1499w, https:\/\/www.hydraulic-cylinders.net\/wp-content\/uploads\/2025\/02\/hcyy11112025-front-cylinder-for-frame-support-2-1280x440.webp 1280w, https:\/\/www.hydraulic-cylinders.net\/wp-content\/uploads\/2025\/02\/hcyy11112025-front-cylinder-for-frame-support-2-980x337.webp 980w, https:\/\/www.hydraulic-cylinders.net\/wp-content\/uploads\/2025\/02\/hcyy11112025-front-cylinder-for-frame-support-2-480x165.webp 480w\" sizes=\"(min-width: 0px) and (max-width: 480px) 480px, (min-width: 481px) and (max-width: 980px) 980px, (min-width: 981px) and (max-width: 1280px) 1280px, (min-width: 1281px) 1499px, 100vw\" \/><\/h1>\n<p>The <strong>HCYY11112025 \u00d6n Silindir<\/strong> Kamyon vin\u00e7lerinin yap\u0131sal b\u00fct\u00fcnl\u00fc\u011f\u00fcn\u00fc ve operasyonel verimlili\u011fini \u00f6nemli \u00f6l\u00e7\u00fcde art\u0131ran temel bir bile\u015fendir. Bu y\u00fcksek performansl\u0131 silindir, vin\u00e7 \u00e7er\u00e7evesine sa\u011flam bir destek sa\u011flayarak kald\u0131rma i\u015flemleri s\u0131ras\u0131nda stabiliteyi garanti eder. \u00c7e\u015fitli end\u00fcstriyel uygulamalar\u0131n zorlu taleplerini kar\u015f\u0131lamak \u00fczere tasarlanan HCYY11112025, operat\u00f6rler i\u00e7in hayati bir varl\u0131kt\u0131r.<\/p>\n<p>HCYY11112025'i di\u011ferlerinden ay\u0131ran \u00f6zellikler, etkileyici y\u00fck ta\u015f\u0131ma kapasitesi, dayan\u0131kl\u0131 yap\u0131s\u0131 ve hassas m\u00fchendisli\u011fidir. Korozyona dayan\u0131kl\u0131 \u00f6zellikleri uzun \u00f6m\u00fcrl\u00fcl\u00fc\u011f\u00fc sa\u011flarken, kolay kurulum s\u00fcreci onu her t\u00fcrl\u00fc kamyon vinci operasyonu i\u00e7in vazge\u00e7ilmez k\u0131lar.<\/p>\n<p>Operat\u00f6rler, d\u00fczenli bak\u0131m ve denetimler yaparak bu kritik bile\u015fenin performans\u0131n\u0131 optimize edebilir ve \u00f6mr\u00fcn\u00fc uzatabilir, b\u00f6ylece g\u00fcvenli ve verimli kald\u0131rma i\u015flemleri sa\u011flayabilirler. HCYY11112025'e yat\u0131r\u0131m yapmak, vin\u00e7inizin yeteneklerini art\u0131rmakla kalmaz, ayn\u0131 zamanda sahada g\u00fcvenilirli\u011fi de art\u0131rarak her t\u00fcrl\u00fc operasyon i\u00e7in ak\u0131ll\u0131 bir se\u00e7im haline getirir.<\/p>\n<h2><strong>HCYY11112025 Kamyon Vin\u00e7leri \u0130\u00e7in \u015easi Deste\u011fi \u00d6n Silindiri Parametreleri:<\/strong><\/h2>\n<h1 style=\"text-align: center;\"><img loading=\"lazy\" decoding=\"async\" class=\"alignnone size-full wp-image-17126\" src=\"https:\/\/www.hydraulic-cylinders.net\/wp-content\/uploads\/2025\/02\/hcyy11112025-front-cylinder-for-frame-support-1.webp\" alt=\"\" width=\"1512\" height=\"145\" srcset=\"https:\/\/www.hydraulic-cylinders.net\/wp-content\/uploads\/2025\/02\/hcyy11112025-front-cylinder-for-frame-support-1.webp 1512w, https:\/\/www.hydraulic-cylinders.net\/wp-content\/uploads\/2025\/02\/hcyy11112025-front-cylinder-for-frame-support-1-1280x123.webp 1280w, https:\/\/www.hydraulic-cylinders.net\/wp-content\/uploads\/2025\/02\/hcyy11112025-front-cylinder-for-frame-support-1-980x94.webp 980w, https:\/\/www.hydraulic-cylinders.net\/wp-content\/uploads\/2025\/02\/hcyy11112025-front-cylinder-for-frame-support-1-480x46.webp 480w\" sizes=\"(min-width: 0px) and (max-width: 480px) 480px, (min-width: 481px) and (max-width: 980px) 980px, (min-width: 981px) and (max-width: 1280px) 1280px, (min-width: 1281px) 1512px, 100vw\" \/><img loading=\"lazy\" decoding=\"async\" class=\"alignnone size-full wp-image-17128\" src=\"https:\/\/www.hydraulic-cylinders.net\/wp-content\/uploads\/2025\/02\/hcyy11112025-front-cylinder-for-frame-support-3.webp\" alt=\"\" width=\"1471\" height=\"704\" srcset=\"https:\/\/www.hydraulic-cylinders.net\/wp-content\/uploads\/2025\/02\/hcyy11112025-front-cylinder-for-frame-support-3.webp 1471w, https:\/\/www.hydraulic-cylinders.net\/wp-content\/uploads\/2025\/02\/hcyy11112025-front-cylinder-for-frame-support-3-1280x613.webp 1280w, https:\/\/www.hydraulic-cylinders.net\/wp-content\/uploads\/2025\/02\/hcyy11112025-front-cylinder-for-frame-support-3-980x469.webp 980w, https:\/\/www.hydraulic-cylinders.net\/wp-content\/uploads\/2025\/02\/hcyy11112025-front-cylinder-for-frame-support-3-480x230.webp 480w\" sizes=\"(min-width: 0px) and (max-width: 480px) 480px, (min-width: 481px) and (max-width: 980px) 980px, (min-width: 981px) and (max-width: 1280px) 1280px, (min-width: 1281px) 1471px, 100vw\" \/> <img loading=\"lazy\" decoding=\"async\" class=\"alignnone size-full wp-image-17129\" src=\"https:\/\/www.hydraulic-cylinders.net\/wp-content\/uploads\/2025\/02\/hcyy11112025-front-cylinder-for-frame-support-4.webp\" alt=\"\" width=\"1476\" height=\"701\" srcset=\"https:\/\/www.hydraulic-cylinders.net\/wp-content\/uploads\/2025\/02\/hcyy11112025-front-cylinder-for-frame-support-4.webp 1476w, https:\/\/www.hydraulic-cylinders.net\/wp-content\/uploads\/2025\/02\/hcyy11112025-front-cylinder-for-frame-support-4-1280x608.webp 1280w, https:\/\/www.hydraulic-cylinders.net\/wp-content\/uploads\/2025\/02\/hcyy11112025-front-cylinder-for-frame-support-4-980x465.webp 980w, https:\/\/www.hydraulic-cylinders.net\/wp-content\/uploads\/2025\/02\/hcyy11112025-front-cylinder-for-frame-support-4-480x228.webp 480w\" sizes=\"(min-width: 0px) and (max-width: 480px) 480px, (min-width: 481px) and (max-width: 980px) 980px, (min-width: 981px) and (max-width: 1280px) 1280px, (min-width: 1281px) 1476px, 100vw\" \/> <img loading=\"lazy\" decoding=\"async\" class=\"alignnone size-full wp-image-17130\" src=\"https:\/\/www.hydraulic-cylinders.net\/wp-content\/uploads\/2025\/02\/hcyy11112025-front-cylinder-for-frame-support-5.webp\" alt=\"\" width=\"1410\" height=\"676\" srcset=\"https:\/\/www.hydraulic-cylinders.net\/wp-content\/uploads\/2025\/02\/hcyy11112025-front-cylinder-for-frame-support-5.webp 1410w, https:\/\/www.hydraulic-cylinders.net\/wp-content\/uploads\/2025\/02\/hcyy11112025-front-cylinder-for-frame-support-5-1280x614.webp 1280w, https:\/\/www.hydraulic-cylinders.net\/wp-content\/uploads\/2025\/02\/hcyy11112025-front-cylinder-for-frame-support-5-980x470.webp 980w, https:\/\/www.hydraulic-cylinders.net\/wp-content\/uploads\/2025\/02\/hcyy11112025-front-cylinder-for-frame-support-5-480x230.webp 480w\" sizes=\"(min-width: 0px) and (max-width: 480px) 480px, (min-width: 481px) and (max-width: 980px) 980px, (min-width: 981px) and (max-width: 1280px) 1280px, (min-width: 1281px) 1410px, 100vw\" \/><\/h1>\n<h2><strong>Kamyon Vin\u00e7leri \u0130\u00e7in Silindir Serisi:<\/strong><\/h2>\n<h2><img loading=\"lazy\" decoding=\"async\" class=\"alignnone size-full wp-image-17123\" src=\"https:\/\/www.hydraulic-cylinders.net\/wp-content\/uploads\/2025\/02\/cylinder-series-for-truck-cranes-2.webp\" alt=\"\" width=\"1240\" height=\"825\" srcset=\"https:\/\/www.hydraulic-cylinders.net\/wp-content\/uploads\/2025\/02\/cylinder-series-for-truck-cranes-2.webp 1240w, https:\/\/www.hydraulic-cylinders.net\/wp-content\/uploads\/2025\/02\/cylinder-series-for-truck-cranes-2-980x652.webp 980w, https:\/\/www.hydraulic-cylinders.net\/wp-content\/uploads\/2025\/02\/cylinder-series-for-truck-cranes-2-480x319.webp 480w\" sizes=\"(min-width: 0px) and (max-width: 480px) 480px, (min-width: 481px) and (max-width: 980px) 980px, (min-width: 981px) 1240px, 100vw\" \/><\/h2>\n<h2><strong>HCYY11112025 Kamyon Vin\u00e7leri \u0130\u00e7in \u00d6n Silindir (\u015easi Deste\u011fi) Temel \u00d6zellikleri:<\/strong><\/h2>\n<h4><strong>Y\u00fcksek Y\u00fck Kapasitesi<\/strong><\/h4>\n<p>The <strong>HCYY11112025<\/strong> \u00d6nemli a\u011f\u0131rl\u0131klara dayanacak \u015fekilde titizlikle tasarlanm\u0131\u015ft\u0131r ve bu da onu zorlu a\u011f\u0131r kald\u0131rma senaryolar\u0131 i\u00e7in m\u00fckemmel bir se\u00e7im haline getirir. Bu y\u00fcksek y\u00fck kapasitesi, operat\u00f6rlerin in\u015faat ekipmanlar\u0131ndan end\u00fcstriyel bile\u015fenlere kadar b\u00fcy\u00fck malzemeleri g\u00fcvenlik veya performanstan \u00f6d\u00fcn vermeden g\u00fcvenle ta\u015f\u0131yabilmelerini sa\u011flar. Sa\u011flam tasar\u0131m\u0131, ar\u0131za riskini en aza indirerek y\u00fcksek bas\u0131n\u00e7l\u0131 ortamlarda daha verimli \u00e7al\u0131\u015fma imkan\u0131 sunar.<\/p>\n<h4><strong>Dayan\u0131kl\u0131 Yap\u0131<\/strong><\/h4>\n<p>Birinci s\u0131n\u0131f malzemelerden \u00fcretilen HCYY11112025, a\u015f\u0131nmaya ve y\u0131pranmaya kar\u015f\u0131 dayan\u0131kl\u0131 bir yap\u0131ya sahiptir ve en zorlu ko\u015fullarda bile ola\u011fan\u00fcst\u00fc uzun \u00f6m\u00fcrl\u00fcl\u00fck sa\u011flar. Bu dayan\u0131kl\u0131l\u0131k, daha az s\u0131kl\u0131kta de\u011fi\u015ftirme ve onar\u0131m anlam\u0131na gelir; bu da i\u015fletmeler i\u00e7in daha d\u00fc\u015f\u00fck i\u015fletme maliyetleri demektir. A\u015f\u0131r\u0131 s\u0131cakl\u0131klara, a\u011f\u0131r y\u00fcklere ve zorlu \u00e7evresel fakt\u00f6rlere dayanabilen bu silindir, her g\u00fcn g\u00fcvenilir bir \u015fekilde \u00e7al\u0131\u015fmak \u00fczere tasarlanm\u0131\u015ft\u0131r.<\/p>\n<h4><strong>Korozyon Direnci<\/strong><\/h4>\n<p>\u00d6zel bir koruyucu kaplama ile donat\u0131lm\u0131\u015f olan HCYY11112025, pas ve korozyonu etkili bir \u015fekilde \u00f6nleyerek zaman i\u00e7inde tutarl\u0131 performans\u0131n korunmas\u0131 i\u00e7in hayati \u00f6nem ta\u015f\u0131r. Bu \u00f6zellik, \u00f6zellikle k\u0131y\u0131 b\u00f6lgeleri veya end\u00fcstriyel alanlar gibi nemli veya a\u015f\u0131nd\u0131r\u0131c\u0131 ortamlarda \u00e7al\u0131\u015fan vin\u00e7ler i\u00e7in faydal\u0131d\u0131r. Silindiri d\u0131\u015f etkenlerin zararl\u0131 etkilerinden koruyarak, operat\u00f6rler ekipmanlar\u0131n\u0131n b\u00fct\u00fcnl\u00fc\u011f\u00fcn\u00fc ve i\u015flevselli\u011fini koruyaca\u011f\u0131ndan emin olabilir ve genel operasyonel verimlili\u011fi art\u0131rabilirler.<\/p>\n<h4><strong>Kolay Kurulum<\/strong><\/h4>\n<p>HCYY11112025, mevcut vin\u00e7 sistemlerine kolay entegrasyon i\u00e7in tasarlanm\u0131\u015ft\u0131r ve bu da kurulum s\u0131ras\u0131nda ar\u0131za s\u00fcresini \u00f6nemli \u00f6l\u00e7\u00fcde en aza indirir. Operat\u00f6rler eski silindirleri HCYY11112025 ile h\u0131zl\u0131 bir \u015fekilde de\u011fi\u015ftirebilir ve uzun s\u00fcreli kesintiler olmadan i\u015flerine geri d\u00f6nebilirler. Bu kullan\u0131c\u0131 dostu kurulum s\u00fcreci sadece zamandan tasarruf sa\u011flamakla kalmaz, ayn\u0131 zamanda i\u015f\u00e7ilik maliyetlerini de d\u00fc\u015f\u00fcrerek, operasyonlar\u0131n\u0131 optimize etmeyi hedefleyen i\u015fletmeler i\u00e7in cazip bir se\u00e7enek haline gelir.<\/p>\n<h4><strong>Hassas M\u00fchendislik<\/strong><\/h4>\n<p>Hassas \u00f6zelliklere g\u00f6re \u00fcretilen HCYY11112025, \u00e7ok \u00e7e\u015fitli kamyon vin\u00e7 modelleriyle optimum performans ve uyumluluk sa\u011flar. Bu hassas m\u00fchendislik, silindirin vincin hidrolik sistemine kusursuz bir \u015fekilde oturmas\u0131 sayesinde daha sorunsuz \u00e7al\u0131\u015fma ve daha y\u00fcksek g\u00fcvenilirlik anlam\u0131na gelir. Operat\u00f6rler, her kald\u0131rma i\u015fleminin do\u011fru bir \u015fekilde ger\u00e7ekle\u015ftirilece\u011fine g\u00fcvenebilir, bu da \u015fantiyede hem g\u00fcvenli\u011fi hem de verimlili\u011fi art\u0131r\u0131r. HCYY11112025 gibi titizlikle tasarlanm\u0131\u015f bir bile\u015fene yat\u0131r\u0131m yaparak, i\u015fletmeler operasyonel standartlar\u0131n\u0131 y\u00fckseltebilir ve \u00fcst\u00fcn sonu\u00e7lar elde edebilir.<\/p>\n<h2><strong>Vin\u00e7lerin kald\u0131rma i\u015flemleri s\u0131ras\u0131nda stabilitesini art\u0131rmada, \u00e7er\u00e7eve deste\u011fi i\u00e7in kullan\u0131lan \u00f6n silindirin rol\u00fc nedir?<\/strong><\/h2>\n<p>The <strong>\u00c7er\u00e7eve Deste\u011fi i\u00e7in \u00d6n Silindir<\/strong> Kald\u0131rma i\u015flemleri s\u0131ras\u0131nda kamyon vin\u00e7lerinin stabilitesini \u00f6nemli \u00f6l\u00e7\u00fcde art\u0131ran \u00e7ok \u00f6nemli bir bile\u015fendir. Etkisi, \u00e7e\u015fitli kritik fonksiyonlar arac\u0131l\u0131\u011f\u0131yla incelenebilir:<\/p>\n<h4><strong>1. A\u011f\u0131rl\u0131k Da\u011f\u0131l\u0131m\u0131<\/strong><\/h4>\n<ul>\n<li>\u00d6n silindir, y\u00fck\u00fcn vin\u00e7 \u00e7er\u00e7evesine e\u015fit \u015fekilde da\u011f\u0131t\u0131lmas\u0131nda \u00e7ok \u00f6nemli bir rol oynar. Bu dengeli da\u011f\u0131t\u0131m, \u00f6zellikle a\u011f\u0131r veya d\u00fczensiz y\u00fcklerin ta\u015f\u0131nmas\u0131nda hayati \u00f6neme sahiptir, \u00e7\u00fcnk\u00fc herhangi bir noktada a\u015f\u0131r\u0131 gerilmeyi \u00f6nler. Dengeyi koruyarak, silindir vincin verimli \u00e7al\u0131\u015fmas\u0131na yard\u0131mc\u0131 olur ve yap\u0131sal ar\u0131za riskini azalt\u0131r.<\/li>\n<\/ul>\n<h4><strong>2. Yap\u0131sal G\u00fc\u00e7lendirme<\/strong><\/h4>\n<ul>\n<li>Temel bir yap\u0131sal eleman g\u00f6revi g\u00f6ren \u00f6n silindir, vincin \u00e7er\u00e7evesinin genel b\u00fct\u00fcnl\u00fc\u011f\u00fcn\u00fc g\u00fc\u00e7lendirir. Bu g\u00fc\u00e7lendirme, y\u00fck alt\u0131nda esneme veya e\u011filmeyi \u00f6nlemek i\u00e7in gereklidir; aksi takdirde dengesizlik olu\u015fabilir. Sa\u011flam bir \u00e7er\u00e7eve ile vin\u00e7, \u00e7e\u015fitli kald\u0131rma g\u00f6revlerini g\u00fcvenle yerine getirebilir, g\u00fcvenilirlik ve uzun \u00f6m\u00fcrl\u00fcl\u00fck sa\u011flar.<\/li>\n<\/ul>\n<h4><strong>3. \u015eok Emme<\/strong><\/h4>\n<ul>\n<li>Silindirin \u00f6nemli i\u015flevlerinden biri, kald\u0131rma ve indirme i\u015flemleri s\u0131ras\u0131nda olu\u015fan \u015foklar\u0131 ve titre\u015fimleri emme yetene\u011fidir. Bu kuvvetleri s\u00f6n\u00fcmleyerek, silindir bunlar\u0131n vin\u00e7 yap\u0131s\u0131 \u00fczerindeki etkisini en aza indirir. Bu \u015fok emilimi sadece dengeyi art\u0131rmakla kalmaz, ayn\u0131 zamanda daha sorunsuz i\u015flemlere katk\u0131da bulunur ve ekipman \u00fczerindeki a\u015f\u0131nma ve y\u0131pranmay\u0131 azalt\u0131r.<\/li>\n<\/ul>\n<h4><strong>4. Geli\u015ftirilmi\u015f Kontrol<\/strong><\/h4>\n<ul>\n<li>\u00d6n silindirin sa\u011flad\u0131\u011f\u0131 g\u00fcvenilir destek, kald\u0131rma manevralar\u0131 s\u0131ras\u0131nda vincin kontrol\u00fcn\u00fc art\u0131r\u0131r. Operat\u00f6rler, devrilme veya denge kayb\u0131 riski olmadan hassas hareketler yapmalar\u0131na olanak tan\u0131yan artan hassasiyetten faydalan\u0131r. Bu geli\u015fmi\u015f kontrol, \u00f6zellikle do\u011frulu\u011fun \u00e7ok \u00f6nemli oldu\u011fu karma\u015f\u0131k kald\u0131rma senaryolar\u0131nda avantajl\u0131d\u0131r.<\/li>\n<\/ul>\n<h4><strong>5. Geli\u015ftirilmi\u015f G\u00fcvenlik<\/strong><\/h4>\n<ul>\n<li>\u0130\u015f sahas\u0131nda denge, do\u011frudan g\u00fcvenlikle ba\u011flant\u0131l\u0131d\u0131r. \u0130yi desteklenmi\u015f bir vin\u00e7, kaza ve yaralanma riskini \u00f6nemli \u00f6l\u00e7\u00fcde azaltarak hem operat\u00f6rleri hem de \u00e7evredeki ki\u015fileri korur. \u00d6n silindirin dengeyi sa\u011flamadaki kritik rol\u00fc, kald\u0131rma i\u015flemlerinin g\u00fcvenle ger\u00e7ekle\u015ftirilebilmesini sa\u011flayarak daha g\u00fcvenli bir \u00e7al\u0131\u015fma ortam\u0131 olu\u015fturur.<\/li>\n<\/ul>\n<h4><strong>6. Operasyonel Verimlilik<\/strong><\/h4>\n<ul>\n<li>\u00d6n silindir, denge ve kontrol sa\u011flayarak operasyonel verimlili\u011fin artmas\u0131na katk\u0131da bulunur. Vin\u00e7ler kald\u0131rma i\u015flemlerini daha h\u0131zl\u0131 ve do\u011fru bir \u015fekilde tamamlayarak \u00fcretkenli\u011fi art\u0131r\u0131r. Bu verimlilik sadece zamandan tasarruf sa\u011flamakla kalmaz, ayn\u0131 zamanda i\u015fletme maliyetlerini de d\u00fc\u015f\u00fcrerek her vin\u00e7 i\u015fletmesi i\u00e7in de\u011ferli bir yat\u0131r\u0131m haline gelir.<\/li>\n<\/ul>\n<p>\u00d6zetle, <strong>\u00c7er\u00e7eve Deste\u011fi i\u00e7in \u00d6n Silindir<\/strong> Vin\u00e7lerin kald\u0131rma i\u015flemleri s\u0131ras\u0131nda stabilitesini ve g\u00fcvenli\u011fini art\u0131rmak i\u00e7in vazge\u00e7ilmezdir. A\u011f\u0131rl\u0131k da\u011f\u0131l\u0131m\u0131, yap\u0131sal g\u00fc\u00e7lendirme, \u015fok emilimi, iyile\u015ftirilmi\u015f kontrol ve genel operasyonel verimlilik gibi i\u015flevleri bir araya gelerek g\u00fcvenilir bir kald\u0131rma \u00e7\u00f6z\u00fcm\u00fc olu\u015fturur. Kaliteli bir \u00f6n silindire yat\u0131r\u0131m yapmak yaln\u0131zca performans\u0131 optimize etmekle kalmaz, ayn\u0131 zamanda daha g\u00fcvenli ve daha verimli bir \u00e7al\u0131\u015fma ortam\u0131 sa\u011flar.<\/p>\n<h2><strong>Forklift Silindir \u00dcretim Alan\u0131:<\/strong><\/h2>\n<h2><img loading=\"lazy\" decoding=\"async\" class=\"alignnone size-full wp-image-16972\" src=\"https:\/\/www.hydraulic-cylinders.net\/wp-content\/uploads\/2025\/01\/hydraulic-cylinder-factory-1-scaled.webp\" alt=\"\" width=\"2016\" height=\"2560\" srcset=\"https:\/\/www.hydraulic-cylinders.net\/wp-content\/uploads\/2025\/01\/hydraulic-cylinder-factory-1-scaled.webp 2016w, https:\/\/www.hydraulic-cylinders.net\/wp-content\/uploads\/2025\/01\/hydraulic-cylinder-factory-1-1280x1625.webp 1280w, https:\/\/www.hydraulic-cylinders.net\/wp-content\/uploads\/2025\/01\/hydraulic-cylinder-factory-1-980x1244.webp 980w, https:\/\/www.hydraulic-cylinders.net\/wp-content\/uploads\/2025\/01\/hydraulic-cylinder-factory-1-480x610.webp 480w\" sizes=\"(min-width: 0px) and (max-width: 480px) 480px, (min-width: 481px) and (max-width: 980px) 980px, (min-width: 981px) and (max-width: 1280px) 1280px, (min-width: 1281px) 2016px, 100vw\" \/><\/h2>\n<p>Montaja adanm\u0131\u015f, son teknoloji \u00fcr\u00fcn\u00fc ba\u011f\u0131ms\u0131z bir Ar-Ge platformuna sahip olmam\u0131z, \u00fcretim s\u00fcre\u00e7lerimizde en \u00fcst d\u00fczey inovasyon ve kaliteyi garanti alt\u0131na almaktad\u0131r. Forklift silindiri \u00fcretim at\u00f6lyemizde, toplamda y\u0131lda bir milyon adede kadar \u00fcnite \u00fcretecek \u015fekilde tasarlanm\u0131\u015f d\u00f6rt adet yar\u0131 otomatik kald\u0131rma silindiri montaj hatt\u0131 ve tam otomatik bir devirme silindiri montaj hatt\u0131 bulunmaktad\u0131r.<\/p>\n<p>Ayr\u0131ca, \u00f6zel silindir at\u00f6lyemiz, y\u0131ll\u0131k 200.000 adet \u00fcretim kapasitesine sahip, \u00e7e\u015fitli \u00f6zelliklere g\u00f6re uyarlanm\u0131\u015f yar\u0131 otomatik temizleme ve montaj sistemleriyle donat\u0131lm\u0131\u015ft\u0131r. Y\u00fcksek hassasiyetli silindir i\u015fleme i\u00e7in tan\u0131nm\u0131\u015f CNC ekipmanlar\u0131, i\u015fleme merkezleri ve \u00f6zel aletler kullan\u0131yoruz. Tesisimizde ayr\u0131ca geli\u015fmi\u015f robotik kaynak makineleri, otomatik temizleme sistemleri ve tam otomatik silindir montaj ve boyama hatlar\u0131 bulunmaktad\u0131r. 300'den fazla \u00f6nemli ekipman\u0131m\u0131zla, kaynak tahsisini optimize ediyor ve verimli kullan\u0131m sa\u011flayarak, s\u0131k\u0131 hassasiyet ve kalite standartlar\u0131n\u0131 kar\u015f\u0131l\u0131yoruz.<\/p>\n<p>Tala\u015fl\u0131 imalat at\u00f6lyemizde \u00f6zel e\u011fimli k\u0131lavuz rayl\u0131 torna tezgahlar\u0131, i\u015fleme merkezleri, y\u00fcksek h\u0131zl\u0131 honlama makineleri, kaynak robotlar\u0131 ve di\u011fer temel ekipmanlar bulunmaktad\u0131r. Bu kurulum, maksimum i\u00e7 \u00e7ap\u0131 400 mm ve uzunlu\u011fu 6 metreye kadar olan silindir borular\u0131n\u0131n i\u015flenmesini sa\u011flayarak \u00fcretim kapasitemizi daha da art\u0131rmam\u0131z\u0131 sa\u011flar.<\/p>\n<h2><img loading=\"lazy\" decoding=\"async\" class=\"alignnone size-full wp-image-16973\" src=\"https:\/\/www.hydraulic-cylinders.net\/wp-content\/uploads\/2025\/01\/hydraulic-cylinder-factory-2-scaled.webp\" alt=\"\" width=\"2011\" height=\"2560\" srcset=\"https:\/\/www.hydraulic-cylinders.net\/wp-content\/uploads\/2025\/01\/hydraulic-cylinder-factory-2-scaled.webp 2011w, https:\/\/www.hydraulic-cylinders.net\/wp-content\/uploads\/2025\/01\/hydraulic-cylinder-factory-2-1280x1629.webp 1280w, https:\/\/www.hydraulic-cylinders.net\/wp-content\/uploads\/2025\/01\/hydraulic-cylinder-factory-2-980x1248.webp 980w, https:\/\/www.hydraulic-cylinders.net\/wp-content\/uploads\/2025\/01\/hydraulic-cylinder-factory-2-480x611.webp 480w\" sizes=\"(min-width: 0px) and (max-width: 480px) 480px, (min-width: 481px) and (max-width: 980px) 980px, (min-width: 981px) and (max-width: 1280px) 1280px, (min-width: 1281px) 2011px, 100vw\" \/><\/h2>\n<p>K\u00fc\u00e7\u00fck ve orta boy silindirler i\u00e7in \u00f6zel olarak tasarlanm\u0131\u015f, otomatik y\u00fckleme, bo\u015faltma ve p\u00fcsk\u00fcrtme robotlar\u0131na sahip, tam otomatik su bazl\u0131 boya kaplama hatt\u0131m\u0131z bulunmaktad\u0131r. Bu son teknoloji sistem, vardiya ba\u015f\u0131na 4.000 adet \u00fcretim kapasitesine sahiptir. Ayr\u0131ca, b\u00fcy\u00fck \u00f6l\u00e7ekli silindirler i\u00e7in zincir tahrikli, vardiya ba\u015f\u0131na 60 kasa tasar\u0131m kapasitesine sahip yar\u0131 otomatik bir boyama hatt\u0131m\u0131z da bulunmaktad\u0131r.<\/p>\n<p>\u00dcr\u00fcn performans\u0131n\u0131 art\u0131rmak ve hidrolik silindir sekt\u00f6r\u00fcndeki liderli\u011fimizi peki\u015ftirmek i\u00e7in, hidrolik silindirler, valfler ve pompalara \u00f6zel kapsaml\u0131 bir performans laboratuvar\u0131 kurmak \u00fczere ZJIMEE ile ortakl\u0131k kurduk. Bu geli\u015fmi\u015f laboratuvar, elektro-hidrolik teknolojili bilgisayar destekli testler kullanarak, do\u011frulu\u011fu ve sistem \u00e7ok y\u00f6nl\u00fcl\u00fc\u011f\u00fcn\u00fc art\u0131ran \u00f6nceden ayarlanm\u0131\u015f test ko\u015fullar\u0131 sunar. Otomatik veri toplama s\u00fcreci, i\u00e7 s\u0131z\u0131nt\u0131 ve y\u00fck verimlili\u011fi gibi \u00e7\u0131kt\u0131 verilerini toplamak i\u00e7in sens\u00f6rler kullan\u0131r ve bu veriler daha sonra bir bilgisayar taraf\u0131ndan i\u015flenerek standart birimlere (ml\/dak%) d\u00f6n\u00fc\u015ft\u00fcr\u00fcl\u00fcr.<\/p>\n<p>Ayr\u0131ca, hidrolik sistemlerimizin g\u00fcvenli\u011fini sa\u011flamak i\u00e7in ya\u011f s\u0131cakl\u0131\u011f\u0131, s\u0131v\u0131 seviyesi ve filtre cihaz\u0131 durumu gibi temel performans parametreleri i\u00e7in durum izleme sistemi uyguluyoruz. Hidrolik silindir test stand\u0131m\u0131z, hassas \u00f6l\u00e7\u00fcmler arac\u0131l\u0131\u011f\u0131yla \"y\u00fck verimlili\u011fi\" ve \"i\u00e7 s\u0131z\u0131nt\u0131\" de\u011ferlerini de\u011ferlendirebilir. Ayr\u0131ca, hidrolik silindir \u00fcr\u00fcnleri i\u00e7in t\u00fcm test gerekliliklerine uyumu garanti eden ulusal standartlar\u0131 kar\u015f\u0131layan bir \u0131zgara cetveli \u00f6l\u00e7\u00fcm cihaz\u0131 ile donat\u0131lm\u0131\u015ft\u0131r.<\/p>\n<p>&nbsp;<\/p>","protected":false},"excerpt":{"rendered":"<p>HCYY11112025 Front Cylinder For Frame Support For Truck Cranes The HCYY11112025 Front Cylinder is an essential component that significantly enhances the structural integrity and operational efficiency of truck cranes. This high-performance cylinder delivers robust support for the crane&#8217;s frame, ensuring stability during lifting operations. Engineered to meet the stringent demands of various industrial applications, the [&hellip;]<\/p>","protected":false},"featured_media":17131,"comment_status":"open","ping_status":"closed","template":"","meta":{"_et_pb_use_builder":"","_et_pb_old_content":"","_et_gb_content_width":""},"product_brand":[],"product_cat":[1514,1549,1376],"product_tag":[],"class_list":{"0":"post-17125","1":"product","2":"type-product","3":"status-publish","4":"has-post-thumbnail","6":"product_cat-mobile-crane-hydraulic-cylinders","7":"product_cat-single-acting-hydraulic-cylinder","8":"product_cat-hydraulic-cylinder","10":"first","11":"instock","12":"shipping-taxable","13":"product-type-simple"},"amp_enabled":true,"_links":{"self":[{"href":"https:\/\/www.hydraulic-cylinders.net\/tr\/wp-json\/wp\/v2\/product\/17125","targetHints":{"allow":["GET"]}}],"collection":[{"href":"https:\/\/www.hydraulic-cylinders.net\/tr\/wp-json\/wp\/v2\/product"}],"about":[{"href":"https:\/\/www.hydraulic-cylinders.net\/tr\/wp-json\/wp\/v2\/types\/product"}],"replies":[{"embeddable":true,"href":"https:\/\/www.hydraulic-cylinders.net\/tr\/wp-json\/wp\/v2\/comments?post=17125"}],"wp:featuredmedia":[{"embeddable":true,"href":"https:\/\/www.hydraulic-cylinders.net\/tr\/wp-json\/wp\/v2\/media\/17131"}],"wp:attachment":[{"href":"https:\/\/www.hydraulic-cylinders.net\/tr\/wp-json\/wp\/v2\/media?parent=17125"}],"wp:term":[{"taxonomy":"product_brand","embeddable":true,"href":"https:\/\/www.hydraulic-cylinders.net\/tr\/wp-json\/wp\/v2\/product_brand?post=17125"},{"taxonomy":"product_cat","embeddable":true,"href":"https:\/\/www.hydraulic-cylinders.net\/tr\/wp-json\/wp\/v2\/product_cat?post=17125"},{"taxonomy":"product_tag","embeddable":true,"href":"https:\/\/www.hydraulic-cylinders.net\/tr\/wp-json\/wp\/v2\/product_tag?post=17125"}],"curies":[{"name":"wp","href":"https:\/\/api.w.org\/{rel}","templated":true}]}}