{"id":17147,"date":"2025-02-07T06:47:22","date_gmt":"2025-02-07T06:47:22","guid":{"rendered":"https:\/\/www.hydraulic-cylinders.net\/?post_type=product&#038;p=17147"},"modified":"2025-04-15T05:52:21","modified_gmt":"2025-04-15T05:52:21","slug":"wind-power-series-cylinders","status":"publish","type":"product","link":"https:\/\/www.hydraulic-cylinders.net\/tr\/urun\/wind-power-series-cylinders\/","title":{"rendered":"R\u00fczgar Enerjisi Serisi Silindirler"},"content":{"rendered":"<h1 style=\"text-align: center;\"><strong>R\u00fczgar Enerjisi Serisi Silindirler<\/strong><\/h1>\n<h1 style=\"text-align: center;\">\u00a0<img loading=\"lazy\" decoding=\"async\" class=\"alignnone size-full wp-image-17149\" src=\"https:\/\/www.hydraulic-cylinders.net\/wp-content\/uploads\/2025\/02\/wind_power_series_cylinders-1-removebg-preview.webp\" alt=\"\" width=\"644\" height=\"644\" srcset=\"https:\/\/www.hydraulic-cylinders.net\/wp-content\/uploads\/2025\/02\/wind_power_series_cylinders-1-removebg-preview.webp 644w, https:\/\/www.hydraulic-cylinders.net\/wp-content\/uploads\/2025\/02\/wind_power_series_cylinders-1-removebg-preview-480x480.webp 480w\" sizes=\"(min-width: 0px) and (max-width: 480px) 480px, (min-width: 481px) 644px, 100vw\" \/><\/h1>\n<p>The <strong>R\u00fczgar Enerjisi Serisi Silindirler<\/strong> R\u00fczgar enerjisi sekt\u00f6r\u00fc i\u00e7in \u00f6zel olarak tasarlanm\u0131\u015f olup, \u00e7e\u015fitli uygulamalarda g\u00fcvenilir ve verimli performans sunar. Bu silindirler, r\u00fczgar enerjisinden yararlanan mekanizmalar\u0131n kontrol\u00fcnde hayati bir rol oynar ve r\u00fczgar t\u00fcrbinlerinin verimlili\u011fini ve etkinli\u011fini \u00f6nemli \u00f6l\u00e7\u00fcde art\u0131r\u0131r. Hassasiyetle \u00fcretilen ve sekt\u00f6r\u00fcn zorluklar\u0131na dayanacak \u015fekilde \u00fcretilen bu silindirler, h\u0131zla b\u00fcy\u00fcyen bu alan\u0131n zorlu gereksinimlerini kar\u015f\u0131lar.<\/p>\n<p>Dayan\u0131kl\u0131l\u0131k, verimlilik ve kullan\u0131c\u0131 dostu \u00f6zellikleri bir arada sunan Wind Power Serisi Silindirler, r\u00fczgar enerjisi uygulamalar\u0131 i\u00e7in g\u00fcvenilir bir se\u00e7enek olarak \u00f6ne \u00e7\u0131k\u0131yor. Y\u00fcksek y\u00fck kapasiteleri ve korozyona dayan\u0131kl\u0131 \u00f6zellikleri, onlar\u0131 r\u00fczgar t\u00fcrbini operasyonlar\u0131n\u0131n zorlu ortamlar\u0131 i\u00e7in ideal k\u0131l\u0131yor. Operat\u00f6rler, \u00f6nerilen kullan\u0131m ve bak\u0131m uygulamalar\u0131na uyarak bu silindirlerin y\u0131llarca optimum performans g\u00f6stermesini sa\u011flayabilirler. Bu silindirlere yat\u0131r\u0131m yapmak, r\u00fczgar enerjisi sistemlerinin g\u00fcvenilirli\u011fini art\u0131rman\u0131n yan\u0131 s\u0131ra s\u00fcrd\u00fcr\u00fclebilir bir gelece\u011fi de destekler.<\/p>\n<h2><strong>R\u00fczgar Enerjisi Serisi Silindir Parametresi:<\/strong><\/h2>\n<h2><img loading=\"lazy\" decoding=\"async\" class=\"alignnone size-full wp-image-17148\" style=\"color: #666666; font-size: 14px;\" src=\"https:\/\/www.hydraulic-cylinders.net\/wp-content\/uploads\/2025\/02\/wind-power-series-cylinders-2.webp\" alt=\"\" width=\"1394\" height=\"731\" srcset=\"https:\/\/www.hydraulic-cylinders.net\/wp-content\/uploads\/2025\/02\/wind-power-series-cylinders-2.webp 1394w, https:\/\/www.hydraulic-cylinders.net\/wp-content\/uploads\/2025\/02\/wind-power-series-cylinders-2-1280x671.webp 1280w, https:\/\/www.hydraulic-cylinders.net\/wp-content\/uploads\/2025\/02\/wind-power-series-cylinders-2-980x514.webp 980w, https:\/\/www.hydraulic-cylinders.net\/wp-content\/uploads\/2025\/02\/wind-power-series-cylinders-2-480x252.webp 480w\" sizes=\"(min-width: 0px) and (max-width: 480px) 480px, (min-width: 481px) and (max-width: 980px) 980px, (min-width: 981px) and (max-width: 1280px) 1280px, (min-width: 1281px) 1394px, 100vw\" \/><\/h2>\n<p>\u00b7Silindir modu: HCYY11112028<br \/>\n\u00b7\u00c7al\u0131\u015fma bas\u0131nc\u0131: 16MPa<br \/>\n\u00b7Maksimum dayan\u0131m bas\u0131nc\u0131: 25MPa<br \/>\n\u00b7Silindir t\u00fcp\u00fcn\u00fcn \u00e7ap\u0131: 100mm<br \/>\n\u00b7Piston \u00e7ubu\u011fu \u00e7ap\u0131: 50mm<br \/>\n\u00b7Pim \u00e7ap\u0131: 150 mm<br \/>\n\u00b7Gezi: 80mm<br \/>\n\u00b7Silindir uzunlu\u011fu: 855 mm<br \/>\n\u00b7A\u011f\u0131rl\u0131k: 140kg<\/p>\n<h2><strong>R\u00fczgar Enerjisi Serisi Silindirlerin Temel \u00d6zellikleri:<\/strong><\/h2>\n<h4><strong>Y\u00fcksek Y\u00fck Kapasitesi<\/strong><\/h4>\n<p>Wind Power Serisi Silindirler, r\u00fczgar enerjisinin zorlu uygulamalar\u0131 i\u00e7in hayati \u00f6nem ta\u015f\u0131yan a\u011f\u0131r y\u00fckleri desteklemede m\u00fckemmeldir. Sa\u011flam tasar\u0131mlar\u0131, \u015fiddetli r\u00fczgarlar veya a\u015f\u0131r\u0131 hava ko\u015fullar\u0131 gibi zorlu ko\u015fullarda g\u00fcvenilir bir \u015fekilde \u00e7al\u0131\u015fabilmelerini sa\u011flar. Bu \u00f6zellik, r\u00fczgar t\u00fcrbinlerinin verimlili\u011fini art\u0131rman\u0131n yan\u0131 s\u0131ra, operat\u00f6rlere ekipmanlar\u0131n\u0131n g\u00fcvenlik veya performanstan \u00f6d\u00fcn vermeden \u00f6nemli a\u011f\u0131rl\u0131klar\u0131 kald\u0131rabilece\u011fini bilme g\u00fcveni de kazand\u0131r\u0131r.<\/p>\n<h4><strong>Dayan\u0131kl\u0131 Yap\u0131<\/strong><\/h4>\n<p>Birinci s\u0131n\u0131f malzemelerden \u00fcretilen bu silindirler, zamanla a\u015f\u0131nma ve y\u0131pranmaya kar\u015f\u0131 dayan\u0131kl\u0131 olacak \u015fekilde tasarlanm\u0131\u015ft\u0131r. Dayan\u0131kl\u0131 yap\u0131lar\u0131, s\u0131k s\u0131k de\u011fi\u015ftirme ihtiyac\u0131n\u0131 \u00f6nemli \u00f6l\u00e7\u00fcde azaltarak uzun vadeli operasyonlar i\u00e7in uygun maliyetli bir se\u00e7enek haline getirir. Zorlu \u00e7evre ko\u015fullar\u0131na veya g\u00fcnl\u00fck kullan\u0131m\u0131n zorluklar\u0131na maruz kalsalar da, silindirler b\u00fct\u00fcnl\u00fcklerini koruyarak r\u00fczgar enerjisi sistemlerinin sorunsuz ve verimli bir \u015fekilde \u00e7al\u0131\u015fmas\u0131n\u0131 sa\u011flar.<\/p>\n<h4><strong>Korozyon Direnci<\/strong><\/h4>\n<p>\u00d6zel bir kaplama ile donat\u0131lan silindirler, paslanmaya ve \u00e7evresel hasara kar\u015f\u0131 dayan\u0131kl\u0131d\u0131r. Bu korozyon direnci, nem, tuz ve di\u011fer sert etkenlere maruz kalman\u0131n bozulmaya yol a\u00e7abilece\u011fi d\u0131\u015f mekan uygulamalar\u0131 i\u00e7in \u00f6zellikle \u00f6nemlidir. Silindirleri korozyondan koruyan bu \u00f6zellik, kullan\u0131m \u00f6m\u00fcrlerini uzatman\u0131n yan\u0131 s\u0131ra bak\u0131m maliyetlerini de en aza indirerek operat\u00f6rlerin enerji \u00fcretimini en \u00fcst d\u00fczeye \u00e7\u0131karmalar\u0131na olanak tan\u0131r.<\/p>\n<h4><strong>Hassas M\u00fchendislik<\/strong><\/h4>\n<p>Tam olarak belirtilen \u00f6zelliklere g\u00f6re \u00fcretilen Wind Power Serisi Silindirler, \u00e7e\u015fitli r\u00fczgar t\u00fcrbini modelleriyle kusursuz uyumluluk sa\u011flar. Bu hassas m\u00fchendislik, mevcut sistemlere kolay kurulum ve entegrasyon sa\u011flayarak operasyonel sorun riskini azalt\u0131r. Bu silindirlerle operat\u00f6rler, kendi t\u00fcrbin kurulumlar\u0131nda optimum performans g\u00f6sterecek \u015fekilde tasarlanm\u0131\u015f bile\u015fenler kulland\u0131klar\u0131ndan emin olarak g\u00f6n\u00fcl rahatl\u0131\u011f\u0131 ya\u015fayabilirler.<\/p>\n<h4><strong>Kolay Kurulum<\/strong><\/h4>\n<p>Kullan\u0131c\u0131 kolayl\u0131\u011f\u0131 d\u00fc\u015f\u00fcn\u00fclerek tasarlanan silindirler, h\u0131zl\u0131 ve sorunsuz kurulum sa\u011flar. Sezgisel tasar\u0131mlar\u0131, kurulum s\u0131ras\u0131ndaki kesintileri en aza indirerek operat\u00f6rlerin sistemlerini h\u0131zla kurup \u00e7al\u0131\u015ft\u0131rmalar\u0131n\u0131 sa\u011flar. Bu kolay kurulum, operasyonel verimlili\u011fi art\u0131rman\u0131n yan\u0131 s\u0131ra bak\u0131m ihtiya\u00e7lar\u0131na daha h\u0131zl\u0131 yan\u0131t vererek r\u00fczgar enerjisi sistemlerinin her zaman verimli kalmas\u0131n\u0131 sa\u011flar.<\/p>\n<p>Bu \u00f6zelliklerin vurgulanmas\u0131yla HCYY11112028 R\u00fczgar Enerjisi Serisi Silindirler, r\u00fczgar enerjisi sekt\u00f6r\u00fcn\u00fcn geli\u015fen taleplerini kar\u015f\u0131layan ola\u011fan\u00fcst\u00fc bir performans sunar.<\/p>\n<h2><strong>R\u00fczgar Enerjisi Serisi Silindirlerin Korozyon Direnci D\u0131\u015f Ortamlardaki Performanslar\u0131n\u0131 Nas\u0131l Art\u0131r\u0131r?<\/strong><\/h2>\n<p>Kesinlikle! \u0130\u015fte R\u00fczgar G\u00fcc\u00fc Serisi Silindirlerin korozyon direncinin d\u0131\u015f ortamlardaki performanslar\u0131n\u0131 nas\u0131l art\u0131rd\u0131\u011f\u0131na dair daha ilgi \u00e7ekici ve ayr\u0131nt\u0131l\u0131 bir inceleme:<\/p>\n<h4><strong>1. Uzun \u00d6m\u00fcr<\/strong><\/h4>\n<p>Silindirlerdeki \u00f6zel korozyon \u00f6nleyici kaplama, pas ve bozulmaya kar\u015f\u0131 g\u00fc\u00e7l\u00fc bir bariyer g\u00f6revi g\u00f6r\u00fcr. Bu koruyucu tabaka, nem, tuz p\u00fcsk\u00fcrtme ve s\u0131cakl\u0131k dalgalanmalar\u0131n\u0131n yayg\u0131n oldu\u011fu ortamlarda \u00f6zellikle de\u011ferlidir. Silindirlerin kullan\u0131m \u00f6mr\u00fcn\u00fc \u00f6nemli \u00f6l\u00e7\u00fcde uzatarak, operat\u00f6rler yat\u0131r\u0131mlar\u0131n\u0131n zaman testine dayanaca\u011f\u0131n\u0131 bilmenin verdi\u011fi g\u00f6n\u00fcl rahatl\u0131\u011f\u0131n\u0131 ya\u015fayabilir ve sahada uzun s\u00fcreli ve kesintisiz \u00e7al\u0131\u015fma sa\u011flayabilirler.<\/p>\n<h4><strong>2. Azalt\u0131lm\u0131\u015f Bak\u0131m<\/strong><\/h4>\n<p>Korozyon direncinin \u00f6ne \u00e7\u0131kan avantajlar\u0131ndan biri, bak\u0131m gereksinimlerindeki \u00f6nemli azalmad\u0131r. Silindirler paslanmaya ve a\u015f\u0131nmaya daha az e\u011filimli oldu\u011fundan, operat\u00f6rler bak\u0131m i\u00e7in daha az kaynak (hem zaman hem de para) ay\u0131rabilirler. Bu verimlilik, bak\u0131m ekiplerinin r\u00fczgar t\u00fcrbini operasyonunun di\u011fer kritik y\u00f6nlerine odaklanarak genel verimlili\u011fi art\u0131rabilece\u011fi anlam\u0131na gelir. Sonu\u00e7 olarak, r\u00fczgar enerjisi sistemi daha sorunsuz \u00e7al\u0131\u015fabilir ve s\u00fcrekli bile\u015fen ar\u0131zas\u0131 endi\u015fesi olmadan enerji \u00e7\u0131kt\u0131s\u0131n\u0131 en \u00fcst d\u00fczeye \u00e7\u0131karabilir.<\/p>\n<h4><strong>3. Tutarl\u0131 Performans<\/strong><\/h4>\n<p>Korozyon, zamanla malzemeleri zay\u0131flatarak enerji \u00fcretimini aksatabilecek \u00e7al\u0131\u015fma d\u00fczensizliklerine yol a\u00e7abilir. Korozyona kar\u015f\u0131 g\u00fc\u00e7lendirilmi\u015f silindirler, en zorlu d\u0131\u015f mekan ko\u015fullar\u0131nda bile yap\u0131sal b\u00fct\u00fcnl\u00fcklerini ve performans standartlar\u0131n\u0131 korur. Bu g\u00fcvenilirlik, t\u00fcrbinlerin verimli bir \u015fekilde \u00e7al\u0131\u015fmas\u0131n\u0131 sa\u011flayarak optimum enerji \u00fcretimine olanak tan\u0131r. \u0130\u015fletmeciler, enerji taleplerini kar\u015f\u0131lamak ve s\u00fcrd\u00fcr\u00fclebilirlik hedeflerine ula\u015fmak i\u00e7in olmazsa olmaz olan istikrarl\u0131 performans bekleyebilirler.<\/p>\n<h4><strong>4. G\u00fcvenlik<\/strong><\/h4>\n<p>G\u00fcvenlik, her end\u00fcstriyel ortamda en \u00f6nemli unsurdur ve korozyona ba\u011fl\u0131 ar\u0131za riski g\u00f6z ard\u0131 edilemeyecek bir endi\u015fe kayna\u011f\u0131d\u0131r. Silindirler, zorlu ortamlarda dayan\u0131kl\u0131l\u0131klar\u0131n\u0131 ve i\u015flevselliklerini koruyarak bu riskleri azaltmaya yard\u0131mc\u0131 olur. Korozyon kaynakl\u0131 ar\u0131zalar\u0131 \u00f6nleyerek, bu silindirler hem personel hem de ekipman i\u00e7in daha g\u00fcvenli bir \u00e7al\u0131\u015fma ortam\u0131na katk\u0131da bulunur. G\u00fcvenli\u011fe verilen bu \u00f6nem, r\u00fczgar enerjisi sekt\u00f6r\u00fcnde g\u00fcvenilirlik ve g\u00fcven k\u00fclt\u00fcr\u00fcn\u00fc te\u015fvik eder.<\/p>\n<h4><strong>5. Maliyet Etkinli\u011fi<\/strong><\/h4>\n<p>Korozyona dayan\u0131kl\u0131 silindirlere yat\u0131r\u0131m yapmak sadece anl\u0131k performansla ilgili de\u011fil, ayn\u0131 zamanda uzun vadeli finansal tasarrufla da ilgilidir. Silindirlerin dayan\u0131kl\u0131l\u0131\u011f\u0131 ve azalan bak\u0131m ihtiya\u00e7lar\u0131, zaman i\u00e7inde \u00f6nemli maliyet tasarruflar\u0131 sa\u011flar. \u0130\u015fletmeciler, s\u0131k s\u0131k yap\u0131lan de\u011fi\u015fim ve onar\u0131mlardan kaynaklanan masraflardan ka\u00e7\u0131narak b\u00fct\u00e7e kaynaklar\u0131n\u0131n daha iyi tahsis edilmesini sa\u011flar. Bu maliyet etkinli\u011fi, bu silindirleri, g\u00fcvenilir enerji \u00fcretimi sa\u011flarken operasyonel b\u00fct\u00e7elerini optimize etmek isteyen i\u015fletmeler i\u00e7in cazip bir se\u00e7enek haline getirir.<\/p>\n<p>\u00d6zetle, Wind Power Serisi Silindirlerin korozyon direnci sadece bir \u00f6zellikten daha fazlas\u0131d\u0131r; uzun \u00f6m\u00fcrl\u00fcl\u00fc\u011f\u00fc art\u0131ran, bak\u0131m ihtiyac\u0131n\u0131 azaltan, istikrarl\u0131 performans sa\u011flayan, g\u00fcvenli\u011fi art\u0131ran ve maliyet etkinli\u011fi sa\u011flayan temel bir \u00f6zelliktir. Bu avantajlar, r\u00fczgar enerjisinden yararlanmada daha verimli ve s\u00fcrd\u00fcr\u00fclebilir bir yakla\u015f\u0131ma katk\u0131da bulunarak, bu silindirleri sekt\u00f6rde vazge\u00e7ilmez bir tercih haline getirir.<\/p>\n<h2><strong>Forklift Silindir \u00dcretim Alan\u0131:<\/strong><\/h2>\n<h2><img loading=\"lazy\" decoding=\"async\" class=\"alignnone size-full wp-image-16972\" src=\"https:\/\/www.hydraulic-cylinders.net\/wp-content\/uploads\/2025\/01\/hydraulic-cylinder-factory-1-scaled.webp\" alt=\"\" width=\"2016\" height=\"2560\" srcset=\"https:\/\/www.hydraulic-cylinders.net\/wp-content\/uploads\/2025\/01\/hydraulic-cylinder-factory-1-scaled.webp 2016w, https:\/\/www.hydraulic-cylinders.net\/wp-content\/uploads\/2025\/01\/hydraulic-cylinder-factory-1-1280x1625.webp 1280w, https:\/\/www.hydraulic-cylinders.net\/wp-content\/uploads\/2025\/01\/hydraulic-cylinder-factory-1-980x1244.webp 980w, https:\/\/www.hydraulic-cylinders.net\/wp-content\/uploads\/2025\/01\/hydraulic-cylinder-factory-1-480x610.webp 480w\" sizes=\"(min-width: 0px) and (max-width: 480px) 480px, (min-width: 481px) and (max-width: 980px) 980px, (min-width: 981px) and (max-width: 1280px) 1280px, (min-width: 1281px) 2016px, 100vw\" \/><\/h2>\n<p>Montaja adanm\u0131\u015f, son teknoloji \u00fcr\u00fcn\u00fc ba\u011f\u0131ms\u0131z bir Ar-Ge platformuna sahip olmam\u0131z, \u00fcretim s\u00fcre\u00e7lerimizde en \u00fcst d\u00fczey inovasyon ve kaliteyi garanti alt\u0131na almaktad\u0131r. Forklift silindiri \u00fcretim at\u00f6lyemizde, toplamda y\u0131lda bir milyon adede kadar \u00fcnite \u00fcretecek \u015fekilde tasarlanm\u0131\u015f d\u00f6rt adet yar\u0131 otomatik kald\u0131rma silindiri montaj hatt\u0131 ve tam otomatik bir devirme silindiri montaj hatt\u0131 bulunmaktad\u0131r.<\/p>\n<p>Ayr\u0131ca, \u00f6zel silindir at\u00f6lyemiz, y\u0131ll\u0131k 200.000 adet \u00fcretim kapasitesine sahip, \u00e7e\u015fitli \u00f6zelliklere g\u00f6re uyarlanm\u0131\u015f yar\u0131 otomatik temizleme ve montaj sistemleriyle donat\u0131lm\u0131\u015ft\u0131r. Y\u00fcksek hassasiyetli silindir i\u015fleme i\u00e7in tan\u0131nm\u0131\u015f CNC ekipmanlar\u0131, i\u015fleme merkezleri ve \u00f6zel aletler kullan\u0131yoruz. Tesisimizde ayr\u0131ca geli\u015fmi\u015f robotik kaynak makineleri, otomatik temizleme sistemleri ve tam otomatik silindir montaj ve boyama hatlar\u0131 bulunmaktad\u0131r. 300'den fazla \u00f6nemli ekipman\u0131m\u0131zla, kaynak tahsisini optimize ediyor ve verimli kullan\u0131m sa\u011flayarak, s\u0131k\u0131 hassasiyet ve kalite standartlar\u0131n\u0131 kar\u015f\u0131l\u0131yoruz.<\/p>\n<p>Tala\u015fl\u0131 imalat at\u00f6lyemizde \u00f6zel e\u011fimli k\u0131lavuz rayl\u0131 torna tezgahlar\u0131, i\u015fleme merkezleri, y\u00fcksek h\u0131zl\u0131 honlama makineleri, kaynak robotlar\u0131 ve di\u011fer temel ekipmanlar bulunmaktad\u0131r. Bu kurulum, maksimum i\u00e7 \u00e7ap\u0131 400 mm ve uzunlu\u011fu 6 metreye kadar olan silindir borular\u0131n\u0131n i\u015flenmesini sa\u011flayarak \u00fcretim kapasitemizi daha da art\u0131rmam\u0131z\u0131 sa\u011flar.<\/p>\n<h2><img loading=\"lazy\" decoding=\"async\" class=\"alignnone size-full wp-image-16973\" src=\"https:\/\/www.hydraulic-cylinders.net\/wp-content\/uploads\/2025\/01\/hydraulic-cylinder-factory-2-scaled.webp\" alt=\"\" width=\"2011\" height=\"2560\" srcset=\"https:\/\/www.hydraulic-cylinders.net\/wp-content\/uploads\/2025\/01\/hydraulic-cylinder-factory-2-scaled.webp 2011w, https:\/\/www.hydraulic-cylinders.net\/wp-content\/uploads\/2025\/01\/hydraulic-cylinder-factory-2-1280x1629.webp 1280w, https:\/\/www.hydraulic-cylinders.net\/wp-content\/uploads\/2025\/01\/hydraulic-cylinder-factory-2-980x1248.webp 980w, https:\/\/www.hydraulic-cylinders.net\/wp-content\/uploads\/2025\/01\/hydraulic-cylinder-factory-2-480x611.webp 480w\" sizes=\"(min-width: 0px) and (max-width: 480px) 480px, (min-width: 481px) and (max-width: 980px) 980px, (min-width: 981px) and (max-width: 1280px) 1280px, (min-width: 1281px) 2011px, 100vw\" \/><\/h2>\n<p>K\u00fc\u00e7\u00fck ve orta boy silindirler i\u00e7in \u00f6zel olarak tasarlanm\u0131\u015f, otomatik y\u00fckleme, bo\u015faltma ve p\u00fcsk\u00fcrtme robotlar\u0131na sahip, tam otomatik su bazl\u0131 boya kaplama hatt\u0131m\u0131z bulunmaktad\u0131r. Bu son teknoloji sistem, vardiya ba\u015f\u0131na 4.000 adet \u00fcretim kapasitesine sahiptir. Ayr\u0131ca, b\u00fcy\u00fck \u00f6l\u00e7ekli silindirler i\u00e7in zincir tahrikli, vardiya ba\u015f\u0131na 60 kasa tasar\u0131m kapasitesine sahip yar\u0131 otomatik bir boyama hatt\u0131m\u0131z da bulunmaktad\u0131r.<\/p>\n<p>\u00dcr\u00fcn performans\u0131n\u0131 art\u0131rmak ve hidrolik silindir sekt\u00f6r\u00fcndeki liderli\u011fimizi peki\u015ftirmek i\u00e7in, hidrolik silindirler, valfler ve pompalara \u00f6zel kapsaml\u0131 bir performans laboratuvar\u0131 kurmak \u00fczere ZJIMEE ile ortakl\u0131k kurduk. Bu geli\u015fmi\u015f laboratuvar, elektro-hidrolik teknolojili bilgisayar destekli testler kullanarak, do\u011frulu\u011fu ve sistem \u00e7ok y\u00f6nl\u00fcl\u00fc\u011f\u00fcn\u00fc art\u0131ran \u00f6nceden ayarlanm\u0131\u015f test ko\u015fullar\u0131 sunar. Otomatik veri toplama s\u00fcreci, i\u00e7 s\u0131z\u0131nt\u0131 ve y\u00fck verimlili\u011fi gibi \u00e7\u0131kt\u0131 verilerini toplamak i\u00e7in sens\u00f6rler kullan\u0131r ve bu veriler daha sonra bir bilgisayar taraf\u0131ndan i\u015flenerek standart birimlere (ml\/dak%) d\u00f6n\u00fc\u015ft\u00fcr\u00fcl\u00fcr.<\/p>\n<p>Ayr\u0131ca, hidrolik sistemlerimizin g\u00fcvenli\u011fini sa\u011flamak i\u00e7in ya\u011f s\u0131cakl\u0131\u011f\u0131, s\u0131v\u0131 seviyesi ve filtre cihaz\u0131 durumu gibi temel performans parametreleri i\u00e7in durum izleme sistemi uyguluyoruz. Hidrolik silindir test stand\u0131m\u0131z, hassas \u00f6l\u00e7\u00fcmler arac\u0131l\u0131\u011f\u0131yla \"y\u00fck verimlili\u011fi\" ve \"i\u00e7 s\u0131z\u0131nt\u0131\" de\u011ferlerini de\u011ferlendirebilir. Ayr\u0131ca, hidrolik silindir \u00fcr\u00fcnleri i\u00e7in t\u00fcm test gerekliliklerine uyumu garanti eden ulusal standartlar\u0131 kar\u015f\u0131layan bir \u0131zgara cetveli \u00f6l\u00e7\u00fcm cihaz\u0131 ile donat\u0131lm\u0131\u015ft\u0131r.<\/p>\n<p>&nbsp;<\/p>","protected":false},"excerpt":{"rendered":"<p>Wind Power Series Cylinders \u00a0 The Wind Power Series Cylinders are specifically engineered for the wind energy sector, delivering reliable and efficient performance across various applications. These cylinders play a vital role in controlling the mechanisms that harness wind energy, significantly enhancing the efficiency and effectiveness of wind turbines. Crafted with precision and built to [&hellip;]<\/p>","protected":false},"featured_media":17150,"comment_status":"open","ping_status":"closed","template":"","meta":{"_et_pb_use_builder":"","_et_pb_old_content":"","_et_gb_content_width":""},"product_brand":[],"product_cat":[1552,1513,1376],"product_tag":[],"class_list":{"0":"post-17147","1":"product","2":"type-product","3":"status-publish","4":"has-post-thumbnail","6":"product_cat-stainless-steel-hydraulic-cylinder","7":"product_cat-wind-turbine-hydraulic-cylinders","8":"product_cat-hydraulic-cylinder","10":"first","11":"instock","12":"shipping-taxable","13":"product-type-simple"},"amp_enabled":true,"_links":{"self":[{"href":"https:\/\/www.hydraulic-cylinders.net\/tr\/wp-json\/wp\/v2\/product\/17147","targetHints":{"allow":["GET"]}}],"collection":[{"href":"https:\/\/www.hydraulic-cylinders.net\/tr\/wp-json\/wp\/v2\/product"}],"about":[{"href":"https:\/\/www.hydraulic-cylinders.net\/tr\/wp-json\/wp\/v2\/types\/product"}],"replies":[{"embeddable":true,"href":"https:\/\/www.hydraulic-cylinders.net\/tr\/wp-json\/wp\/v2\/comments?post=17147"}],"wp:featuredmedia":[{"embeddable":true,"href":"https:\/\/www.hydraulic-cylinders.net\/tr\/wp-json\/wp\/v2\/media\/17150"}],"wp:attachment":[{"href":"https:\/\/www.hydraulic-cylinders.net\/tr\/wp-json\/wp\/v2\/media?parent=17147"}],"wp:term":[{"taxonomy":"product_brand","embeddable":true,"href":"https:\/\/www.hydraulic-cylinders.net\/tr\/wp-json\/wp\/v2\/product_brand?post=17147"},{"taxonomy":"product_cat","embeddable":true,"href":"https:\/\/www.hydraulic-cylinders.net\/tr\/wp-json\/wp\/v2\/product_cat?post=17147"},{"taxonomy":"product_tag","embeddable":true,"href":"https:\/\/www.hydraulic-cylinders.net\/tr\/wp-json\/wp\/v2\/product_tag?post=17147"}],"curies":[{"name":"wp","href":"https:\/\/api.w.org\/{rel}","templated":true}]}}