{"id":1715,"date":"2023-10-11T08:42:00","date_gmt":"2023-10-11T08:42:00","guid":{"rendered":"https:\/\/hydraulic-cylinders.net\/?post_type=product&#038;p=1715"},"modified":"2025-04-11T02:59:47","modified_gmt":"2025-04-11T02:59:47","slug":"electric-furnace-lifting-cylinder","status":"publish","type":"product","link":"https:\/\/www.hydraulic-cylinders.net\/tr\/urun\/electric-furnace-lifting-cylinder\/","title":{"rendered":"Elektrikli F\u0131r\u0131n Kald\u0131rma Silindiri"},"content":{"rendered":"<h1 style=\"text-align: center;\"><strong>Elektrikli F\u0131r\u0131n Kald\u0131rma Silindiri<\/strong><\/h1>\n<p><img loading=\"lazy\" decoding=\"async\" class=\"aligncenter wp-image-1716\" src=\"https:\/\/hydraulic-cylinders.net\/wp-content\/uploads\/2023\/10\/lifting-cylinder-of-furnace-cover-1-2-300x300.webp\" alt=\"\" width=\"400\" height=\"400\" \/><\/p>\n<p>Elektrikli f\u0131r\u0131n kald\u0131rma silindiri, end\u00fcstriyel f\u0131r\u0131n operasyonlar\u0131nda verimlili\u011fi ve \u00fcretkenli\u011fi art\u0131rmak i\u00e7in tasarlanm\u0131\u015f son teknoloji bir \u00fcr\u00fcnd\u00fcr. Bu son teknoloji silindir, f\u0131r\u0131n bile\u015fenlerini kald\u0131rmak ve konumland\u0131rmak, malzeme ta\u015f\u0131ma s\u00fcre\u00e7lerini optimize etmek ve genel i\u015f ak\u0131\u015f\u0131n\u0131 iyile\u015ftirmek i\u00e7in g\u00fcvenilir ve g\u00fc\u00e7l\u00fc bir mekanizma sa\u011flar.<\/p>\n<p>Elektrikli f\u0131r\u0131n kald\u0131rma silindiri, hassas konumland\u0131rma kontrol\u00fc ve y\u00fcksek kald\u0131rma kapasitesi sa\u011flayarak end\u00fcstriyel f\u0131r\u0131n operasyonlar\u0131nda devrim yarat\u0131yor. Sa\u011flam yap\u0131s\u0131, geli\u015fmi\u015f kontrol sistemi, elektrikli akt\u00fcat\u00f6r ve hassas konumland\u0131rma yetenekleriyle bu silindir, malzeme ta\u015f\u0131may\u0131 kolayla\u015ft\u0131r\u0131r, i\u015f ak\u0131\u015f\u0131n\u0131 optimize eder ve \u00fcretkenli\u011fi art\u0131r\u0131r. \u00d6nerilen kullan\u0131m y\u00f6ntemlerini ve bak\u0131m uygulamalar\u0131n\u0131 izleyerek, elektrikli f\u0131r\u0131n kald\u0131rma silindirinin optimum \u00e7al\u0131\u015fmas\u0131n\u0131 ve uzun \u00f6m\u00fcrl\u00fc olmas\u0131n\u0131 sa\u011flayabilir, end\u00fcstriyel ortam\u0131n\u0131zda sorunsuz ve verimli f\u0131r\u0131n operasyonlar\u0131na katk\u0131da bulunabilirsiniz.<\/p>\n<p>Elektrikli F\u0131r\u0131n Kald\u0131rma Silindirinin Temel \u00d6zellikleri:<\/p>\n<ol>\n<li>Sa\u011flam Yap\u0131:\n<ul>\n<li>Elektrikli f\u0131r\u0131n kald\u0131rma silindiri, ola\u011fan\u00fcst\u00fc dayan\u0131kl\u0131l\u0131k ve uzun \u00f6m\u00fcr sa\u011flayan y\u00fcksek kaliteli malzemelerle \u00fcretilmi\u015ftir.<\/li>\n<li>Sa\u011flam yap\u0131s\u0131 sayesinde performanstan \u00f6d\u00fcn vermeden a\u011f\u0131r y\u00fcklere ve zorlu end\u00fcstriyel ortamlara dayan\u0131kl\u0131d\u0131r.<\/li>\n<\/ul>\n<\/li>\n<li>Y\u00fcksek Kald\u0131rma Kapasitesi:\n<ul>\n<li>Bu silindir y\u00fcksek kald\u0131rma kapasitesine sahip oldu\u011fundan a\u011f\u0131r f\u0131r\u0131n bile\u015fenlerinin kolayl\u0131kla ta\u015f\u0131nmas\u0131na uygundur.<\/li>\n<li>Etkileyici kald\u0131rma g\u00fcc\u00fc, verimli malzeme ta\u015f\u0131ma ve konumland\u0131rma olana\u011f\u0131 sa\u011flayarak i\u015f ak\u0131\u015f\u0131n\u0131 optimize eder ve manuel i\u015f g\u00fcc\u00fc gereksinimlerini azalt\u0131r.<\/li>\n<\/ul>\n<\/li>\n<li>Hassas Konumland\u0131rma:\n<ul>\n<li>Elektrikli f\u0131r\u0131n kald\u0131rma silindiri, geli\u015fmi\u015f operasyonel verimlilik i\u00e7in hassas ve do\u011fru konumland\u0131rma kontrol\u00fc sunar.<\/li>\n<li>Geli\u015fmi\u015f kontrol sistemi, operat\u00f6rlerin f\u0131r\u0131n bile\u015fenlerini hassas bir \u015fekilde kald\u0131rmas\u0131na ve konumland\u0131rmas\u0131na olanak tan\u0131r, hatalar\u0131 en aza indirir ve i\u015f ak\u0131\u015f\u0131n\u0131 optimize eder.<\/li>\n<\/ul>\n<\/li>\n<li>Elektrikli Akt\u00fcasyon:\n<ul>\n<li>Bu silindir, manuel kald\u0131rma veya hantal hidrolik sistemlere olan ihtiyac\u0131 ortadan kald\u0131ran elektrikli bir \u00e7al\u0131\u015ft\u0131rma sistemiyle \u00e7al\u0131\u015f\u0131r.<\/li>\n<li>Elektrikli akt\u00fcasyon, kolayl\u0131k, h\u0131z ve hassas kontrol sa\u011flayarak f\u0131r\u0131n operasyonlar\u0131n\u0131 kolayla\u015ft\u0131r\u0131r ve duru\u015f s\u00fcrelerini azalt\u0131r.<\/li>\n<\/ul>\n<\/li>\n<\/ol>\n<h2><strong>Elektrikli F\u0131r\u0131n Kald\u0131rma Silindiri Parametresi:<\/strong><\/h2>\n<table border=\"1\" cellspacing=\"0\" cellpadding=\"0\">\n<tbody>\n<tr>\n<td>\u00dcr\u00fcn Ad\u0131<\/td>\n<td>Elektrikli F\u0131r\u0131n Kald\u0131rma Silindiri<\/td>\n<\/tr>\n<tr>\n<td>Delik \u00e7ap\u0131:<\/td>\n<td>100 mm<\/td>\n<\/tr>\n<tr>\n<td>\u00c7ubuk \u00e7ap\u0131:<\/td>\n<td>70 mm<\/td>\n<\/tr>\n<tr>\n<td>Bas\u0131n\u00e7:<\/td>\n<td>14MPa<\/td>\n<\/tr>\n<tr>\n<td>\u0130tme kuvveti:<\/td>\n<td>Maksimum 53KN<\/td>\n<\/tr>\n<tr>\n<td>Elektrikli F\u0131r\u0131n Kald\u0131rma Silindiri Uygulamalar\u0131:<\/td>\n<td>Elektrikli F\u0131r\u0131n<\/td>\n<\/tr>\n<\/tbody>\n<\/table>\n<div><\/div>\n<div class=\"txtboxR\">\n<div class=\"txtboxL\">\n<div class=\"txtboxL\">\n<div class=\"txtboxL\">\n<div class=\"txtboxL\">\n<div class=\"txtboxL\">\u0130tme kuvveti:<\/div>\n<div class=\"txtboxR\">Maksimum 53KN (Delik \u00e7ap\u0131: 100mm\/\u00c7ubuk \u00e7ap\u0131: 70\/bas\u0131n\u00e714MPa)<\/div>\n<\/div>\n<\/div>\n<\/div>\n<\/div>\n<\/div>\n<h2><strong>Elektrikli F\u0131r\u0131n <\/strong><strong> Silindir Fabrikas\u0131:<\/strong><\/h2>\n<p><img loading=\"lazy\" decoding=\"async\" class=\"alignnone wp-image-1697 size-full\" src=\"https:\/\/hydraulic-cylinders.net\/wp-content\/uploads\/2023\/10\/filter-press-cylinder-1.webp\" alt=\"\" width=\"1418\" height=\"946\" srcset=\"https:\/\/hydraulic-cylinders.net\/wp-content\/uploads\/2023\/10\/filter-press-cylinder-1.webp 1418w, https:\/\/hydraulic-cylinders.net\/wp-content\/uploads\/2023\/10\/filter-press-cylinder-1-1280x854.webp 1280w, https:\/\/hydraulic-cylinders.net\/wp-content\/uploads\/2023\/10\/filter-press-cylinder-1-980x654.webp 980w, https:\/\/hydraulic-cylinders.net\/wp-content\/uploads\/2023\/10\/filter-press-cylinder-1-480x320.webp 480w\" sizes=\"(min-width: 0px) and (max-width: 480px) 480px, (min-width: 481px) and (max-width: 980px) 980px, (min-width: 981px) and (max-width: 1280px) 1280px, (min-width: 1281px) 1418px, 100vw\" \/><\/p>\n<h2><strong>Elektrikli F\u0131r\u0131n Kald\u0131rma Silindirinin Kullan\u0131m Y\u00f6ntemi<\/strong><strong>:<\/strong><\/h2>\n<ul>\n<li><strong>Kurulum:<\/strong>\n<ul>\n<li>Elektrikli F\u0131r\u0131n Kald\u0131rma Silindirini f\u0131r\u0131n yap\u0131s\u0131na g\u00fcvenli ve d\u00fczg\u00fcn bir \u015fekilde monte ederek ba\u015flay\u0131n.<\/li>\n<li>Do\u011fru konumland\u0131rma ve ba\u011flant\u0131 i\u00e7in \u00fcreticinin talimatlar\u0131n\u0131 ve \u00f6zelliklerini izleyin.<\/li>\n<li>Elektrik kablolar\u0131 gibi t\u00fcm ba\u011flant\u0131lar\u0131n d\u00fczg\u00fcn bir \u015fekilde sabitlendi\u011finden ve gev\u015fek ba\u011flant\u0131lardan ar\u0131nd\u0131r\u0131ld\u0131\u011f\u0131ndan emin olun.<\/li>\n<\/ul>\n<\/li>\n<li><strong>Elektrik Ba\u011flant\u0131s\u0131:<\/strong>\n<ul>\n<li>Elektrikli f\u0131r\u0131n kald\u0131rma silindirini, \u00fcreticinin talimatlar\u0131na ve elektrik kodlar\u0131na uyarak g\u00fc\u00e7 kayna\u011f\u0131na ba\u011flay\u0131n.<\/li>\n<li>Olas\u0131 tehlikeleri veya ar\u0131zalar\u0131 \u00f6nlemek i\u00e7in t\u00fcm elektrik ba\u011flant\u0131lar\u0131n\u0131n g\u00fcvenli ve yal\u0131t\u0131ml\u0131 oldu\u011fundan emin olun.<\/li>\n<\/ul>\n<\/li>\n<li><strong>Kald\u0131rma ve Konumland\u0131rma:<\/strong>\n<ul>\n<li>Kald\u0131rma i\u015flemleri i\u00e7in belirlenmi\u015f kontrol paneli veya \u015falteri kullanarak elektrikli f\u0131r\u0131n kald\u0131rma silindirini etkinle\u015ftirin.<\/li>\n<li>Silindir, f\u0131r\u0131n bile\u015fenlerini d\u00fczg\u00fcn ve hassas bir \u015fekilde kald\u0131racak ve konumland\u0131racak, b\u00f6ylece optimum hizalama ve malzeme ta\u015f\u0131ma sa\u011flanacakt\u0131r.<\/li>\n<li>Kald\u0131rma ve konumland\u0131rma s\u00fcrecini yak\u0131ndan takip edin ve istenilen y\u00fckseklik veya konuma ula\u015fmak i\u00e7in gerekli ayarlamalar\u0131 yap\u0131n.<\/li>\n<\/ul>\n<\/li>\n<li><strong>Kontrol Sistemleriyle Entegrasyon:<\/strong>\n<ul>\n<li>Elektrikli f\u0131r\u0131n kald\u0131rma silindiri mevcut f\u0131r\u0131n kontrol sistemlerine sorunsuz bir \u015fekilde entegre edilebilir.<\/li>\n<li>Belirli f\u0131r\u0131n kurulumunuzla uygun entegrasyonu ve uyumlulu\u011fu sa\u011flamak i\u00e7in kalifiye bir teknisyene dan\u0131\u015f\u0131n veya \u00fcreticinin y\u00f6nergelerine bak\u0131n.<\/li>\n<\/ul>\n<\/li>\n<\/ul>\n<h2><strong>Hidrolik Silindir Nas\u0131l \u00c7al\u0131\u015f\u0131r?<\/strong><\/h2>\n<p>Hidrolik silindir, hidrolik enerjiyi do\u011frusal kuvvete ve harekete d\u00f6n\u00fc\u015ft\u00fcren mekanik bir cihazd\u0131r. Ak\u0131\u015fkanlar dinami\u011fi prensiplerine ve Pascal yasas\u0131na g\u00f6re \u00e7al\u0131\u015f\u0131r. \u0130\u015fte bir hidrolik silindirin nas\u0131l \u00e7al\u0131\u015ft\u0131\u011f\u0131na dair basitle\u015ftirilmi\u015f bir a\u00e7\u0131klama:<\/p>\n<ol>\n<li><strong>Temel Bile\u015fenler:<\/strong>\n<ul>\n<li>Silindir Namlusu: Piston ve s\u0131v\u0131n\u0131n bulundu\u011fu silindirik t\u00fcp.<\/li>\n<li>Piston: Silindir g\u00f6vdesini iki b\u00f6lmeye ay\u0131ran kat\u0131, silindirik bir bile\u015fen.<\/li>\n<li>Piston Kolu: Pistona ba\u011fl\u0131 olup silindir g\u00f6vdesinin d\u0131\u015f\u0131na uzanan \u00e7ubuk.<\/li>\n<li>Contalar: Piston ile silindir g\u00f6vdesi aras\u0131nda s\u0131v\u0131 s\u0131z\u0131nt\u0131s\u0131n\u0131 \u00f6nleyen \u00f6zel bile\u015fenlerdir.<\/li>\n<\/ul>\n<\/li>\n<li><strong>Hidrolik S\u0131v\u0131:<\/strong>\n<ul>\n<li>Hidrolik silindirler, genellikle bir haznede depolanan hidrolik ya\u011f veya s\u0131v\u0131 gibi \u00f6zel bir s\u0131v\u0131y\u0131 kullan\u0131r.<\/li>\n<li>S\u0131v\u0131, hidrolik hortumlar veya borular arac\u0131l\u0131\u011f\u0131yla hazneden silindire pompalan\u0131r.<\/li>\n<\/ul>\n<\/li>\n<li><strong>\u0130ki Meclis:<\/strong>\n<ul>\n<li>Silindir g\u00f6vdesi piston taraf\u0131ndan iki b\u00f6lmeye ayr\u0131lm\u0131\u015ft\u0131r: \u00e7ubuk taraf\u0131 (veya ba\u015f ucu) ve kapak taraf\u0131 (veya k\u00f6r u\u00e7).<\/li>\n<li>Pistonun bir taraf\u0131na bas\u0131n\u00e7 uyguland\u0131\u011f\u0131nda, pistonun ters y\u00f6nde hareket etmesine neden olur.<\/li>\n<\/ul>\n<\/li>\n<li><strong>Uzatma Darbesi:<\/strong>\n<ul>\n<li>Uzatma strokunda hidrolik s\u0131v\u0131 silindirin \u00e7ubuk taraf\u0131na pompalan\u0131r.<\/li>\n<li>S\u0131v\u0131n\u0131n bas\u0131nc\u0131 pistona bask\u0131 yaparak pistonun d\u0131\u015far\u0131 do\u011fru hareket etmesine ve piston kolunun uzamas\u0131na neden olur.<\/li>\n<li>Piston uzad\u0131k\u00e7a kapak taraf\u0131ndaki haznenin hacmi artar ve bu haznedeki s\u0131v\u0131 hazneye geri d\u00f6ner.<\/li>\n<\/ul>\n<\/li>\n<li><strong>Geri \u00c7ekme Vuru\u015fu:<\/strong>\n<ul>\n<li>Geri \u00e7ekme strokunda hidrolik s\u0131v\u0131 silindirin kapak taraf\u0131na pompalan\u0131r.<\/li>\n<li>S\u0131v\u0131n\u0131n bas\u0131nc\u0131 pistona bask\u0131 yaparak pistonun i\u00e7eri do\u011fru hareket etmesine ve piston \u00e7ubu\u011funun geri \u00e7ekilmesine neden olur.<\/li>\n<li>Piston geri \u00e7ekildik\u00e7e, \u00e7ubuk taraf\u0131ndaki haznenin hacmi artar ve bu haznedeki s\u0131v\u0131 hazneye geri d\u00f6ner.<\/li>\n<\/ul>\n<\/li>\n<li><strong>Kontrol Vanalar\u0131:<\/strong>\n<ul>\n<li>Hidrolik silindirler, hidrolik s\u0131v\u0131n\u0131n silindire giri\u015f ve \u00e7\u0131k\u0131\u015f\u0131n\u0131 d\u00fczenleyen valfler taraf\u0131ndan kontrol edilir.<\/li>\n<li>Y\u00f6n kontrol valfleri pistonun hareket y\u00f6n\u00fcn\u00fc (uzama veya geri \u00e7ekilme) belirler.<\/li>\n<li>Ak\u0131\u015f kontrol valfleri hidrolik ak\u0131\u015fkan\u0131n ak\u0131\u015f h\u0131z\u0131n\u0131 ayarlayarak hareket h\u0131z\u0131n\u0131 d\u00fczenler.<\/li>\n<\/ul>\n<\/li>\n<li><strong>Kuvvet ve \u0130\u015f:<\/strong>\n<ul>\n<li>Hidrolik silindirin \u00fcretti\u011fi kuvvet, hidrolik s\u0131v\u0131n\u0131n bas\u0131nc\u0131 ve pistonun etkin alan\u0131yla do\u011fru orant\u0131l\u0131d\u0131r.<\/li>\n<li>Bas\u0131n\u00e7 veya etkin piston alan\u0131 artt\u0131r\u0131larak daha fazla kuvvet \u00fcretilebilir.<\/li>\n<li>Bu kuvvet, a\u011f\u0131r y\u00fckleri kald\u0131rmak, nesneleri itmek veya \u00e7ekmek veya mekanik bile\u015fenleri \u00e7al\u0131\u015ft\u0131rmak gibi i\u015fleri yapmak i\u00e7in kullan\u0131labilir.<\/li>\n<\/ul>\n<\/li>\n<li><strong>S\u0131zd\u0131rmazl\u0131k Sistemi:<\/strong>\n<ul>\n<li>Piston ile silindir g\u00f6vdesi aras\u0131nda hidrolik s\u0131v\u0131s\u0131n\u0131n s\u0131zmas\u0131n\u0131 \u00f6nlemek i\u00e7in hidrolik silindire contalar yerle\u015ftirilmi\u015ftir.<\/li>\n<li>Bu contalar, hidrolik s\u0131v\u0131n\u0131n olu\u015fturdu\u011fu bas\u0131nc\u0131n korunmas\u0131n\u0131 ve silindirin verimli bir \u015fekilde \u00e7al\u0131\u015fmas\u0131n\u0131 sa\u011flar.<\/li>\n<\/ul>\n<\/li>\n<li><strong>Bak\u0131m:<\/strong>\n<ul>\n<li>Hidrolik silindirlerin uygun \u015fekilde bak\u0131m\u0131, optimum performans ve uzun \u00f6m\u00fcr i\u00e7in \u00e7ok \u00f6nemlidir.<\/li>\n<li>Contalar\u0131n d\u00fczenli olarak kontrol edilmesi, s\u0131v\u0131 s\u0131z\u0131nt\u0131lar\u0131n\u0131n kontrol edilmesi ve uygun hidrolik s\u0131v\u0131 seviyesinin ve temizli\u011finin sa\u011flanmas\u0131 \u00f6nemli bak\u0131m uygulamalar\u0131d\u0131r.<\/li>\n<\/ul>\n<\/li>\n<\/ol>\n<h2><strong>Fabrikan\u0131n Kapasitesi ve Kapasitesi:<\/strong><\/h2>\n<h3>(1) Meclis<\/h3>\n<p>Birinci s\u0131n\u0131f ba\u011f\u0131ms\u0131z bir ara\u015ft\u0131rma ve geli\u015ftirme montaj platformumuz bulunmaktad\u0131r. Hidrolik silindir \u00fcretim at\u00f6lyemizde, y\u0131ll\u0131k 1 milyon adet \u00fcretim kapasitesine sahip d\u00f6rt adet yar\u0131 otomatik kald\u0131rma silindiri montaj hatt\u0131 ve bir adet otomatik devirme silindiri montaj hatt\u0131 bulunmaktad\u0131r. \u00d6zel silindir at\u00f6lyemiz, y\u0131ll\u0131k 200.000 adet \u00fcretim kapasitesine sahip \u00e7e\u015fitli \u00f6zelliklerde yar\u0131 otomatik temizleme montaj sistemiyle donat\u0131lm\u0131\u015ft\u0131r. Ayr\u0131ca, \u00fcnl\u00fc CNC i\u015fleme ekipmanlar\u0131, bir i\u015fleme merkezi, y\u00fcksek hassasiyetli silindir i\u015fleme \u00f6zel ekipmanlar\u0131, bir robot kaynak makinesi, bir otomatik temizleme makinesi, otomatik silindir montaj makinesi ve otomatik boyama \u00fcretim hatt\u0131 ile donat\u0131lm\u0131\u015ft\u0131r. 300'den fazla setten olu\u015fan kritik ekipmanlar mevcuttur. Ekipman kaynaklar\u0131n\u0131n optimum da\u011f\u0131l\u0131m\u0131 ve verimli kullan\u0131m\u0131, \u00fcr\u00fcnlerin hassasiyet gereksinimlerini kar\u015f\u0131lar ve \u00fcr\u00fcnlerin y\u00fcksek kalite ihtiya\u00e7lar\u0131n\u0131 kar\u015f\u0131lar.<\/p>\n<p><img loading=\"lazy\" decoding=\"async\" class=\"alignnone wp-image-626\" src=\"https:\/\/hydraulic-cylinders.net\/wp-content\/uploads\/2023\/08\/hydraulic-cylinder-product-1-300x158.webp\" alt=\"\" width=\"495\" height=\"260\" srcset=\"https:\/\/hydraulic-cylinders.net\/wp-content\/uploads\/2023\/08\/hydraulic-cylinder-product-1-300x158.webp 495w, https:\/\/hydraulic-cylinders.net\/wp-content\/uploads\/2023\/08\/hydraulic-cylinder-product-1-480x252.webp 480w\" sizes=\"(min-width: 0px) and (max-width: 480px) 480px, (min-width: 481px) 495px, 100vw\" \/> <img loading=\"lazy\" decoding=\"async\" class=\"alignnone wp-image-627\" src=\"https:\/\/hydraulic-cylinders.net\/wp-content\/uploads\/2023\/08\/hydraulic-cylinder-product-2-300x189.webp\" alt=\"\" width=\"413\" height=\"260\" \/><\/p>\n<h3>(2) \u0130\u015fleme<\/h3>\n<p>\u0130\u015fleme at\u00f6lyesi, maksimum 400 mm i\u00e7 \u00e7apa ve maksimum 6 metre uzunlu\u011fa sahip silindir borular\u0131n\u0131n i\u015flenmesini ger\u00e7ekle\u015ftirebilen \u00f6zel e\u011fimli ray torna merkezi, i\u015fleme merkezi, y\u00fcksek h\u0131zl\u0131 honlama makinesi, kaynak robotu ve di\u011fer ilgili ekipmanlarla donat\u0131lm\u0131\u015ft\u0131r.<\/p>\n<p><img loading=\"lazy\" decoding=\"async\" class=\"alignnone wp-image-628 size-large\" src=\"https:\/\/hydraulic-cylinders.net\/wp-content\/uploads\/2023\/08\/hydraulic-cylinder-product-3-1024x391.webp\" alt=\"\" width=\"1024\" height=\"391\" srcset=\"https:\/\/hydraulic-cylinders.net\/wp-content\/uploads\/2023\/08\/hydraulic-cylinder-product-3-980x374.webp 980w, https:\/\/hydraulic-cylinders.net\/wp-content\/uploads\/2023\/08\/hydraulic-cylinder-product-3-480x183.webp 480w\" sizes=\"(min-width: 0px) and (max-width: 480px) 480px, (min-width: 481px) and (max-width: 980px) 980px, (min-width: 981px) 1024px, 100vw\" \/><\/p>\n<h3>(3) Kaynak<\/h3>\n<p><img loading=\"lazy\" decoding=\"async\" class=\"alignnone wp-image-629 size-large\" src=\"https:\/\/hydraulic-cylinders.net\/wp-content\/uploads\/2023\/08\/hydraulic-cylinder-product-4-1024x510.webp\" alt=\"\" width=\"1024\" height=\"510\" srcset=\"https:\/\/hydraulic-cylinders.net\/wp-content\/uploads\/2023\/08\/hydraulic-cylinder-product-4-980x488.webp 980w, https:\/\/hydraulic-cylinders.net\/wp-content\/uploads\/2023\/08\/hydraulic-cylinder-product-4-480x239.webp 480w\" sizes=\"(min-width: 0px) and (max-width: 480px) 480px, (min-width: 481px) and (max-width: 980px) 980px, (min-width: 981px) 1024px, 100vw\" \/><\/p>\n<h3>(4) Boyama ve kaplama<\/h3>\n<p>K\u00fc\u00e7\u00fck ve orta \u00f6l\u00e7ekli silindirli otomatik su bazl\u0131 boya kaplama hatlar\u0131nda, otomatik robot y\u00fckleme-bo\u015faltma ve otomatik p\u00fcsk\u00fcrtmeyi ger\u00e7ekle\u015ftirmek i\u00e7in, vardiya ba\u015f\u0131na 4000 adet tasar\u0131m kapasitesi;<br \/>\nAyr\u0131ca, vardiya ba\u015f\u0131na 60 kasa kapasiteli, g\u00fc\u00e7 zinciriyle \u00e7al\u0131\u015fan b\u00fcy\u00fck silindirler i\u00e7in yar\u0131 otomatik boya \u00fcretim hatt\u0131m\u0131z da bulunmaktad\u0131r.<\/p>\n<p><img loading=\"lazy\" decoding=\"async\" class=\"alignnone wp-image-630\" src=\"https:\/\/hydraulic-cylinders.net\/wp-content\/uploads\/2023\/08\/hydraulic-cylinder-product-5-300x213.webp\" alt=\"\" width=\"366\" height=\"260\" \/> <img loading=\"lazy\" decoding=\"async\" class=\"alignnone wp-image-631\" src=\"https:\/\/hydraulic-cylinders.net\/wp-content\/uploads\/2023\/08\/hydraulic-cylinder-product-6-300x225.webp\" alt=\"\" width=\"347\" height=\"260\" \/><\/p>\n<h3>(5) Test etme<\/h3>\n<p>Silindirin performans\u0131n\u0131n gereklilikleri kar\u015f\u0131lad\u0131\u011f\u0131ndan emin olmak i\u00e7in birinci s\u0131n\u0131f muayene tesislerimiz ve test yataklar\u0131m\u0131z bulunmaktad\u0131r.<\/p>\n<p><img loading=\"lazy\" decoding=\"async\" class=\"alignnone wp-image-632\" src=\"https:\/\/hydraulic-cylinders.net\/wp-content\/uploads\/2023\/08\/hydraulic-cylinder-product-8-300x200.webp\" alt=\"\" width=\"389\" height=\"260\" \/><\/p>\n<p>&nbsp;<\/p>\n<p>&nbsp;<\/p>\n<p>En iyi hidrolik silindir \u00fcreticilerinden biriyiz. Kapsaml\u0131 hidrolik silindirler sunabiliyoruz. Ayr\u0131ca, ilgili hidrolik silindirleri de sa\u011fl\u0131yoruz. <a href=\"https:\/\/hzpt.com\/agricultural-pto-gearbox\/\" target=\"_blank\" rel=\"noopener\">tar\u0131msal di\u015fli kutular\u0131<\/a>\u00dcr\u00fcnlerimizi d\u00fcnya \u00e7ap\u0131ndaki m\u00fc\u015fterilerimize ihra\u00e7 ettik ve \u00fcst\u00fcn \u00fcr\u00fcn kalitemiz ve sat\u0131\u015f sonras\u0131 hizmetlerimiz sayesinde iyi bir itibar kazand\u0131k. Yurt i\u00e7i ve yurt d\u0131\u015f\u0131ndaki m\u00fc\u015fterilerimizi i\u015f g\u00f6r\u00fc\u015fmeleri yapmak, bilgi al\u0131\u015fveri\u015finde bulunmak ve <a href=\"https:\/\/www.hydraulic-cylinders.net\/tr\/contact-us\/\">bizimle i\u015fbirli\u011fi yap\u0131n<\/a>!<\/p>","protected":false},"excerpt":{"rendered":"<p>Electric Furnace Lifting Cylinder The electric furnace lifting cylinder is a state-of-the-art product designed to enhance efficiency and productivity in industrial furnace operations. This cutting-edge cylinder provides a reliable and powerful mechanism for lifting and positioning furnace components, optimizing material handling processes, and improving overall workflow. The electric furnace lifting cylinder revolutionizes industrial furnace operations [&hellip;]<\/p>","protected":false},"featured_media":1717,"comment_status":"open","ping_status":"closed","template":"","meta":{"_et_pb_use_builder":"","_et_pb_old_content":"","_et_gb_content_width":""},"product_brand":[],"product_cat":[1549,1524,1376],"product_tag":[1380],"class_list":{"0":"post-1715","1":"product","2":"type-product","3":"status-publish","4":"has-post-thumbnail","6":"product_cat-single-acting-hydraulic-cylinder","7":"product_cat-steel-mill-hydraulic-cylinders","8":"product_cat-hydraulic-cylinder","9":"product_tag-hydraulic-cylinder","11":"first","12":"instock","13":"shipping-taxable","14":"product-type-simple"},"amp_enabled":true,"_links":{"self":[{"href":"https:\/\/www.hydraulic-cylinders.net\/tr\/wp-json\/wp\/v2\/product\/1715","targetHints":{"allow":["GET"]}}],"collection":[{"href":"https:\/\/www.hydraulic-cylinders.net\/tr\/wp-json\/wp\/v2\/product"}],"about":[{"href":"https:\/\/www.hydraulic-cylinders.net\/tr\/wp-json\/wp\/v2\/types\/product"}],"replies":[{"embeddable":true,"href":"https:\/\/www.hydraulic-cylinders.net\/tr\/wp-json\/wp\/v2\/comments?post=1715"}],"wp:featuredmedia":[{"embeddable":true,"href":"https:\/\/www.hydraulic-cylinders.net\/tr\/wp-json\/wp\/v2\/media\/1717"}],"wp:attachment":[{"href":"https:\/\/www.hydraulic-cylinders.net\/tr\/wp-json\/wp\/v2\/media?parent=1715"}],"wp:term":[{"taxonomy":"product_brand","embeddable":true,"href":"https:\/\/www.hydraulic-cylinders.net\/tr\/wp-json\/wp\/v2\/product_brand?post=1715"},{"taxonomy":"product_cat","embeddable":true,"href":"https:\/\/www.hydraulic-cylinders.net\/tr\/wp-json\/wp\/v2\/product_cat?post=1715"},{"taxonomy":"product_tag","embeddable":true,"href":"https:\/\/www.hydraulic-cylinders.net\/tr\/wp-json\/wp\/v2\/product_tag?post=1715"}],"curies":[{"name":"wp","href":"https:\/\/api.w.org\/{rel}","templated":true}]}}