{"id":17210,"date":"2025-02-23T07:51:23","date_gmt":"2025-02-23T07:51:23","guid":{"rendered":"https:\/\/www.hydraulic-cylinders.net\/?post_type=product&#038;p=17210"},"modified":"2025-04-30T08:48:08","modified_gmt":"2025-04-30T08:48:08","slug":"lifting-cylinder-for-mast-type-aerial-work-vehicles","status":"publish","type":"product","link":"https:\/\/www.hydraulic-cylinders.net\/tr\/urun\/lifting-cylinder-for-mast-type-aerial-work-vehicles\/","title":{"rendered":"Direk Tipi Havadan \u00c7al\u0131\u015fma Ara\u00e7lar\u0131 \u0130\u00e7in Kald\u0131rma Silindiri"},"content":{"rendered":"<h1 style=\"text-align: center;\"><strong>Direk Tipi Havadan \u00c7al\u0131\u015fma Ara\u00e7lar\u0131 \u0130\u00e7in Kald\u0131rma Silindiri<\/strong><\/h1>\n<h1 style=\"text-align: center;\"><img loading=\"lazy\" decoding=\"async\" class=\"alignnone size-full wp-image-17212\" src=\"https:\/\/www.hydraulic-cylinders.net\/wp-content\/uploads\/2025\/02\/hcyy11112006-lift-cylinder-2.webp\" alt=\"\" width=\"1499\" height=\"519\" srcset=\"https:\/\/www.hydraulic-cylinders.net\/wp-content\/uploads\/2025\/02\/hcyy11112006-lift-cylinder-2.webp 1499w, https:\/\/www.hydraulic-cylinders.net\/wp-content\/uploads\/2025\/02\/hcyy11112006-lift-cylinder-2-1280x443.webp 1280w, https:\/\/www.hydraulic-cylinders.net\/wp-content\/uploads\/2025\/02\/hcyy11112006-lift-cylinder-2-980x339.webp 980w, https:\/\/www.hydraulic-cylinders.net\/wp-content\/uploads\/2025\/02\/hcyy11112006-lift-cylinder-2-480x166.webp 480w\" sizes=\"(min-width: 0px) and (max-width: 480px) 480px, (min-width: 481px) and (max-width: 980px) 980px, (min-width: 981px) and (max-width: 1280px) 1280px, (min-width: 1281px) 1499px, 100vw\" \/><\/h1>\n<p>Direk tipi platformlu i\u015f ara\u00e7lar\u0131 i\u00e7in kald\u0131rma silindiri, \u00e7e\u015fitli uygulamalarda g\u00fcvenilir kald\u0131rma g\u00fcc\u00fc sa\u011flamak \u00fczere tasarlanm\u0131\u015f, platformlu i\u015f ara\u00e7lar\u0131 i\u00e7in hayati bir bile\u015fendir. Performans ve g\u00fcvenli\u011fe odaklan\u0131larak tasarlanan bu silindir, operat\u00f6rlerin y\u00fcksekte g\u00f6revleri g\u00fcvenle ve verimli bir \u015fekilde ger\u00e7ekle\u015ftirmelerini sa\u011flar.<\/p>\n<p>Ola\u011fan\u00fcst\u00fc dayan\u0131kl\u0131l\u0131k, hassasiyet ve geni\u015f uyumlulu\u011fu bir araya getiren kald\u0131rma silindiri, her t\u00fcrl\u00fc havai \u00e7al\u0131\u015fma d\u00fczene\u011fi i\u00e7in vazge\u00e7ilmezdir. Etkileyici y\u00fck kapasitesi ve korozyona dayan\u0131kl\u0131 tasar\u0131m\u0131, g\u00fcvenli\u011fi ve operasyonel verimlili\u011fi \u00f6nemli \u00f6l\u00e7\u00fcde art\u0131r\u0131r. Operat\u00f6rler, do\u011fru kullan\u0131m ve bak\u0131m y\u00f6nergelerine uyarak bu kritik ekipman\u0131n performans\u0131n\u0131 optimize edebilir ve kullan\u0131m \u00f6mr\u00fcn\u00fc uzatabilirler. G\u00fcvenilir bir kald\u0131rma \u00e7\u00f6z\u00fcm\u00fcne sahip olman\u0131n g\u00fcvencesiyle havai operasyonlar\u0131n\u0131z\u0131 bir \u00fcst seviyeye ta\u015f\u0131y\u0131n.<\/p>\n<h2><strong>Direk Tipi Havadan \u00c7al\u0131\u015fma Ara\u00e7lar\u0131 \u0130\u00e7in Kald\u0131rma Silindiri Parametreleri:<\/strong><\/h2>\n<h1 style=\"text-align: center;\"><img loading=\"lazy\" decoding=\"async\" class=\"alignnone size-full wp-image-17211\" src=\"https:\/\/www.hydraulic-cylinders.net\/wp-content\/uploads\/2025\/02\/hcyy11112006-lift-cylinder-1.webp\" alt=\"\" width=\"1516\" height=\"146\" srcset=\"https:\/\/www.hydraulic-cylinders.net\/wp-content\/uploads\/2025\/02\/hcyy11112006-lift-cylinder-1.webp 1516w, https:\/\/www.hydraulic-cylinders.net\/wp-content\/uploads\/2025\/02\/hcyy11112006-lift-cylinder-1-1280x123.webp 1280w, https:\/\/www.hydraulic-cylinders.net\/wp-content\/uploads\/2025\/02\/hcyy11112006-lift-cylinder-1-980x94.webp 980w, https:\/\/www.hydraulic-cylinders.net\/wp-content\/uploads\/2025\/02\/hcyy11112006-lift-cylinder-1-480x46.webp 480w\" sizes=\"(min-width: 0px) and (max-width: 480px) 480px, (min-width: 481px) and (max-width: 980px) 980px, (min-width: 981px) and (max-width: 1280px) 1280px, (min-width: 1281px) 1516px, 100vw\" \/><img loading=\"lazy\" decoding=\"async\" class=\"alignnone size-full wp-image-17213\" src=\"https:\/\/www.hydraulic-cylinders.net\/wp-content\/uploads\/2025\/02\/hcyy11112006-lift-cylinder-3.webp\" alt=\"\" width=\"1477\" height=\"709\" srcset=\"https:\/\/www.hydraulic-cylinders.net\/wp-content\/uploads\/2025\/02\/hcyy11112006-lift-cylinder-3.webp 1477w, https:\/\/www.hydraulic-cylinders.net\/wp-content\/uploads\/2025\/02\/hcyy11112006-lift-cylinder-3-1280x614.webp 1280w, https:\/\/www.hydraulic-cylinders.net\/wp-content\/uploads\/2025\/02\/hcyy11112006-lift-cylinder-3-980x470.webp 980w, https:\/\/www.hydraulic-cylinders.net\/wp-content\/uploads\/2025\/02\/hcyy11112006-lift-cylinder-3-480x230.webp 480w\" sizes=\"(min-width: 0px) and (max-width: 480px) 480px, (min-width: 481px) and (max-width: 980px) 980px, (min-width: 981px) and (max-width: 1280px) 1280px, (min-width: 1281px) 1477px, 100vw\" \/> <img loading=\"lazy\" decoding=\"async\" class=\"alignnone size-full wp-image-17214\" src=\"https:\/\/www.hydraulic-cylinders.net\/wp-content\/uploads\/2025\/02\/hcyy11112006-lift-cylinder-4.webp\" alt=\"\" width=\"1476\" height=\"702\" srcset=\"https:\/\/www.hydraulic-cylinders.net\/wp-content\/uploads\/2025\/02\/hcyy11112006-lift-cylinder-4.webp 1476w, https:\/\/www.hydraulic-cylinders.net\/wp-content\/uploads\/2025\/02\/hcyy11112006-lift-cylinder-4-1280x609.webp 1280w, https:\/\/www.hydraulic-cylinders.net\/wp-content\/uploads\/2025\/02\/hcyy11112006-lift-cylinder-4-980x466.webp 980w, https:\/\/www.hydraulic-cylinders.net\/wp-content\/uploads\/2025\/02\/hcyy11112006-lift-cylinder-4-480x228.webp 480w\" sizes=\"(min-width: 0px) and (max-width: 480px) 480px, (min-width: 481px) and (max-width: 980px) 980px, (min-width: 981px) and (max-width: 1280px) 1280px, (min-width: 1281px) 1476px, 100vw\" \/> <img loading=\"lazy\" decoding=\"async\" class=\"alignnone size-full wp-image-17215\" src=\"https:\/\/www.hydraulic-cylinders.net\/wp-content\/uploads\/2025\/02\/hcyy11112006-lift-cylinder-5.webp\" alt=\"\" width=\"1476\" height=\"724\" srcset=\"https:\/\/www.hydraulic-cylinders.net\/wp-content\/uploads\/2025\/02\/hcyy11112006-lift-cylinder-5.webp 1476w, https:\/\/www.hydraulic-cylinders.net\/wp-content\/uploads\/2025\/02\/hcyy11112006-lift-cylinder-5-1280x628.webp 1280w, https:\/\/www.hydraulic-cylinders.net\/wp-content\/uploads\/2025\/02\/hcyy11112006-lift-cylinder-5-980x481.webp 980w, https:\/\/www.hydraulic-cylinders.net\/wp-content\/uploads\/2025\/02\/hcyy11112006-lift-cylinder-5-480x235.webp 480w\" sizes=\"(min-width: 0px) and (max-width: 480px) 480px, (min-width: 481px) and (max-width: 980px) 980px, (min-width: 981px) and (max-width: 1280px) 1280px, (min-width: 1281px) 1476px, 100vw\" \/><\/h1>\n<h2><strong>Havadan \u00c7al\u0131\u015fma Ara\u00e7lar\u0131 \u0130\u00e7in Silindir Serisi:<\/strong><\/h2>\n<h2><img loading=\"lazy\" decoding=\"async\" class=\"wp-image-1044652 size-full aligncenter\" src=\"https:\/\/images.hzpt.com\/2025\/02\/cylinder-series-for-aerial-work-vehicles.webp\" alt=\"\" width=\"751\" height=\"850\" \/><\/h2>\n<h2><strong>Direk Tipi Havadan \u00c7al\u0131\u015fma Ara\u00e7lar\u0131 \u0130\u00e7in Kald\u0131rma Silindirinin Ba\u015fl\u0131ca \u00d6zellikleri:<\/strong><\/h2>\n<h4><strong>Y\u00fcksek Y\u00fck Kapasitesi<\/strong><\/h4>\n<p>Kald\u0131rma silindiri, \u00f6nemli a\u011f\u0131rl\u0131klar\u0131 desteklemek \u00fczere ustal\u0131kla tasarlanm\u0131\u015f etkileyici bir y\u00fck kapasitesine sahiptir. Bu \u00f6zelli\u011fi, g\u00fcvenilirlik ve sa\u011flaml\u0131\u011f\u0131n son derece \u00f6nemli oldu\u011fu zorlu hava uygulamalar\u0131 i\u00e7in ideal hale getirir. \u0130ster a\u011f\u0131r ekipman ister personel kald\u0131r\u0131yor olun, bu silindir g\u00fcvenli ve verimli \u00e7al\u0131\u015fma sa\u011flar ve operat\u00f6rlere y\u00fcksekte \u00e7al\u0131\u015f\u0131rken g\u00f6n\u00fcl rahatl\u0131\u011f\u0131 sunar.<\/p>\n<h4><strong>Dayan\u0131kl\u0131 Yap\u0131<\/strong><\/h4>\n<p>Birinci s\u0131n\u0131f malzemelerden \u00fcretilen kald\u0131rma silindiri, zorlu ortamlara ve yo\u011fun kullan\u0131ma dayanacak \u015fekilde tasarlanm\u0131\u015ft\u0131r. Sa\u011flam yap\u0131s\u0131 a\u015f\u0131nmay\u0131 en aza indirerek uzun bir kullan\u0131m \u00f6mr\u00fc sa\u011flar ve de\u011fi\u015ftirme s\u0131kl\u0131\u011f\u0131n\u0131 azalt\u0131r. Bu dayan\u0131kl\u0131l\u0131k, silindirin en zorlu ko\u015fullarda bile zaman i\u00e7inde en y\u00fcksek performans\u0131n\u0131 korumas\u0131n\u0131 garanti eder ve b\u00f6ylece hava i\u015f arac\u0131n\u0131z\u0131n genel g\u00fcvenilirli\u011fini art\u0131r\u0131r.<\/p>\n<h4><strong>Hassas M\u00fchendislik<\/strong><\/h4>\n<p>Sorunsuz ve g\u00fcvenilir \u00e7al\u0131\u015fma i\u00e7in tasarlanan kald\u0131rma silindiri, geli\u015fmi\u015f hassas m\u00fchendislik \u00f6zelliklerine sahiptir. Bu tasar\u0131m, m\u00fckemmel tepki verme yetene\u011fi sa\u011flayarak \u00e7al\u0131\u015fma s\u0131ras\u0131nda sorunsuz ayarlamalara olanak tan\u0131r. Geli\u015ftirilmi\u015f verimlilik, daha h\u0131zl\u0131 kald\u0131rma s\u00fcreleri anlam\u0131na gelir ve operat\u00f6rlerin g\u00f6revleri daha etkili bir \u015fekilde tamamlamas\u0131n\u0131 sa\u011flar. Silindirin hassas performans\u0131, \u00f6zellikle havadan \u00e7al\u0131\u015fma i\u00e7in hayati \u00f6nem ta\u015f\u0131yan denge ve g\u00fcvenli\u011fin korunmas\u0131na yard\u0131mc\u0131 olur.<\/p>\n<h4><strong>Korozyon Direnci<\/strong><\/h4>\n<p>Geli\u015fmi\u015f koruyucu kaplamalarla donat\u0131lm\u0131\u015f olan kald\u0131rma silindiri, pas ve korozyona kar\u015f\u0131 etkili bir \u015fekilde diren\u00e7 g\u00f6sterir. Bu \u00f6zellik, \u00f6zellikle nem ve sert hava ko\u015fullar\u0131n\u0131n bozulmaya yol a\u00e7abilece\u011fi d\u0131\u015f mekan ve zorlu ortamlarda son derece faydal\u0131d\u0131r. Korozyona kar\u015f\u0131 koruma sa\u011flayarak, bu silindir yaln\u0131zca kullan\u0131m \u00f6mr\u00fcn\u00fc uzatmakla kalmaz, ayn\u0131 zamanda s\u00fcrekli olarak optimum seviyede performans g\u00f6stermesini sa\u011flayarak zaman i\u00e7inde bak\u0131m maliyetlerini de azalt\u0131r.<\/p>\n<h4><strong>Uyumluluk<\/strong><\/h4>\n<p>Kald\u0131rma silindiri, \u00e7ok \u00e7e\u015fitli hava i\u015f ara\u00e7lar\u0131yla uyumlu olacak \u015fekilde tasarlanm\u0131\u015ft\u0131r ve bu da onu \u00e7e\u015fitli \u00fcreticiler ve modeller i\u00e7in \u00e7ok y\u00f6nl\u00fc bir \u00e7\u00f6z\u00fcm haline getirir. Bu uyarlanabilirlik, tek bir silindirin birden fazla ekipman t\u00fcr\u00fcnde kullan\u0131labilmesi sayesinde filo operat\u00f6rleri i\u00e7in envanter y\u00f6netimini basitle\u015ftirir. Uyumluluk kolayl\u0131\u011f\u0131, mevcut sistemlere sorunsuz entegrasyon sa\u011flayarak operasyonel verimlili\u011fi en \u00fcst d\u00fczeye \u00e7\u0131kar\u0131r ve de\u011fi\u015fimler s\u0131ras\u0131nda ar\u0131za s\u00fcresini en aza indirir.<\/p>\n<h2><strong>Kald\u0131rma silindirinin optimum performans g\u00f6stermesi i\u00e7in hangi bak\u0131m uygulamalar\u0131 \u00f6nerilir?<\/strong><\/h2>\n<p>Kald\u0131rma silindirinin en iyi performans\u0131n\u0131 sa\u011flamak i\u00e7in a\u015fa\u011f\u0131daki bak\u0131m uygulamalar\u0131 \u00f6nerilir:<\/p>\n<h3><strong>D\u00fczenli Denetimler<\/strong><\/h3>\n<p>Silindirde a\u015f\u0131nma, hasar veya s\u0131z\u0131nt\u0131 belirtileri olup olmad\u0131\u011f\u0131n\u0131 d\u00fczenli olarak kontrol edin. Contalar\u0131n, hortumlar\u0131n ve ba\u011flant\u0131 par\u00e7alar\u0131n\u0131n sa\u011flaml\u0131\u011f\u0131n\u0131 kontrol edin. Sorunlar\u0131n erken tespiti, daha b\u00fcy\u00fck problemlerin \u00f6nlenmesine ve g\u00fcvenli \u00e7al\u0131\u015fman\u0131n sa\u011flanmas\u0131na yard\u0131mc\u0131 olabilir.<\/p>\n<h3><strong>Temizlik<\/strong><\/h3>\n<p>Silindiri temiz tutun ve kir, toz ve a\u015f\u0131nd\u0131r\u0131c\u0131 maddelerden ar\u0131nd\u0131r\u0131n. \u00d6zellikle zorlu ortamlara maruz kald\u0131ktan sonra, d\u0131\u015f y\u00fczeyini d\u00fczenli olarak yumu\u015fak bir bez ve hafif bir deterjanla silin. Bu, korozyonu \u00f6nlemeye ve bile\u015fenlerin b\u00fct\u00fcnl\u00fc\u011f\u00fcn\u00fc korumaya yard\u0131mc\u0131 olur.<\/p>\n<h3><strong>Ya\u011flama<\/strong><\/h3>\n<p>\u00dcreticinin y\u00f6nergelerine g\u00f6re t\u00fcm hareketli par\u00e7alar\u0131n yeterince ya\u011fland\u0131\u011f\u0131ndan emin olun. Do\u011fru ya\u011flama s\u00fcrt\u00fcnmeyi azalt\u0131r, a\u015f\u0131nmay\u0131 en aza indirir ve silindirin \u00e7al\u0131\u015fma verimlili\u011fini art\u0131r\u0131r.<\/p>\n<h3><strong>Hidrolik S\u0131v\u0131 Kontrolleri<\/strong><\/h3>\n<p>Hidrolik s\u0131v\u0131 seviyelerini ve kalitesini d\u00fczenli olarak kontrol edin. Performans\u0131 olumsuz etkileyebilecek kirlenmeyi \u00f6nlemek i\u00e7in \u00f6nerilen s\u0131v\u0131 t\u00fcr\u00fcn\u00fc kullan\u0131n ve gerekti\u011finde de\u011fi\u015ftirin.<\/p>\n<h3><strong>Tork Kontrolleri<\/strong><\/h3>\n<p>T\u00fcm c\u0131vatalar\u0131n ve ba\u011flant\u0131lar\u0131n \u00fcreticinin belirtti\u011fi tork de\u011ferlerine g\u00f6re s\u0131k\u0131ca tak\u0131l\u0131p tak\u0131lmad\u0131\u011f\u0131n\u0131 periyodik olarak kontrol edin. Gev\u015fek ba\u011flant\u0131lar s\u0131z\u0131nt\u0131lara ve \u00e7al\u0131\u015fma ar\u0131zalar\u0131na yol a\u00e7abilir.<\/p>\n<h3><strong>\u0130\u015flevsellik Testi<\/strong><\/h3>\n<p>Silindirin sorunsuz \u00e7al\u0131\u015ft\u0131\u011f\u0131ndan emin olmak i\u00e7in i\u015flevsellik testleri yap\u0131n. \u00c7al\u0131\u015fma s\u0131ras\u0131nda ola\u011fand\u0131\u015f\u0131 sesler, titre\u015fimler veya performans de\u011fi\u015fiklikleri olup olmad\u0131\u011f\u0131n\u0131 kontrol edin; bunlar altta yatan sorunlara i\u015faret edebilir.<\/p>\n<h3><strong>Dok\u00fcmantasyon<\/strong><\/h3>\n<p>Yap\u0131lan incelemeleri, onar\u0131mlar\u0131 ve meydana gelen olaylar\u0131 kaydeden ayr\u0131nt\u0131l\u0131 bir bak\u0131m g\u00fcnl\u00fc\u011f\u00fc tutun. Bu dok\u00fcmantasyon, performans e\u011filimlerini izlemeye ve gelecekteki bak\u0131mlar\u0131 planlamaya yard\u0131mc\u0131 olur.<\/p>\n<h4><strong>Profesyonel Servis<\/strong><\/h4>\n<p>Nitelikli teknisyenler taraf\u0131ndan d\u00fczenli profesyonel bak\u0131m veya de\u011ferlendirmeler planlay\u0131n. Potansiyel sorunlar\u0131 belirleme ve g\u00fcvenlik standartlar\u0131na uyumu sa\u011flama konusunda uzmanl\u0131k sa\u011flayabilirler.<\/p>\n<p>Bu bak\u0131m uygulamalar\u0131n\u0131 takip ederek, operat\u00f6rler kald\u0131rma silindirinin en iyi durumda kalmas\u0131n\u0131 sa\u011flayabilir ve b\u00f6ylece hava operasyonlar\u0131 s\u0131ras\u0131nda g\u00fcvenli\u011fi ve g\u00fcvenilirli\u011fi art\u0131rabilirler.<\/p>\n<h2><strong>Forklift Silindir \u00dcretim Alan\u0131:<\/strong><\/h2>\n<h2><img loading=\"lazy\" decoding=\"async\" class=\"alignnone size-full wp-image-16972\" src=\"https:\/\/www.hydraulic-cylinders.net\/wp-content\/uploads\/2025\/01\/hydraulic-cylinder-factory-1-scaled.webp\" alt=\"\" width=\"2016\" height=\"2560\" srcset=\"https:\/\/www.hydraulic-cylinders.net\/wp-content\/uploads\/2025\/01\/hydraulic-cylinder-factory-1-scaled.webp 2016w, https:\/\/www.hydraulic-cylinders.net\/wp-content\/uploads\/2025\/01\/hydraulic-cylinder-factory-1-1280x1625.webp 1280w, https:\/\/www.hydraulic-cylinders.net\/wp-content\/uploads\/2025\/01\/hydraulic-cylinder-factory-1-980x1244.webp 980w, https:\/\/www.hydraulic-cylinders.net\/wp-content\/uploads\/2025\/01\/hydraulic-cylinder-factory-1-480x610.webp 480w\" sizes=\"(min-width: 0px) and (max-width: 480px) 480px, (min-width: 481px) and (max-width: 980px) 980px, (min-width: 981px) and (max-width: 1280px) 1280px, (min-width: 1281px) 2016px, 100vw\" \/><\/h2>\n<p>Montaja adanm\u0131\u015f, son teknoloji \u00fcr\u00fcn\u00fc ba\u011f\u0131ms\u0131z bir Ar-Ge platformuna sahip olmam\u0131z, \u00fcretim s\u00fcre\u00e7lerimizde en \u00fcst d\u00fczey inovasyon ve kaliteyi garanti alt\u0131na almaktad\u0131r. Forklift silindiri \u00fcretim at\u00f6lyemizde, toplamda y\u0131lda bir milyon adede kadar \u00fcnite \u00fcretecek \u015fekilde tasarlanm\u0131\u015f d\u00f6rt adet yar\u0131 otomatik kald\u0131rma silindiri montaj hatt\u0131 ve tam otomatik bir devirme silindiri montaj hatt\u0131 bulunmaktad\u0131r.<\/p>\n<p>Ayr\u0131ca, \u00f6zel silindir at\u00f6lyemiz, y\u0131ll\u0131k 200.000 adet \u00fcretim kapasitesine sahip, \u00e7e\u015fitli \u00f6zelliklere g\u00f6re uyarlanm\u0131\u015f yar\u0131 otomatik temizleme ve montaj sistemleriyle donat\u0131lm\u0131\u015ft\u0131r. Y\u00fcksek hassasiyetli silindir i\u015fleme i\u00e7in tan\u0131nm\u0131\u015f CNC ekipmanlar\u0131, i\u015fleme merkezleri ve \u00f6zel aletler kullan\u0131yoruz. Tesisimizde ayr\u0131ca geli\u015fmi\u015f robotik kaynak makineleri, otomatik temizleme sistemleri ve tam otomatik silindir montaj ve boyama hatlar\u0131 bulunmaktad\u0131r. 300'den fazla \u00f6nemli ekipman\u0131m\u0131zla, kaynak tahsisini optimize ediyor ve verimli kullan\u0131m sa\u011flayarak, s\u0131k\u0131 hassasiyet ve kalite standartlar\u0131n\u0131 kar\u015f\u0131l\u0131yoruz.<\/p>\n<p>Tala\u015fl\u0131 imalat at\u00f6lyemizde \u00f6zel e\u011fimli k\u0131lavuz rayl\u0131 torna tezgahlar\u0131, i\u015fleme merkezleri, y\u00fcksek h\u0131zl\u0131 honlama makineleri, kaynak robotlar\u0131 ve di\u011fer temel ekipmanlar bulunmaktad\u0131r. Bu kurulum, maksimum i\u00e7 \u00e7ap\u0131 400 mm ve uzunlu\u011fu 6 metreye kadar olan silindir borular\u0131n\u0131n i\u015flenmesini sa\u011flayarak \u00fcretim kapasitemizi daha da art\u0131rmam\u0131z\u0131 sa\u011flar.<\/p>\n<h2><img loading=\"lazy\" decoding=\"async\" class=\"alignnone size-full wp-image-16973\" src=\"https:\/\/www.hydraulic-cylinders.net\/wp-content\/uploads\/2025\/01\/hydraulic-cylinder-factory-2-scaled.webp\" alt=\"\" width=\"2011\" height=\"2560\" srcset=\"https:\/\/www.hydraulic-cylinders.net\/wp-content\/uploads\/2025\/01\/hydraulic-cylinder-factory-2-scaled.webp 2011w, https:\/\/www.hydraulic-cylinders.net\/wp-content\/uploads\/2025\/01\/hydraulic-cylinder-factory-2-1280x1629.webp 1280w, https:\/\/www.hydraulic-cylinders.net\/wp-content\/uploads\/2025\/01\/hydraulic-cylinder-factory-2-980x1248.webp 980w, https:\/\/www.hydraulic-cylinders.net\/wp-content\/uploads\/2025\/01\/hydraulic-cylinder-factory-2-480x611.webp 480w\" sizes=\"(min-width: 0px) and (max-width: 480px) 480px, (min-width: 481px) and (max-width: 980px) 980px, (min-width: 981px) and (max-width: 1280px) 1280px, (min-width: 1281px) 2011px, 100vw\" \/><\/h2>\n<p>K\u00fc\u00e7\u00fck ve orta boy silindirler i\u00e7in \u00f6zel olarak tasarlanm\u0131\u015f, otomatik y\u00fckleme, bo\u015faltma ve p\u00fcsk\u00fcrtme robotlar\u0131na sahip, tam otomatik su bazl\u0131 boya kaplama hatt\u0131m\u0131z bulunmaktad\u0131r. Bu son teknoloji sistem, vardiya ba\u015f\u0131na 4.000 adet \u00fcretim kapasitesine sahiptir. Ayr\u0131ca, b\u00fcy\u00fck \u00f6l\u00e7ekli silindirler i\u00e7in zincir tahrikli, vardiya ba\u015f\u0131na 60 kasa tasar\u0131m kapasitesine sahip yar\u0131 otomatik bir boyama hatt\u0131m\u0131z da bulunmaktad\u0131r.<\/p>\n<p>\u00dcr\u00fcn performans\u0131n\u0131 art\u0131rmak ve hidrolik silindir sekt\u00f6r\u00fcndeki liderli\u011fimizi peki\u015ftirmek i\u00e7in, hidrolik silindirler, valfler ve pompalara \u00f6zel kapsaml\u0131 bir performans laboratuvar\u0131 kurmak \u00fczere ZJIMEE ile ortakl\u0131k kurduk. Bu geli\u015fmi\u015f laboratuvar, elektro-hidrolik teknolojili bilgisayar destekli testler kullanarak, do\u011frulu\u011fu ve sistem \u00e7ok y\u00f6nl\u00fcl\u00fc\u011f\u00fcn\u00fc art\u0131ran \u00f6nceden ayarlanm\u0131\u015f test ko\u015fullar\u0131 sunar. Otomatik veri toplama s\u00fcreci, i\u00e7 s\u0131z\u0131nt\u0131 ve y\u00fck verimlili\u011fi gibi \u00e7\u0131kt\u0131 verilerini toplamak i\u00e7in sens\u00f6rler kullan\u0131r ve bu veriler daha sonra bir bilgisayar taraf\u0131ndan i\u015flenerek standart birimlere (ml\/dak%) d\u00f6n\u00fc\u015ft\u00fcr\u00fcl\u00fcr.<\/p>\n<p>Ayr\u0131ca, hidrolik sistemlerimizin g\u00fcvenli\u011fini sa\u011flamak i\u00e7in ya\u011f s\u0131cakl\u0131\u011f\u0131, s\u0131v\u0131 seviyesi ve filtre cihaz\u0131 durumu gibi temel performans parametreleri i\u00e7in durum izleme sistemi uyguluyoruz. Hidrolik silindir test stand\u0131m\u0131z, hassas \u00f6l\u00e7\u00fcmler arac\u0131l\u0131\u011f\u0131yla \"y\u00fck verimlili\u011fi\" ve \"i\u00e7 s\u0131z\u0131nt\u0131\" de\u011ferlerini de\u011ferlendirebilir. Ayr\u0131ca, hidrolik silindir \u00fcr\u00fcnleri i\u00e7in t\u00fcm test gerekliliklerine uyumu garanti eden ulusal standartlar\u0131 kar\u015f\u0131layan bir \u0131zgara cetveli \u00f6l\u00e7\u00fcm cihaz\u0131 ile donat\u0131lm\u0131\u015ft\u0131r.<\/p>\n<p>&nbsp;<\/p>","protected":false},"excerpt":{"rendered":"<p>Lifting Cylinder For Mast Type Aerial Work Vehicles The lifting cylinder for mast type aerial work vehicles is a vital component for aerial work vehicles, engineered to deliver reliable lifting power across a range of applications. Designed with a focus on performance and safety, this cylinder empowers operators to carry out tasks at height with [&hellip;]<\/p>","protected":false},"featured_media":17492,"comment_status":"open","ping_status":"closed","template":"","meta":{"_et_pb_use_builder":"","_et_pb_old_content":"","_et_gb_content_width":""},"product_brand":[],"product_cat":[1500,1549,1376],"product_tag":[],"class_list":{"0":"post-17210","1":"product","2":"type-product","3":"status-publish","4":"has-post-thumbnail","6":"product_cat-aerial-work-vehicle-hydraulic-cylinder","7":"product_cat-single-acting-hydraulic-cylinder","8":"product_cat-hydraulic-cylinder","10":"first","11":"instock","12":"shipping-taxable","13":"product-type-simple"},"amp_enabled":true,"_links":{"self":[{"href":"https:\/\/www.hydraulic-cylinders.net\/tr\/wp-json\/wp\/v2\/product\/17210","targetHints":{"allow":["GET"]}}],"collection":[{"href":"https:\/\/www.hydraulic-cylinders.net\/tr\/wp-json\/wp\/v2\/product"}],"about":[{"href":"https:\/\/www.hydraulic-cylinders.net\/tr\/wp-json\/wp\/v2\/types\/product"}],"replies":[{"embeddable":true,"href":"https:\/\/www.hydraulic-cylinders.net\/tr\/wp-json\/wp\/v2\/comments?post=17210"}],"wp:featuredmedia":[{"embeddable":true,"href":"https:\/\/www.hydraulic-cylinders.net\/tr\/wp-json\/wp\/v2\/media\/17492"}],"wp:attachment":[{"href":"https:\/\/www.hydraulic-cylinders.net\/tr\/wp-json\/wp\/v2\/media?parent=17210"}],"wp:term":[{"taxonomy":"product_brand","embeddable":true,"href":"https:\/\/www.hydraulic-cylinders.net\/tr\/wp-json\/wp\/v2\/product_brand?post=17210"},{"taxonomy":"product_cat","embeddable":true,"href":"https:\/\/www.hydraulic-cylinders.net\/tr\/wp-json\/wp\/v2\/product_cat?post=17210"},{"taxonomy":"product_tag","embeddable":true,"href":"https:\/\/www.hydraulic-cylinders.net\/tr\/wp-json\/wp\/v2\/product_tag?post=17210"}],"curies":[{"name":"wp","href":"https:\/\/api.w.org\/{rel}","templated":true}]}}