{"id":17230,"date":"2025-02-23T08:19:41","date_gmt":"2025-02-23T08:19:41","guid":{"rendered":"https:\/\/www.hydraulic-cylinders.net\/?post_type=product&#038;p=17230"},"modified":"2025-04-30T08:40:35","modified_gmt":"2025-04-30T08:40:35","slug":"telescopic-cylinder-for-arm-type-aerial-work-vehicles","status":"publish","type":"product","link":"https:\/\/www.hydraulic-cylinders.net\/tr\/urun\/telescopic-cylinder-for-arm-type-aerial-work-vehicles\/","title":{"rendered":"Kol Tipi Havadan \u00c7al\u0131\u015fma Ara\u00e7lar\u0131 \u0130\u00e7in Teleskopik Silindir"},"content":{"rendered":"<h1 style=\"text-align: center;\"><strong>Kol Tipi Havadan \u00c7al\u0131\u015fma Ara\u00e7lar\u0131 \u0130\u00e7in Teleskopik Silindir<\/strong><\/h1>\n<h1 style=\"text-align: center;\"><img loading=\"lazy\" decoding=\"async\" class=\"alignnone size-full wp-image-17232\" src=\"https:\/\/www.hydraulic-cylinders.net\/wp-content\/uploads\/2025\/02\/hcyy11112009-main-boom-extension-cylinder-2.webp\" alt=\"\" width=\"1500\" height=\"517\" srcset=\"https:\/\/www.hydraulic-cylinders.net\/wp-content\/uploads\/2025\/02\/hcyy11112009-main-boom-extension-cylinder-2.webp 1500w, https:\/\/www.hydraulic-cylinders.net\/wp-content\/uploads\/2025\/02\/hcyy11112009-main-boom-extension-cylinder-2-1280x441.webp 1280w, https:\/\/www.hydraulic-cylinders.net\/wp-content\/uploads\/2025\/02\/hcyy11112009-main-boom-extension-cylinder-2-980x338.webp 980w, https:\/\/www.hydraulic-cylinders.net\/wp-content\/uploads\/2025\/02\/hcyy11112009-main-boom-extension-cylinder-2-480x165.webp 480w\" sizes=\"(min-width: 0px) and (max-width: 480px) 480px, (min-width: 481px) and (max-width: 980px) 980px, (min-width: 981px) and (max-width: 1280px) 1280px, (min-width: 1281px) 1500px, 100vw\" \/><\/h1>\n<p>Kol tipi hava i\u015f ara\u00e7lar\u0131 i\u00e7in teleskopik silindir, hava i\u015f ara\u00e7lar\u0131n\u0131n eri\u015fim mesafesini ve \u00e7ok y\u00f6nl\u00fcl\u00fc\u011f\u00fcn\u00fc \u00f6nemli \u00f6l\u00e7\u00fcde art\u0131ran hayati bir bile\u015fendir. \u00d6zellikle y\u00fcksek performansl\u0131 uygulamalar i\u00e7in tasarlanan bu silindir, operat\u00f6rlerin y\u00fcksek alanlara hassas bir \u015fekilde ve zahmetsizce eri\u015fmesini sa\u011flar. Sa\u011flam yap\u0131s\u0131 ve geli\u015fmi\u015f m\u00fchendisli\u011fi, onu in\u015faat, bak\u0131m ve \u00e7e\u015fitli hava i\u015fleri i\u00e7in vazge\u00e7ilmez bir ara\u00e7 haline getirir.<\/p>\n<p>Dayan\u0131kl\u0131 tasar\u0131m\u0131 ve geli\u015ftirilmi\u015f eri\u015fim mesafesiyle HCYY11112009, bir\u00e7ok sekt\u00f6rdeki profesyoneller i\u00e7in g\u00fcvenilir bir tercihtir. Bu silindiri hava operasyonlar\u0131n\u0131za entegre etmek, yaln\u0131zca g\u00fcvenli\u011fi ve verimlili\u011fi art\u0131rmakla kalmaz, ayn\u0131 zamanda operasyonel yeteneklerinizi de geni\u015fletir. HCYY11112009'a yat\u0131r\u0131m yaparak, \u00e7al\u0131\u015fmalar\u0131n\u0131z\u0131 yeni zirvelere ta\u015f\u0131yarak her proje i\u00e7in ba\u015far\u0131l\u0131 sonu\u00e7lar elde edersiniz.<\/p>\n<h2><strong>Kol Tipi Hava \u0130\u015f Ara\u00e7lar\u0131 \u0130\u00e7in Teleskopik Silindir Parametreleri:<\/strong><\/h2>\n<h1 style=\"text-align: center;\"><img loading=\"lazy\" decoding=\"async\" class=\"alignnone size-full wp-image-17231\" src=\"https:\/\/www.hydraulic-cylinders.net\/wp-content\/uploads\/2025\/02\/hcyy11112009-main-boom-extension-cylinder-1.webp\" alt=\"\" width=\"1512\" height=\"142\" srcset=\"https:\/\/www.hydraulic-cylinders.net\/wp-content\/uploads\/2025\/02\/hcyy11112009-main-boom-extension-cylinder-1.webp 1512w, https:\/\/www.hydraulic-cylinders.net\/wp-content\/uploads\/2025\/02\/hcyy11112009-main-boom-extension-cylinder-1-1280x120.webp 1280w, https:\/\/www.hydraulic-cylinders.net\/wp-content\/uploads\/2025\/02\/hcyy11112009-main-boom-extension-cylinder-1-980x92.webp 980w, https:\/\/www.hydraulic-cylinders.net\/wp-content\/uploads\/2025\/02\/hcyy11112009-main-boom-extension-cylinder-1-480x45.webp 480w\" sizes=\"(min-width: 0px) and (max-width: 480px) 480px, (min-width: 481px) and (max-width: 980px) 980px, (min-width: 981px) and (max-width: 1280px) 1280px, (min-width: 1281px) 1512px, 100vw\" \/> \u00a0<img loading=\"lazy\" decoding=\"async\" class=\"alignnone size-full wp-image-17233\" src=\"https:\/\/www.hydraulic-cylinders.net\/wp-content\/uploads\/2025\/02\/hcyy11112009-main-boom-extension-cylinder-3.webp\" alt=\"\" width=\"1481\" height=\"710\" srcset=\"https:\/\/www.hydraulic-cylinders.net\/wp-content\/uploads\/2025\/02\/hcyy11112009-main-boom-extension-cylinder-3.webp 1481w, https:\/\/www.hydraulic-cylinders.net\/wp-content\/uploads\/2025\/02\/hcyy11112009-main-boom-extension-cylinder-3-1280x614.webp 1280w, https:\/\/www.hydraulic-cylinders.net\/wp-content\/uploads\/2025\/02\/hcyy11112009-main-boom-extension-cylinder-3-980x470.webp 980w, https:\/\/www.hydraulic-cylinders.net\/wp-content\/uploads\/2025\/02\/hcyy11112009-main-boom-extension-cylinder-3-480x230.webp 480w\" sizes=\"(min-width: 0px) and (max-width: 480px) 480px, (min-width: 481px) and (max-width: 980px) 980px, (min-width: 981px) and (max-width: 1280px) 1280px, (min-width: 1281px) 1481px, 100vw\" \/> <img loading=\"lazy\" decoding=\"async\" class=\"alignnone size-full wp-image-17234\" src=\"https:\/\/www.hydraulic-cylinders.net\/wp-content\/uploads\/2025\/02\/hcyy11112009-main-boom-extension-cylinder-4.webp\" alt=\"\" width=\"1479\" height=\"710\" srcset=\"https:\/\/www.hydraulic-cylinders.net\/wp-content\/uploads\/2025\/02\/hcyy11112009-main-boom-extension-cylinder-4.webp 1479w, https:\/\/www.hydraulic-cylinders.net\/wp-content\/uploads\/2025\/02\/hcyy11112009-main-boom-extension-cylinder-4-1280x614.webp 1280w, https:\/\/www.hydraulic-cylinders.net\/wp-content\/uploads\/2025\/02\/hcyy11112009-main-boom-extension-cylinder-4-980x470.webp 980w, https:\/\/www.hydraulic-cylinders.net\/wp-content\/uploads\/2025\/02\/hcyy11112009-main-boom-extension-cylinder-4-480x230.webp 480w\" sizes=\"(min-width: 0px) and (max-width: 480px) 480px, (min-width: 481px) and (max-width: 980px) 980px, (min-width: 981px) and (max-width: 1280px) 1280px, (min-width: 1281px) 1479px, 100vw\" \/> <img loading=\"lazy\" decoding=\"async\" class=\"alignnone size-full wp-image-17235\" src=\"https:\/\/www.hydraulic-cylinders.net\/wp-content\/uploads\/2025\/02\/hcyy11112009-main-boom-extension-cylinder-5.webp\" alt=\"\" width=\"1470\" height=\"684\" srcset=\"https:\/\/www.hydraulic-cylinders.net\/wp-content\/uploads\/2025\/02\/hcyy11112009-main-boom-extension-cylinder-5.webp 1470w, https:\/\/www.hydraulic-cylinders.net\/wp-content\/uploads\/2025\/02\/hcyy11112009-main-boom-extension-cylinder-5-1280x596.webp 1280w, https:\/\/www.hydraulic-cylinders.net\/wp-content\/uploads\/2025\/02\/hcyy11112009-main-boom-extension-cylinder-5-980x456.webp 980w, https:\/\/www.hydraulic-cylinders.net\/wp-content\/uploads\/2025\/02\/hcyy11112009-main-boom-extension-cylinder-5-480x223.webp 480w\" sizes=\"(min-width: 0px) and (max-width: 480px) 480px, (min-width: 481px) and (max-width: 980px) 980px, (min-width: 981px) and (max-width: 1280px) 1280px, (min-width: 1281px) 1470px, 100vw\" \/><\/h1>\n<h2><strong>Havadan \u00c7al\u0131\u015fma Ara\u00e7lar\u0131 \u0130\u00e7in Silindir Serisi:<\/strong><\/h2>\n<h2><img loading=\"lazy\" decoding=\"async\" class=\"wp-image-1044652 size-full aligncenter\" src=\"https:\/\/images.hzpt.com\/2025\/02\/cylinder-series-for-aerial-work-vehicles.webp\" alt=\"\" width=\"751\" height=\"850\" \/><\/h2>\n<h2><strong>Kollu tip platformlu i\u015f ara\u00e7lar\u0131 i\u00e7in teleskopik silindirin ba\u015fl\u0131ca \u00f6zellikleri:<\/strong><\/h2>\n<h4><strong>Dayan\u0131kl\u0131 Yap\u0131<\/strong><\/h4>\n<p>Teleskopik silindir, zorlu ortamlara dayanacak \u015fekilde \u00f6zel olarak se\u00e7ilmi\u015f y\u00fcksek mukavemetli malzemelerden \u00fcretilmi\u015ftir. Bu sa\u011flam yap\u0131, uzun \u00f6m\u00fcrl\u00fc performans\u0131n yan\u0131 s\u0131ra a\u015f\u0131r\u0131 s\u0131cakl\u0131klara, neme ve a\u015f\u0131nd\u0131r\u0131c\u0131 ko\u015fullara dayanacak dayan\u0131kl\u0131l\u0131\u011f\u0131 da sa\u011flar. Sonu\u00e7 olarak, operat\u00f6rler bu silindirin tutarl\u0131 performans\u0131na g\u00fcvenebilir, mekanik ar\u0131za riskini azaltabilir ve hava operasyonlar\u0131 s\u0131ras\u0131nda genel g\u00fcvenli\u011fi art\u0131rabilirler.<\/p>\n<h4><strong>Geli\u015fmi\u015f Eri\u015fim<\/strong><\/h4>\n<p>Kol tipi hava i\u015f ara\u00e7lar\u0131 i\u00e7in teleskopik silindirin \u00f6ne \u00e7\u0131kan \u00f6zelliklerinden biri, bomun eri\u015fim mesafesini \u00f6nemli \u00f6l\u00e7\u00fcde uzatabilmesidir. Bu geli\u015ftirme, operat\u00f6rlerin aksi takdirde ula\u015f\u0131lmas\u0131 zor veya g\u00fcvenli olmayan noktalara eri\u015fmelerini sa\u011flar. \u0130ster y\u00fcksek yap\u0131larda \u00e7al\u0131\u015f\u0131rken, ister y\u00fcksekte bulunan ekipmanlarda bak\u0131m yaparken veya a\u011fa\u00e7 budama i\u015flemi ger\u00e7ekle\u015ftirirken, art\u0131r\u0131lm\u0131\u015f eri\u015fim mesafesi, g\u00f6revlerin verimli ve g\u00fcvenli bir \u015fekilde tamamlanmas\u0131n\u0131 sa\u011flayarak ek ekipman veya manuel i\u015f g\u00fcc\u00fcne olan ihtiyac\u0131 en aza indirir.<\/p>\n<h4><strong>Kolay Kullan\u0131m<\/strong><\/h4>\n<p>Kol tipi hava i\u015f ara\u00e7lar\u0131 i\u00e7in tasarlanm\u0131\u015f teleskopik silindirin sezgisel yap\u0131s\u0131, onu son derece kullan\u0131c\u0131 dostu hale getiriyor. Operat\u00f6rler, minimum fiziksel \u00e7aba ile bomu kolayca uzat\u0131p geri \u00e7ekebiliyor; bu da i\u015f ak\u0131\u015flar\u0131n\u0131 kolayla\u015ft\u0131r\u0131yor ve operat\u00f6r yorgunlu\u011funu azalt\u0131yor. Bu kullan\u0131m kolayl\u0131\u011f\u0131, daha h\u0131zl\u0131 kurulum s\u00fcreleri ve daha verimli bir \u00e7al\u0131\u015fma s\u00fcreci anlam\u0131na geliyor; b\u00f6ylece ekipler karma\u015f\u0131k makineleri y\u00f6netmek yerine g\u00f6revleri tamamlamaya odaklanabiliyor.<\/p>\n<h4><strong>Y\u00fcksek Y\u00fck Kapasitesi<\/strong><\/h4>\n<p>Y\u00fcksek y\u00fck ta\u015f\u0131ma kapasitesine sahip teleskopik silindir, \u00f6nemli a\u011f\u0131rl\u0131klar\u0131 destekleyecek \u015fekilde tasarlanm\u0131\u015ft\u0131r ve bu da onu \u00e7e\u015fitli uygulamalar i\u00e7in uygun hale getirir. Bu \u00f6zellik, operat\u00f6rlerin g\u00fcvenli\u011fi tehlikeye atmadan a\u011f\u0131r ekipman ve personeli kald\u0131rmas\u0131na olanak tan\u0131r. Silindirin sa\u011flaml\u0131\u011f\u0131, zorlu g\u00f6revlerin \u00fcstesinden gelebilmesini sa\u011flayarak, y\u00fcksek riskli durumlarda g\u00fcvenilirli\u011fe ihtiya\u00e7 duyan operat\u00f6rler i\u00e7in g\u00f6n\u00fcl rahatl\u0131\u011f\u0131 sunar.<\/p>\n<h4><strong>\u00c7ok Y\u00f6nl\u00fc Uyumluluk<\/strong><\/h4>\n<p>\u00c7ok y\u00f6nl\u00fcl\u00fck g\u00f6z \u00f6n\u00fcnde bulundurularak tasarlanan, kollu tip hava i\u015f ara\u00e7lar\u0131 i\u00e7in teleskopik silindir, \u00e7e\u015fitli hava i\u015f ara\u00e7lar\u0131na uyum sa\u011flayarak farkl\u0131 modellerde i\u015flevselli\u011fi art\u0131r\u0131r. Bu uyarlanabilirlik, kapsaml\u0131 de\u011fi\u015fikliklere gerek kalmadan sorunsuz entegrasyon sa\u011flad\u0131\u011f\u0131 i\u00e7in, \u00e7e\u015fitli ekipman t\u00fcrlerini kullanan \u015firketler i\u00e7in m\u00fckemmel bir se\u00e7imdir. Birden fazla ara\u00e7 tipine uyum sa\u011flayarak, HCYY11112009 operasyonel verimlili\u011fi en \u00fcst d\u00fczeye \u00e7\u0131kar\u0131r ve ekipman y\u00f6netimini basitle\u015ftirir.<\/p>\n<p>\u00d6zetle, kollu tip hava i\u015f ara\u00e7lar\u0131 i\u00e7in teleskopik silindir, dayan\u0131kl\u0131l\u0131k, art\u0131r\u0131lm\u0131\u015f eri\u015fim, kullan\u0131m kolayl\u0131\u011f\u0131, y\u00fcksek y\u00fck kapasitesi ve \u00e7ok y\u00f6nl\u00fc uyumlulu\u011fu bir araya getirerek, hava i\u015flerinde \u00e7al\u0131\u015fan profesyoneller i\u00e7in vazge\u00e7ilmez bir ara\u00e7 haline gelmektedir.<\/p>\n<h2><strong>Kol tipi hava i\u015f ara\u00e7lar\u0131 i\u00e7in teleskopik silindire hangi \u00f6zel g\u00f6revler i\u00e7in ihtiyac\u0131n\u0131z var?<\/strong><\/h2>\n<p>Kollu tip platformlu i\u015f ara\u00e7lar\u0131 i\u00e7in teleskopik silindir, a\u015fa\u011f\u0131dakiler de dahil olmak \u00fczere \u00e7ok \u00e7e\u015fitli g\u00f6revler i\u00e7in idealdir:<\/p>\n<h4><strong>\u0130n\u015faat Projeleri<\/strong><\/h4>\n<p>\u0130n\u015faat sekt\u00f6r\u00fcnde, kollu tip hava i\u015f ara\u00e7lar\u0131 i\u00e7in teleskopik silindir, i\u015f\u00e7ilerin y\u00fcksek alanlara g\u00fcvenli ve verimli bir \u015fekilde eri\u015fmesini sa\u011flar. \u0130ster iskelet yap\u0131m\u0131, ister \u00e7at\u0131 kaplama veya a\u011f\u0131r malzeme montaj\u0131 olsun, silindirin uzat\u0131lm\u0131\u015f eri\u015fim mesafesi, operat\u00f6rlerin g\u00fcvenli\u011fi tehlikeye atmadan \u00f6nemli y\u00fcksekliklerde g\u00f6revleri yerine getirebilmelerini sa\u011flar. Bu \u00f6zellik, in\u015faat s\u00fcrecini h\u0131zland\u0131rmakla kalmaz, ayn\u0131 zamanda montajlar\u0131n hassasiyetini de art\u0131r\u0131r.<\/p>\n<h4><strong>Bak\u0131m \u00c7al\u0131\u015fmalar\u0131<\/strong><\/h4>\n<p>Bak\u0131m i\u015flemleri i\u00e7in, kollu tip hava i\u015f ara\u00e7lar\u0131 i\u00e7in teleskopik silindir, binalar, ileti\u015fim kuleleri ve end\u00fcstriyel tesisler gibi y\u00fcksek yap\u0131larda onar\u0131m yaparken paha bi\u00e7ilmez bir \u00f6neme sahiptir. G\u00fcvenilir eri\u015fim mesafesi, teknisyenlerin iskele veya ek kald\u0131rma ekipman\u0131na ihtiya\u00e7 duymadan rutin incelemeler, onar\u0131mlar veya kritik bile\u015fenlerin de\u011fi\u015ftirilmesi i\u00e7in ula\u015f\u0131lmas\u0131 zor alanlara eri\u015fmelerini sa\u011flayarak verimlili\u011fi art\u0131r\u0131r ve ar\u0131za s\u00fcrelerini azalt\u0131r.<\/p>\n<h4><strong>A\u011fa\u00e7 Budama<\/strong><\/h4>\n<p>Peyzaj ve a\u011fa\u00e7 bak\u0131m\u0131 alan\u0131nda, HCYY11112009, a\u011fa\u00e7 budama veya kesimi s\u0131ras\u0131nda y\u00fcksek dallara g\u00fcvenli bir \u015fekilde ula\u015fmak i\u00e7in vazge\u00e7ilmezdir. Operat\u00f6rlere y\u00fcksekte sabit bir platformdan \u00e7al\u0131\u015fma olana\u011f\u0131 sa\u011flayarak, t\u0131rmanma veya merdiven kullanma ile ili\u015fkili riskleri en aza indirir. Bu, budaman\u0131n verimli ve g\u00fcvenli bir \u015fekilde yap\u0131lmas\u0131n\u0131 sa\u011flayarak, konut veya ticari alanlardaki a\u011fa\u00e7lar\u0131n sa\u011fl\u0131\u011f\u0131n\u0131 ve esteti\u011fini destekler.<\/p>\n<h4><strong>Telekom\u00fcnikasyon<\/strong><\/h4>\n<p>Teleskopik silindir, telekom\u00fcnikasyon sekt\u00f6r\u00fcnde de \u00e7ok \u00f6nemlidir; y\u00fcksek direklere veya kulelere antenlerin, kablolar\u0131n ve di\u011fer ekipmanlar\u0131n kurulumunu ve bak\u0131m\u0131n\u0131 kolayla\u015ft\u0131r\u0131r. Teknisyenlerin \u00f6nemli y\u00fcksekliklere ula\u015fmas\u0131n\u0131 sa\u011flayan teleskopik silindir, ileti\u015fim altyap\u0131s\u0131n\u0131n \u00e7al\u0131\u015f\u0131r durumda ve g\u00fcncel kalmas\u0131n\u0131 sa\u011flar. Bu \u00f6zellik, hem kentsel hem de k\u0131rsal alanlarda ba\u011flant\u0131 ve hizmet kalitesinin korunmas\u0131 i\u00e7in hayati \u00f6nem ta\u015f\u0131r.<\/p>\n<h4><strong>Etkinlik Kurulumu<\/strong><\/h4>\n<p>Etkinlik y\u00f6netimi sekt\u00f6r\u00fcnde, kollu tip hava i\u015f ara\u00e7lar\u0131 i\u00e7in teleskopik silindir, sahnelerin, ayd\u0131nlatman\u0131n ve di\u011fer y\u00fcksek profilli kurulumlar\u0131n olu\u015fturulmas\u0131nda \u00f6nemli bir rol oynar. Y\u00fcksek alanlara g\u00fcvenli eri\u015fim sa\u011flama yetene\u011fi, ekiplerin ekipmanlar\u0131 verimli bir \u015fekilde konumland\u0131rmas\u0131na olanak tan\u0131yarak etkinliklerin sorunsuz ve profesyonel bir \u015fekilde y\u00fcr\u00fct\u00fclmesini sa\u011flar. Bu, etkinli\u011fin g\u00f6rsel \u00e7ekicili\u011fini art\u0131rmakla kalmaz, ayn\u0131 zamanda kat\u0131l\u0131mc\u0131lar\u0131n ve sanat\u00e7\u0131lar\u0131n g\u00fcvenli\u011fini de sa\u011flar.<\/p>\n<p>\u00d6zetle, kollu tip hava i\u015f ara\u00e7lar\u0131 i\u00e7in teleskopik silindir, \u00e7e\u015fitli uygulamalarda verimlili\u011fi ve g\u00fcvenli\u011fi art\u0131ran \u00e7ok y\u00f6nl\u00fc bir ara\u00e7t\u0131r ve bu nedenle in\u015faat, bak\u0131m, peyzaj, telekom\u00fcnikasyon ve etkinlik y\u00f6netimi alanlar\u0131ndaki profesyoneller i\u00e7in vazge\u00e7ilmezdir.<\/p>\n<h2><strong>Havadan \u00c7al\u0131\u015fma Ara\u00e7lar\u0131 Silindir \u00dcretim Alan\u0131:<\/strong><\/h2>\n<h2><img loading=\"lazy\" decoding=\"async\" class=\"alignnone size-full wp-image-16972\" src=\"https:\/\/www.hydraulic-cylinders.net\/wp-content\/uploads\/2025\/01\/hydraulic-cylinder-factory-1-scaled.webp\" alt=\"\" width=\"2016\" height=\"2560\" srcset=\"https:\/\/www.hydraulic-cylinders.net\/wp-content\/uploads\/2025\/01\/hydraulic-cylinder-factory-1-scaled.webp 2016w, https:\/\/www.hydraulic-cylinders.net\/wp-content\/uploads\/2025\/01\/hydraulic-cylinder-factory-1-1280x1625.webp 1280w, https:\/\/www.hydraulic-cylinders.net\/wp-content\/uploads\/2025\/01\/hydraulic-cylinder-factory-1-980x1244.webp 980w, https:\/\/www.hydraulic-cylinders.net\/wp-content\/uploads\/2025\/01\/hydraulic-cylinder-factory-1-480x610.webp 480w\" sizes=\"(min-width: 0px) and (max-width: 480px) 480px, (min-width: 481px) and (max-width: 980px) 980px, (min-width: 981px) and (max-width: 1280px) 1280px, (min-width: 1281px) 2016px, 100vw\" \/><\/h2>\n<p>Montaja adanm\u0131\u015f, son teknoloji \u00fcr\u00fcn\u00fc ba\u011f\u0131ms\u0131z bir Ar-Ge platformuna sahip olmam\u0131z, \u00fcretim s\u00fcre\u00e7lerimizde en \u00fcst d\u00fczey inovasyon ve kaliteyi garanti alt\u0131na almaktad\u0131r. Forklift silindiri \u00fcretim at\u00f6lyemizde, toplamda y\u0131lda bir milyon adede kadar \u00fcnite \u00fcretecek \u015fekilde tasarlanm\u0131\u015f d\u00f6rt adet yar\u0131 otomatik kald\u0131rma silindiri montaj hatt\u0131 ve tam otomatik bir devirme silindiri montaj hatt\u0131 bulunmaktad\u0131r.<\/p>\n<p>Ayr\u0131ca, \u00f6zel silindir at\u00f6lyemiz, y\u0131ll\u0131k 200.000 adet \u00fcretim kapasitesine sahip, \u00e7e\u015fitli \u00f6zelliklere g\u00f6re uyarlanm\u0131\u015f yar\u0131 otomatik temizleme ve montaj sistemleriyle donat\u0131lm\u0131\u015ft\u0131r. Y\u00fcksek hassasiyetli silindir i\u015fleme i\u00e7in tan\u0131nm\u0131\u015f CNC ekipmanlar\u0131, i\u015fleme merkezleri ve \u00f6zel aletler kullan\u0131yoruz. Tesisimizde ayr\u0131ca geli\u015fmi\u015f robotik kaynak makineleri, otomatik temizleme sistemleri ve tam otomatik silindir montaj ve boyama hatlar\u0131 bulunmaktad\u0131r. 300'den fazla \u00f6nemli ekipman\u0131m\u0131zla, kaynak tahsisini optimize ediyor ve verimli kullan\u0131m sa\u011flayarak, s\u0131k\u0131 hassasiyet ve kalite standartlar\u0131n\u0131 kar\u015f\u0131l\u0131yoruz.<\/p>\n<p>Tala\u015fl\u0131 imalat at\u00f6lyemizde \u00f6zel e\u011fimli k\u0131lavuz rayl\u0131 torna tezgahlar\u0131, i\u015fleme merkezleri, y\u00fcksek h\u0131zl\u0131 honlama makineleri, kaynak robotlar\u0131 ve di\u011fer temel ekipmanlar bulunmaktad\u0131r. Bu kurulum, maksimum i\u00e7 \u00e7ap\u0131 400 mm ve uzunlu\u011fu 6 metreye kadar olan silindir borular\u0131n\u0131n i\u015flenmesini sa\u011flayarak \u00fcretim kapasitemizi daha da art\u0131rmam\u0131z\u0131 sa\u011flar.<\/p>\n<h2><img loading=\"lazy\" decoding=\"async\" class=\"alignnone size-full wp-image-16973\" src=\"https:\/\/www.hydraulic-cylinders.net\/wp-content\/uploads\/2025\/01\/hydraulic-cylinder-factory-2-scaled.webp\" alt=\"\" width=\"2011\" height=\"2560\" srcset=\"https:\/\/www.hydraulic-cylinders.net\/wp-content\/uploads\/2025\/01\/hydraulic-cylinder-factory-2-scaled.webp 2011w, https:\/\/www.hydraulic-cylinders.net\/wp-content\/uploads\/2025\/01\/hydraulic-cylinder-factory-2-1280x1629.webp 1280w, https:\/\/www.hydraulic-cylinders.net\/wp-content\/uploads\/2025\/01\/hydraulic-cylinder-factory-2-980x1248.webp 980w, https:\/\/www.hydraulic-cylinders.net\/wp-content\/uploads\/2025\/01\/hydraulic-cylinder-factory-2-480x611.webp 480w\" sizes=\"(min-width: 0px) and (max-width: 480px) 480px, (min-width: 481px) and (max-width: 980px) 980px, (min-width: 981px) and (max-width: 1280px) 1280px, (min-width: 1281px) 2011px, 100vw\" \/><\/h2>\n<p>K\u00fc\u00e7\u00fck ve orta boy silindirler i\u00e7in \u00f6zel olarak tasarlanm\u0131\u015f, otomatik y\u00fckleme, bo\u015faltma ve p\u00fcsk\u00fcrtme robotlar\u0131na sahip, tam otomatik su bazl\u0131 boya kaplama hatt\u0131m\u0131z bulunmaktad\u0131r. Bu son teknoloji sistem, vardiya ba\u015f\u0131na 4.000 adet \u00fcretim kapasitesine sahiptir. Ayr\u0131ca, b\u00fcy\u00fck \u00f6l\u00e7ekli silindirler i\u00e7in zincir tahrikli, vardiya ba\u015f\u0131na 60 kasa tasar\u0131m kapasitesine sahip yar\u0131 otomatik bir boyama hatt\u0131m\u0131z da bulunmaktad\u0131r.<\/p>\n<p>\u00dcr\u00fcn performans\u0131n\u0131 art\u0131rmak ve hidrolik silindir sekt\u00f6r\u00fcndeki liderli\u011fimizi peki\u015ftirmek i\u00e7in, hidrolik silindirler, valfler ve pompalara \u00f6zel kapsaml\u0131 bir performans laboratuvar\u0131 kurmak \u00fczere ZJIMEE ile ortakl\u0131k kurduk. Bu geli\u015fmi\u015f laboratuvar, elektro-hidrolik teknolojili bilgisayar destekli testler kullanarak, do\u011frulu\u011fu ve sistem \u00e7ok y\u00f6nl\u00fcl\u00fc\u011f\u00fcn\u00fc art\u0131ran \u00f6nceden ayarlanm\u0131\u015f test ko\u015fullar\u0131 sunar. Otomatik veri toplama s\u00fcreci, i\u00e7 s\u0131z\u0131nt\u0131 ve y\u00fck verimlili\u011fi gibi \u00e7\u0131kt\u0131 verilerini toplamak i\u00e7in sens\u00f6rler kullan\u0131r ve bu veriler daha sonra bir bilgisayar taraf\u0131ndan i\u015flenerek standart birimlere (ml\/dak%) d\u00f6n\u00fc\u015ft\u00fcr\u00fcl\u00fcr.<\/p>\n<p>Ayr\u0131ca, hidrolik sistemlerimizin g\u00fcvenli\u011fini sa\u011flamak i\u00e7in ya\u011f s\u0131cakl\u0131\u011f\u0131, s\u0131v\u0131 seviyesi ve filtre cihaz\u0131 durumu gibi temel performans parametreleri i\u00e7in durum izleme sistemi uyguluyoruz. Hidrolik silindir test stand\u0131m\u0131z, hassas \u00f6l\u00e7\u00fcmler arac\u0131l\u0131\u011f\u0131yla \"y\u00fck verimlili\u011fi\" ve \"i\u00e7 s\u0131z\u0131nt\u0131\" de\u011ferlerini de\u011ferlendirebilir. Ayr\u0131ca, hidrolik silindir \u00fcr\u00fcnleri i\u00e7in t\u00fcm test gerekliliklerine uyumu garanti eden ulusal standartlar\u0131 kar\u015f\u0131layan bir \u0131zgara cetveli \u00f6l\u00e7\u00fcm cihaz\u0131 ile donat\u0131lm\u0131\u015ft\u0131r.<\/p>\n<p>&nbsp;<\/p>","protected":false},"excerpt":{"rendered":"<p>Telescopic Cylinder For Arm Type Aerial Work Vehicles The telescopic cylinder for arm type aerial work vehicles is a vital component for aerial work vehicles, significantly enhancing their reach and versatility. Specifically engineered for high-performance applications, this cylinder enables operators to effortlessly access elevated areas with precision. Its robust construction and advanced engineering make it [&hellip;]<\/p>","protected":false},"featured_media":17495,"comment_status":"open","ping_status":"closed","template":"","meta":{"_et_pb_use_builder":"","_et_pb_old_content":"","_et_gb_content_width":""},"product_brand":[],"product_cat":[1500,1550,1376,1393],"product_tag":[],"class_list":{"0":"post-17230","1":"product","2":"type-product","3":"status-publish","4":"has-post-thumbnail","6":"product_cat-aerial-work-vehicle-hydraulic-cylinder","7":"product_cat-double-acting-hydraulic-cylinder","8":"product_cat-hydraulic-cylinder","9":"product_cat-telescopic-hydraulic-cylinder","11":"first","12":"instock","13":"shipping-taxable","14":"product-type-simple"},"amp_enabled":true,"_links":{"self":[{"href":"https:\/\/www.hydraulic-cylinders.net\/tr\/wp-json\/wp\/v2\/product\/17230","targetHints":{"allow":["GET"]}}],"collection":[{"href":"https:\/\/www.hydraulic-cylinders.net\/tr\/wp-json\/wp\/v2\/product"}],"about":[{"href":"https:\/\/www.hydraulic-cylinders.net\/tr\/wp-json\/wp\/v2\/types\/product"}],"replies":[{"embeddable":true,"href":"https:\/\/www.hydraulic-cylinders.net\/tr\/wp-json\/wp\/v2\/comments?post=17230"}],"wp:featuredmedia":[{"embeddable":true,"href":"https:\/\/www.hydraulic-cylinders.net\/tr\/wp-json\/wp\/v2\/media\/17495"}],"wp:attachment":[{"href":"https:\/\/www.hydraulic-cylinders.net\/tr\/wp-json\/wp\/v2\/media?parent=17230"}],"wp:term":[{"taxonomy":"product_brand","embeddable":true,"href":"https:\/\/www.hydraulic-cylinders.net\/tr\/wp-json\/wp\/v2\/product_brand?post=17230"},{"taxonomy":"product_cat","embeddable":true,"href":"https:\/\/www.hydraulic-cylinders.net\/tr\/wp-json\/wp\/v2\/product_cat?post=17230"},{"taxonomy":"product_tag","embeddable":true,"href":"https:\/\/www.hydraulic-cylinders.net\/tr\/wp-json\/wp\/v2\/product_tag?post=17230"}],"curies":[{"name":"wp","href":"https:\/\/api.w.org\/{rel}","templated":true}]}}