{"id":17237,"date":"2025-02-23T08:26:58","date_gmt":"2025-02-23T08:26:58","guid":{"rendered":"https:\/\/www.hydraulic-cylinders.net\/?post_type=product&#038;p=17237"},"modified":"2025-04-30T08:37:43","modified_gmt":"2025-04-30T08:37:43","slug":"luffing-cylinder-for-arm-type-aerial-work-vehicles","status":"publish","type":"product","link":"https:\/\/www.hydraulic-cylinders.net\/tr\/urun\/luffing-cylinder-for-arm-type-aerial-work-vehicles\/","title":{"rendered":"Kol Tipi Havadan \u00c7al\u0131\u015fma Ara\u00e7lar\u0131 \u0130\u00e7in Kald\u0131rma Silindiri"},"content":{"rendered":"<h1 style=\"text-align: center;\"><strong>Kol Tipi Havadan \u00c7al\u0131\u015fma Ara\u00e7lar\u0131 \u0130\u00e7in Kald\u0131rma Silindiri<\/strong><\/h1>\n<h1 style=\"text-align: center;\"><img loading=\"lazy\" decoding=\"async\" class=\"alignnone size-full wp-image-17240\" src=\"https:\/\/www.hydraulic-cylinders.net\/wp-content\/uploads\/2025\/02\/hcyy11112010-main-boom-angle-cylinder-2.webp\" alt=\"\" width=\"1500\" height=\"520\" srcset=\"https:\/\/www.hydraulic-cylinders.net\/wp-content\/uploads\/2025\/02\/hcyy11112010-main-boom-angle-cylinder-2.webp 1500w, https:\/\/www.hydraulic-cylinders.net\/wp-content\/uploads\/2025\/02\/hcyy11112010-main-boom-angle-cylinder-2-1280x444.webp 1280w, https:\/\/www.hydraulic-cylinders.net\/wp-content\/uploads\/2025\/02\/hcyy11112010-main-boom-angle-cylinder-2-980x340.webp 980w, https:\/\/www.hydraulic-cylinders.net\/wp-content\/uploads\/2025\/02\/hcyy11112010-main-boom-angle-cylinder-2-480x166.webp 480w\" sizes=\"(min-width: 0px) and (max-width: 480px) 480px, (min-width: 481px) and (max-width: 980px) 980px, (min-width: 981px) and (max-width: 1280px) 1280px, (min-width: 1281px) 1500px, 100vw\" \/><\/h1>\n<p>Kol tipi hava i\u015f ara\u00e7lar\u0131 i\u00e7in tasarlanm\u0131\u015f geli\u015fmi\u015f bir bile\u015fen olan HCYY11112010, hava i\u015f ara\u00e7lar\u0131n\u0131n manevra kabiliyetini ve i\u015flevselli\u011fini \u00f6nemli \u00f6l\u00e7\u00fcde art\u0131rarak in\u015faat, bak\u0131m ve telekom\u00fcnikasyon dahil olmak \u00fczere \u00e7e\u015fitli sekt\u00f6rlerde vazge\u00e7ilmez hale gelmektedir. Sa\u011flam tasar\u0131m\u0131 ve son teknoloji m\u00fchendisli\u011fi ile HCYY11112010, y\u00fcksek yerlerde g\u00fcvenli ve verimli \u00e7al\u0131\u015fma garantisi sunar.<\/p>\n<p>Bu silindir, havadan \u00e7al\u0131\u015fma uygulamalar\u0131nda hem g\u00fcvenli\u011fi hem de verimlili\u011fi art\u0131rmak i\u00e7in \u00e7ok \u00f6nemlidir. Dayan\u0131kl\u0131 yap\u0131s\u0131, kullan\u0131c\u0131 dostu tasar\u0131m\u0131 ve hassas i\u015flevselli\u011fi, \u00e7e\u015fitli alanlardaki profesyonellerin zorlu ihtiya\u00e7lar\u0131n\u0131 kar\u015f\u0131lamaktad\u0131r. Operat\u00f6rler, do\u011fru kullan\u0131m ve bak\u0131m y\u00f6nergelerine uyarak, kald\u0131rma silindirinin s\u00fcrekli olarak g\u00fcvenilir performans g\u00f6stermesini, havadan operasyonlar\u0131 kolayla\u015ft\u0131rmas\u0131n\u0131 ve etkinli\u011fi art\u0131rmas\u0131n\u0131 sa\u011flayabilirler.<\/p>\n<p>Kol tipi hava i\u015f ara\u00e7lar\u0131 i\u00e7in kald\u0131rma silindirine yat\u0131r\u0131m yapmak, yaln\u0131zca hava i\u015f yeteneklerinizi art\u0131rmakla kalmaz, ayn\u0131 zamanda ekipman\u0131n\u0131z\u0131n genel performans\u0131n\u0131 da y\u00fckselterek g\u00f6revleri g\u00fcvenle ve hassasiyetle yerine getirmenizi sa\u011flar.<\/p>\n<h2><strong>Kol Tipi Haval\u0131 \u00c7al\u0131\u015fma Ara\u00e7lar\u0131 \u0130\u00e7in Kald\u0131rma Silindiri Parametreleri:<\/strong><\/h2>\n<h1 style=\"text-align: center;\"><img loading=\"lazy\" decoding=\"async\" class=\"alignnone size-full wp-image-17239\" src=\"https:\/\/www.hydraulic-cylinders.net\/wp-content\/uploads\/2025\/02\/hcyy11112010-main-boom-angle-cylinder-1.webp\" alt=\"\" width=\"1512\" height=\"146\" srcset=\"https:\/\/www.hydraulic-cylinders.net\/wp-content\/uploads\/2025\/02\/hcyy11112010-main-boom-angle-cylinder-1.webp 1512w, https:\/\/www.hydraulic-cylinders.net\/wp-content\/uploads\/2025\/02\/hcyy11112010-main-boom-angle-cylinder-1-1280x124.webp 1280w, https:\/\/www.hydraulic-cylinders.net\/wp-content\/uploads\/2025\/02\/hcyy11112010-main-boom-angle-cylinder-1-980x95.webp 980w, https:\/\/www.hydraulic-cylinders.net\/wp-content\/uploads\/2025\/02\/hcyy11112010-main-boom-angle-cylinder-1-480x46.webp 480w\" sizes=\"(min-width: 0px) and (max-width: 480px) 480px, (min-width: 481px) and (max-width: 980px) 980px, (min-width: 981px) and (max-width: 1280px) 1280px, (min-width: 1281px) 1512px, 100vw\" \/> \u00a0<img loading=\"lazy\" decoding=\"async\" class=\"alignnone size-full wp-image-17241\" src=\"https:\/\/www.hydraulic-cylinders.net\/wp-content\/uploads\/2025\/02\/hcyy11112010-main-boom-angle-cylinder-3.webp\" alt=\"\" width=\"1479\" height=\"710\" srcset=\"https:\/\/www.hydraulic-cylinders.net\/wp-content\/uploads\/2025\/02\/hcyy11112010-main-boom-angle-cylinder-3.webp 1479w, https:\/\/www.hydraulic-cylinders.net\/wp-content\/uploads\/2025\/02\/hcyy11112010-main-boom-angle-cylinder-3-1280x614.webp 1280w, https:\/\/www.hydraulic-cylinders.net\/wp-content\/uploads\/2025\/02\/hcyy11112010-main-boom-angle-cylinder-3-980x470.webp 980w, https:\/\/www.hydraulic-cylinders.net\/wp-content\/uploads\/2025\/02\/hcyy11112010-main-boom-angle-cylinder-3-480x230.webp 480w\" sizes=\"(min-width: 0px) and (max-width: 480px) 480px, (min-width: 481px) and (max-width: 980px) 980px, (min-width: 981px) and (max-width: 1280px) 1280px, (min-width: 1281px) 1479px, 100vw\" \/> <img loading=\"lazy\" decoding=\"async\" class=\"alignnone size-full wp-image-17242\" src=\"https:\/\/www.hydraulic-cylinders.net\/wp-content\/uploads\/2025\/02\/hcyy11112010-main-boom-angle-cylinder-4.webp\" alt=\"\" width=\"1471\" height=\"710\" srcset=\"https:\/\/www.hydraulic-cylinders.net\/wp-content\/uploads\/2025\/02\/hcyy11112010-main-boom-angle-cylinder-4.webp 1471w, https:\/\/www.hydraulic-cylinders.net\/wp-content\/uploads\/2025\/02\/hcyy11112010-main-boom-angle-cylinder-4-1280x618.webp 1280w, https:\/\/www.hydraulic-cylinders.net\/wp-content\/uploads\/2025\/02\/hcyy11112010-main-boom-angle-cylinder-4-980x473.webp 980w, https:\/\/www.hydraulic-cylinders.net\/wp-content\/uploads\/2025\/02\/hcyy11112010-main-boom-angle-cylinder-4-480x232.webp 480w\" sizes=\"(min-width: 0px) and (max-width: 480px) 480px, (min-width: 481px) and (max-width: 980px) 980px, (min-width: 981px) and (max-width: 1280px) 1280px, (min-width: 1281px) 1471px, 100vw\" \/> <img loading=\"lazy\" decoding=\"async\" class=\"alignnone size-full wp-image-17243\" src=\"https:\/\/www.hydraulic-cylinders.net\/wp-content\/uploads\/2025\/02\/hcyy11112010-main-boom-angle-cylinder-5.webp\" alt=\"\" width=\"1497\" height=\"764\" srcset=\"https:\/\/www.hydraulic-cylinders.net\/wp-content\/uploads\/2025\/02\/hcyy11112010-main-boom-angle-cylinder-5.webp 1497w, https:\/\/www.hydraulic-cylinders.net\/wp-content\/uploads\/2025\/02\/hcyy11112010-main-boom-angle-cylinder-5-1280x653.webp 1280w, https:\/\/www.hydraulic-cylinders.net\/wp-content\/uploads\/2025\/02\/hcyy11112010-main-boom-angle-cylinder-5-980x500.webp 980w, https:\/\/www.hydraulic-cylinders.net\/wp-content\/uploads\/2025\/02\/hcyy11112010-main-boom-angle-cylinder-5-480x245.webp 480w\" sizes=\"(min-width: 0px) and (max-width: 480px) 480px, (min-width: 481px) and (max-width: 980px) 980px, (min-width: 981px) and (max-width: 1280px) 1280px, (min-width: 1281px) 1497px, 100vw\" \/><\/h1>\n<h2><strong>Havadan \u00c7al\u0131\u015fma Ara\u00e7lar\u0131 \u0130\u00e7in Silindir Serisi:<\/strong><\/h2>\n<h2><img loading=\"lazy\" decoding=\"async\" class=\"wp-image-1044652 size-full aligncenter\" src=\"https:\/\/images.hzpt.com\/2025\/02\/cylinder-series-for-aerial-work-vehicles.webp\" alt=\"\" width=\"751\" height=\"850\" \/><\/h2>\n<h2><strong>Kollu tip platformlu i\u015f ara\u00e7lar\u0131 i\u00e7in kullan\u0131lan kald\u0131rma silindirinin temel \u00f6zellikleri:<\/strong><\/h2>\n<h4><strong>D\u00fczenli Denetimler<\/strong><\/h4>\n<p>Hava platformlu i\u015f ara\u00e7lar\u0131 i\u00e7in kullan\u0131lan kald\u0131rma silindirinin performans\u0131n\u0131 ve g\u00fcvenli\u011fini korumak i\u00e7in d\u00fczenli kontroller yapmak hayati \u00f6nem ta\u015f\u0131r. Contalarda ve hortumlarda g\u00f6zle g\u00f6r\u00fcl\u00fcr a\u015f\u0131nma olup olmad\u0131\u011f\u0131n\u0131 kontrol edin, hidrolik s\u0131z\u0131nt\u0131lar\u0131 inceleyin ve ezik veya korozyon gibi hasar belirtilerine bak\u0131n. Bu sorunlar\u0131n erken tespiti, zaman\u0131nda onar\u0131m yap\u0131lmas\u0131n\u0131 sa\u011flayarak daha fazla hasar\u0131 \u00f6nler ve silindirin etkili bir \u015fekilde \u00e7al\u0131\u015fmas\u0131n\u0131 sa\u011flar.<\/p>\n<h4><strong>Ya\u011flama<\/strong><\/h4>\n<p>Luff silindirinin uzun \u00f6m\u00fcrl\u00fc olmas\u0131 i\u00e7in uygun ya\u011flama \u015fartt\u0131r. \u00dcretici taraf\u0131ndan belirtildi\u011fi gibi, hareketli par\u00e7alara d\u00fczenli olarak \u00f6nerilen ya\u011flay\u0131c\u0131lar\u0131 uygulay\u0131n. Bu uygulama s\u00fcrt\u00fcnmeyi azalt\u0131r, a\u015f\u0131nmay\u0131 en aza indirir ve silindirin sorunsuz \u00e7al\u0131\u015fmas\u0131n\u0131 sa\u011flar. Ya\u011flama noktalar\u0131n\u0131n kolayca eri\u015filebilir oldu\u011fundan ve kirlenmeyi \u00f6nlemek i\u00e7in fazla ya\u011flay\u0131c\u0131n\u0131n silindi\u011finden emin olun.<\/p>\n<h4><strong>Hidrolik S\u0131v\u0131 Seviyeleri<\/strong><\/h4>\n<p>Hidrolik s\u0131v\u0131 seviyelerinin izlenmesi, optimum \u00e7al\u0131\u015fma i\u00e7in \u00e7ok \u00f6nemlidir. S\u0131v\u0131 deposunun \u00f6nerilen seviyede oldu\u011fundan emin olmak i\u00e7in d\u00fczenli olarak kontrol edin. D\u00fc\u015f\u00fck hidrolik s\u0131v\u0131 seviyesi, performans d\u00fc\u015f\u00fc\u015f\u00fcne, kald\u0131rma kapasitesinde azalmaya ve potansiyel a\u015f\u0131r\u0131 \u0131s\u0131nmaya yol a\u00e7abilir. S\u0131v\u0131 seviyeleri d\u00fc\u015f\u00fckse, verimlili\u011fi korumak ve hasar\u0131 \u00f6nlemek i\u00e7in uygun tipte hidrolik s\u0131v\u0131 ile derhal takviye yap\u0131n.<\/p>\n<h4><strong>Temizlik<\/strong><\/h4>\n<p>Kol tipi hava i\u015f ara\u00e7lar\u0131n\u0131n kald\u0131rma silindirinin temiz tutulmas\u0131, etkili \u00e7al\u0131\u015fmas\u0131 i\u00e7in \u00e7ok \u00f6nemlidir. Silindirin i\u015flevselli\u011fini engelleyebilecek kal\u0131nt\u0131lar\u0131, kiri ve kirleticileri gidermek i\u00e7in d\u00fczenli olarak temizleyin. Y\u00fczeyleri silmek i\u00e7in nemli bir bez kullan\u0131n ve \u00f6zellikle contalara ve ba\u011flant\u0131 yerlerine dikkat edin, b\u00f6ylece kirin hidrolik sisteme girmesini \u00f6nleyin. Temiz bir silindir sadece daha iyi \u00e7al\u0131\u015fmakla kalmaz, ayn\u0131 zamanda kullan\u0131m \u00f6mr\u00fcn\u00fc de uzat\u0131r.<\/p>\n<h4><strong>Profesyonel Servis<\/strong><\/h4>\n<p>Nitelikli bir teknisyen taraf\u0131ndan periyodik bak\u0131m planlamas\u0131, kapsaml\u0131 bak\u0131m i\u00e7in \u00e7ok \u00f6nemlidir. Profesyonel bir teknisyen, derinlemesine incelemeler yapabilir, sorunlar\u0131 giderebilir ve t\u00fcm bile\u015fenlerin do\u011fru \u015fekilde \u00e7al\u0131\u015ft\u0131\u011f\u0131ndan emin olabilir. Bu proaktif yakla\u015f\u0131m, potansiyel sorunlar\u0131n b\u00fcy\u00fcmeden \u00f6nce belirlenmesine yard\u0131mc\u0131 olarak, HCYY11112010'un kullan\u0131m \u00f6mr\u00fc boyunca en y\u00fcksek performans ve g\u00fcvenilirli\u011fi korumas\u0131n\u0131 sa\u011flar. D\u00fczenli profesyonel kontroller ayr\u0131ca, ekipman\u0131n g\u00fcvenlik standartlar\u0131n\u0131 ve \u00e7al\u0131\u015fma y\u00f6nergelerini kar\u015f\u0131lad\u0131\u011f\u0131n\u0131 bilmenin verdi\u011fi i\u00e7 huzurunu da sa\u011flar.<\/p>\n<h2><strong>Kollu tip platformlu i\u015f ara\u00e7lar\u0131n\u0131n kald\u0131rma silindirinde ne s\u0131kl\u0131kla kontrol yap\u0131lmal\u0131d\u0131r?<\/strong><\/h2>\n<p>Kol tipi hava i\u015f ara\u00e7lar\u0131n\u0131n kald\u0131rma silindirinin optimum performans\u0131n\u0131 ve g\u00fcvenli\u011fini garanti alt\u0131na almak i\u00e7in d\u00fczenli bir denetim program\u0131 olu\u015fturmak \u00e7ok \u00f6nemlidir. En az ayda bir kez kapsaml\u0131 denetimler yapmay\u0131 hedefleyin. Bununla birlikte, silindiriniz s\u0131k s\u0131k kullan\u0131l\u0131yorsa veya a\u015f\u0131r\u0131 s\u0131cakl\u0131klar, yo\u011fun toz veya nem gibi zorlu ko\u015fullarda \u00e7al\u0131\u015f\u0131yorsa, kontrol s\u0131kl\u0131\u011f\u0131n\u0131 haftal\u0131k kontrollere \u00e7\u0131karmak ak\u0131ll\u0131ca olacakt\u0131r.<\/p>\n<p>D\u00fczenli kontroller, bak\u0131mda ilk savunma hatt\u0131n\u0131zd\u0131r. A\u015f\u0131nma, hidrolik s\u0131z\u0131nt\u0131lar\u0131 veya hasar\u0131n daha ciddi sorunlara d\u00f6n\u00fc\u015fmeden \u00f6nce erken belirtilerini tespit etme f\u0131rsat\u0131 sunarlar. Bu proaktif yakla\u015f\u0131m, sizi potansiyel olarak maliyetli onar\u0131mlardan kurtarmakla kalmaz, ayn\u0131 zamanda hava operasyonlar\u0131n\u0131z\u0131n g\u00fcvenli\u011fini de art\u0131r\u0131r. Ekipman\u0131n\u0131z\u0131n kusursuz bir \u015fekilde \u00e7al\u0131\u015ft\u0131\u011f\u0131n\u0131 ve her t\u00fcrl\u00fc zorlu\u011fun \u00fcstesinden g\u00fcvenle gelebilece\u011fini bilmenin verdi\u011fi huzuru hayal edin.<\/p>\n<p>Kontrolleri rutininize dahil etmek, kollu tip hava i\u015f ara\u00e7lar\u0131n\u0131n kald\u0131rma silindirinin en iyi durumda kalmas\u0131n\u0131 sa\u011flamakla kalmaz, ayn\u0131 zamanda \u00f6mr\u00fcn\u00fc uzatarak yat\u0131r\u0131m\u0131n\u0131z\u0131n verimlili\u011fini en \u00fcst d\u00fczeye \u00e7\u0131kar\u0131r. D\u00fczenli kontroller yaparak, ekibinizin daha verimli ve g\u00fcvenli \u00e7al\u0131\u015fmas\u0131n\u0131 sa\u011flars\u0131n\u0131z ve siz de ger\u00e7ekten \u00f6nemli olana, yani i\u015fi do\u011fru bir \u015fekilde yapmaya odaklanabilirsiniz. Kontrolleri \u00f6nceliklendirin ve operasyonel verimlili\u011finizin y\u00fckseli\u015fini izleyin!<\/p>\n<h2><strong>Havadan \u00c7al\u0131\u015fma Ara\u00e7lar\u0131 Silindir \u00dcretim Alan\u0131:<\/strong><\/h2>\n<h2><img loading=\"lazy\" decoding=\"async\" class=\"alignnone size-full wp-image-16972\" src=\"https:\/\/www.hydraulic-cylinders.net\/wp-content\/uploads\/2025\/01\/hydraulic-cylinder-factory-1-scaled.webp\" alt=\"\" width=\"2016\" height=\"2560\" srcset=\"https:\/\/www.hydraulic-cylinders.net\/wp-content\/uploads\/2025\/01\/hydraulic-cylinder-factory-1-scaled.webp 2016w, https:\/\/www.hydraulic-cylinders.net\/wp-content\/uploads\/2025\/01\/hydraulic-cylinder-factory-1-1280x1625.webp 1280w, https:\/\/www.hydraulic-cylinders.net\/wp-content\/uploads\/2025\/01\/hydraulic-cylinder-factory-1-980x1244.webp 980w, https:\/\/www.hydraulic-cylinders.net\/wp-content\/uploads\/2025\/01\/hydraulic-cylinder-factory-1-480x610.webp 480w\" sizes=\"(min-width: 0px) and (max-width: 480px) 480px, (min-width: 481px) and (max-width: 980px) 980px, (min-width: 981px) and (max-width: 1280px) 1280px, (min-width: 1281px) 2016px, 100vw\" \/><\/h2>\n<p>Montaja adanm\u0131\u015f, son teknoloji \u00fcr\u00fcn\u00fc ba\u011f\u0131ms\u0131z bir Ar-Ge platformuna sahip olmam\u0131z, \u00fcretim s\u00fcre\u00e7lerimizde en \u00fcst d\u00fczey inovasyon ve kaliteyi garanti alt\u0131na almaktad\u0131r. Forklift silindiri \u00fcretim at\u00f6lyemizde, toplamda y\u0131lda bir milyon adede kadar \u00fcnite \u00fcretecek \u015fekilde tasarlanm\u0131\u015f d\u00f6rt adet yar\u0131 otomatik kald\u0131rma silindiri montaj hatt\u0131 ve tam otomatik bir devirme silindiri montaj hatt\u0131 bulunmaktad\u0131r.<\/p>\n<p>Ayr\u0131ca, \u00f6zel silindir at\u00f6lyemiz, y\u0131ll\u0131k 200.000 adet \u00fcretim kapasitesine sahip, \u00e7e\u015fitli \u00f6zelliklere g\u00f6re uyarlanm\u0131\u015f yar\u0131 otomatik temizleme ve montaj sistemleriyle donat\u0131lm\u0131\u015ft\u0131r. Y\u00fcksek hassasiyetli silindir i\u015fleme i\u00e7in tan\u0131nm\u0131\u015f CNC ekipmanlar\u0131, i\u015fleme merkezleri ve \u00f6zel aletler kullan\u0131yoruz. Tesisimizde ayr\u0131ca geli\u015fmi\u015f robotik kaynak makineleri, otomatik temizleme sistemleri ve tam otomatik silindir montaj ve boyama hatlar\u0131 bulunmaktad\u0131r. 300'den fazla \u00f6nemli ekipman\u0131m\u0131zla, kaynak tahsisini optimize ediyor ve verimli kullan\u0131m sa\u011flayarak, s\u0131k\u0131 hassasiyet ve kalite standartlar\u0131n\u0131 kar\u015f\u0131l\u0131yoruz.<\/p>\n<p>Tala\u015fl\u0131 imalat at\u00f6lyemizde \u00f6zel e\u011fimli k\u0131lavuz rayl\u0131 torna tezgahlar\u0131, i\u015fleme merkezleri, y\u00fcksek h\u0131zl\u0131 honlama makineleri, kaynak robotlar\u0131 ve di\u011fer temel ekipmanlar bulunmaktad\u0131r. Bu kurulum, maksimum i\u00e7 \u00e7ap\u0131 400 mm ve uzunlu\u011fu 6 metreye kadar olan silindir borular\u0131n\u0131n i\u015flenmesini sa\u011flayarak \u00fcretim kapasitemizi daha da art\u0131rmam\u0131z\u0131 sa\u011flar.<\/p>\n<h2><img loading=\"lazy\" decoding=\"async\" class=\"alignnone size-full wp-image-16973\" src=\"https:\/\/www.hydraulic-cylinders.net\/wp-content\/uploads\/2025\/01\/hydraulic-cylinder-factory-2-scaled.webp\" alt=\"\" width=\"2011\" height=\"2560\" srcset=\"https:\/\/www.hydraulic-cylinders.net\/wp-content\/uploads\/2025\/01\/hydraulic-cylinder-factory-2-scaled.webp 2011w, https:\/\/www.hydraulic-cylinders.net\/wp-content\/uploads\/2025\/01\/hydraulic-cylinder-factory-2-1280x1629.webp 1280w, https:\/\/www.hydraulic-cylinders.net\/wp-content\/uploads\/2025\/01\/hydraulic-cylinder-factory-2-980x1248.webp 980w, https:\/\/www.hydraulic-cylinders.net\/wp-content\/uploads\/2025\/01\/hydraulic-cylinder-factory-2-480x611.webp 480w\" sizes=\"(min-width: 0px) and (max-width: 480px) 480px, (min-width: 481px) and (max-width: 980px) 980px, (min-width: 981px) and (max-width: 1280px) 1280px, (min-width: 1281px) 2011px, 100vw\" \/><\/h2>\n<p>K\u00fc\u00e7\u00fck ve orta boy silindirler i\u00e7in \u00f6zel olarak tasarlanm\u0131\u015f, otomatik y\u00fckleme, bo\u015faltma ve p\u00fcsk\u00fcrtme robotlar\u0131na sahip, tam otomatik su bazl\u0131 boya kaplama hatt\u0131m\u0131z bulunmaktad\u0131r. Bu son teknoloji sistem, vardiya ba\u015f\u0131na 4.000 adet \u00fcretim kapasitesine sahiptir. Ayr\u0131ca, b\u00fcy\u00fck \u00f6l\u00e7ekli silindirler i\u00e7in zincir tahrikli, vardiya ba\u015f\u0131na 60 kasa tasar\u0131m kapasitesine sahip yar\u0131 otomatik bir boyama hatt\u0131m\u0131z da bulunmaktad\u0131r.<\/p>\n<p>\u00dcr\u00fcn performans\u0131n\u0131 art\u0131rmak ve hidrolik silindir sekt\u00f6r\u00fcndeki liderli\u011fimizi peki\u015ftirmek i\u00e7in, hidrolik silindirler, valfler ve pompalara \u00f6zel kapsaml\u0131 bir performans laboratuvar\u0131 kurmak \u00fczere ZJIMEE ile ortakl\u0131k kurduk. Bu geli\u015fmi\u015f laboratuvar, elektro-hidrolik teknolojili bilgisayar destekli testler kullanarak, do\u011frulu\u011fu ve sistem \u00e7ok y\u00f6nl\u00fcl\u00fc\u011f\u00fcn\u00fc art\u0131ran \u00f6nceden ayarlanm\u0131\u015f test ko\u015fullar\u0131 sunar. Otomatik veri toplama s\u00fcreci, i\u00e7 s\u0131z\u0131nt\u0131 ve y\u00fck verimlili\u011fi gibi \u00e7\u0131kt\u0131 verilerini toplamak i\u00e7in sens\u00f6rler kullan\u0131r ve bu veriler daha sonra bir bilgisayar taraf\u0131ndan i\u015flenerek standart birimlere (ml\/dak%) d\u00f6n\u00fc\u015ft\u00fcr\u00fcl\u00fcr.<\/p>\n<p>Ayr\u0131ca, hidrolik sistemlerimizin g\u00fcvenli\u011fini sa\u011flamak i\u00e7in ya\u011f s\u0131cakl\u0131\u011f\u0131, s\u0131v\u0131 seviyesi ve filtre cihaz\u0131 durumu gibi temel performans parametreleri i\u00e7in durum izleme sistemi uyguluyoruz. Hidrolik silindir test stand\u0131m\u0131z, hassas \u00f6l\u00e7\u00fcmler arac\u0131l\u0131\u011f\u0131yla \"y\u00fck verimlili\u011fi\" ve \"i\u00e7 s\u0131z\u0131nt\u0131\" de\u011ferlerini de\u011ferlendirebilir. Ayr\u0131ca, hidrolik silindir \u00fcr\u00fcnleri i\u00e7in t\u00fcm test gerekliliklerine uyumu garanti eden ulusal standartlar\u0131 kar\u015f\u0131layan bir \u0131zgara cetveli \u00f6l\u00e7\u00fcm cihaz\u0131 ile donat\u0131lm\u0131\u015ft\u0131r.<\/p>\n<p>&nbsp;<\/p>","protected":false},"excerpt":{"rendered":"<p>Luffing Cylinder For Arm Type Aerial Work Vehicles The Luffing Cylinder For Arm Type Aerial Work Vehicles is an advanced component specifically engineered for aerial work vehicles. This cylinder significantly enhances the maneuverability and functionality of aerial platforms, making it indispensable across various industries, including construction, maintenance, and telecommunications. With its robust design and cutting-edge [&hellip;]<\/p>","protected":false},"featured_media":17496,"comment_status":"open","ping_status":"closed","template":"","meta":{"_et_pb_use_builder":"","_et_pb_old_content":"","_et_gb_content_width":""},"product_brand":[],"product_cat":[1500,1550,1376],"product_tag":[],"class_list":{"0":"post-17237","1":"product","2":"type-product","3":"status-publish","4":"has-post-thumbnail","6":"product_cat-aerial-work-vehicle-hydraulic-cylinder","7":"product_cat-double-acting-hydraulic-cylinder","8":"product_cat-hydraulic-cylinder","10":"first","11":"instock","12":"shipping-taxable","13":"product-type-simple"},"amp_enabled":true,"_links":{"self":[{"href":"https:\/\/www.hydraulic-cylinders.net\/tr\/wp-json\/wp\/v2\/product\/17237","targetHints":{"allow":["GET"]}}],"collection":[{"href":"https:\/\/www.hydraulic-cylinders.net\/tr\/wp-json\/wp\/v2\/product"}],"about":[{"href":"https:\/\/www.hydraulic-cylinders.net\/tr\/wp-json\/wp\/v2\/types\/product"}],"replies":[{"embeddable":true,"href":"https:\/\/www.hydraulic-cylinders.net\/tr\/wp-json\/wp\/v2\/comments?post=17237"}],"wp:featuredmedia":[{"embeddable":true,"href":"https:\/\/www.hydraulic-cylinders.net\/tr\/wp-json\/wp\/v2\/media\/17496"}],"wp:attachment":[{"href":"https:\/\/www.hydraulic-cylinders.net\/tr\/wp-json\/wp\/v2\/media?parent=17237"}],"wp:term":[{"taxonomy":"product_brand","embeddable":true,"href":"https:\/\/www.hydraulic-cylinders.net\/tr\/wp-json\/wp\/v2\/product_brand?post=17237"},{"taxonomy":"product_cat","embeddable":true,"href":"https:\/\/www.hydraulic-cylinders.net\/tr\/wp-json\/wp\/v2\/product_cat?post=17237"},{"taxonomy":"product_tag","embeddable":true,"href":"https:\/\/www.hydraulic-cylinders.net\/tr\/wp-json\/wp\/v2\/product_tag?post=17237"}],"curies":[{"name":"wp","href":"https:\/\/api.w.org\/{rel}","templated":true}]}}