{"id":17254,"date":"2025-02-23T09:01:12","date_gmt":"2025-02-23T09:01:12","guid":{"rendered":"https:\/\/www.hydraulic-cylinders.net\/?post_type=product&#038;p=17254"},"modified":"2025-04-30T08:31:10","modified_gmt":"2025-04-30T08:31:10","slug":"steering-cylinder-for-arm-type-aerial-work-vehicles","status":"publish","type":"product","link":"https:\/\/www.hydraulic-cylinders.net\/tr\/urun\/steering-cylinder-for-arm-type-aerial-work-vehicles\/","title":{"rendered":"Kol Tipi Havadan \u00c7al\u0131\u015fma Ara\u00e7lar\u0131 \u0130\u00e7in Direksiyon Silindiri"},"content":{"rendered":"<h1 style=\"text-align: center;\"><strong>Kol Tipi Havadan \u00c7al\u0131\u015fma Ara\u00e7lar\u0131 \u0130\u00e7in Direksiyon Silindiri<\/strong><\/h1>\n<h1 style=\"text-align: center;\"><img loading=\"lazy\" decoding=\"async\" class=\"alignnone size-full wp-image-17256\" src=\"https:\/\/www.hydraulic-cylinders.net\/wp-content\/uploads\/2025\/02\/hcyy11112012-steering-cylinder-2.webp\" alt=\"\" width=\"1495\" height=\"516\" srcset=\"https:\/\/www.hydraulic-cylinders.net\/wp-content\/uploads\/2025\/02\/hcyy11112012-steering-cylinder-2.webp 1495w, https:\/\/www.hydraulic-cylinders.net\/wp-content\/uploads\/2025\/02\/hcyy11112012-steering-cylinder-2-1280x442.webp 1280w, https:\/\/www.hydraulic-cylinders.net\/wp-content\/uploads\/2025\/02\/hcyy11112012-steering-cylinder-2-980x338.webp 980w, https:\/\/www.hydraulic-cylinders.net\/wp-content\/uploads\/2025\/02\/hcyy11112012-steering-cylinder-2-480x166.webp 480w\" sizes=\"(min-width: 0px) and (max-width: 480px) 480px, (min-width: 481px) and (max-width: 980px) 980px, (min-width: 981px) and (max-width: 1280px) 1280px, (min-width: 1281px) 1495px, 100vw\" \/><\/h1>\n<div id=\"message-349701841669\" class=\"ChatMessage_chatMessage__xkgHx\" data-complete=\"true\">\n<div class=\"ChatMessage_messageRow__DHlnq\">\n<div class=\"ChatMessage_messageWrapper__4Ugd6\">\n<div class=\"Message_rowWithFooter__FShU6\">\n<div class=\"Message_row__ug_UU\">\n<div class=\"Message_messageBubbleWrapper__sEq8z\">\n<div class=\"Message_leftSideMessageBubble__VPdk6\">\n<div class=\"Message_messageTextContainer__w64Sc\">\n<div>\n<div class=\"Markdown_markdownContainer__Tz3HQ\">\n<p>Kollu tip hava i\u015f ara\u00e7lar\u0131 i\u00e7in direksiyon silindiri, hava i\u015f ara\u00e7lar\u0131n\u0131n manevra kabiliyetini ve kontrol\u00fcn\u00fc art\u0131rmak i\u00e7in \u00f6zel olarak tasarlanm\u0131\u015f \u00f6nemli bir bile\u015fendir. Bu son teknoloji \u00fcr\u00fcn\u00fc direksiyon mekanizmas\u0131, operat\u00f6rlerin dar alanlarda hareket etmelerini ve hava i\u015flerini ola\u011fan\u00fcst\u00fc hassasiyet ve kolayl\u0131kla ger\u00e7ekle\u015ftirmelerini sa\u011flar.<\/p>\n<p>\u00d6nemli bir geli\u015ftirme olarak, kollu tip hava i\u015f ara\u00e7lar\u0131 i\u00e7in direksiyon silindiri, direksiyon do\u011frulu\u011funu ve g\u00fcvenli\u011fini art\u0131rarak operat\u00f6rlerin dinamik \u00e7al\u0131\u015fma ortamlar\u0131na etkili bir \u015fekilde yan\u0131t verebilmelerini sa\u011flar. Sa\u011flam yap\u0131s\u0131 dayan\u0131kl\u0131l\u0131\u011f\u0131 garanti ederken, basit kurulum s\u00fcreci mevcut sistemlere entegrasyonu kolayla\u015ft\u0131r\u0131r. Bak\u0131m\u0131 da zahmetsizdir, bu da operat\u00f6rlerin gereksiz kesintiler olmadan i\u015flerine odaklanmalar\u0131n\u0131 sa\u011flar.<\/p>\n<p>Kollu tip platformlu i\u015f ara\u00e7lar\u0131 i\u00e7in tasarlanm\u0131\u015f direksiyon silindirini kendi platformlu i\u015f arac\u0131n\u0131za entegre ederek, operasyonel g\u00fcvenli\u011fi ve verimlili\u011fi art\u0131r\u0131rs\u0131n\u0131z; bu da onu her t\u00fcrl\u00fc \u015fantiyenin farkl\u0131 taleplerini kar\u015f\u0131lamak i\u00e7in ideal bir \u00e7\u00f6z\u00fcm haline getirir.<\/p>\n<\/div>\n<\/div>\n<\/div>\n<\/div>\n<\/div>\n<\/div>\n<\/div>\n<\/div>\n<\/div>\n<\/div>\n<h2><strong>Kollu Tip Haval\u0131 \u00c7al\u0131\u015fma Ara\u00e7lar\u0131 \u0130\u00e7in Direksiyon Silindiri Parametreleri:<\/strong><\/h2>\n<h1 style=\"text-align: center;\"><img loading=\"lazy\" decoding=\"async\" class=\"alignnone size-full wp-image-17255\" src=\"https:\/\/www.hydraulic-cylinders.net\/wp-content\/uploads\/2025\/02\/hcyy11112012-steering-cylinder-1.webp\" alt=\"\" width=\"1520\" height=\"147\" srcset=\"https:\/\/www.hydraulic-cylinders.net\/wp-content\/uploads\/2025\/02\/hcyy11112012-steering-cylinder-1.webp 1520w, https:\/\/www.hydraulic-cylinders.net\/wp-content\/uploads\/2025\/02\/hcyy11112012-steering-cylinder-1-1280x124.webp 1280w, https:\/\/www.hydraulic-cylinders.net\/wp-content\/uploads\/2025\/02\/hcyy11112012-steering-cylinder-1-980x95.webp 980w, https:\/\/www.hydraulic-cylinders.net\/wp-content\/uploads\/2025\/02\/hcyy11112012-steering-cylinder-1-480x46.webp 480w\" sizes=\"(min-width: 0px) and (max-width: 480px) 480px, (min-width: 481px) and (max-width: 980px) 980px, (min-width: 981px) and (max-width: 1280px) 1280px, (min-width: 1281px) 1520px, 100vw\" \/> \u00a0<img loading=\"lazy\" decoding=\"async\" class=\"alignnone size-full wp-image-17257\" src=\"https:\/\/www.hydraulic-cylinders.net\/wp-content\/uploads\/2025\/02\/hcyy11112012-steering-cylinder-3.webp\" alt=\"\" width=\"1471\" height=\"696\" srcset=\"https:\/\/www.hydraulic-cylinders.net\/wp-content\/uploads\/2025\/02\/hcyy11112012-steering-cylinder-3.webp 1471w, https:\/\/www.hydraulic-cylinders.net\/wp-content\/uploads\/2025\/02\/hcyy11112012-steering-cylinder-3-1280x606.webp 1280w, https:\/\/www.hydraulic-cylinders.net\/wp-content\/uploads\/2025\/02\/hcyy11112012-steering-cylinder-3-980x464.webp 980w, https:\/\/www.hydraulic-cylinders.net\/wp-content\/uploads\/2025\/02\/hcyy11112012-steering-cylinder-3-480x227.webp 480w\" sizes=\"(min-width: 0px) and (max-width: 480px) 480px, (min-width: 481px) and (max-width: 980px) 980px, (min-width: 981px) and (max-width: 1280px) 1280px, (min-width: 1281px) 1471px, 100vw\" \/> <img loading=\"lazy\" decoding=\"async\" class=\"alignnone size-full wp-image-17258\" src=\"https:\/\/www.hydraulic-cylinders.net\/wp-content\/uploads\/2025\/02\/hcyy11112012-steering-cylinder-4.webp\" alt=\"\" width=\"1476\" height=\"709\" srcset=\"https:\/\/www.hydraulic-cylinders.net\/wp-content\/uploads\/2025\/02\/hcyy11112012-steering-cylinder-4.webp 1476w, https:\/\/www.hydraulic-cylinders.net\/wp-content\/uploads\/2025\/02\/hcyy11112012-steering-cylinder-4-1280x615.webp 1280w, https:\/\/www.hydraulic-cylinders.net\/wp-content\/uploads\/2025\/02\/hcyy11112012-steering-cylinder-4-980x471.webp 980w, https:\/\/www.hydraulic-cylinders.net\/wp-content\/uploads\/2025\/02\/hcyy11112012-steering-cylinder-4-480x231.webp 480w\" sizes=\"(min-width: 0px) and (max-width: 480px) 480px, (min-width: 481px) and (max-width: 980px) 980px, (min-width: 981px) and (max-width: 1280px) 1280px, (min-width: 1281px) 1476px, 100vw\" \/> <img loading=\"lazy\" decoding=\"async\" class=\"alignnone size-full wp-image-17259\" src=\"https:\/\/www.hydraulic-cylinders.net\/wp-content\/uploads\/2025\/02\/hcyy11112012-steering-cylinder-5.webp\" alt=\"\" width=\"1481\" height=\"742\" srcset=\"https:\/\/www.hydraulic-cylinders.net\/wp-content\/uploads\/2025\/02\/hcyy11112012-steering-cylinder-5.webp 1481w, https:\/\/www.hydraulic-cylinders.net\/wp-content\/uploads\/2025\/02\/hcyy11112012-steering-cylinder-5-1280x641.webp 1280w, https:\/\/www.hydraulic-cylinders.net\/wp-content\/uploads\/2025\/02\/hcyy11112012-steering-cylinder-5-980x491.webp 980w, https:\/\/www.hydraulic-cylinders.net\/wp-content\/uploads\/2025\/02\/hcyy11112012-steering-cylinder-5-480x240.webp 480w\" sizes=\"(min-width: 0px) and (max-width: 480px) 480px, (min-width: 481px) and (max-width: 980px) 980px, (min-width: 981px) and (max-width: 1280px) 1280px, (min-width: 1281px) 1481px, 100vw\" \/><\/h1>\n<h2><strong>Havadan \u00c7al\u0131\u015fma Ara\u00e7lar\u0131 \u0130\u00e7in Silindir Serisi:<\/strong><\/h2>\n<h2><img loading=\"lazy\" decoding=\"async\" class=\"wp-image-1044652 size-full aligncenter\" src=\"https:\/\/images.hzpt.com\/2025\/02\/cylinder-series-for-aerial-work-vehicles.webp\" alt=\"\" width=\"751\" height=\"850\" \/><\/h2>\n<h2><strong>Kollu Tip Haval\u0131 \u00c7al\u0131\u015fma Ara\u00e7lar\u0131 \u0130\u00e7in Direksiyon Silindirinin Ba\u015fl\u0131ca \u00d6zellikleri:<\/strong><\/h2>\n<h4><strong>Sa\u011flam Yap\u0131<\/strong><\/h4>\n<p>Kollu tip platformlu i\u015f ara\u00e7lar\u0131 i\u00e7in direksiyon silindiri, zorlu ko\u015fullar alt\u0131nda ola\u011fan\u00fcst\u00fc dayan\u0131kl\u0131l\u0131k sa\u011flayan birinci s\u0131n\u0131f malzemelerden \u00fcretilmi\u015ftir. A\u011f\u0131r hizmet tipi tasar\u0131m\u0131, performanstan \u00f6d\u00fcn vermeden a\u015f\u0131r\u0131 s\u0131cakl\u0131klara, a\u011f\u0131r y\u00fcklere ve a\u015f\u0131nd\u0131r\u0131c\u0131 ortamlara dayan\u0131r. Bu sa\u011flam yap\u0131, a\u015f\u0131nmay\u0131 ve y\u0131pranmay\u0131 en aza indirerek de\u011fi\u015ftirme s\u0131kl\u0131\u011f\u0131n\u0131 \u00f6nemli \u00f6l\u00e7\u00fcde azalt\u0131r. \u0130\u015fletmeler, daha d\u00fc\u015f\u00fck i\u015fletme maliyetlerinden ve art\u0131r\u0131lm\u0131\u015f g\u00fcvenilirlikten faydalan\u0131r; bu da bu silindiri uzun vadeli kullan\u0131m i\u00e7in ak\u0131ll\u0131 bir yat\u0131r\u0131m haline getirir.<\/p>\n<h4><strong>Geli\u015fmi\u015f Hassas Kontrol<\/strong><\/h4>\n<p>Hava operasyonlar\u0131nda hassasiyet hayati \u00f6nem ta\u015f\u0131r ve kollu tip hava i\u015f ara\u00e7lar\u0131 i\u00e7in direksiyon silindiri ola\u011fan\u00fcst\u00fc direksiyon do\u011frulu\u011fu sa\u011flar. Bu direksiyon silindiri, operat\u00f6rlerin ara\u00e7lar\u0131n\u0131 g\u00fcvenle konumland\u0131rmalar\u0131n\u0131 sa\u011flayan kusursuz ve hassas ayarlamalara olanak tan\u0131r. Dar alanlarda manevra yaparken veya hassas hava manevralar\u0131 ger\u00e7ekle\u015ftirirken, silindirin tepki h\u0131z\u0131 hata riskini azalt\u0131r. Bu do\u011fruluk sadece g\u00fcvenli\u011fi art\u0131rmakla kalmaz, ayn\u0131 zamanda genel verimlili\u011fi de art\u0131rarak ekiplerin g\u00f6revleri daha etkili bir \u015fekilde tamamlamas\u0131na olanak tan\u0131r.<\/p>\n<h4><strong>Yerden Tasarruf Sa\u011flayan Tasar\u0131m<\/strong><\/h4>\n<p>Direksiyon silindiri, kolay kurulum ve saklamay\u0131 destekleyen yenilik\u00e7i, kompakt bir tasar\u0131ma sahiptir. Yer tasarrufu sa\u011flayan \u00f6zellikleri sayesinde dar b\u00f6lmelere s\u0131\u011farak, \u00f6zellikle alan\u0131n k\u0131s\u0131tl\u0131 oldu\u011fu mobil operasyonlar i\u00e7in avantajl\u0131 hale gelir. Kullan\u0131lmad\u0131\u011f\u0131 zaman silindir d\u00fczg\u00fcn bir \u015fekilde katlanarak verimli saklama ve ta\u015f\u0131may\u0131 kolayla\u015ft\u0131r\u0131r. Bu tasar\u0131m, operat\u00f6rlerin \u00e7al\u0131\u015fma alanlar\u0131n\u0131 en \u00fcst d\u00fczeye \u00e7\u0131karmalar\u0131n\u0131 ve ekipmanlar\u0131n\u0131 d\u00fczenli tutmalar\u0131n\u0131 sa\u011flar.<\/p>\n<h4><strong>Etkileyici Y\u00fck Ta\u015f\u0131ma Kapasitesi<\/strong><\/h4>\n<p>A\u011f\u0131r hizmet uygulamalar\u0131 i\u00e7in tasarlanan direksiyon silindiri, ola\u011fan\u00fcst\u00fc bir y\u00fck ta\u015f\u0131ma kapasitesine sahiptir. Sa\u011flam m\u00fchendisli\u011fi, \u00f6nemli a\u011f\u0131rl\u0131k alt\u0131nda bile g\u00fcvenilir performans sa\u011flayarak, a\u011f\u0131r ekipman veya malzemelerin kald\u0131r\u0131lmas\u0131n\u0131 i\u00e7eren g\u00f6revler i\u00e7in idealdir. Bu etkileyici g\u00fc\u00e7, operat\u00f6rlere g\u00fcven a\u015f\u0131lar, \u00e7\u00fcnk\u00fc silindirin bas\u0131n\u00e7 alt\u0131nda etkili bir \u015fekilde \u00e7al\u0131\u015faca\u011f\u0131na g\u00fcvenebilirler; bu da kritik operasyonlar s\u0131ras\u0131nda g\u00fcvenlik ve istikrar\u0131 sa\u011flar.<\/p>\n<h4><strong>\u00dcst\u00fcn Korozyon Direnci<\/strong><\/h4>\n<p>Kollu tip platformlu i\u015f ara\u00e7lar\u0131 i\u00e7in direksiyon silindiri, pas ve korozyona kar\u015f\u0131 koruma sa\u011flayan geli\u015fmi\u015f koruyucu kaplamalar i\u00e7erir. Bu \u00f6zellik, \u00f6zellikle zorlu hava ko\u015fullar\u0131nda silindirin \u00e7al\u0131\u015fma \u00f6mr\u00fcn\u00fc uzatmak i\u00e7in \u00e7ok \u00f6nemlidir. \u00d6zel kaplamalar, ya\u011fmur, kar ve UV \u0131\u015f\u0131nlar\u0131na kar\u015f\u0131 ek bir koruma katman\u0131 sa\u011flayarak zaman i\u00e7inde bak\u0131m maliyetlerini \u00f6nemli \u00f6l\u00e7\u00fcde azalt\u0131r. Operat\u00f6rler, \u00e7evresel a\u015f\u0131nma nedeniyle s\u0131k s\u0131k onar\u0131m veya de\u011fi\u015ftirme endi\u015fesi duymadan g\u00f6revlerine odaklanabilirler.<\/p>\n<h4><strong>Kolay Kurulum<\/strong><\/h4>\n<p>\u00c7ok y\u00f6nl\u00fcl\u00fck g\u00f6z \u00f6n\u00fcnde bulundurularak tasarlanan, kollu tip platformlu i\u015f ara\u00e7lar\u0131 i\u00e7in direksiyon silindiri, \u00e7ok \u00e7e\u015fitli platformlu i\u015f ara\u00e7lar\u0131yla uyumludur. Kullan\u0131c\u0131 dostu kurulum s\u00fcreci, operat\u00f6rlerin genellikle kapsaml\u0131 bir e\u011fitime ihtiya\u00e7 duymadan h\u0131zl\u0131 ve verimli bir \u015fekilde kurulum yapmalar\u0131n\u0131 sa\u011flar. Bu kurulum kolayl\u0131\u011f\u0131, ar\u0131za s\u00fcresini en aza indirerek i\u015fletmelerin ekipmanlar\u0131n\u0131 \u00e7e\u015fitli operasyonel gereksinimleri kar\u015f\u0131layacak \u015fekilde h\u0131zla uyarlamalar\u0131n\u0131 sa\u011flar. Basit entegrasyon, ekiplerin h\u0131zla i\u015fe geri d\u00f6nmelerini ve verimlili\u011fi en \u00fcst d\u00fczeye \u00e7\u0131karmalar\u0131n\u0131 sa\u011flar.<\/p>\n<p>Direksiyon silindiri, dayan\u0131kl\u0131l\u0131k, hassasiyet ve verimlili\u011fin birle\u015fimini sunarak, hava i\u015f ara\u00e7lar\u0131 i\u00e7in hayati bir bile\u015fen olarak \u00f6ne \u00e7\u0131kmaktad\u0131r. Sa\u011flam yap\u0131s\u0131, geli\u015fmi\u015f kontrol yetenekleri ve yerden tasarruf sa\u011flayan tasar\u0131m\u0131, g\u00fcvenilirlik ve performans arayan operat\u00f6rler i\u00e7in ideal bir se\u00e7im olmas\u0131n\u0131 sa\u011flamaktad\u0131r. HCYY11112012'ye yat\u0131r\u0131m yaparak, i\u015fletmeler operasyonel yeteneklerini geli\u015ftirebilir ve daha g\u00fcvenli ve verimli hava i\u015fleri sa\u011flayabilirler.<\/p>\n<h2><strong>Direksiyon silindirinin hassas kontrol\u00fc, havadan \u00e7al\u0131\u015fma g\u00f6revlerinizi nas\u0131l geli\u015ftirir?<\/strong><\/h2>\n<p>Elbette! \u0130\u015fte, kollu tip hava i\u015f ara\u00e7lar\u0131nda direksiyon silindirinin hassas kontrol\u00fcn\u00fcn hava i\u015f g\u00f6revlerini nas\u0131l geli\u015ftirdi\u011fine dair her bir noktan\u0131n geni\u015fletilmi\u015f ve optimize edilmi\u015f bir versiyonu:<\/p>\n<h4><strong>Do\u011fru Konumland\u0131rma<\/strong><\/h4>\n<p>Direksiyon silindiri, operat\u00f6rlere ince ayarlar yapma olana\u011f\u0131 sa\u011flayarak arac\u0131n son derece hassas bir \u015fekilde konumland\u0131r\u0131lmas\u0131n\u0131 garanti eder. Bu \u00f6zellik, y\u00fcksek yerlerde veya dar alanlarda \u00e7al\u0131\u015f\u0131rken \u00e7ok \u00f6nemlidir; \u00e7\u00fcnk\u00fc k\u00fc\u00e7\u00fck hatalar bile \u00f6nemli sorunlara yol a\u00e7abilir. Silindir, operat\u00f6rlerin ara\u00e7lar\u0131n\u0131 \u00e7al\u0131\u015fma alan\u0131yla tam olarak hizalamalar\u0131na olanak tan\u0131yarak hata riskini en aza indirir ve g\u00f6revlerin planland\u0131\u011f\u0131 gibi y\u00fcr\u00fct\u00fclmesini sa\u011flar.<\/p>\n<h4><strong>Geli\u015ftirilmi\u015f G\u00fcvenlik<\/strong><\/h4>\n<p>Direksiyon hassasiyetindeki art\u0131\u015f, hem operat\u00f6rler hem de yerdeki ekip \u00fcyeleri i\u00e7in do\u011frudan daha iyi bir g\u00fcvenlik anlam\u0131na gelir. Do\u011fru bir \u015fekilde y\u00f6nlendirme yetene\u011fi sayesinde, operat\u00f6rler engellerden ve tehlikeli durumlardan ka\u00e7\u0131nabilir ve kaza olas\u0131l\u0131\u011f\u0131n\u0131 azaltabilirler. Bu artan g\u00fcvenlik bilinci sadece personeli korumakla kalmaz, ayn\u0131 zamanda ekipman ve malzemeleri de g\u00fcvence alt\u0131na alarak herkesin g\u00f6revlerini g\u00fcvenle yerine getirebilece\u011fi g\u00fcvenli bir \u00e7al\u0131\u015fma ortam\u0131 yarat\u0131r.<\/p>\n<h4><strong>Artan Verimlilik<\/strong><\/h4>\n<p>H\u0131zl\u0131 ve hassas direksiyon ayarlamalar\u0131 yapabilme yetene\u011fi, operasyonlar\u0131 \u00f6nemli \u00f6l\u00e7\u00fcde kolayla\u015ft\u0131r\u0131r. Operat\u00f6rler, de\u011fi\u015fen ko\u015fullara veya talimatlara h\u0131zl\u0131 bir \u015fekilde tepki verebilir ve daha dinamik bir i\u015f ak\u0131\u015f\u0131 sa\u011flayabilirler. Bu verimlilik, g\u00f6revlerin daha h\u0131zl\u0131 tamamlanabilece\u011fi, ar\u0131za s\u00fcrelerinin azalaca\u011f\u0131 ve genel verimlili\u011fin artaca\u011f\u0131 anlam\u0131na gelir. Ekipler, operasyonel zaman aral\u0131klar\u0131 i\u00e7inde daha fazlas\u0131n\u0131 ba\u015farabilir, kaynaklar\u0131n\u0131 ve zamanlar\u0131n\u0131 en verimli \u015fekilde kullanabilirler.<\/p>\n<h4><strong>Daha \u0130yi Kullan\u0131m<\/strong><\/h4>\n<p>Kol tipi hava i\u015f ara\u00e7lar\u0131n\u0131n direksiyon kontrol\u00fcnde kullan\u0131lan direksiyon silindirinin hassas yap\u0131s\u0131, \u00f6zellikle zorlu arazilerde veya dar alanlarda hava i\u015f ara\u00e7lar\u0131n\u0131n kullan\u0131m\u0131n\u0131 iyile\u015ftirir. Silindirin hassasiyeti daha yumu\u015fak ge\u00e7i\u015fler ve d\u00f6n\u00fc\u015fler sa\u011flad\u0131\u011f\u0131 i\u00e7in operat\u00f6rler manevra yaparken daha fazla g\u00fcven duyarlar. Bu geli\u015fmi\u015f kullan\u0131m kabiliyeti, i\u015flemleri kolayla\u015ft\u0131rmakla kalmaz, ayn\u0131 zamanda ekipman kald\u0131rma veya konumland\u0131rma gibi ger\u00e7ekle\u015ftirilen her t\u00fcrl\u00fc g\u00f6rev i\u00e7in daha istikrarl\u0131 bir platform sa\u011flar.<\/p>\n<p>Genel olarak, direksiyon silindirinin hassas kontrol\u00fc, do\u011fruluk, g\u00fcvenlik, verimlilik ve kullan\u0131m kolayl\u0131\u011f\u0131n\u0131 art\u0131rarak havadan \u00e7al\u0131\u015fma g\u00f6revlerini \u00f6nemli \u00f6l\u00e7\u00fcde geli\u015ftirir. Bu da operat\u00f6rlerin sorumluluklar\u0131na g\u00fcvenle ve kolayl\u0131kla odaklanabilece\u011fi daha verimli bir \u00e7al\u0131\u015fma ortam\u0131 sa\u011flar.<\/p>\n<h2><strong>Havadan \u00c7al\u0131\u015fma Ara\u00e7lar\u0131 Silindir \u00dcretim Alan\u0131:<\/strong><\/h2>\n<h2><img loading=\"lazy\" decoding=\"async\" class=\"alignnone size-full wp-image-16972\" src=\"https:\/\/www.hydraulic-cylinders.net\/wp-content\/uploads\/2025\/01\/hydraulic-cylinder-factory-1-scaled.webp\" sizes=\"(min-width: 0px) and (max-width: 480px) 480px, (min-width: 481px) and (max-width: 980px) 980px, (min-width: 981px) and (max-width: 1280px) 1280px, (min-width: 1281px) 2016px, 100vw\" srcset=\"https:\/\/www.hydraulic-cylinders.net\/wp-content\/uploads\/2025\/01\/hydraulic-cylinder-factory-1-scaled.webp 2016w, https:\/\/www.hydraulic-cylinders.net\/wp-content\/uploads\/2025\/01\/hydraulic-cylinder-factory-1-1280x1625.webp 1280w, https:\/\/www.hydraulic-cylinders.net\/wp-content\/uploads\/2025\/01\/hydraulic-cylinder-factory-1-980x1244.webp 980w, https:\/\/www.hydraulic-cylinders.net\/wp-content\/uploads\/2025\/01\/hydraulic-cylinder-factory-1-480x610.webp 480w\" alt=\"\" width=\"2016\" height=\"2560\" \/><\/h2>\n<p>Montaja adanm\u0131\u015f, son teknoloji \u00fcr\u00fcn\u00fc ba\u011f\u0131ms\u0131z bir Ar-Ge platformuna sahip olmam\u0131z, \u00fcretim s\u00fcre\u00e7lerimizde en \u00fcst d\u00fczey inovasyon ve kaliteyi garanti alt\u0131na almaktad\u0131r. Forklift silindiri \u00fcretim at\u00f6lyemizde, toplamda y\u0131lda bir milyon adede kadar \u00fcnite \u00fcretecek \u015fekilde tasarlanm\u0131\u015f d\u00f6rt adet yar\u0131 otomatik kald\u0131rma silindiri montaj hatt\u0131 ve tam otomatik bir devirme silindiri montaj hatt\u0131 bulunmaktad\u0131r.<\/p>\n<p>Ayr\u0131ca, \u00f6zel silindir at\u00f6lyemiz, y\u0131ll\u0131k 200.000 adet \u00fcretim kapasitesine sahip, \u00e7e\u015fitli \u00f6zelliklere g\u00f6re uyarlanm\u0131\u015f yar\u0131 otomatik temizleme ve montaj sistemleriyle donat\u0131lm\u0131\u015ft\u0131r. Y\u00fcksek hassasiyetli silindir i\u015fleme i\u00e7in tan\u0131nm\u0131\u015f CNC ekipmanlar\u0131, i\u015fleme merkezleri ve \u00f6zel aletler kullan\u0131yoruz. Tesisimizde ayr\u0131ca geli\u015fmi\u015f robotik kaynak makineleri, otomatik temizleme sistemleri ve tam otomatik silindir montaj ve boyama hatlar\u0131 bulunmaktad\u0131r. 300'den fazla \u00f6nemli ekipman\u0131m\u0131zla, kaynak tahsisini optimize ediyor ve verimli kullan\u0131m sa\u011flayarak, s\u0131k\u0131 hassasiyet ve kalite standartlar\u0131n\u0131 kar\u015f\u0131l\u0131yoruz.<\/p>\n<p>Tala\u015fl\u0131 imalat at\u00f6lyemizde \u00f6zel e\u011fimli k\u0131lavuz rayl\u0131 torna tezgahlar\u0131, i\u015fleme merkezleri, y\u00fcksek h\u0131zl\u0131 honlama makineleri, kaynak robotlar\u0131 ve di\u011fer temel ekipmanlar bulunmaktad\u0131r. Bu kurulum, maksimum i\u00e7 \u00e7ap\u0131 400 mm ve uzunlu\u011fu 6 metreye kadar olan silindir borular\u0131n\u0131n i\u015flenmesini sa\u011flayarak \u00fcretim kapasitemizi daha da art\u0131rmam\u0131z\u0131 sa\u011flar.<\/p>\n<h2><img loading=\"lazy\" decoding=\"async\" class=\"alignnone size-full wp-image-16973\" src=\"https:\/\/www.hydraulic-cylinders.net\/wp-content\/uploads\/2025\/01\/hydraulic-cylinder-factory-2-scaled.webp\" sizes=\"(min-width: 0px) and (max-width: 480px) 480px, (min-width: 481px) and (max-width: 980px) 980px, (min-width: 981px) and (max-width: 1280px) 1280px, (min-width: 1281px) 2011px, 100vw\" srcset=\"https:\/\/www.hydraulic-cylinders.net\/wp-content\/uploads\/2025\/01\/hydraulic-cylinder-factory-2-scaled.webp 2011w, https:\/\/www.hydraulic-cylinders.net\/wp-content\/uploads\/2025\/01\/hydraulic-cylinder-factory-2-1280x1629.webp 1280w, https:\/\/www.hydraulic-cylinders.net\/wp-content\/uploads\/2025\/01\/hydraulic-cylinder-factory-2-980x1248.webp 980w, https:\/\/www.hydraulic-cylinders.net\/wp-content\/uploads\/2025\/01\/hydraulic-cylinder-factory-2-480x611.webp 480w\" alt=\"\" width=\"2011\" height=\"2560\" \/><\/h2>\n<p>K\u00fc\u00e7\u00fck ve orta boy silindirler i\u00e7in \u00f6zel olarak tasarlanm\u0131\u015f, otomatik y\u00fckleme, bo\u015faltma ve p\u00fcsk\u00fcrtme robotlar\u0131na sahip, tam otomatik su bazl\u0131 boya kaplama hatt\u0131m\u0131z bulunmaktad\u0131r. Bu son teknoloji sistem, vardiya ba\u015f\u0131na 4.000 adet \u00fcretim kapasitesine sahiptir. Ayr\u0131ca, b\u00fcy\u00fck \u00f6l\u00e7ekli silindirler i\u00e7in zincir tahrikli, vardiya ba\u015f\u0131na 60 kasa tasar\u0131m kapasitesine sahip yar\u0131 otomatik bir boyama hatt\u0131m\u0131z da bulunmaktad\u0131r.<\/p>\n<p>\u00dcr\u00fcn performans\u0131n\u0131 art\u0131rmak ve hidrolik silindir sekt\u00f6r\u00fcndeki liderli\u011fimizi peki\u015ftirmek i\u00e7in, hidrolik silindirler, valfler ve pompalara \u00f6zel kapsaml\u0131 bir performans laboratuvar\u0131 kurmak \u00fczere ZJIMEE ile ortakl\u0131k kurduk. Bu geli\u015fmi\u015f laboratuvar, elektro-hidrolik teknolojili bilgisayar destekli testler kullanarak, do\u011frulu\u011fu ve sistem \u00e7ok y\u00f6nl\u00fcl\u00fc\u011f\u00fcn\u00fc art\u0131ran \u00f6nceden ayarlanm\u0131\u015f test ko\u015fullar\u0131 sunar. Otomatik veri toplama s\u00fcreci, i\u00e7 s\u0131z\u0131nt\u0131 ve y\u00fck verimlili\u011fi gibi \u00e7\u0131kt\u0131 verilerini toplamak i\u00e7in sens\u00f6rler kullan\u0131r ve bu veriler daha sonra bir bilgisayar taraf\u0131ndan i\u015flenerek standart birimlere (ml\/dak%) d\u00f6n\u00fc\u015ft\u00fcr\u00fcl\u00fcr.<\/p>\n<p>Ayr\u0131ca, hidrolik sistemlerimizin g\u00fcvenli\u011fini sa\u011flamak i\u00e7in ya\u011f s\u0131cakl\u0131\u011f\u0131, s\u0131v\u0131 seviyesi ve filtre cihaz\u0131 durumu gibi temel performans parametreleri i\u00e7in durum izleme sistemi uyguluyoruz. Hidrolik silindir test stand\u0131m\u0131z, hassas \u00f6l\u00e7\u00fcmler arac\u0131l\u0131\u011f\u0131yla \"y\u00fck verimlili\u011fi\" ve \"i\u00e7 s\u0131z\u0131nt\u0131\" de\u011ferlerini de\u011ferlendirebilir. Ayr\u0131ca, hidrolik silindir \u00fcr\u00fcnleri i\u00e7in t\u00fcm test gerekliliklerine uyumu garanti eden ulusal standartlar\u0131 kar\u015f\u0131layan bir \u0131zgara cetveli \u00f6l\u00e7\u00fcm cihaz\u0131 ile donat\u0131lm\u0131\u015ft\u0131r.<\/p>\n<p>&nbsp;<\/p>","protected":false},"excerpt":{"rendered":"<p>Steering Cylinder For Arm Type Aerial Work Vehicles The steering cylinder for arm type aerial work vehicles is an essential component specifically designed for aerial work vehicles, enhancing their maneuverability and control. This state-of-the-art steering mechanism allows operators to navigate confined spaces and execute aerial tasks with remarkable precision and ease. As a significant upgrade, [&hellip;]<\/p>","protected":false},"featured_media":17498,"comment_status":"open","ping_status":"closed","template":"","meta":{"_et_pb_use_builder":"","_et_pb_old_content":"","_et_gb_content_width":""},"product_brand":[],"product_cat":[1500,1550,1376],"product_tag":[],"class_list":{"0":"post-17254","1":"product","2":"type-product","3":"status-publish","4":"has-post-thumbnail","6":"product_cat-aerial-work-vehicle-hydraulic-cylinder","7":"product_cat-double-acting-hydraulic-cylinder","8":"product_cat-hydraulic-cylinder","10":"first","11":"instock","12":"shipping-taxable","13":"product-type-simple"},"amp_enabled":true,"_links":{"self":[{"href":"https:\/\/www.hydraulic-cylinders.net\/tr\/wp-json\/wp\/v2\/product\/17254","targetHints":{"allow":["GET"]}}],"collection":[{"href":"https:\/\/www.hydraulic-cylinders.net\/tr\/wp-json\/wp\/v2\/product"}],"about":[{"href":"https:\/\/www.hydraulic-cylinders.net\/tr\/wp-json\/wp\/v2\/types\/product"}],"replies":[{"embeddable":true,"href":"https:\/\/www.hydraulic-cylinders.net\/tr\/wp-json\/wp\/v2\/comments?post=17254"}],"wp:featuredmedia":[{"embeddable":true,"href":"https:\/\/www.hydraulic-cylinders.net\/tr\/wp-json\/wp\/v2\/media\/17498"}],"wp:attachment":[{"href":"https:\/\/www.hydraulic-cylinders.net\/tr\/wp-json\/wp\/v2\/media?parent=17254"}],"wp:term":[{"taxonomy":"product_brand","embeddable":true,"href":"https:\/\/www.hydraulic-cylinders.net\/tr\/wp-json\/wp\/v2\/product_brand?post=17254"},{"taxonomy":"product_cat","embeddable":true,"href":"https:\/\/www.hydraulic-cylinders.net\/tr\/wp-json\/wp\/v2\/product_cat?post=17254"},{"taxonomy":"product_tag","embeddable":true,"href":"https:\/\/www.hydraulic-cylinders.net\/tr\/wp-json\/wp\/v2\/product_tag?post=17254"}],"curies":[{"name":"wp","href":"https:\/\/api.w.org\/{rel}","templated":true}]}}