{"id":1728,"date":"2023-10-12T03:34:42","date_gmt":"2023-10-12T03:34:42","guid":{"rendered":"https:\/\/hydraulic-cylinders.net\/?post_type=product&#038;p=1728"},"modified":"2025-04-11T02:53:43","modified_gmt":"2025-04-11T02:53:43","slug":"cement-equipment-vertical-mill-cylinder","status":"publish","type":"product","link":"https:\/\/www.hydraulic-cylinders.net\/tr\/urun\/cement-equipment-vertical-mill-cylinder\/","title":{"rendered":"\u00c7imento Ekipman\u0131 Dikey De\u011firmen Silindiri"},"content":{"rendered":"<h1 style=\"text-align: center;\"><strong>\u00c7imento Ekipman\u0131 Dikey De\u011firmen Silindiri<\/strong><\/h1>\n<p><img loading=\"lazy\" decoding=\"async\" class=\"aligncenter wp-image-1729\" src=\"https:\/\/hydraulic-cylinders.net\/wp-content\/uploads\/2023\/10\/vertical-mill-cylinder-1-300x300.webp\" alt=\"\" width=\"400\" height=\"400\" \/><\/p>\n<p>\u00c7imento ekipman\u0131 dikey de\u011firmen silindiri, \u00e7imento fabrikalar\u0131nda verimlili\u011fi ve \u00fcretkenli\u011fi art\u0131rmak i\u00e7in tasarlanm\u0131\u015f, \u00e7imento \u00fcretim s\u00fcrecinde \u00f6nemli bir bile\u015fendir. Bu silindir, \u00e7imento end\u00fcstrisinde hammadde ve klinker \u00f6\u011f\u00fctmek i\u00e7in yayg\u0131n olarak kullan\u0131lan dikey silindirli de\u011firmenlerde hayati bir rol oynar.<\/p>\n<p>\u00c7imento ekipman\u0131 dikey de\u011firmen silindiri, \u00e7imento \u00fcretiminde kritik bir bile\u015fen olup, \u00e7imento fabrikalar\u0131nda verimlili\u011fi ve \u00fcretkenli\u011fi art\u0131r\u0131r. Bu silindir, sa\u011flam yap\u0131s\u0131, y\u00fcksek bas\u0131n\u00e7 dayan\u0131m\u0131, hassas i\u015fleme teknolojisi ve geli\u015fmi\u015f s\u0131zd\u0131rmazl\u0131k teknolojisiyle g\u00fcvenilir ve verimli bir \u00e7al\u0131\u015fma sa\u011flar. \u00d6nerilen kullan\u0131m y\u00f6ntemlerini ve bak\u0131m uygulamalar\u0131n\u0131 izleyerek, \u00e7imento ekipman\u0131 dikey de\u011firmen silindirinin performans\u0131n\u0131 ve \u00f6mr\u00fcn\u00fc en \u00fcst d\u00fczeye \u00e7\u0131karabilir ve b\u00f6ylece \u00e7imento \u00fcretim operasyonlar\u0131n\u0131z\u0131n \u00fcretkenli\u011fini ve k\u00e2rl\u0131l\u0131\u011f\u0131n\u0131 art\u0131rabilirsiniz.<\/p>\n<p>\u00c7imento Ekipman\u0131 Dikey De\u011firmen Silindirinin Temel \u00d6zellikleri:<\/p>\n<ol>\n<li>Sa\u011flam Yap\u0131:<\/li>\n<\/ol>\n<ul>\n<li>Zorlu \u00e7imento fabrikas\u0131 ortamlar\u0131nda dayan\u0131kl\u0131l\u0131k i\u00e7in y\u00fcksek kaliteli malzemelerle \u00fcretilmi\u015ftir.<\/li>\n<li>A\u011f\u0131r y\u00fcklere dayan\u0131kl\u0131d\u0131r ve \u00f6\u011f\u00fctme i\u015flemi s\u0131ras\u0131nda optimum performans\u0131n\u0131 korur.<\/li>\n<\/ul>\n<ol start=\"2\">\n<li>Y\u00fcksek Bas\u0131n\u00e7 Dayan\u0131m\u0131:<\/li>\n<\/ol>\n<ul>\n<li>Dikey silindirli de\u011firmenlerde yayg\u0131n olarak bulunan y\u00fcksek bas\u0131n\u00e7 uygulamalar\u0131na dayanacak \u015fekilde \u00f6zel olarak tasarlanm\u0131\u015ft\u0131r.<\/li>\n<li>Hammadde ve klinkerin \u00f6\u011f\u00fct\u00fclmesi s\u0131ras\u0131nda olu\u015fan yo\u011fun kuvvetleri kar\u015f\u0131lar.<\/li>\n<\/ul>\n<ol start=\"3\">\n<li>Hassas \u0130\u015fleme:<\/li>\n<\/ol>\n<ul>\n<li>Do\u011fru \u00f6l\u00e7\u00fcler ve s\u0131k\u0131 toleranslar i\u00e7in hassas i\u015fleme s\u00fcre\u00e7lerinden ge\u00e7er.<\/li>\n<li>Genel performansa ve \u00e7\u0131kt\u0131ya katk\u0131da bulunarak, p\u00fcr\u00fczs\u00fcz ve hassas hareket sa\u011flar.<\/li>\n<\/ul>\n<ol start=\"4\">\n<li>Geli\u015fmi\u015f S\u0131zd\u0131rmazl\u0131k Teknolojisi:<\/li>\n<\/ol>\n<ul>\n<li>Hidrolik s\u0131v\u0131 s\u0131z\u0131nt\u0131s\u0131n\u0131 \u00f6nlemek i\u00e7in geli\u015fmi\u015f s\u0131zd\u0131rmazl\u0131k teknolojisi ile donat\u0131lm\u0131\u015ft\u0131r.<\/li>\n<li>G\u00fcvenilir s\u0131zd\u0131rmazl\u0131k, duru\u015f s\u00fcresini en aza indirir, bak\u0131m maliyetlerini d\u00fc\u015f\u00fcr\u00fcr ve verimlili\u011fi art\u0131r\u0131r.<\/li>\n<\/ul>\n<h2><strong>\u00c7imento Ekipman\u0131 Dikey De\u011firmen Silindir Parametresi:<\/strong><\/h2>\n<table border=\"1\" cellspacing=\"0\" cellpadding=\"0\">\n<tbody>\n<tr>\n<td>\u00dcr\u00fcn Ad\u0131<\/td>\n<td>\u00c7imento Ekipman\u0131 Dikey De\u011firmen Silindiri<\/td>\n<\/tr>\n<tr>\n<td>\u00d6zellikler:<\/td>\n<td>Kelep\u00e7e ba\u015fl\u0131\u011f\u0131n\u0131n orta konumunu sa\u011flay\u0131n<\/td>\n<\/tr>\n<tr>\n<td>Delik \u00e7ap\u0131:<\/td>\n<td>200 mm\uff5e700 mm<\/td>\n<\/tr>\n<tr>\n<td>\u00c7ubuk \u00e7ap\u0131:<\/td>\n<td>130 mm\uff5e500 mm<br \/>\nStrok: \u2264500mm<\/td>\n<\/tr>\n<tr>\n<td>\u0130tme kuvveti:<\/td>\n<td>Maksimum 5387KN<br \/>\n(Silindir \u00e7ap\u0131 700mm\/bas\u0131n\u00e7 14MPa)<\/td>\n<\/tr>\n<tr>\n<td>\u00c7imento Ekipmanlar\u0131 Dikey De\u011firmen Silindir Uygulamalar\u0131:<\/td>\n<td>\u00c7imento Ekipmanlar\u0131<\/td>\n<\/tr>\n<\/tbody>\n<\/table>\n<div><\/div>\n<div>\n<div class=\"txtboxL\">\u00d6zellikler:<\/div>\n<div class=\"txtboxR\">\u00d6\u011f\u00fctme silindirleri aras\u0131ndaki gerginli\u011fi sa\u011flay\u0131n\/bo\u015flu\u011fu kontrol edin<\/div>\n<div class=\"txtboxL\">\u00d6zellikler:<\/div>\n<div class=\"txtboxR\">Delik \u00e7ap\u0131: 260mm\uff5e540mm<br \/>\n\u00c7ubuk \u00e7ap\u0131: 130mm\uff5e265mm<br \/>\nStrok: \u22644000mm<\/div>\n<div class=\"txtboxL\">\u0130tme kuvveti:<\/div>\n<div class=\"txtboxR\">Maksimum 2646KN<br \/>\n(Silindir \u00e7ap\u0131 540mm\/bas\u0131n\u00e7 21MPa)<\/div>\n<\/div>\n<h2><strong>Elektrikli F\u0131r\u0131n <\/strong><strong> Silindir Fabrikas\u0131:<\/strong><\/h2>\n<p><img loading=\"lazy\" decoding=\"async\" class=\"alignnone wp-image-1697 size-full\" src=\"https:\/\/hydraulic-cylinders.net\/wp-content\/uploads\/2023\/10\/filter-press-cylinder-1.webp\" alt=\"\" width=\"1418\" height=\"946\" srcset=\"https:\/\/hydraulic-cylinders.net\/wp-content\/uploads\/2023\/10\/filter-press-cylinder-1.webp 1418w, https:\/\/hydraulic-cylinders.net\/wp-content\/uploads\/2023\/10\/filter-press-cylinder-1-1280x854.webp 1280w, https:\/\/hydraulic-cylinders.net\/wp-content\/uploads\/2023\/10\/filter-press-cylinder-1-980x654.webp 980w, https:\/\/hydraulic-cylinders.net\/wp-content\/uploads\/2023\/10\/filter-press-cylinder-1-480x320.webp 480w\" sizes=\"(min-width: 0px) and (max-width: 480px) 480px, (min-width: 481px) and (max-width: 980px) 980px, (min-width: 981px) and (max-width: 1280px) 1280px, (min-width: 1281px) 1418px, 100vw\" \/><\/p>\n<h2><strong>\u00c7imento Ekipman\u0131 Dikey De\u011firmen Silindirinin Kullan\u0131m Y\u00f6ntemi<\/strong><strong>:<\/strong><\/h2>\n<ol>\n<li><strong>Kurulum:<\/strong><\/li>\n<\/ol>\n<ul>\n<li>Dikey silindir de\u011firmenine g\u00fcvenli bir \u015fekilde kurulum i\u00e7in \u00fcreticinin talimatlar\u0131n\u0131 izleyin.<\/li>\n<li>Dengeli ve g\u00fcvenli bir \u00e7al\u0131\u015fma i\u00e7in do\u011fru hizalama ve ba\u011flant\u0131n\u0131n yap\u0131ld\u0131\u011f\u0131ndan emin olun.<\/li>\n<\/ul>\n<ol start=\"2\">\n<li><strong>Hidrolik Ba\u011flant\u0131:<\/strong><\/li>\n<\/ol>\n<ul>\n<li>Silindiri uygun ba\u011flant\u0131 par\u00e7alar\u0131 ve hortumlar kullanarak hidrolik sisteme ba\u011flay\u0131n.<\/li>\n<li>Herhangi bir s\u0131z\u0131nt\u0131n\u0131n olmad\u0131\u011f\u0131 g\u00fcvenli ba\u011flant\u0131lar\u0131 do\u011frulay\u0131n.<\/li>\n<\/ul>\n<ol start=\"3\">\n<li><strong>Sistem Kalibrasyonu:<\/strong><\/li>\n<\/ol>\n<ul>\n<li>Silindirin performans\u0131n\u0131 optimize etmek i\u00e7in hidrolik sistemi kalibre edin.<\/li>\n<li>Bas\u0131n\u00e7 ayarlar\u0131n\u0131 ve ak\u0131\u015f h\u0131zlar\u0131n\u0131 \u00fcreticinin \u00f6nerilerine g\u00f6re ayarlay\u0131n.<\/li>\n<\/ul>\n<ol start=\"4\">\n<li><strong>\u0130\u015fletme ve Kontrol:<\/strong><\/li>\n<\/ol>\n<ul>\n<li>Dikey silindirli de\u011firmenin \u00e7al\u0131\u015fmas\u0131n\u0131 ba\u015flatmak i\u00e7in hidrolik sistemi etkinle\u015ftirin.<\/li>\n<li>Silindir, \u00f6\u011f\u00fctme silindirleriyle temas ederek \u00f6\u011f\u00fctme ve toz haline getirme i\u00e7in gerekli kuvveti uygular.<\/li>\n<li>Silindirin pozisyonunu, bas\u0131nc\u0131n\u0131 ve h\u0131z\u0131n\u0131 kontrol paneli veya aray\u00fcz arac\u0131l\u0131\u011f\u0131yla izleyin ve ayarlay\u0131n.<\/li>\n<\/ul>\n<h2><strong>Hidrolik Silindirler Nas\u0131l Yenilenir?<\/strong><\/h2>\n<p>Hidrolik silindirlerin yenilenmesi, i\u015flevlerini geri kazanmalar\u0131na ve hizmet \u00f6m\u00fcrlerini uzatmalar\u0131na yard\u0131mc\u0131 olabilir. Hidrolik silindirlerin nas\u0131l yenilenece\u011fine dair genel bir k\u0131lavuz a\u015fa\u011f\u0131dad\u0131r:<\/p>\n<ol>\n<li><strong>Ara\u00e7 ve Gere\u00e7leri Toplay\u0131n:<\/strong>\n<ul>\n<li>G\u00fcvenlik eldivenleri ve g\u00f6zl\u00fckleri<\/li>\n<li>Anahtarlar ve soketler<\/li>\n<li>Kald\u0131ra\u00e7 \u00e7ubu\u011fu veya conta \u00e7\u0131karma aleti<\/li>\n<li>Lastik tokmak veya \u00e7eki\u00e7<\/li>\n<li>Silindir tamir tak\u0131m\u0131 (contalar, O-ringler ve di\u011fer gerekli bile\u015fenleri i\u00e7erir)<\/li>\n<li>Hidrolik s\u0131v\u0131<\/li>\n<li>Temiz bezler veya havlular<\/li>\n<\/ul>\n<\/li>\n<li><strong>G\u00fcvenlik \u00d6nlemleri:<\/strong>\n<ul>\n<li>Yeniden yap\u0131m i\u015flemine ba\u015flamadan \u00f6nce hidrolik sistemin bas\u0131nc\u0131n\u0131n d\u00fc\u015f\u00fcr\u00fcld\u00fc\u011f\u00fcnden ve silindirin tamamen geri \u00e7ekildi\u011finden emin olun.<\/li>\n<li>Olas\u0131 tehlikelerden korunmak i\u00e7in koruyucu eldiven ve g\u00f6zl\u00fck tak\u0131n.<\/li>\n<\/ul>\n<\/li>\n<li><strong>Silindiri \u00e7\u0131kar\u0131n:<\/strong>\n<ul>\n<li>Hidrolik hatlar\u0131n\u0131 anahtar veya soket kullanarak silindirden ay\u0131r\u0131n.<\/li>\n<li>Pistonu veya contay\u0131 silindir g\u00f6vdesinden dikkatlice \u00e7\u0131karmak i\u00e7in bir kald\u0131ra\u00e7 \u00e7ubu\u011fu veya conta \u00e7\u0131karma aleti kullan\u0131n.<\/li>\n<li>Silindir bile\u015fenlerinde herhangi bir hasar veya a\u015f\u0131nma belirtisi olup olmad\u0131\u011f\u0131n\u0131 kontrol edin.<\/li>\n<\/ul>\n<\/li>\n<li><strong>Silindiri S\u00f6k\u00fcn:<\/strong>\n<ul>\n<li>\u00c7e\u015fitli bile\u015fenleri bir arada tutan tutma halkalar\u0131n\u0131 veya c\u0131vatalar\u0131 \u00e7\u0131kararak silindiri dikkatlice s\u00f6k\u00fcn.<\/li>\n<li>Do\u011fru bir \u015fekilde yeniden montaj yapabilmek i\u00e7in bile\u015fenlerin s\u0131ras\u0131n\u0131 ve d\u00fczenini not edin.<\/li>\n<\/ul>\n<\/li>\n<li><strong>Temizleyin ve inceleyin:<\/strong>\n<ul>\n<li>Kir, kal\u0131nt\u0131 ve eski hidrolik s\u0131v\u0131s\u0131n\u0131 gidermek i\u00e7in uygun bir \u00e7\u00f6z\u00fcc\u00fc kullanarak t\u00fcm silindir bile\u015fenlerini iyice temizleyin.<\/li>\n<li>Bile\u015fenlerde herhangi bir hasar, a\u015f\u0131nma veya \u00e7ukurla\u015fma belirtisi olup olmad\u0131\u011f\u0131n\u0131 kontrol edin. Hasarl\u0131 veya a\u015f\u0131nm\u0131\u015f par\u00e7alar\u0131 de\u011fi\u015ftirin.<\/li>\n<\/ul>\n<\/li>\n<li><strong>Contalar\u0131 ve O-ringleri De\u011fi\u015ftirin:<\/strong>\n<ul>\n<li>Silindir tamir kitine bak\u0131n ve de\u011fi\u015ftirilecek uygun contalar\u0131 ve O-ringleri belirleyin.<\/li>\n<li>Yeni contalar\u0131 ve O-ringleri \u00fcreticinin talimatlar\u0131na g\u00f6re ve uygun ya\u011flamay\u0131 kullanarak tak\u0131n.<\/li>\n<\/ul>\n<\/li>\n<li><strong>Silindiri yeniden monte edin:<\/strong>\n<ul>\n<li>Pistonu veya contay\u0131 dikkatlice silindir g\u00f6vdesine yerle\u015ftirerek silindiri yeniden monte etmeye ba\u015flay\u0131n.<\/li>\n<li>Bile\u015fenleri birbirine sabitlemek i\u00e7in tutma halkalar\u0131n\u0131 veya c\u0131vatalar\u0131 yeniden tak\u0131n.<\/li>\n<li>S\u00f6kme s\u0131ras\u0131nda belirtildi\u011fi gibi bile\u015fenlerin do\u011fru s\u0131ras\u0131n\u0131 ve d\u00fczenlemesini izleyin.<\/li>\n<\/ul>\n<\/li>\n<li><strong>Test edin ve yeniden y\u00fckleyin:<\/strong>\n<ul>\n<li>Silindir tekrar monte edildikten sonra d\u00fczg\u00fcn \u00e7al\u0131\u015ft\u0131\u011f\u0131ndan emin olmak i\u00e7in hareketini elle test edin.<\/li>\n<li>Hidrolik hatlar\u0131n\u0131 yeniden ba\u011flay\u0131n ve d\u00fczg\u00fcn \u015fekilde s\u0131k\u0131ld\u0131\u011f\u0131ndan emin olun.<\/li>\n<li>Hidrolik sistemi \u00f6nerilen hidrolik s\u0131v\u0131s\u0131yla doldurun.<\/li>\n<\/ul>\n<\/li>\n<li><strong>S\u0131z\u0131nt\u0131lar\u0131 ve \u0130\u015flevselli\u011fi Kontrol Edin:<\/strong>\n<ul>\n<li>Hidrolik sistemi \u00e7al\u0131\u015ft\u0131r\u0131n ve silindirde herhangi bir s\u0131z\u0131nt\u0131 olup olmad\u0131\u011f\u0131n\u0131 dikkatlice inceleyin.<\/li>\n<li>Silindirin i\u015flevselli\u011fini izleyin ve herhangi bir sorun olmadan d\u00fczg\u00fcn bir \u015fekilde \u00e7al\u0131\u015ft\u0131\u011f\u0131ndan emin olun.<\/li>\n<\/ul>\n<\/li>\n<\/ol>\n<h2><strong>Fabrikan\u0131n Kapasitesi ve Kapasitesi:<\/strong><\/h2>\n<h3>(1) Meclis<\/h3>\n<p>Birinci s\u0131n\u0131f ba\u011f\u0131ms\u0131z bir ara\u015ft\u0131rma ve geli\u015ftirme montaj platformumuz bulunmaktad\u0131r. Hidrolik silindir \u00fcretim at\u00f6lyemizde, y\u0131ll\u0131k 1 milyon adet \u00fcretim kapasitesine sahip d\u00f6rt adet yar\u0131 otomatik kald\u0131rma silindiri montaj hatt\u0131 ve bir adet otomatik devirme silindiri montaj hatt\u0131 bulunmaktad\u0131r. \u00d6zel silindir at\u00f6lyemiz, y\u0131ll\u0131k 200.000 adet \u00fcretim kapasitesine sahip \u00e7e\u015fitli \u00f6zelliklerde yar\u0131 otomatik temizleme montaj sistemiyle donat\u0131lm\u0131\u015ft\u0131r. Ayr\u0131ca, \u00fcnl\u00fc CNC i\u015fleme ekipmanlar\u0131, bir i\u015fleme merkezi, y\u00fcksek hassasiyetli silindir i\u015fleme \u00f6zel ekipmanlar\u0131, bir robot kaynak makinesi, bir otomatik temizleme makinesi, otomatik silindir montaj makinesi ve otomatik boyama \u00fcretim hatt\u0131 ile donat\u0131lm\u0131\u015ft\u0131r. 300'den fazla setten olu\u015fan kritik ekipmanlar mevcuttur. Ekipman kaynaklar\u0131n\u0131n optimum da\u011f\u0131l\u0131m\u0131 ve verimli kullan\u0131m\u0131, \u00fcr\u00fcnlerin hassasiyet gereksinimlerini kar\u015f\u0131lar ve \u00fcr\u00fcnlerin y\u00fcksek kalite ihtiya\u00e7lar\u0131n\u0131 kar\u015f\u0131lar.<\/p>\n<p><img loading=\"lazy\" decoding=\"async\" class=\"alignnone wp-image-626\" src=\"https:\/\/hydraulic-cylinders.net\/wp-content\/uploads\/2023\/08\/hydraulic-cylinder-product-1-300x158.webp\" alt=\"\" width=\"495\" height=\"260\" srcset=\"https:\/\/hydraulic-cylinders.net\/wp-content\/uploads\/2023\/08\/hydraulic-cylinder-product-1-300x158.webp 495w, https:\/\/hydraulic-cylinders.net\/wp-content\/uploads\/2023\/08\/hydraulic-cylinder-product-1-480x252.webp 480w\" sizes=\"(min-width: 0px) and (max-width: 480px) 480px, (min-width: 481px) 495px, 100vw\" \/> <img loading=\"lazy\" decoding=\"async\" class=\"alignnone wp-image-627\" src=\"https:\/\/hydraulic-cylinders.net\/wp-content\/uploads\/2023\/08\/hydraulic-cylinder-product-2-300x189.webp\" alt=\"\" width=\"413\" height=\"260\" \/><\/p>\n<h3>(2) \u0130\u015fleme<\/h3>\n<p>\u0130\u015fleme at\u00f6lyesi, maksimum 400 mm i\u00e7 \u00e7apa ve maksimum 6 metre uzunlu\u011fa sahip silindir borular\u0131n\u0131n i\u015flenmesini ger\u00e7ekle\u015ftirebilen \u00f6zel e\u011fimli ray torna merkezi, i\u015fleme merkezi, y\u00fcksek h\u0131zl\u0131 honlama makinesi, kaynak robotu ve di\u011fer ilgili ekipmanlarla donat\u0131lm\u0131\u015ft\u0131r.<\/p>\n<p><img loading=\"lazy\" decoding=\"async\" class=\"alignnone wp-image-628 size-large\" src=\"https:\/\/hydraulic-cylinders.net\/wp-content\/uploads\/2023\/08\/hydraulic-cylinder-product-3-1024x391.webp\" alt=\"\" width=\"1024\" height=\"391\" srcset=\"https:\/\/hydraulic-cylinders.net\/wp-content\/uploads\/2023\/08\/hydraulic-cylinder-product-3-980x374.webp 980w, https:\/\/hydraulic-cylinders.net\/wp-content\/uploads\/2023\/08\/hydraulic-cylinder-product-3-480x183.webp 480w\" sizes=\"(min-width: 0px) and (max-width: 480px) 480px, (min-width: 481px) and (max-width: 980px) 980px, (min-width: 981px) 1024px, 100vw\" \/><\/p>\n<h3>(3) Kaynak<\/h3>\n<p><img loading=\"lazy\" decoding=\"async\" class=\"alignnone wp-image-629 size-large\" src=\"https:\/\/hydraulic-cylinders.net\/wp-content\/uploads\/2023\/08\/hydraulic-cylinder-product-4-1024x510.webp\" alt=\"\" width=\"1024\" height=\"510\" srcset=\"https:\/\/hydraulic-cylinders.net\/wp-content\/uploads\/2023\/08\/hydraulic-cylinder-product-4-980x488.webp 980w, https:\/\/hydraulic-cylinders.net\/wp-content\/uploads\/2023\/08\/hydraulic-cylinder-product-4-480x239.webp 480w\" sizes=\"(min-width: 0px) and (max-width: 480px) 480px, (min-width: 481px) and (max-width: 980px) 980px, (min-width: 981px) 1024px, 100vw\" \/><\/p>\n<h3>(4) Boyama ve kaplama<\/h3>\n<p>K\u00fc\u00e7\u00fck ve orta \u00f6l\u00e7ekli silindirli otomatik su bazl\u0131 boya kaplama hatlar\u0131nda, otomatik robot y\u00fckleme-bo\u015faltma ve otomatik p\u00fcsk\u00fcrtmeyi ger\u00e7ekle\u015ftirmek i\u00e7in, vardiya ba\u015f\u0131na 4000 adet tasar\u0131m kapasitesi;<br \/>\nAyr\u0131ca, vardiya ba\u015f\u0131na 60 kasa kapasiteli, g\u00fc\u00e7 zinciriyle \u00e7al\u0131\u015fan b\u00fcy\u00fck silindirler i\u00e7in yar\u0131 otomatik boya \u00fcretim hatt\u0131m\u0131z da bulunmaktad\u0131r.<\/p>\n<p><img loading=\"lazy\" decoding=\"async\" class=\"alignnone wp-image-630\" src=\"https:\/\/hydraulic-cylinders.net\/wp-content\/uploads\/2023\/08\/hydraulic-cylinder-product-5-300x213.webp\" alt=\"\" width=\"366\" height=\"260\" \/> <img loading=\"lazy\" decoding=\"async\" class=\"alignnone wp-image-631\" src=\"https:\/\/hydraulic-cylinders.net\/wp-content\/uploads\/2023\/08\/hydraulic-cylinder-product-6-300x225.webp\" alt=\"\" width=\"347\" height=\"260\" \/><\/p>\n<h3>(5) Test etme<\/h3>\n<p>Silindirin performans\u0131n\u0131n gereklilikleri kar\u015f\u0131lad\u0131\u011f\u0131ndan emin olmak i\u00e7in birinci s\u0131n\u0131f muayene tesislerimiz ve test yataklar\u0131m\u0131z bulunmaktad\u0131r.<\/p>\n<p><img loading=\"lazy\" decoding=\"async\" class=\"alignnone wp-image-632\" src=\"https:\/\/hydraulic-cylinders.net\/wp-content\/uploads\/2023\/08\/hydraulic-cylinder-product-8-300x200.webp\" alt=\"\" width=\"389\" height=\"260\" \/><\/p>\n<p>&nbsp;<\/p>\n<p>&nbsp;<\/p>\n<p>En iyi hidrolik silindir \u00fcreticilerinden biriyiz. Kapsaml\u0131 hidrolik silindirler sunabiliyoruz. Ayr\u0131ca, ilgili hidrolik silindirleri de sa\u011fl\u0131yoruz. <a href=\"https:\/\/hzpt.com\/agricultural-pto-gearbox\/\" target=\"_blank\" rel=\"noopener\">tar\u0131msal di\u015fli kutular\u0131<\/a>\u00dcr\u00fcnlerimizi d\u00fcnya \u00e7ap\u0131ndaki m\u00fc\u015fterilerimize ihra\u00e7 ettik ve \u00fcst\u00fcn \u00fcr\u00fcn kalitemiz ve sat\u0131\u015f sonras\u0131 hizmetlerimiz sayesinde iyi bir itibar kazand\u0131k. Yurt i\u00e7i ve yurt d\u0131\u015f\u0131ndaki m\u00fc\u015fterilerimizi i\u015f g\u00f6r\u00fc\u015fmeleri yapmak, bilgi al\u0131\u015fveri\u015finde bulunmak ve <a href=\"https:\/\/www.hydraulic-cylinders.net\/tr\/contact-us\/\">bizimle i\u015fbirli\u011fi yap\u0131n<\/a>!<\/p>","protected":false},"excerpt":{"rendered":"<p>Cement Equipment Vertical Mill Cylinder The cement equipment vertical mill cylinder is a crucial component in the cement manufacturing process, designed to improve efficiency and productivity in cement plants. This cylinder plays a vital role in vertical roller mills, which are widely used for grinding raw materials and clinker in the cement industry. The cement [&hellip;]<\/p>","protected":false},"featured_media":1730,"comment_status":"open","ping_status":"closed","template":"","meta":{"_et_pb_use_builder":"","_et_pb_old_content":"","_et_gb_content_width":""},"product_brand":[],"product_cat":[1520,1549],"product_tag":[1380],"class_list":{"0":"post-1728","1":"product","2":"type-product","3":"status-publish","4":"has-post-thumbnail","6":"product_cat-concrete-equipment-hydraulic-cylinders","7":"product_cat-single-acting-hydraulic-cylinder","8":"product_tag-hydraulic-cylinder","10":"first","11":"instock","12":"shipping-taxable","13":"product-type-simple"},"amp_enabled":true,"_links":{"self":[{"href":"https:\/\/www.hydraulic-cylinders.net\/tr\/wp-json\/wp\/v2\/product\/1728","targetHints":{"allow":["GET"]}}],"collection":[{"href":"https:\/\/www.hydraulic-cylinders.net\/tr\/wp-json\/wp\/v2\/product"}],"about":[{"href":"https:\/\/www.hydraulic-cylinders.net\/tr\/wp-json\/wp\/v2\/types\/product"}],"replies":[{"embeddable":true,"href":"https:\/\/www.hydraulic-cylinders.net\/tr\/wp-json\/wp\/v2\/comments?post=1728"}],"wp:featuredmedia":[{"embeddable":true,"href":"https:\/\/www.hydraulic-cylinders.net\/tr\/wp-json\/wp\/v2\/media\/1730"}],"wp:attachment":[{"href":"https:\/\/www.hydraulic-cylinders.net\/tr\/wp-json\/wp\/v2\/media?parent=1728"}],"wp:term":[{"taxonomy":"product_brand","embeddable":true,"href":"https:\/\/www.hydraulic-cylinders.net\/tr\/wp-json\/wp\/v2\/product_brand?post=1728"},{"taxonomy":"product_cat","embeddable":true,"href":"https:\/\/www.hydraulic-cylinders.net\/tr\/wp-json\/wp\/v2\/product_cat?post=1728"},{"taxonomy":"product_tag","embeddable":true,"href":"https:\/\/www.hydraulic-cylinders.net\/tr\/wp-json\/wp\/v2\/product_tag?post=1728"}],"curies":[{"name":"wp","href":"https:\/\/api.w.org\/{rel}","templated":true}]}}