{"id":17316,"date":"2025-03-06T08:26:04","date_gmt":"2025-03-06T08:26:04","guid":{"rendered":"https:\/\/www.hydraulic-cylinders.net\/?post_type=product&#038;p=17316"},"modified":"2025-04-11T05:27:11","modified_gmt":"2025-04-11T05:27:11","slug":"hsg-series-hydraulic-cylinders-for-harvesting-machinery","status":"publish","type":"product","link":"https:\/\/www.hydraulic-cylinders.net\/tr\/urun\/hsg-series-hydraulic-cylinders-for-harvesting-machinery\/","title":{"rendered":"Hasat Makineleri \u0130\u00e7in HSG Serisi Hidrolik Silindirler"},"content":{"rendered":"<h1 style=\"text-align: center;\"><strong>Hasat Makineleri \u0130\u00e7in HSG Serisi Hidrolik Silindirler<br \/>\n<\/strong><\/h1>\n<h1 style=\"text-align: center;\"><strong><img loading=\"lazy\" decoding=\"async\" class=\"alignnone wp-image-17302\" src=\"https:\/\/www.hydraulic-cylinders.net\/wp-content\/uploads\/2025\/03\/Zg-And-Hsg-Series-Hydraulic-Cylinders-For-Harvesting-Machinery-2.webp\" alt=\"\" width=\"500\" height=\"500\" \/><\/strong><\/h1>\n<h1 style=\"text-align: center;\"><strong>\u00a0<\/strong><\/h1>\n<p>HSG Serisi Hidrolik Silindirler, \u00f6zellikle hasat makineleri i\u00e7in tasarlanm\u0131\u015f olup, modern tar\u0131m operasyonlar\u0131 i\u00e7in gerekli g\u00fcc\u00fc ve hassasiyeti sa\u011flar. Bu silindirler, ekipmanlar\u0131n kald\u0131r\u0131l\u0131p indirilmesinden makinelerin hassas manevras\u0131na kadar \u00e7e\u015fitli hasat i\u015flemlerinin verimlili\u011fini art\u0131r\u0131r. Tar\u0131m ortamlar\u0131n\u0131n zorluklar\u0131na dayanacak \u015fekilde tasarlanan HSG Serisi, g\u00fcvenilir performans ve dayan\u0131kl\u0131l\u0131k sa\u011flayarak her t\u00fcrl\u00fc hasat operasyonu i\u00e7in vazge\u00e7ilmez bir bile\u015fen haline gelir.<br \/>\nHasat makineleri i\u00e7in HSG Serisi Hidrolik Silindirler, modern tar\u0131m ihtiya\u00e7lar\u0131 i\u00e7in g\u00fc\u00e7l\u00fc ve g\u00fcvenilir bir \u00e7\u00f6z\u00fcm sunar. Y\u00fcksek y\u00fck kapasitesi, dayan\u0131kl\u0131 yap\u0131s\u0131 ve geli\u015fmi\u015f s\u0131zd\u0131rmazl\u0131k teknolojisi ile bu silindirler, hasat ekipmanlar\u0131n\u0131n performans\u0131n\u0131 art\u0131r\u0131r. \u00d6nerilen kullan\u0131m ve bak\u0131m uygulamalar\u0131na uyarak, operat\u00f6rler makinelerinin en iyi \u015fekilde \u00e7al\u0131\u015fmas\u0131n\u0131 sa\u011flayabilir, ba\u015far\u0131l\u0131 hasatlara ve tarlada verimlili\u011fin artmas\u0131na katk\u0131da bulunabilirler. HSG Serisi Hidrolik Silindirlere yat\u0131r\u0131m yapmak, tar\u0131msal i\u015flemleriniz i\u00e7in verimlilik, dayan\u0131kl\u0131l\u0131k ve hassasiyet se\u00e7mek anlam\u0131na gelir.<\/p>\n<h2><strong>\u0130n\u015faat Makineleri \u0130\u00e7in HSG Serisi Hidrolik Silindirler <\/strong><strong>Parametreler:<\/strong><\/h2>\n<h1 style=\"text-align: center;\"><strong><img loading=\"lazy\" decoding=\"async\" class=\"alignnone size-full wp-image-17300\" src=\"https:\/\/www.hydraulic-cylinders.net\/wp-content\/uploads\/2025\/03\/Zg-And-Hsg-Series-Hydraulic-Cylinders-For-Harvesting-Machinery-parameter.webp\" alt=\"\" width=\"2265\" height=\"607\" srcset=\"https:\/\/www.hydraulic-cylinders.net\/wp-content\/uploads\/2025\/03\/Zg-And-Hsg-Series-Hydraulic-Cylinders-For-Harvesting-Machinery-parameter.webp 2265w, https:\/\/www.hydraulic-cylinders.net\/wp-content\/uploads\/2025\/03\/Zg-And-Hsg-Series-Hydraulic-Cylinders-For-Harvesting-Machinery-parameter-1280x343.webp 1280w, https:\/\/www.hydraulic-cylinders.net\/wp-content\/uploads\/2025\/03\/Zg-And-Hsg-Series-Hydraulic-Cylinders-For-Harvesting-Machinery-parameter-980x263.webp 980w, https:\/\/www.hydraulic-cylinders.net\/wp-content\/uploads\/2025\/03\/Zg-And-Hsg-Series-Hydraulic-Cylinders-For-Harvesting-Machinery-parameter-480x129.webp 480w\" sizes=\"(min-width: 0px) and (max-width: 480px) 480px, (min-width: 481px) and (max-width: 980px) 980px, (min-width: 981px) and (max-width: 1280px) 1280px, (min-width: 1281px) 2265px, 100vw\" \/><\/strong><\/h1>\n<h2><strong>\u0130n\u015faat Makineleri \u0130\u00e7in HSG Serisi Hidrolik Silindirler <\/strong><strong> Temel \u00d6zellikler:<\/strong><\/h2>\n<h4><strong>Ola\u011fan\u00fcst\u00fc Y\u00fck Ta\u015f\u0131ma<\/strong><\/h4>\n<p>HSG Serisi Hidrolik Silindirler, a\u011f\u0131r y\u00fcklerin y\u00f6netiminde \u00fcst\u00fcn performans g\u00f6stererek hasat makinelerinin \u00f6nemli par\u00e7alar\u0131 kolayl\u0131kla kald\u0131rmas\u0131n\u0131 ve manevra yapmas\u0131n\u0131 sa\u011flar. Bu g\u00fc\u00e7l\u00fc \u00f6zellik, operasyonel verimlili\u011fi art\u0131r\u0131r ve operat\u00f6rlerin g\u00f6revleri h\u0131zla yerine getirmesine olanak tan\u0131yarak yo\u011fun hasat sezonlar\u0131nda \u00fcretkenli\u011fi en \u00fcst d\u00fczeye \u00e7\u0131kar\u0131r.<\/p>\n<h4><strong>Sa\u011flam ve Dayan\u0131kl\u0131 Tasar\u0131m<\/strong><\/h4>\n<p>Y\u00fcksek kaliteli malzemelerden \u00fcretilen bu hidrolik silindirler, tar\u0131msal ortamlar\u0131n zorlu ko\u015fullar\u0131na dayanacak \u015fekilde tasarlanm\u0131\u015ft\u0131r. Dayan\u0131kl\u0131 tasar\u0131mlar\u0131 a\u015f\u0131nmay\u0131 en aza indirerek uzun \u00f6m\u00fcrl\u00fc performans sa\u011flar ve bak\u0131m kesintilerini azalt\u0131r. Bu g\u00fcvenilirlik, i\u015flemlerin sorunsuz bir \u015fekilde devam etmesini sa\u011flayarak \u00e7ift\u00e7ilerin gereksiz kesintiler olmadan i\u015flerine odaklanmalar\u0131na olanak tan\u0131r.<\/p>\n<h4><strong>\u00dcst\u00fcn Hassas M\u00fchendislik<\/strong><\/h4>\n<p>HSG Serisindeki her bir silindir, hassas boyutlar\u0131 garanti eden titiz \u00fcretim s\u00fcre\u00e7lerinden ge\u00e7er. Bu detaylara verilen \u00f6nem, hidrolik performans\u0131 optimize ederek hasat i\u015flemleri s\u0131ras\u0131nda daha sorunsuz \u00e7al\u0131\u015fma ve daha iyi kontrol sa\u011flar. Operat\u00f6rler, geli\u015fmi\u015f tepki h\u0131z\u0131ndan faydalanarak karma\u015f\u0131k manevralar\u0131 daha y\u00f6netilebilir ve verimli hale getirir.<\/p>\n<h4><strong>Geni\u015f Uyumluluk<\/strong><\/h4>\n<p>HSG Serisi silindirler, \u00e7ok \u00e7e\u015fitli hasat makinesi modelleriyle sorunsuz bir \u015fekilde entegre olacak \u015fekilde tasarlanm\u0131\u015ft\u0131r. Bu \u00e7ok y\u00f6nl\u00fcl\u00fck, operat\u00f6rlerin kapsaml\u0131 de\u011fi\u015fikliklere gerek kalmadan farkl\u0131 tar\u0131msal uygulamalara kolayca uyum sa\u011flamas\u0131n\u0131 m\u00fcmk\u00fcn k\u0131lar. Bu uyumluluk, y\u00fckseltmeleri basitle\u015ftirir ve ekipman\u0131n \u00e7e\u015fitli g\u00f6revlerde esnek ve etkili kalmas\u0131n\u0131 sa\u011flar.<\/p>\n<h4><strong>Yenilik\u00e7i S\u0131z\u0131nt\u0131 \u00d6nleme<\/strong><\/h4>\n<p>Geli\u015fmi\u015f s\u0131zd\u0131rmazl\u0131k teknolojisine sahip bu hidrolik silindirler, hidrolik s\u0131v\u0131 s\u0131z\u0131nt\u0131s\u0131 riskini \u00f6nemli \u00f6l\u00e7\u00fcde en aza indirir. Bu yenilik sadece verimlili\u011fi art\u0131rmakla kalmaz, ayn\u0131 zamanda bak\u0131m maliyetlerini de d\u00fc\u015f\u00fcrerek operat\u00f6rlerin hasat g\u00f6revlerine odaklanmalar\u0131n\u0131 sa\u011flar. G\u00fcvenilir bir hidrolik sistem sa\u011flayarak, bu silindirler genel operasyonel verimlili\u011fi art\u0131r\u0131r.<\/p>\n<p>HSG Serisi Hidrolik Silindirler, ola\u011fan\u00fcst\u00fc y\u00fck ta\u015f\u0131ma kapasitesi, sa\u011flam tasar\u0131m\u0131, \u00fcst\u00fcn hassasiyeti, geni\u015f uyumlulu\u011fu ve yenilik\u00e7i s\u0131z\u0131nt\u0131 \u00f6nleme \u00f6zelli\u011fiyle \u00f6ne \u00e7\u0131kmaktad\u0131r. Bu \u00f6zellikler, onlar\u0131 her t\u00fcrl\u00fc hasat operasyonu i\u00e7in hayati bir varl\u0131k haline getirerek, sahada verimlilik ve g\u00fcvenilirlik sa\u011flamaktad\u0131r. HSG Serisi silindirleri se\u00e7erek, operat\u00f6rler verimlili\u011fi art\u0131ran ve ba\u015far\u0131l\u0131 tar\u0131msal sonu\u00e7lar\u0131 destekleyen bir \u00e7\u00f6z\u00fcme yat\u0131r\u0131m yapm\u0131\u015f olurlar.<\/p>\n<h2><strong>\u0130n\u015faat Makineleri \u0130\u00e7in HSG Serisi Hidrolik Silindirler <\/strong><strong> Ba\u015fvuru:<\/strong><\/h2>\n<h1 style=\"text-align: center;\"><strong><img loading=\"lazy\" decoding=\"async\" class=\"alignnone size-full wp-image-17301\" src=\"https:\/\/www.hydraulic-cylinders.net\/wp-content\/uploads\/2025\/03\/Zg-And-Hsg-Series-Hydraulic-Cylinders-For-Harvesting-Machinery-1.webp\" alt=\"\" width=\"2481\" height=\"685\" srcset=\"https:\/\/www.hydraulic-cylinders.net\/wp-content\/uploads\/2025\/03\/Zg-And-Hsg-Series-Hydraulic-Cylinders-For-Harvesting-Machinery-1.webp 2481w, https:\/\/www.hydraulic-cylinders.net\/wp-content\/uploads\/2025\/03\/Zg-And-Hsg-Series-Hydraulic-Cylinders-For-Harvesting-Machinery-1-1280x353.webp 1280w, https:\/\/www.hydraulic-cylinders.net\/wp-content\/uploads\/2025\/03\/Zg-And-Hsg-Series-Hydraulic-Cylinders-For-Harvesting-Machinery-1-980x271.webp 980w, https:\/\/www.hydraulic-cylinders.net\/wp-content\/uploads\/2025\/03\/Zg-And-Hsg-Series-Hydraulic-Cylinders-For-Harvesting-Machinery-1-480x133.webp 480w\" sizes=\"(min-width: 0px) and (max-width: 480px) 480px, (min-width: 481px) and (max-width: 980px) 980px, (min-width: 981px) and (max-width: 1280px) 1280px, (min-width: 1281px) 2481px, 100vw\" \/><\/strong><\/h1>\n<h2><strong>\u0130n\u015faat Makineleri \u0130\u00e7in HSG Serisi Hidrolik Silindirler <\/strong><strong> Kullan\u0131m Y\u00f6ntemi:<\/strong><\/h2>\n<p>HSG Serisi Hidrolik Silindirlerin kullan\u0131m\u0131, hasat makinelerinin performans\u0131n\u0131 \u00f6nemli \u00f6l\u00e7\u00fcde art\u0131ran basit bir i\u015flemdir. Etkinli\u011fi en \u00fcst d\u00fczeye \u00e7\u0131karmak ve g\u00fcvenilir \u00e7al\u0131\u015fma sa\u011flamak i\u00e7in \u015fu ad\u0131mlar\u0131 izleyin:<\/p>\n<h4><strong>Kurulum<\/strong><\/h4>\n<p>\u00d6ncelikle hidrolik silindirleri standart ba\u011flant\u0131 elemanlar\u0131n\u0131 kullanarak hasat makinesine g\u00fcvenli bir \u015fekilde monte edin. T\u00fcm ba\u011flant\u0131lar\u0131n s\u0131k\u0131 oldu\u011fundan emin olun, \u00e7\u00fcnk\u00fc k\u00fc\u00e7\u00fck s\u0131z\u0131nt\u0131lar bile \u00f6nemli performans sorunlar\u0131na yol a\u00e7abilir. \u0130yi yap\u0131lm\u0131\u015f bir kurulum sadece g\u00fcvenli\u011fi garanti etmekle kalmaz, ayn\u0131 zamanda optimum hidrolik i\u015flev i\u00e7in de zemin haz\u0131rlar. Devam etmeden \u00f6nce i\u015finizi iki kez kontrol etmek, ileride ya\u015fanabilecek olas\u0131 sorunlardan sizi kurtarabilir.<\/p>\n<h4><strong>Hidrolik Hatlar\u0131n Ba\u011flant\u0131s\u0131<\/strong><\/h4>\n<p>Ard\u0131ndan, ekipman k\u0131lavuzunda belirtilen do\u011fru ak\u0131\u015f y\u00f6n\u00fcn\u00fc dikkatlice takip ederek hidrolik hatlar\u0131 silindirlere ba\u011flay\u0131n. Do\u011fru ba\u011flant\u0131lar, en y\u00fcksek hidrolik performans\u0131 elde etmek i\u00e7in \u00e7ok \u00f6nemlidir; yanl\u0131\u015f kurulumlar s\u0131v\u0131 hareketini engelleyebilir ve hatta sisteme zarar verebilir. S\u0131v\u0131 ak\u0131\u015f\u0131n\u0131n d\u00fczg\u00fcn olmas\u0131n\u0131 sa\u011flamak i\u00e7in hatlar\u0131n b\u00fck\u00fclme veya t\u0131kan\u0131kl\u0131k i\u00e7ermedi\u011finden emin olun. Bu detaylara g\u00f6sterilen \u00f6zen, hidrolik sistemin verimli \u00e7al\u0131\u015fmas\u0131n\u0131 sa\u011flayarak, makinelerin h\u0131zl\u0131 ve g\u00fc\u00e7l\u00fc bir \u015fekilde \u00e7al\u0131\u015fmas\u0131na olanak tan\u0131r.<\/p>\n<h4><strong>Operasyon<\/strong><\/h4>\n<p>Kurulum ve ba\u011flant\u0131lar tamamland\u0131ktan sonra, operat\u00f6rler hasat makinelerinin hareketlerini tamamen kontrol edebilirler. Hidrolik sistem, kullan\u0131c\u0131lara ekipman\u0131 ola\u011fan\u00fcst\u00fc bir hassasiyetle kald\u0131rma, indirme ve manevra yapma olana\u011f\u0131 sa\u011flar. Bu kontrol seviyesi, kesme aletlerinin y\u00fcksekli\u011fini ayarlamaktan tarladaki dar alanlarda gezinmeye kadar \u00e7e\u015fitli g\u00f6revleri basitle\u015ftirir. HSG Serisi ile operat\u00f6rler, yo\u011fun hasat sezonlar\u0131nda verimlili\u011fi ve \u00fcretkenli\u011fi art\u0131rarak karma\u015f\u0131k manevralar\u0131 g\u00fcvenle ger\u00e7ekle\u015ftirebilirler.<\/p>\n<h4><strong>Performans \u0130zleme<\/strong><\/h4>\n<p>Hidrolik sistemin d\u00fczenli olarak izlenmesi, optimum performans\u0131n korunmas\u0131 i\u00e7in \u00e7ok \u00f6nemlidir. Hidrolik s\u0131v\u0131 seviyelerini ve bas\u0131n\u00e7 g\u00f6stergelerini s\u0131k s\u0131k kontrol etmeyi rutin haline getirin. \u00dcreticinin \u00f6nerdi\u011fi parametreler dahilinde kalmak, potansiyel sorunlar\u0131n maliyetli onar\u0131mlara d\u00f6n\u00fc\u015fmeden \u00f6nce belirlenmesine yard\u0131mc\u0131 olur. Bu proaktif yakla\u015f\u0131m, makinenin en iyi \u015fekilde \u00e7al\u0131\u015fmas\u0131n\u0131 sa\u011flamakla kalmaz, ayn\u0131 zamanda hidrolik bile\u015fenlerin \u00f6mr\u00fcn\u00fc de uzat\u0131r. Sistem performans\u0131n\u0131 yak\u0131ndan takip ederek, operat\u00f6rler g\u00fcvenilir ve verimli bir hasat s\u00fcrecini s\u00fcrd\u00fcrebilirler.<\/p>\n<p>Kurulum, hidrolik hatlar\u0131n ba\u011flanmas\u0131, \u00e7al\u0131\u015ft\u0131rma ve performans izleme i\u00e7in bu basit ad\u0131mlar\u0131 izleyerek, operat\u00f6rler hasat makinelerinde HSG Serisi Hidrolik Silindirlerin t\u00fcm potansiyelini ortaya \u00e7\u0131karabilirler. Bu yakla\u015f\u0131m yaln\u0131zca verimlili\u011fi art\u0131rmakla kalmaz, ayn\u0131 zamanda g\u00fcvenilir \u00e7al\u0131\u015fma sa\u011flayarak ba\u015far\u0131l\u0131 tar\u0131msal sonu\u00e7lara yol a\u00e7ar. Bu uygulamalar\u0131 benimsemek, daha sorunsuz ve verimli bir hasat deneyimine yat\u0131r\u0131m yapmak anlam\u0131na gelir.<\/p>\n<h2><strong>Test Ekipmanlar\u0131:<\/strong><\/h2>\n<p><strong><img loading=\"lazy\" decoding=\"async\" class=\"alignnone size-full wp-image-17293\" src=\"https:\/\/www.hydraulic-cylinders.net\/wp-content\/uploads\/2025\/03\/test-equipment.webp-2.webp\" alt=\"\" width=\"1932\" height=\"1741\" srcset=\"https:\/\/www.hydraulic-cylinders.net\/wp-content\/uploads\/2025\/03\/test-equipment.webp-2.webp 1932w, https:\/\/www.hydraulic-cylinders.net\/wp-content\/uploads\/2025\/03\/test-equipment.webp-2-1280x1153.webp 1280w, https:\/\/www.hydraulic-cylinders.net\/wp-content\/uploads\/2025\/03\/test-equipment.webp-2-980x883.webp 980w, https:\/\/www.hydraulic-cylinders.net\/wp-content\/uploads\/2025\/03\/test-equipment.webp-2-480x433.webp 480w\" sizes=\"(min-width: 0px) and (max-width: 480px) 480px, (min-width: 481px) and (max-width: 980px) 980px, (min-width: 981px) and (max-width: 1280px) 1280px, (min-width: 1281px) 1932px, 100vw\" \/><\/strong><\/p>\n<ul>\n<li>1: Tuz P\u00fcsk\u00fcrtme Test Odas\u0131<\/li>\n<li>2: Kimyasal Analiz<\/li>\n<li>3: \u00c7ekme Test Cihaz\u0131<\/li>\n<li>4: Rockwell Sertlik \u00d6l\u00e7er<\/li>\n<li>5: Temizlik Test Cihaz\u0131<\/li>\n<li>6: TH110 Geri Tepme Sertlik Test Cihaz\u0131<\/li>\n<li>7: Kaplama Kal\u0131nl\u0131\u011f\u0131 \u00d6l\u00e7er<\/li>\n<li>8: Sarka\u00e7 Darbe Testi<\/li>\n<\/ul>\n<p><img loading=\"lazy\" decoding=\"async\" class=\"alignnone size-full wp-image-17292\" src=\"https:\/\/www.hydraulic-cylinders.net\/wp-content\/uploads\/2025\/03\/test-equipment.webp-1.webp\" alt=\"\" width=\"1600\" height=\"1216\" srcset=\"https:\/\/www.hydraulic-cylinders.net\/wp-content\/uploads\/2025\/03\/test-equipment.webp-1.webp 1600w, https:\/\/www.hydraulic-cylinders.net\/wp-content\/uploads\/2025\/03\/test-equipment.webp-1-1280x973.webp 1280w, https:\/\/www.hydraulic-cylinders.net\/wp-content\/uploads\/2025\/03\/test-equipment.webp-1-980x745.webp 980w, https:\/\/www.hydraulic-cylinders.net\/wp-content\/uploads\/2025\/03\/test-equipment.webp-1-480x365.webp 480w\" sizes=\"(min-width: 0px) and (max-width: 480px) 480px, (min-width: 481px) and (max-width: 980px) 980px, (min-width: 981px) and (max-width: 1280px) 1280px, (min-width: 1281px) 1600px, 100vw\" \/><\/p>\n<p>\u015eirketimiz, kaliteyi ba\u015far\u0131m\u0131z\u0131n temeli olarak g\u00f6rmektedir. Bu taahh\u00fcd\u00fcm\u00fcz\u00fc yerine getirmek i\u00e7in, bilim ve teknoloji alan\u0131nda son derece yetenekli profesyonellerden olu\u015fan bir ekibin deste\u011fiyle, en son teknolojiye sahip yerli test ve laboratuvar ekipmanlar\u0131na yat\u0131r\u0131m yapt\u0131k.<\/p>\n<p>End\u00fcstri standartlar\u0131na uygun, titiz bir kalite y\u00f6netim sistemi uyguluyoruz ve \u00fcretti\u011fimiz her \u00fcr\u00fcn partisinin en y\u00fcksek kalite kriterlerini kar\u015f\u0131lamas\u0131n\u0131 sa\u011fl\u0131yoruz. Operasyonlar\u0131m\u0131z\u0131 standartla\u015ft\u0131rarak ve s\u00fcre\u00e7lerimizi s\u00fcrekli izleyerek, m\u00fc\u015fterilerimizin yaln\u0131zca en iyisini almas\u0131n\u0131 garanti ediyoruz.<\/p>\n<p>Kaliteye olan bu sars\u0131lmaz ba\u011fl\u0131l\u0131\u011f\u0131m\u0131z, \u00fcr\u00fcnlerimizin g\u00fcvenilirli\u011fini art\u0131rmakla kalmaz, ayn\u0131 zamanda m\u00fc\u015fterilerimiz aras\u0131nda g\u00fcven ve memnuniyet de olu\u015fturur. \u00dcretimimizin her a\u015famas\u0131nda m\u00fckemmelli\u011fe \u00f6ncelik vererek, ortaklar\u0131m\u0131z\u0131n ve sekt\u00f6r\u00fcn genel ba\u015far\u0131s\u0131na katk\u0131da bulundu\u011fumuza inan\u0131yoruz. Birlikte, zaman i\u00e7inde kal\u0131c\u0131 olacak yenilik ve kaliteyi hedefliyoruz.<\/p>\n<h2><strong>Hidrolik Silindir \u00dcretim Tesisi:<\/strong><\/h2>\n<p>\u015eirketimiz, kendi ba\u011f\u0131ms\u0131z ara\u015ft\u0131rma, geli\u015ftirme ve tasar\u0131m yetenekleriyle desteklenen, hidrolik silindirler konusunda uzmanla\u015fm\u0131\u015f lider bir \u00fcreticidir. 170'in \u00fczerinde genel tak\u0131m tezgah\u0131, CNC makineleri, i\u015fleme merkezleri, kaynak ekipmanlar\u0131 ve \u00f6zel test ve muayene aletlerini bar\u0131nd\u0131ran son teknolojiye sahip tesisimizle, \u00e7e\u015fitli end\u00fcstriyel talepleri kar\u015f\u0131lamak i\u00e7in iyi donan\u0131ml\u0131y\u0131z.<\/p>\n<p>Y\u0131llar i\u00e7inde biriktirdi\u011fimiz teknolojik uzmanl\u0131k ve s\u00fcre\u00e7 iyile\u015ftirmeleri sayesinde, Ar-Ge'yi \u00fcretimle sorunsuz bir \u015fekilde entegre eden olgun bir \u00fcretim s\u00fcreci olu\u015fturduk. Bu entegrasyon, temel rekabet avantaj\u0131m\u0131z haline gelmi\u015f olup, m\u00fc\u015fterilerimizin \u00f6zel gereksinimlerini kar\u015f\u0131layacak \u015fekilde \u00f6zelle\u015ftirilmi\u015f \u00e7ok \u00e7e\u015fitli hidrolik silindirler tasarlamam\u0131za ve \u00fcretmemize olanak tan\u0131maktad\u0131r.<\/p>\n<p>\u00dcr\u00fcnlerimiz tar\u0131m makineleri, in\u015faat ekipmanlar\u0131, ta\u015f\u0131tlar, yol m\u00fchendisli\u011fi ve \u00f6zel makineler de dahil olmak \u00fczere \u00e7e\u015fitli sekt\u00f6rlerde yayg\u0131n olarak kullan\u0131lmaktad\u0131r. Bonong Xingda, Bojin Hummer, Jilin Ruifeng, Debang Dawei, Shandong Yineng Heavy Industry, Tai'an Modern Heavy Industry ve Shifeng Group gibi bir\u00e7ok OEM'i gururla destekliyoruz.<\/p>\n<p><img loading=\"lazy\" decoding=\"async\" class=\"alignnone size-full wp-image-17290\" src=\"https:\/\/www.hydraulic-cylinders.net\/wp-content\/uploads\/2025\/03\/production-site-1.webp\" alt=\"\" width=\"1971\" height=\"2253\" srcset=\"https:\/\/www.hydraulic-cylinders.net\/wp-content\/uploads\/2025\/03\/production-site-1.webp 1971w, https:\/\/www.hydraulic-cylinders.net\/wp-content\/uploads\/2025\/03\/production-site-1-1280x1463.webp 1280w, https:\/\/www.hydraulic-cylinders.net\/wp-content\/uploads\/2025\/03\/production-site-1-980x1120.webp 980w, https:\/\/www.hydraulic-cylinders.net\/wp-content\/uploads\/2025\/03\/production-site-1-480x549.webp 480w\" sizes=\"(min-width: 0px) and (max-width: 480px) 480px, (min-width: 481px) and (max-width: 980px) 980px, (min-width: 981px) and (max-width: 1280px) 1280px, (min-width: 1281px) 1971px, 100vw\" \/><\/p>\n<p>Ara\u015ft\u0131rma ve geli\u015ftirme, y\u00f6netim, kalite kontrol ve m\u00fc\u015fteri hizmetlerinde s\u00fcrekli yenili\u011fi \u00f6nceliklendiren g\u00fc\u00e7l\u00fc bir kalite politikas\u0131 arac\u0131l\u0131\u011f\u0131yla ola\u011fan\u00fcst\u00fc hizmet sunmaya kendimizi adad\u0131k. Kaliteye olan ba\u011fl\u0131l\u0131\u011f\u0131m\u0131z, m\u00fc\u015fterilerimizin beklentilerini kar\u015f\u0131lamakla kalmay\u0131p s\u00fcrekli olarak a\u015fmam\u0131z\u0131 sa\u011flayan ISO\/TS16949 sertifikas\u0131yla da tescillenmi\u015ftir.<\/p>\n<p>Gelece\u011fe bakt\u0131\u011f\u0131m\u0131zda, teknolojimizi geli\u015ftirmeye ve yeteneklerimizi geni\u015fletmeye devam edece\u011fiz ve her zaman m\u00fc\u015fterilerimize en y\u00fcksek kalitede \u00fcr\u00fcn ve hizmetler sunmay\u0131 hedefleyece\u011fiz. Birlikte, hidrolik silindir sekt\u00f6r\u00fcnde m\u00fckemmellik miras\u0131 olu\u015fturuyoruz.<\/p>\n<p><strong>\u00a0<\/strong><\/p>","protected":false},"excerpt":{"rendered":"<p>HSG Series Hydraulic Cylinders For Harvesting Machinery \u00a0 The HSG Series Hydraulic Cylinders are engineered specifically for harvesting machinery, providing the power and precision necessary for modern agricultural operations. These cylinders enhance the efficiency of various harvesting tasks, from lifting and lowering equipment to precise maneuvering of machinery. Designed to withstand the rigors of agricultural [&hellip;]<\/p>","protected":false},"featured_media":17312,"comment_status":"open","ping_status":"closed","template":"","meta":{"_et_pb_use_builder":"","_et_pb_old_content":"","_et_gb_content_width":""},"product_brand":[],"product_cat":[1550,1528,1376],"product_tag":[],"class_list":{"0":"post-17316","1":"product","2":"type-product","3":"status-publish","4":"has-post-thumbnail","6":"product_cat-double-acting-hydraulic-cylinder","7":"product_cat-harvesting-machinery-hydraulic-cylinders","8":"product_cat-hydraulic-cylinder","10":"first","11":"instock","12":"shipping-taxable","13":"product-type-simple"},"amp_enabled":true,"_links":{"self":[{"href":"https:\/\/www.hydraulic-cylinders.net\/tr\/wp-json\/wp\/v2\/product\/17316","targetHints":{"allow":["GET"]}}],"collection":[{"href":"https:\/\/www.hydraulic-cylinders.net\/tr\/wp-json\/wp\/v2\/product"}],"about":[{"href":"https:\/\/www.hydraulic-cylinders.net\/tr\/wp-json\/wp\/v2\/types\/product"}],"replies":[{"embeddable":true,"href":"https:\/\/www.hydraulic-cylinders.net\/tr\/wp-json\/wp\/v2\/comments?post=17316"}],"wp:featuredmedia":[{"embeddable":true,"href":"https:\/\/www.hydraulic-cylinders.net\/tr\/wp-json\/wp\/v2\/media\/17312"}],"wp:attachment":[{"href":"https:\/\/www.hydraulic-cylinders.net\/tr\/wp-json\/wp\/v2\/media?parent=17316"}],"wp:term":[{"taxonomy":"product_brand","embeddable":true,"href":"https:\/\/www.hydraulic-cylinders.net\/tr\/wp-json\/wp\/v2\/product_brand?post=17316"},{"taxonomy":"product_cat","embeddable":true,"href":"https:\/\/www.hydraulic-cylinders.net\/tr\/wp-json\/wp\/v2\/product_cat?post=17316"},{"taxonomy":"product_tag","embeddable":true,"href":"https:\/\/www.hydraulic-cylinders.net\/tr\/wp-json\/wp\/v2\/product_tag?post=17316"}],"curies":[{"name":"wp","href":"https:\/\/api.w.org\/{rel}","templated":true}]}}