{"id":17320,"date":"2025-03-06T08:23:45","date_gmt":"2025-03-06T08:23:45","guid":{"rendered":"https:\/\/www.hydraulic-cylinders.net\/?post_type=product&#038;p=17320"},"modified":"2025-04-11T05:27:14","modified_gmt":"2025-04-11T05:27:14","slug":"zg-series-hydraulic-cylinders-for-harvesting-machinery","status":"publish","type":"product","link":"https:\/\/www.hydraulic-cylinders.net\/tr\/urun\/zg-series-hydraulic-cylinders-for-harvesting-machinery\/","title":{"rendered":"Hasat Makineleri \u0130\u00e7in ZG Serisi Hidrolik Silindirler"},"content":{"rendered":"<h1 style=\"text-align: center;\"><strong>Hasat Makineleri \u0130\u00e7in ZG Serisi Hidrolik Silindirler\u00a0<img loading=\"lazy\" decoding=\"async\" class=\"alignnone wp-image-17302\" src=\"https:\/\/www.hydraulic-cylinders.net\/wp-content\/uploads\/2025\/03\/Zg-And-Hsg-Series-Hydraulic-Cylinders-For-Harvesting-Machinery-2.webp\" alt=\"\" width=\"500\" height=\"500\" \/><br \/>\n<\/strong><\/h1>\n<p>ZG Serisi Hidrolik Silindirler, hasat makinelerinin verimlili\u011fini ve performans\u0131n\u0131 art\u0131rmak i\u00e7in \u00f6zel olarak tasarlanm\u0131\u015ft\u0131r. Bu silindirler, modern tar\u0131m i\u00e7in gerekli olan hassas kontrol ve g\u00fc\u00e7l\u00fc \u00e7al\u0131\u015fma olana\u011f\u0131 sa\u011flayarak \u00e7e\u015fitli tar\u0131msal uygulamalarda hayati bir rol oynar. G\u00fcvenilirlik ve dayan\u0131kl\u0131l\u0131\u011fa odaklanan ZG Serisi, tar\u0131m sekt\u00f6r\u00fcn\u00fcn zorlu ihtiya\u00e7lar\u0131n\u0131 kar\u015f\u0131layarak hasat makinelerinin sorunsuz ve etkili bir \u015fekilde \u00e7al\u0131\u015fmas\u0131n\u0131 sa\u011flar.<\/p>\n<p>Hasat makineleri i\u00e7in ZG Serisi Hidrolik Silindirler, modern tar\u0131m ihtiya\u00e7lar\u0131 i\u00e7in g\u00fcvenilir ve verimli bir \u00e7\u00f6z\u00fcm sunar. Y\u00fcksek y\u00fck kapasitesi, sa\u011flam yap\u0131s\u0131 ve geli\u015fmi\u015f s\u0131zd\u0131rmazl\u0131k teknolojisi ile bu silindirler, hasat ekipmanlar\u0131n\u0131n performans\u0131n\u0131 art\u0131r\u0131r. \u00d6nerilen kullan\u0131m ve bak\u0131m uygulamalar\u0131na uyarak, operat\u00f6rler makinelerinin en iyi \u015fekilde \u00e7al\u0131\u015fmas\u0131n\u0131 sa\u011flayabilir, ba\u015far\u0131l\u0131 hasatlara ve tarlada verimlili\u011fin artmas\u0131na katk\u0131da bulunabilirler. ZG Serisi Hidrolik Silindirlere yat\u0131r\u0131m yapmak, tar\u0131msal i\u015flemleriniz i\u00e7in dayan\u0131kl\u0131l\u0131k, verimlilik ve hassasiyet se\u00e7mek anlam\u0131na gelir.<\/p>\n<h2><strong>Hasat Makineleri \u0130\u00e7in ZG Serisi Hidrolik Silindirlerin Parametreleri:<\/strong><\/h2>\n<h1 style=\"text-align: center;\"><strong><img loading=\"lazy\" decoding=\"async\" class=\"alignnone size-full wp-image-17300\" src=\"https:\/\/www.hydraulic-cylinders.net\/wp-content\/uploads\/2025\/03\/Zg-And-Hsg-Series-Hydraulic-Cylinders-For-Harvesting-Machinery-parameter.webp\" alt=\"\" width=\"2265\" height=\"607\" srcset=\"https:\/\/www.hydraulic-cylinders.net\/wp-content\/uploads\/2025\/03\/Zg-And-Hsg-Series-Hydraulic-Cylinders-For-Harvesting-Machinery-parameter.webp 2265w, https:\/\/www.hydraulic-cylinders.net\/wp-content\/uploads\/2025\/03\/Zg-And-Hsg-Series-Hydraulic-Cylinders-For-Harvesting-Machinery-parameter-1280x343.webp 1280w, https:\/\/www.hydraulic-cylinders.net\/wp-content\/uploads\/2025\/03\/Zg-And-Hsg-Series-Hydraulic-Cylinders-For-Harvesting-Machinery-parameter-980x263.webp 980w, https:\/\/www.hydraulic-cylinders.net\/wp-content\/uploads\/2025\/03\/Zg-And-Hsg-Series-Hydraulic-Cylinders-For-Harvesting-Machinery-parameter-480x129.webp 480w\" sizes=\"(min-width: 0px) and (max-width: 480px) 480px, (min-width: 481px) and (max-width: 980px) 980px, (min-width: 981px) and (max-width: 1280px) 1280px, (min-width: 1281px) 2265px, 100vw\" \/><\/strong><\/h1>\n<h2><strong>Hasat Makineleri \u0130\u00e7in ZG Serisi Hidrolik Silindirlerin Ba\u015fl\u0131ca \u00d6zellikleri:<\/strong><\/h2>\n<h4><strong>Y\u00fcksek Y\u00fck Kapasitesi<\/strong><\/h4>\n<p>ZG Serisi Hidrolik Silindirler, \u00f6nemli y\u00fckleri kald\u0131rabilmek i\u00e7in titizlikle tasarlanm\u0131\u015ft\u0131r ve bu da onlar\u0131 hasat makineleri i\u00e7in vazge\u00e7ilmez k\u0131lar. Bu etkileyici y\u00fck kapasitesi, operat\u00f6rlerin a\u011f\u0131r par\u00e7alar\u0131 kolayl\u0131kla kald\u0131rmas\u0131na ve manevra yapmas\u0131na olanak tan\u0131yarak operasyonel verimlili\u011fi \u00f6nemli \u00f6l\u00e7\u00fcde art\u0131r\u0131r. Sonu\u00e7 olarak, eskiden \u00f6nemli zaman ve \u00e7aba gerektiren i\u015fler art\u0131k h\u0131zl\u0131 ve etkili bir \u015fekilde tamamlanabilmektedir. \u0130ster b\u00fcy\u00fck mahsullerle ister kapsaml\u0131 hasat ekipmanlar\u0131yla u\u011fra\u015f\u0131n, bu silindirler operat\u00f6rlerin verimlili\u011fi en \u00fcst d\u00fczeye \u00e7\u0131karmalar\u0131na ve i\u015f ak\u0131\u015flar\u0131n\u0131 kolayla\u015ft\u0131rmalar\u0131na olanak tan\u0131r.<\/p>\n<h4><strong>Sa\u011flam Yap\u0131<\/strong><\/h4>\n<p>Y\u00fcksek kaliteli malzemelerden \u00fcretilen ZG Serisi silindirler, ola\u011fan\u00fcst\u00fc dayan\u0131kl\u0131l\u0131klar\u0131yla zorlu tar\u0131m ortamlar\u0131n\u0131n zorluklar\u0131na dayanabilirler. Sa\u011flam tasar\u0131mlar\u0131 a\u015f\u0131nmaya ve y\u0131pranmaya kar\u015f\u0131 diren\u00e7lidir ve yo\u011fun kullan\u0131mda bile uzun \u00f6m\u00fcrl\u00fcl\u00fck sa\u011flar. Bu dayan\u0131kl\u0131l\u0131k, bak\u0131m ihtiya\u00e7lar\u0131n\u0131n azalmas\u0131na ve operat\u00f6rlerin s\u0131k s\u0131k onar\u0131m yapmak yerine i\u015flerine odaklanmalar\u0131na olanak tan\u0131r. Bu dayan\u0131kl\u0131 silindirlere yat\u0131r\u0131m yaparak, kullan\u0131c\u0131lar hasat ekipmanlar\u0131n\u0131n uzun \u00f6m\u00fcrl\u00fc olmas\u0131n\u0131, sonu\u00e7 olarak daha d\u00fc\u015f\u00fck i\u015fletme maliyetlerine ve sahada artan g\u00fcvenilirli\u011fe sahip olmay\u0131 bekleyebilirler.<\/p>\n<h4><strong>Hassas M\u00fchendislik<\/strong><\/h4>\n<p>ZG Serisindeki her hidrolik silindir, hassasiyeti \u00f6n planda tutan titiz bir \u00fcretim s\u00fcrecinden ge\u00e7er. Bu detaylara verilen \u00f6nem, etkili \u00e7al\u0131\u015fma i\u00e7in \u00e7ok \u00f6nemli olan do\u011fru boyutlar ve optimum hidrolik performans sa\u011flar. Hassas m\u00fchendislik sayesinde, bu silindirler hasat i\u015flemleri s\u0131ras\u0131nda daha yumu\u015fak hareketler ve daha iyi kontrol sa\u011flar. Operat\u00f6rler karma\u015f\u0131k manevralar\u0131 g\u00fcvenle ger\u00e7ekle\u015ftirebilir, bu da hasat s\u00fcrecini sadece daha verimli de\u011fil, ayn\u0131 zamanda daha etkili hale getirir. Bu hassasiyet seviyesi, genel verimlili\u011fi art\u0131r\u0131r ve her g\u00f6revin en y\u00fcksek standartta ger\u00e7ekle\u015ftirilmesini sa\u011flar.<\/p>\n<h4><strong>\u00c7ok Y\u00f6nl\u00fc Uyumluluk<\/strong><\/h4>\n<p>ZG Serisi silindirler, \u00e7ok y\u00f6nl\u00fcl\u00fck g\u00f6z \u00f6n\u00fcnde bulundurularak tasarlanm\u0131\u015ft\u0131r ve bu sayede \u00e7ok \u00e7e\u015fitli hasat makinesi modellerine uyum sa\u011flar. Bu uyumluluk, mevcut ekipmanlara entegrasyonu sorunsuz ve kolay hale getirir. Operat\u00f6rler, bu silindirleri kapsaml\u0131 de\u011fi\u015fikliklere gerek kalmadan \u00e7e\u015fitli tar\u0131msal uygulamalarda kullanabilme esnekli\u011fini takdir etmektedir. Bu uyarlanabilirlik, i\u015flemleri basitle\u015ftirmenin yan\u0131 s\u0131ra hasat makinelerinin genel i\u015flevselli\u011fini de art\u0131rarak ZG Serisini \u00e7e\u015fitli tar\u0131m ihtiya\u00e7lar\u0131 i\u00e7in ideal bir se\u00e7im haline getirir.<\/p>\n<h4><strong>Geli\u015fmi\u015f S\u0131zd\u0131rmazl\u0131k Teknolojisi<\/strong><\/h4>\n<p>Son teknoloji s\u0131zd\u0131rmazl\u0131k teknolojisiyle donat\u0131lm\u0131\u015f ZG Serisi Hidrolik Silindirler, s\u0131z\u0131nt\u0131lar\u0131 etkili bir \u015fekilde en aza indirir ve hidrolik s\u0131v\u0131 kayb\u0131 riskini azalt\u0131r. Bu yenilik\u00e7i \u00f6zellik, verimlili\u011fi art\u0131rmakla kalmaz, ayn\u0131 zamanda bak\u0131m maliyetlerini de \u00f6nemli \u00f6l\u00e7\u00fcde d\u00fc\u015f\u00fcr\u00fcr. S\u0131z\u0131nt\u0131lar\u0131 \u00f6nleyerek, bu silindirler hidrolik sistemin en y\u00fcksek performansta \u00e7al\u0131\u015fmas\u0131n\u0131 sa\u011flar ve operat\u00f6rlerin olas\u0131 ar\u0131zalar\u0131n dikkat da\u011f\u0131t\u0131c\u0131 etkisinden uzak, g\u00f6revlerine odaklanmalar\u0131na olanak tan\u0131r. Geli\u015fmi\u015f s\u0131zd\u0131rmazl\u0131k teknolojisi, daha g\u00fcvenilir ve verimli bir \u00e7al\u0131\u015fma ortam\u0131na katk\u0131da bulunur ve sonu\u00e7 olarak genel tar\u0131m faaliyetlerine fayda sa\u011flar.<\/p>\n<p>ZG Serisi Hidrolik Silindirler, y\u00fcksek y\u00fck kapasitesi, sa\u011flam yap\u0131, hassas m\u00fchendislik, \u00e7ok y\u00f6nl\u00fc uyumluluk ve geli\u015fmi\u015f s\u0131zd\u0131rmazl\u0131k teknolojisini bir araya getirerek tar\u0131m sekt\u00f6r\u00fcnde \u00f6ne \u00e7\u0131kmaktad\u0131r. Bu \u00f6zellikler, hasat makinelerinin performans\u0131n\u0131 art\u0131rmakla kalmaz, ayn\u0131 zamanda daha verimli ve g\u00fcvenilir bir tar\u0131m deneyimine de katk\u0131da bulunur. ZG Serisi silindirleri se\u00e7erek, operat\u00f6rler g\u00fcn\u00fcm\u00fcz\u00fcn zorlu tar\u0131m ortam\u0131nda ba\u015far\u0131 i\u00e7in gerekli ara\u00e7lara sahip olurlar.<\/p>\n<h2><strong>Hasat Makineleri Uygulamalar\u0131 \u0130\u00e7in ZG Serisi Hidrolik Silindirler:<\/strong><\/h2>\n<h1 style=\"text-align: center;\"><strong><img loading=\"lazy\" decoding=\"async\" class=\"alignnone size-full wp-image-17301\" src=\"https:\/\/www.hydraulic-cylinders.net\/wp-content\/uploads\/2025\/03\/Zg-And-Hsg-Series-Hydraulic-Cylinders-For-Harvesting-Machinery-1.webp\" alt=\"\" width=\"2481\" height=\"685\" srcset=\"https:\/\/www.hydraulic-cylinders.net\/wp-content\/uploads\/2025\/03\/Zg-And-Hsg-Series-Hydraulic-Cylinders-For-Harvesting-Machinery-1.webp 2481w, https:\/\/www.hydraulic-cylinders.net\/wp-content\/uploads\/2025\/03\/Zg-And-Hsg-Series-Hydraulic-Cylinders-For-Harvesting-Machinery-1-1280x353.webp 1280w, https:\/\/www.hydraulic-cylinders.net\/wp-content\/uploads\/2025\/03\/Zg-And-Hsg-Series-Hydraulic-Cylinders-For-Harvesting-Machinery-1-980x271.webp 980w, https:\/\/www.hydraulic-cylinders.net\/wp-content\/uploads\/2025\/03\/Zg-And-Hsg-Series-Hydraulic-Cylinders-For-Harvesting-Machinery-1-480x133.webp 480w\" sizes=\"(min-width: 0px) and (max-width: 480px) 480px, (min-width: 481px) and (max-width: 980px) 980px, (min-width: 981px) and (max-width: 1280px) 1280px, (min-width: 1281px) 2481px, 100vw\" \/><\/strong><\/h1>\n<h2><strong>ZG Serisi Hidrolik Silindirler, Hasat Makineleri \u0130\u00e7in Kullan\u0131m Y\u00f6ntemi:<\/strong><\/h2>\n<p>HSG Serisi Hidrolik Silindirlerin kullan\u0131m\u0131 olduk\u00e7a basittir ve bu da onlar\u0131 in\u015faat sekt\u00f6r\u00fcndeki operat\u00f6rler i\u00e7in eri\u015filebilir ve kullan\u0131c\u0131 dostu hale getirir. \u0130\u015fte izlenecek ad\u0131mlar\u0131n ayr\u0131nt\u0131l\u0131 bir a\u00e7\u0131klamas\u0131:<\/p>\n<h4><strong>Kurulum<\/strong><\/h4>\n<p>HSG Serisi Hidrolik Silindirlerin montaj\u0131 sorunsuz olacak \u015fekilde tasarlanm\u0131\u015ft\u0131r. Her silindir, \u00e7e\u015fitli in\u015faat makinelerine h\u0131zl\u0131 ve g\u00fcvenli bir \u015fekilde tak\u0131lmas\u0131n\u0131 sa\u011flayan standart ba\u011flant\u0131 par\u00e7alar\u0131na sahiptir. Operat\u00f6rler, \u00f6zel aletlere veya kapsaml\u0131 e\u011fitime ihtiya\u00e7 duymadan silindirleri kolayca hizalayabilir ve takabilirler. Bu kurulum kolayl\u0131\u011f\u0131, ar\u0131za s\u00fcresini en aza indirerek makinelerin h\u0131zl\u0131 ve verimli bir \u015fekilde tekrar \u00e7al\u0131\u015fmaya ba\u015flamas\u0131n\u0131 sa\u011flar.<\/p>\n<h4><strong>Hidrolik Ba\u011flant\u0131<\/strong><\/h4>\n<p>Kurulum tamamland\u0131ktan sonraki ad\u0131m, hidrolik hatlar\u0131n silindire ba\u011flanmas\u0131d\u0131r. \u0130stenen hareketleri elde etmek i\u00e7in hidrolik s\u0131v\u0131n\u0131n do\u011fru y\u00f6nde akmas\u0131n\u0131 sa\u011flamak \u00e7ok \u00f6nemlidir. A\u00e7\u0131k etiketleme ve renk kodlu ba\u011flant\u0131lar bu s\u00fcreci basitle\u015ftirerek operat\u00f6rlerin ba\u011flant\u0131lar\u0131 g\u00fcvenle yapmalar\u0131n\u0131 sa\u011flar. Do\u011fru bir hidrolik ba\u011flant\u0131, performans\u0131 en \u00fcst d\u00fczeye \u00e7\u0131kararak silindirlerin sorunsuz ve duyarl\u0131 bir \u015fekilde \u00e7al\u0131\u015fmas\u0131n\u0131 sa\u011flar; bu da \u00e7al\u0131\u015fma s\u0131ras\u0131nda hassas kontrol i\u00e7in \u00e7ok \u00f6nemlidir.<\/p>\n<h4><strong>Operasyon<\/strong><\/h4>\n<p>With the HSG Series Hydraulic Cylinders securely installed and connected, operators can now take control of the machinery. Utilizing the hydraulic system, they can execute a wide range of movements, from lifting heavy loads to intricate maneuvers. The intuitive controls allow for fine adjustments, enabling operators to perform tasks with precision and efficiency. Whether it&#8217;s raising, lowering, or tilting, these cylinders provide the responsiveness needed to tackle the challenges of construction work effectively.<\/p>\n<h4><strong>\u0130zleme<\/strong><\/h4>\n<p>Optimum performans sa\u011flamak i\u00e7in hidrolik sistemin d\u00fczenli olarak izlenmesi hayati \u00f6nem ta\u015f\u0131r. Operat\u00f6rler d\u00fczenli olarak hidrolik s\u0131v\u0131 seviyelerini ve bas\u0131nc\u0131n\u0131 kontrol etmelidir. Bu proaktif yakla\u015f\u0131m, olas\u0131 sorunlar\u0131n b\u00fcy\u00fcmeden \u00f6nce belirlenmesine yard\u0131mc\u0131 olur ve makinenin en y\u00fcksek verimlilikte \u00e7al\u0131\u015fmas\u0131n\u0131 sa\u011flar. Bu parametrelere dikkat etmek, yaln\u0131zca hidrolik silindirlerin \u00f6mr\u00fcn\u00fc uzatmakla kalmaz, ayn\u0131 zamanda \u015fantiyedeki genel g\u00fcvenli\u011fi de art\u0131r\u0131r. Operat\u00f6rler, s\u00fcrekli tetikte kalarak ekipmanlar\u0131n\u0131n her zaman g\u00fcvenilir ve \u00e7al\u0131\u015fmaya haz\u0131r olmas\u0131n\u0131 sa\u011flayabilirler.<\/p>\n<p>HSG Serisi Hidrolik Silindirler, kurulumdan i\u015fletmeye ve bak\u0131ma kadar kullan\u0131c\u0131 dostu bir deneyim sunar. Basit kullan\u0131m y\u00f6ntemi, in\u015faat profesyonellerinin verimliliklerini ve etkinliklerini en \u00fcst d\u00fczeye \u00e7\u0131karmalar\u0131n\u0131 sa\u011flayarak, her projeyi g\u00fcvenle ele almalar\u0131na olanak tan\u0131r. HSG'yi se\u00e7erek, operat\u00f6rler i\u015f ak\u0131\u015flar\u0131n\u0131 basitle\u015ftirirken ola\u011fan\u00fcst\u00fc performans sa\u011flayan g\u00fcvenilir bir hidrolik \u00e7\u00f6z\u00fcme yat\u0131r\u0131m yapm\u0131\u015f olurlar.<\/p>\n<h2><strong>Test Ekipmanlar\u0131:<\/strong><\/h2>\n<p><strong><img loading=\"lazy\" decoding=\"async\" class=\"alignnone size-full wp-image-17293\" src=\"https:\/\/www.hydraulic-cylinders.net\/wp-content\/uploads\/2025\/03\/test-equipment.webp-2.webp\" alt=\"\" width=\"1932\" height=\"1741\" srcset=\"https:\/\/www.hydraulic-cylinders.net\/wp-content\/uploads\/2025\/03\/test-equipment.webp-2.webp 1932w, https:\/\/www.hydraulic-cylinders.net\/wp-content\/uploads\/2025\/03\/test-equipment.webp-2-1280x1153.webp 1280w, https:\/\/www.hydraulic-cylinders.net\/wp-content\/uploads\/2025\/03\/test-equipment.webp-2-980x883.webp 980w, https:\/\/www.hydraulic-cylinders.net\/wp-content\/uploads\/2025\/03\/test-equipment.webp-2-480x433.webp 480w\" sizes=\"(min-width: 0px) and (max-width: 480px) 480px, (min-width: 481px) and (max-width: 980px) 980px, (min-width: 981px) and (max-width: 1280px) 1280px, (min-width: 1281px) 1932px, 100vw\" \/><\/strong><\/p>\n<ul>\n<li>1: Tuz P\u00fcsk\u00fcrtme Test Odas\u0131<\/li>\n<li>2: Kimyasal Analiz<\/li>\n<li>3: \u00c7ekme Test Cihaz\u0131<\/li>\n<li>4: Rockwell Sertlik \u00d6l\u00e7er<\/li>\n<li>5: Temizlik Test Cihaz\u0131<\/li>\n<li>6: TH110 Geri Tepme Sertlik Test Cihaz\u0131<\/li>\n<li>7: Kaplama Kal\u0131nl\u0131\u011f\u0131 \u00d6l\u00e7er<\/li>\n<li>8: Sarka\u00e7 Darbe Testi<\/li>\n<\/ul>\n<p><img loading=\"lazy\" decoding=\"async\" class=\"alignnone size-full wp-image-17292\" src=\"https:\/\/www.hydraulic-cylinders.net\/wp-content\/uploads\/2025\/03\/test-equipment.webp-1.webp\" alt=\"\" width=\"1600\" height=\"1216\" srcset=\"https:\/\/www.hydraulic-cylinders.net\/wp-content\/uploads\/2025\/03\/test-equipment.webp-1.webp 1600w, https:\/\/www.hydraulic-cylinders.net\/wp-content\/uploads\/2025\/03\/test-equipment.webp-1-1280x973.webp 1280w, https:\/\/www.hydraulic-cylinders.net\/wp-content\/uploads\/2025\/03\/test-equipment.webp-1-980x745.webp 980w, https:\/\/www.hydraulic-cylinders.net\/wp-content\/uploads\/2025\/03\/test-equipment.webp-1-480x365.webp 480w\" sizes=\"(min-width: 0px) and (max-width: 480px) 480px, (min-width: 481px) and (max-width: 980px) 980px, (min-width: 981px) and (max-width: 1280px) 1280px, (min-width: 1281px) 1600px, 100vw\" \/><\/p>\n<p>\u015eirketimiz, kaliteyi ba\u015far\u0131m\u0131z\u0131n temeli olarak g\u00f6rmektedir. Bu taahh\u00fcd\u00fcm\u00fcz\u00fc yerine getirmek i\u00e7in, bilim ve teknoloji alan\u0131nda son derece yetenekli profesyonellerden olu\u015fan bir ekibin deste\u011fiyle, en son teknolojiye sahip yerli test ve laboratuvar ekipmanlar\u0131na yat\u0131r\u0131m yapt\u0131k.<\/p>\n<p>End\u00fcstri standartlar\u0131na uygun, titiz bir kalite y\u00f6netim sistemi uyguluyoruz ve \u00fcretti\u011fimiz her \u00fcr\u00fcn partisinin en y\u00fcksek kalite kriterlerini kar\u015f\u0131lamas\u0131n\u0131 sa\u011fl\u0131yoruz. Operasyonlar\u0131m\u0131z\u0131 standartla\u015ft\u0131rarak ve s\u00fcre\u00e7lerimizi s\u00fcrekli izleyerek, m\u00fc\u015fterilerimizin yaln\u0131zca en iyisini almas\u0131n\u0131 garanti ediyoruz.<\/p>\n<p>Kaliteye olan bu sars\u0131lmaz ba\u011fl\u0131l\u0131\u011f\u0131m\u0131z, \u00fcr\u00fcnlerimizin g\u00fcvenilirli\u011fini art\u0131rmakla kalmaz, ayn\u0131 zamanda m\u00fc\u015fterilerimiz aras\u0131nda g\u00fcven ve memnuniyet de olu\u015fturur. \u00dcretimimizin her a\u015famas\u0131nda m\u00fckemmelli\u011fe \u00f6ncelik vererek, ortaklar\u0131m\u0131z\u0131n ve sekt\u00f6r\u00fcn genel ba\u015far\u0131s\u0131na katk\u0131da bulundu\u011fumuza inan\u0131yoruz. Birlikte, zaman i\u00e7inde kal\u0131c\u0131 olacak yenilik ve kaliteyi hedefliyoruz.<\/p>\n<h2><strong>Hidrolik Silindir \u00dcretim Tesisi:<\/strong><\/h2>\n<p>\u015eirketimiz, kendi ba\u011f\u0131ms\u0131z ara\u015ft\u0131rma, geli\u015ftirme ve tasar\u0131m yetenekleriyle desteklenen, hidrolik silindirler konusunda uzmanla\u015fm\u0131\u015f lider bir \u00fcreticidir. 170'in \u00fczerinde genel tak\u0131m tezgah\u0131, CNC makineleri, i\u015fleme merkezleri, kaynak ekipmanlar\u0131 ve \u00f6zel test ve muayene aletlerini bar\u0131nd\u0131ran son teknolojiye sahip tesisimizle, \u00e7e\u015fitli end\u00fcstriyel talepleri kar\u015f\u0131lamak i\u00e7in iyi donan\u0131ml\u0131y\u0131z.<\/p>\n<p>Y\u0131llar i\u00e7inde biriktirdi\u011fimiz teknolojik uzmanl\u0131k ve s\u00fcre\u00e7 iyile\u015ftirmeleri sayesinde, Ar-Ge'yi \u00fcretimle sorunsuz bir \u015fekilde entegre eden olgun bir \u00fcretim s\u00fcreci olu\u015fturduk. Bu entegrasyon, temel rekabet avantaj\u0131m\u0131z haline gelmi\u015f olup, m\u00fc\u015fterilerimizin \u00f6zel gereksinimlerini kar\u015f\u0131layacak \u015fekilde \u00f6zelle\u015ftirilmi\u015f \u00e7ok \u00e7e\u015fitli hidrolik silindirler tasarlamam\u0131za ve \u00fcretmemize olanak tan\u0131maktad\u0131r.<\/p>\n<p>\u00dcr\u00fcnlerimiz tar\u0131m makineleri, in\u015faat ekipmanlar\u0131, ta\u015f\u0131tlar, yol m\u00fchendisli\u011fi ve \u00f6zel makineler de dahil olmak \u00fczere \u00e7e\u015fitli sekt\u00f6rlerde yayg\u0131n olarak kullan\u0131lmaktad\u0131r. Bonong Xingda, Bojin Hummer, Jilin Ruifeng, Debang Dawei, Shandong Yineng Heavy Industry, Tai'an Modern Heavy Industry ve Shifeng Group gibi bir\u00e7ok OEM'i gururla destekliyoruz.<\/p>\n<p><img loading=\"lazy\" decoding=\"async\" class=\"alignnone size-full wp-image-17290\" src=\"https:\/\/www.hydraulic-cylinders.net\/wp-content\/uploads\/2025\/03\/production-site-1.webp\" alt=\"\" width=\"1971\" height=\"2253\" srcset=\"https:\/\/www.hydraulic-cylinders.net\/wp-content\/uploads\/2025\/03\/production-site-1.webp 1971w, https:\/\/www.hydraulic-cylinders.net\/wp-content\/uploads\/2025\/03\/production-site-1-1280x1463.webp 1280w, https:\/\/www.hydraulic-cylinders.net\/wp-content\/uploads\/2025\/03\/production-site-1-980x1120.webp 980w, https:\/\/www.hydraulic-cylinders.net\/wp-content\/uploads\/2025\/03\/production-site-1-480x549.webp 480w\" sizes=\"(min-width: 0px) and (max-width: 480px) 480px, (min-width: 481px) and (max-width: 980px) 980px, (min-width: 981px) and (max-width: 1280px) 1280px, (min-width: 1281px) 1971px, 100vw\" \/><\/p>\n<p>Ara\u015ft\u0131rma ve geli\u015ftirme, y\u00f6netim, kalite kontrol ve m\u00fc\u015fteri hizmetlerinde s\u00fcrekli yenili\u011fi \u00f6nceliklendiren g\u00fc\u00e7l\u00fc bir kalite politikas\u0131 arac\u0131l\u0131\u011f\u0131yla ola\u011fan\u00fcst\u00fc hizmet sunmaya kendimizi adad\u0131k. Kaliteye olan ba\u011fl\u0131l\u0131\u011f\u0131m\u0131z, m\u00fc\u015fterilerimizin beklentilerini kar\u015f\u0131lamakla kalmay\u0131p s\u00fcrekli olarak a\u015fmam\u0131z\u0131 sa\u011flayan ISO\/TS16949 sertifikas\u0131yla da tescillenmi\u015ftir.<\/p>\n<p>Gelece\u011fe bakt\u0131\u011f\u0131m\u0131zda, teknolojimizi geli\u015ftirmeye ve yeteneklerimizi geni\u015fletmeye devam edece\u011fiz ve her zaman m\u00fc\u015fterilerimize en y\u00fcksek kalitede \u00fcr\u00fcn ve hizmetler sunmay\u0131 hedefleyece\u011fiz. Birlikte, hidrolik silindir sekt\u00f6r\u00fcnde m\u00fckemmellik miras\u0131 olu\u015fturuyoruz.<\/p>\n<p><strong>\u00a0<\/strong><\/p>","protected":false},"excerpt":{"rendered":"<p>ZG Series Hydraulic Cylinders For Harvesting Machinery\u00a0 The ZG Series Hydraulic Cylinders are specifically designed to enhance the efficiency and performance of harvesting machinery. These cylinders play a vital role in various agricultural applications, enabling precise control and powerful operation essential for modern farming. With a focus on reliability and durability, the ZG Series meets [&hellip;]<\/p>","protected":false},"featured_media":17312,"comment_status":"open","ping_status":"closed","template":"","meta":{"_et_pb_use_builder":"","_et_pb_old_content":"","_et_gb_content_width":""},"product_brand":[],"product_cat":[1550,1528,1376],"product_tag":[],"class_list":{"0":"post-17320","1":"product","2":"type-product","3":"status-publish","4":"has-post-thumbnail","6":"product_cat-double-acting-hydraulic-cylinder","7":"product_cat-harvesting-machinery-hydraulic-cylinders","8":"product_cat-hydraulic-cylinder","10":"first","11":"instock","12":"shipping-taxable","13":"product-type-simple"},"amp_enabled":true,"_links":{"self":[{"href":"https:\/\/www.hydraulic-cylinders.net\/tr\/wp-json\/wp\/v2\/product\/17320","targetHints":{"allow":["GET"]}}],"collection":[{"href":"https:\/\/www.hydraulic-cylinders.net\/tr\/wp-json\/wp\/v2\/product"}],"about":[{"href":"https:\/\/www.hydraulic-cylinders.net\/tr\/wp-json\/wp\/v2\/types\/product"}],"replies":[{"embeddable":true,"href":"https:\/\/www.hydraulic-cylinders.net\/tr\/wp-json\/wp\/v2\/comments?post=17320"}],"wp:featuredmedia":[{"embeddable":true,"href":"https:\/\/www.hydraulic-cylinders.net\/tr\/wp-json\/wp\/v2\/media\/17312"}],"wp:attachment":[{"href":"https:\/\/www.hydraulic-cylinders.net\/tr\/wp-json\/wp\/v2\/media?parent=17320"}],"wp:term":[{"taxonomy":"product_brand","embeddable":true,"href":"https:\/\/www.hydraulic-cylinders.net\/tr\/wp-json\/wp\/v2\/product_brand?post=17320"},{"taxonomy":"product_cat","embeddable":true,"href":"https:\/\/www.hydraulic-cylinders.net\/tr\/wp-json\/wp\/v2\/product_cat?post=17320"},{"taxonomy":"product_tag","embeddable":true,"href":"https:\/\/www.hydraulic-cylinders.net\/tr\/wp-json\/wp\/v2\/product_tag?post=17320"}],"curies":[{"name":"wp","href":"https:\/\/api.w.org\/{rel}","templated":true}]}}