{"id":17336,"date":"2025-03-07T08:15:05","date_gmt":"2025-03-07T08:15:05","guid":{"rendered":"https:\/\/www.hydraulic-cylinders.net\/?post_type=product&#038;p=17336"},"modified":"2025-04-11T03:04:56","modified_gmt":"2025-04-11T03:04:56","slug":"unidirectional-scriber-cylinder-for-no-tillage-machines","status":"publish","type":"product","link":"https:\/\/www.hydraulic-cylinders.net\/tr\/urun\/unidirectional-scriber-cylinder-for-no-tillage-machines\/","title":{"rendered":"Toprak \u0130\u015flemesiz Makineler \u0130\u00e7in Tek Y\u00f6nl\u00fc \u00c7izici Silindir"},"content":{"rendered":"<h1 style=\"text-align: center;\"><strong>Toprak \u0130\u015flemesiz Makineler \u0130\u00e7in Tek Y\u00f6nl\u00fc \u00c7izici Silindir<\/strong><\/h1>\n<h1 style=\"text-align: center;\"><strong><img loading=\"lazy\" decoding=\"async\" class=\"alignnone wp-image-17299\" src=\"https:\/\/www.hydraulic-cylinders.net\/wp-content\/uploads\/2025\/03\/unidirectional-scriber-cylinder-1.webp\" alt=\"\" width=\"500\" height=\"521\" srcset=\"https:\/\/www.hydraulic-cylinders.net\/wp-content\/uploads\/2025\/03\/unidirectional-scriber-cylinder-1.webp 500w, https:\/\/www.hydraulic-cylinders.net\/wp-content\/uploads\/2025\/03\/unidirectional-scriber-cylinder-1-480x500.webp 480w\" sizes=\"(min-width: 0px) and (max-width: 480px) 480px, (min-width: 481px) 500px, 100vw\" \/><br \/>\n<\/strong><\/h1>\n<p>Tek Y\u00f6nl\u00fc \u00c7izici Silindir, \u00f6zellikle topra\u011f\u0131 i\u015flemeyen makineler i\u00e7in tasarlanm\u0131\u015f \u00f6nemli bir bile\u015fendir. Bu yenilik\u00e7i alet, toprak haz\u0131rl\u0131\u011f\u0131 ve ekim s\u00fcre\u00e7lerini \u00f6nemli \u00f6l\u00e7\u00fcde iyile\u015ftirerek \u00e7ift\u00e7ilerin daha y\u00fcksek verimlilikle optimum ekim ko\u015fullar\u0131 olu\u015fturmas\u0131n\u0131 sa\u011flar. Toprak bozulmas\u0131n\u0131 en aza indirerek, Tek Y\u00f6nl\u00fc \u00c7izici Silindir, sa\u011fl\u0131kl\u0131 mahsul b\u00fcy\u00fcmesini desteklemek i\u00e7in hayati \u00f6nem ta\u015f\u0131yan toprak yap\u0131s\u0131n\u0131 ve nem seviyelerini korumada \u00e7ok \u00f6nemli bir rol oynar. Geli\u015fmi\u015f tasar\u0131m\u0131 ve i\u015flevselli\u011fi, onu modern tar\u0131m uygulamalar\u0131nda de\u011ferli bir varl\u0131k haline getirir.<\/p>\n<p>Toprak i\u015flemesiz tar\u0131m uygulamalar\u0131 i\u00e7in vazge\u00e7ilmez bir ara\u00e7 olan Tek Y\u00f6nl\u00fc \u00c7izici Silindir, toprak y\u00f6netiminde hem hassasiyeti hem de verimlili\u011fi art\u0131r\u0131r. Sa\u011flam yap\u0131s\u0131 dayan\u0131kl\u0131l\u0131\u011f\u0131 sa\u011flarken, kolay kurulum s\u00fcreci mevcut makinelere h\u0131zl\u0131 entegrasyona olanak tan\u0131r. Toprak bozulmas\u0131n\u0131 azaltarak s\u00fcrd\u00fcr\u00fclebilir tar\u0131m uygulamalar\u0131n\u0131 destekler ve \u00e7ift\u00e7ilerin ideal ekim ko\u015fullar\u0131na ula\u015fmalar\u0131na yard\u0131mc\u0131 olur.<\/p>\n<p>Do\u011fru kullan\u0131m ve bak\u0131m y\u00f6nergelerine uyulmas\u0131, g\u00fcvenilir performans sa\u011flayarak nihayetinde \u00fcr\u00fcn verimini art\u0131r\u0131r ve ba\u015far\u0131l\u0131 tar\u0131m sonu\u00e7lar\u0131na yol a\u00e7ar. Verimlili\u011fi ve operasyonel etkinli\u011fi art\u0131rmay\u0131 hedefleyen her tar\u0131m i\u015fletmesi i\u00e7in tek y\u00f6nl\u00fc bir \u00e7izim silindirine yat\u0131r\u0131m yapmak ak\u0131ll\u0131ca bir karard\u0131r.<\/p>\n<h2><strong>Toprak \u0130\u015flemesiz Makineler \u0130\u00e7in Tek Y\u00f6nl\u00fc \u00c7izme Silindiri Parametreleri:<\/strong><\/h2>\n<h1 style=\"text-align: center;\"><strong><img loading=\"lazy\" decoding=\"async\" class=\"alignnone size-full wp-image-17283\" src=\"https:\/\/www.hydraulic-cylinders.net\/wp-content\/uploads\/2025\/03\/hydraulic-cylinders-for-no-tillage-machines-parameter-1.webp\" alt=\"\" width=\"2237\" height=\"1271\" srcset=\"https:\/\/www.hydraulic-cylinders.net\/wp-content\/uploads\/2025\/03\/hydraulic-cylinders-for-no-tillage-machines-parameter-1.webp 2237w, https:\/\/www.hydraulic-cylinders.net\/wp-content\/uploads\/2025\/03\/hydraulic-cylinders-for-no-tillage-machines-parameter-1-1280x727.webp 1280w, https:\/\/www.hydraulic-cylinders.net\/wp-content\/uploads\/2025\/03\/hydraulic-cylinders-for-no-tillage-machines-parameter-1-980x557.webp 980w, https:\/\/www.hydraulic-cylinders.net\/wp-content\/uploads\/2025\/03\/hydraulic-cylinders-for-no-tillage-machines-parameter-1-480x273.webp 480w\" sizes=\"(min-width: 0px) and (max-width: 480px) 480px, (min-width: 481px) and (max-width: 980px) 980px, (min-width: 981px) and (max-width: 1280px) 1280px, (min-width: 1281px) 2237px, 100vw\" \/><\/strong><\/h1>\n<h2><strong>Toprak \u0130\u015flemesiz Makineler \u0130\u00e7in Tek Y\u00f6nl\u00fc \u00c7izme Silindiri:<\/strong><\/h2>\n<p><img loading=\"lazy\" decoding=\"async\" class=\"alignnone size-full wp-image-17282\" src=\"https:\/\/www.hydraulic-cylinders.net\/wp-content\/uploads\/2025\/03\/hydraulic-cylinders-for-no-tillage-machines-application-1.webp\" alt=\"\" width=\"2273\" height=\"976\" srcset=\"https:\/\/www.hydraulic-cylinders.net\/wp-content\/uploads\/2025\/03\/hydraulic-cylinders-for-no-tillage-machines-application-1.webp 2273w, https:\/\/www.hydraulic-cylinders.net\/wp-content\/uploads\/2025\/03\/hydraulic-cylinders-for-no-tillage-machines-application-1-1280x550.webp 1280w, https:\/\/www.hydraulic-cylinders.net\/wp-content\/uploads\/2025\/03\/hydraulic-cylinders-for-no-tillage-machines-application-1-980x421.webp 980w, https:\/\/www.hydraulic-cylinders.net\/wp-content\/uploads\/2025\/03\/hydraulic-cylinders-for-no-tillage-machines-application-1-480x206.webp 480w\" sizes=\"(min-width: 0px) and (max-width: 480px) 480px, (min-width: 481px) and (max-width: 980px) 980px, (min-width: 981px) and (max-width: 1280px) 1280px, (min-width: 1281px) 2273px, 100vw\" \/><\/p>\n<h2><strong>Toprak i\u015flemesiz makineler i\u00e7in tek y\u00f6nl\u00fc kaz\u0131y\u0131c\u0131 silindirin temel \u00f6zellikleri:<\/strong><\/h2>\n<h4><strong>Basitle\u015ftirilmi\u015f Tek Y\u00f6nl\u00fc Operasyon<\/strong><\/h4>\n<p>Scriber Silindirinin tek y\u00f6nl\u00fc tasar\u0131m\u0131, tek y\u00f6nde verimli hareket etmeyi kolayla\u015ft\u0131rarak, \u00f6zellikle basit ekim ve toprak y\u00f6netimi g\u00f6revleri i\u00e7in etkili olmas\u0131n\u0131 sa\u011flar. Bu odaklanm\u0131\u015f \u00e7al\u0131\u015fma, kullan\u0131c\u0131 deneyimini basitle\u015ftirerek operat\u00f6rlerin tutarl\u0131 ve hassas sonu\u00e7lar elde etmeye odaklanmas\u0131n\u0131 sa\u011flar. Manevra karma\u015f\u0131kl\u0131\u011f\u0131n\u0131 azaltarak, \u00e7ift\u00e7iler verimlili\u011fi art\u0131rabilir, istikrarl\u0131 bir i\u015f ak\u0131\u015f\u0131 sa\u011flayabilir ve operasyonel hatalar riskini en aza indirebilirler.<\/p>\n<h4><strong>Sa\u011flam ve G\u00fcvenilir Yap\u0131<\/strong><\/h4>\n<p>Birinci s\u0131n\u0131f malzemelerden \u00fcretilen Tek Y\u00f6nl\u00fc \u00c7izme Silindiri, zorlu tar\u0131m ortamlar\u0131n\u0131n zorluklar\u0131na dayanacak \u015fekilde tasarlanm\u0131\u015ft\u0131r. Sa\u011flam yap\u0131s\u0131 a\u015f\u0131nmaya ve y\u0131pranmaya kar\u015f\u0131 diren\u00e7lidir ve t\u00fcm tar\u0131m sezonu boyunca g\u00fcvenilir performans sa\u011flar. Bu dayan\u0131kl\u0131l\u0131k, daha az onar\u0131m ve de\u011fi\u015ftirme anlam\u0131na gelir; bu da \u00e7ift\u00e7ilerin g\u00fcvenilir bir aletin keyfini \u00e7\u0131kar\u0131rken hem zamandan hem de paradan tasarruf etmelerini sa\u011flar. Uzun \u00f6m\u00fcrl\u00fc tasar\u0131m\u0131, tar\u0131m i\u015flemlerinin g\u00fcnl\u00fck taleplerini kar\u015f\u0131layabilece\u011fini bilerek g\u00fcven verir.<\/p>\n<h4><strong>Geli\u015ftirilmi\u015f Hassasiyet ve Kontrol<\/strong><\/h4>\n<p>Geli\u015fmi\u015f bir hidrolik sistemle donat\u0131lm\u0131\u015f olan Tek Y\u00f6nl\u00fc \u00c7izme Silindiri, hem derinlik hem de a\u00e7\u0131 y\u00f6netiminde ola\u011fan\u00fcst\u00fc hassasiyet sa\u011flar. Bu \u00f6zellik, operat\u00f6rlerin belirli toprak ko\u015fullar\u0131na ve mahsul ihtiya\u00e7lar\u0131na g\u00f6re uyarlanm\u0131\u015f do\u011fru ayarlamalar yapmalar\u0131n\u0131 sa\u011flar. Bu hassasiyet, tohumlar\u0131n etkili \u00e7imlenme i\u00e7in ideal derinlikte ekilmesini sa\u011flayarak optimum tohum yerle\u015fimi i\u00e7in hayati \u00f6nem ta\u015f\u0131r. Hassas ayarlamalardan kaynaklanan geli\u015fmi\u015f toprak havaland\u0131rmas\u0131, daha sa\u011fl\u0131kl\u0131 bitkiler ve artan verimle sonu\u00e7lanan g\u00fc\u00e7l\u00fc mahsul geli\u015fimini daha da destekler.<\/p>\n<h4><strong>Zahmetsiz Kurulum<\/strong><\/h4>\n<p>Kullan\u0131c\u0131 kolayl\u0131\u011f\u0131 g\u00f6z \u00f6n\u00fcnde bulundurularak tasarlanan Tek Y\u00f6nl\u00fc \u00c7izme Silindiri, basit bir kurulum s\u00fcrecine sahiptir. \u00c7ift\u00e7iler, minimum \u00e7aba veya teknik uzmanl\u0131k gerektirmeden mevcut topraks\u0131z i\u015fleme makinelerine sorunsuz bir \u015fekilde entegre edebilirler. Bu kullan\u0131c\u0131 dostu \u00f6zellik, ar\u0131za s\u00fcresini \u00f6nemli \u00f6l\u00e7\u00fcde azaltarak tar\u0131msal faaliyetlerin gecikme olmadan h\u0131zl\u0131 bir \u015fekilde devam etmesini sa\u011flar. Kurulum s\u00fcresini en aza indirerek, \u00e7ift\u00e7iler verimlili\u011fi en \u00fcst d\u00fczeye \u00e7\u0131karmaya ve tar\u0131m programlar\u0131n\u0131n dinamik taleplerine uyum sa\u011flamaya odaklanabilirler.<\/p>\n<h4><strong>Minimum Toprak Bozulmas\u0131<\/strong><\/h4>\n<p>Tek y\u00f6nl\u00fc toprak i\u015fleme silindirinin yenilik\u00e7i tasar\u0131m\u0131, \u00e7al\u0131\u015fma s\u0131ras\u0131nda toprak bozulmas\u0131n\u0131 etkili bir \u015fekilde en aza indirir. Topra\u011f\u0131n temel yap\u0131s\u0131n\u0131 ve nem i\u00e7eri\u011fini koruyarak, bu \u00f6zellik, mahsul sa\u011fl\u0131\u011f\u0131 i\u00e7in \u00e7ok \u00f6nemli olan daha iyi k\u00f6k geli\u015fimini destekler. Ek olarak, toprak bozulmas\u0131n\u0131n azalmas\u0131, topraktaki faydal\u0131 mikroorganizmalar\u0131n korunmas\u0131na yard\u0131mc\u0131 olarak genel toprak verimlili\u011fini art\u0131r\u0131r. Toprak y\u00f6netimine y\u00f6nelik bu d\u00fc\u015f\u00fcnceli yakla\u015f\u0131m, s\u00fcrd\u00fcr\u00fclebilir tar\u0131m uygulamalar\u0131n\u0131 destekler ve mahsul sa\u011fl\u0131\u011f\u0131n\u0131 art\u0131rarak verim art\u0131\u015f\u0131na ve uzun vadeli tar\u0131msal ba\u015far\u0131ya yol a\u00e7ar.<\/p>\n<p>\u00d6zetle, Tek Y\u00f6nl\u00fc \u00c7izici Silindir, sadele\u015ftirilmi\u015f tek y\u00f6nl\u00fc \u00e7al\u0131\u015fma prensibi, sa\u011flam yap\u0131s\u0131, art\u0131r\u0131lm\u0131\u015f hassasiyeti, zahmetsiz kurulumu ve minimum toprak bozulmas\u0131yla \u00f6ne \u00e7\u0131kmaktad\u0131r. Bu \u00f6zellikler, onu modern tar\u0131m uygulamalar\u0131 i\u00e7in paha bi\u00e7ilmez bir ara\u00e7 haline getirerek \u00e7ift\u00e7ilerin verimli ve etkili toprak y\u00f6netimi elde etmelerini, sonu\u00e7 olarak daha sa\u011fl\u0131kl\u0131 \u00fcr\u00fcnler ve artan verimlilik elde etmelerini sa\u011flamaktad\u0131r.<\/p>\n<h2><strong>Toprak \u0130\u015flemesiz Makineler \u0130\u00e7in Tek Y\u00f6nl\u00fc \u00c7izme Silindiri (Uygulanabilir Modeller):<\/strong><\/h2>\n<h1 style=\"text-align: center;\"><strong><img loading=\"lazy\" decoding=\"async\" class=\"alignnone size-full wp-image-17284\" src=\"https:\/\/www.hydraulic-cylinders.net\/wp-content\/uploads\/2025\/03\/hydraulic-cylinders-for-no-tillage-machines-2.webp\" alt=\"\" width=\"2312\" height=\"600\" srcset=\"https:\/\/www.hydraulic-cylinders.net\/wp-content\/uploads\/2025\/03\/hydraulic-cylinders-for-no-tillage-machines-2.webp 2312w, https:\/\/www.hydraulic-cylinders.net\/wp-content\/uploads\/2025\/03\/hydraulic-cylinders-for-no-tillage-machines-2-1280x332.webp 1280w, https:\/\/www.hydraulic-cylinders.net\/wp-content\/uploads\/2025\/03\/hydraulic-cylinders-for-no-tillage-machines-2-980x254.webp 980w, https:\/\/www.hydraulic-cylinders.net\/wp-content\/uploads\/2025\/03\/hydraulic-cylinders-for-no-tillage-machines-2-480x125.webp 480w\" sizes=\"(min-width: 0px) and (max-width: 480px) 480px, (min-width: 481px) and (max-width: 980px) 980px, (min-width: 981px) and (max-width: 1280px) 1280px, (min-width: 1281px) 2312px, 100vw\" \/><\/strong><\/h1>\n<h2><strong>Tek y\u00f6nl\u00fc toprak i\u015fleme silindiri, ekim s\u0131ras\u0131nda toprak sa\u011fl\u0131\u011f\u0131n\u0131 nas\u0131l iyile\u015ftirir?<\/strong><\/h2>\n<p>Tek y\u00f6nl\u00fc toprak i\u015fleme silindiri, \u00e7e\u015fitli temel mekanizmalar arac\u0131l\u0131\u011f\u0131yla ekim s\u0131ras\u0131nda toprak sa\u011fl\u0131\u011f\u0131n\u0131 iyile\u015ftirir:<\/p>\n<h4><strong>Toprak Bozulmas\u0131n\u0131n Azalt\u0131lmas\u0131<\/strong>:<\/h4>\n<p>\u00d6zel tasar\u0131m\u0131, toprak yap\u0131s\u0131ndaki bozulmay\u0131 en aza indirerek toprak katmanlar\u0131n\u0131n do\u011fal d\u00fczenini korur. Bu koruma, s\u0131k\u0131\u015fmay\u0131 \u00f6nleyerek k\u00f6klerin daha kolay n\u00fcfuz etmesini sa\u011flar. Bu katmanlar\u0131n b\u00fct\u00fcnl\u00fc\u011f\u00fcn\u00fc koruyarak, silindir, temel besin maddelerinin ve nemin toprak i\u00e7inde tutulmas\u0131n\u0131 sa\u011flar ve bitki b\u00fcy\u00fcmesi i\u00e7in daha elveri\u015fli bir ortam yarat\u0131r.<\/p>\n<h4><strong>Nem Tutma<\/strong>:<\/h4>\n<p>Tek y\u00f6nl\u00fc kaz\u0131y\u0131c\u0131 silindir, toprak bozulmas\u0131n\u0131 s\u0131n\u0131rlayarak tohum \u00e7imlenmesi ve erken bitki geli\u015fimi i\u00e7in hayati \u00f6nem ta\u015f\u0131yan nem seviyelerinin korunmas\u0131na yard\u0131mc\u0131 olur. Bu, \u00f6zellikle nem kayb\u0131n\u0131n mahsul geli\u015fimini engelleyebilece\u011fi kurak ko\u015fullarda \u00f6nemlidir. Nem seviyesini koruyabilme yetene\u011fi, yaln\u0131zca ilk b\u00fcy\u00fcmeyi desteklemekle kalmaz, ayn\u0131 zamanda bitkinin b\u00fcy\u00fcme mevsiminin ilerleyen d\u00f6nemlerinde kurakl\u0131k stresine kar\u015f\u0131 direncini de art\u0131r\u0131r.<\/p>\n<h4><strong>Geli\u015ftirilmi\u015f Mikrobiyal Aktivite<\/strong>:<\/h4>\n<p>Silindirin tasar\u0131m\u0131, topraktaki faydal\u0131 mikroorganizmalar\u0131n ya\u015fam alanlar\u0131na verilen zarar\u0131 en aza indirerek geli\u015fmelerine olanak tan\u0131r. Sa\u011fl\u0131kl\u0131 mikrobiyal pop\u00fclasyonlar, organik maddenin par\u00e7alanmas\u0131nda, besin d\u00f6ng\u00fcs\u00fcnde ve toprak verimlili\u011finin art\u0131r\u0131lmas\u0131nda hayati bir rol oynar. G\u00fc\u00e7l\u00fc bir mikrobiyal toplulu\u011fu te\u015fvik ederek, Tek Y\u00f6nl\u00fc \u00c7izici Silindir, daha g\u00fc\u00e7l\u00fc ve sa\u011fl\u0131kl\u0131 mahsul b\u00fcy\u00fcmesini destekleyen besin kullan\u0131labilirli\u011finin artmas\u0131na katk\u0131da bulunur.<\/p>\n<h4><strong>K\u00f6k geli\u015fimini destekler<\/strong>:<\/h4>\n<p>Tek y\u00f6nl\u00fc kaz\u0131y\u0131c\u0131 silindir, istikrarl\u0131 bir toprak ortam\u0131 olu\u015fturarak daha iyi k\u00f6k b\u00fcy\u00fcmesini ve geli\u015fimini te\u015fvik eder. Derin ve yayg\u0131n k\u00f6k sistemleri, bitki sa\u011fl\u0131\u011f\u0131 i\u00e7in kritik \u00f6neme sahip su ve besin maddelerine eri\u015fim i\u00e7in gereklidir. Geli\u015fmi\u015f k\u00f6k geli\u015fimi ayr\u0131ca bitkinin kurakl\u0131k veya besin eksikli\u011fi gibi \u00e7evresel streslere dayanma yetene\u011fini art\u0131rarak daha g\u00fc\u00e7l\u00fc \u00fcr\u00fcnler elde edilmesini sa\u011flar.<\/p>\n<h4><strong>Toprak Havaland\u0131rmas\u0131<\/strong>:<\/h4>\n<p>Silindirin hassas ayarlar\u0131, optimum tohum yerle\u015fimini kolayla\u015ft\u0131r\u0131r ve toprak havaland\u0131rmas\u0131n\u0131 iyile\u015ftirir. Yeterli havaland\u0131rma, k\u00f6k solunumu ve toprak ekosisteminin genel sa\u011fl\u0131\u011f\u0131 i\u00e7in \u00e7ok \u00f6nemlidir. Toprak i\u00e7indeki hava sirk\u00fclasyonunu iyile\u015ftirerek, Tek Y\u00f6nl\u00fc \u00c7izici Silindir sa\u011fl\u0131kl\u0131 k\u00f6k geli\u015fimini destekler ve faydal\u0131 toprak organizmalar\u0131n\u0131n aktivitesini art\u0131rarak geli\u015fen bir tar\u0131m ekosistemine daha da katk\u0131da bulunur.<\/p>\n<p>\u00d6zetle, Tek Y\u00f6nl\u00fc \u00c7izici Silindir, toprak bozulmas\u0131n\u0131 azaltarak, nemi koruyarak, mikrobiyal aktiviteyi te\u015fvik ederek, k\u00f6k geli\u015fimini destekleyerek ve toprak havaland\u0131rmas\u0131n\u0131 iyile\u015ftirerek ekim s\u0131ras\u0131nda toprak sa\u011fl\u0131\u011f\u0131n\u0131 geli\u015ftirmede hayati bir rol oynar. Bu birle\u015fik faydalar, daha sa\u011fl\u0131kl\u0131 topraklara, daha y\u00fcksek \u00fcr\u00fcn verimine ve s\u00fcrd\u00fcr\u00fclebilir tar\u0131m uygulamalar\u0131na yol a\u00e7ar.<\/p>\n<h2><strong>Test Ekipmanlar\u0131:<\/strong><\/h2>\n<p><strong><img loading=\"lazy\" decoding=\"async\" class=\"alignnone size-full wp-image-17293\" src=\"https:\/\/www.hydraulic-cylinders.net\/wp-content\/uploads\/2025\/03\/test-equipment.webp-2.webp\" alt=\"\" width=\"1932\" height=\"1741\" srcset=\"https:\/\/www.hydraulic-cylinders.net\/wp-content\/uploads\/2025\/03\/test-equipment.webp-2.webp 1932w, https:\/\/www.hydraulic-cylinders.net\/wp-content\/uploads\/2025\/03\/test-equipment.webp-2-1280x1153.webp 1280w, https:\/\/www.hydraulic-cylinders.net\/wp-content\/uploads\/2025\/03\/test-equipment.webp-2-980x883.webp 980w, https:\/\/www.hydraulic-cylinders.net\/wp-content\/uploads\/2025\/03\/test-equipment.webp-2-480x433.webp 480w\" sizes=\"(min-width: 0px) and (max-width: 480px) 480px, (min-width: 481px) and (max-width: 980px) 980px, (min-width: 981px) and (max-width: 1280px) 1280px, (min-width: 1281px) 1932px, 100vw\" \/><\/strong><\/p>\n<ul>\n<li>1: Tuz P\u00fcsk\u00fcrtme Test Odas\u0131<\/li>\n<li>2: Kimyasal Analiz<\/li>\n<li>3: \u00c7ekme Test Cihaz\u0131<\/li>\n<li>4: Rockwell Sertlik \u00d6l\u00e7er<\/li>\n<li>5: Temizlik Test Cihaz\u0131<\/li>\n<li>6: TH110 Geri Tepme Sertlik Test Cihaz\u0131<\/li>\n<li>7: Kaplama Kal\u0131nl\u0131\u011f\u0131 \u00d6l\u00e7er<\/li>\n<li>8: Sarka\u00e7 Darbe Testi<\/li>\n<\/ul>\n<p><img loading=\"lazy\" decoding=\"async\" class=\"alignnone size-full wp-image-17292\" src=\"https:\/\/www.hydraulic-cylinders.net\/wp-content\/uploads\/2025\/03\/test-equipment.webp-1.webp\" alt=\"\" width=\"1600\" height=\"1216\" srcset=\"https:\/\/www.hydraulic-cylinders.net\/wp-content\/uploads\/2025\/03\/test-equipment.webp-1.webp 1600w, https:\/\/www.hydraulic-cylinders.net\/wp-content\/uploads\/2025\/03\/test-equipment.webp-1-1280x973.webp 1280w, https:\/\/www.hydraulic-cylinders.net\/wp-content\/uploads\/2025\/03\/test-equipment.webp-1-980x745.webp 980w, https:\/\/www.hydraulic-cylinders.net\/wp-content\/uploads\/2025\/03\/test-equipment.webp-1-480x365.webp 480w\" sizes=\"(min-width: 0px) and (max-width: 480px) 480px, (min-width: 481px) and (max-width: 980px) 980px, (min-width: 981px) and (max-width: 1280px) 1280px, (min-width: 1281px) 1600px, 100vw\" \/><\/p>\n<p>\u015eirketimiz, kaliteyi ba\u015far\u0131m\u0131z\u0131n temeli olarak g\u00f6rmektedir. Bu taahh\u00fcd\u00fcm\u00fcz\u00fc yerine getirmek i\u00e7in, bilim ve teknoloji alan\u0131nda son derece yetenekli profesyonellerden olu\u015fan bir ekibin deste\u011fiyle, en son teknolojiye sahip yerli test ve laboratuvar ekipmanlar\u0131na yat\u0131r\u0131m yapt\u0131k.<\/p>\n<p>End\u00fcstri standartlar\u0131na uygun, titiz bir kalite y\u00f6netim sistemi uyguluyoruz ve \u00fcretti\u011fimiz her \u00fcr\u00fcn partisinin en y\u00fcksek kalite kriterlerini kar\u015f\u0131lamas\u0131n\u0131 sa\u011fl\u0131yoruz. Operasyonlar\u0131m\u0131z\u0131 standartla\u015ft\u0131rarak ve s\u00fcre\u00e7lerimizi s\u00fcrekli izleyerek, m\u00fc\u015fterilerimizin yaln\u0131zca en iyisini almas\u0131n\u0131 garanti ediyoruz.<\/p>\n<p>Kaliteye olan bu sars\u0131lmaz ba\u011fl\u0131l\u0131\u011f\u0131m\u0131z, \u00fcr\u00fcnlerimizin g\u00fcvenilirli\u011fini art\u0131rmakla kalmaz, ayn\u0131 zamanda m\u00fc\u015fterilerimiz aras\u0131nda g\u00fcven ve memnuniyet de olu\u015fturur. \u00dcretimimizin her a\u015famas\u0131nda m\u00fckemmelli\u011fe \u00f6ncelik vererek, ortaklar\u0131m\u0131z\u0131n ve sekt\u00f6r\u00fcn genel ba\u015far\u0131s\u0131na katk\u0131da bulundu\u011fumuza inan\u0131yoruz. Birlikte, zaman i\u00e7inde kal\u0131c\u0131 olacak yenilik ve kaliteyi hedefliyoruz.<\/p>\n<h2><strong>Hidrolik Silindir \u00dcretim Tesisi:<\/strong><\/h2>\n<p>\u015eirketimiz, kendi ba\u011f\u0131ms\u0131z ara\u015ft\u0131rma, geli\u015ftirme ve tasar\u0131m yetenekleriyle desteklenen, hidrolik silindirler konusunda uzmanla\u015fm\u0131\u015f lider bir \u00fcreticidir. 170'in \u00fczerinde genel tak\u0131m tezgah\u0131, CNC makineleri, i\u015fleme merkezleri, kaynak ekipmanlar\u0131 ve \u00f6zel test ve muayene aletlerini bar\u0131nd\u0131ran son teknolojiye sahip tesisimizle, \u00e7e\u015fitli end\u00fcstriyel talepleri kar\u015f\u0131lamak i\u00e7in iyi donan\u0131ml\u0131y\u0131z.<\/p>\n<p>Y\u0131llar i\u00e7inde biriktirdi\u011fimiz teknolojik uzmanl\u0131k ve s\u00fcre\u00e7 iyile\u015ftirmeleri sayesinde, Ar-Ge'yi \u00fcretimle sorunsuz bir \u015fekilde entegre eden olgun bir \u00fcretim s\u00fcreci olu\u015fturduk. Bu entegrasyon, temel rekabet avantaj\u0131m\u0131z haline gelmi\u015f olup, m\u00fc\u015fterilerimizin \u00f6zel gereksinimlerini kar\u015f\u0131layacak \u015fekilde \u00f6zelle\u015ftirilmi\u015f \u00e7ok \u00e7e\u015fitli hidrolik silindirler tasarlamam\u0131za ve \u00fcretmemize olanak tan\u0131maktad\u0131r.<\/p>\n<p>\u00dcr\u00fcnlerimiz tar\u0131m makineleri, in\u015faat ekipmanlar\u0131, ta\u015f\u0131tlar, yol m\u00fchendisli\u011fi ve \u00f6zel makineler de dahil olmak \u00fczere \u00e7e\u015fitli sekt\u00f6rlerde yayg\u0131n olarak kullan\u0131lmaktad\u0131r. Bonong Xingda, Bojin Hummer, Jilin Ruifeng, Debang Dawei, Shandong Yineng Heavy Industry, Tai'an Modern Heavy Industry ve Shifeng Group gibi bir\u00e7ok OEM'i gururla destekliyoruz.<\/p>\n<p><img loading=\"lazy\" decoding=\"async\" class=\"alignnone size-full wp-image-17290\" src=\"https:\/\/www.hydraulic-cylinders.net\/wp-content\/uploads\/2025\/03\/production-site-1.webp\" alt=\"\" width=\"1971\" height=\"2253\" srcset=\"https:\/\/www.hydraulic-cylinders.net\/wp-content\/uploads\/2025\/03\/production-site-1.webp 1971w, https:\/\/www.hydraulic-cylinders.net\/wp-content\/uploads\/2025\/03\/production-site-1-1280x1463.webp 1280w, https:\/\/www.hydraulic-cylinders.net\/wp-content\/uploads\/2025\/03\/production-site-1-980x1120.webp 980w, https:\/\/www.hydraulic-cylinders.net\/wp-content\/uploads\/2025\/03\/production-site-1-480x549.webp 480w\" sizes=\"(min-width: 0px) and (max-width: 480px) 480px, (min-width: 481px) and (max-width: 980px) 980px, (min-width: 981px) and (max-width: 1280px) 1280px, (min-width: 1281px) 1971px, 100vw\" \/><\/p>\n<p>Ara\u015ft\u0131rma ve geli\u015ftirme, y\u00f6netim, kalite kontrol ve m\u00fc\u015fteri hizmetlerinde s\u00fcrekli yenili\u011fi \u00f6nceliklendiren g\u00fc\u00e7l\u00fc bir kalite politikas\u0131 arac\u0131l\u0131\u011f\u0131yla ola\u011fan\u00fcst\u00fc hizmet sunmaya kendimizi adad\u0131k. Kaliteye olan ba\u011fl\u0131l\u0131\u011f\u0131m\u0131z, m\u00fc\u015fterilerimizin beklentilerini kar\u015f\u0131lamakla kalmay\u0131p s\u00fcrekli olarak a\u015fmam\u0131z\u0131 sa\u011flayan ISO\/TS16949 sertifikas\u0131yla da tescillenmi\u015ftir.<\/p>\n<p>Gelece\u011fe bakt\u0131\u011f\u0131m\u0131zda, teknolojimizi geli\u015ftirmeye ve yeteneklerimizi geni\u015fletmeye devam edece\u011fiz ve her zaman m\u00fc\u015fterilerimize en y\u00fcksek kalitede \u00fcr\u00fcn ve hizmetler sunmay\u0131 hedefleyece\u011fiz. Birlikte, hidrolik silindir sekt\u00f6r\u00fcnde m\u00fckemmellik miras\u0131 olu\u015fturuyoruz.<\/p>","protected":false},"excerpt":{"rendered":"<p>Unidirectional Scriber Cylinder For No Tillage Machines The Unidirectional Scriber Cylinder is an essential component specifically engineered for no-tillage machines. This innovative tool significantly improves soil preparation and planting processes, enabling farmers to create optimal planting conditions with greater efficiency. By minimizing soil disruption, the Unidirectional Scriber Cylinder plays a crucial role in preserving soil [&hellip;]<\/p>","protected":false},"featured_media":17311,"comment_status":"open","ping_status":"closed","template":"","meta":{"_et_pb_use_builder":"","_et_pb_old_content":"","_et_gb_content_width":""},"product_brand":[],"product_cat":[1530,1549,1376],"product_tag":[],"class_list":{"0":"post-17336","1":"product","2":"type-product","3":"status-publish","4":"has-post-thumbnail","6":"product_cat-no-tillage-machinery-hydraulic-cylinders","7":"product_cat-single-acting-hydraulic-cylinder","8":"product_cat-hydraulic-cylinder","10":"first","11":"instock","12":"shipping-taxable","13":"product-type-simple"},"amp_enabled":true,"_links":{"self":[{"href":"https:\/\/www.hydraulic-cylinders.net\/tr\/wp-json\/wp\/v2\/product\/17336","targetHints":{"allow":["GET"]}}],"collection":[{"href":"https:\/\/www.hydraulic-cylinders.net\/tr\/wp-json\/wp\/v2\/product"}],"about":[{"href":"https:\/\/www.hydraulic-cylinders.net\/tr\/wp-json\/wp\/v2\/types\/product"}],"replies":[{"embeddable":true,"href":"https:\/\/www.hydraulic-cylinders.net\/tr\/wp-json\/wp\/v2\/comments?post=17336"}],"wp:featuredmedia":[{"embeddable":true,"href":"https:\/\/www.hydraulic-cylinders.net\/tr\/wp-json\/wp\/v2\/media\/17311"}],"wp:attachment":[{"href":"https:\/\/www.hydraulic-cylinders.net\/tr\/wp-json\/wp\/v2\/media?parent=17336"}],"wp:term":[{"taxonomy":"product_brand","embeddable":true,"href":"https:\/\/www.hydraulic-cylinders.net\/tr\/wp-json\/wp\/v2\/product_brand?post=17336"},{"taxonomy":"product_cat","embeddable":true,"href":"https:\/\/www.hydraulic-cylinders.net\/tr\/wp-json\/wp\/v2\/product_cat?post=17336"},{"taxonomy":"product_tag","embeddable":true,"href":"https:\/\/www.hydraulic-cylinders.net\/tr\/wp-json\/wp\/v2\/product_tag?post=17336"}],"curies":[{"name":"wp","href":"https:\/\/api.w.org\/{rel}","templated":true}]}}