{"id":1739,"date":"2023-10-12T07:42:24","date_gmt":"2023-10-12T07:42:24","guid":{"rendered":"https:\/\/hydraulic-cylinders.net\/?post_type=product&#038;p=1739"},"modified":"2025-04-11T02:57:02","modified_gmt":"2025-04-11T02:57:02","slug":"injection-molding-machine-shooting-cylinder","status":"publish","type":"product","link":"https:\/\/www.hydraulic-cylinders.net\/tr\/urun\/injection-molding-machine-shooting-cylinder\/","title":{"rendered":"Enjeksiyon Kal\u0131plama Makinesi At\u0131\u015f Silindiri"},"content":{"rendered":"<h1 style=\"text-align: center;\"><strong>Enjeksiyon Kal\u0131plama Makinesi At\u0131\u015f Silindiri<\/strong><\/h1>\n<p><img loading=\"lazy\" decoding=\"async\" class=\"aligncenter wp-image-1740\" src=\"https:\/\/hydraulic-cylinders.net\/wp-content\/uploads\/2023\/10\/shooting-cylinder-1-300x300.webp\" alt=\"\" width=\"400\" height=\"400\" \/><\/p>\n<p>Enjeksiyon kal\u0131plama makinesi at\u0131\u015f silindiri, plastik enjeksiyon kal\u0131plama s\u00fcre\u00e7lerinde \u00f6nemli bir bile\u015fendir ve hassasiyeti, verimlili\u011fi ve g\u00fcvenilirli\u011fi art\u0131rmak \u00fczere tasarlanm\u0131\u015ft\u0131r. Bu \u00f6zel silindir, erimi\u015f plastik malzemenin istenen \u00fcr\u00fcnleri olu\u015fturmak i\u00e7in bir kal\u0131ba enjekte edildi\u011fi enjeksiyon a\u015famas\u0131nda hayati \u00f6nem ta\u015f\u0131r.<\/p>\n<p>Enjeksiyon kal\u0131plama makinesi at\u0131\u015f silindiri, plastik enjeksiyon kal\u0131plamada olmazsa olmazd\u0131r ve erimi\u015f plasti\u011fin kal\u0131plara hassas ve verimli bir \u015fekilde enjekte edilmesini sa\u011flar. Sa\u011flam yap\u0131s\u0131, hassas kontrol\u00fc, h\u0131zl\u0131 \u00e7al\u0131\u015fmas\u0131 ve y\u00fcksek enjeksiyon bas\u0131nc\u0131 \u00f6zellikleriyle bu silindir, plastik bile\u015fenlerin do\u011fru ve tekrarlanabilir kal\u0131planmas\u0131n\u0131 sa\u011flar. \u00dcreticiler, \u00f6nerilen kullan\u0131m y\u00f6ntemlerini ve bak\u0131m uygulamalar\u0131n\u0131 izleyerek enjeksiyon kal\u0131plama makinesi at\u0131\u015f silindirinin performans\u0131n\u0131 ve \u00f6mr\u00fcn\u00fc en \u00fcst d\u00fczeye \u00e7\u0131karabilir ve sonu\u00e7 olarak plastik enjeksiyon kal\u0131plama i\u015flemlerinin hassasiyetini, verimlili\u011fini ve kalitesini art\u0131rabilirler.<\/p>\n<p>Enjeksiyon Kal\u0131plama Makinesi At\u0131\u015f Silindirinin Temel \u00d6zellikleri:<\/p>\n<ol>\n<li>Sa\u011flam Yap\u0131:<\/li>\n<\/ol>\n<ul>\n<li>Enjeksiyon kal\u0131plama makinesi at\u0131\u015f silindiri, zorlu \u00fcretim ortamlar\u0131nda dayan\u0131kl\u0131l\u0131k ve uzun \u00f6m\u00fcr sa\u011flayan y\u00fcksek kaliteli malzemeler kullan\u0131larak sa\u011flam bir yap\u0131ya sahiptir.<\/li>\n<li>Uzun \u00fcretim d\u00f6ng\u00fcleri boyunca tutarl\u0131 performans\u0131n\u0131 koruyarak y\u00fcksek bas\u0131nca ve tekrarlanan hareketlere dayanabilir.<\/li>\n<\/ul>\n<ol start=\"2\">\n<li>Hassas Kontrol:<\/li>\n<\/ol>\n<ul>\n<li>Bu silindir, enjeksiyon s\u00fcreci \u00fczerinde hassas kontrol sa\u011flamak ve plastik bile\u015fenlerin do\u011fru ve tekrarlanabilir \u015fekilde kal\u0131planmas\u0131n\u0131 sa\u011flamak i\u00e7in tasarlanm\u0131\u015ft\u0131r.<\/li>\n<li>Enjeksiyon h\u0131z\u0131, bas\u0131nc\u0131 ve hacminin hassas bir \u015fekilde ayarlanmas\u0131n\u0131 sa\u011flayarak par\u00e7a kalitesini art\u0131r\u0131r ve israf\u0131 azalt\u0131r.<\/li>\n<\/ul>\n<ol start=\"3\">\n<li>H\u0131zl\u0131 ve Etkin Operasyon:<\/li>\n<\/ol>\n<ul>\n<li>Enjeksiyon kal\u0131plama makinesi at\u0131\u015f silindiri, h\u0131zl\u0131 enjeksiyon d\u00f6ng\u00fclerini kolayla\u015ft\u0131rarak \u00fcretim s\u00fcresini en aza indirir ve genel verimlili\u011fi art\u0131r\u0131r.<\/li>\n<li>Erimi\u015f plasti\u011fin kal\u0131p bo\u015flu\u011funa h\u0131zl\u0131 ve hassas bir \u015fekilde iletilmesini sa\u011flayarak enjeksiyon kal\u0131plama s\u00fcrecinin verimlili\u011fini art\u0131r\u0131r.<\/li>\n<\/ul>\n<ol start=\"4\">\n<li>Y\u00fcksek Enjeksiyon Bas\u0131nc\u0131:<\/li>\n<\/ol>\n<ul>\n<li>Bu silindir, karma\u015f\u0131k ve detayl\u0131 plastik par\u00e7alar\u0131n kal\u0131planmas\u0131 i\u00e7in gereken y\u00fcksek enjeksiyon bas\u0131n\u00e7lar\u0131na dayanacak ve bunlar\u0131 sa\u011flayacak \u015fekilde tasarlanm\u0131\u015ft\u0131r.<\/li>\n<li>Tutarl\u0131 ve homojen bas\u0131n\u00e7 uygulamas\u0131 sa\u011flayarak kal\u0131b\u0131n homojen dolmas\u0131n\u0131 ve optimum par\u00e7a kalitesini sa\u011flar.<\/li>\n<\/ul>\n<h2><strong>Enjeksiyon Kal\u0131plama Makinesi At\u0131\u015f Silindiri Parametresi:<\/strong><\/h2>\n<table border=\"1\" cellspacing=\"0\" cellpadding=\"0\">\n<tbody>\n<tr>\n<td>\u00dcr\u00fcn Ad\u0131<\/td>\n<td>Enjeksiyon Kal\u0131plama Makinesi At\u0131\u015f Silindiri<\/td>\n<\/tr>\n<tr>\n<td>\u00d6zellikler:<\/td>\n<td>At\u0131\u015f istasyonunu hareket ettirmek i\u00e7in s\u00fcr\u00fcn<\/td>\n<\/tr>\n<tr>\n<td>Delik \u00e7ap\u0131:<\/td>\n<td>63 mm\uff5e140 mm<\/td>\n<\/tr>\n<tr>\n<td>\u00c7ubuk \u00e7ap\u0131:<\/td>\n<td>36 mm\uff5e90 mm<br \/>\nStrok\u22641500mm<\/td>\n<\/tr>\n<tr>\n<td>\u0130tme kuvveti:<\/td>\n<td>Maksimum 384KN<br \/>\n(Delik \u00e7ap\u0131: 140mm\/bas\u0131n\u00e725MPa)<\/td>\n<\/tr>\n<tr>\n<td>Uygulamalar:<\/td>\n<td>Enjeksiyon Kal\u0131plama Makinesi<\/td>\n<\/tr>\n<\/tbody>\n<\/table>\n<div><\/div>\n<div>\n<div class=\"txtboxL\">\n<div class=\"txtboxL\">\n<div class=\"txtboxL\">\n<div class=\"txtboxL\">\u00d6zellikler:<\/div>\n<div class=\"txtboxR\">At\u0131\u015f istasyonunu hareket ettirmek i\u00e7in s\u00fcr\u00fcn<\/div>\n<div class=\"txtboxL\">\u00d6zellikler:<\/div>\n<div class=\"txtboxR\">Delik \u00e7ap\u0131: 63mm\uff5e140mm<br \/>\n\u00c7ubuk \u00e7ap\u0131: 36mm\uff5e90mm<br \/>\nStrok\u22641500mm<\/div>\n<div class=\"txtboxL\">\u0130tme kuvveti:<\/div>\n<div class=\"txtboxR\">Maksimum 384KN<br \/>\n(Delik \u00e7ap\u0131: 140mm\/bas\u0131n\u00e725MPa)<\/div>\n<\/div>\n<\/div>\n<\/div>\n<\/div>\n<h2><strong>\u00c7imento Ekipmanlar\u0131 <\/strong><strong>Silindir Fabrikas\u0131:<\/strong><\/h2>\n<p><img loading=\"lazy\" decoding=\"async\" class=\"alignnone wp-image-1734 size-full\" src=\"https:\/\/hydraulic-cylinders.net\/wp-content\/uploads\/2023\/10\/cement-equipment-cylinder-1.webp\" alt=\"\" width=\"1418\" height=\"946\" srcset=\"https:\/\/hydraulic-cylinders.net\/wp-content\/uploads\/2023\/10\/cement-equipment-cylinder-1.webp 1418w, https:\/\/hydraulic-cylinders.net\/wp-content\/uploads\/2023\/10\/cement-equipment-cylinder-1-1280x854.webp 1280w, https:\/\/hydraulic-cylinders.net\/wp-content\/uploads\/2023\/10\/cement-equipment-cylinder-1-980x654.webp 980w, https:\/\/hydraulic-cylinders.net\/wp-content\/uploads\/2023\/10\/cement-equipment-cylinder-1-480x320.webp 480w\" sizes=\"(min-width: 0px) and (max-width: 480px) 480px, (min-width: 481px) and (max-width: 980px) 980px, (min-width: 981px) and (max-width: 1280px) 1280px, (min-width: 1281px) 1418px, 100vw\" \/><\/p>\n<h2><strong>Enjeksiyon Kal\u0131plama Makinesi At\u0131\u015f Silindirinin Kullan\u0131m Y\u00f6ntemi<\/strong><strong>:<\/strong><\/h2>\n<ol>\n<li><strong>Kurulum:<\/strong><\/li>\n<\/ol>\n<ul>\n<li>Enjeksiyon kal\u0131plama makinesinin at\u0131\u015f silindirini enjeksiyon kal\u0131plama makinesine g\u00fcvenli bir \u015fekilde takmak i\u00e7in \u00fcreticinin talimatlar\u0131n\u0131 izleyin.<\/li>\n<li>Enjeksiyon i\u015flemi s\u0131ras\u0131nda d\u00fczg\u00fcn bir \u00e7al\u0131\u015fma sa\u011flamak i\u00e7in makinenin enjeksiyon \u00fcnitesine do\u011fru hizalama ve ba\u011flant\u0131 sa\u011flay\u0131n.<\/li>\n<\/ul>\n<ol start=\"2\">\n<li><strong>Enjeksiyon Parametrelerinin Ayarlanmas\u0131:<\/strong><\/li>\n<\/ol>\n<ul>\n<li>Enjeksiyon h\u0131z\u0131, bas\u0131nc\u0131 ve hacmi gibi enjeksiyon parametrelerini ayarlamak i\u00e7in makinenin kontrol panelini veya aray\u00fcz\u00fcn\u00fc kullan\u0131n.<\/li>\n<li>\u0130stenilen par\u00e7a \u00f6zelliklerine ve malzeme \u00f6zelliklerine g\u00f6re uygun parametreleri ayarlama konusunda \u00f6zel y\u00f6nergeler i\u00e7in makinenin kullan\u0131m k\u0131lavuzuna bak\u0131n.<\/li>\n<\/ul>\n<ol start=\"3\">\n<li><strong>Malzeme Haz\u0131rl\u0131\u011f\u0131:<\/strong><\/li>\n<\/ol>\n<ul>\n<li>Plastik malzemeyi \u00f6nceden \u0131s\u0131t\u0131n ve haz\u0131rlay\u0131n, erimi\u015f halde oldu\u011fundan ve enjeksiyona haz\u0131r oldu\u011fundan emin olun.<\/li>\n<li>Haz\u0131rlanan malzemeyi makinenin haznesine veya malzeme besleme sistemine y\u00fckleyin ve enjeksiyon i\u015flemi i\u00e7in tutarl\u0131 bir tedarik sa\u011flay\u0131n.<\/li>\n<\/ul>\n<ol start=\"4\">\n<li><strong>Kal\u0131p Haz\u0131rl\u0131\u011f\u0131:<\/strong><\/li>\n<\/ol>\n<ul>\n<li>Kal\u0131b\u0131 enjeksiyon kal\u0131plama makinesine yerle\u015ftirin, d\u00fczg\u00fcn hizalama ve s\u0131k\u0131\u015ft\u0131rmay\u0131 sa\u011flay\u0131n.<\/li>\n<li>Kal\u0131b\u0131 enjeksiyon kal\u0131plama makinesinin at\u0131\u015f silindirinin nozuluna ba\u011flay\u0131n, kal\u0131p bo\u015flu\u011funa hassas ve kontroll\u00fc enjeksiyon yap\u0131lmas\u0131n\u0131 sa\u011flay\u0131n.<\/li>\n<\/ul>\n<ol start=\"5\">\n<li><strong>Enjeksiyon \u0130\u015flemi:<\/strong><\/li>\n<\/ol>\n<ul>\n<li>Enjeksiyon kal\u0131plama makinesini \u00e7al\u0131\u015ft\u0131rarak enjeksiyon s\u00fcrecini ba\u015flat\u0131n.<\/li>\n<li>Enjeksiyon kal\u0131plama makinesinin at\u0131\u015f silindiri, erimi\u015f plasti\u011fi kal\u0131p bo\u015flu\u011funa h\u0131zla iletir ve kal\u0131b\u0131 hassas ve d\u00fczg\u00fcn bir \u015fekilde doldurur.<\/li>\n<li>Enjeksiyondan sonra, kal\u0131b\u0131 a\u00e7madan \u00f6nce plasti\u011fin so\u011fumas\u0131 ve kat\u0131la\u015fmas\u0131 i\u00e7in yeterli zaman tan\u0131y\u0131n.<\/li>\n<\/ul>\n<h2><strong>Hidrolik Silindir Nas\u0131l S\u00f6k\u00fcl\u00fcr?<\/strong><\/h2>\n<p>Bir hidrolik silindirin s\u00f6k\u00fclmesi, bile\u015fenlerin b\u00fct\u00fcnl\u00fc\u011f\u00fcn\u00fc ve g\u00fcvenli bir \u015fekilde yeniden montaj\u0131n\u0131 sa\u011flamak i\u00e7in dikkatli ve sistematik bir s\u00f6kme i\u015flemi gerektirir. \u0130\u015fte bir hidrolik silindirin nas\u0131l s\u00f6k\u00fclece\u011fine dair genel bir ad\u0131m ad\u0131m k\u0131lavuz:<\/p>\n<ol>\n<li><strong>G\u00fcvenlik \u00d6nlemleri:<\/strong>\n<ul>\n<li>S\u00f6kme i\u015flemine ba\u015flamadan \u00f6nce, hidrolik sistemin bas\u0131nc\u0131n\u0131n d\u00fc\u015f\u00fcr\u00fcld\u00fc\u011f\u00fcnden ve kapat\u0131ld\u0131\u011f\u0131ndan emin olun. Bu, istenmeyen hareketlerin veya s\u0131v\u0131 s\u0131z\u0131nt\u0131lar\u0131n\u0131n \u00f6n\u00fcne ge\u00e7ecektir.<\/li>\n<li>Kendinizi tehlikelerden korumak i\u00e7in eldiven ve koruyucu g\u00f6zl\u00fck gibi uygun ki\u015fisel koruyucu ekipman kullan\u0131n.<\/li>\n<\/ul>\n<\/li>\n<li><strong>Tan\u0131mlay\u0131n ve Belgeleyin:<\/strong>\n<ul>\n<li>S\u00f6kmeden \u00f6nce silindirin y\u00f6n\u00fcn\u00fc, montaj detaylar\u0131n\u0131 ve di\u011fer ilgili bilgileri not edin. Bu, daha sonra yeniden montaj i\u015flemini kolayla\u015ft\u0131racakt\u0131r.<\/li>\n<\/ul>\n<\/li>\n<li><strong>Silindiri Sabitleyin:<\/strong>\n<ul>\n<li>S\u00f6kme i\u015flemi s\u0131ras\u0131nda silindiri sabit bir pozisyonda sabitlemek i\u00e7in uygun bir \u00e7al\u0131\u015fma tezgah\u0131 veya mengene kullan\u0131n.<\/li>\n<\/ul>\n<\/li>\n<li><strong>Harici Bile\u015fenleri Kald\u0131r\u0131n:<\/strong>\n<ul>\n<li>\u00d6ncelikle silindire ba\u011fl\u0131 montaj braketleri, \u00e7atal pimleri veya tutma halkalar\u0131 gibi harici bile\u015fenleri \u00e7\u0131kar\u0131n.<\/li>\n<\/ul>\n<\/li>\n<li><strong>Hidrolik S\u0131v\u0131s\u0131n\u0131 Bo\u015falt\u0131n:<\/strong>\n<ul>\n<li>Silindirin alt\u0131na, d\u0131\u015far\u0131 akabilecek hidrolik s\u0131v\u0131s\u0131n\u0131 toplamak i\u00e7in uygun bir kap yerle\u015ftirin.<\/li>\n<li>Hidrolik s\u0131v\u0131 haznesi tapas\u0131n\u0131 veya ba\u011flant\u0131 par\u00e7as\u0131n\u0131 gev\u015feterek s\u0131v\u0131n\u0131n tamamen bo\u015falmas\u0131n\u0131 sa\u011flay\u0131n.<\/li>\n<\/ul>\n<\/li>\n<li><strong>Silindir U\u00e7 Kapaklar\u0131n\u0131 \u00c7\u0131kar\u0131n:<\/strong>\n<ul>\n<li>Silindir \u00fczerindeki u\u00e7 kapaklar\u0131 bulun. Bunlar genellikle silindir g\u00f6vdesine c\u0131vata veya vida ile tutturulur.<\/li>\n<li>Anahtar veya soket tak\u0131m\u0131 gibi uygun aletleri kullanarak u\u00e7 kapaklar\u0131n\u0131 dikkatlice \u00e7\u0131kar\u0131n.<\/li>\n<li>Her u\u00e7 kapa\u011f\u0131 \u00e7\u0131kard\u0131\u011f\u0131n\u0131zda, herhangi bir kal\u0131nt\u0131 hidrolik s\u0131v\u0131s\u0131na veya bas\u0131n\u00e7 kayb\u0131na kar\u015f\u0131 haz\u0131rl\u0131kl\u0131 olun.<\/li>\n<\/ul>\n<\/li>\n<li><strong>Pistonu \u00c7\u0131kar\u0131n:<\/strong>\n<ul>\n<li>U\u00e7 kapaklar\u0131 \u00e7\u0131kar\u0131ld\u0131ktan sonra pistona art\u0131k eri\u015filebilir olmal\u0131d\u0131r.<\/li>\n<li>Piston \u00e7ubu\u011funun bir ucuna hafif\u00e7e bast\u0131rarak pistonun silindir g\u00f6vdesinden d\u0131\u015far\u0131 kaymas\u0131n\u0131 sa\u011flay\u0131n.<\/li>\n<li>Pistonu silindir g\u00f6vdesinden yava\u015f\u00e7a ve e\u015fit bir \u015fekilde \u00e7\u0131kar\u0131n, bu esnada i\u00e7 par\u00e7alara veya contalara zarar vermemeye dikkat edin.<\/li>\n<\/ul>\n<\/li>\n<li><strong>Denetleyin ve Temizleyin:<\/strong>\n<ul>\n<li>S\u00f6k\u00fclen t\u00fcm par\u00e7alar\u0131 a\u015f\u0131nma, hasar veya kirlenme belirtileri a\u00e7\u0131s\u0131ndan iyice inceleyin.<\/li>\n<li>Her bir bile\u015feni uygun bir temizleme solventi ve tiftiksiz bir bez kullanarak temizleyerek kir, kal\u0131nt\u0131 veya hidrolik s\u0131v\u0131 kal\u0131nt\u0131lar\u0131n\u0131 giderin.<\/li>\n<\/ul>\n<\/li>\n<li><strong>Contalar\u0131 ve O-Ringleri De\u011fi\u015ftirin:<\/strong>\n<ul>\n<li>Herhangi bir conta veya O-ringde a\u015f\u0131nma veya hasar belirtileri varsa, uygun s\u0131zd\u0131rmazl\u0131\u011f\u0131 sa\u011flamak ve gelecekte s\u0131z\u0131nt\u0131lar\u0131 \u00f6nlemek i\u00e7in bunlar\u0131 yenileriyle de\u011fi\u015ftirmeniz \u00f6nerilir.<\/li>\n<\/ul>\n<\/li>\n<li><strong>Yeniden montaj:<\/strong><\/li>\n<\/ol>\n<ul>\n<li>Hidrolik silindiri tekrar monte etmek i\u00e7in s\u00f6kme ad\u0131mlar\u0131n\u0131n tersini izleyin.<\/li>\n<li>Yeniden montajdan \u00f6nce t\u00fcm contalar\u0131 ve O-ringleri hidrolik s\u0131v\u0131 veya uyumlu bir ya\u011flay\u0131c\u0131yla ya\u011flay\u0131n.<\/li>\n<li>T\u00fcm bile\u015fenlerin \u00fcretici spesifikasyonlar\u0131na g\u00f6re d\u00fczg\u00fcn \u015fekilde hizaland\u0131\u011f\u0131ndan ve s\u0131k\u0131ld\u0131\u011f\u0131ndan emin olun.<\/li>\n<\/ul>\n<h2><strong>Fabrikan\u0131n Kapasitesi ve Kapasitesi:<\/strong><\/h2>\n<h3>(1) Meclis<\/h3>\n<p>Birinci s\u0131n\u0131f ba\u011f\u0131ms\u0131z bir ara\u015ft\u0131rma ve geli\u015ftirme montaj platformumuz bulunmaktad\u0131r. Hidrolik silindir \u00fcretim at\u00f6lyemizde, y\u0131ll\u0131k 1 milyon adet \u00fcretim kapasitesine sahip d\u00f6rt adet yar\u0131 otomatik kald\u0131rma silindiri montaj hatt\u0131 ve bir adet otomatik devirme silindiri montaj hatt\u0131 bulunmaktad\u0131r. \u00d6zel silindir at\u00f6lyemiz, y\u0131ll\u0131k 200.000 adet \u00fcretim kapasitesine sahip \u00e7e\u015fitli \u00f6zelliklerde yar\u0131 otomatik temizleme montaj sistemiyle donat\u0131lm\u0131\u015ft\u0131r. Ayr\u0131ca, \u00fcnl\u00fc CNC i\u015fleme ekipmanlar\u0131, bir i\u015fleme merkezi, y\u00fcksek hassasiyetli silindir i\u015fleme \u00f6zel ekipmanlar\u0131, bir robot kaynak makinesi, bir otomatik temizleme makinesi, otomatik silindir montaj makinesi ve otomatik boyama \u00fcretim hatt\u0131 ile donat\u0131lm\u0131\u015ft\u0131r. 300'den fazla setten olu\u015fan kritik ekipmanlar mevcuttur. Ekipman kaynaklar\u0131n\u0131n optimum da\u011f\u0131l\u0131m\u0131 ve verimli kullan\u0131m\u0131, \u00fcr\u00fcnlerin hassasiyet gereksinimlerini kar\u015f\u0131lar ve \u00fcr\u00fcnlerin y\u00fcksek kalite ihtiya\u00e7lar\u0131n\u0131 kar\u015f\u0131lar.<\/p>\n<p><img loading=\"lazy\" decoding=\"async\" class=\"alignnone wp-image-626\" src=\"https:\/\/hydraulic-cylinders.net\/wp-content\/uploads\/2023\/08\/hydraulic-cylinder-product-1-300x158.webp\" alt=\"\" width=\"495\" height=\"260\" srcset=\"https:\/\/hydraulic-cylinders.net\/wp-content\/uploads\/2023\/08\/hydraulic-cylinder-product-1-300x158.webp 495w, https:\/\/hydraulic-cylinders.net\/wp-content\/uploads\/2023\/08\/hydraulic-cylinder-product-1-480x252.webp 480w\" sizes=\"(min-width: 0px) and (max-width: 480px) 480px, (min-width: 481px) 495px, 100vw\" \/> <img loading=\"lazy\" decoding=\"async\" class=\"alignnone wp-image-627\" src=\"https:\/\/hydraulic-cylinders.net\/wp-content\/uploads\/2023\/08\/hydraulic-cylinder-product-2-300x189.webp\" alt=\"\" width=\"413\" height=\"260\" \/><\/p>\n<h3>(2) \u0130\u015fleme<\/h3>\n<p>\u0130\u015fleme at\u00f6lyesi, maksimum 400 mm i\u00e7 \u00e7apa ve maksimum 6 metre uzunlu\u011fa sahip silindir borular\u0131n\u0131n i\u015flenmesini ger\u00e7ekle\u015ftirebilen \u00f6zel e\u011fimli ray torna merkezi, i\u015fleme merkezi, y\u00fcksek h\u0131zl\u0131 honlama makinesi, kaynak robotu ve di\u011fer ilgili ekipmanlarla donat\u0131lm\u0131\u015ft\u0131r.<\/p>\n<p><img loading=\"lazy\" decoding=\"async\" class=\"alignnone wp-image-628 size-large\" src=\"https:\/\/hydraulic-cylinders.net\/wp-content\/uploads\/2023\/08\/hydraulic-cylinder-product-3-1024x391.webp\" alt=\"\" width=\"1024\" height=\"391\" srcset=\"https:\/\/hydraulic-cylinders.net\/wp-content\/uploads\/2023\/08\/hydraulic-cylinder-product-3-980x374.webp 980w, https:\/\/hydraulic-cylinders.net\/wp-content\/uploads\/2023\/08\/hydraulic-cylinder-product-3-480x183.webp 480w\" sizes=\"(min-width: 0px) and (max-width: 480px) 480px, (min-width: 481px) and (max-width: 980px) 980px, (min-width: 981px) 1024px, 100vw\" \/><\/p>\n<h3>(3) Kaynak<\/h3>\n<p><img loading=\"lazy\" decoding=\"async\" class=\"alignnone wp-image-629 size-large\" src=\"https:\/\/hydraulic-cylinders.net\/wp-content\/uploads\/2023\/08\/hydraulic-cylinder-product-4-1024x510.webp\" alt=\"\" width=\"1024\" height=\"510\" srcset=\"https:\/\/hydraulic-cylinders.net\/wp-content\/uploads\/2023\/08\/hydraulic-cylinder-product-4-980x488.webp 980w, https:\/\/hydraulic-cylinders.net\/wp-content\/uploads\/2023\/08\/hydraulic-cylinder-product-4-480x239.webp 480w\" sizes=\"(min-width: 0px) and (max-width: 480px) 480px, (min-width: 481px) and (max-width: 980px) 980px, (min-width: 981px) 1024px, 100vw\" \/><\/p>\n<h3>(4) Boyama ve kaplama<\/h3>\n<p>K\u00fc\u00e7\u00fck ve orta \u00f6l\u00e7ekli silindirli otomatik su bazl\u0131 boya kaplama hatlar\u0131nda, otomatik robot y\u00fckleme-bo\u015faltma ve otomatik p\u00fcsk\u00fcrtmeyi ger\u00e7ekle\u015ftirmek i\u00e7in, vardiya ba\u015f\u0131na 4000 adet tasar\u0131m kapasitesi;<br \/>\nAyr\u0131ca, vardiya ba\u015f\u0131na 60 kasa kapasiteli, g\u00fc\u00e7 zinciriyle \u00e7al\u0131\u015fan b\u00fcy\u00fck silindirler i\u00e7in yar\u0131 otomatik boya \u00fcretim hatt\u0131m\u0131z da bulunmaktad\u0131r.<\/p>\n<p><img loading=\"lazy\" decoding=\"async\" class=\"alignnone wp-image-630\" src=\"https:\/\/hydraulic-cylinders.net\/wp-content\/uploads\/2023\/08\/hydraulic-cylinder-product-5-300x213.webp\" alt=\"\" width=\"366\" height=\"260\" \/> <img loading=\"lazy\" decoding=\"async\" class=\"alignnone wp-image-631\" src=\"https:\/\/hydraulic-cylinders.net\/wp-content\/uploads\/2023\/08\/hydraulic-cylinder-product-6-300x225.webp\" alt=\"\" width=\"347\" height=\"260\" \/><\/p>\n<h3>(5) Test etme<\/h3>\n<p>Silindirin performans\u0131n\u0131n gereklilikleri kar\u015f\u0131lad\u0131\u011f\u0131ndan emin olmak i\u00e7in birinci s\u0131n\u0131f muayene tesislerimiz ve test yataklar\u0131m\u0131z bulunmaktad\u0131r.<\/p>\n<p><img loading=\"lazy\" decoding=\"async\" class=\"alignnone wp-image-632\" src=\"https:\/\/hydraulic-cylinders.net\/wp-content\/uploads\/2023\/08\/hydraulic-cylinder-product-8-300x200.webp\" alt=\"\" width=\"389\" height=\"260\" \/><\/p>\n<p>&nbsp;<\/p>\n<p>&nbsp;<\/p>\n<p>En iyi hidrolik silindir \u00fcreticilerinden biriyiz. Kapsaml\u0131 hidrolik silindirler sunabiliyoruz. Ayr\u0131ca, ilgili hidrolik silindirleri de sa\u011fl\u0131yoruz. <a href=\"https:\/\/hzpt.com\/agricultural-pto-gearbox\/\" target=\"_blank\" rel=\"noopener\">tar\u0131msal di\u015fli kutular\u0131<\/a>\u00dcr\u00fcnlerimizi d\u00fcnya \u00e7ap\u0131ndaki m\u00fc\u015fterilerimize ihra\u00e7 ettik ve \u00fcst\u00fcn \u00fcr\u00fcn kalitemiz ve sat\u0131\u015f sonras\u0131 hizmetlerimiz sayesinde iyi bir itibar kazand\u0131k. Yurt i\u00e7i ve yurt d\u0131\u015f\u0131ndaki m\u00fc\u015fterilerimizi i\u015f g\u00f6r\u00fc\u015fmeleri yapmak, bilgi al\u0131\u015fveri\u015finde bulunmak ve <a href=\"https:\/\/www.hydraulic-cylinders.net\/tr\/contact-us\/\">bizimle i\u015fbirli\u011fi yap\u0131n<\/a>!<\/p>","protected":false},"excerpt":{"rendered":"<p>Injection Molding Machine Shooting Cylinder The injection molding machine shooting cylinder is a crucial component in plastic injection molding processes and is designed to enhance precision, efficiency, and reliability. This specialized cylinder is pivotal in the injection phase, where molten plastic material is injected into a mold to form desired products. The injection molding machine [&hellip;]<\/p>","protected":false},"featured_media":1741,"comment_status":"open","ping_status":"closed","template":"","meta":{"_et_pb_use_builder":"","_et_pb_old_content":"","_et_gb_content_width":""},"product_brand":[],"product_cat":[1523,1549,1376],"product_tag":[1380],"class_list":{"0":"post-1739","1":"product","2":"type-product","3":"status-publish","4":"has-post-thumbnail","6":"product_cat-injection-molding-hydraulic-cylinders","7":"product_cat-single-acting-hydraulic-cylinder","8":"product_cat-hydraulic-cylinder","9":"product_tag-hydraulic-cylinder","11":"first","12":"instock","13":"shipping-taxable","14":"product-type-simple"},"amp_enabled":true,"_links":{"self":[{"href":"https:\/\/www.hydraulic-cylinders.net\/tr\/wp-json\/wp\/v2\/product\/1739","targetHints":{"allow":["GET"]}}],"collection":[{"href":"https:\/\/www.hydraulic-cylinders.net\/tr\/wp-json\/wp\/v2\/product"}],"about":[{"href":"https:\/\/www.hydraulic-cylinders.net\/tr\/wp-json\/wp\/v2\/types\/product"}],"replies":[{"embeddable":true,"href":"https:\/\/www.hydraulic-cylinders.net\/tr\/wp-json\/wp\/v2\/comments?post=1739"}],"wp:featuredmedia":[{"embeddable":true,"href":"https:\/\/www.hydraulic-cylinders.net\/tr\/wp-json\/wp\/v2\/media\/1741"}],"wp:attachment":[{"href":"https:\/\/www.hydraulic-cylinders.net\/tr\/wp-json\/wp\/v2\/media?parent=1739"}],"wp:term":[{"taxonomy":"product_brand","embeddable":true,"href":"https:\/\/www.hydraulic-cylinders.net\/tr\/wp-json\/wp\/v2\/product_brand?post=1739"},{"taxonomy":"product_cat","embeddable":true,"href":"https:\/\/www.hydraulic-cylinders.net\/tr\/wp-json\/wp\/v2\/product_cat?post=1739"},{"taxonomy":"product_tag","embeddable":true,"href":"https:\/\/www.hydraulic-cylinders.net\/tr\/wp-json\/wp\/v2\/product_tag?post=1739"}],"curies":[{"name":"wp","href":"https:\/\/api.w.org\/{rel}","templated":true}]}}