{"id":1742,"date":"2023-10-12T07:55:54","date_gmt":"2023-10-12T07:55:54","guid":{"rendered":"https:\/\/hydraulic-cylinders.net\/?post_type=product&#038;p=1742"},"modified":"2025-04-11T02:56:56","modified_gmt":"2025-04-11T02:56:56","slug":"injection-molding-machine-ejection-cylinder","status":"publish","type":"product","link":"https:\/\/www.hydraulic-cylinders.net\/tr\/urun\/injection-molding-machine-ejection-cylinder\/","title":{"rendered":"Enjeksiyon Kal\u0131plama Makinesi F\u0131rlatma Silindiri"},"content":{"rendered":"<h1 style=\"text-align: center;\"><strong>Enjeksiyon Kal\u0131plama Makinesi F\u0131rlatma Silindiri<\/strong><\/h1>\n<p><img loading=\"lazy\" decoding=\"async\" class=\"wp-image-1744 aligncenter\" src=\"https:\/\/hydraulic-cylinders.net\/wp-content\/uploads\/2023\/10\/ejection-cylinder-1-300x300.webp\" alt=\"\" width=\"400\" height=\"400\" \/><\/p>\n<p>Enjeksiyon kal\u0131plama makinesinin f\u0131rlatma silindiri, plastik enjeksiyon kal\u0131plama i\u015fleminde hayati bir bile\u015fendir ve kal\u0131planm\u0131\u015f par\u00e7alar\u0131n kal\u0131p bo\u015flu\u011fundan \u00e7\u0131kar\u0131lmas\u0131n\u0131 kolayla\u015ft\u0131rarak verimlili\u011fi ve hassasiyeti art\u0131rmak i\u00e7in tasarlanm\u0131\u015ft\u0131r. Bu \u00f6zel silindir, enjeksiyon kal\u0131plama d\u00f6ng\u00fcs\u00fcn\u00fcn son a\u015famas\u0131nda \u00e7ok \u00f6nemli bir rol oynayarak, kal\u0131planm\u0131\u015f par\u00e7alar\u0131n kal\u0131ptan sorunsuz ve verimli bir \u015fekilde \u00e7\u0131kar\u0131lmas\u0131n\u0131 sa\u011flar.<\/p>\n<p>Enjeksiyon kal\u0131plama makinesinin f\u0131rlatma silindiri, plastik enjeksiyon kal\u0131plamada kal\u0131planm\u0131\u015f par\u00e7alar\u0131n kal\u0131p bo\u015flu\u011fundan verimli ve hassas bir \u015fekilde f\u0131rlat\u0131lmas\u0131n\u0131 sa\u011flayan \u00f6nemli bir bile\u015fendir. Bu silindir, sa\u011flam yap\u0131s\u0131, hassas f\u0131rlatma kontrol\u00fc, h\u0131zl\u0131 \u00e7al\u0131\u015fmas\u0131 ve ayarlanabilir strok uzunlu\u011fu ile g\u00fcvenilir ve optimize edilmi\u015f f\u0131rlatma s\u00fcre\u00e7leri sa\u011flar. \u00dcreticiler, \u00f6nerilen kullan\u0131m y\u00f6ntemlerini ve bak\u0131m uygulamalar\u0131n\u0131 takip ederek enjeksiyon kal\u0131plama makinesi f\u0131rlatma silindirinin performans\u0131n\u0131 ve \u00f6mr\u00fcn\u00fc en \u00fcst d\u00fczeye \u00e7\u0131karabilir, sonu\u00e7 olarak plastik enjeksiyon kal\u0131plama i\u015flemlerinin verimlili\u011fini, hassasiyetini ve genel kalitesini iyile\u015ftirebilirler.<\/p>\n<p>Enjeksiyon Kal\u0131plama Makinesi \u00c7\u0131karma Silindirinin Ba\u015fl\u0131ca \u00d6zellikleri:<\/p>\n<ol>\n<li>Sa\u011flam Yap\u0131:<\/li>\n<\/ol>\n<ul>\n<li>Enjeksiyon kal\u0131plama makinesinin f\u0131rlatma silindiri, zorlu \u00fcretim ortamlar\u0131nda bile dayan\u0131kl\u0131l\u0131k ve uzun \u00f6m\u00fcr sa\u011flayan y\u00fcksek kaliteli malzemelerden \u00fcretilmi\u015ftir.<\/li>\n<li>Y\u00fcksek f\u0131rlatma kuvvetlerine ve tekrarlayan hareketlere dayanacak \u015fekilde tasarlanm\u0131\u015ft\u0131r ve uzun s\u00fcreli kullan\u0131mda tutarl\u0131 performans sa\u011flar.<\/li>\n<\/ul>\n<ol start=\"2\">\n<li>Hassas F\u0131rlatma Kontrol\u00fc:<\/li>\n<\/ol>\n<ul>\n<li>Bu silindir, kal\u0131planm\u0131\u015f par\u00e7alar\u0131n do\u011fru ve tekrarlanabilir \u015fekilde \u00e7\u0131kar\u0131lmas\u0131n\u0131 sa\u011flayarak, \u00e7\u0131karma i\u015flemi \u00fczerinde hassas kontrol imkan\u0131 sunar.<\/li>\n<li>Bu \u00f6zellik, f\u0131rlatma h\u0131z\u0131, kuvveti ve strok uzunlu\u011funun \u00f6zelle\u015ftirilmesine olanak tan\u0131yarak, hasara neden olmadan optimum par\u00e7a \u00e7\u0131kar\u0131lmas\u0131n\u0131 sa\u011flar.<\/li>\n<\/ul>\n<ol start=\"3\">\n<li>H\u0131zl\u0131 ve Etkin Operasyon:<\/li>\n<\/ol>\n<ul>\n<li>Enjeksiyon kal\u0131plama makinesinin f\u0131rlatma silindiri, h\u0131zl\u0131 f\u0131rlatma d\u00f6ng\u00fclerini kolayla\u015ft\u0131rarak \u00fcretim s\u00fcresini en aza indirir ve genel verimlili\u011fi art\u0131r\u0131r.<\/li>\n<li>Bu sistem, kal\u0131planm\u0131\u015f par\u00e7alar\u0131n h\u0131zl\u0131 ve g\u00fcvenilir bir \u015fekilde \u00e7\u0131kar\u0131lmas\u0131n\u0131 sa\u011flayarak ar\u0131za s\u00fcrelerini azalt\u0131r ve kal\u0131p d\u00f6ng\u00fcs\u00fcn\u00fc h\u0131zland\u0131r\u0131r.<\/li>\n<\/ul>\n<ol start=\"4\">\n<li>Ayarlanabilir Vuru\u015f Uzunlu\u011fu:<\/li>\n<\/ol>\n<ul>\n<li>Bu silindir, kal\u0131p tasar\u0131mlar\u0131na ve par\u00e7a boyutlar\u0131na uyum sa\u011flamak i\u00e7in ayarlanabilir strok uzunlu\u011fu sunar.<\/li>\n<li>Bu, par\u00e7alar\u0131n kal\u0131ptan uygun mesafe ve bo\u015flukla \u00e7\u0131kar\u0131lmas\u0131n\u0131 sa\u011flayarak, \u00e7\u0131karma i\u015fleminde esneklik sa\u011flar.<\/li>\n<\/ul>\n<h2><strong>Enjeksiyon Kal\u0131plama Makinesi \u00c7\u0131karma Silindiri Parametreleri:<\/strong><\/h2>\n<table border=\"1\" cellspacing=\"0\" cellpadding=\"0\">\n<tbody>\n<tr>\n<td>\u00dcr\u00fcn Ad\u0131<\/td>\n<td>Enjeksiyon Kal\u0131plama Makinesi F\u0131rlatma Silindiri<\/td>\n<\/tr>\n<tr>\n<td>\u00d6zellikler:<\/td>\n<td>Kal\u0131pta olu\u015fan \u00fcr\u00fcn\u00fc d\u0131\u015far\u0131 \u00e7\u0131kar\u0131n.<\/td>\n<\/tr>\n<tr>\n<td>Delik \u00e7ap\u0131:<\/td>\n<td>\u00a090 mm\uff5e220 mm<\/td>\n<\/tr>\n<tr>\n<td>\u00c7ubuk \u00e7ap\u0131:<\/td>\n<td>50 mm\uff5e140 mm<br \/>\nStrok\u2264600mm<\/td>\n<\/tr>\n<tr>\n<td>\u0130tme kuvveti:<\/td>\n<td>Maksimum 760 kN<br \/>\n(\u0130\u00e7 \u00e7ap: 220 mm \/ bas\u0131n\u00e7: 10 MPa)<\/td>\n<\/tr>\n<tr>\n<td>Uygulamalar:<\/td>\n<td>Enjeksiyon Kal\u0131plama Makinesi<\/td>\n<\/tr>\n<\/tbody>\n<\/table>\n<div><\/div>\n<div>\n<div class=\"txtboxL\">\n<div class=\"txtboxL\">\n<div class=\"txtboxL\">\n<div class=\"txtboxL\">\n<div class=\"txtboxL\">\u00d6zellikler:<\/div>\n<div class=\"txtboxR\">Kal\u0131pta olu\u015fan \u00fcr\u00fcn\u00fc d\u0131\u015far\u0131 \u00e7\u0131kar\u0131n.<\/div>\n<div class=\"txtboxL\">\u00d6zellikler:<\/div>\n<div class=\"txtboxR\">Delik \u00e7ap\u0131: 90 mm - 220 mm<br \/>\n\u00c7ubuk \u00e7ap\u0131: 50 mm - 140 mm<br \/>\nStrok\u2264600mm<\/div>\n<div class=\"txtboxL\">\u0130tme kuvveti:<\/div>\n<div class=\"txtboxR\">Maksimum 760 kN<br \/>\n(\u0130\u00e7 \u00e7ap: 220 mm \/ bas\u0131n\u00e7: 10 MPa)<\/div>\n<\/div>\n<\/div>\n<\/div>\n<\/div>\n<\/div>\n<h2><strong>\u00c7imento Ekipmanlar\u0131 <\/strong><strong>Silindir Fabrikas\u0131:<\/strong><\/h2>\n<p><img loading=\"lazy\" decoding=\"async\" class=\"alignnone wp-image-1734 size-full\" src=\"https:\/\/hydraulic-cylinders.net\/wp-content\/uploads\/2023\/10\/cement-equipment-cylinder-1.webp\" alt=\"\" width=\"1418\" height=\"946\" srcset=\"https:\/\/hydraulic-cylinders.net\/wp-content\/uploads\/2023\/10\/cement-equipment-cylinder-1.webp 1418w, https:\/\/hydraulic-cylinders.net\/wp-content\/uploads\/2023\/10\/cement-equipment-cylinder-1-1280x854.webp 1280w, https:\/\/hydraulic-cylinders.net\/wp-content\/uploads\/2023\/10\/cement-equipment-cylinder-1-980x654.webp 980w, https:\/\/hydraulic-cylinders.net\/wp-content\/uploads\/2023\/10\/cement-equipment-cylinder-1-480x320.webp 480w\" sizes=\"(min-width: 0px) and (max-width: 480px) 480px, (min-width: 481px) and (max-width: 980px) 980px, (min-width: 981px) and (max-width: 1280px) 1280px, (min-width: 1281px) 1418px, 100vw\" \/><\/p>\n<h2><strong>Enjeksiyon Kal\u0131plama Makinesi F\u0131rlatma Silindirinin Kullan\u0131m Y\u00f6ntemi<\/strong><strong>:<\/strong><\/h2>\n<ol>\n<li><strong>Kurulum:<\/strong><\/li>\n<\/ol>\n<ul>\n<li>Enjeksiyon kal\u0131plama makinesinin ejeksiyon silindirini enjeksiyon kal\u0131plama makinesine g\u00fcvenli bir \u015fekilde takmak i\u00e7in \u00fcreticinin talimatlar\u0131n\u0131 izleyin.<\/li>\n<li>F\u0131rlatma \u00fcnitesine do\u011fru hizalama ve ba\u011flant\u0131 sa\u011flanarak f\u0131rlatma i\u015flemi s\u0131ras\u0131nda sorunsuz \u00e7al\u0131\u015fma elde edilir.<\/li>\n<\/ul>\n<ol start=\"2\">\n<li><strong>F\u0131rlatma Parametrelerinin Ayarlanmas\u0131:<\/strong><\/li>\n<\/ol>\n<ul>\n<li>Makinenin kontrol panelini veya aray\u00fcz\u00fcn\u00fc kullanarak h\u0131z, kuvvet ve strok uzunlu\u011fu gibi p\u00fcsk\u00fcrtme parametrelerini ayarlay\u0131n.<\/li>\n<li>Par\u00e7a \u00f6zelliklerine ve kal\u0131p gereksinimlerine ba\u011fl\u0131 olarak uygun parametrelerin ayarlanmas\u0131na ili\u015fkin \u00f6zel y\u00f6nergeler i\u00e7in makinenin kullan\u0131m k\u0131lavuzuna bak\u0131n.<\/li>\n<\/ul>\n<ol start=\"3\">\n<li><strong>Kal\u0131p Haz\u0131rl\u0131\u011f\u0131:<\/strong><\/li>\n<\/ol>\n<ul>\n<li>Kal\u0131b\u0131 enjeksiyon kal\u0131plama makinesine yerle\u015ftirin, d\u00fczg\u00fcn hizalama ve s\u0131k\u0131\u015ft\u0131rmay\u0131 sa\u011flay\u0131n.<\/li>\n<li>\u00c7\u0131karma pimleri veya \u00e7\u0131karma plakalar\u0131 gibi \u00e7\u0131karma bile\u015fenlerini kal\u0131ba takarak g\u00fcvenli ve g\u00fcvenilir bir \u00e7\u0131karma i\u015flemi sa\u011flay\u0131n.<\/li>\n<\/ul>\n<ol start=\"4\">\n<li><strong>F\u0131rlatma S\u00fcreci:<\/strong><\/li>\n<\/ol>\n<ul>\n<li>Enjeksiyon kal\u0131plama makinesini \u00e7al\u0131\u015ft\u0131rarak f\u0131rlatma i\u015flemini ba\u015flat\u0131n.<\/li>\n<li>Enjeksiyon kal\u0131plama makinesinin f\u0131rlatma silindiri, f\u0131rlatma bile\u015fenlerini h\u0131zla uzatarak kal\u0131planm\u0131\u015f par\u00e7alar\u0131 kal\u0131p bo\u015flu\u011fundan d\u0131\u015far\u0131 iter.<\/li>\n<li>Par\u00e7alar\u0131n istenen bo\u015flukla ve herhangi bir hasara yol a\u00e7madan d\u0131\u015far\u0131 at\u0131lmas\u0131n\u0131 sa\u011flamak i\u00e7in f\u0131rlatma strok uzunlu\u011funun ayarland\u0131\u011f\u0131ndan emin olun.<\/li>\n<\/ul>\n<h2><strong>Hidrolik Silindir Nas\u0131l \u00c7al\u0131\u015f\u0131r?<\/strong><\/h2>\n<p>Hidrolik silindir, hidrolik s\u0131v\u0131 kullanarak kuvvet \u00fcreten ve do\u011frusal hareketi kolayla\u015ft\u0131ran mekanik bir cihazd\u0131r. Kapal\u0131 bir s\u0131v\u0131dan bas\u0131n\u00e7 ileterek mekanik \u00e7\u0131kt\u0131 \u00fcretir. \u0130\u015fte hidrolik silindirin nas\u0131l \u00e7al\u0131\u015ft\u0131\u011f\u0131na dair basitle\u015ftirilmi\u015f bir a\u00e7\u0131klama:<\/p>\n<ol>\n<li><strong>Temel Bile\u015fenler:<\/strong>\n<ul>\n<li>Silindir G\u00f6vdesi: Hidrolik silindirin ana g\u00f6vdesi, pistonu ve di\u011fer i\u00e7 bile\u015fenleri bar\u0131nd\u0131r\u0131r.<\/li>\n<li>Piston: Silindir g\u00f6vdesini iki b\u00f6lmeye ay\u0131ran silindirik bir par\u00e7a.<\/li>\n<li>Piston kolu: Pistona ba\u011fl\u0131d\u0131r, silindir g\u00f6vdesinin d\u0131\u015f\u0131na uzan\u0131r ve \u00fcretilen kuvveti iletir.<\/li>\n<li>Contalar, piston ile silindir g\u00f6vdesi aras\u0131nda hidrolik s\u0131v\u0131n\u0131n s\u0131zmas\u0131n\u0131 \u00f6nleyerek verimli \u00e7al\u0131\u015fmay\u0131 sa\u011flar.<\/li>\n<\/ul>\n<\/li>\n<li><strong>Hidrolik Sistem:<\/strong>\n<ul>\n<li>Hidrolik sistem bir pompa, kontrol vanalar\u0131, hidrolik s\u0131v\u0131 (genellikle ya\u011f) ve ba\u011flant\u0131 borular\u0131ndan olu\u015fur.<\/li>\n<li>Hidrolik pompa s\u0131v\u0131y\u0131 bas\u0131n\u00e7land\u0131rarak, kuvvet \u00fcretmek i\u00e7in kullan\u0131labilecek hidrolik enerji olu\u015fturur.<\/li>\n<\/ul>\n<\/li>\n<li><strong>\u0130ki Meclis:<\/strong>\n<ul>\n<li>Hidrolik silindirin iki haznesi vard\u0131r: piston kolu taraf\u0131 (veya bas\u0131n\u00e7 taraf\u0131) ve kar\u015f\u0131 taraf (veya geri d\u00f6n\u00fc\u015f taraf\u0131).<\/li>\n<li>\u00c7ubuk taraf\u0131 hidrolik pompaya, kar\u015f\u0131 taraf\u0131 ise bir depoya veya geri d\u00f6n\u00fc\u015f hatt\u0131na ba\u011flan\u0131r.<\/li>\n<\/ul>\n<\/li>\n<li><strong>\u0130\u015flem:<\/strong>\n<ul>\n<li>Hidrolik s\u0131v\u0131, pistonun yan haznesine pompaland\u0131\u011f\u0131nda, pistona bas\u0131n\u00e7 uygulayarak d\u0131\u015far\u0131 do\u011fru hareket etmesine neden olur.<\/li>\n<li>Piston hareket ettik\u00e7e \u00e7ubu\u011fu iter ve do\u011frusal bir kuvvet olu\u015fturur.<\/li>\n<li>Ayn\u0131 anda, kar\u015f\u0131 taraftaki hazneden gelen hidrolik s\u0131v\u0131, depoya veya geri d\u00f6n\u00fc\u015f hatt\u0131na geri d\u00f6ner.<\/li>\n<\/ul>\n<\/li>\n<li><strong>Y\u00f6n Kontrol\u00fc:<\/strong>\n<ul>\n<li>Hidrolik silindirin hareket y\u00f6n\u00fc, y\u00f6n kontrol valfleri kullan\u0131larak kontrol edilir.<\/li>\n<li>Bu vanalar, hidrolik s\u0131v\u0131n\u0131n ilgili hazneye ak\u0131\u015f\u0131n\u0131 d\u00fczenleyerek piston hareketinin y\u00f6n\u00fcn\u00fc belirler.<\/li>\n<\/ul>\n<\/li>\n<li><strong>Kuvvet ve H\u0131z Kontrol\u00fc:<\/strong>\n<ul>\n<li>Hidrolik silindirin \u00fcretti\u011fi kuvvet, hidrolik bas\u0131nca ve pistonun etkili alan\u0131na ba\u011fl\u0131d\u0131r.<\/li>\n<li>Hidrolik bas\u0131nc\u0131 ayarlayarak, kuvvet \u00e7\u0131k\u0131\u015f\u0131 kontrol edilebilir.<\/li>\n<li>Silindirin hareket h\u0131z\u0131, silindire giren veya \u00e7\u0131kan hidrolik s\u0131v\u0131n\u0131n ak\u0131\u015f h\u0131z\u0131n\u0131n ayarlanmas\u0131yla d\u00fczenlenebilir.<\/li>\n<\/ul>\n<\/li>\n<li><strong>Uygulamalar:<\/strong>\n<ul>\n<li>Hidrolik silindirler, in\u015faat ekipmanlar\u0131, malzeme ta\u015f\u0131ma makineleri, \u00fcretim sistemleri ve ara\u00e7lar gibi do\u011frusal kuvvet ve hareket gerektiren \u00e7e\u015fitli uygulamalarda kullan\u0131l\u0131r.<\/li>\n<li>Bunlar genellikle kald\u0131rma, itme, \u00e7ekme, b\u00fckme ve konumland\u0131rma uygulamalar\u0131nda kullan\u0131l\u0131r.<\/li>\n<\/ul>\n<\/li>\n<\/ol>\n<h2><strong>Fabrikan\u0131n Kapasitesi ve Kapasitesi:<\/strong><\/h2>\n<h3>(1) Meclis<\/h3>\n<p>Birinci s\u0131n\u0131f ba\u011f\u0131ms\u0131z bir ara\u015ft\u0131rma ve geli\u015ftirme montaj platformumuz bulunmaktad\u0131r. Hidrolik silindir \u00fcretim at\u00f6lyemizde, y\u0131ll\u0131k 1 milyon adet \u00fcretim kapasitesine sahip d\u00f6rt adet yar\u0131 otomatik kald\u0131rma silindiri montaj hatt\u0131 ve bir adet otomatik devirme silindiri montaj hatt\u0131 bulunmaktad\u0131r. \u00d6zel silindir at\u00f6lyemiz, y\u0131ll\u0131k 200.000 adet \u00fcretim kapasitesine sahip \u00e7e\u015fitli \u00f6zelliklerde yar\u0131 otomatik temizleme montaj sistemiyle donat\u0131lm\u0131\u015ft\u0131r. Ayr\u0131ca, \u00fcnl\u00fc CNC i\u015fleme ekipmanlar\u0131, bir i\u015fleme merkezi, y\u00fcksek hassasiyetli silindir i\u015fleme \u00f6zel ekipmanlar\u0131, bir robot kaynak makinesi, bir otomatik temizleme makinesi, otomatik silindir montaj makinesi ve otomatik boyama \u00fcretim hatt\u0131 ile donat\u0131lm\u0131\u015ft\u0131r. 300'den fazla setten olu\u015fan kritik ekipmanlar mevcuttur. Ekipman kaynaklar\u0131n\u0131n optimum da\u011f\u0131l\u0131m\u0131 ve verimli kullan\u0131m\u0131, \u00fcr\u00fcnlerin hassasiyet gereksinimlerini kar\u015f\u0131lar ve \u00fcr\u00fcnlerin y\u00fcksek kalite ihtiya\u00e7lar\u0131n\u0131 kar\u015f\u0131lar.<\/p>\n<p><img loading=\"lazy\" decoding=\"async\" class=\"alignnone wp-image-626\" src=\"https:\/\/hydraulic-cylinders.net\/wp-content\/uploads\/2023\/08\/hydraulic-cylinder-product-1-300x158.webp\" alt=\"\" width=\"495\" height=\"260\" srcset=\"https:\/\/hydraulic-cylinders.net\/wp-content\/uploads\/2023\/08\/hydraulic-cylinder-product-1-300x158.webp 495w, https:\/\/hydraulic-cylinders.net\/wp-content\/uploads\/2023\/08\/hydraulic-cylinder-product-1-480x252.webp 480w\" sizes=\"(min-width: 0px) and (max-width: 480px) 480px, (min-width: 481px) 495px, 100vw\" \/> <img loading=\"lazy\" decoding=\"async\" class=\"alignnone wp-image-627\" src=\"https:\/\/hydraulic-cylinders.net\/wp-content\/uploads\/2023\/08\/hydraulic-cylinder-product-2-300x189.webp\" alt=\"\" width=\"413\" height=\"260\" \/><\/p>\n<h3>(2) \u0130\u015fleme<\/h3>\n<p>\u0130\u015fleme at\u00f6lyesi, maksimum 400 mm i\u00e7 \u00e7apa ve maksimum 6 metre uzunlu\u011fa sahip silindir borular\u0131n\u0131n i\u015flenmesini ger\u00e7ekle\u015ftirebilen \u00f6zel e\u011fimli ray torna merkezi, i\u015fleme merkezi, y\u00fcksek h\u0131zl\u0131 honlama makinesi, kaynak robotu ve di\u011fer ilgili ekipmanlarla donat\u0131lm\u0131\u015ft\u0131r.<\/p>\n<p><img loading=\"lazy\" decoding=\"async\" class=\"alignnone wp-image-628 size-large\" src=\"https:\/\/hydraulic-cylinders.net\/wp-content\/uploads\/2023\/08\/hydraulic-cylinder-product-3-1024x391.webp\" alt=\"\" width=\"1024\" height=\"391\" srcset=\"https:\/\/hydraulic-cylinders.net\/wp-content\/uploads\/2023\/08\/hydraulic-cylinder-product-3-980x374.webp 980w, https:\/\/hydraulic-cylinders.net\/wp-content\/uploads\/2023\/08\/hydraulic-cylinder-product-3-480x183.webp 480w\" sizes=\"(min-width: 0px) and (max-width: 480px) 480px, (min-width: 481px) and (max-width: 980px) 980px, (min-width: 981px) 1024px, 100vw\" \/><\/p>\n<h3>(3) Kaynak<\/h3>\n<p><img loading=\"lazy\" decoding=\"async\" class=\"alignnone wp-image-629 size-large\" src=\"https:\/\/hydraulic-cylinders.net\/wp-content\/uploads\/2023\/08\/hydraulic-cylinder-product-4-1024x510.webp\" alt=\"\" width=\"1024\" height=\"510\" srcset=\"https:\/\/hydraulic-cylinders.net\/wp-content\/uploads\/2023\/08\/hydraulic-cylinder-product-4-980x488.webp 980w, https:\/\/hydraulic-cylinders.net\/wp-content\/uploads\/2023\/08\/hydraulic-cylinder-product-4-480x239.webp 480w\" sizes=\"(min-width: 0px) and (max-width: 480px) 480px, (min-width: 481px) and (max-width: 980px) 980px, (min-width: 981px) 1024px, 100vw\" \/><\/p>\n<h3>(4) Boyama ve kaplama<\/h3>\n<p>K\u00fc\u00e7\u00fck ve orta \u00f6l\u00e7ekli silindirli otomatik su bazl\u0131 boya kaplama hatlar\u0131nda, otomatik robot y\u00fckleme-bo\u015faltma ve otomatik p\u00fcsk\u00fcrtmeyi ger\u00e7ekle\u015ftirmek i\u00e7in, vardiya ba\u015f\u0131na 4000 adet tasar\u0131m kapasitesi;<br \/>\nAyr\u0131ca, vardiya ba\u015f\u0131na 60 kasa kapasiteli, g\u00fc\u00e7 zinciriyle \u00e7al\u0131\u015fan b\u00fcy\u00fck silindirler i\u00e7in yar\u0131 otomatik boya \u00fcretim hatt\u0131m\u0131z da bulunmaktad\u0131r.<\/p>\n<p><img loading=\"lazy\" decoding=\"async\" class=\"alignnone wp-image-630\" src=\"https:\/\/hydraulic-cylinders.net\/wp-content\/uploads\/2023\/08\/hydraulic-cylinder-product-5-300x213.webp\" alt=\"\" width=\"366\" height=\"260\" \/> <img loading=\"lazy\" decoding=\"async\" class=\"alignnone wp-image-631\" src=\"https:\/\/hydraulic-cylinders.net\/wp-content\/uploads\/2023\/08\/hydraulic-cylinder-product-6-300x225.webp\" alt=\"\" width=\"347\" height=\"260\" \/><\/p>\n<h3>(5) Test etme<\/h3>\n<p>Silindirin performans\u0131n\u0131n gereklilikleri kar\u015f\u0131lad\u0131\u011f\u0131ndan emin olmak i\u00e7in birinci s\u0131n\u0131f muayene tesislerimiz ve test yataklar\u0131m\u0131z bulunmaktad\u0131r.<\/p>\n<p><img loading=\"lazy\" decoding=\"async\" class=\"alignnone wp-image-632\" src=\"https:\/\/hydraulic-cylinders.net\/wp-content\/uploads\/2023\/08\/hydraulic-cylinder-product-8-300x200.webp\" alt=\"\" width=\"389\" height=\"260\" \/><\/p>\n<p>&nbsp;<\/p>\n<p>&nbsp;<\/p>\n<p>En iyi hidrolik silindir \u00fcreticilerinden biriyiz. Kapsaml\u0131 hidrolik silindirler sunabiliyoruz. Ayr\u0131ca, ilgili hidrolik silindirleri de sa\u011fl\u0131yoruz. <a href=\"https:\/\/hzpt.com\/agricultural-pto-gearbox\/\" target=\"_blank\" rel=\"noopener\">tar\u0131msal di\u015fli kutular\u0131<\/a>\u00dcr\u00fcnlerimizi d\u00fcnya \u00e7ap\u0131ndaki m\u00fc\u015fterilerimize ihra\u00e7 ettik ve \u00fcst\u00fcn \u00fcr\u00fcn kalitemiz ve sat\u0131\u015f sonras\u0131 hizmetlerimiz sayesinde iyi bir itibar kazand\u0131k. Yurt i\u00e7i ve yurt d\u0131\u015f\u0131ndaki m\u00fc\u015fterilerimizi i\u015f g\u00f6r\u00fc\u015fmeleri yapmak, bilgi al\u0131\u015fveri\u015finde bulunmak ve <a href=\"https:\/\/www.hydraulic-cylinders.net\/tr\/contact-us\/\">bizimle i\u015fbirli\u011fi yap\u0131n<\/a>!<\/p>","protected":false},"excerpt":{"rendered":"<p>Injection Molding Machine Ejection Cylinder The injection molding machine ejection cylinder is a vital component in the plastic injection molding process, designed to improve efficiency and precision by facilitating the ejection of molded parts from the mold cavity. This specialized cylinder plays a crucial role in the final stage of the injection molding cycle, ensuring [&hellip;]<\/p>","protected":false},"featured_media":1745,"comment_status":"open","ping_status":"closed","template":"","meta":{"_et_pb_use_builder":"","_et_pb_old_content":"","_et_gb_content_width":""},"product_brand":[],"product_cat":[1523,1549,1376],"product_tag":[1380],"class_list":{"0":"post-1742","1":"product","2":"type-product","3":"status-publish","4":"has-post-thumbnail","6":"product_cat-injection-molding-hydraulic-cylinders","7":"product_cat-single-acting-hydraulic-cylinder","8":"product_cat-hydraulic-cylinder","9":"product_tag-hydraulic-cylinder","11":"first","12":"instock","13":"shipping-taxable","14":"product-type-simple"},"amp_enabled":true,"_links":{"self":[{"href":"https:\/\/www.hydraulic-cylinders.net\/tr\/wp-json\/wp\/v2\/product\/1742","targetHints":{"allow":["GET"]}}],"collection":[{"href":"https:\/\/www.hydraulic-cylinders.net\/tr\/wp-json\/wp\/v2\/product"}],"about":[{"href":"https:\/\/www.hydraulic-cylinders.net\/tr\/wp-json\/wp\/v2\/types\/product"}],"replies":[{"embeddable":true,"href":"https:\/\/www.hydraulic-cylinders.net\/tr\/wp-json\/wp\/v2\/comments?post=1742"}],"wp:featuredmedia":[{"embeddable":true,"href":"https:\/\/www.hydraulic-cylinders.net\/tr\/wp-json\/wp\/v2\/media\/1745"}],"wp:attachment":[{"href":"https:\/\/www.hydraulic-cylinders.net\/tr\/wp-json\/wp\/v2\/media?parent=1742"}],"wp:term":[{"taxonomy":"product_brand","embeddable":true,"href":"https:\/\/www.hydraulic-cylinders.net\/tr\/wp-json\/wp\/v2\/product_brand?post=1742"},{"taxonomy":"product_cat","embeddable":true,"href":"https:\/\/www.hydraulic-cylinders.net\/tr\/wp-json\/wp\/v2\/product_cat?post=1742"},{"taxonomy":"product_tag","embeddable":true,"href":"https:\/\/www.hydraulic-cylinders.net\/tr\/wp-json\/wp\/v2\/product_tag?post=1742"}],"curies":[{"name":"wp","href":"https:\/\/api.w.org\/{rel}","templated":true}]}}