{"id":1749,"date":"2023-10-12T08:32:32","date_gmt":"2023-10-12T08:32:32","guid":{"rendered":"https:\/\/hydraulic-cylinders.net\/?post_type=product&#038;p=1749"},"modified":"2025-04-11T03:49:34","modified_gmt":"2025-04-11T03:49:34","slug":"injection-molding-machine-reciprocating-cylinder","status":"publish","type":"product","link":"https:\/\/www.hydraulic-cylinders.net\/tr\/urun\/injection-molding-machine-reciprocating-cylinder\/","title":{"rendered":"Enjeksiyon Kal\u0131plama Makinesi Pistonlu Silindir"},"content":{"rendered":"<h1 style=\"text-align: center;\"><strong>Enjeksiyon Kal\u0131plama Makinesi Pistonlu Silindir<\/strong><\/h1>\n<p><img loading=\"lazy\" decoding=\"async\" class=\"aligncenter wp-image-1750\" src=\"https:\/\/hydraulic-cylinders.net\/wp-content\/uploads\/2023\/10\/reciprocating-cylinder-1-300x300.webp\" alt=\"\" width=\"400\" height=\"400\" \/><\/p>\n<p>Enjeksiyon kal\u0131plama makinesinin pistonlu silindiri, plastik enjeksiyon kal\u0131plama i\u015fleminde \u00e7ok \u00f6nemli bir bile\u015fendir. Bu \u00f6zel silindir, enjeksiyon \u00fcnitesinin ileri geri hareketini kolayla\u015ft\u0131rmak i\u00e7in tasarlanm\u0131\u015ft\u0131r ve bu da hassas ve verimli \u00fcretim i\u00e7in hayati \u00f6nem ta\u015f\u0131r.<\/p>\n<p>Enjeksiyon kal\u0131plama makinesinin pistonlu silindiri, enjeksiyon \u00fcnitesinin hassas ve verimli pistonlu hareketini sa\u011flayan, plastik enjeksiyon kal\u0131plamada kritik bir bile\u015fendir. Bu silindir, sa\u011flam yap\u0131s\u0131, \u00f6zel pistonlu hareketi, h\u0131zl\u0131 \u00e7al\u0131\u015fmas\u0131 ve ayarlanabilir strok uzunlu\u011fu ve kuvveti ile enjeksiyon \u00fcnitesinin g\u00fcvenilir ve optimize edilmi\u015f hareketlerini sa\u011flar. \u00dcreticiler, \u00f6nerilen kullan\u0131m y\u00f6ntemlerini ve bak\u0131m uygulamalar\u0131n\u0131 takip ederek, enjeksiyon kal\u0131plama makinesinin pistonlu silindirinin performans\u0131n\u0131 ve \u00f6mr\u00fcn\u00fc en \u00fcst d\u00fczeye \u00e7\u0131karabilir ve sonu\u00e7 olarak plastik enjeksiyon kal\u0131plama i\u015flemlerinin hassasiyetini, verimlili\u011fini ve genel kalitesini iyile\u015ftirebilirler.<\/p>\n<p>Enjeksiyon Kal\u0131plama Makinesi Pistonlu Silindirinin Ba\u015fl\u0131ca \u00d6zellikleri:<\/p>\n<ol>\n<li>Sa\u011flam Yap\u0131:<\/li>\n<\/ol>\n<ul>\n<li>Enjeksiyon kal\u0131plama makinesinin pistonlu silindiri, zorlu \u00fcretim ortamlar\u0131nda bile dayan\u0131kl\u0131l\u0131k ve uzun \u00f6m\u00fcr sa\u011flayan y\u00fcksek kaliteli malzemelerden \u00fcretilmi\u015ftir.<\/li>\n<li>Y\u00fcksek kuvvetlere ve tekrarlayan hareketlere dayanacak \u015fekilde tasarlanm\u0131\u015ft\u0131r ve uzun s\u00fcreli kullan\u0131mda tutarl\u0131 performans sa\u011flar.<\/li>\n<\/ul>\n<ol start=\"2\">\n<li>Hassas Kar\u015f\u0131l\u0131kl\u0131 Hareket:<\/li>\n<\/ol>\n<ul>\n<li>Bu silindir, enjeksiyon \u00fcnitesinin ileri geri hareketini hassas bir \u015fekilde kontrol ederek do\u011fru konumland\u0131rma ve hizalama sa\u011flar.<\/li>\n<li>Bu \u00f6zellik, ileri geri hareket h\u0131z\u0131n\u0131n \u00f6zelle\u015ftirilmesine olanak tan\u0131yarak \u00fcretim d\u00f6ng\u00fclerinin optimize edilmesini ve par\u00e7a kusurlar\u0131n\u0131n en aza indirilmesini sa\u011flar.<\/li>\n<\/ul>\n<ol start=\"3\">\n<li>H\u0131zl\u0131 ve Etkin Operasyon:<\/li>\n<\/ol>\n<ul>\n<li>Enjeksiyon kal\u0131plama makinesinin pistonlu silindiri, h\u0131zl\u0131 pistonlu hareketleri kolayla\u015ft\u0131rarak \u00fcretim s\u00fcresini k\u0131salt\u0131r ve genel verimlili\u011fi art\u0131r\u0131r.<\/li>\n<li>Bu, enjeksiyon \u00fcnitesinin h\u0131zl\u0131 ve g\u00fcvenilir hareketini sa\u011flayarak daha h\u0131zl\u0131 enjeksiyon d\u00f6ng\u00fclerine olanak tan\u0131r ve \u00fcretim verimlili\u011fini en \u00fcst d\u00fczeye \u00e7\u0131kar\u0131r.<\/li>\n<\/ul>\n<ol start=\"4\">\n<li>Ayarlanabilir Vuru\u015f Uzunlu\u011fu ve Kuvveti:<\/li>\n<\/ol>\n<ul>\n<li>Bu silindir, farkl\u0131 enjekt\u00f6r \u00fcnitesi boyutlar\u0131na ve par\u00e7a gereksinimlerine uyum sa\u011flamak i\u00e7in ayarlanabilir strok uzunlu\u011fu ve kuvveti sunar.<\/li>\n<li>Enjeksiyon \u00fcnitesinin \u00e7al\u0131\u015fmas\u0131nda esneklik sa\u011flayarak, hasara neden olmadan optimum plastikle\u015ftirme ve enjeksiyonu garanti eder.<\/li>\n<\/ul>\n<h2><strong>Enjeksiyon Kal\u0131plama Makinesi Pistonlu Silindir Parametreleri:<\/strong><\/h2>\n<table border=\"1\" cellspacing=\"0\" cellpadding=\"0\">\n<tbody>\n<tr>\n<td>\u00dcr\u00fcn Ad\u0131<\/td>\n<td>Enjeksiyon Kal\u0131plama Makinesi Pistonlu Silindir<\/td>\n<\/tr>\n<tr>\n<td>\u00d6zellikler:<\/td>\n<td>H\u0131zl\u0131 kal\u0131p de\u011fi\u015ftirme, di\u011fer ad\u0131yla kal\u0131p de\u011fi\u015ftirme silindiri<\/td>\n<\/tr>\n<tr>\n<td>Delik \u00e7ap\u0131:<\/td>\n<td>\u00a063 mm\uff5e180 mm<\/td>\n<\/tr>\n<tr>\n<td>\u00c7ubuk \u00e7ap\u0131:<\/td>\n<td>\u00a045 mm\uff5e125 mm<br \/>\nStrok\u22644000mm<\/td>\n<\/tr>\n<tr>\n<td>\u0130tme kuvveti:<\/td>\n<td>Maksimum 407 KN<br \/>\n(\u0130\u00e7 \u00e7ap: 180 mm \/ bas\u0131n\u00e7: 16 MPa)<\/td>\n<\/tr>\n<tr>\n<td>Uygulamalar:<\/td>\n<td>Enjeksiyon Kal\u0131plama Makinesi<\/td>\n<\/tr>\n<\/tbody>\n<\/table>\n<div><\/div>\n<div>\n<div class=\"txtboxL\">\n<div class=\"txtboxL\">\n<div class=\"txtboxL\">\n<div class=\"txtboxL\">\n<div class=\"txtboxL\">\n<div class=\"txtboxL\">\n<div class=\"txtboxL\">\u00d6zellikler:<\/div>\n<div class=\"txtboxR\">H\u0131zl\u0131 kal\u0131p de\u011fi\u015ftirme, di\u011fer ad\u0131yla kal\u0131p de\u011fi\u015ftirme silindiri<\/div>\n<div class=\"txtboxL\">\u00d6zellikler:<\/div>\n<div class=\"txtboxR\">Delik \u00e7ap\u0131: 63 mm - 180 mm<br \/>\n\u00c7ubuk \u00e7ap\u0131: 45 mm - 125 mm<br \/>\nStrok\u22644000mm<\/div>\n<div class=\"txtboxL\">\u0130tme kuvveti:<\/div>\n<div class=\"txtboxR\">Maksimum 407 KN<br \/>\n(\u0130\u00e7 \u00e7ap: 180 mm \/ bas\u0131n\u00e7: 16 MPa)<\/div>\n<\/div>\n<\/div>\n<\/div>\n<\/div>\n<\/div>\n<\/div>\n<\/div>\n<h2><strong>\u00c7imento Ekipmanlar\u0131 <\/strong><strong>Silindir Fabrikas\u0131:<\/strong><\/h2>\n<p><img loading=\"lazy\" decoding=\"async\" class=\"alignnone wp-image-1734 size-full\" src=\"https:\/\/hydraulic-cylinders.net\/wp-content\/uploads\/2023\/10\/cement-equipment-cylinder-1.webp\" alt=\"\" width=\"1418\" height=\"946\" srcset=\"https:\/\/hydraulic-cylinders.net\/wp-content\/uploads\/2023\/10\/cement-equipment-cylinder-1.webp 1418w, https:\/\/hydraulic-cylinders.net\/wp-content\/uploads\/2023\/10\/cement-equipment-cylinder-1-1280x854.webp 1280w, https:\/\/hydraulic-cylinders.net\/wp-content\/uploads\/2023\/10\/cement-equipment-cylinder-1-980x654.webp 980w, https:\/\/hydraulic-cylinders.net\/wp-content\/uploads\/2023\/10\/cement-equipment-cylinder-1-480x320.webp 480w\" sizes=\"(min-width: 0px) and (max-width: 480px) 480px, (min-width: 481px) and (max-width: 980px) 980px, (min-width: 981px) and (max-width: 1280px) 1280px, (min-width: 1281px) 1418px, 100vw\" \/><\/p>\n<h2><strong>Enjeksiyon Kal\u0131plama Makinesi Pistonlu Silindirinin Kullan\u0131m Y\u00f6ntemi<\/strong><strong>:<\/strong><\/h2>\n<ol>\n<li><strong>Kurulum:<\/strong><\/li>\n<\/ol>\n<ul>\n<li>Enjeksiyon kal\u0131plama makinesinin pistonlu silindirini makineye g\u00fcvenli bir \u015fekilde takmak i\u00e7in \u00fcreticinin talimatlar\u0131n\u0131 izleyin.<\/li>\n<li>Kal\u0131plama s\u0131ras\u0131nda sorunsuz \u00e7al\u0131\u015fma sa\u011flamak i\u00e7in, makinenin ileri geri hareket mekanizmas\u0131na do\u011fru hizalama ve ba\u011flant\u0131n\u0131n yap\u0131ld\u0131\u011f\u0131ndan emin olun.<\/li>\n<\/ul>\n<ol start=\"2\">\n<li><strong>Kar\u015f\u0131l\u0131kl\u0131 Hareket Parametrelerinin Ayarlanmas\u0131:<\/strong><\/li>\n<\/ol>\n<ul>\n<li>Makinenin kontrol panelini veya aray\u00fcz\u00fcn\u00fc kullanarak h\u0131z, strok uzunlu\u011fu ve kuvvet gibi kar\u015f\u0131l\u0131kl\u0131 hareket parametrelerini ayarlay\u0131n.<\/li>\n<li>Enjeksiyon \u00fcnitesinin tasar\u0131m\u0131na ve par\u00e7a \u00f6zelliklerine ba\u011fl\u0131 olarak uygun parametrelerin ayarlanmas\u0131na ili\u015fkin \u00f6zel y\u00f6nergeler i\u00e7in makinenin kullan\u0131m k\u0131lavuzuna bak\u0131n.<\/li>\n<\/ul>\n<ol start=\"3\">\n<li><strong>Kal\u0131p Haz\u0131rl\u0131\u011f\u0131:<\/strong><\/li>\n<\/ol>\n<ul>\n<li>Enjeksiyon makinesine kal\u0131b\u0131 yerle\u015ftirin, do\u011fru hizalama ve s\u0131k\u0131\u015ft\u0131rma i\u015flemlerini ger\u00e7ekle\u015ftirin.<\/li>\n<li>Enjeksiyon \u00fcnitesini kal\u0131ba g\u00fcvenli ve g\u00fcvenilir bir ba\u011flant\u0131 sa\u011flayacak \u015fekilde tak\u0131n; bu sayede hassas plastikle\u015ftirme ve enjeksiyon i\u015flemi ger\u00e7ekle\u015ftirilebilir.<\/li>\n<\/ul>\n<ol start=\"4\">\n<li><strong>Kar\u015f\u0131l\u0131kl\u0131 Hareket:<\/strong><\/li>\n<\/ol>\n<ul>\n<li>Enjeksiyon kal\u0131plama makinesini \u00e7al\u0131\u015ft\u0131rarak kal\u0131plama i\u015flemini ba\u015flat\u0131n.<\/li>\n<li>Enjeksiyon kal\u0131plama makinesinin pistonlu silindiri, enjeksiyon \u00fcnitesinin ileri geri hareketini kontrol ederek hassas ve d\u00fczg\u00fcn hareketler sa\u011flar.<\/li>\n<li>Hasara yol a\u00e7madan istenen ileri geri hareketi elde etmek i\u00e7in strok uzunlu\u011funun ve kuvvetinin ayarland\u0131\u011f\u0131ndan emin olun.<\/li>\n<\/ul>\n<h2><strong>Hidrolik Silindir Diyagram\u0131 Nas\u0131l Yeniden Olu\u015fturulur?<\/strong><\/h2>\n<ol>\n<li><strong>S\u00f6kme:<\/strong>\n<ul>\n<li>\u00d6ncelikle hidrolik silindiri ekipmandan veya makineden \u00e7\u0131kar\u0131n.<\/li>\n<li>Silindire ba\u011fl\u0131 olan t\u00fcm hidrolik hatlar\u0131 veya ba\u011flant\u0131 par\u00e7alar\u0131n\u0131 dikkatlice ay\u0131r\u0131n.<\/li>\n<li>Silindirin yeniden montaj\u0131 i\u00e7in y\u00f6n\u00fcn\u00fc ve konumunu not edin.<\/li>\n<\/ul>\n<\/li>\n<li><strong>Drenaj S\u0131v\u0131s\u0131:<\/strong>\n<ul>\n<li>Silindirin alt\u0131na, kalan hidrolik s\u0131v\u0131y\u0131 toplamak i\u00e7in uygun bir kap yerle\u015ftirin.<\/li>\n<li>S\u0131v\u0131n\u0131n tamamen bo\u015falmas\u0131n\u0131 sa\u011flamak i\u00e7in silindiri tamamen uzat\u0131n veya geri \u00e7ekin.<\/li>\n<\/ul>\n<\/li>\n<li><strong>U\u00e7 kapaklar\u0131n\u0131 \u00e7\u0131kar\u0131n:<\/strong>\n<ul>\n<li>Silindirin u\u00e7 kapaklar\u0131n\u0131 bulun.<\/li>\n<li>Silindir tasar\u0131m\u0131na ba\u011fl\u0131 olarak, u\u00e7 kapaklar\u0131n\u0131 \u00e7\u0131karmak i\u00e7in sabitleme c\u0131vatalar\u0131n\u0131, segmanlar\u0131 veya di\u011fer ba\u011flant\u0131 elemanlar\u0131n\u0131 s\u00f6kmeniz gerekebilir.<\/li>\n<li>S\u0131k\u0131\u015fm\u0131\u015flarsa, u\u00e7 kapaklara lastik bir tokmakla hafif\u00e7e vurun, ancak herhangi bir par\u00e7aya zarar vermemeye dikkat edin.<\/li>\n<\/ul>\n<\/li>\n<li><strong>Piston ve Biyel Kolunu \u00c7\u0131kar\u0131n:<\/strong>\n<ul>\n<li>U\u00e7 kapaklar\u0131 \u00e7\u0131kar\u0131ld\u0131ktan sonra, piston ve biyel kolu tertibat\u0131n\u0131 dikkatlice d\u0131\u015far\u0131 kayd\u0131r\u0131n.<\/li>\n<li>Contalar\u0131n, rulmanlar\u0131n ve di\u011fer bile\u015fenlerin y\u00f6n\u00fcne ve d\u00fczenine dikkat edin.<\/li>\n<\/ul>\n<\/li>\n<li><strong>Par\u00e7alar\u0131 inceleyin:<\/strong>\n<ul>\n<li>T\u00fcm par\u00e7alar\u0131 a\u015f\u0131nma, hasar veya s\u0131z\u0131nt\u0131 belirtileri a\u00e7\u0131s\u0131ndan iyice inceleyin.<\/li>\n<li>Pistonu, biyel kolunu, silindir i\u00e7 y\u00fczeyini, contalar\u0131, yataklar\u0131 ve di\u011fer par\u00e7alar\u0131, de\u011fi\u015ftirilmesi gerekebilecek herhangi bir sorun a\u00e7\u0131s\u0131ndan kontrol edin.<\/li>\n<\/ul>\n<\/li>\n<li><strong>Contalar\u0131 ve Par\u00e7alar\u0131 De\u011fi\u015ftirin:<\/strong>\n<ul>\n<li>A\u015f\u0131nm\u0131\u015f veya hasar g\u00f6rm\u00fc\u015f contalar\u0131, rulmanlar\u0131 veya di\u011fer bile\u015fenleri silindirle uyumlu yenileriyle de\u011fi\u015ftirin.<\/li>\n<li>Montajdan \u00f6nce contalar\u0131n ve bile\u015fenlerin uygun \u015fekilde ya\u011fland\u0131\u011f\u0131ndan emin olun.<\/li>\n<\/ul>\n<\/li>\n<li><strong>Yeniden montaj:<\/strong>\n<ul>\n<li>Piston ve biyel kolu tertibat\u0131n\u0131 dikkatlice silindir deli\u011fine geri yerle\u015ftirin.<\/li>\n<li>Montaj i\u015flemini kolayla\u015ft\u0131rmak i\u00e7in uygun bir montaj ya\u011flay\u0131c\u0131s\u0131 kullan\u0131n.<\/li>\n<li>U\u00e7 kapaklar\u0131 hizalay\u0131n ve gerekli ba\u011flant\u0131 elemanlar\u0131n\u0131 tak\u0131n, do\u011fru tork de\u011ferlerine uyuldu\u011fundan emin olun.<\/li>\n<\/ul>\n<\/li>\n<li><strong>Test edin ve yeniden y\u00fckleyin:<\/strong>\n<ul>\n<li>Silindir yeniden monte edildikten sonra, t\u00fcm par\u00e7alar\u0131n do\u011fru \u015fekilde tak\u0131ld\u0131\u011f\u0131ndan ve hizaland\u0131\u011f\u0131ndan emin olmak i\u00e7in kapsaml\u0131 bir inceleme yap\u0131n.<\/li>\n<li>S\u00f6kme i\u015flemi s\u0131ras\u0131nda ba\u011flant\u0131s\u0131 kesilen hidrolik hatlar\u0131 veya ba\u011flant\u0131 par\u00e7alar\u0131n\u0131 yeniden ba\u011flay\u0131n.<\/li>\n<li>Yeniden monte edilen hidrolik silindirin d\u00fczg\u00fcn \u00e7al\u0131\u015f\u0131p \u00e7al\u0131\u015fmad\u0131\u011f\u0131n\u0131 ve s\u0131z\u0131nt\u0131 yap\u0131p yapmad\u0131\u011f\u0131n\u0131 test edin.<\/li>\n<li>Silindir do\u011fru \u00e7al\u0131\u015f\u0131yorsa, ekipmana veya makineye yeniden tak\u0131n.<\/li>\n<\/ul>\n<\/li>\n<\/ol>\n<h2><strong>Fabrikan\u0131n Kapasitesi ve Kapasitesi:<\/strong><\/h2>\n<h3>(1) Meclis<\/h3>\n<p>Birinci s\u0131n\u0131f ba\u011f\u0131ms\u0131z bir ara\u015ft\u0131rma ve geli\u015ftirme montaj platformumuz bulunmaktad\u0131r. Hidrolik silindir \u00fcretim at\u00f6lyemizde, y\u0131ll\u0131k 1 milyon adet \u00fcretim kapasitesine sahip d\u00f6rt adet yar\u0131 otomatik kald\u0131rma silindiri montaj hatt\u0131 ve bir adet otomatik devirme silindiri montaj hatt\u0131 bulunmaktad\u0131r. \u00d6zel silindir at\u00f6lyemiz, y\u0131ll\u0131k 200.000 adet \u00fcretim kapasitesine sahip \u00e7e\u015fitli \u00f6zelliklerde yar\u0131 otomatik temizleme montaj sistemiyle donat\u0131lm\u0131\u015ft\u0131r. Ayr\u0131ca, \u00fcnl\u00fc CNC i\u015fleme ekipmanlar\u0131, bir i\u015fleme merkezi, y\u00fcksek hassasiyetli silindir i\u015fleme \u00f6zel ekipmanlar\u0131, bir robot kaynak makinesi, bir otomatik temizleme makinesi, otomatik silindir montaj makinesi ve otomatik boyama \u00fcretim hatt\u0131 ile donat\u0131lm\u0131\u015ft\u0131r. 300'den fazla setten olu\u015fan kritik ekipmanlar mevcuttur. Ekipman kaynaklar\u0131n\u0131n optimum da\u011f\u0131l\u0131m\u0131 ve verimli kullan\u0131m\u0131, \u00fcr\u00fcnlerin hassasiyet gereksinimlerini kar\u015f\u0131lar ve \u00fcr\u00fcnlerin y\u00fcksek kalite ihtiya\u00e7lar\u0131n\u0131 kar\u015f\u0131lar.<\/p>\n<p><img loading=\"lazy\" decoding=\"async\" class=\"alignnone wp-image-626\" src=\"https:\/\/hydraulic-cylinders.net\/wp-content\/uploads\/2023\/08\/hydraulic-cylinder-product-1-300x158.webp\" alt=\"\" width=\"495\" height=\"260\" srcset=\"https:\/\/hydraulic-cylinders.net\/wp-content\/uploads\/2023\/08\/hydraulic-cylinder-product-1-300x158.webp 495w, https:\/\/hydraulic-cylinders.net\/wp-content\/uploads\/2023\/08\/hydraulic-cylinder-product-1-480x252.webp 480w\" sizes=\"(min-width: 0px) and (max-width: 480px) 480px, (min-width: 481px) 495px, 100vw\" \/> <img loading=\"lazy\" decoding=\"async\" class=\"alignnone wp-image-627\" src=\"https:\/\/hydraulic-cylinders.net\/wp-content\/uploads\/2023\/08\/hydraulic-cylinder-product-2-300x189.webp\" alt=\"\" width=\"413\" height=\"260\" \/><\/p>\n<h3>(2) \u0130\u015fleme<\/h3>\n<p>\u0130\u015fleme at\u00f6lyesi, maksimum 400 mm i\u00e7 \u00e7apa ve maksimum 6 metre uzunlu\u011fa sahip silindir borular\u0131n\u0131n i\u015flenmesini ger\u00e7ekle\u015ftirebilen \u00f6zel e\u011fimli ray torna merkezi, i\u015fleme merkezi, y\u00fcksek h\u0131zl\u0131 honlama makinesi, kaynak robotu ve di\u011fer ilgili ekipmanlarla donat\u0131lm\u0131\u015ft\u0131r.<\/p>\n<p><img loading=\"lazy\" decoding=\"async\" class=\"alignnone wp-image-628 size-large\" src=\"https:\/\/hydraulic-cylinders.net\/wp-content\/uploads\/2023\/08\/hydraulic-cylinder-product-3-1024x391.webp\" alt=\"\" width=\"1024\" height=\"391\" srcset=\"https:\/\/hydraulic-cylinders.net\/wp-content\/uploads\/2023\/08\/hydraulic-cylinder-product-3-980x374.webp 980w, https:\/\/hydraulic-cylinders.net\/wp-content\/uploads\/2023\/08\/hydraulic-cylinder-product-3-480x183.webp 480w\" sizes=\"(min-width: 0px) and (max-width: 480px) 480px, (min-width: 481px) and (max-width: 980px) 980px, (min-width: 981px) 1024px, 100vw\" \/><\/p>\n<h3>(3) Kaynak<\/h3>\n<p><img loading=\"lazy\" decoding=\"async\" class=\"alignnone wp-image-629 size-large\" src=\"https:\/\/hydraulic-cylinders.net\/wp-content\/uploads\/2023\/08\/hydraulic-cylinder-product-4-1024x510.webp\" alt=\"\" width=\"1024\" height=\"510\" srcset=\"https:\/\/hydraulic-cylinders.net\/wp-content\/uploads\/2023\/08\/hydraulic-cylinder-product-4-980x488.webp 980w, https:\/\/hydraulic-cylinders.net\/wp-content\/uploads\/2023\/08\/hydraulic-cylinder-product-4-480x239.webp 480w\" sizes=\"(min-width: 0px) and (max-width: 480px) 480px, (min-width: 481px) and (max-width: 980px) 980px, (min-width: 981px) 1024px, 100vw\" \/><\/p>\n<h3>(4) Boyama ve kaplama<\/h3>\n<p>K\u00fc\u00e7\u00fck ve orta \u00f6l\u00e7ekli silindirli otomatik su bazl\u0131 boya kaplama hatlar\u0131nda, otomatik robot y\u00fckleme-bo\u015faltma ve otomatik p\u00fcsk\u00fcrtmeyi ger\u00e7ekle\u015ftirmek i\u00e7in, vardiya ba\u015f\u0131na 4000 adet tasar\u0131m kapasitesi;<br \/>\nAyr\u0131ca, vardiya ba\u015f\u0131na 60 kasa kapasiteli, g\u00fc\u00e7 zinciriyle \u00e7al\u0131\u015fan b\u00fcy\u00fck silindirler i\u00e7in yar\u0131 otomatik boya \u00fcretim hatt\u0131m\u0131z da bulunmaktad\u0131r.<\/p>\n<p><img loading=\"lazy\" decoding=\"async\" class=\"alignnone wp-image-630\" src=\"https:\/\/hydraulic-cylinders.net\/wp-content\/uploads\/2023\/08\/hydraulic-cylinder-product-5-300x213.webp\" alt=\"\" width=\"366\" height=\"260\" \/> <img loading=\"lazy\" decoding=\"async\" class=\"alignnone wp-image-631\" src=\"https:\/\/hydraulic-cylinders.net\/wp-content\/uploads\/2023\/08\/hydraulic-cylinder-product-6-300x225.webp\" alt=\"\" width=\"347\" height=\"260\" \/><\/p>\n<h3>(5) Test etme<\/h3>\n<p>Silindirin performans\u0131n\u0131n gereklilikleri kar\u015f\u0131lad\u0131\u011f\u0131ndan emin olmak i\u00e7in birinci s\u0131n\u0131f muayene tesislerimiz ve test yataklar\u0131m\u0131z bulunmaktad\u0131r.<\/p>\n<p><img loading=\"lazy\" decoding=\"async\" class=\"alignnone wp-image-632\" src=\"https:\/\/hydraulic-cylinders.net\/wp-content\/uploads\/2023\/08\/hydraulic-cylinder-product-8-300x200.webp\" alt=\"\" width=\"389\" height=\"260\" \/><\/p>\n<p>&nbsp;<\/p>\n<p>&nbsp;<\/p>\n<p>En iyi hidrolik silindir \u00fcreticilerinden biriyiz. Kapsaml\u0131 hidrolik silindirler sunabiliyoruz. Ayr\u0131ca, ilgili hidrolik silindirleri de sa\u011fl\u0131yoruz. <a href=\"https:\/\/hzpt.com\/agricultural-pto-gearbox\/\" target=\"_blank\" rel=\"noopener\">tar\u0131msal di\u015fli kutular\u0131<\/a>\u00dcr\u00fcnlerimizi d\u00fcnya \u00e7ap\u0131ndaki m\u00fc\u015fterilerimize ihra\u00e7 ettik ve \u00fcst\u00fcn \u00fcr\u00fcn kalitemiz ve sat\u0131\u015f sonras\u0131 hizmetlerimiz sayesinde iyi bir itibar kazand\u0131k. Yurt i\u00e7i ve yurt d\u0131\u015f\u0131ndaki m\u00fc\u015fterilerimizi i\u015f g\u00f6r\u00fc\u015fmeleri yapmak, bilgi al\u0131\u015fveri\u015finde bulunmak ve <a href=\"https:\/\/www.hydraulic-cylinders.net\/tr\/contact-us\/\">bizimle i\u015fbirli\u011fi yap\u0131n<\/a>!<\/p>","protected":false},"excerpt":{"rendered":"<p>Injection Molding Machine Reciprocating Cylinder The injection molding machine reciprocating cylinder is a crucial component in the plastic injection molding process. This specialized cylinder is designed to facilitate the reciprocating movement of the injection unit, which is vital in ensuring precise and efficient production. The injection molding machine reciprocating cylinder is a critical component in [&hellip;]<\/p>","protected":false},"featured_media":1751,"comment_status":"open","ping_status":"closed","template":"","meta":{"_et_pb_use_builder":"","_et_pb_old_content":"","_et_gb_content_width":""},"product_brand":[],"product_cat":[1550,1523,1376],"product_tag":[1380],"class_list":{"0":"post-1749","1":"product","2":"type-product","3":"status-publish","4":"has-post-thumbnail","6":"product_cat-double-acting-hydraulic-cylinder","7":"product_cat-injection-molding-hydraulic-cylinders","8":"product_cat-hydraulic-cylinder","9":"product_tag-hydraulic-cylinder","11":"first","12":"instock","13":"shipping-taxable","14":"product-type-simple"},"amp_enabled":true,"_links":{"self":[{"href":"https:\/\/www.hydraulic-cylinders.net\/tr\/wp-json\/wp\/v2\/product\/1749","targetHints":{"allow":["GET"]}}],"collection":[{"href":"https:\/\/www.hydraulic-cylinders.net\/tr\/wp-json\/wp\/v2\/product"}],"about":[{"href":"https:\/\/www.hydraulic-cylinders.net\/tr\/wp-json\/wp\/v2\/types\/product"}],"replies":[{"embeddable":true,"href":"https:\/\/www.hydraulic-cylinders.net\/tr\/wp-json\/wp\/v2\/comments?post=1749"}],"wp:featuredmedia":[{"embeddable":true,"href":"https:\/\/www.hydraulic-cylinders.net\/tr\/wp-json\/wp\/v2\/media\/1751"}],"wp:attachment":[{"href":"https:\/\/www.hydraulic-cylinders.net\/tr\/wp-json\/wp\/v2\/media?parent=1749"}],"wp:term":[{"taxonomy":"product_brand","embeddable":true,"href":"https:\/\/www.hydraulic-cylinders.net\/tr\/wp-json\/wp\/v2\/product_brand?post=1749"},{"taxonomy":"product_cat","embeddable":true,"href":"https:\/\/www.hydraulic-cylinders.net\/tr\/wp-json\/wp\/v2\/product_cat?post=1749"},{"taxonomy":"product_tag","embeddable":true,"href":"https:\/\/www.hydraulic-cylinders.net\/tr\/wp-json\/wp\/v2\/product_tag?post=1749"}],"curies":[{"name":"wp","href":"https:\/\/api.w.org\/{rel}","templated":true}]}}