{"id":17579,"date":"2025-03-18T05:32:03","date_gmt":"2025-03-18T05:32:03","guid":{"rendered":"https:\/\/www.hydraulic-cylinders.net\/?post_type=product&#038;p=17579"},"modified":"2025-04-11T03:15:32","modified_gmt":"2025-04-11T03:15:32","slug":"side-shift-hydraulic-cylinders-large-forklift","status":"publish","type":"product","link":"https:\/\/www.hydraulic-cylinders.net\/tr\/urun\/side-shift-hydraulic-cylinders-large-forklift\/","title":{"rendered":"B\u00fcy\u00fck Forkliftler \u0130\u00e7in Yan Kayd\u0131rma Hidrolik Silindirleri"},"content":{"rendered":"<h1 style=\"text-align: center;\"><strong>B\u00fcy\u00fck Forkliftler \u0130\u00e7in Yan Kayd\u0131rma Hidrolik Silindirleri<\/strong><\/h1>\n<p>G\u00fcvenilir ve verimli mi ar\u0131yorsunuz?\u00a0<strong>B\u00fcy\u00fck Forkliftler i\u00e7in Yan Kayd\u0131rma Hidrolik Silindirleri<\/strong>? Y\u00fcksek performans\u0131m\u0131z\u00a0<strong>Forklift Yan Kayd\u0131rma i\u00e7in Hidrolik Silindirler<\/strong>\u00a0Kompakt forkliftlerin taleplerini kar\u015f\u0131lamak \u00fczere tasarlanm\u0131\u015f olup, dar alanlarda geli\u015fmi\u015f manevra kabiliyeti i\u00e7in hassas yan kayd\u0131rma \u00f6zelli\u011fi sunar.\u00a0<strong>dayan\u0131kl\u0131 yap\u0131<\/strong>Bu silindirler en zorlu \u00e7al\u0131\u015fma ko\u015fullar\u0131nda bile uzun s\u00fcreli performans sa\u011flar.<\/p>\n<p>\u0130htiyac\u0131n\u0131z olsun ya da olmas\u0131n\u00a0<strong>Kompakt Forklift Yan Kayd\u0131rma Silindirleri<\/strong>\u00a0Hafif hizmet operasyonlar\u0131 veya filonuz i\u00e7in uygun fiyatl\u0131 \u00e7\u00f6z\u00fcmler i\u00e7in \u00fcr\u00fcnlerimiz\u00a0<strong>kurulumu ve bak\u0131m\u0131 kolay<\/strong>, kesinti s\u00fcresini \u00f6nemli \u00f6l\u00e7\u00fcde azalt\u0131r ve \u00fcretkenli\u011fi art\u0131r\u0131r.\u00a0<strong>b\u00fcy\u00fck forkliftler i\u00e7in en iyi hidrolik silindirler<\/strong>\u00a0kalite, dayan\u0131kl\u0131l\u0131k ve uygun fiyat\u0131 bir araya getiren.<\/p>\n<p>Forkliftinizi bug\u00fcn bizimle y\u00fckseltin\u00a0<strong>hafif hizmet tipi forkliftler i\u00e7in dayan\u0131kl\u0131 yan kayd\u0131rmal\u0131 hidrolik silindirler<\/strong>\u00a0ve e\u015fsiz verimlilik ve g\u00fcvenilirli\u011fi deneyimleyin!<\/p>\n<h1 style=\"text-align: center;\"><img loading=\"lazy\" decoding=\"async\" class=\"alignnone wp-image-17586\" src=\"https:\/\/www.hydraulic-cylinders.net\/wp-content\/uploads\/2025\/03\/Side-shift-hydraulic-cylinders-for-large-forklift-1.webp\" alt=\"K\u00fc\u00e7\u00fck Forklift i\u00e7in Yan Kayd\u0131rma Hidrolik Silindiri\" width=\"500\" height=\"500\" srcset=\"https:\/\/www.hydraulic-cylinders.net\/wp-content\/uploads\/2025\/03\/Side-shift-hydraulic-cylinders-for-large-forklift-1.webp 500w, https:\/\/www.hydraulic-cylinders.net\/wp-content\/uploads\/2025\/03\/Side-shift-hydraulic-cylinders-for-large-forklift-1-480x480.webp 480w\" sizes=\"(min-width: 0px) and (max-width: 480px) 480px, (min-width: 481px) 500px, 100vw\" \/><\/h1>\n<p style=\"text-align: center;\"><strong>B\u00fcy\u00fck Forklift i\u00e7in Yan Kayd\u0131rma Silindiri<\/strong><\/p>\n<h2><strong>B\u00fcy\u00fck Forkliftler \u0130\u00e7in Yan Kayd\u0131rma Hidrolik Silindirleri <\/strong><strong>Teknik \u00d6zellikler<\/strong><strong>:<\/strong><\/h2>\n<p><strong>\u0130\u015flev:<\/strong> \u00c7atal\u0131n genel sol ve sa\u011f hareketini sa\u011flamak i\u00e7in kullan\u0131l\u0131r<br \/>\n<strong>Silindir \u00e7ap\u0131:<\/strong> 70mm-120mm<br \/>\n<strong>\u00c7ubuk \u00e7ap\u0131:<\/strong> 30mm-60mm<br \/>\n<strong>Seyahat:<\/strong> 300mm-1025mm<br \/>\n<strong>Maksimum bas\u0131n\u00e7:<\/strong> 21MPa<br \/>\n<strong>Maksimum itme:<\/strong> 238KN<\/p>\n<h2><strong>B\u00fcy\u00fck Forklift Hidrolik Silindir Serisi:\u00a0<\/strong><\/h2>\n<h2><img loading=\"lazy\" decoding=\"async\" class=\"alignnone size-full wp-image-17582\" src=\"https:\/\/www.hydraulic-cylinders.net\/wp-content\/uploads\/2025\/03\/large-forklift-hydraulic-cylinder-construction.webp\" alt=\"\" width=\"1100\" height=\"615\" srcset=\"https:\/\/www.hydraulic-cylinders.net\/wp-content\/uploads\/2025\/03\/large-forklift-hydraulic-cylinder-construction.webp 1100w, https:\/\/www.hydraulic-cylinders.net\/wp-content\/uploads\/2025\/03\/large-forklift-hydraulic-cylinder-construction-980x548.webp 980w, https:\/\/www.hydraulic-cylinders.net\/wp-content\/uploads\/2025\/03\/large-forklift-hydraulic-cylinder-construction-480x268.webp 480w\" sizes=\"(min-width: 0px) and (max-width: 480px) 480px, (min-width: 481px) and (max-width: 980px) 980px, (min-width: 981px) 1100px, 100vw\" \/><\/h2>\n<h2><strong>Temel \u00d6zellikleri\u00a0<\/strong><strong>Yan Kayd\u0131rma Hidrolik Silindirleri <\/strong><strong>B\u00fcy\u00fck <\/strong><strong>Forklift<\/strong><strong>:<\/strong><\/h2>\n<p>Bizim\u00a0<strong>B\u00fcy\u00fck Forkliftler i\u00e7in Yan Kayd\u0131rma Hidrolik Silindirleri<\/strong>\u00a0En zorlu end\u00fcstriyel ortamlarda ola\u011fan\u00fcst\u00fc performans ve g\u00fcvenilirlik sunmak \u00fczere tasarlanm\u0131\u015ft\u0131r. \u0130\u015fte onlar\u0131 \u00f6ne \u00e7\u0131karan \u00f6zellikler:<\/p>\n<ul>\n<li><strong>Hassas Yan Kayd\u0131rma<\/strong>:\u00d6zellikle b\u00fcy\u00fck forkliftler i\u00e7in tasarlanan bu silindirler, a\u011f\u0131r hizmet tipi operasyonlarda manevra kabiliyetini ve verimlili\u011fi art\u0131rarak hassas ve d\u00fczg\u00fcn yan kayd\u0131rma sa\u011flar.<\/li>\n<li><strong>Dayan\u0131kl\u0131 Yap\u0131<\/strong>: Y\u00fcksek kaliteli malzemelerle in\u015fa edilen\u00a0<strong>B\u00fcy\u00fck Forklift Yan Kayd\u0131rma i\u00e7in Hidrolik Silindirler<\/strong>\u00a0A\u015f\u0131r\u0131 ko\u015fullara dayanacak \u015fekilde tasarlanm\u0131\u015ft\u0131r, uzun s\u00fcreli performans ve minimum a\u015f\u0131nma sa\u011flar.<\/li>\n<li><strong>Kolay Kurulum ve Bak\u0131m<\/strong>:Kullan\u0131c\u0131 dostu bir tasar\u0131ma sahip olan bu\u00a0<strong>A\u011f\u0131r Hizmet Tipi Forklift Yan Kayd\u0131rma Silindirleri<\/strong>\u00a0kurulumu h\u0131zl\u0131 ve bak\u0131m\u0131 kolayd\u0131r, bu sayede ar\u0131za s\u00fcreleri azal\u0131r ve \u00fcretkenlik en \u00fcst d\u00fczeye \u00e7\u0131kar.<\/li>\n<li><strong>A\u011f\u0131r Hizmet Kullan\u0131m\u0131 i\u00e7in Optimize Edilmi\u015ftir<\/strong>:B\u00fcy\u00fck forkliftler i\u00e7in \u00f6zel olarak tasarlanan bu silindirler, e\u015fsiz dayan\u0131kl\u0131l\u0131k ve g\u00fcvenilirlik sunarak end\u00fcstriyel uygulamalar i\u00e7in m\u00fckemmeldir.<\/li>\n<li><strong>Maliyet Etkin \u00c7\u00f6z\u00fcm<\/strong>: En \u00e7ok tercih edilenlerden biri olarak\u00a0<strong>a\u011f\u0131r hizmet tipi forkliftler i\u00e7in uygun fiyatl\u0131 yan kayd\u0131rma silindirleri<\/strong>\u00dcr\u00fcnlerimiz kaliteden \u00f6d\u00fcn vermeden ola\u011fan\u00fcst\u00fc de\u011fer sunar.<\/li>\n<\/ul>\n<p>B\u00fcy\u00fck forkliftinizi bizimle y\u00fckseltin\u00a0<strong>B\u00fcy\u00fck Forkliftler i\u00e7in Yan Kayd\u0131rma Hidrolik Silindirleri<\/strong>\u00a0ve \u00fcst\u00fcn performans, dayan\u0131kl\u0131l\u0131k ve kullan\u0131m kolayl\u0131\u011f\u0131n\u0131 deneyimleyin!<\/p>\n<h2><strong>Kullan\u0131m \u00d6rnekleri: B\u00fcy\u00fck Forkliftler i\u00e7in Yan Kayd\u0131rmal\u0131 Hidrolik Silindirler:<\/strong><\/h2>\n<p>Bizim\u00a0<strong>B\u00fcy\u00fck Forkliftler i\u00e7in Yan Kayd\u0131rma Hidrolik Silindirleri<\/strong>\u00a0A\u011f\u0131r hizmet tipi end\u00fcstriyel uygulamalar\u0131n gereksinimlerini kar\u015f\u0131lamak \u00fczere tasarlanm\u0131\u015ft\u0131r. Bu silindirlerin \u00f6ne \u00e7\u0131kt\u0131\u011f\u0131 baz\u0131 temel kullan\u0131m alanlar\u0131 \u015funlard\u0131r:<\/p>\n<h3><strong>1. Depo Operasyonlar\u0131<\/strong><\/h3>\n<p><img loading=\"lazy\" decoding=\"async\" class=\"alignnone size-full wp-image-17583\" src=\"https:\/\/www.hydraulic-cylinders.net\/wp-content\/uploads\/2025\/03\/heavy-duty-forklift-side-shift-cylinder-application.webp\" alt=\"Depoda B\u00fcy\u00fck Forklift i\u00e7in Yan Kayd\u0131rma Hidrolik Silindiri\" width=\"2320\" height=\"1340\" srcset=\"https:\/\/www.hydraulic-cylinders.net\/wp-content\/uploads\/2025\/03\/heavy-duty-forklift-side-shift-cylinder-application.webp 2320w, https:\/\/www.hydraulic-cylinders.net\/wp-content\/uploads\/2025\/03\/heavy-duty-forklift-side-shift-cylinder-application-1280x739.webp 1280w, https:\/\/www.hydraulic-cylinders.net\/wp-content\/uploads\/2025\/03\/heavy-duty-forklift-side-shift-cylinder-application-980x566.webp 980w, https:\/\/www.hydraulic-cylinders.net\/wp-content\/uploads\/2025\/03\/heavy-duty-forklift-side-shift-cylinder-application-480x277.webp 480w\" sizes=\"(min-width: 0px) and (max-width: 480px) 480px, (min-width: 481px) and (max-width: 980px) 980px, (min-width: 981px) and (max-width: 1280px) 1280px, (min-width: 1281px) 2320px, 100vw\" \/><\/p>\n<ul>\n<li><strong>Hassas Yan Kayd\u0131rma<\/strong>: Yo\u011fun depolar\u0131m\u0131zda,\u00a0<strong>B\u00fcy\u00fck Forklift Yan Kayd\u0131rma i\u00e7in Hidrolik Silindirler<\/strong>\u00a0operat\u00f6rlerin dar koridorlarda ve s\u0131k\u0131\u015f\u0131k alanlarda bile a\u011f\u0131r y\u00fckleri hassas bir \u015fekilde manevra etmesini sa\u011flar.<\/li>\n<li><strong>Geli\u015ftirilmi\u015f Verimlilik<\/strong>: Bu silindirler forklift \u00e7evikli\u011fini art\u0131rarak y\u00fckleme ve bo\u015faltma s\u00fcre\u00e7lerinin daha verimli hale getirilmesine yard\u0131mc\u0131 olur ve operasyonel duru\u015f s\u00fcrelerini azalt\u0131r.<\/li>\n<\/ul>\n<h3><strong>2. \u0130n\u015faat Alanlar\u0131<\/strong><\/h3>\n<ul>\n<li><strong>Dayan\u0131kl\u0131 Yap\u0131<\/strong>: Zorlu ko\u015fullara dayanacak \u015fekilde \u00fcretilen \u00fcr\u00fcnlerimiz\u00a0<strong>A\u011f\u0131r Hizmet Tipi Forklift Yan Kayd\u0131rma Silindirleri<\/strong>\u00a0ekipmanlar\u0131n toz, moloz ve a\u011f\u0131r y\u00fcklerle kar\u015f\u0131la\u015ft\u0131\u011f\u0131 \u015fantiyeler i\u00e7in m\u00fckemmeldir.<\/li>\n<li><strong>G\u00fcvenilir Performans<\/strong>: Bu silindirler, \u00e7elik kiri\u015fler veya beton bloklar gibi hacimli malzemelerin i\u015flenmesinde bile tutarl\u0131 performans sa\u011flar.<\/li>\n<\/ul>\n<h3><strong>3. \u00dcretim Tesisleri<\/strong><\/h3>\n<ul>\n<li><strong>Kolay Kurulum ve Bak\u0131m<\/strong>\u00dcretim ortamlar\u0131nda, duru\u015flar\u0131n maliyetli olabilece\u011fi yerlerde, yan kayd\u0131rma silindirlerimiz h\u0131zl\u0131 bir \u015fekilde monte edilir ve bak\u0131m\u0131 kolayd\u0131r; bu sayede \u00fcretim programlar\u0131nda minimum d\u00fczeyde aksama sa\u011flan\u0131r.<\/li>\n<li><strong>Geli\u015fmi\u015f G\u00fcvenlik<\/strong>:Bu silindirlerin sa\u011flad\u0131\u011f\u0131 hassas kontrol, a\u011f\u0131r makine veya malzemelerin ta\u015f\u0131nmas\u0131 s\u0131ras\u0131nda kaza riskini azalt\u0131r.<\/li>\n<\/ul>\n<h3><strong>4. Lojistik ve Da\u011f\u0131t\u0131m Merkezleri<\/strong><\/h3>\n<ul>\n<li><strong>A\u011f\u0131r Hizmet Kapasitesi<\/strong>: Bizim\u00a0<strong>B\u00fcy\u00fck Forkliftler i\u00e7in Yan Kayd\u0131rma Hidrolik Silindirleri<\/strong>\u00a0Y\u00fcksek hacimli da\u011f\u0131t\u0131m merkezlerinde palet, konteyner ve b\u00fcy\u00fck boyutlu y\u00fcklerin ta\u015f\u0131nmas\u0131 i\u00e7in idealdir.<\/li>\n<li><strong>Maliyet Etkin \u00c7\u00f6z\u00fcm<\/strong>: Bu silindirler forklift verimlili\u011fini art\u0131rarak ve bak\u0131m ihtiya\u00e7lar\u0131n\u0131 azaltarak, zamanla i\u015fletme maliyetlerinin d\u00fc\u015f\u00fcr\u00fclmesine yard\u0131mc\u0131 olur.<\/li>\n<\/ul>\n<h4><strong>5. Limanlar ve Nakliye Tersaneleri<\/strong><\/h4>\n<ul>\n<li><strong>Uzun \u00d6m\u00fcrl\u00fc Performans<\/strong>:A\u011f\u0131r kullan\u0131ma uygun olarak tasarlanan bu silindirler, forkliftlerin s\u00fcrekli olarak b\u00fcy\u00fck konteynerleri ve a\u011f\u0131r y\u00fckleri ta\u015f\u0131d\u0131\u011f\u0131 liman operasyonlar\u0131 i\u00e7in m\u00fckemmeldir.<\/li>\n<li><strong>Hava Ko\u015fullar\u0131na Dayan\u0131kl\u0131 Tasar\u0131m<\/strong>: Dayan\u0131kl\u0131 yap\u0131s\u0131, zorlu hava ko\u015fullar\u0131nda bile d\u0131\u015f mekanlarda g\u00fcvenilir performans sa\u011flar.<\/li>\n<\/ul>\n<h4><strong>6. Geri D\u00f6n\u00fc\u015f\u00fcm ve At\u0131k Y\u00f6netimi<\/strong><\/h4>\n<ul>\n<li><strong>Sa\u011flam ve G\u00fcvenilir<\/strong>: Bizim\u00a0<strong>A\u011f\u0131r Hizmet Tipi Forklift Yan Kayd\u0131rma Silindirleri<\/strong>\u00a0Geri d\u00f6n\u00fc\u015ft\u00fcr\u00fclebilir malzemelerin a\u011f\u0131r balyalar\u0131n\u0131n forkliftlerle ta\u015f\u0131nd\u0131\u011f\u0131 geri d\u00f6n\u00fc\u015f\u00fcm tesislerinin zorluklar\u0131na dayanacak \u015fekilde in\u015fa edilmi\u015ftir.<\/li>\n<li><strong>Azalt\u0131lm\u0131\u015f Kesinti S\u00fcresi<\/strong>: Kolay bak\u0131m ve onar\u0131m \u00f6zellikleri, ekipman\u0131n zorlu at\u0131k y\u00f6netimi ortamlar\u0131nda bile \u00e7al\u0131\u015f\u0131r durumda kalmas\u0131n\u0131 sa\u011flar.<\/li>\n<\/ul>\n<h2><strong>Neden Yan Kayd\u0131rma Hidrolik Silindirlerimizi Se\u00e7melisiniz?<\/strong><\/h2>\n<p>Konuya gelince\u00a0<strong>forklift ata\u015fmanlar\u0131<\/strong>, bizim\u00a0<strong>B\u00fcy\u00fck Forkliftler i\u00e7in Yan Kayd\u0131rma Hidrolik Silindirleri<\/strong>\u00a0Oyunun kurallar\u0131n\u0131 de\u011fi\u015ftiriyor. Performans ve verimlili\u011fi optimize etmek i\u00e7in tasarlanan bu silindirler, a\u011f\u0131r hizmet tipi ekipmanlar\u0131n\u0131z i\u00e7in m\u00fckemmel bir tamamlay\u0131c\u0131d\u0131r.<\/p>\n<ul>\n<li><strong>Hassas Yan Kayd\u0131rma<\/strong>: B\u00fcy\u00fck forkliftler i\u00e7in tasarlanan bu silindirler, d\u00fczg\u00fcn ve hassas yan kayd\u0131rma sa\u011flayarak dar alanlarda a\u011f\u0131r y\u00fckleri ta\u015f\u0131mak i\u00e7in idealdir.<\/li>\n<li><strong>Dayan\u0131kl\u0131 Yap\u0131<\/strong>: Uzun \u00f6m\u00fcrl\u00fc olacak \u015fekilde \u00fcretildi,\u00a0<strong>B\u00fcy\u00fck Forklift Yan Kayd\u0131rma i\u00e7in Hidrolik Silindirler<\/strong>\u00a0En zorlu end\u00fcstriyel ortamlarda bile g\u00fcvenilir performans sa\u011flayan y\u00fcksek kaliteli malzemelerden \u00fcretilmi\u015ftir.<\/li>\n<li><strong>Kolay Kurulum ve Bak\u0131m<\/strong>: Kullan\u0131c\u0131n\u0131n rahatl\u0131\u011f\u0131n\u0131 g\u00f6z \u00f6n\u00fcnde bulundurarak tasarlanan bu\u00a0<strong>A\u011f\u0131r Hizmet Tipi Forklift Yan Kayd\u0131rma Silindirleri<\/strong>\u00a0Kurulumu h\u0131zl\u0131 ve bak\u0131m\u0131 kolayd\u0131r, bu sayede kesinti s\u00fcreleri azal\u0131r ve operasyonlar\u0131n\u0131z sorunsuz bir \u015fekilde devam eder.<\/li>\n<\/ul>\n<p>A\u011f\u0131r hizmet tipi forklift silindirleri mi ar\u0131yorsunuz? \u00dcr\u00fcnlerimize g\u00f6z at\u0131n <a href=\"https:\/\/www.hydraulic-cylinders.net\/tr\/forklift-hydraulic-cylinder\/\">A\u011f\u0131r Hizmet Tipi Hidrolik Silindirler<\/a>.<\/p>\n<h3><strong>Forklift Bak\u0131m\u0131 ve Onar\u0131m\u0131 i\u00e7in M\u00fckemmel<\/strong><\/h3>\n<p>\u0130ster rutin bir i\u015f yap\u0131yor olun, ister\u00a0<strong>forklift bak\u0131m\u0131<\/strong>\u00a0veya g\u00fcvenilir bir \u00e7\u00f6z\u00fcme ihtiyac\u0131n\u0131z varsa\u00a0<strong>hidrolik silindir onar\u0131m\u0131<\/strong>Yan kayd\u0131rma silindirlerimiz, aksamalara en aza indirmek ve ekipman\u0131n\u0131z\u0131n \u00f6mr\u00fcn\u00fc uzatmak i\u00e7in tasarlanm\u0131\u015ft\u0131r. Sa\u011flam tasar\u0131mlar\u0131, a\u011f\u0131r hizmet uygulamalar\u0131n\u0131n taleplerini kar\u015f\u0131layabilmelerini sa\u011flayarak end\u00fcstriyel operasyonlar i\u00e7in uygun maliyetli bir se\u00e7enek haline getirir.<\/p>\n<h2><strong>Forklift Silindir \u00dcretim Alan\u0131:<\/strong><\/h2>\n<h2><img loading=\"lazy\" decoding=\"async\" class=\"alignnone size-full wp-image-16972\" src=\"https:\/\/www.hydraulic-cylinders.net\/wp-content\/uploads\/2025\/01\/hydraulic-cylinder-factory-1-scaled.webp\" sizes=\"(min-width: 0px) and (max-width: 480px) 480px, (min-width: 481px) and (max-width: 980px) 980px, (min-width: 981px) and (max-width: 1280px) 1280px, (min-width: 1281px) 2016px, 100vw\" srcset=\"https:\/\/www.hydraulic-cylinders.net\/wp-content\/uploads\/2025\/01\/hydraulic-cylinder-factory-1-scaled.webp 2016w, https:\/\/www.hydraulic-cylinders.net\/wp-content\/uploads\/2025\/01\/hydraulic-cylinder-factory-1-1280x1625.webp 1280w, https:\/\/www.hydraulic-cylinders.net\/wp-content\/uploads\/2025\/01\/hydraulic-cylinder-factory-1-980x1244.webp 980w, https:\/\/www.hydraulic-cylinders.net\/wp-content\/uploads\/2025\/01\/hydraulic-cylinder-factory-1-480x610.webp 480w\" alt=\"\" width=\"2016\" height=\"2560\" \/><\/h2>\n<p>Montaj i\u00e7in birinci s\u0131n\u0131f, ba\u011f\u0131ms\u0131z bir Ar-Ge platformumuz bulunmaktad\u0131r. Forklift silindir \u00fcretim at\u00f6lyemizde, y\u0131ll\u0131k \u00fcretim kapasitesi milyon adet olan d\u00f6rt adet yar\u0131 otomatik kald\u0131rma silindiri montaj hatt\u0131 ve tam otomatik bir devirme silindiri montaj hatt\u0131 bulunmaktad\u0131r. \u00d6zel silindir at\u00f6lyemizde ise, y\u0131ll\u0131k \u00fcretim kapasitesi 200.000 adet olan \u00e7e\u015fitli \u00f6zelliklerde yar\u0131 otomatik temizleme ve montaj sistemleri bulunmaktad\u0131r. At\u00f6lyemiz, \u00fcnl\u00fc marka CNC i\u015fleme ekipmanlar\u0131, i\u015fleme merkezleri, y\u00fcksek hassasiyetli silindir i\u015fleme i\u00e7in \u00f6zel ekipmanlar, robot kaynak makineleri, otomatik temizleme makineleri, otomatik silindir montaj makineleri ve otomatik boya \u00fcretim hatlar\u0131 ile donat\u0131lm\u0131\u015ft\u0131r. 300'den fazla ana ekipman setimiz \u00e7al\u0131\u015f\u0131r durumdad\u0131r. Ekipman kaynaklar\u0131n\u0131n optimize edilmi\u015f tahsisi ve verimli kullan\u0131m\u0131, \u00fcr\u00fcnlerin hassasiyet gereksinimlerini kar\u015f\u0131lar ve y\u00fcksek standart kalite gereksinimlerini kar\u015f\u0131lar.<\/p>\n<p>\u0130\u015fleme at\u00f6lyesi, 400 mm Maksimum \u0130\u00e7 \u00c7ap ve 6 metre Maksimum Uzunlu\u011fa sahip silindir borular\u0131n\u0131n i\u015fleme i\u015flerini ger\u00e7ekle\u015ftirebilen \u00f6zel yap\u0131m e\u011fimli k\u0131lavuz ray tornalama merkezleri, i\u015fleme merkezleri, y\u00fcksek h\u0131zl\u0131 honlama makineleri, kaynak robotlar\u0131 ve di\u011fer ilgili ekipmanlarla donat\u0131lm\u0131\u015ft\u0131r.<\/p>\n<h2><img loading=\"lazy\" decoding=\"async\" class=\"alignnone size-full wp-image-16973\" src=\"https:\/\/www.hydraulic-cylinders.net\/wp-content\/uploads\/2025\/01\/hydraulic-cylinder-factory-2-scaled.webp\" sizes=\"(min-width: 0px) and (max-width: 480px) 480px, (min-width: 481px) and (max-width: 980px) 980px, (min-width: 981px) and (max-width: 1280px) 1280px, (min-width: 1281px) 2011px, 100vw\" srcset=\"https:\/\/www.hydraulic-cylinders.net\/wp-content\/uploads\/2025\/01\/hydraulic-cylinder-factory-2-scaled.webp 2011w, https:\/\/www.hydraulic-cylinders.net\/wp-content\/uploads\/2025\/01\/hydraulic-cylinder-factory-2-1280x1629.webp 1280w, https:\/\/www.hydraulic-cylinders.net\/wp-content\/uploads\/2025\/01\/hydraulic-cylinder-factory-2-980x1248.webp 980w, https:\/\/www.hydraulic-cylinders.net\/wp-content\/uploads\/2025\/01\/hydraulic-cylinder-factory-2-480x611.webp 480w\" alt=\"\" width=\"2011\" height=\"2560\" \/><\/h2>\n<p>K\u00fc\u00e7\u00fck ve orta boy silindirler i\u00e7in, vardiya ba\u015f\u0131na 4.000 adetlik \u00fcretim kapasitesine sahip, otomatik y\u00fckleme-bo\u015faltma ve otomatik p\u00fcsk\u00fcrtme robotlar\u0131 ile \u00e7al\u0131\u015fan tam otomatik su bazl\u0131 boya kaplama hatt\u0131m\u0131z bulunmaktad\u0131r. B\u00fcy\u00fck \u00f6l\u00e7ekli silindirler i\u00e7in, g\u00fc\u00e7 zinciriyle \u00e7al\u0131\u015fan ve vardiya ba\u015f\u0131na 60 kasal\u0131k tasar\u0131m kapasitesine sahip yar\u0131 otomatik bir boyama hatt\u0131m\u0131z daha bulunmaktad\u0131r.<\/p>\n<p>\u00dcr\u00fcn performans\u0131n\u0131 daha da iyile\u015ftirmek ve hidrolik silindirlerimizin sekt\u00f6rdeki liderlik konumunu sa\u011flamak i\u00e7in firmam\u0131z ve zjimee ortakla\u015fa hidrolik silindirler, hidrolik valfler ve hidrolik pompalar i\u00e7in kapsaml\u0131 bir performans laboratuvar\u0131 kurdu; laboratuvar, elektro-hidrolik teknoloji kullan\u0131larak bilgisayar destekli testler yap\u0131yor, test ko\u015fullar\u0131, test do\u011frulu\u011funu ve sistem \u00e7ok y\u00f6nl\u00fcl\u00fc\u011f\u00fcn\u00fc art\u0131ran bir bilgisayar taraf\u0131ndan \u00f6nceden ayarlan\u0131yor ve deneysel veriler.<\/p>\n<p>Otomatik toplama, sens\u00f6rlerin uygulanmas\u0131yla ger\u00e7ekle\u015ftirilir ve silindirin veya valfin i\u00e7 s\u0131z\u0131nt\u0131s\u0131 ve y\u00fck verimlili\u011fi gibi \u00e7\u0131kt\u0131 verileri do\u011frudan bilgisayar taraf\u0131ndan i\u015flenerek standart birimlere (ml\/dak%) d\u00f6n\u00fc\u015ft\u00fcr\u00fcl\u00fcr. Ayn\u0131 zamanda, hidrolik sistemin \u00e7al\u0131\u015fma g\u00fcvenli\u011fini sa\u011flamak i\u00e7in, \"ya\u011f s\u0131cakl\u0131\u011f\u0131 izleme, s\u0131v\u0131 seviyesi izleme, filtre cihaz\u0131 izleme\" vb. gibi temel performans parametreleri i\u00e7in durum izleme i\u015flevi ger\u00e7ekle\u015ftirilir. Bunlar aras\u0131nda, hidrolik silindir test stand\u0131 \"y\u00fck\" performans\u0131n\u0131 test edebilir.<br \/>\nVerimlilik \"ve\" i\u00e7 s\u0131z\u0131nt\u0131 \"okumalar\u0131yla \u00f6l\u00e7\u00fcl\u00fcr. Ayn\u0131 zamanda, ulusal standarda g\u00f6re hidrolik silindir \u00fcr\u00fcnlerinin t\u00fcm test \u00f6\u011felerinin gereksinimlerini kar\u015f\u0131layan bir \u0131zgara cetveli \u00f6l\u00e7\u00fcm cihaz\u0131 ile donat\u0131lm\u0131\u015ft\u0131r.<\/p>\n<h3><strong>SSS B\u00f6l\u00fcm\u00fc:<\/strong><\/h3>\n<p><strong>S: B\u00fcy\u00fck Forkliftler i\u00e7in Yan Kayd\u0131rma Hidrolik Silindirlerinin temel \u00f6zellikleri nelerdir?<\/strong><br \/>\nC: Yan kayd\u0131rmal\u0131 hidrolik silindirlerimiz b\u00fcy\u00fck forkliftler i\u00e7in tasarlanm\u0131\u015ft\u0131r, hassas yan kayd\u0131rma, uzun \u00f6m\u00fcrl\u00fc performans i\u00e7in dayan\u0131kl\u0131 yap\u0131 ve ar\u0131za s\u00fcresini azaltmak i\u00e7in kolay kurulum sunar.<\/p>\n<p><strong>S: Bu silindirler a\u011f\u0131r hizmet uygulamalar\u0131n\u0131n \u00fcstesinden gelebilir mi?<\/strong><br \/>\nC: Evet, bu silindirler \u00f6zellikle a\u011f\u0131r hizmet tipi kullan\u0131m i\u00e7in tasarlanm\u0131\u015ft\u0131r ve bu da onlar\u0131 \u015fantiyeler, depolar ve limanlar gibi end\u00fcstriyel ortamlar i\u00e7in ideal hale getirir.<\/p>\n<p><strong>S: Bu hidrolik silindirlerin montaj\u0131 kolay m\u0131d\u0131r?<\/strong><br \/>\nC: Kesinlikle! Yan kayd\u0131rma silindirlerimiz, h\u0131zl\u0131 ve sorunsuz kurulum i\u00e7in tasarlanm\u0131\u015ft\u0131r; bu sayede ar\u0131za s\u00fcresi en aza indirilir ve forkliftinizin k\u0131sa s\u00fcrede tekrar \u00e7al\u0131\u015f\u0131r duruma gelmesi sa\u011flan\u0131r.<\/p>\n<p>&nbsp;<\/p>","protected":false},"excerpt":{"rendered":"<p>Side Shift Hydraulic Cylinders For Large Forklift Looking for reliable and efficient\u00a0Side Shift Hydraulic Cylinders for Large Forklifts? Our high-performance\u00a0Hydraulic Cylinders for Forklift Side Shifting\u00a0are designed to meet the demands of compact forklifts, offering precise side shifting for enhanced maneuverability in tight spaces. Built with\u00a0durable construction, these cylinders ensure long-lasting performance even in the toughest [&hellip;]<\/p>","protected":false},"featured_media":17581,"comment_status":"open","ping_status":"closed","template":"","meta":{"_et_pb_use_builder":"","_et_pb_old_content":"","_et_gb_content_width":""},"product_brand":[],"product_cat":[1550,1484,1376],"product_tag":[],"class_list":{"0":"post-17579","1":"product","2":"type-product","3":"status-publish","4":"has-post-thumbnail","6":"product_cat-double-acting-hydraulic-cylinder","7":"product_cat-forklift-hydraulic-cylinders","8":"product_cat-hydraulic-cylinder","10":"first","11":"instock","12":"shipping-taxable","13":"product-type-simple"},"amp_enabled":true,"_links":{"self":[{"href":"https:\/\/www.hydraulic-cylinders.net\/tr\/wp-json\/wp\/v2\/product\/17579","targetHints":{"allow":["GET"]}}],"collection":[{"href":"https:\/\/www.hydraulic-cylinders.net\/tr\/wp-json\/wp\/v2\/product"}],"about":[{"href":"https:\/\/www.hydraulic-cylinders.net\/tr\/wp-json\/wp\/v2\/types\/product"}],"replies":[{"embeddable":true,"href":"https:\/\/www.hydraulic-cylinders.net\/tr\/wp-json\/wp\/v2\/comments?post=17579"}],"wp:featuredmedia":[{"embeddable":true,"href":"https:\/\/www.hydraulic-cylinders.net\/tr\/wp-json\/wp\/v2\/media\/17581"}],"wp:attachment":[{"href":"https:\/\/www.hydraulic-cylinders.net\/tr\/wp-json\/wp\/v2\/media?parent=17579"}],"wp:term":[{"taxonomy":"product_brand","embeddable":true,"href":"https:\/\/www.hydraulic-cylinders.net\/tr\/wp-json\/wp\/v2\/product_brand?post=17579"},{"taxonomy":"product_cat","embeddable":true,"href":"https:\/\/www.hydraulic-cylinders.net\/tr\/wp-json\/wp\/v2\/product_cat?post=17579"},{"taxonomy":"product_tag","embeddable":true,"href":"https:\/\/www.hydraulic-cylinders.net\/tr\/wp-json\/wp\/v2\/product_tag?post=17579"}],"curies":[{"name":"wp","href":"https:\/\/api.w.org\/{rel}","templated":true}]}}