{"id":1758,"date":"2023-10-13T03:29:58","date_gmt":"2023-10-13T03:29:58","guid":{"rendered":"https:\/\/hydraulic-cylinders.net\/?post_type=product&#038;p=1758"},"modified":"2025-04-15T05:55:27","modified_gmt":"2025-04-15T05:55:27","slug":"cutter-suction-dredger-piling-cylinder","status":"publish","type":"product","link":"https:\/\/www.hydraulic-cylinders.net\/tr\/urun\/cutter-suction-dredger-piling-cylinder\/","title":{"rendered":"Kesici Emme Tarak Gemisi Kaz\u0131k Silindiri"},"content":{"rendered":"<h1 style=\"text-align: center;\"><strong>Kesici Emme Tarak Gemisi Kaz\u0131k Silindiri<\/strong><\/h1>\n<p><img loading=\"lazy\" decoding=\"async\" class=\"aligncenter wp-image-1759\" src=\"https:\/\/hydraulic-cylinders.net\/wp-content\/uploads\/2023\/10\/cutter-suction-dredger-piling-cylinder-1-300x300.webp\" alt=\"\" width=\"400\" height=\"400\" \/><\/p>\n<p>Kesici emme tarama gemisi kaz\u0131k \u00e7akma silindiri, \u00f6zellikle deniz in\u015faat projeleri i\u00e7in tasarlanm\u0131\u015f g\u00fc\u00e7l\u00fc ve \u00e7ok y\u00f6nl\u00fc bir hidrolik cihazd\u0131r. Sa\u011flam yap\u0131s\u0131 ve y\u00fcksek performans kapasitesiyle bu kaz\u0131k \u00e7akma silindiri, modern tarama i\u015flemlerinde \u00f6nemli bir bile\u015fendir.<\/p>\n<p>Kesici emme tarama gemisi kaz\u0131k \u00e7akma silindiri, deniz in\u015faat projelerini \u00f6nemli \u00f6l\u00e7\u00fcde geli\u015ftiren g\u00fcvenilir ve \u00e7ok y\u00f6nl\u00fc bir hidrolik cihazd\u0131r. Sa\u011flam yap\u0131s\u0131, ayarlanabilir strok uzunlu\u011fu ve g\u00fc\u00e7l\u00fc hidrolik sistemi ile hassas ve verimli kaz\u0131k \u00e7akma i\u015flemleri sa\u011flar. Do\u011fru kullan\u0131m y\u00f6ntemlerini izleyerek ve d\u00fczenli bak\u0131m yaparak, kullan\u0131c\u0131lar kesici emme tarama gemileri i\u00e7in bu temel bile\u015fenin \u00f6mr\u00fcn\u00fc ve performans\u0131n\u0131 en \u00fcst d\u00fczeye \u00e7\u0131karabilirler. Kesici emme tarama gemisi kaz\u0131k \u00e7akma silindirine yat\u0131r\u0131m yap\u0131n ve deniz in\u015faat \u00e7al\u0131\u015fmalar\u0131n\u0131zda artan verimlilik ve do\u011frulu\u011fu deneyimleyin.<\/p>\n<p>Kesici Emme Tarama Gemisi Kaz\u0131k \u00c7akma Silindirinin Ba\u015fl\u0131ca \u00d6zellikleri:<\/p>\n<ol>\n<li>Sa\u011flam Yap\u0131: Kesici emme tarama kaz\u0131k silindiri, deniz ortamlar\u0131n\u0131n zorlu ko\u015fullar\u0131na dayanacak \u015fekilde \u00fcretilmi\u015ftir. Y\u00fcksek kaliteli malzemelerden \u00fcretilen bu silindir, korozyona, a\u015f\u0131nmaya ve darbelere kar\u015f\u0131 m\u00fckemmel diren\u00e7 g\u00f6stererek uzun \u00f6m\u00fcrl\u00fc dayan\u0131kl\u0131l\u0131k sa\u011flar.<\/li>\n<li>Hidrolik G\u00fc\u00e7: Y\u00fcksek performansl\u0131 bir hidrolik sistemle donat\u0131lm\u0131\u015f olan bu kaz\u0131k silindiri, etkileyici bir g\u00fc\u00e7 ve hassasiyet sunar. Hidrolik enerjiyi verimli bir \u015fekilde aktararak kaz\u0131k \u00e7akma i\u015flemini ger\u00e7ekle\u015ftirir ve b\u00f6ylece verimlili\u011fi ve do\u011frulu\u011fu art\u0131r\u0131r.<\/li>\n<li>Ayarlanabilir Strok Uzunlu\u011fu: Kaz\u0131k \u00e7akma silindiri, projenin \u00f6zel gereksinimlerine g\u00f6re strok uzunlu\u011funu ayarlama esnekli\u011fi sunar. Bu uyarlanabilirlik, kaz\u0131k \u00e7akma derinli\u011fi \u00fczerinde hassas kontrol sa\u011flayarak \u00e7e\u015fitli deniz in\u015faat ihtiya\u00e7lar\u0131n\u0131 kar\u015f\u0131lar.<\/li>\n<\/ol>\n<h2><strong>Kesici Emme Tarama Gemisi Kaz\u0131k \u00c7akma Silindiri Parametreleri:<\/strong><\/h2>\n<table border=\"1\" cellspacing=\"0\" cellpadding=\"0\">\n<tbody>\n<tr>\n<td>\u00dcr\u00fcn Ad\u0131<\/td>\n<td>Kesici Emme Tarama Gemisi Hareketli Silindir<\/td>\n<\/tr>\n<tr>\n<td>\u00d6zellikler:<\/td>\n<td>Kesici-emici tarama gemisinin hareket mekanizmas\u0131n\u0131n ana y\u00fcr\u00fctme eleman\u0131 m\u0131d\u0131r?<\/td>\n<\/tr>\n<tr>\n<td>Delik \u00e7ap\u0131:<\/td>\n<td>480 mm'ye kadar<\/td>\n<\/tr>\n<tr>\n<td>\u00c7ubuk \u00e7ap\u0131:<\/td>\n<td>360 mm'ye kadar<br \/>\n9400 mm'ye kadar strok<\/td>\n<\/tr>\n<tr>\n<td>Bas\u0131n\u00e7:<\/td>\n<td>32 MPa'ya kadar<\/td>\n<\/tr>\n<tr>\n<td>\u0130tme kuvveti:<\/td>\n<td>Maksimum 2900 kN<\/td>\n<\/tr>\n<tr>\n<td>Uygulamalar:<\/td>\n<td>Kesici Emme Tarama Gemisi<\/td>\n<\/tr>\n<\/tbody>\n<\/table>\n<div><\/div>\n<div>\n<div class=\"txtboxL\">\n<div class=\"txtboxL\">\n<div class=\"txtboxL\">\n<div class=\"txtboxL\">\n<div class=\"txtboxL\">\n<div class=\"txtboxL\">\n<div class=\"txtboxL\">\n<div class=\"txtboxL\">\u00d6zellikler:<\/div>\n<div class=\"txtboxR\">Kesici-emici tarama gemisinin hareket mekanizmas\u0131n\u0131n ana y\u00fcr\u00fctme eleman\u0131 m\u0131d\u0131r?<\/div>\n<div class=\"txtboxL\">\u00d6zellikler:<\/div>\n<div class=\"txtboxR\">Delik \u00e7ap\u0131: 480 mm'ye kadar<br \/>\n\u00c7ubuk \u00e7ap\u0131: 360 mm'ye kadar<br \/>\n9400 mm'ye kadar strok<\/div>\n<div class=\"txtboxL\">Bas\u0131n\u00e7:<\/div>\n<div class=\"txtboxR\">32 MPa'ya kadar<\/div>\n<div class=\"txtboxL\">\u0130tme kuvveti:<\/div>\n<div class=\"txtboxR\">Maksimum 2900 kN<\/div>\n<\/div>\n<\/div>\n<\/div>\n<\/div>\n<\/div>\n<\/div>\n<\/div>\n<\/div>\n<h2><strong>Tarak Tank Kesici-Emi\u015f Silindirleri Uygulamas\u0131:<\/strong><\/h2>\n<p><img loading=\"lazy\" decoding=\"async\" class=\"alignnone wp-image-1757 size-full\" src=\"https:\/\/hydraulic-cylinders.net\/wp-content\/uploads\/2023\/10\/dredger-tank-cylinder-1.webp\" alt=\"\" width=\"600\" height=\"400\" srcset=\"https:\/\/hydraulic-cylinders.net\/wp-content\/uploads\/2023\/10\/dredger-tank-cylinder-1.webp 600w, https:\/\/hydraulic-cylinders.net\/wp-content\/uploads\/2023\/10\/dredger-tank-cylinder-1-480x320.webp 480w\" sizes=\"(min-width: 0px) and (max-width: 480px) 480px, (min-width: 481px) 600px, 100vw\" \/><\/p>\n<h2><strong>Kesici Emme Tarama Makinesi Kaz\u0131k \u00c7akma Silindirinin Kullan\u0131m Y\u00f6ntemi<\/strong><strong>:<\/strong><\/h2>\n<ul>\n<li><strong>Haz\u0131rl\u0131k:<\/strong> Kaz\u0131k \u00e7akma i\u015flemine ba\u015flamadan \u00f6nce t\u00fcm g\u00fcvenlik protokollerine uyuldu\u011fundan emin olun. Kaz\u0131k silindirini, ba\u011flant\u0131lar\u0131n\u0131 ve hidrolik sistemi herhangi bir hasar veya s\u0131z\u0131nt\u0131 belirtisi a\u00e7\u0131s\u0131ndan inceleyin. Hidrolik g\u00fc\u00e7 kayna\u011f\u0131n\u0131n do\u011fru \u015fekilde ba\u011fland\u0131\u011f\u0131n\u0131 ve \u00e7al\u0131\u015ft\u0131\u011f\u0131n\u0131 do\u011frulay\u0131n.<\/li>\n<li><strong>Konumland\u0131rma:<\/strong> Kaz\u0131k \u00e7akma silindirini, kaz\u0131k \u00e7akma i\u015flemi i\u00e7in istenen konuma yerle\u015ftirin. Hedef alanla hizalayarak, uygun denge ve deste\u011fi sa\u011flay\u0131n.<\/li>\n<li><strong>Ba\u011flant\u0131:<\/strong> Kaz\u0131k \u00e7akma silindirini, uyumlu ba\u011flant\u0131 par\u00e7alar\u0131 ve hortumlar kullanarak hidrolik g\u00fc\u00e7 kayna\u011f\u0131na ba\u011flay\u0131n. Ba\u011flant\u0131lar\u0131n sa\u011flam ve s\u0131zd\u0131rmaz oldu\u011fundan emin olun.<\/li>\n<li><strong>Vuru\u015f Uzunlu\u011funu Ayarlama:<\/strong> Kaz\u0131k \u00e7akma i\u015flemi i\u00e7in gereken derinli\u011fi dikkate alarak, kaz\u0131k silindirinde istenen strok uzunlu\u011funu ayarlay\u0131n. \u00dcreticinin talimatlar\u0131n\u0131 izleyerek, sa\u011flanan kontrolleri veya mekanizmalar\u0131 kullanarak strok uzunlu\u011funu ayarlay\u0131n.<\/li>\n<li><strong>Kaz\u0131k \u00c7akma \u0130\u015flemi:<\/strong> Kaz\u0131k \u00e7akma i\u015flemini ba\u015flatmak i\u00e7in hidrolik g\u00fc\u00e7 kayna\u011f\u0131n\u0131 etkinle\u015ftirin. Kesici Emme Tarama Kaz\u0131k \u00c7akma Silindiri, kaz\u0131klar\u0131 deniz taban\u0131na veya nehir yata\u011f\u0131na do\u011fru itecektir. \u0130stenilen derinlik ve do\u011frulu\u011fun elde edildi\u011finden emin olmak i\u00e7in s\u00fcreci yak\u0131ndan izleyin.<\/li>\n<\/ul>\n<h2><strong>Hidrolik Silindir Nas\u0131l Yeniden Paketlenir?<\/strong><\/h2>\n<p>Hidrolik silindirin yeniden paketlenmesi, i\u015flevselli\u011fini geri kazand\u0131rmak ve s\u0131z\u0131nt\u0131lar\u0131 \u00f6nlemek i\u00e7in contalar\u0131n ve di\u011fer bile\u015fenlerin de\u011fi\u015ftirilmesini i\u00e7erir. \u0130\u015fte hidrolik silindirin nas\u0131l yeniden paketlenece\u011fine dair genel bir k\u0131lavuz:<\/p>\n<ol>\n<li><strong>G\u00fcvenlik \u00d6nlemleri:<\/strong>\n<ul>\n<li>Hidrolik sistemin bas\u0131nc\u0131n\u0131n bo\u015falt\u0131ld\u0131\u011f\u0131ndan ve silindirin tamamen uzat\u0131ld\u0131\u011f\u0131ndan emin olun.<\/li>\n<li>Sistemin yanl\u0131\u015fl\u0131kla devreye girmesini \u00f6nlemek i\u00e7in uygun kilitleme\/etiketleme prosed\u00fcrlerini uygulay\u0131n.<\/li>\n<\/ul>\n<\/li>\n<li><strong>Silindirin \u00c7\u0131kar\u0131lmas\u0131:<\/strong>\n<ul>\n<li>Silindire ba\u011fl\u0131 t\u00fcm hidrolik hortumlar\u0131 veya ba\u011flant\u0131 par\u00e7alar\u0131n\u0131 ay\u0131r\u0131n.<\/li>\n<li>Silindiri ekipmana sabitleyen t\u00fcm pimleri veya c\u0131vatalar\u0131 \u00e7\u0131kar\u0131n.<\/li>\n<li>Silindiri montaj braketlerinden veya ba\u011flant\u0131lar\u0131ndan dikkatlice kayd\u0131rarak veya manevra yaparak \u00e7\u0131kar\u0131n.<\/li>\n<\/ul>\n<\/li>\n<li><strong>S\u00f6kme:<\/strong>\n<ul>\n<li>Silindiri temiz bir \u00e7al\u0131\u015fma y\u00fczeyine yerle\u015ftirin.<\/li>\n<li>Silindirin u\u00e7 kapaklar\u0131n\u0131, \u0130ngiliz anahtar\u0131 veya lokma anahtar tak\u0131m\u0131 gibi uygun aletler kullanarak \u00e7\u0131kar\u0131n.<\/li>\n<li>Par\u00e7alar\u0131 s\u00f6kerken, par\u00e7alar\u0131n s\u0131ras\u0131na ve y\u00f6n\u00fcne dikkat edin.<\/li>\n<li>Pistonu, mili ve contalar\u0131 silindir g\u00f6vdesinden \u00e7\u0131kar\u0131n.<\/li>\n<\/ul>\n<\/li>\n<li><strong>Conta De\u011fi\u015fimi:<\/strong>\n<ul>\n<li>Eski contalar\u0131 hasar veya a\u015f\u0131nma a\u00e7\u0131s\u0131ndan inceleyin ve ayn\u0131 boyut ve tipte yenileriyle de\u011fi\u015ftirin.<\/li>\n<li>Yeni contalar\u0131 takmadan \u00f6nce hidrolik ya\u011f ile ya\u011flay\u0131n.<\/li>\n<li>Yeni contalar\u0131 yuvalar\u0131na dikkatlice yerle\u015ftirin ve do\u011fru \u015fekilde oturduklar\u0131ndan emin olun.<\/li>\n<\/ul>\n<\/li>\n<li><strong>Par\u00e7a \u0130ncelemesi ve Temizli\u011fi:<\/strong>\n<ul>\n<li>Pistonu, biyel kolunu ve di\u011fer par\u00e7alar\u0131 hasar veya a\u015f\u0131nma belirtileri a\u00e7\u0131s\u0131ndan inceleyin.<\/li>\n<li>T\u00fcm par\u00e7alar\u0131 uygun bir temizleme \u00e7\u00f6z\u00fcc\u00fcs\u00fc kullanarak iyice temizleyin; b\u00f6ylece kir, toz ve hidrolik s\u0131v\u0131 kal\u0131nt\u0131lar\u0131 giderilir.<\/li>\n<li>Yeniden montaja ba\u015flamadan \u00f6nce t\u00fcm y\u00fczeylerin kuru oldu\u011fundan emin olun.<\/li>\n<\/ul>\n<\/li>\n<li><strong>Yeniden montaj:<\/strong>\n<ul>\n<li>Pistonu, kolu ve contalar\u0131 do\u011fru s\u0131ra ve y\u00f6ne dikkat ederek silindir g\u00f6vdesine geri tak\u0131n.<\/li>\n<li>Contalara ve di\u011fer temas y\u00fczeylerine ince bir tabaka hidrolik ya\u011f s\u00fcr\u00fcn.<\/li>\n<li>U\u00e7 kapaklar\u0131n\u0131 dikkatlice yeniden tak\u0131n ve \u00fcreticinin talimatlar\u0131na g\u00f6re iyice s\u0131k\u0131n.<\/li>\n<li>T\u00fcm di\u015fli ba\u011flant\u0131lar\u0131n do\u011fru \u015fekilde hizaland\u0131\u011f\u0131ndan ve s\u0131k\u0131ld\u0131\u011f\u0131ndan emin olun.<\/li>\n<\/ul>\n<\/li>\n<li><strong>Silindir Yeniden Tak\u0131lmas\u0131:<\/strong>\n<ul>\n<li>Yeniden monte edilen silindiri, montaj braketlerine veya ba\u011flant\u0131 noktalar\u0131na kayd\u0131rarak veya manevra yaparak geri yerle\u015ftirin.<\/li>\n<li>Silindiri yerine sabitlemek i\u00e7in t\u00fcm sabitleme pimlerini veya c\u0131vatalar\u0131 yeniden tak\u0131n.<\/li>\n<li>Hidrolik hortumlar\u0131 veya ba\u011flant\u0131 par\u00e7alar\u0131n\u0131 silindire yeniden ba\u011flay\u0131n ve do\u011fru hizalama ve s\u0131k\u0131l\u0131kta olduklar\u0131ndan emin olun.<\/li>\n<\/ul>\n<\/li>\n<li><strong>Test ve Muayene:<\/strong>\n<ul>\n<li>Hidrolik sisteme yeniden bas\u0131n\u00e7 uygulay\u0131n ve herhangi bir s\u0131z\u0131nt\u0131 veya anormal \u00e7al\u0131\u015fma olup olmad\u0131\u011f\u0131n\u0131 kontrol edin.<\/li>\n<li>Silindirin d\u00fczg\u00fcn hareket etmesini ve do\u011fru \u00e7al\u0131\u015fmas\u0131n\u0131 sa\u011flamak i\u00e7in silindiri tamamen uzat\u0131n ve geri \u00e7ekin.<\/li>\n<li>Silindiri ve ba\u011flant\u0131lar\u0131n\u0131 s\u0131z\u0131nt\u0131 veya ba\u015fka bir sorun olup olmad\u0131\u011f\u0131n\u0131 kontrol edin.<\/li>\n<\/ul>\n<\/li>\n<\/ol>\n<h2><strong>Fabrikan\u0131n Kapasitesi ve Kapasitesi:<\/strong><\/h2>\n<h3>(1) Meclis<\/h3>\n<p>Birinci s\u0131n\u0131f ba\u011f\u0131ms\u0131z bir ara\u015ft\u0131rma ve geli\u015ftirme montaj platformumuz bulunmaktad\u0131r. Hidrolik silindir \u00fcretim at\u00f6lyemizde, y\u0131ll\u0131k 1 milyon adet \u00fcretim kapasitesine sahip d\u00f6rt adet yar\u0131 otomatik kald\u0131rma silindiri montaj hatt\u0131 ve bir adet otomatik devirme silindiri montaj hatt\u0131 bulunmaktad\u0131r. \u00d6zel silindir at\u00f6lyemiz, y\u0131ll\u0131k 200.000 adet \u00fcretim kapasitesine sahip \u00e7e\u015fitli \u00f6zelliklerde yar\u0131 otomatik temizleme montaj sistemiyle donat\u0131lm\u0131\u015ft\u0131r. Ayr\u0131ca, \u00fcnl\u00fc CNC i\u015fleme ekipmanlar\u0131, bir i\u015fleme merkezi, y\u00fcksek hassasiyetli silindir i\u015fleme \u00f6zel ekipmanlar\u0131, bir robot kaynak makinesi, bir otomatik temizleme makinesi, otomatik silindir montaj makinesi ve otomatik boyama \u00fcretim hatt\u0131 ile donat\u0131lm\u0131\u015ft\u0131r. 300'den fazla setten olu\u015fan kritik ekipmanlar mevcuttur. Ekipman kaynaklar\u0131n\u0131n optimum da\u011f\u0131l\u0131m\u0131 ve verimli kullan\u0131m\u0131, \u00fcr\u00fcnlerin hassasiyet gereksinimlerini kar\u015f\u0131lar ve \u00fcr\u00fcnlerin y\u00fcksek kalite ihtiya\u00e7lar\u0131n\u0131 kar\u015f\u0131lar.<\/p>\n<p><img loading=\"lazy\" decoding=\"async\" class=\"alignnone wp-image-626\" src=\"https:\/\/hydraulic-cylinders.net\/wp-content\/uploads\/2023\/08\/hydraulic-cylinder-product-1-300x158.webp\" alt=\"\" width=\"495\" height=\"260\" srcset=\"https:\/\/hydraulic-cylinders.net\/wp-content\/uploads\/2023\/08\/hydraulic-cylinder-product-1-300x158.webp 495w, https:\/\/hydraulic-cylinders.net\/wp-content\/uploads\/2023\/08\/hydraulic-cylinder-product-1-480x252.webp 480w\" sizes=\"(min-width: 0px) and (max-width: 480px) 480px, (min-width: 481px) 495px, 100vw\" \/> <img loading=\"lazy\" decoding=\"async\" class=\"alignnone wp-image-627\" src=\"https:\/\/hydraulic-cylinders.net\/wp-content\/uploads\/2023\/08\/hydraulic-cylinder-product-2-300x189.webp\" alt=\"\" width=\"413\" height=\"260\" \/><\/p>\n<h3>(2) \u0130\u015fleme<\/h3>\n<p>\u0130\u015fleme at\u00f6lyesi, maksimum 400 mm i\u00e7 \u00e7apa ve maksimum 6 metre uzunlu\u011fa sahip silindir borular\u0131n\u0131n i\u015flenmesini ger\u00e7ekle\u015ftirebilen \u00f6zel e\u011fimli ray torna merkezi, i\u015fleme merkezi, y\u00fcksek h\u0131zl\u0131 honlama makinesi, kaynak robotu ve di\u011fer ilgili ekipmanlarla donat\u0131lm\u0131\u015ft\u0131r.<\/p>\n<p><img loading=\"lazy\" decoding=\"async\" class=\"alignnone wp-image-628 size-large\" src=\"https:\/\/hydraulic-cylinders.net\/wp-content\/uploads\/2023\/08\/hydraulic-cylinder-product-3-1024x391.webp\" alt=\"\" width=\"1024\" height=\"391\" srcset=\"https:\/\/hydraulic-cylinders.net\/wp-content\/uploads\/2023\/08\/hydraulic-cylinder-product-3-980x374.webp 980w, https:\/\/hydraulic-cylinders.net\/wp-content\/uploads\/2023\/08\/hydraulic-cylinder-product-3-480x183.webp 480w\" sizes=\"(min-width: 0px) and (max-width: 480px) 480px, (min-width: 481px) and (max-width: 980px) 980px, (min-width: 981px) 1024px, 100vw\" \/><\/p>\n<h3>(3) Kaynak<\/h3>\n<p><img loading=\"lazy\" decoding=\"async\" class=\"alignnone wp-image-629 size-large\" src=\"https:\/\/hydraulic-cylinders.net\/wp-content\/uploads\/2023\/08\/hydraulic-cylinder-product-4-1024x510.webp\" alt=\"\" width=\"1024\" height=\"510\" srcset=\"https:\/\/hydraulic-cylinders.net\/wp-content\/uploads\/2023\/08\/hydraulic-cylinder-product-4-980x488.webp 980w, https:\/\/hydraulic-cylinders.net\/wp-content\/uploads\/2023\/08\/hydraulic-cylinder-product-4-480x239.webp 480w\" sizes=\"(min-width: 0px) and (max-width: 480px) 480px, (min-width: 481px) and (max-width: 980px) 980px, (min-width: 981px) 1024px, 100vw\" \/><\/p>\n<h3>(4) Boyama ve kaplama<\/h3>\n<p>K\u00fc\u00e7\u00fck ve orta \u00f6l\u00e7ekli silindirli otomatik su bazl\u0131 boya kaplama hatlar\u0131nda, otomatik robot y\u00fckleme-bo\u015faltma ve otomatik p\u00fcsk\u00fcrtmeyi ger\u00e7ekle\u015ftirmek i\u00e7in, vardiya ba\u015f\u0131na 4000 adet tasar\u0131m kapasitesi;<br \/>\nAyr\u0131ca, vardiya ba\u015f\u0131na 60 kasa kapasiteli, g\u00fc\u00e7 zinciriyle \u00e7al\u0131\u015fan b\u00fcy\u00fck silindirler i\u00e7in yar\u0131 otomatik boya \u00fcretim hatt\u0131m\u0131z da bulunmaktad\u0131r.<\/p>\n<p><img loading=\"lazy\" decoding=\"async\" class=\"alignnone wp-image-630\" src=\"https:\/\/hydraulic-cylinders.net\/wp-content\/uploads\/2023\/08\/hydraulic-cylinder-product-5-300x213.webp\" alt=\"\" width=\"366\" height=\"260\" \/> <img loading=\"lazy\" decoding=\"async\" class=\"alignnone wp-image-631\" src=\"https:\/\/hydraulic-cylinders.net\/wp-content\/uploads\/2023\/08\/hydraulic-cylinder-product-6-300x225.webp\" alt=\"\" width=\"347\" height=\"260\" \/><\/p>\n<h3>(5) Test etme<\/h3>\n<p>Silindirin performans\u0131n\u0131n gereklilikleri kar\u015f\u0131lad\u0131\u011f\u0131ndan emin olmak i\u00e7in birinci s\u0131n\u0131f muayene tesislerimiz ve test yataklar\u0131m\u0131z bulunmaktad\u0131r.<\/p>\n<p><img loading=\"lazy\" decoding=\"async\" class=\"alignnone wp-image-632\" src=\"https:\/\/hydraulic-cylinders.net\/wp-content\/uploads\/2023\/08\/hydraulic-cylinder-product-8-300x200.webp\" alt=\"\" width=\"389\" height=\"260\" \/><\/p>\n<p>&nbsp;<\/p>\n<p>&nbsp;<\/p>\n<p>En iyi hidrolik silindir \u00fcreticilerinden biriyiz. Kapsaml\u0131 hidrolik silindirler sunabiliyoruz. Ayr\u0131ca, ilgili hidrolik silindirleri de sa\u011fl\u0131yoruz. <a href=\"https:\/\/hzpt.com\/agricultural-pto-gearbox\/\" target=\"_blank\" rel=\"noopener\">tar\u0131msal di\u015fli kutular\u0131<\/a>\u00dcr\u00fcnlerimizi d\u00fcnya \u00e7ap\u0131ndaki m\u00fc\u015fterilerimize ihra\u00e7 ettik ve \u00fcst\u00fcn \u00fcr\u00fcn kalitemiz ve sat\u0131\u015f sonras\u0131 hizmetlerimiz sayesinde iyi bir itibar kazand\u0131k. Yurt i\u00e7i ve yurt d\u0131\u015f\u0131ndaki m\u00fc\u015fterilerimizi i\u015f g\u00f6r\u00fc\u015fmeleri yapmak, bilgi al\u0131\u015fveri\u015finde bulunmak ve <a href=\"https:\/\/www.hydraulic-cylinders.net\/tr\/contact-us\/\">bizimle i\u015fbirli\u011fi yap\u0131n<\/a>!<\/p>","protected":false},"excerpt":{"rendered":"<p>Cutter Suction Dredger Piling Cylinder The cutter suction dredger piling cylinder is a powerful and versatile hydraulic device designed specifically for marine construction projects. With its robust construction and high-performance capabilities, this piling cylinder is a key component in modern dredging operations. The cutter suction dredger piling cylinder is a reliable and versatile hydraulic device [&hellip;]<\/p>","protected":false},"featured_media":1760,"comment_status":"open","ping_status":"closed","template":"","meta":{"_et_pb_use_builder":"","_et_pb_old_content":"","_et_gb_content_width":""},"product_brand":[],"product_cat":[1535,1549,1552,1376],"product_tag":[1380],"class_list":{"0":"post-1758","1":"product","2":"type-product","3":"status-publish","4":"has-post-thumbnail","6":"product_cat-dredger-hydraulic-cylinders","7":"product_cat-single-acting-hydraulic-cylinder","8":"product_cat-stainless-steel-hydraulic-cylinder","9":"product_cat-hydraulic-cylinder","10":"product_tag-hydraulic-cylinder","12":"first","13":"instock","14":"shipping-taxable","15":"product-type-simple"},"amp_enabled":true,"_links":{"self":[{"href":"https:\/\/www.hydraulic-cylinders.net\/tr\/wp-json\/wp\/v2\/product\/1758","targetHints":{"allow":["GET"]}}],"collection":[{"href":"https:\/\/www.hydraulic-cylinders.net\/tr\/wp-json\/wp\/v2\/product"}],"about":[{"href":"https:\/\/www.hydraulic-cylinders.net\/tr\/wp-json\/wp\/v2\/types\/product"}],"replies":[{"embeddable":true,"href":"https:\/\/www.hydraulic-cylinders.net\/tr\/wp-json\/wp\/v2\/comments?post=1758"}],"wp:featuredmedia":[{"embeddable":true,"href":"https:\/\/www.hydraulic-cylinders.net\/tr\/wp-json\/wp\/v2\/media\/1760"}],"wp:attachment":[{"href":"https:\/\/www.hydraulic-cylinders.net\/tr\/wp-json\/wp\/v2\/media?parent=1758"}],"wp:term":[{"taxonomy":"product_brand","embeddable":true,"href":"https:\/\/www.hydraulic-cylinders.net\/tr\/wp-json\/wp\/v2\/product_brand?post=1758"},{"taxonomy":"product_cat","embeddable":true,"href":"https:\/\/www.hydraulic-cylinders.net\/tr\/wp-json\/wp\/v2\/product_cat?post=1758"},{"taxonomy":"product_tag","embeddable":true,"href":"https:\/\/www.hydraulic-cylinders.net\/tr\/wp-json\/wp\/v2\/product_tag?post=1758"}],"curies":[{"name":"wp","href":"https:\/\/api.w.org\/{rel}","templated":true}]}}