{"id":17593,"date":"2025-03-18T06:19:55","date_gmt":"2025-03-18T06:19:55","guid":{"rendered":"https:\/\/www.hydraulic-cylinders.net\/?post_type=product&#038;p=17593"},"modified":"2025-04-11T03:15:26","modified_gmt":"2025-04-11T03:15:26","slug":"steering-hydraulic-cylinders-for-large-forklift","status":"publish","type":"product","link":"https:\/\/www.hydraulic-cylinders.net\/tr\/urun\/steering-hydraulic-cylinders-for-large-forklift\/","title":{"rendered":"B\u00fcy\u00fck Forkliftler \u0130\u00e7in Direksiyon Hidrolik Silindirleri"},"content":{"rendered":"<h1 style=\"text-align: center;\"><strong>B\u00fcy\u00fck Forkliftler \u0130\u00e7in Direksiyon Hidrolik Silindirleri<\/strong><\/h1>\n<p>Direksiyon hidrolik silindirleri, b\u00fcy\u00fck forkliftlerde direksiyon kontrol\u00fc i\u00e7in gerekli g\u00fc\u00e7 ve hassasiyeti sa\u011flayan hayati bile\u015fenlerdir. Bu silindirler, dar alanlarda hareket etmek ve karma\u015f\u0131k g\u00f6revleri yerine getirmek i\u00e7in gerekli olan ak\u0131c\u0131 manevra kabiliyetini sa\u011flar. Hidrolik bas\u0131nc\u0131 mekanik g\u00fcce d\u00f6n\u00fc\u015ft\u00fcrerek, direksiyon hidrolik silindirleri forklift operasyonlar\u0131n\u0131n genel verimlili\u011fini ve g\u00fcvenli\u011fini art\u0131r\u0131r.<\/p>\n<p>Direksiyon hidrolik silindirleri, b\u00fcy\u00fck forkliftlerin etkili \u00e7al\u0131\u015fmas\u0131 i\u00e7in olmazsa olmazd\u0131r. Sa\u011flam tasar\u0131mlar\u0131, verimlilikleri ve uyarlanabilirlikleri, onlar\u0131 \u00e7e\u015fitli end\u00fcstriyel uygulamalarda kritik bir bile\u015fen haline getirir. Operat\u00f6rler, \u00f6zelliklerini, do\u011fru kullan\u0131m y\u00f6ntemlerini ve bak\u0131m gereksinimlerini anlayarak forkliftlerinin performans\u0131n\u0131 ve g\u00fcvenli\u011fini en \u00fcst d\u00fczeye \u00e7\u0131karabilir ve sonu\u00e7 olarak i\u015f yerindeki verimlili\u011fi art\u0131rabilirler. Y\u00fcksek kaliteli direksiyon hidrolik silindirlerine yat\u0131r\u0131m yapmak, zorlu ortamlarda manevra yapmak i\u00e7in hayati \u00f6nem ta\u015f\u0131yan g\u00fcvenilir ve hassas direksiyon kontrol\u00fc sa\u011flar.<\/p>\n<h1 style=\"text-align: center;\"><img loading=\"lazy\" decoding=\"async\" class=\"alignnone wp-image-17590\" src=\"https:\/\/www.hydraulic-cylinders.net\/wp-content\/uploads\/2025\/03\/Lift-hydraulic-cylinders-for-large-forklift.jpg\" alt=\"\" width=\"500\" height=\"500\" srcset=\"https:\/\/www.hydraulic-cylinders.net\/wp-content\/uploads\/2025\/03\/Lift-hydraulic-cylinders-for-large-forklift.jpg 500w, https:\/\/www.hydraulic-cylinders.net\/wp-content\/uploads\/2025\/03\/Lift-hydraulic-cylinders-for-large-forklift-480x480.jpg 480w\" sizes=\"(min-width: 0px) and (max-width: 480px) 480px, (min-width: 481px) 500px, 100vw\" \/><\/h1>\n<p style=\"text-align: center;\"><strong>B\u00fcy\u00fck Forkliftler \u0130\u00e7in Direksiyon Hidrolik Silindirleri<\/strong><\/p>\n<h2><strong>B\u00fcy\u00fck Forkliftler \u0130\u00e7in Direksiyon Hidrolik Silindirleri <\/strong><strong>Teknik \u00d6zellikler<\/strong><strong>:<\/strong><\/h2>\n<p><strong>\u0130\u015flev:<\/strong> Forklift direksiyon aks\u0131 eylemini uygulay\u0131n ve forklift lastik direksiyonunu etkinle\u015ftirin<br \/>\n<strong>Silindir \u00e7ap\u0131:<\/strong> 80mm-160mm<br \/>\n<strong>\u00c7ubuk \u00e7ap\u0131:<\/strong> 50mm-110mm<br \/>\n<strong>Seyahat:<\/strong> 71 mm \u00d7 2 \u2013 235 mm \u00d7 2<br \/>\n<strong>Maksimum bas\u0131n\u00e7:<\/strong> 18MPa<br \/>\n<strong>Maksimum itme:<\/strong> 362KN<\/p>\n<h2><strong>B\u00fcy\u00fck Forklift Hidrolik Silindir Serisi:\u00a0<\/strong><\/h2>\n<h2><img loading=\"lazy\" decoding=\"async\" class=\"alignnone size-full wp-image-17582\" src=\"https:\/\/www.hydraulic-cylinders.net\/wp-content\/uploads\/2025\/03\/large-forklift-hydraulic-cylinder-construction.webp\" alt=\"\" width=\"1100\" height=\"615\" srcset=\"https:\/\/www.hydraulic-cylinders.net\/wp-content\/uploads\/2025\/03\/large-forklift-hydraulic-cylinder-construction.webp 1100w, https:\/\/www.hydraulic-cylinders.net\/wp-content\/uploads\/2025\/03\/large-forklift-hydraulic-cylinder-construction-980x548.webp 980w, https:\/\/www.hydraulic-cylinders.net\/wp-content\/uploads\/2025\/03\/large-forklift-hydraulic-cylinder-construction-480x268.webp 480w\" sizes=\"(min-width: 0px) and (max-width: 480px) 480px, (min-width: 481px) and (max-width: 980px) 980px, (min-width: 981px) 1100px, 100vw\" \/><\/h2>\n<h2><strong>B\u00fcy\u00fck Forkliftler \u0130\u00e7in Direksiyon Hidrolik Silindirlerinin Temel \u00d6zellikleri<\/strong><strong>:<\/strong><\/h2>\n<ul>\n<li><strong>Sa\u011flam Yap\u0131:<\/strong> Direksiyon hidrolik silindirleri, y\u00fcksek kaliteli \u00e7elik ve g\u00fc\u00e7lendirilmi\u015f malzemelerden \u00fcretilmi\u015ftir ve a\u011f\u0131r hizmet uygulamalar\u0131n\u0131n zorlu ko\u015fullar\u0131na dayanabilmelerini sa\u011flar. Bu dayan\u0131kl\u0131l\u0131k, uzun \u00f6m\u00fcrl\u00fc performansa, s\u0131k s\u0131k de\u011fi\u015ftirme ihtiyac\u0131n\u0131 azaltmaya ve bak\u0131m maliyetlerinden tasarruf sa\u011flamaya yard\u0131mc\u0131 olur.<\/li>\n<li><strong>Y\u00fcksek Verimlilik:<\/strong> Bu silindirler, h\u0131zl\u0131 ve hassas direksiyon hareketleri i\u00e7in tasarlanm\u0131\u015ft\u0131r. Bu tasar\u0131m, operat\u00f6r\u00fcn forklift \u00fczerindeki kontrol\u00fcn\u00fc art\u0131rarak hassas manevralar yapmas\u0131n\u0131 kolayla\u015ft\u0131r\u0131r. \u0130ster dar alanlarda gezinirken ister keskin d\u00f6n\u00fc\u015fler yaparken, operat\u00f6rler hidrolik sistemin an\u0131nda tepki verece\u011finden emin olabilir ve bu da genel verimlili\u011fi art\u0131r\u0131r.<\/li>\n<li><strong>Kompakt Tasar\u0131m:<\/strong> Direksiyon hidrolik silindirlerinin kompakt boyutu, \u00e7e\u015fitli forklift modellerine kolay kurulum sa\u011flar. Bu \u00f6zellik, forklift tasar\u0131m\u0131nda alan verimlili\u011fini en \u00fcst d\u00fczeye \u00e7\u0131kararak \u00fcreticilerin i\u015flevsellikten \u00f6d\u00fcn vermeden performans\u0131 optimize etmelerini sa\u011flar. Operat\u00f6rler, dar ortamlarda \u00e7evikli\u011fi art\u0131ran ak\u0131c\u0131 bir kurulumdan faydalan\u0131r.<\/li>\n<li><strong>Koruma \u0130\u00e7in M\u00fch\u00fcrlendi:<\/strong> Bu silindirlerin s\u0131zd\u0131rmaz hidrolik sistemleri, kir ve neme kar\u015f\u0131 \u00f6nemli bir koruma sa\u011flar. Bu s\u0131zd\u0131rmazl\u0131k, hidrolik s\u0131v\u0131n\u0131n b\u00fct\u00fcnl\u00fc\u011f\u00fcn\u00fcn korunmas\u0131na yard\u0131mc\u0131 olarak zorlu ko\u015fullarda bile tutarl\u0131 performans sa\u011flar. Kirleticilerin sisteme girmesini \u00f6nleyerek, bu silindirler a\u015f\u0131nma ve y\u0131pranmay\u0131 azaltarak \u00e7al\u0131\u015fma \u00f6m\u00fcrlerini uzat\u0131r.<\/li>\n<li><strong>\u00c7ok Y\u00f6nl\u00fc Uyumluluk:<\/strong> Direksiyon hidrolik silindirleri, \u00e7ok \u00e7e\u015fitli forklift modelleriyle uyumlu olacak \u015fekilde tasarlanm\u0131\u015ft\u0131r. Bu \u00e7ok y\u00f6nl\u00fcl\u00fck, onlar\u0131 filo bak\u0131m\u0131 ve y\u00fckseltmeleri i\u00e7in ideal bir se\u00e7im haline getirerek, i\u015fletmelerin farkl\u0131 makinelerdeki par\u00e7alar\u0131 standartla\u015ft\u0131rmas\u0131na olanak tan\u0131r. Operat\u00f6rler, uyumluluk sorunlar\u0131 konusunda endi\u015felenmeden silindirleri kolayca de\u011fi\u015ftirebilir veya y\u00fckseltebilir, b\u00f6ylece bak\u0131m s\u00fcre\u00e7leri kolayla\u015ft\u0131r\u0131l\u0131r.<\/li>\n<\/ul>\n<h2><strong>B\u00fcy\u00fck Forkliftler \u0130\u00e7in Direksiyon Hidrolik Silindirlerinin Kullan\u0131m \u00d6rnekleri:<\/strong><\/h2>\n<p>Direksiyon hidrolik silindirleri, \u00e7e\u015fitli sekt\u00f6rlerdeki b\u00fcy\u00fck forkliftlerin i\u015flevselli\u011fini ve verimlili\u011fini art\u0131rmada \u00f6nemli bir rol oynar. \u0130\u015fte baz\u0131 \u00f6nemli kullan\u0131m \u00f6rnekleri:<\/p>\n<h4>1. <strong>Depo Operasyonlar\u0131<\/strong><\/h4>\n<p>Depolarda, direksiyon hidrolik silindirleriyle donat\u0131lm\u0131\u015f b\u00fcy\u00fck forkliftler dar koridorlarda hareket eder ve a\u011f\u0131r paletleri manevra eder. Hassas direksiyon yetenekleri, operat\u00f6rlerin mallar\u0131 verimli bir \u015fekilde istifleyip almas\u0131n\u0131 sa\u011flayarak alan\u0131 optimize eder ve envanter y\u00f6netimini iyile\u015ftirir.<\/p>\n<h4>2. <strong>\u0130n\u015faat Alanlar\u0131<\/strong><\/h4>\n<p>Bu silindirler, \u015fantiyelerde \u00e7elik kiri\u015fler ve beton bloklar gibi a\u011f\u0131r malzemelerin ta\u015f\u0131nmas\u0131 i\u00e7in gerekli kontrol\u00fc sa\u011flar. Operat\u00f6rler, forklifti dar alanlarda kolayca y\u00f6nlendirebilir ve proje zaman \u00e7izelgeleri a\u00e7\u0131s\u0131ndan kritik \u00f6neme sahip olan malzemelerin g\u00fcvenli ve do\u011fru bir \u015fekilde yerle\u015ftirilmesini sa\u011flayabilir.<\/p>\n<h4>3. <strong>\u00dcretim Tesisleri<\/strong><\/h4>\n<p>\u00dcretimde, hidrolik silindirlerin y\u00f6nlendirilmesi, par\u00e7a ve bile\u015fenlerin farkl\u0131 \u00fcretim a\u015famalar\u0131 aras\u0131nda ta\u015f\u0131nmas\u0131n\u0131 kolayla\u015ft\u0131r\u0131r. H\u0131zl\u0131 ve duyarl\u0131 direksiyon, operat\u00f6rlerin \u00fcr\u00fcnleri verimli bir \u015fekilde ta\u015f\u0131mas\u0131n\u0131 sa\u011flayarak, duru\u015f s\u00fcrelerini azalt\u0131r ve tesis genelinde i\u015f ak\u0131\u015f\u0131n\u0131 iyile\u015ftirir.<\/p>\n<h4>4. <strong>Tar\u0131msal Uygulamalar<\/strong><\/h4>\n<p>Tar\u0131mda kullan\u0131lan b\u00fcy\u00fck forkliftler, balyalar\u0131, kasalar\u0131 ve di\u011fer tar\u0131m \u00fcr\u00fcnlerini ta\u015f\u0131mak i\u00e7in direksiyon hidrolik silindirleri kullan\u0131r. Geli\u015fmi\u015f manevra kabiliyeti, \u00e7ift\u00e7ilerin malzemeleri h\u0131zl\u0131 bir \u015fekilde y\u00fckleyip bo\u015faltmas\u0131na olanak tan\u0131yarak, yo\u011fun sezonlarda operasyonlar\u0131 daha verimli hale getirir.<\/p>\n<h4>5. <strong>Geri D\u00f6n\u00fc\u015f\u00fcm ve At\u0131k Y\u00f6netimi<\/strong><\/h4>\n<p>Geri d\u00f6n\u00fc\u015f\u00fcm tesislerinde, hidrolik silindirler forkliftlerin geri d\u00f6n\u00fc\u015ft\u00fcr\u00fclebilir malzemeleri ta\u015f\u0131mas\u0131na ve istiflemesine yard\u0131mc\u0131 olur. Karma\u015f\u0131k ortamlarda hareket edebilme yetenekleri, operasyonlar\u0131n sorunsuz bir \u015fekilde y\u00fcr\u00fct\u00fclmesini sa\u011flayarak ay\u0131rma s\u00fcre\u00e7lerini ve genel verimlili\u011fi art\u0131r\u0131r.<\/p>\n<h3><span style=\"color: #666666; font-size: 14px;\">A\u011f\u0131r hizmet tipi forklift silindirleri mi ar\u0131yorsunuz? \u00dcr\u00fcnlerimize g\u00f6z at\u0131n <\/span><a style=\"font-size: 14px;\" href=\"https:\/\/www.hydraulic-cylinders.net\/tr\/forklift-hydraulic-cylinder\/\">A\u011f\u0131r Hizmet Tipi Hidrolik Silindirler<\/a><span style=\"color: #666666; font-size: 14px;\">.<\/span><\/h3>\n<h2><strong>Forklift Silindir \u00dcretim Alan\u0131:<\/strong><\/h2>\n<h2><img loading=\"lazy\" decoding=\"async\" class=\"alignnone size-full wp-image-16972\" src=\"https:\/\/www.hydraulic-cylinders.net\/wp-content\/uploads\/2025\/01\/hydraulic-cylinder-factory-1-scaled.webp\" sizes=\"(min-width: 0px) and (max-width: 480px) 480px, (min-width: 481px) and (max-width: 980px) 980px, (min-width: 981px) and (max-width: 1280px) 1280px, (min-width: 1281px) 2016px, 100vw\" srcset=\"https:\/\/www.hydraulic-cylinders.net\/wp-content\/uploads\/2025\/01\/hydraulic-cylinder-factory-1-scaled.webp 2016w, https:\/\/www.hydraulic-cylinders.net\/wp-content\/uploads\/2025\/01\/hydraulic-cylinder-factory-1-1280x1625.webp 1280w, https:\/\/www.hydraulic-cylinders.net\/wp-content\/uploads\/2025\/01\/hydraulic-cylinder-factory-1-980x1244.webp 980w, https:\/\/www.hydraulic-cylinders.net\/wp-content\/uploads\/2025\/01\/hydraulic-cylinder-factory-1-480x610.webp 480w\" alt=\"\" width=\"2016\" height=\"2560\" \/><\/h2>\n<p>Montaj i\u00e7in birinci s\u0131n\u0131f, ba\u011f\u0131ms\u0131z bir Ar-Ge platformumuz bulunmaktad\u0131r. Forklift silindir \u00fcretim at\u00f6lyemizde, y\u0131ll\u0131k \u00fcretim kapasitesi milyon adet olan d\u00f6rt adet yar\u0131 otomatik kald\u0131rma silindiri montaj hatt\u0131 ve tam otomatik bir devirme silindiri montaj hatt\u0131 bulunmaktad\u0131r. \u00d6zel silindir at\u00f6lyemizde ise, y\u0131ll\u0131k \u00fcretim kapasitesi 200.000 adet olan \u00e7e\u015fitli \u00f6zelliklerde yar\u0131 otomatik temizleme ve montaj sistemleri bulunmaktad\u0131r. At\u00f6lyemiz, \u00fcnl\u00fc marka CNC i\u015fleme ekipmanlar\u0131, i\u015fleme merkezleri, y\u00fcksek hassasiyetli silindir i\u015fleme i\u00e7in \u00f6zel ekipmanlar, robot kaynak makineleri, otomatik temizleme makineleri, otomatik silindir montaj makineleri ve otomatik boya \u00fcretim hatlar\u0131 ile donat\u0131lm\u0131\u015ft\u0131r. 300'den fazla ana ekipman setimiz \u00e7al\u0131\u015f\u0131r durumdad\u0131r. Ekipman kaynaklar\u0131n\u0131n optimize edilmi\u015f tahsisi ve verimli kullan\u0131m\u0131, \u00fcr\u00fcnlerin hassasiyet gereksinimlerini kar\u015f\u0131lar ve y\u00fcksek standart kalite gereksinimlerini kar\u015f\u0131lar.<\/p>\n<p>\u0130\u015fleme at\u00f6lyesi, 400 mm Maksimum \u0130\u00e7 \u00c7ap ve 6 metre Maksimum Uzunlu\u011fa sahip silindir borular\u0131n\u0131n i\u015fleme i\u015flerini ger\u00e7ekle\u015ftirebilen \u00f6zel yap\u0131m e\u011fimli k\u0131lavuz ray tornalama merkezleri, i\u015fleme merkezleri, y\u00fcksek h\u0131zl\u0131 honlama makineleri, kaynak robotlar\u0131 ve di\u011fer ilgili ekipmanlarla donat\u0131lm\u0131\u015ft\u0131r.<\/p>\n<h2><img loading=\"lazy\" decoding=\"async\" class=\"alignnone size-full wp-image-16973\" src=\"https:\/\/www.hydraulic-cylinders.net\/wp-content\/uploads\/2025\/01\/hydraulic-cylinder-factory-2-scaled.webp\" sizes=\"(min-width: 0px) and (max-width: 480px) 480px, (min-width: 481px) and (max-width: 980px) 980px, (min-width: 981px) and (max-width: 1280px) 1280px, (min-width: 1281px) 2011px, 100vw\" srcset=\"https:\/\/www.hydraulic-cylinders.net\/wp-content\/uploads\/2025\/01\/hydraulic-cylinder-factory-2-scaled.webp 2011w, https:\/\/www.hydraulic-cylinders.net\/wp-content\/uploads\/2025\/01\/hydraulic-cylinder-factory-2-1280x1629.webp 1280w, https:\/\/www.hydraulic-cylinders.net\/wp-content\/uploads\/2025\/01\/hydraulic-cylinder-factory-2-980x1248.webp 980w, https:\/\/www.hydraulic-cylinders.net\/wp-content\/uploads\/2025\/01\/hydraulic-cylinder-factory-2-480x611.webp 480w\" alt=\"\" width=\"2011\" height=\"2560\" \/><\/h2>\n<p>K\u00fc\u00e7\u00fck ve orta boy silindirler i\u00e7in, vardiya ba\u015f\u0131na 4.000 adetlik \u00fcretim kapasitesine sahip, otomatik y\u00fckleme-bo\u015faltma ve otomatik p\u00fcsk\u00fcrtme robotlar\u0131 ile \u00e7al\u0131\u015fan tam otomatik su bazl\u0131 boya kaplama hatt\u0131m\u0131z bulunmaktad\u0131r. B\u00fcy\u00fck \u00f6l\u00e7ekli silindirler i\u00e7in, g\u00fc\u00e7 zinciriyle \u00e7al\u0131\u015fan ve vardiya ba\u015f\u0131na 60 kasal\u0131k tasar\u0131m kapasitesine sahip yar\u0131 otomatik bir boyama hatt\u0131m\u0131z daha bulunmaktad\u0131r.<\/p>\n<p>\u00dcr\u00fcn performans\u0131n\u0131 daha da iyile\u015ftirmek ve hidrolik silindirlerimizin sekt\u00f6rdeki liderlik konumunu sa\u011flamak i\u00e7in firmam\u0131z ve zjimee ortakla\u015fa hidrolik silindirler, hidrolik valfler ve hidrolik pompalar i\u00e7in kapsaml\u0131 bir performans laboratuvar\u0131 kurdu; laboratuvar, elektro-hidrolik teknoloji kullan\u0131larak bilgisayar destekli testler yap\u0131yor, test ko\u015fullar\u0131, test do\u011frulu\u011funu ve sistem \u00e7ok y\u00f6nl\u00fcl\u00fc\u011f\u00fcn\u00fc art\u0131ran bir bilgisayar taraf\u0131ndan \u00f6nceden ayarlan\u0131yor ve deneysel veriler.<\/p>\n<p>Otomatik toplama, sens\u00f6rlerin uygulanmas\u0131yla ger\u00e7ekle\u015ftirilir ve silindirin veya valfin i\u00e7 s\u0131z\u0131nt\u0131s\u0131 ve y\u00fck verimlili\u011fi gibi \u00e7\u0131kt\u0131 verileri do\u011frudan bilgisayar taraf\u0131ndan i\u015flenerek standart birimlere (ml\/dak%) d\u00f6n\u00fc\u015ft\u00fcr\u00fcl\u00fcr. Ayn\u0131 zamanda, hidrolik sistemin \u00e7al\u0131\u015fma g\u00fcvenli\u011fini sa\u011flamak i\u00e7in, \"ya\u011f s\u0131cakl\u0131\u011f\u0131 izleme, s\u0131v\u0131 seviyesi izleme, filtre cihaz\u0131 izleme\" vb. gibi temel performans parametreleri i\u00e7in durum izleme i\u015flevi ger\u00e7ekle\u015ftirilir. Bunlar aras\u0131nda, hidrolik silindir test stand\u0131 \"y\u00fck\" performans\u0131n\u0131 test edebilir.<br \/>\nVerimlilik \"ve\" i\u00e7 s\u0131z\u0131nt\u0131 \"okumalar\u0131yla \u00f6l\u00e7\u00fcl\u00fcr. Ayn\u0131 zamanda, ulusal standarda g\u00f6re hidrolik silindir \u00fcr\u00fcnlerinin t\u00fcm test \u00f6\u011felerinin gereksinimlerini kar\u015f\u0131layan bir \u0131zgara cetveli \u00f6l\u00e7\u00fcm cihaz\u0131 ile donat\u0131lm\u0131\u015ft\u0131r.<\/p>\n<p>&nbsp;<\/p>","protected":false},"excerpt":{"rendered":"<p>Steering Hydraulic Cylinders For Large Forklift Steering hydraulic cylinders are vital components in large forklifts, providing the necessary power and precision for steering control. These cylinders enable smooth maneuverability, essential for navigating tight spaces and performing complex tasks. By converting hydraulic pressure into mechanical force, steering hydraulic cylinders enhance the overall efficiency and safety of [&hellip;]<\/p>","protected":false},"featured_media":17595,"comment_status":"open","ping_status":"closed","template":"","meta":{"_et_pb_use_builder":"","_et_pb_old_content":"","_et_gb_content_width":""},"product_brand":[],"product_cat":[1484,1550],"product_tag":[],"class_list":{"0":"post-17593","1":"product","2":"type-product","3":"status-publish","4":"has-post-thumbnail","6":"product_cat-forklift-hydraulic-cylinders","7":"product_cat-double-acting-hydraulic-cylinder","9":"first","10":"instock","11":"shipping-taxable","12":"product-type-simple"},"amp_enabled":true,"_links":{"self":[{"href":"https:\/\/www.hydraulic-cylinders.net\/tr\/wp-json\/wp\/v2\/product\/17593","targetHints":{"allow":["GET"]}}],"collection":[{"href":"https:\/\/www.hydraulic-cylinders.net\/tr\/wp-json\/wp\/v2\/product"}],"about":[{"href":"https:\/\/www.hydraulic-cylinders.net\/tr\/wp-json\/wp\/v2\/types\/product"}],"replies":[{"embeddable":true,"href":"https:\/\/www.hydraulic-cylinders.net\/tr\/wp-json\/wp\/v2\/comments?post=17593"}],"wp:featuredmedia":[{"embeddable":true,"href":"https:\/\/www.hydraulic-cylinders.net\/tr\/wp-json\/wp\/v2\/media\/17595"}],"wp:attachment":[{"href":"https:\/\/www.hydraulic-cylinders.net\/tr\/wp-json\/wp\/v2\/media?parent=17593"}],"wp:term":[{"taxonomy":"product_brand","embeddable":true,"href":"https:\/\/www.hydraulic-cylinders.net\/tr\/wp-json\/wp\/v2\/product_brand?post=17593"},{"taxonomy":"product_cat","embeddable":true,"href":"https:\/\/www.hydraulic-cylinders.net\/tr\/wp-json\/wp\/v2\/product_cat?post=17593"},{"taxonomy":"product_tag","embeddable":true,"href":"https:\/\/www.hydraulic-cylinders.net\/tr\/wp-json\/wp\/v2\/product_tag?post=17593"}],"curies":[{"name":"wp","href":"https:\/\/api.w.org\/{rel}","templated":true}]}}