{"id":17601,"date":"2025-03-18T06:41:02","date_gmt":"2025-03-18T06:41:02","guid":{"rendered":"https:\/\/www.hydraulic-cylinders.net\/?post_type=product&#038;p=17601"},"modified":"2025-04-11T01:44:49","modified_gmt":"2025-04-11T01:44:49","slug":"lifting-hydraulic-cylinders-of-pallet-stacker-truck","status":"publish","type":"product","link":"https:\/\/www.hydraulic-cylinders.net\/tr\/urun\/lifting-hydraulic-cylinders-of-pallet-stacker-truck\/","title":{"rendered":"Palet \u0130stifleyici Kamyonun Kald\u0131rma Hidrolik Silindirleri"},"content":{"rendered":"<h1 style=\"text-align: center;\"><strong>Palet \u0130stifleyici Kamyonun Kald\u0131rma Hidrolik Silindirleri<\/strong><\/h1>\n<p>Kald\u0131rma hidrolik silindirleri, palet istifleyicilerin temel bile\u015fenleridir ve a\u011f\u0131r y\u00fcklerin verimli bir \u015fekilde kald\u0131r\u0131l\u0131p indirilmesini sa\u011flar. Bu silindirler, hidrolik bas\u0131nc\u0131 mekanik g\u00fcce d\u00f6n\u00fc\u015ft\u00fcrerek paletleri ve di\u011fer malzemeleri kolayca ta\u015f\u0131mak i\u00e7in gereken g\u00fcc\u00fc sa\u011flar. G\u00fcvenilirlikleri ve sa\u011flam tasar\u0131mlar\u0131, depo operasyonlar\u0131n\u0131 optimize etmek ve verimlili\u011fi art\u0131rmak i\u00e7in onlar\u0131 kritik hale getirir.<\/p>\n<p>Kald\u0131rma hidrolik silindirleri, palet istifleyicilerin verimli \u00e7al\u0131\u015fmas\u0131 i\u00e7in hayati \u00f6nem ta\u015f\u0131r. Y\u00fcksek y\u00fck kapasiteleri, dayan\u0131kl\u0131 yap\u0131lar\u0131 ve sorunsuz \u00e7al\u0131\u015fmalar\u0131, onlar\u0131 \u00e7e\u015fitli end\u00fcstriyel uygulamalarda vazge\u00e7ilmez k\u0131lar. \u00d6zelliklerini, do\u011fru kullan\u0131m y\u00f6ntemlerini ve bak\u0131m gereksinimlerini anlayan operat\u00f6rler, ekipmanlar\u0131n\u0131n performans\u0131n\u0131 ve g\u00fcvenli\u011fini en \u00fcst d\u00fczeye \u00e7\u0131karabilir ve dolay\u0131s\u0131yla malzeme ta\u015f\u0131ma g\u00f6revlerinde verimlili\u011fi art\u0131rabilirler. Y\u00fcksek kaliteli kald\u0131rma hidrolik silindirlerine yat\u0131r\u0131m yapmak, her i\u015fletmenin ba\u015far\u0131s\u0131 i\u00e7in hayati \u00f6nem ta\u015f\u0131yan g\u00fcvenilir ve verimli operasyonlar sa\u011flar.<\/p>\n<h1 style=\"text-align: center;\"><img loading=\"lazy\" decoding=\"async\" class=\"alignnone wp-image-17603\" src=\"https:\/\/www.hydraulic-cylinders.net\/wp-content\/uploads\/2025\/03\/Lifting-hydraulic-cylinders-of-pallet-stacker-truck-scaled.webp\" alt=\"\" width=\"500\" height=\"500\" \/><\/h1>\n<p style=\"text-align: center;\"><strong>Palet \u0130stifleyici Kamyonun Kald\u0131rma Hidrolik Silindirleri<\/strong><\/p>\n<h2><strong>Palet \u0130stifleyici Kamyonun Kald\u0131rma Hidrolik Silindirleri\u00a0<\/strong><strong>Teknik \u00d6zellikler<\/strong><strong>:<\/strong><\/h2>\n<p><strong>\u0130\u015flev:<\/strong> Gantry'nin kald\u0131rma ve indirme eylemini ger\u00e7ekle\u015ftirmek i\u00e7in<br \/>\n<strong>Silindir \u00e7ap\u0131:<\/strong> 45 mm \u2013 56 mm<br \/>\n<strong>\u00c7ubuk \u00e7ap\u0131:<\/strong> 35mm \u2013 40mm<br \/>\n<strong>Seyahat:<\/strong> 500 mm \u2013 1950 mm<br \/>\n<strong>Maksimum bas\u0131n\u00e7:<\/strong> 20MPa<br \/>\n<strong>Maksimum itme:<\/strong> 493KN<\/p>\n<h2><strong>Palet \u0130stifleyici Kamyon Hidrolik Silindir Serisi:\u00a0<\/strong><\/h2>\n<h2><img loading=\"lazy\" decoding=\"async\" class=\"alignnone size-full wp-image-17605\" src=\"https:\/\/www.hydraulic-cylinders.net\/wp-content\/uploads\/2025\/03\/Hydraulic-cylinders-of-pallet-stacker-truck-construction.webp\" alt=\"Palet istifleyici kamyon yap\u0131m\u0131n\u0131n hidrolik silindirleri\" width=\"1100\" height=\"615\" srcset=\"https:\/\/www.hydraulic-cylinders.net\/wp-content\/uploads\/2025\/03\/Hydraulic-cylinders-of-pallet-stacker-truck-construction.webp 1100w, https:\/\/www.hydraulic-cylinders.net\/wp-content\/uploads\/2025\/03\/Hydraulic-cylinders-of-pallet-stacker-truck-construction-980x548.webp 980w, https:\/\/www.hydraulic-cylinders.net\/wp-content\/uploads\/2025\/03\/Hydraulic-cylinders-of-pallet-stacker-truck-construction-480x268.webp 480w\" sizes=\"(min-width: 0px) and (max-width: 480px) 480px, (min-width: 481px) and (max-width: 980px) 980px, (min-width: 981px) 1100px, 100vw\" \/><\/h2>\n<h2><strong>Palet \u0130stifleyici Kamyonun Kald\u0131rma Hidrolik Silindirlerinin Temel \u00d6zellikleri<\/strong><strong>:<\/strong><\/h2>\n<ul>\n<li><strong>Y\u00fcksek Y\u00fck Kapasitesi:<\/strong> B\u00fcy\u00fck a\u011f\u0131rl\u0131klar\u0131 destekleyecek \u015fekilde tasarlanan kald\u0131rma hidrolik silindirleri, a\u011f\u0131r y\u00fckler alt\u0131nda bile g\u00fcvenli ve verimli \u00e7al\u0131\u015fma sa\u011flar. Bu \u00f6zellik, i\u015f yeri kazalar\u0131n\u0131 \u00f6nlemek ve malzeme ta\u015f\u0131ma verimlili\u011fini art\u0131rmak i\u00e7in olmazsa olmazd\u0131r.<\/li>\n<li><strong>Dayan\u0131kl\u0131 Yap\u0131:<\/strong> Y\u00fcksek mukavemetli malzemelerden \u00fcretilen bu silindirler, a\u015f\u0131nma ve y\u0131pranmaya kar\u015f\u0131 dayan\u0131kl\u0131d\u0131r ve uzun s\u00fcreli performans sa\u011flar. Sa\u011flam tasar\u0131mlar\u0131, ar\u0131za riskini en aza indirerek a\u011f\u0131r kald\u0131rma gerektiren i\u015fletmeler i\u00e7in uygun maliyetli bir \u00e7\u00f6z\u00fcm sunar.<\/li>\n<li><strong>Sorunsuz \u00c7al\u0131\u015fma:<\/strong> Hidrolik sistem, sars\u0131nt\u0131lar\u0131 ve titre\u015fimleri azaltarak p\u00fcr\u00fczs\u00fcz ve tutarl\u0131 kald\u0131rma hareketleri sa\u011flar. Bu \u00f6zellik, \u00e7al\u0131\u015fma s\u0131ras\u0131nda g\u00fcvenli\u011fi art\u0131r\u0131r ve y\u00fck stabilitesini iyile\u015ftirerek hassas kullan\u0131m sa\u011flar.<\/li>\n<li><strong>Kompakt Tasar\u0131m:<\/strong> Kald\u0131rma hidrolik silindirleri, \u00e7e\u015fitli palet istifleyici modellerine kolayca entegre edilebilen kompakt boyutlarda gelir. Bu tasar\u0131m, \u00e7eviklik ve manevra kabiliyetini korurken alan verimlili\u011fini en \u00fcst d\u00fczeye \u00e7\u0131kar\u0131r.<\/li>\n<li><strong>\u00c7ok Y\u00f6nl\u00fc Uygulamalar:<\/strong> Bir\u00e7ok palet istifleyici t\u00fcr\u00fcyle uyumlu olan bu hidrolik silindirler, lojistik, imalat ve perakende gibi \u00e7e\u015fitli sekt\u00f6rler i\u00e7in uygundur. Bu \u00e7ok y\u00f6nl\u00fcl\u00fck, \u00e7e\u015fitli operasyonel ihtiya\u00e7larda kullan\u0131mlar\u0131n\u0131 art\u0131r\u0131r.<\/li>\n<\/ul>\n<h2><strong>Palet \u0130stifleyici Kamyonun Hidrolik Silindirlerinin Kald\u0131r\u0131lmas\u0131 \u0130\u00e7in Kullan\u0131m \u00d6rnekleri<\/strong><strong>:<\/strong><\/h2>\n<p>Kald\u0131rma hidrolik silindirleri, palet istifleyicilerin kritik bile\u015fenleridir ve malzeme ta\u015f\u0131ma ve lojistikte \u00e7e\u015fitli temel g\u00f6revleri yerine getirmelerini sa\u011flar. \u0130\u015fte birka\u00e7 \u00f6nemli kullan\u0131m \u00f6rne\u011fi:<\/p>\n<h4>1. <strong>Depo \u0130stifleme ve Alma<\/strong><\/h4>\n<p>Kald\u0131rma hidrolik silindirleriyle donat\u0131lm\u0131\u015f palet istifleyiciler, paletleri y\u00fcksek depolama raflar\u0131ndan verimli bir \u015fekilde istifler ve al\u0131r. Silindirler, sorunsuz kald\u0131rma ve indirme sa\u011flayarak dikey depolama alan\u0131n\u0131 optimize eder ve envantere h\u0131zl\u0131 eri\u015fimi kolayla\u015ft\u0131r\u0131r.<\/p>\n<h4>2. <strong>Y\u00fckleme ve Bo\u015faltma \u0130\u015flemleri<\/strong><\/h4>\n<p>Da\u011f\u0131t\u0131m merkezlerinde veya perakende sat\u0131\u015f noktalar\u0131nda y\u00fckleme ve bo\u015faltma s\u0131ras\u0131nda, bu hidrolik silindirler paletlerin hassas bir \u015fekilde konumland\u0131r\u0131lmas\u0131n\u0131 sa\u011flar. Bu \u00f6zellik, mallar\u0131n hasar g\u00f6rme riskini azalt\u0131r ve bu i\u015flemler i\u00e7in gereken s\u00fcreyi en aza indirir.<\/p>\n<h4>3. <strong>Sipari\u015f Toplama<\/strong><\/h4>\n<p>Sipari\u015f toplaman\u0131n gerekli oldu\u011fu ortamlarda, kald\u0131rma hidrolik silindirlerine sahip palet istifleyiciler, \u00e7atallar\u0131 belirli \u00fcr\u00fcnlere eri\u015fmek i\u00e7in uygun y\u00fcksekli\u011fe kald\u0131rabilir. Bu \u00f6zellik, m\u00fc\u015fteri sipari\u015flerinin kar\u015f\u0131lanmas\u0131nda verimlili\u011fi ve do\u011frulu\u011fu art\u0131r\u0131r.<\/p>\n<h4>4. <strong>\u00c7apraz Y\u00fckleme<\/strong><\/h4>\n<p>\u00dcr\u00fcnlerin do\u011frudan gelen ta\u015f\u0131madan giden ta\u015f\u0131maya aktar\u0131ld\u0131\u011f\u0131 \u00e7apraz y\u00fckleme operasyonlar\u0131nda, kald\u0131rma hidrolik silindirleri paletlerin h\u0131zl\u0131 ve verimli bir \u015fekilde hareket etmesini sa\u011flar. Bu, ta\u015f\u0131ma s\u00fcrelerini k\u0131salt\u0131r ve genel lojistik verimlili\u011fini art\u0131r\u0131r.<\/p>\n<h4>5. <strong>\u00dcretimde Malzeme Ta\u015f\u0131ma<\/strong><\/h4>\n<p>\u00dcretim tesislerinde, palet istifleyici kamyonlar genellikle hammadde ve mamul mallar\u0131 ta\u015f\u0131r. Kald\u0131rma hidrolik silindirleri, kamyonlar\u0131n a\u011f\u0131r y\u00fckleri farkl\u0131 \u00fcretim alanlar\u0131 aras\u0131nda g\u00fcvenli bir \u015fekilde ta\u015f\u0131mas\u0131n\u0131 sa\u011flayarak sorunsuz bir i\u015f ak\u0131\u015f\u0131 sa\u011flar.<\/p>\n<p>A\u011f\u0131r hizmet tipi forklift silindirleri mi ar\u0131yorsunuz? \u00dcr\u00fcnlerimize g\u00f6z at\u0131n <a href=\"https:\/\/www.hydraulic-cylinders.net\/tr\/forklift-hydraulic-cylinder\/\">A\u011f\u0131r Hizmet Tipi Hidrolik Silindirler<\/a>.<\/p>\n<h2><strong>Forklift Silindir \u00dcretim Alan\u0131:<\/strong><\/h2>\n<h2><img loading=\"lazy\" decoding=\"async\" class=\"alignnone size-full wp-image-16972\" src=\"https:\/\/www.hydraulic-cylinders.net\/wp-content\/uploads\/2025\/01\/hydraulic-cylinder-factory-1-scaled.webp\" sizes=\"(min-width: 0px) and (max-width: 480px) 480px, (min-width: 481px) and (max-width: 980px) 980px, (min-width: 981px) and (max-width: 1280px) 1280px, (min-width: 1281px) 2016px, 100vw\" srcset=\"https:\/\/www.hydraulic-cylinders.net\/wp-content\/uploads\/2025\/01\/hydraulic-cylinder-factory-1-scaled.webp 2016w, https:\/\/www.hydraulic-cylinders.net\/wp-content\/uploads\/2025\/01\/hydraulic-cylinder-factory-1-1280x1625.webp 1280w, https:\/\/www.hydraulic-cylinders.net\/wp-content\/uploads\/2025\/01\/hydraulic-cylinder-factory-1-980x1244.webp 980w, https:\/\/www.hydraulic-cylinders.net\/wp-content\/uploads\/2025\/01\/hydraulic-cylinder-factory-1-480x610.webp 480w\" alt=\"\" width=\"2016\" height=\"2560\" \/><\/h2>\n<p>Montaj i\u00e7in birinci s\u0131n\u0131f, ba\u011f\u0131ms\u0131z bir Ar-Ge platformumuz bulunmaktad\u0131r. Forklift silindir \u00fcretim at\u00f6lyemizde, y\u0131ll\u0131k \u00fcretim kapasitesi milyon adet olan d\u00f6rt adet yar\u0131 otomatik kald\u0131rma silindiri montaj hatt\u0131 ve tam otomatik bir devirme silindiri montaj hatt\u0131 bulunmaktad\u0131r. \u00d6zel silindir at\u00f6lyemizde ise, y\u0131ll\u0131k \u00fcretim kapasitesi 200.000 adet olan \u00e7e\u015fitli \u00f6zelliklerde yar\u0131 otomatik temizleme ve montaj sistemleri bulunmaktad\u0131r. At\u00f6lyemiz, \u00fcnl\u00fc marka CNC i\u015fleme ekipmanlar\u0131, i\u015fleme merkezleri, y\u00fcksek hassasiyetli silindir i\u015fleme i\u00e7in \u00f6zel ekipmanlar, robot kaynak makineleri, otomatik temizleme makineleri, otomatik silindir montaj makineleri ve otomatik boya \u00fcretim hatlar\u0131 ile donat\u0131lm\u0131\u015ft\u0131r. 300'den fazla ana ekipman setimiz \u00e7al\u0131\u015f\u0131r durumdad\u0131r. Ekipman kaynaklar\u0131n\u0131n optimize edilmi\u015f tahsisi ve verimli kullan\u0131m\u0131, \u00fcr\u00fcnlerin hassasiyet gereksinimlerini kar\u015f\u0131lar ve y\u00fcksek standart kalite gereksinimlerini kar\u015f\u0131lar.<\/p>\n<p>\u0130\u015fleme at\u00f6lyesi, 400 mm Maksimum \u0130\u00e7 \u00c7ap ve 6 metre Maksimum Uzunlu\u011fa sahip silindir borular\u0131n\u0131n i\u015fleme i\u015flerini ger\u00e7ekle\u015ftirebilen \u00f6zel yap\u0131m e\u011fimli k\u0131lavuz ray tornalama merkezleri, i\u015fleme merkezleri, y\u00fcksek h\u0131zl\u0131 honlama makineleri, kaynak robotlar\u0131 ve di\u011fer ilgili ekipmanlarla donat\u0131lm\u0131\u015ft\u0131r.<\/p>\n<h2><img loading=\"lazy\" decoding=\"async\" class=\"alignnone size-full wp-image-16973\" src=\"https:\/\/www.hydraulic-cylinders.net\/wp-content\/uploads\/2025\/01\/hydraulic-cylinder-factory-2-scaled.webp\" sizes=\"(min-width: 0px) and (max-width: 480px) 480px, (min-width: 481px) and (max-width: 980px) 980px, (min-width: 981px) and (max-width: 1280px) 1280px, (min-width: 1281px) 2011px, 100vw\" srcset=\"https:\/\/www.hydraulic-cylinders.net\/wp-content\/uploads\/2025\/01\/hydraulic-cylinder-factory-2-scaled.webp 2011w, https:\/\/www.hydraulic-cylinders.net\/wp-content\/uploads\/2025\/01\/hydraulic-cylinder-factory-2-1280x1629.webp 1280w, https:\/\/www.hydraulic-cylinders.net\/wp-content\/uploads\/2025\/01\/hydraulic-cylinder-factory-2-980x1248.webp 980w, https:\/\/www.hydraulic-cylinders.net\/wp-content\/uploads\/2025\/01\/hydraulic-cylinder-factory-2-480x611.webp 480w\" alt=\"\" width=\"2011\" height=\"2560\" \/><\/h2>\n<p>K\u00fc\u00e7\u00fck ve orta boy silindirler i\u00e7in, vardiya ba\u015f\u0131na 4.000 adetlik \u00fcretim kapasitesine sahip, otomatik y\u00fckleme-bo\u015faltma ve otomatik p\u00fcsk\u00fcrtme robotlar\u0131 ile \u00e7al\u0131\u015fan tam otomatik su bazl\u0131 boya kaplama hatt\u0131m\u0131z bulunmaktad\u0131r. B\u00fcy\u00fck \u00f6l\u00e7ekli silindirler i\u00e7in, g\u00fc\u00e7 zinciriyle \u00e7al\u0131\u015fan ve vardiya ba\u015f\u0131na 60 kasal\u0131k tasar\u0131m kapasitesine sahip yar\u0131 otomatik bir boyama hatt\u0131m\u0131z daha bulunmaktad\u0131r.<\/p>\n<p>\u00dcr\u00fcn performans\u0131n\u0131 daha da iyile\u015ftirmek ve hidrolik silindirlerimizin sekt\u00f6rdeki liderlik konumunu sa\u011flamak i\u00e7in firmam\u0131z ve zjimee ortakla\u015fa hidrolik silindirler, hidrolik valfler ve hidrolik pompalar i\u00e7in kapsaml\u0131 bir performans laboratuvar\u0131 kurdu; laboratuvar, elektro-hidrolik teknoloji kullan\u0131larak bilgisayar destekli testler yap\u0131yor, test ko\u015fullar\u0131, test do\u011frulu\u011funu ve sistem \u00e7ok y\u00f6nl\u00fcl\u00fc\u011f\u00fcn\u00fc art\u0131ran bir bilgisayar taraf\u0131ndan \u00f6nceden ayarlan\u0131yor ve deneysel veriler.<\/p>\n<p>Otomatik toplama, sens\u00f6rlerin uygulanmas\u0131yla ger\u00e7ekle\u015ftirilir ve silindirin veya valfin i\u00e7 s\u0131z\u0131nt\u0131s\u0131 ve y\u00fck verimlili\u011fi gibi \u00e7\u0131kt\u0131 verileri do\u011frudan bilgisayar taraf\u0131ndan i\u015flenerek standart birimlere (ml\/dak%) d\u00f6n\u00fc\u015ft\u00fcr\u00fcl\u00fcr. Ayn\u0131 zamanda, hidrolik sistemin \u00e7al\u0131\u015fma g\u00fcvenli\u011fini sa\u011flamak i\u00e7in, \"ya\u011f s\u0131cakl\u0131\u011f\u0131 izleme, s\u0131v\u0131 seviyesi izleme, filtre cihaz\u0131 izleme\" vb. gibi temel performans parametreleri i\u00e7in durum izleme i\u015flevi ger\u00e7ekle\u015ftirilir. Bunlar aras\u0131nda, hidrolik silindir test stand\u0131 \"y\u00fck\" performans\u0131n\u0131 test edebilir.<br \/>\nVerimlilik \"ve\" i\u00e7 s\u0131z\u0131nt\u0131 \"okumalar\u0131yla \u00f6l\u00e7\u00fcl\u00fcr. Ayn\u0131 zamanda, ulusal standarda g\u00f6re hidrolik silindir \u00fcr\u00fcnlerinin t\u00fcm test \u00f6\u011felerinin gereksinimlerini kar\u015f\u0131layan bir \u0131zgara cetveli \u00f6l\u00e7\u00fcm cihaz\u0131 ile donat\u0131lm\u0131\u015ft\u0131r.<\/p>\n<p>&nbsp;<\/p>","protected":false},"excerpt":{"rendered":"<p>Lifting Hydraulic Cylinders of Pallet Stacker Truck Lifting hydraulic cylinders are essential components of pallet stacker trucks, enabling efficient lifting and lowering of heavy loads. These cylinders convert hydraulic pressure into mechanical force, providing the power necessary to handle pallets and other materials with ease. Their reliability and robust design make them crucial for optimizing [&hellip;]<\/p>","protected":false},"featured_media":17604,"comment_status":"open","ping_status":"closed","template":"","meta":{"_et_pb_use_builder":"","_et_pb_old_content":"","_et_gb_content_width":""},"product_brand":[],"product_cat":[1484,1549,1376],"product_tag":[],"class_list":{"0":"post-17601","1":"product","2":"type-product","3":"status-publish","4":"has-post-thumbnail","6":"product_cat-forklift-hydraulic-cylinders","7":"product_cat-single-acting-hydraulic-cylinder","8":"product_cat-hydraulic-cylinder","10":"first","11":"instock","12":"shipping-taxable","13":"product-type-simple"},"amp_enabled":true,"_links":{"self":[{"href":"https:\/\/www.hydraulic-cylinders.net\/tr\/wp-json\/wp\/v2\/product\/17601","targetHints":{"allow":["GET"]}}],"collection":[{"href":"https:\/\/www.hydraulic-cylinders.net\/tr\/wp-json\/wp\/v2\/product"}],"about":[{"href":"https:\/\/www.hydraulic-cylinders.net\/tr\/wp-json\/wp\/v2\/types\/product"}],"replies":[{"embeddable":true,"href":"https:\/\/www.hydraulic-cylinders.net\/tr\/wp-json\/wp\/v2\/comments?post=17601"}],"wp:featuredmedia":[{"embeddable":true,"href":"https:\/\/www.hydraulic-cylinders.net\/tr\/wp-json\/wp\/v2\/media\/17604"}],"wp:attachment":[{"href":"https:\/\/www.hydraulic-cylinders.net\/tr\/wp-json\/wp\/v2\/media?parent=17601"}],"wp:term":[{"taxonomy":"product_brand","embeddable":true,"href":"https:\/\/www.hydraulic-cylinders.net\/tr\/wp-json\/wp\/v2\/product_brand?post=17601"},{"taxonomy":"product_cat","embeddable":true,"href":"https:\/\/www.hydraulic-cylinders.net\/tr\/wp-json\/wp\/v2\/product_cat?post=17601"},{"taxonomy":"product_tag","embeddable":true,"href":"https:\/\/www.hydraulic-cylinders.net\/tr\/wp-json\/wp\/v2\/product_tag?post=17601"}],"curies":[{"name":"wp","href":"https:\/\/api.w.org\/{rel}","templated":true}]}}