{"id":1772,"date":"2023-10-13T06:29:47","date_gmt":"2023-10-13T06:29:47","guid":{"rendered":"https:\/\/hydraulic-cylinders.net\/?post_type=product&#038;p=1772"},"modified":"2025-04-15T05:54:57","modified_gmt":"2025-04-15T05:54:57","slug":"trailing-suction-dredger-mud-door-cylinder","status":"publish","type":"product","link":"https:\/\/www.hydraulic-cylinders.net\/tr\/urun\/trailing-suction-dredger-mud-door-cylinder\/","title":{"rendered":"\u00c7eken Emi\u015fli Tarak Makinesi \u00c7amur Kap\u0131s\u0131 Silindiri"},"content":{"rendered":"<h1 style=\"text-align: center;\"><strong>\u00c7eken Emi\u015fli Tarak Makinesi \u00c7amur Kap\u0131s\u0131 Silindiri<\/strong><\/h1>\n<h1 style=\"text-align: center;\"><strong><img loading=\"lazy\" decoding=\"async\" class=\"alignnone wp-image-1774\" src=\"https:\/\/hydraulic-cylinders.net\/wp-content\/uploads\/2023\/10\/trailing-suction-dredger-mud-door-cylinder-1-1-300x300.webp\" alt=\"\" width=\"400\" height=\"400\" \/><\/strong><\/h1>\n<p>\u00c7eki\u015fli emi\u015fli tarama makinesi \u00e7amur kapa\u011f\u0131 silindiri, tarama operasyonlar\u0131n\u0131n verimlili\u011fini ve etkinli\u011fini art\u0131rmak i\u00e7in tasarlanm\u0131\u015f hayati bir hidrolik bile\u015fendir. Bu silindir, \u00e7amur kapaklar\u0131n\u0131n a\u00e7\u0131l\u0131p kapanmas\u0131n\u0131 kontrol etmede ve tortunun kesintisiz bir \u015fekilde al\u0131n\u0131p bo\u015falt\u0131lmas\u0131n\u0131 sa\u011flamada \u00f6nemli bir rol oynar.<\/p>\n<p>\u00c7eker emmeli tarama makinesi \u00e7amur kapa\u011f\u0131 silindiri, tarama operasyonlar\u0131n\u0131n verimlili\u011fini ve \u00fcretkenli\u011fini optimize etmede kritik bir bile\u015fendir. Sa\u011flam yap\u0131s\u0131, hassas kontrol\u00fc ve g\u00fcvenli kapanmas\u0131 sayesinde bu hidrolik silindir, sorunsuz tortu al\u0131m\u0131 ve tahliyesi sa\u011flayarak genel tarama verimlili\u011fini art\u0131r\u0131r. Do\u011fru kullan\u0131m y\u00f6ntemlerini izleyerek ve d\u00fczenli bak\u0131m uygulamalar\u0131na ba\u011fl\u0131 kalarak, tarama profesyonelleri bu ola\u011fan\u00fcst\u00fc \u00fcr\u00fcn\u00fcn performans\u0131n\u0131 ve \u00f6mr\u00fcn\u00fc en \u00fcst d\u00fczeye \u00e7\u0131karabilir. \u00c7eker emmeli tarama makinesi \u00e7amur kapa\u011f\u0131 silindirinin g\u00fcc\u00fcn\u00fc ke\u015ffedin ve tarama \u00e7al\u0131\u015fmalar\u0131n\u0131zda yaratabilece\u011fi fark\u0131 deneyimleyin.<\/p>\n<p>\u00c7eken Emi\u015fli Tarak Gemisi \u00c7amur Kap\u0131s\u0131 Silindirinin Temel \u00d6zellikleri:<\/p>\n<ol>\n<li>Sa\u011flam Yap\u0131:<\/li>\n<\/ol>\n<ul>\n<li>\u00c7amur kap\u0131 silindiri, zorlu tarama ko\u015fullar\u0131nda bile dayan\u0131kl\u0131l\u0131k ve uzun \u00f6m\u00fcr sa\u011flayan y\u00fcksek kaliteli malzemeler kullan\u0131larak \u00fcretilmi\u015ftir.<br \/>\nY\u00fcksek bas\u0131n\u00e7lara, zorlu ortamlara ve s\u00fcrekli kullan\u0131ma dayan\u0131kl\u0131 olacak \u015fekilde tasarlanm\u0131\u015ft\u0131r ve tarama operasyonlar\u0131 s\u0131ras\u0131nda tutarl\u0131 performans\u0131 korur.<\/li>\n<\/ul>\n<ol start=\"2\">\n<li>Sorunsuz \u00c7al\u0131\u015fma:<\/li>\n<\/ol>\n<ul>\n<li>Bu silindir, \u00e7amur kap\u0131s\u0131n\u0131n a\u00e7\u0131l\u0131p kapanma mekanizmalar\u0131n\u0131n etkin bir \u015fekilde kontrol edilmesini ve ayarlanmas\u0131n\u0131 sa\u011flayan p\u00fcr\u00fczs\u00fcz ve hassas bir \u00e7al\u0131\u015fma sunar.<\/li>\n<li>\u00c7amur kap\u0131s\u0131n\u0131n g\u00fcvenilir ve do\u011fru konumland\u0131r\u0131lmas\u0131n\u0131 sa\u011flayarak optimum tarama performans\u0131n\u0131 kolayla\u015ft\u0131r\u0131r.<\/li>\n<\/ul>\n<ol start=\"3\">\n<li>G\u00fc\u00e7l\u00fc Hareket:<\/li>\n<\/ol>\n<ul>\n<li>\u00c7amur kap\u0131 silindiri, \u00e7amur kap\u0131n\u0131n kolayca a\u00e7\u0131l\u0131p kapanmas\u0131n\u0131 sa\u011flayan g\u00fc\u00e7l\u00fc \u00e7al\u0131\u015ft\u0131rma yetenekleri sa\u011flar.<\/li>\n<li>B\u00fcy\u00fck hacimli taranm\u0131\u015f malzemenin elle\u00e7lenmesi i\u00e7in gerekli kuvveti sa\u011flar, tarama i\u015flemleri s\u0131ras\u0131nda etkili bir \u015fekilde tutulmas\u0131n\u0131 ve bo\u015falt\u0131lmas\u0131n\u0131 sa\u011flar.<\/li>\n<\/ul>\n<ol start=\"4\">\n<li>\u00d6zelle\u015ftirilebilir Parametreler:<\/li>\n<\/ol>\n<ul>\n<li>Bu silindir, a\u00e7ma ve kapama h\u0131z\u0131, strok uzunlu\u011fu ve \u00e7al\u0131\u015fma bas\u0131nc\u0131 gibi \u00e7e\u015fitli parametrelerin \u00f6zelle\u015ftirilebilir \u015fekilde ayarlanmas\u0131na olanak tan\u0131r.<\/li>\n<li>Operat\u00f6rler, silindirin ayarlar\u0131n\u0131 \u00f6zel tarama gereksinimlerine uyacak \u015fekilde \u00f6zelle\u015ftirebilir, b\u00f6ylece genel operasyonun verimlili\u011fini ve etkinli\u011fini optimize edebilirler.<\/li>\n<\/ul>\n<h2><strong>\u00c7ekme Emi\u015fli Tarak Gemisi \u00c7amur Kap\u0131s\u0131 Silindiri Parametresi:<\/strong><\/h2>\n<table border=\"1\" cellspacing=\"0\" cellpadding=\"0\">\n<tbody>\n<tr>\n<td>\u00dcr\u00fcn Ad\u0131<\/td>\n<td>\u00c7eken Emi\u015fli Tarak Makinesi \u00c7amur Kap\u0131s\u0131 Silindiri<\/td>\n<\/tr>\n<tr>\n<td>\u00d6zellikler:<\/td>\n<td>\u00c7amur kap\u0131s\u0131n\u0131n a\u00e7\u0131l\u0131p kapanmas\u0131 i\u00e7in \u00e7ekme kuvveti ve gerekti\u011finde bir yer de\u011fi\u015ftirme sens\u00f6r\u00fc ile donat\u0131labilir<\/td>\n<\/tr>\n<tr>\n<td>Delik \u00e7ap\u0131:<\/td>\n<td>400 mm<\/td>\n<\/tr>\n<tr>\n<td>\u00c7ubuk \u00e7ap\u0131:<\/td>\n<td>200 mm<br \/>\nStrok: 1400mm<\/td>\n<\/tr>\n<tr>\n<td>Bas\u0131n\u00e7:<\/td>\n<td>32 MPa'ya kadar<\/td>\n<\/tr>\n<tr>\n<td>\u00c7ekme kuvveti:<\/td>\n<td>Maksimum 2355KN<\/td>\n<\/tr>\n<tr>\n<td>Uygulamalar:<\/td>\n<td>\u00c7eken Emi\u015fli Tarak Gemisi<\/td>\n<\/tr>\n<\/tbody>\n<\/table>\n<div><\/div>\n<div>\n<div class=\"txtboxL\">\n<div class=\"txtboxL\">\n<div class=\"txtboxL\">\u00d6zellikler:<\/div>\n<div class=\"txtboxR\">\u00c7amur kap\u0131s\u0131n\u0131n a\u00e7\u0131l\u0131p kapanmas\u0131 i\u00e7in \u00e7ekme kuvveti ve gerekti\u011finde bir yer de\u011fi\u015ftirme sens\u00f6r\u00fc ile donat\u0131labilir<\/div>\n<div class=\"txtboxL\">\u00d6zellikler:<\/div>\n<div class=\"txtboxR\">Delik \u00e7ap\u0131: 400mm<br \/>\n\u00c7ubuk \u00e7ap\u0131: 200mm<br \/>\nStrok: 1400mm<\/div>\n<div class=\"txtboxL\">Bas\u0131n\u00e7:<\/div>\n<div class=\"txtboxR\">32 MPa'ya kadar<\/div>\n<div class=\"txtboxL\">\u00c7ekme kuvveti:<\/div>\n<div class=\"txtboxR\">Maksimum 2355KN<\/div>\n<\/div>\n<\/div>\n<\/div>\n<h2><strong>Tarak Tank Kesici-Emi\u015f Silindirleri Uygulamas\u0131:<\/strong><\/h2>\n<p><img loading=\"lazy\" decoding=\"async\" class=\"alignnone wp-image-1757 size-full\" src=\"https:\/\/hydraulic-cylinders.net\/wp-content\/uploads\/2023\/10\/dredger-tank-cylinder-1.webp\" alt=\"\" width=\"600\" height=\"400\" srcset=\"https:\/\/hydraulic-cylinders.net\/wp-content\/uploads\/2023\/10\/dredger-tank-cylinder-1.webp 600w, https:\/\/hydraulic-cylinders.net\/wp-content\/uploads\/2023\/10\/dredger-tank-cylinder-1-480x320.webp 480w\" sizes=\"(min-width: 0px) and (max-width: 480px) 480px, (min-width: 481px) 600px, 100vw\" \/><\/p>\n<h2><strong>\u00c7eki\u015fli Emi\u015fli Tarak Makinesi \u00c7amur Kap\u0131s\u0131 Silindirinin Kullan\u0131m Y\u00f6ntemi<\/strong><strong>:<\/strong><\/h2>\n<ol>\n<li><strong>Kurulum:<\/strong><\/li>\n<\/ol>\n<ul>\n<li>\u00c7amur kap\u0131s\u0131 silindirini r\u00f6morklu emme tara\u011f\u0131 \u00fczerine g\u00fcvenli bir \u015fekilde takmak i\u00e7in \u00fcreticinin talimatlar\u0131n\u0131 izleyin.<\/li>\n<li>\u00c7amur kap\u0131s\u0131na ve ilgili bile\u015fenlere do\u011fru hizalama ve ba\u011flant\u0131 sa\u011flay\u0131n, b\u00f6ylece sorunsuz ve g\u00fcvenilir bir \u00e7al\u0131\u015fma sa\u011flay\u0131n.<\/li>\n<\/ul>\n<ol start=\"2\">\n<li><strong>Kontrol ve Ayarlama:<\/strong><\/li>\n<\/ol>\n<ul>\n<li>Tarak makinesinin kontrol sistemini kullanarak \u00e7amur kap\u0131s\u0131 silindirini \u00e7al\u0131\u015ft\u0131r\u0131n ve ayarlay\u0131n.<\/li>\n<li>Belirlenen kontrolleri kullanarak \u00e7amur kap\u0131s\u0131n\u0131n a\u00e7\u0131l\u0131p kapanmas\u0131n\u0131 kontrol edin, b\u00f6ylece taranan malzemenin bo\u015falt\u0131m\u0131 \u00fczerinde hassas kontrol sa\u011flay\u0131n.<\/li>\n<\/ul>\n<ol start=\"3\">\n<li><strong>Tarama \u0130\u015flemleri:<\/strong><\/li>\n<\/ol>\n<ul>\n<li>Tarama i\u015flemleri s\u0131ras\u0131nda gerekti\u011fi gibi \u00e7amur kap\u0131s\u0131n\u0131 a\u00e7mak veya kapatmak i\u00e7in \u00e7amur kap\u0131s\u0131 silindirini etkinle\u015ftirin.<\/li>\n<li>Tarama i\u015flemini optimize etmek ve verimli malzeme tutma ve bo\u015faltma sa\u011flamak i\u00e7in h\u0131z ve strok uzunlu\u011fu gibi silindir parametrelerini ayarlay\u0131n.<\/li>\n<\/ul>\n<h2><strong>Hidrolik Silindir H\u0131z\u0131 Nas\u0131l Kontrol Edilir?<\/strong><\/h2>\n<p>Hidrolik silindir, hidrolik bas\u0131nc\u0131 do\u011frusal kuvvete ve harekete d\u00f6n\u00fc\u015ft\u00fcren mekanik bir akt\u00fcat\u00f6rd\u00fcr. Silindirik bir namlu, bir piston, bir piston kolu, contalar ve hidrolik s\u0131v\u0131 portlar\u0131ndan olu\u015fur. \u0130\u015fte bir hidrolik silindirin \u00e7al\u0131\u015fma \u015fekli:<\/p>\n<ol>\n<li><strong>Hidrolik S\u0131v\u0131 Temini:<\/strong> Hidrolik silindir, bas\u0131n\u00e7l\u0131 hidrolik s\u0131v\u0131 sa\u011flayan bir hidrolik g\u00fc\u00e7 \u00fcnitesine veya pompaya ba\u011fl\u0131d\u0131r. S\u0131v\u0131 genellikle ya\u011f bazl\u0131 bir hidrolik s\u0131v\u0131d\u0131r.<\/li>\n<li><strong>Silindir Yap\u0131s\u0131:<\/strong> Silindir, i\u00e7ine yerle\u015ftirilmi\u015f bir piston bulunan i\u00e7i bo\u015f silindirik bir g\u00f6vdeye sahiptir. Piston, silindiri iki b\u00f6lmeye ay\u0131r\u0131r: \u00e7ubuk ucu b\u00f6lmesi ve kapak ucu b\u00f6lmesi.<\/li>\n<li><strong>Bas\u0131n\u00e7 Uygulamas\u0131:<\/strong> Hidrolik s\u0131v\u0131, istenilen hareket y\u00f6n\u00fcne ba\u011fl\u0131 olarak silindir b\u00f6lmelerinden birine, \u00e7ubuk ucu veya kapak ucu b\u00f6lmesine y\u00f6nlendirilir.<\/li>\n<li><strong>Bas\u0131n\u00e7 Fark\u0131:<\/strong> Bas\u0131n\u00e7l\u0131 hidrolik s\u0131v\u0131, pistonun y\u00fczey alan\u0131na etki ederek pistonu belirlenen y\u00f6nde hareket ettiren bir kuvvet olu\u015fturur. \u0130ki b\u00f6lme aras\u0131ndaki bas\u0131n\u00e7 fark\u0131, pistonun hareket etmesine neden olur.<\/li>\n<li><strong>Do\u011frusal Hareket:<\/strong> Hidrolik s\u0131v\u0131 pistona bask\u0131 yapt\u0131k\u00e7a, pistona ba\u011fl\u0131 piston kolu, s\u0131v\u0131 ak\u0131\u015f y\u00f6n\u00fcne ba\u011fl\u0131 olarak do\u011frusal olarak uzar veya geri \u00e7ekilir. Bu do\u011frusal hareket, kuvveti piston koluna ba\u011fl\u0131 y\u00fcke veya mekanizmaya aktar\u0131r.<\/li>\n<li><strong>S\u0131zd\u0131rmazl\u0131k Mekanizmas\u0131:<\/strong> Hidrolik silindir, hidrolik s\u0131v\u0131 s\u0131z\u0131nt\u0131s\u0131n\u0131 \u00f6nlemek i\u00e7in piston contalar\u0131 ve piston kolu contalar\u0131 gibi contalarla donat\u0131lm\u0131\u015ft\u0131r. Bu contalar, silindir i\u00e7indeki bas\u0131nc\u0131 korur ve s\u0131v\u0131n\u0131n d\u0131\u015far\u0131 ka\u00e7mas\u0131n\u0131 \u00f6nleyerek sorunsuz \u00e7al\u0131\u015fma sa\u011flar.<\/li>\n<li><strong>Kontrol Vanalar\u0131:<\/strong> Kontrol valfleri, hidrolik s\u0131v\u0131n\u0131n y\u00f6n\u00fcn\u00fc ve ak\u0131\u015f\u0131n\u0131 kontrol etmek i\u00e7in kullan\u0131l\u0131r. Bu valfler, hidrolik s\u0131v\u0131n\u0131n ak\u0131\u015f\u0131n\u0131 silindirin ilgili b\u00f6lmesine y\u00f6nlendirerek pistonun uzamas\u0131n\u0131 veya geri \u00e7ekilmesini sa\u011flar.<\/li>\n<li><strong>Bas\u0131n\u00e7 Tahliyesi:<\/strong> Hidrolik silindirin h\u0131z\u0131n\u0131 ve kuvvetini kontrol etmek i\u00e7in hidrolik sisteme bas\u0131n\u00e7 tahliye valfleri veya ak\u0131\u015f kontrol valfleri entegre edilebilir. Bu valfler, hidrolik s\u0131v\u0131n\u0131n bas\u0131nc\u0131n\u0131 ve ak\u0131\u015f\u0131n\u0131 d\u00fczenleyerek a\u015f\u0131r\u0131 bas\u0131n\u00e7 olu\u015fumunu \u00f6nler ve g\u00fcvenli \u00e7al\u0131\u015fmay\u0131 sa\u011flar.<\/li>\n<li><strong>Y\u00fck Uygulamas\u0131:<\/strong> Hidrolik silindirin piston kolu, kuvvet veya hareket gerektiren y\u00fcke veya mekanizmaya ba\u011fl\u0131d\u0131r. Piston ileri veya geri hareket ettik\u00e7e, olu\u015fan kuvvet piston kolu arac\u0131l\u0131\u011f\u0131yla y\u00fcke aktar\u0131l\u0131r ve y\u00fck hareket eder veya kuvvet uygular.<\/li>\n<\/ol>\n<h2><strong>Fabrikan\u0131n Kapasitesi ve Kapasitesi:<\/strong><\/h2>\n<h3>(1) Meclis<\/h3>\n<p>Birinci s\u0131n\u0131f ba\u011f\u0131ms\u0131z bir ara\u015ft\u0131rma ve geli\u015ftirme montaj platformumuz bulunmaktad\u0131r. Hidrolik silindir \u00fcretim at\u00f6lyemizde, y\u0131ll\u0131k 1 milyon adet \u00fcretim kapasitesine sahip d\u00f6rt adet yar\u0131 otomatik kald\u0131rma silindiri montaj hatt\u0131 ve bir adet otomatik devirme silindiri montaj hatt\u0131 bulunmaktad\u0131r. \u00d6zel silindir at\u00f6lyemiz, y\u0131ll\u0131k 200.000 adet \u00fcretim kapasitesine sahip \u00e7e\u015fitli \u00f6zelliklerde yar\u0131 otomatik temizleme montaj sistemiyle donat\u0131lm\u0131\u015ft\u0131r. Ayr\u0131ca, \u00fcnl\u00fc CNC i\u015fleme ekipmanlar\u0131, bir i\u015fleme merkezi, y\u00fcksek hassasiyetli silindir i\u015fleme \u00f6zel ekipmanlar\u0131, bir robot kaynak makinesi, bir otomatik temizleme makinesi, otomatik silindir montaj makinesi ve otomatik boyama \u00fcretim hatt\u0131 ile donat\u0131lm\u0131\u015ft\u0131r. 300'den fazla setten olu\u015fan kritik ekipmanlar mevcuttur. Ekipman kaynaklar\u0131n\u0131n optimum da\u011f\u0131l\u0131m\u0131 ve verimli kullan\u0131m\u0131, \u00fcr\u00fcnlerin hassasiyet gereksinimlerini kar\u015f\u0131lar ve \u00fcr\u00fcnlerin y\u00fcksek kalite ihtiya\u00e7lar\u0131n\u0131 kar\u015f\u0131lar.<\/p>\n<p><img loading=\"lazy\" decoding=\"async\" class=\"alignnone wp-image-626\" src=\"https:\/\/hydraulic-cylinders.net\/wp-content\/uploads\/2023\/08\/hydraulic-cylinder-product-1-300x158.webp\" alt=\"\" width=\"495\" height=\"260\" srcset=\"https:\/\/hydraulic-cylinders.net\/wp-content\/uploads\/2023\/08\/hydraulic-cylinder-product-1-300x158.webp 495w, https:\/\/hydraulic-cylinders.net\/wp-content\/uploads\/2023\/08\/hydraulic-cylinder-product-1-480x252.webp 480w\" sizes=\"(min-width: 0px) and (max-width: 480px) 480px, (min-width: 481px) 495px, 100vw\" \/> <img loading=\"lazy\" decoding=\"async\" class=\"alignnone wp-image-627\" src=\"https:\/\/hydraulic-cylinders.net\/wp-content\/uploads\/2023\/08\/hydraulic-cylinder-product-2-300x189.webp\" alt=\"\" width=\"413\" height=\"260\" \/><\/p>\n<h3>(2) \u0130\u015fleme<\/h3>\n<p>\u0130\u015fleme at\u00f6lyesi, maksimum 400 mm i\u00e7 \u00e7apa ve maksimum 6 metre uzunlu\u011fa sahip silindir borular\u0131n\u0131n i\u015flenmesini ger\u00e7ekle\u015ftirebilen \u00f6zel e\u011fimli ray torna merkezi, i\u015fleme merkezi, y\u00fcksek h\u0131zl\u0131 honlama makinesi, kaynak robotu ve di\u011fer ilgili ekipmanlarla donat\u0131lm\u0131\u015ft\u0131r.<\/p>\n<p><img loading=\"lazy\" decoding=\"async\" class=\"alignnone wp-image-628 size-large\" src=\"https:\/\/hydraulic-cylinders.net\/wp-content\/uploads\/2023\/08\/hydraulic-cylinder-product-3-1024x391.webp\" alt=\"\" width=\"1024\" height=\"391\" srcset=\"https:\/\/hydraulic-cylinders.net\/wp-content\/uploads\/2023\/08\/hydraulic-cylinder-product-3-980x374.webp 980w, https:\/\/hydraulic-cylinders.net\/wp-content\/uploads\/2023\/08\/hydraulic-cylinder-product-3-480x183.webp 480w\" sizes=\"(min-width: 0px) and (max-width: 480px) 480px, (min-width: 481px) and (max-width: 980px) 980px, (min-width: 981px) 1024px, 100vw\" \/><\/p>\n<h3>(3) Kaynak<\/h3>\n<p><img loading=\"lazy\" decoding=\"async\" class=\"alignnone wp-image-629 size-large\" src=\"https:\/\/hydraulic-cylinders.net\/wp-content\/uploads\/2023\/08\/hydraulic-cylinder-product-4-1024x510.webp\" alt=\"\" width=\"1024\" height=\"510\" srcset=\"https:\/\/hydraulic-cylinders.net\/wp-content\/uploads\/2023\/08\/hydraulic-cylinder-product-4-980x488.webp 980w, https:\/\/hydraulic-cylinders.net\/wp-content\/uploads\/2023\/08\/hydraulic-cylinder-product-4-480x239.webp 480w\" sizes=\"(min-width: 0px) and (max-width: 480px) 480px, (min-width: 481px) and (max-width: 980px) 980px, (min-width: 981px) 1024px, 100vw\" \/><\/p>\n<h3>(4) Boyama ve kaplama<\/h3>\n<p>K\u00fc\u00e7\u00fck ve orta \u00f6l\u00e7ekli silindirli otomatik su bazl\u0131 boya kaplama hatlar\u0131nda, otomatik robot y\u00fckleme-bo\u015faltma ve otomatik p\u00fcsk\u00fcrtmeyi ger\u00e7ekle\u015ftirmek i\u00e7in, vardiya ba\u015f\u0131na 4000 adet tasar\u0131m kapasitesi;<br \/>\nAyr\u0131ca, vardiya ba\u015f\u0131na 60 kasa kapasiteli, g\u00fc\u00e7 zinciriyle \u00e7al\u0131\u015fan b\u00fcy\u00fck silindirler i\u00e7in yar\u0131 otomatik boya \u00fcretim hatt\u0131m\u0131z da bulunmaktad\u0131r.<\/p>\n<p><img loading=\"lazy\" decoding=\"async\" class=\"alignnone wp-image-630\" src=\"https:\/\/hydraulic-cylinders.net\/wp-content\/uploads\/2023\/08\/hydraulic-cylinder-product-5-300x213.webp\" alt=\"\" width=\"366\" height=\"260\" \/> <img loading=\"lazy\" decoding=\"async\" class=\"alignnone wp-image-631\" src=\"https:\/\/hydraulic-cylinders.net\/wp-content\/uploads\/2023\/08\/hydraulic-cylinder-product-6-300x225.webp\" alt=\"\" width=\"347\" height=\"260\" \/><\/p>\n<h3>(5) Test etme<\/h3>\n<p>Silindirin performans\u0131n\u0131n gereklilikleri kar\u015f\u0131lad\u0131\u011f\u0131ndan emin olmak i\u00e7in birinci s\u0131n\u0131f muayene tesislerimiz ve test yataklar\u0131m\u0131z bulunmaktad\u0131r.<\/p>\n<p><img loading=\"lazy\" decoding=\"async\" class=\"alignnone wp-image-632\" src=\"https:\/\/hydraulic-cylinders.net\/wp-content\/uploads\/2023\/08\/hydraulic-cylinder-product-8-300x200.webp\" alt=\"\" width=\"389\" height=\"260\" \/><\/p>\n<p>&nbsp;<\/p>\n<p>&nbsp;<\/p>\n<p>En iyi hidrolik silindir \u00fcreticilerinden biriyiz. Kapsaml\u0131 hidrolik silindirler sunabiliyoruz. Ayr\u0131ca, ilgili hidrolik silindirleri de sa\u011fl\u0131yoruz. <a href=\"https:\/\/hzpt.com\/agricultural-pto-gearbox\/\" target=\"_blank\" rel=\"noopener\">tar\u0131msal di\u015fli kutular\u0131<\/a>\u00dcr\u00fcnlerimizi d\u00fcnya \u00e7ap\u0131ndaki m\u00fc\u015fterilerimize ihra\u00e7 ettik ve \u00fcst\u00fcn \u00fcr\u00fcn kalitemiz ve sat\u0131\u015f sonras\u0131 hizmetlerimiz sayesinde iyi bir itibar kazand\u0131k. Yurt i\u00e7i ve yurt d\u0131\u015f\u0131ndaki m\u00fc\u015fterilerimizi i\u015f g\u00f6r\u00fc\u015fmeleri yapmak, bilgi al\u0131\u015fveri\u015finde bulunmak ve <a href=\"https:\/\/www.hydraulic-cylinders.net\/tr\/contact-us\/\">bizimle i\u015fbirli\u011fi yap\u0131n<\/a>!<\/p>","protected":false},"excerpt":{"rendered":"<p>Trailing Suction Dredger Mud Door Cylinder The trailing suction dredger mud door cylinder is a vital hydraulic component designed to improve the efficiency and effectiveness of dredging operations. This cylinder plays a crucial role in controlling the opening and closing of the mud doors, ensuring seamless sediment intake and discharge. The trailing suction dredger mud [&hellip;]<\/p>","protected":false},"featured_media":1773,"comment_status":"open","ping_status":"closed","template":"","meta":{"_et_pb_use_builder":"","_et_pb_old_content":"","_et_gb_content_width":""},"product_brand":[],"product_cat":[1550,1535,1552,1376],"product_tag":[1380],"class_list":{"0":"post-1772","1":"product","2":"type-product","3":"status-publish","4":"has-post-thumbnail","6":"product_cat-double-acting-hydraulic-cylinder","7":"product_cat-dredger-hydraulic-cylinders","8":"product_cat-stainless-steel-hydraulic-cylinder","9":"product_cat-hydraulic-cylinder","10":"product_tag-hydraulic-cylinder","12":"first","13":"instock","14":"shipping-taxable","15":"product-type-simple"},"amp_enabled":true,"_links":{"self":[{"href":"https:\/\/www.hydraulic-cylinders.net\/tr\/wp-json\/wp\/v2\/product\/1772","targetHints":{"allow":["GET"]}}],"collection":[{"href":"https:\/\/www.hydraulic-cylinders.net\/tr\/wp-json\/wp\/v2\/product"}],"about":[{"href":"https:\/\/www.hydraulic-cylinders.net\/tr\/wp-json\/wp\/v2\/types\/product"}],"replies":[{"embeddable":true,"href":"https:\/\/www.hydraulic-cylinders.net\/tr\/wp-json\/wp\/v2\/comments?post=1772"}],"wp:featuredmedia":[{"embeddable":true,"href":"https:\/\/www.hydraulic-cylinders.net\/tr\/wp-json\/wp\/v2\/media\/1773"}],"wp:attachment":[{"href":"https:\/\/www.hydraulic-cylinders.net\/tr\/wp-json\/wp\/v2\/media?parent=1772"}],"wp:term":[{"taxonomy":"product_brand","embeddable":true,"href":"https:\/\/www.hydraulic-cylinders.net\/tr\/wp-json\/wp\/v2\/product_brand?post=1772"},{"taxonomy":"product_cat","embeddable":true,"href":"https:\/\/www.hydraulic-cylinders.net\/tr\/wp-json\/wp\/v2\/product_cat?post=1772"},{"taxonomy":"product_tag","embeddable":true,"href":"https:\/\/www.hydraulic-cylinders.net\/tr\/wp-json\/wp\/v2\/product_tag?post=1772"}],"curies":[{"name":"wp","href":"https:\/\/api.w.org\/{rel}","templated":true}]}}