{"id":1778,"date":"2023-10-13T07:48:25","date_gmt":"2023-10-13T07:48:25","guid":{"rendered":"https:\/\/hydraulic-cylinders.net\/?post_type=product&#038;p=1778"},"modified":"2025-04-15T05:54:51","modified_gmt":"2025-04-15T05:54:51","slug":"barge-split-cylinder","status":"publish","type":"product","link":"https:\/\/www.hydraulic-cylinders.net\/tr\/urun\/barge-split-cylinder\/","title":{"rendered":"Barge B\u00f6l\u00fcnm\u00fc\u015f Silindir"},"content":{"rendered":"<h1 style=\"text-align: center;\"><strong>Barge B\u00f6l\u00fcnm\u00fc\u015f Silindir<\/strong><\/h1>\n<h1 style=\"text-align: center;\"><img loading=\"lazy\" decoding=\"async\" class=\"alignnone size-medium wp-image-1782\" src=\"https:\/\/hydraulic-cylinders.net\/wp-content\/uploads\/2023\/10\/split-cylinder-1-0-300x300.webp\" alt=\"\" width=\"300\" height=\"300\" \/><\/h1>\n<p>Duba tipi hidrolik silindir, \u00f6zellikle mal ve malzeme ta\u015f\u0131mac\u0131l\u0131\u011f\u0131 ve elle\u00e7lemesinde denizcilik operasyonlar\u0131n\u0131 optimize etmek i\u00e7in tasarlanm\u0131\u015f devrim niteli\u011finde bir \u00fcr\u00fcnd\u00fcr. Bu yenilik\u00e7i hidrolik silindir, verimlili\u011fi, g\u00fcvenli\u011fi ve \u00fcretkenli\u011fi art\u0131ran bir dizi \u00f6zellik ve avantaj sunmaktad\u0131r.<\/p>\n<p>Duba tipi hidrolik silindir, denizcilik operasyonlar\u0131nda verimlili\u011fi, g\u00fcvenli\u011fi ve \u00fcretkenli\u011fi art\u0131ran bir dizi \u00f6zellik ve avantaj sunmaktad\u0131r. B\u00f6l\u00fcnm\u00fc\u015f tasar\u0131m\u0131, y\u00fcksek y\u00fck kapasitesi, hassas kontrol\u00fc ve g\u00fcvenilir hidrolik sistemi, kargo elle\u00e7leme, tarama ve a\u00e7\u0131k deniz in\u015faat faaliyetleri i\u00e7in onu de\u011ferli k\u0131lmaktad\u0131r. Operat\u00f6rler, \u00f6nerilen kullan\u0131m y\u00f6ntemlerini ve bak\u0131m uygulamalar\u0131n\u0131 takip ederek duba tipi hidrolik silindirin performans\u0131n\u0131 ve \u00f6mr\u00fcn\u00fc en \u00fcst d\u00fczeye \u00e7\u0131karabilir ve sonu\u00e7 olarak denizcilik operasyonlar\u0131n\u0131n verimlili\u011fini ve etkinli\u011fini art\u0131rabilirler.<\/p>\n<p>Duba Tipi B\u00f6l\u00fcnm\u00fc\u015f Silindirin Ba\u015fl\u0131ca \u00d6zellikleri:<\/p>\n<ol>\n<li>\u00c7ok Y\u00f6nl\u00fcl\u00fck \u0130\u00e7in B\u00f6l\u00fcnm\u00fc\u015f Tasar\u0131m:<\/li>\n<\/ol>\n<ul>\n<li>Tekne tipi ayr\u0131labilir silindir, kolay takma ve \u00e7\u0131karma imkan\u0131 sa\u011flayan benzersiz bir ayr\u0131labilir tasar\u0131ma sahiptir.<\/li>\n<li>Bu tasar\u0131m, silindirin h\u0131zl\u0131 ve verimli bir \u015fekilde tak\u0131l\u0131p \u00e7\u0131kar\u0131lmas\u0131n\u0131 sa\u011flayarak \u00e7e\u015fitli denizcilik uygulamalar\u0131 i\u00e7in esneklik ve uyarlanabilirlik sunar.<\/li>\n<\/ul>\n<ol start=\"2\">\n<li>Y\u00fcksek Y\u00fck Kapasitesi:<\/li>\n<\/ol>\n<ul>\n<li>Silindir, a\u011f\u0131r y\u00fckleri ve zorlu deniz ko\u015fullar\u0131n\u0131 kald\u0131rabilecek sa\u011flam bir yap\u0131ya sahiptir.<\/li>\n<li>Y\u00fcksek y\u00fck ta\u015f\u0131ma kapasitesi, kargo elle\u00e7leme, tarama ve a\u00e7\u0131k deniz in\u015faat\u0131 da dahil olmak \u00fczere denizcilik operasyonlar\u0131 i\u00e7in uygun hale getirir.<\/li>\n<\/ul>\n<ol start=\"3\">\n<li>Hassas Kontrol ve Konumland\u0131rma:<\/li>\n<\/ol>\n<ul>\n<li>Duba tipi silindirli ta\u015f\u0131ma sistemi, hassas kontrol ve konumland\u0131rma yetenekleri sunarak y\u00fcklerin veya malzemelerin do\u011fru bir \u015fekilde manip\u00fcle edilmesine olanak tan\u0131r.<\/li>\n<li>Operat\u00f6rler, kargo elle\u00e7leme veya di\u011fer denizcilik operasyonlar\u0131 s\u0131ras\u0131nda hassas yerle\u015ftirme ve hizalama sa\u011flayarak, sorunsuz ve kontroll\u00fc hareketler ger\u00e7ekle\u015ftirebilirler.<\/li>\n<\/ul>\n<ol start=\"4\">\n<li>G\u00fcvenilir Hidrolik Sistem:<\/li>\n<\/ol>\n<ul>\n<li>G\u00fcvenilir bir hidrolik sistemle donat\u0131lan silindir, tutarl\u0131 performans ve sorunsuz \u00e7al\u0131\u015fma sa\u011flar.<\/li>\n<li>Hidrolik sistem, zorlu deniz ortamlar\u0131nda silindirin sorunsuz ve verimli \u00e7al\u0131\u015fmas\u0131n\u0131 kolayla\u015ft\u0131ran yeterli g\u00fc\u00e7 ve kontrol sa\u011flar.<\/li>\n<\/ul>\n<h2><strong>Duba B\u00f6l\u00fcnm\u00fc\u015f Silindir Parametresi:<\/strong><\/h2>\n<table border=\"1\" cellspacing=\"0\" cellpadding=\"0\">\n<tbody>\n<tr>\n<td>\u00dcr\u00fcn Ad\u0131<\/td>\n<td>B\u00f6l\u00fcnm\u00fc\u015f Mavna B\u00f6l\u00fcnm\u00fc\u015f Silindir<\/td>\n<\/tr>\n<tr>\n<td>\u00d6zellikler:<\/td>\n<td>Kapal\u0131 g\u00f6vde<\/td>\n<\/tr>\n<tr>\n<td>Delik \u00e7ap\u0131:<\/td>\n<td>550 mm'ye kadar<\/td>\n<\/tr>\n<tr>\n<td>\u00c7ubuk \u00e7ap\u0131:<\/td>\n<td>280 mm'ye kadar<br \/>\nStrok\u22641000mm<\/td>\n<\/tr>\n<tr>\n<td>\u00c7ekme kuvveti:<\/td>\n<td>6000 kN'ye kadar<\/td>\n<\/tr>\n<tr>\n<td>Bas\u0131n\u00e7:<\/td>\n<td>38 MPa'ya kadar<\/td>\n<\/tr>\n<tr>\n<td>Uygulamalar:<\/td>\n<td>B\u00f6l\u00fcnm\u00fc\u015f Mavna<\/td>\n<\/tr>\n<\/tbody>\n<\/table>\n<div><\/div>\n<div>\n<div class=\"txtboxL\">\n<div class=\"txtboxL\">\n<div class=\"txtboxL\">\n<div class=\"txtboxL\">\n<div class=\"txtboxL\">\u00d6zellikler:<\/div>\n<div class=\"txtboxR\">Kapal\u0131 g\u00f6vde<\/div>\n<div class=\"txtboxL\">\u00d6zellikler:<\/div>\n<div class=\"txtboxR\">Delik \u00e7ap\u0131: 550 mm'ye kadar<br \/>\n\u00c7ubuk \u00e7ap\u0131: 280 mm'ye kadar<br \/>\nStrok\u22641000mm<\/div>\n<div class=\"txtboxL\">\u00c7ekme kuvveti:<\/div>\n<div class=\"txtboxR\">6000 kN'ye kadar<\/div>\n<div class=\"txtboxL\">bas\u0131n\u00e7:<\/div>\n<div class=\"txtboxR\">38 MPa'ya kadar<\/div>\n<\/div>\n<\/div>\n<\/div>\n<\/div>\n<\/div>\n<h2><strong>Duba Tipi B\u00f6l\u00fcnm\u00fc\u015f Silindir Uygulamas\u0131:<\/strong><\/h2>\n<p><img loading=\"lazy\" decoding=\"async\" class=\"alignnone wp-image-1780 size-full\" src=\"https:\/\/hydraulic-cylinders.net\/wp-content\/uploads\/2023\/10\/split-barge-cylinder-1.webp\" alt=\"\" width=\"1418\" height=\"946\" srcset=\"https:\/\/hydraulic-cylinders.net\/wp-content\/uploads\/2023\/10\/split-barge-cylinder-1.webp 1418w, https:\/\/hydraulic-cylinders.net\/wp-content\/uploads\/2023\/10\/split-barge-cylinder-1-1280x854.webp 1280w, https:\/\/hydraulic-cylinders.net\/wp-content\/uploads\/2023\/10\/split-barge-cylinder-1-980x654.webp 980w, https:\/\/hydraulic-cylinders.net\/wp-content\/uploads\/2023\/10\/split-barge-cylinder-1-480x320.webp 480w\" sizes=\"(min-width: 0px) and (max-width: 480px) 480px, (min-width: 481px) and (max-width: 980px) 980px, (min-width: 981px) and (max-width: 1280px) 1280px, (min-width: 1281px) 1418px, 100vw\" \/><\/p>\n<h2><strong>Duba B\u00f6l\u00fcnm\u00fc\u015f Silindirinin Kullan\u0131m Y\u00f6ntemi<\/strong><strong>:<\/strong><\/h2>\n<ol>\n<li><strong>Kurulum:<\/strong><\/li>\n<\/ol>\n<ul>\n<li>\u00d6ncelikle mavna veya gemi i\u00e7in g\u00fcvenli ve sa\u011flam bir temel olu\u015fturarak i\u015fe ba\u015flay\u0131n.<\/li>\n<li>Ta\u015f\u0131ma silindirini, ta\u015f\u0131nacak y\u00fck veya malzeme ile do\u011fru hizalama sa\u011flayacak \u015fekilde, mavna \u00fczerinde istenen konuma yerle\u015ftirin.<\/li>\n<li>Silindiri uygun montaj donan\u0131m\u0131n\u0131 kullanarak g\u00fcvenli bir \u015fekilde tak\u0131n ve tork de\u011ferleri i\u00e7in \u00fcreticinin y\u00f6nergelerini izleyin.<\/li>\n<\/ul>\n<ol start=\"2\">\n<li><strong>Hidrolik Ba\u011flant\u0131lar:<\/strong><\/li>\n<\/ol>\n<ul>\n<li>Mavnan\u0131n sisteminden gelen hidrolik hortumlar\u0131 mavnan\u0131n hidrolik da\u011f\u0131t\u0131m silindirine ba\u011flay\u0131n.<\/li>\n<li>Ba\u011flant\u0131lar\u0131n s\u0131k\u0131 ve s\u0131zd\u0131rmaz oldu\u011fundan emin olun.<\/li>\n<li>Hidrolik sistemin bas\u0131n\u00e7 ve ak\u0131\u015f ayarlar\u0131n\u0131 kontrol ederek silindirin gereksinimleriyle uyumlu oldu\u011fundan emin olun.<\/li>\n<\/ul>\n<ol start=\"3\">\n<li><strong>Y\u00fck Ta\u015f\u0131ma:<\/strong><\/li>\n<\/ol>\n<ul>\n<li>Duban\u0131n hidrolik sistemini etkinle\u015ftirin ve gerekti\u011finde Duba B\u00f6l\u00fcnm\u00fc\u015f Silindirini uzatmak veya geri \u00e7ekmek i\u00e7in kumandalar\u0131 \u00e7al\u0131\u015ft\u0131r\u0131n.<\/li>\n<li>Y\u00fck\u00fc veya malzemeyi hassas ve verimli bir \u015fekilde manip\u00fcle etmek i\u00e7in hassas kontrol \u00f6zelliklerinden yararlan\u0131n.<\/li>\n<li>Ta\u015f\u0131ma i\u015flemi s\u0131ras\u0131nda y\u00fck\u00fc izleyerek g\u00fcvenli ve emniyetli bir \u00e7al\u0131\u015fma sa\u011flay\u0131n.<\/li>\n<\/ul>\n<h2><strong>Sandalyeden Hidrolik Silindir Nas\u0131l \u00c7\u0131kar\u0131l\u0131r?<\/strong><\/h2>\n<p>Bir sandalyeden hidrolik silindiri \u00e7\u0131karmak i\u00e7in birka\u00e7 temel alete ihtiyac\u0131n\u0131z olacak ve a\u015fa\u011f\u0131daki ad\u0131m ad\u0131m talimatlar\u0131 izlemeniz gerekecek:<\/p>\n<ol>\n<li><strong>Gerekli ara\u00e7lar\u0131 toplay\u0131n:<\/strong>\n<ul>\n<li>Ayarlanabilir anahtar veya boru anahtar\u0131<\/li>\n<li>Lastik tokmak veya \u00e7eki\u00e7<\/li>\n<li>Tornavida (gerekirse)<\/li>\n<\/ul>\n<\/li>\n<li><strong>\u00c7al\u0131\u015fma alan\u0131n\u0131 haz\u0131rlay\u0131n:<\/strong>\n<ul>\n<li>\u00c7al\u0131\u015faca\u011f\u0131n\u0131z alan\u0131n temiz ve iyi ayd\u0131nlat\u0131lm\u0131\u015f oldu\u011fundan emin olun.<\/li>\n<li>Sandalyenin veya \u00e7evresindeki alan\u0131n zarar g\u00f6rmesini \u00f6nlemek i\u00e7in zemine bir bez veya koruyucu \u00f6rt\u00fc yerle\u015ftirin.<\/li>\n<\/ul>\n<\/li>\n<li><strong>Ba\u011flant\u0131 noktalar\u0131n\u0131 bulun:<\/strong>\n<ul>\n<li>Hidrolik silindirin ba\u011flant\u0131 noktalar\u0131n\u0131 belirlemek i\u00e7in sandalyeyi inceleyin. Bunlar genellikle sandalyenin oturma k\u0131sm\u0131n\u0131n alt\u0131nda bulunur.<\/li>\n<li>Ba\u011flant\u0131 noktalar\u0131n\u0131 gizleyen herhangi bir kapak veya koruyucu ba\u015fl\u0131k olup olmad\u0131\u011f\u0131n\u0131 kontrol edin.<\/li>\n<\/ul>\n<\/li>\n<li><strong>T\u00fcm kapaklar\u0131 veya \u00f6rt\u00fcleri \u00e7\u0131kar\u0131n:<\/strong>\n<ul>\n<li>Ba\u011flant\u0131 noktalar\u0131n\u0131n \u00fczerinde herhangi bir kapak veya koruyucu varsa, bunlar\u0131 \u00e7\u0131karmak i\u00e7in tornavida veya parmaklar\u0131n\u0131z\u0131 kullan\u0131n.<\/li>\n<li>Kapaklar\u0131 veya contalar\u0131 g\u00fcvenli bir yere koyun.<\/li>\n<\/ul>\n<\/li>\n<li><strong>Sabitleme somununu gev\u015fetin:<\/strong>\n<ul>\n<li>Hidrolik silindirin \u00fcst k\u0131sm\u0131ndaki sabitleme somununu kavramak i\u00e7in ayarlanabilir bir anahtar veya boru anahtar\u0131 kullan\u0131n.<\/li>\n<li>Somunu gev\u015fetmek i\u00e7in anahtar\u0131 saat y\u00f6n\u00fcn\u00fcn tersine \u00e7evirin.<\/li>\n<li>Baz\u0131 sandalyelerde somun yerine sabitleme klipsi bulunabilece\u011fini unutmay\u0131n. Bu gibi durumlarda, klipsi pense veya tornavida kullanarak \u00e7\u0131karman\u0131z gerekebilir.<\/li>\n<\/ul>\n<\/li>\n<li><strong>Silindiri sandalye taban\u0131ndan \u00e7\u0131kar\u0131n:<\/strong>\n<ul>\n<li>Sabitleme somununu gev\u015fettikten sonra, sandalyenin oturma k\u0131sm\u0131n\u0131 bir elinizle s\u0131k\u0131ca kavrayarak sabitleyin.<\/li>\n<li>Di\u011fer elinizle hidrolik silindirin \u00fcst k\u0131sm\u0131n\u0131 s\u0131k\u0131ca kavray\u0131n.<\/li>\n<li>Silindiri sandalye taban\u0131ndan ay\u0131rmak i\u00e7in yukar\u0131 do\u011fru kuvvet uygularken ayn\u0131 anda d\u00f6nd\u00fcr\u00fcn ve \u00e7ekin.<\/li>\n<li>Silindir s\u0131k\u0131\u015fm\u0131\u015fsa, gev\u015fetmek i\u00e7in lastik bir tokmak veya \u00e7eki\u00e7le hafif\u00e7e vurabilirsiniz.<\/li>\n<\/ul>\n<\/li>\n<li><strong>Kontrol edin ve temizleyin:<\/strong>\n<ul>\n<li>Hidrolik silindir \u00e7\u0131kar\u0131ld\u0131ktan sonra, herhangi bir hasar veya a\u015f\u0131nma belirtisi olup olmad\u0131\u011f\u0131n\u0131 kontrol edin.<\/li>\n<li>Gerekirse silindiri ve sandalye taban\u0131n\u0131 bir bez veya hafif bir temizleme sol\u00fcsyonu kullanarak temizleyin.<\/li>\n<li>Sandalyenin ba\u011flant\u0131 noktalar\u0131n\u0131n temiz ve kal\u0131nt\u0131lardan ar\u0131nd\u0131r\u0131lm\u0131\u015f oldu\u011fundan emin olun.<\/li>\n<\/ul>\n<\/li>\n<li><strong>De\u011fi\u015ftirme veya bak\u0131m:<\/strong>\n<ul>\n<li>Hidrolik silindiri bak\u0131m veya de\u011fi\u015ftirme amac\u0131yla s\u00f6k\u00fcyorsan\u0131z, sandalyenin belirli modeli i\u00e7in \u00fcreticinin talimatlar\u0131n\u0131 izleyin.<\/li>\n<li>Silindir hasar g\u00f6rm\u00fc\u015f veya ar\u0131zal\u0131ysa, uygun bir yedek par\u00e7a temin etmek i\u00e7in \u00fcreticiyle veya bir sandalye tamir uzman\u0131yla ileti\u015fime ge\u00e7in.<\/li>\n<\/ul>\n<\/li>\n<\/ol>\n<h2><strong>Fabrikan\u0131n Kapasitesi ve Kapasitesi:<\/strong><\/h2>\n<h3>(1) Meclis<\/h3>\n<p>Birinci s\u0131n\u0131f ba\u011f\u0131ms\u0131z bir ara\u015ft\u0131rma ve geli\u015ftirme montaj platformumuz bulunmaktad\u0131r. Hidrolik silindir \u00fcretim at\u00f6lyemizde, y\u0131ll\u0131k 1 milyon adet \u00fcretim kapasitesine sahip d\u00f6rt adet yar\u0131 otomatik kald\u0131rma silindiri montaj hatt\u0131 ve bir adet otomatik devirme silindiri montaj hatt\u0131 bulunmaktad\u0131r. \u00d6zel silindir at\u00f6lyemiz, y\u0131ll\u0131k 200.000 adet \u00fcretim kapasitesine sahip \u00e7e\u015fitli \u00f6zelliklerde yar\u0131 otomatik temizleme montaj sistemiyle donat\u0131lm\u0131\u015ft\u0131r. Ayr\u0131ca, \u00fcnl\u00fc CNC i\u015fleme ekipmanlar\u0131, bir i\u015fleme merkezi, y\u00fcksek hassasiyetli silindir i\u015fleme \u00f6zel ekipmanlar\u0131, bir robot kaynak makinesi, bir otomatik temizleme makinesi, otomatik silindir montaj makinesi ve otomatik boyama \u00fcretim hatt\u0131 ile donat\u0131lm\u0131\u015ft\u0131r. 300'den fazla setten olu\u015fan kritik ekipmanlar mevcuttur. Ekipman kaynaklar\u0131n\u0131n optimum da\u011f\u0131l\u0131m\u0131 ve verimli kullan\u0131m\u0131, \u00fcr\u00fcnlerin hassasiyet gereksinimlerini kar\u015f\u0131lar ve \u00fcr\u00fcnlerin y\u00fcksek kalite ihtiya\u00e7lar\u0131n\u0131 kar\u015f\u0131lar.<\/p>\n<p><img loading=\"lazy\" decoding=\"async\" class=\"alignnone wp-image-626\" src=\"https:\/\/hydraulic-cylinders.net\/wp-content\/uploads\/2023\/08\/hydraulic-cylinder-product-1-300x158.webp\" alt=\"\" width=\"495\" height=\"260\" srcset=\"https:\/\/hydraulic-cylinders.net\/wp-content\/uploads\/2023\/08\/hydraulic-cylinder-product-1-300x158.webp 495w, https:\/\/hydraulic-cylinders.net\/wp-content\/uploads\/2023\/08\/hydraulic-cylinder-product-1-480x252.webp 480w\" sizes=\"(min-width: 0px) and (max-width: 480px) 480px, (min-width: 481px) 495px, 100vw\" \/> <img loading=\"lazy\" decoding=\"async\" class=\"alignnone wp-image-627\" src=\"https:\/\/hydraulic-cylinders.net\/wp-content\/uploads\/2023\/08\/hydraulic-cylinder-product-2-300x189.webp\" alt=\"\" width=\"413\" height=\"260\" \/><\/p>\n<h3>(2) \u0130\u015fleme<\/h3>\n<p>\u0130\u015fleme at\u00f6lyesi, maksimum 400 mm i\u00e7 \u00e7apa ve maksimum 6 metre uzunlu\u011fa sahip silindir borular\u0131n\u0131n i\u015flenmesini ger\u00e7ekle\u015ftirebilen \u00f6zel e\u011fimli ray torna merkezi, i\u015fleme merkezi, y\u00fcksek h\u0131zl\u0131 honlama makinesi, kaynak robotu ve di\u011fer ilgili ekipmanlarla donat\u0131lm\u0131\u015ft\u0131r.<\/p>\n<p><img loading=\"lazy\" decoding=\"async\" class=\"alignnone wp-image-628 size-large\" src=\"https:\/\/hydraulic-cylinders.net\/wp-content\/uploads\/2023\/08\/hydraulic-cylinder-product-3-1024x391.webp\" alt=\"\" width=\"1024\" height=\"391\" srcset=\"https:\/\/hydraulic-cylinders.net\/wp-content\/uploads\/2023\/08\/hydraulic-cylinder-product-3-980x374.webp 980w, https:\/\/hydraulic-cylinders.net\/wp-content\/uploads\/2023\/08\/hydraulic-cylinder-product-3-480x183.webp 480w\" sizes=\"(min-width: 0px) and (max-width: 480px) 480px, (min-width: 481px) and (max-width: 980px) 980px, (min-width: 981px) 1024px, 100vw\" \/><\/p>\n<h3>(3) Kaynak<\/h3>\n<p><img loading=\"lazy\" decoding=\"async\" class=\"alignnone wp-image-629 size-large\" src=\"https:\/\/hydraulic-cylinders.net\/wp-content\/uploads\/2023\/08\/hydraulic-cylinder-product-4-1024x510.webp\" alt=\"\" width=\"1024\" height=\"510\" srcset=\"https:\/\/hydraulic-cylinders.net\/wp-content\/uploads\/2023\/08\/hydraulic-cylinder-product-4-980x488.webp 980w, https:\/\/hydraulic-cylinders.net\/wp-content\/uploads\/2023\/08\/hydraulic-cylinder-product-4-480x239.webp 480w\" sizes=\"(min-width: 0px) and (max-width: 480px) 480px, (min-width: 481px) and (max-width: 980px) 980px, (min-width: 981px) 1024px, 100vw\" \/><\/p>\n<h3>(4) Boyama ve kaplama<\/h3>\n<p>K\u00fc\u00e7\u00fck ve orta \u00f6l\u00e7ekli silindirli otomatik su bazl\u0131 boya kaplama hatlar\u0131nda, otomatik robot y\u00fckleme-bo\u015faltma ve otomatik p\u00fcsk\u00fcrtmeyi ger\u00e7ekle\u015ftirmek i\u00e7in, vardiya ba\u015f\u0131na 4000 adet tasar\u0131m kapasitesi;<br \/>\nAyr\u0131ca, vardiya ba\u015f\u0131na 60 kasa kapasiteli, g\u00fc\u00e7 zinciriyle \u00e7al\u0131\u015fan b\u00fcy\u00fck silindirler i\u00e7in yar\u0131 otomatik boya \u00fcretim hatt\u0131m\u0131z da bulunmaktad\u0131r.<\/p>\n<p><img loading=\"lazy\" decoding=\"async\" class=\"alignnone wp-image-630\" src=\"https:\/\/hydraulic-cylinders.net\/wp-content\/uploads\/2023\/08\/hydraulic-cylinder-product-5-300x213.webp\" alt=\"\" width=\"366\" height=\"260\" \/> <img loading=\"lazy\" decoding=\"async\" class=\"alignnone wp-image-631\" src=\"https:\/\/hydraulic-cylinders.net\/wp-content\/uploads\/2023\/08\/hydraulic-cylinder-product-6-300x225.webp\" alt=\"\" width=\"347\" height=\"260\" \/><\/p>\n<h3>(5) Test etme<\/h3>\n<p>Silindirin performans\u0131n\u0131n gereklilikleri kar\u015f\u0131lad\u0131\u011f\u0131ndan emin olmak i\u00e7in birinci s\u0131n\u0131f muayene tesislerimiz ve test yataklar\u0131m\u0131z bulunmaktad\u0131r.<\/p>\n<p><img loading=\"lazy\" decoding=\"async\" class=\"alignnone wp-image-632\" src=\"https:\/\/hydraulic-cylinders.net\/wp-content\/uploads\/2023\/08\/hydraulic-cylinder-product-8-300x200.webp\" alt=\"\" width=\"389\" height=\"260\" \/><\/p>\n<p>&nbsp;<\/p>\n<p>&nbsp;<\/p>\n<p>En iyi hidrolik silindir \u00fcreticilerinden biriyiz. Kapsaml\u0131 hidrolik silindirler sunabiliyoruz. Ayr\u0131ca, ilgili hidrolik silindirleri de sa\u011fl\u0131yoruz. <a href=\"https:\/\/hzpt.com\/agricultural-pto-gearbox\/\" target=\"_blank\" rel=\"noopener\">tar\u0131msal di\u015fli kutular\u0131<\/a>\u00dcr\u00fcnlerimizi d\u00fcnya \u00e7ap\u0131ndaki m\u00fc\u015fterilerimize ihra\u00e7 ettik ve \u00fcst\u00fcn \u00fcr\u00fcn kalitemiz ve sat\u0131\u015f sonras\u0131 hizmetlerimiz sayesinde iyi bir itibar kazand\u0131k. Yurt i\u00e7i ve yurt d\u0131\u015f\u0131ndaki m\u00fc\u015fterilerimizi i\u015f g\u00f6r\u00fc\u015fmeleri yapmak, bilgi al\u0131\u015fveri\u015finde bulunmak ve <a href=\"https:\/\/www.hydraulic-cylinders.net\/tr\/contact-us\/\">bizimle i\u015fbirli\u011fi yap\u0131n<\/a>!<\/p>","protected":false},"excerpt":{"rendered":"<p>Barge Split Cylinder The barge split cylinder is a revolutionary product designed to optimize marine operations, particularly in transporting and handling goods and materials. This innovative hydraulic cylinder offers a range of features and benefits that enhance efficiency, safety, and productivity. The barge split cylinder offers a range of features and benefits that enhance efficiency, [&hellip;]<\/p>","protected":false},"featured_media":1783,"comment_status":"open","ping_status":"closed","template":"","meta":{"_et_pb_use_builder":"","_et_pb_old_content":"","_et_gb_content_width":""},"product_brand":[],"product_cat":[1550,1536,1552,1376],"product_tag":[1380],"class_list":{"0":"post-1778","1":"product","2":"type-product","3":"status-publish","4":"has-post-thumbnail","6":"product_cat-double-acting-hydraulic-cylinder","7":"product_cat-offshore-platform-hydraulic-cylinders","8":"product_cat-stainless-steel-hydraulic-cylinder","9":"product_cat-hydraulic-cylinder","10":"product_tag-hydraulic-cylinder","12":"first","13":"instock","14":"shipping-taxable","15":"product-type-simple"},"amp_enabled":true,"_links":{"self":[{"href":"https:\/\/www.hydraulic-cylinders.net\/tr\/wp-json\/wp\/v2\/product\/1778","targetHints":{"allow":["GET"]}}],"collection":[{"href":"https:\/\/www.hydraulic-cylinders.net\/tr\/wp-json\/wp\/v2\/product"}],"about":[{"href":"https:\/\/www.hydraulic-cylinders.net\/tr\/wp-json\/wp\/v2\/types\/product"}],"replies":[{"embeddable":true,"href":"https:\/\/www.hydraulic-cylinders.net\/tr\/wp-json\/wp\/v2\/comments?post=1778"}],"wp:featuredmedia":[{"embeddable":true,"href":"https:\/\/www.hydraulic-cylinders.net\/tr\/wp-json\/wp\/v2\/media\/1783"}],"wp:attachment":[{"href":"https:\/\/www.hydraulic-cylinders.net\/tr\/wp-json\/wp\/v2\/media?parent=1778"}],"wp:term":[{"taxonomy":"product_brand","embeddable":true,"href":"https:\/\/www.hydraulic-cylinders.net\/tr\/wp-json\/wp\/v2\/product_brand?post=1778"},{"taxonomy":"product_cat","embeddable":true,"href":"https:\/\/www.hydraulic-cylinders.net\/tr\/wp-json\/wp\/v2\/product_cat?post=1778"},{"taxonomy":"product_tag","embeddable":true,"href":"https:\/\/www.hydraulic-cylinders.net\/tr\/wp-json\/wp\/v2\/product_tag?post=1778"}],"curies":[{"name":"wp","href":"https:\/\/api.w.org\/{rel}","templated":true}]}}