{"id":1785,"date":"2023-10-13T08:07:17","date_gmt":"2023-10-13T08:07:17","guid":{"rendered":"https:\/\/hydraulic-cylinders.net\/?post_type=product&#038;p=1785"},"modified":"2025-04-15T05:54:48","modified_gmt":"2025-04-15T05:54:48","slug":"jack-up-offshore-platform-lifting-cylinder","status":"publish","type":"product","link":"https:\/\/www.hydraulic-cylinders.net\/tr\/urun\/jack-up-offshore-platform-lifting-cylinder\/","title":{"rendered":"Jack-up Offshore Platform Kald\u0131rma Silindiri"},"content":{"rendered":"<h1 style=\"text-align: center;\"><strong>Jack-up Offshore Platform Kald\u0131rma Silindiri<\/strong><\/h1>\n<h1 style=\"text-align: center;\"><img loading=\"lazy\" decoding=\"async\" class=\"alignnone wp-image-1786\" src=\"https:\/\/hydraulic-cylinders.net\/wp-content\/uploads\/2023\/10\/lifting-cylinder-1-2-300x300.webp\" alt=\"\" width=\"400\" height=\"400\" \/><\/h1>\n<p>A\u00e7\u0131k deniz platformlar\u0131 i\u00e7in \u00f6zel olarak tasarlanm\u0131\u015f, son teknoloji \u00fcr\u00fcn\u00fc bir hidrolik sistem olan kald\u0131rma silindiri, zorlu a\u00e7\u0131k deniz ortamlar\u0131nda g\u00fcvenli ve verimli operasyonlar sa\u011flamak i\u00e7in ortam\u0131n y\u00fckseltilmesi ve dengelenmesinde hayati \u00f6neme sahiptir. Geli\u015fmi\u015f \u00f6zellikleri ve sa\u011flam yap\u0131s\u0131yla bu kald\u0131rma silindiri, d\u00fcnya \u00e7ap\u0131ndaki a\u00e7\u0131k deniz end\u00fcstrileri i\u00e7in tercih edilen \u00e7\u00f6z\u00fcmd\u00fcr.<\/p>\n<p>A\u00e7\u0131k deniz platformu kald\u0131rma silindiri, a\u00e7\u0131k deniz platformlar\u0131n\u0131 y\u00fckseltmek ve stabilize etmek i\u00e7in tasarlanm\u0131\u015f g\u00fcvenilir ve verimli bir hidrolik sistemdir. Sa\u011flam yap\u0131s\u0131, y\u00fcksek y\u00fck kapasitesi ve ayarlanabilir y\u00fckseklik \u00f6zellikleri, zorlu a\u00e7\u0131k deniz ortamlar\u0131nda g\u00fcvenli ve sorunsuz operasyonlar sa\u011flar. Operat\u00f6rler, \u00f6nerilen kullan\u0131m y\u00f6ntemlerini izleyerek ve d\u00fczenli bak\u0131m uygulamalar\u0131n\u0131 uygulayarak, bu temel kald\u0131rma \u00e7\u00f6z\u00fcm\u00fcn\u00fcn \u00f6mr\u00fcn\u00fc ve performans\u0131n\u0131 en \u00fcst d\u00fczeye \u00e7\u0131karabilir ve a\u00e7\u0131k deniz projelerinin ba\u015far\u0131s\u0131na katk\u0131da bulunabilirler.<\/p>\n<p>A\u00e7\u0131k Deniz Platformu Kald\u0131rma Silindirinin Ba\u015fl\u0131ca \u00d6zellikleri:<\/p>\n<ul>\n<li>Sa\u011flam Yap\u0131: Kald\u0131rma silindiri, a\u00e7\u0131k deniz ortamlar\u0131n\u0131n zorlu ko\u015fullar\u0131na dayanacak \u015fekilde \u00fcretilmi\u015ftir. Y\u00fcksek kaliteli, korozyona dayan\u0131kl\u0131 malzemelerden \u00fcretilen bu silindir, ola\u011fan\u00fcst\u00fc dayan\u0131kl\u0131l\u0131k ve uzun \u00f6m\u00fcr sunarak bak\u0131m gereksinimlerini en aza indirir.<\/li>\n<li>Y\u00fcksek Y\u00fck Kapasitesi: Kald\u0131rma silindiri etkileyici bir y\u00fck kapasitesine sahiptir ve a\u011f\u0131r y\u00fckleri kolayl\u0131kla kald\u0131rabilir. Y\u00fckseltme s\u0131ras\u0131nda t\u00fcm platforma g\u00fcvenilir destek sa\u011flayarak, i\u015flemler s\u0131ras\u0131nda istikrar ve g\u00fcvenli\u011fi garanti eder.<\/li>\n<li>Hidrolik G\u00fc\u00e7: Hidrolik bir sistemle \u00e7al\u0131\u015fan kald\u0131rma silindiri, bas\u0131n\u00e7l\u0131 s\u0131v\u0131lar\u0131n \u00fcretti\u011fi kuvveti kullanarak platformu y\u00fckseltip al\u00e7alt\u0131r. Bu hidrolik mekanizma, y\u00fckseltme i\u015flemi \u00fczerinde hassas kontrol sa\u011flayarak d\u00fczg\u00fcn ve kontroll\u00fc hareketler sa\u011flar.<\/li>\n<li>Ayarlanabilir Y\u00fckseklik: A\u00e7\u0131k deniz platformunun kald\u0131rma silindiri, de\u011fi\u015fen su derinliklerine ve deniz ko\u015fullar\u0131na uyum sa\u011flamak i\u00e7in platform y\u00fcksekli\u011finin ayarlanmas\u0131na olanak tan\u0131r. Bu uyarlanabilirlik, platformun optimum konumland\u0131r\u0131lmas\u0131n\u0131 sa\u011flayarak stabiliteyi art\u0131r\u0131r ve verimli operasyonlar\u0131 kolayla\u015ft\u0131r\u0131r.<\/li>\n<\/ul>\n<h2><strong>A\u00e7\u0131k Deniz Platformu Kald\u0131rma Silindiri Parametreleri:<\/strong><\/h2>\n<table border=\"1\" cellspacing=\"0\" cellpadding=\"0\">\n<tbody>\n<tr>\n<td>\u00dcr\u00fcn Ad\u0131<\/td>\n<td>Jack-up Offshore Platform Kald\u0131rma Silindiri<\/td>\n<\/tr>\n<tr>\n<td>\u00d6zellikler:<\/td>\n<td>Halka kiri\u015fi hareket ettirerek platformun kald\u0131r\u0131l\u0131p indirilmesini ger\u00e7ekle\u015ftirin.<\/td>\n<\/tr>\n<tr>\n<td>Delik \u00e7ap\u0131:<\/td>\n<td>700 mm'ye kadar<\/td>\n<\/tr>\n<tr>\n<td>\u00c7ubuk \u00e7ap\u0131:<\/td>\n<td>420 mm'ye kadar<br \/>\n2150 mm'ye kadar strok<\/td>\n<\/tr>\n<tr>\n<td>Bas\u0131n\u00e7:<\/td>\n<td>32 MPa'ya kadar<\/td>\n<\/tr>\n<tr>\n<td>Sens\u00f6r:<\/td>\n<td>Harici bir yer de\u011fi\u015ftirme sens\u00f6r\u00fc, silindirlerin s\u00f6k\u00fclmesine gerek kalmadan sens\u00f6r\u00fcn bak\u0131m ve de\u011fi\u015ftirme ihtiya\u00e7lar\u0131n\u0131 kar\u015f\u0131layacak \u015fekilde yap\u0131land\u0131r\u0131labilir.<\/td>\n<\/tr>\n<tr>\n<td>Uygulamalar:<\/td>\n<td>Jack-up Offshore Platform<\/td>\n<\/tr>\n<\/tbody>\n<\/table>\n<div><\/div>\n<div>\n<div class=\"txtboxL\">\n<div class=\"txtboxL\">\n<div class=\"txtboxL\">\n<div class=\"txtboxL\">\n<div class=\"txtboxL\">\n<div class=\"txtboxL\">\u00d6zellikler:<\/div>\n<div class=\"txtboxR\">Halka kiri\u015fi hareket ettirerek platformun kald\u0131r\u0131l\u0131p indirilmesini ger\u00e7ekle\u015ftirin.<\/div>\n<div class=\"txtboxL\">\u00d6zellikler:<\/div>\n<div class=\"txtboxR\">Delik \u00e7ap\u0131: 700 mm'ye kadar<br \/>\n\u00c7ubuk \u00e7ap\u0131: 420 mm'ye kadar<br \/>\n2150 mm'ye kadar strok<\/div>\n<div class=\"txtboxL\">Bas\u0131n\u00e7:<\/div>\n<div class=\"txtboxR\">32 MPa'ya kadar<\/div>\n<div class=\"txtboxL\">Sens\u00f6r:<\/div>\n<div class=\"txtboxR\">Harici bir yer de\u011fi\u015ftirme sens\u00f6r\u00fc, silindirlerin s\u00f6k\u00fclmesine gerek kalmadan sens\u00f6r\u00fcn bak\u0131m ve de\u011fi\u015ftirme ihtiya\u00e7lar\u0131n\u0131 kar\u015f\u0131layacak \u015fekilde yap\u0131land\u0131r\u0131labilir.<\/div>\n<\/div>\n<\/div>\n<\/div>\n<\/div>\n<\/div>\n<\/div>\n<h2><strong>A\u00e7\u0131k Deniz Platformu Silindir Uygulamas\u0131:<\/strong><\/h2>\n<p><img loading=\"lazy\" decoding=\"async\" class=\"alignnone wp-image-1788 size-full\" src=\"https:\/\/hydraulic-cylinders.net\/wp-content\/uploads\/2023\/10\/jack-up-offshore-platform-cylinder-1.webp\" alt=\"\" width=\"1418\" height=\"946\" srcset=\"https:\/\/hydraulic-cylinders.net\/wp-content\/uploads\/2023\/10\/jack-up-offshore-platform-cylinder-1.webp 1418w, https:\/\/hydraulic-cylinders.net\/wp-content\/uploads\/2023\/10\/jack-up-offshore-platform-cylinder-1-1280x854.webp 1280w, https:\/\/hydraulic-cylinders.net\/wp-content\/uploads\/2023\/10\/jack-up-offshore-platform-cylinder-1-980x654.webp 980w, https:\/\/hydraulic-cylinders.net\/wp-content\/uploads\/2023\/10\/jack-up-offshore-platform-cylinder-1-480x320.webp 480w\" sizes=\"(min-width: 0px) and (max-width: 480px) 480px, (min-width: 481px) and (max-width: 980px) 980px, (min-width: 981px) and (max-width: 1280px) 1280px, (min-width: 1281px) 1418px, 100vw\" \/><\/p>\n<h2><strong>A\u00e7\u0131k Deniz Platformu Kald\u0131rma Silindirinin Kullan\u0131m Y\u00f6ntemi<\/strong><strong>:<\/strong><\/h2>\n<ol>\n<li>Kald\u0131rma \u00d6ncesi Haz\u0131rl\u0131k: Kald\u0131rma i\u015flemine ba\u015flamadan \u00f6nce, platformun g\u00fcvenli bir \u015fekilde konumland\u0131r\u0131ld\u0131\u011f\u0131ndan ve t\u00fcm g\u00fcvenlik \u00f6nlemlerinin al\u0131nd\u0131\u011f\u0131ndan emin olun. Kald\u0131rma silindirini ve ilgili bile\u015fenleri iyice inceleyin.<\/li>\n<li>Hidrolik Sistem Aktivasyonu: Hidrolik sistemi aktive edin ve uygun bas\u0131n\u00e7 seviyelerini ve s\u0131v\u0131 beslemesini sa\u011flay\u0131n. Bu, kald\u0131rma silindirinin platformu y\u00fckseltmesi i\u00e7in gerekli kuvveti sa\u011flayacakt\u0131r.<\/li>\n<li>Kontroll\u00fc Y\u00fckseltme: Kald\u0131rma silindirini devreye sokun ve hidrolik kontrolleri kullanarak platformu kademeli olarak istenen y\u00fcksekli\u011fe y\u00fckseltin. \u0130\u015flemi yak\u0131ndan izleyerek, hareketlerin d\u00fczg\u00fcn ve kontroll\u00fc olmas\u0131n\u0131 sa\u011flay\u0131n.<\/li>\n<li>Stabilizasyon: \u0130stenilen y\u00fcksekli\u011fe ula\u015f\u0131ld\u0131ktan sonra, platformun \u00e7al\u0131\u015fma s\u0131ras\u0131nda g\u00fcvenli ve d\u00fcz kalmas\u0131n\u0131 sa\u011flamak i\u00e7in platform stabilizasyon mekanizmas\u0131n\u0131 devreye sokun.<\/li>\n<\/ol>\n<h2><strong>Hidrolik Silindir Pimleri Nas\u0131l S\u00f6k\u00fcl\u00fcr?<\/strong><\/h2>\n<p>Hidrolik silindir pimlerinin \u00e7\u0131kar\u0131lmas\u0131 dikkatli i\u015flem ve g\u00fcvenlik prosed\u00fcrlerine uyulmas\u0131n\u0131 gerektirir. \u0130\u015fte hidrolik silindir pimlerinin nas\u0131l \u00e7\u0131kar\u0131laca\u011f\u0131na dair ad\u0131m ad\u0131m bir k\u0131lavuz:<\/p>\n<ol>\n<li><strong>\u00c7al\u0131\u015fma Alan\u0131n\u0131 Haz\u0131rlay\u0131n:<\/strong> \u00c7al\u0131\u015fma alan\u0131n\u0131z\u0131n temiz ve iyi ayd\u0131nlat\u0131lm\u0131\u015f oldu\u011fundan emin olun. Pim \u00e7\u0131karma i\u015flemine kolay eri\u015fim sa\u011flamak i\u00e7in hidrolik silindirin etraf\u0131ndaki t\u00fcm engelleri kald\u0131r\u0131n.<\/li>\n<li><strong>Bas\u0131nc\u0131 Serbest B\u0131rak:<\/strong> Pimleri \u00e7\u0131karmaya \u00e7al\u0131\u015fmadan \u00f6nce, sistemdeki hidrolik bas\u0131nc\u0131 bo\u015falt\u0131n. Bu ad\u0131m, ani hareketleri veya depolanm\u0131\u015f enerjinin beklenmedik \u015fekilde serbest kalmas\u0131n\u0131 \u00f6nlemek i\u00e7in \u00e7ok \u00f6nemlidir. Hidrolik sistemi g\u00fcvenli bir \u015fekilde bas\u0131n\u00e7s\u0131z hale getirmek i\u00e7in \u00fcreticinin talimatlar\u0131n\u0131 izleyin.<\/li>\n<li><strong>Pin Tiplerini Belirleyin:<\/strong> Hidrolik silindir pimleri, \u00e7atal pimler, kama pimler veya segman pimleri gibi \u00e7e\u015fitli tiplerde olabilir. Uygun s\u00f6kme y\u00f6ntemini belirlemek i\u00e7in hidrolik silindirinizde kullan\u0131lan pim tipini tespit edin.<\/li>\n<li><strong>Ara\u00e7lar\u0131 Topla:<\/strong> Pim tipine ba\u011fl\u0131 olarak, s\u00f6kme i\u015flemi i\u00e7in \u00f6zel aletlere ihtiyac\u0131n\u0131z olabilir. Yayg\u0131n kullan\u0131lan aletler aras\u0131nda \u00e7eki\u00e7, z\u0131mba, pense veya hidrolik silindirler i\u00e7in tasarlanm\u0131\u015f bir pim s\u00f6kme aleti bulunur.<\/li>\n<li><strong>Sabitleme donan\u0131m\u0131n\u0131 \u00e7\u0131kar\u0131n:<\/strong> E\u011fer pim, kama pimi veya segman gibi sabitleme elemanlar\u0131yla tutturulmu\u015fsa, uygun aletleri kullanarak bunlar\u0131 dikkatlice \u00e7\u0131kar\u0131n. \u00c7evredeki par\u00e7alara zarar vermemeye \u00f6zen g\u00f6sterin.<\/li>\n<li><strong>Gerekiyorsa n\u00fcfuz edici ya\u011f uygulay\u0131n:<\/strong> E\u011fer pim s\u0131k\u0131\u015fm\u0131\u015f veya hareket etmeye diren\u00e7 g\u00f6steriyorsa, pas veya kal\u0131nt\u0131lar\u0131 gev\u015fetmek i\u00e7in n\u00fcfuz edici bir ya\u011f uygulayabilirsiniz. Daha kolay \u00e7\u0131kar\u0131lmas\u0131n\u0131 sa\u011flamak i\u00e7in ya\u011f\u0131n birka\u00e7 dakika n\u00fcfuz etmesine izin verin.<\/li>\n<li><strong>\u0130\u011fneye dokunun:<\/strong> \u00c7eki\u00e7 ve z\u0131mba veya pim \u00e7\u0131karma aleti kullanarak, sabitleme donan\u0131m\u0131n\u0131n kar\u015f\u0131 taraf\u0131ndan pimi hafif\u00e7e vurun. Hasar\u0131 \u00f6nlemek i\u00e7in hafif vuru\u015flarla ba\u015flay\u0131n ve gerekirse kuvveti kademeli olarak art\u0131r\u0131n. Ama\u00e7, a\u015f\u0131r\u0131 kuvvet uygulamadan pimi yerinden \u00e7\u0131karmakt\u0131r.<\/li>\n<li><strong>Sallay\u0131n ve \u00c7ekin:<\/strong> Pim hareket etmeye ba\u015flad\u0131\u011f\u0131nda, hidrolik silindirden \u00e7\u0131karmak i\u00e7in d\u0131\u015fa do\u011fru bas\u0131n\u00e7 uygularken ileri geri sallay\u0131n. Sab\u0131rl\u0131 olun ve a\u015f\u0131r\u0131 g\u00fc\u00e7 kullanmaktan ka\u00e7\u0131n\u0131n, \u00e7\u00fcnk\u00fc bu hasara veya yaralanmaya yol a\u00e7abilir.<\/li>\n<li><strong>Pimi inceleyin:<\/strong> \u00c7\u0131kard\u0131ktan sonra, pimde herhangi bir hasar veya a\u015f\u0131nma belirtisi olup olmad\u0131\u011f\u0131n\u0131 kontrol edin. Pim hasarl\u0131ysa, hidrolik silindiri yeniden monte etmeden \u00f6nce yenisiyle de\u011fi\u015ftirin.<\/li>\n<li><strong>Temizleyin ve Ya\u011flay\u0131n:<\/strong> Hidrolik silindirdeki pimi ve pim deliklerini iyice temizleyin. Herhangi bir kal\u0131nt\u0131, pas veya eski ya\u011flay\u0131c\u0131y\u0131 temizleyin. Sorunsuz \u00e7al\u0131\u015fma sa\u011flamak i\u00e7in yeniden takmadan \u00f6nce pime uygun bir ya\u011flay\u0131c\u0131 uygulay\u0131n.<\/li>\n<\/ol>\n<h2><strong>Fabrikan\u0131n Kapasitesi ve Kapasitesi:<\/strong><\/h2>\n<h3>(1) Meclis<\/h3>\n<p>Birinci s\u0131n\u0131f ba\u011f\u0131ms\u0131z bir ara\u015ft\u0131rma ve geli\u015ftirme montaj platformumuz bulunmaktad\u0131r. Hidrolik silindir \u00fcretim at\u00f6lyemizde, y\u0131ll\u0131k 1 milyon adet \u00fcretim kapasitesine sahip d\u00f6rt adet yar\u0131 otomatik kald\u0131rma silindiri montaj hatt\u0131 ve bir adet otomatik devirme silindiri montaj hatt\u0131 bulunmaktad\u0131r. \u00d6zel silindir at\u00f6lyemiz, y\u0131ll\u0131k 200.000 adet \u00fcretim kapasitesine sahip \u00e7e\u015fitli \u00f6zelliklerde yar\u0131 otomatik temizleme montaj sistemiyle donat\u0131lm\u0131\u015ft\u0131r. Ayr\u0131ca, \u00fcnl\u00fc CNC i\u015fleme ekipmanlar\u0131, bir i\u015fleme merkezi, y\u00fcksek hassasiyetli silindir i\u015fleme \u00f6zel ekipmanlar\u0131, bir robot kaynak makinesi, bir otomatik temizleme makinesi, otomatik silindir montaj makinesi ve otomatik boyama \u00fcretim hatt\u0131 ile donat\u0131lm\u0131\u015ft\u0131r. 300'den fazla setten olu\u015fan kritik ekipmanlar mevcuttur. Ekipman kaynaklar\u0131n\u0131n optimum da\u011f\u0131l\u0131m\u0131 ve verimli kullan\u0131m\u0131, \u00fcr\u00fcnlerin hassasiyet gereksinimlerini kar\u015f\u0131lar ve \u00fcr\u00fcnlerin y\u00fcksek kalite ihtiya\u00e7lar\u0131n\u0131 kar\u015f\u0131lar.<\/p>\n<p><img loading=\"lazy\" decoding=\"async\" class=\"alignnone wp-image-626\" src=\"https:\/\/hydraulic-cylinders.net\/wp-content\/uploads\/2023\/08\/hydraulic-cylinder-product-1-300x158.webp\" alt=\"\" width=\"495\" height=\"260\" srcset=\"https:\/\/hydraulic-cylinders.net\/wp-content\/uploads\/2023\/08\/hydraulic-cylinder-product-1-300x158.webp 495w, https:\/\/hydraulic-cylinders.net\/wp-content\/uploads\/2023\/08\/hydraulic-cylinder-product-1-480x252.webp 480w\" sizes=\"(min-width: 0px) and (max-width: 480px) 480px, (min-width: 481px) 495px, 100vw\" \/> <img loading=\"lazy\" decoding=\"async\" class=\"alignnone wp-image-627\" src=\"https:\/\/hydraulic-cylinders.net\/wp-content\/uploads\/2023\/08\/hydraulic-cylinder-product-2-300x189.webp\" alt=\"\" width=\"413\" height=\"260\" \/><\/p>\n<h3>(2) \u0130\u015fleme<\/h3>\n<p>\u0130\u015fleme at\u00f6lyesi, maksimum 400 mm i\u00e7 \u00e7apa ve maksimum 6 metre uzunlu\u011fa sahip silindir borular\u0131n\u0131n i\u015flenmesini ger\u00e7ekle\u015ftirebilen \u00f6zel e\u011fimli ray torna merkezi, i\u015fleme merkezi, y\u00fcksek h\u0131zl\u0131 honlama makinesi, kaynak robotu ve di\u011fer ilgili ekipmanlarla donat\u0131lm\u0131\u015ft\u0131r.<\/p>\n<p><img loading=\"lazy\" decoding=\"async\" class=\"alignnone wp-image-628 size-large\" src=\"https:\/\/hydraulic-cylinders.net\/wp-content\/uploads\/2023\/08\/hydraulic-cylinder-product-3-1024x391.webp\" alt=\"\" width=\"1024\" height=\"391\" srcset=\"https:\/\/hydraulic-cylinders.net\/wp-content\/uploads\/2023\/08\/hydraulic-cylinder-product-3-980x374.webp 980w, https:\/\/hydraulic-cylinders.net\/wp-content\/uploads\/2023\/08\/hydraulic-cylinder-product-3-480x183.webp 480w\" sizes=\"(min-width: 0px) and (max-width: 480px) 480px, (min-width: 481px) and (max-width: 980px) 980px, (min-width: 981px) 1024px, 100vw\" \/><\/p>\n<h3>(3) Kaynak<\/h3>\n<p><img loading=\"lazy\" decoding=\"async\" class=\"alignnone wp-image-629 size-large\" src=\"https:\/\/hydraulic-cylinders.net\/wp-content\/uploads\/2023\/08\/hydraulic-cylinder-product-4-1024x510.webp\" alt=\"\" width=\"1024\" height=\"510\" srcset=\"https:\/\/hydraulic-cylinders.net\/wp-content\/uploads\/2023\/08\/hydraulic-cylinder-product-4-980x488.webp 980w, https:\/\/hydraulic-cylinders.net\/wp-content\/uploads\/2023\/08\/hydraulic-cylinder-product-4-480x239.webp 480w\" sizes=\"(min-width: 0px) and (max-width: 480px) 480px, (min-width: 481px) and (max-width: 980px) 980px, (min-width: 981px) 1024px, 100vw\" \/><\/p>\n<h3>(4) Boyama ve kaplama<\/h3>\n<p>K\u00fc\u00e7\u00fck ve orta \u00f6l\u00e7ekli silindirli otomatik su bazl\u0131 boya kaplama hatlar\u0131nda, otomatik robot y\u00fckleme-bo\u015faltma ve otomatik p\u00fcsk\u00fcrtmeyi ger\u00e7ekle\u015ftirmek i\u00e7in, vardiya ba\u015f\u0131na 4000 adet tasar\u0131m kapasitesi;<br \/>\nAyr\u0131ca, vardiya ba\u015f\u0131na 60 kasa kapasiteli, g\u00fc\u00e7 zinciriyle \u00e7al\u0131\u015fan b\u00fcy\u00fck silindirler i\u00e7in yar\u0131 otomatik boya \u00fcretim hatt\u0131m\u0131z da bulunmaktad\u0131r.<\/p>\n<p><img loading=\"lazy\" decoding=\"async\" class=\"alignnone wp-image-630\" src=\"https:\/\/hydraulic-cylinders.net\/wp-content\/uploads\/2023\/08\/hydraulic-cylinder-product-5-300x213.webp\" alt=\"\" width=\"366\" height=\"260\" \/> <img loading=\"lazy\" decoding=\"async\" class=\"alignnone wp-image-631\" src=\"https:\/\/hydraulic-cylinders.net\/wp-content\/uploads\/2023\/08\/hydraulic-cylinder-product-6-300x225.webp\" alt=\"\" width=\"347\" height=\"260\" \/><\/p>\n<h3>(5) Test etme<\/h3>\n<p>Silindirin performans\u0131n\u0131n gereklilikleri kar\u015f\u0131lad\u0131\u011f\u0131ndan emin olmak i\u00e7in birinci s\u0131n\u0131f muayene tesislerimiz ve test yataklar\u0131m\u0131z bulunmaktad\u0131r.<\/p>\n<p><img loading=\"lazy\" decoding=\"async\" class=\"alignnone wp-image-632\" src=\"https:\/\/hydraulic-cylinders.net\/wp-content\/uploads\/2023\/08\/hydraulic-cylinder-product-8-300x200.webp\" alt=\"\" width=\"389\" height=\"260\" \/><\/p>\n<p>&nbsp;<\/p>\n<p>&nbsp;<\/p>\n<p>En iyi hidrolik silindir \u00fcreticilerinden biriyiz. Kapsaml\u0131 hidrolik silindirler sunabiliyoruz. Ayr\u0131ca, ilgili hidrolik silindirleri de sa\u011fl\u0131yoruz. <a href=\"https:\/\/hzpt.com\/agricultural-pto-gearbox\/\" target=\"_blank\" rel=\"noopener\">tar\u0131msal di\u015fli kutular\u0131<\/a>\u00dcr\u00fcnlerimizi d\u00fcnya \u00e7ap\u0131ndaki m\u00fc\u015fterilerimize ihra\u00e7 ettik ve \u00fcst\u00fcn \u00fcr\u00fcn kalitemiz ve sat\u0131\u015f sonras\u0131 hizmetlerimiz sayesinde iyi bir itibar kazand\u0131k. Yurt i\u00e7i ve yurt d\u0131\u015f\u0131ndaki m\u00fc\u015fterilerimizi i\u015f g\u00f6r\u00fc\u015fmeleri yapmak, bilgi al\u0131\u015fveri\u015finde bulunmak ve <a href=\"https:\/\/www.hydraulic-cylinders.net\/tr\/contact-us\/\">bizimle i\u015fbirli\u011fi yap\u0131n<\/a>!<\/p>","protected":false},"excerpt":{"rendered":"<p>Jack-up Offshore Platform Lifting Cylinder The jack-up offshore platform lifting cylinder is a cutting-edge hydraulic system explicitly designed for offshore platforms. It is crucial in elevating and stabilizing media, ensuring safe and efficient operations in challenging offshore environments. With its advanced features and robust construction, this lifting cylinder is the go-to solution for offshore industries [&hellip;]<\/p>","protected":false},"featured_media":1787,"comment_status":"open","ping_status":"closed","template":"","meta":{"_et_pb_use_builder":"","_et_pb_old_content":"","_et_gb_content_width":""},"product_brand":[],"product_cat":[1536,1549,1552,1376],"product_tag":[1380],"class_list":{"0":"post-1785","1":"product","2":"type-product","3":"status-publish","4":"has-post-thumbnail","6":"product_cat-offshore-platform-hydraulic-cylinders","7":"product_cat-single-acting-hydraulic-cylinder","8":"product_cat-stainless-steel-hydraulic-cylinder","9":"product_cat-hydraulic-cylinder","10":"product_tag-hydraulic-cylinder","12":"first","13":"instock","14":"shipping-taxable","15":"product-type-simple"},"amp_enabled":true,"_links":{"self":[{"href":"https:\/\/www.hydraulic-cylinders.net\/tr\/wp-json\/wp\/v2\/product\/1785","targetHints":{"allow":["GET"]}}],"collection":[{"href":"https:\/\/www.hydraulic-cylinders.net\/tr\/wp-json\/wp\/v2\/product"}],"about":[{"href":"https:\/\/www.hydraulic-cylinders.net\/tr\/wp-json\/wp\/v2\/types\/product"}],"replies":[{"embeddable":true,"href":"https:\/\/www.hydraulic-cylinders.net\/tr\/wp-json\/wp\/v2\/comments?post=1785"}],"wp:featuredmedia":[{"embeddable":true,"href":"https:\/\/www.hydraulic-cylinders.net\/tr\/wp-json\/wp\/v2\/media\/1787"}],"wp:attachment":[{"href":"https:\/\/www.hydraulic-cylinders.net\/tr\/wp-json\/wp\/v2\/media?parent=1785"}],"wp:term":[{"taxonomy":"product_brand","embeddable":true,"href":"https:\/\/www.hydraulic-cylinders.net\/tr\/wp-json\/wp\/v2\/product_brand?post=1785"},{"taxonomy":"product_cat","embeddable":true,"href":"https:\/\/www.hydraulic-cylinders.net\/tr\/wp-json\/wp\/v2\/product_cat?post=1785"},{"taxonomy":"product_tag","embeddable":true,"href":"https:\/\/www.hydraulic-cylinders.net\/tr\/wp-json\/wp\/v2\/product_tag?post=1785"}],"curies":[{"name":"wp","href":"https:\/\/api.w.org\/{rel}","templated":true}]}}