{"id":18835,"date":"2025-04-07T05:57:42","date_gmt":"2025-04-07T05:57:42","guid":{"rendered":"https:\/\/www.hydraulic-cylinders.net\/product\/boom-cylinder-for-komatsu-small-excavator-pc28mr\/"},"modified":"2025-04-07T05:57:44","modified_gmt":"2025-04-07T05:57:44","slug":"boom-cylinder-for-komatsu-small-excavator-pc28mr","status":"publish","type":"product","link":"https:\/\/www.hydraulic-cylinders.net\/tr\/urun\/boom-cylinder-for-komatsu-small-excavator-pc28mr\/","title":{"rendered":"Komatsu PC28MR K\u00fc\u00e7\u00fck Ekskavat\u00f6r \u0130\u00e7in Bom Silindiri"},"content":{"rendered":"<h1>Komatsu PC28MR K\u00fc\u00e7\u00fck Ekskavat\u00f6r \u0130\u00e7in Bom Silindiri<\/h1>\n<h2>Bom Silindirlerine Giri\u015f<\/h2>\n<p>Bom silindiri, ekskavat\u00f6rler, kaz\u0131c\u0131 y\u00fckleyiciler ve \u00f6n y\u00fckleyiciler gibi \u00e7e\u015fitli a\u011f\u0131r makinelerde kep\u00e7elerin hareketini kontrol etmek i\u00e7in \u00f6zel olarak tasarlanm\u0131\u015f hayati bir hidrolik bile\u015fendir. Bu tip hidrolik silindir, kep\u00e7enin kald\u0131r\u0131lmas\u0131n\u0131, indirilmesini ve e\u011filmesini sa\u011flayarak verimli malzeme ta\u015f\u0131ma i\u015flemlerini kolayla\u015ft\u0131r\u0131r. Bom silindiri, bas\u0131n\u00e7l\u0131 hidrolik s\u0131v\u0131 kullanarak bu i\u015flemler i\u00e7in gerekli kuvveti \u00fcreten hidrolik sistemde \u00f6nemli bir rol oynar ve bu da onu in\u015faat ve tar\u0131m ekipmanlar\u0131n\u0131n vazge\u00e7ilmez bir par\u00e7as\u0131 haline getirir.<\/p>\n<p><img decoding=\"async\" src=\"https:\/\/www.hydraulic-cylinders.net\/wp-content\/uploads\/2025\/04\/songte-company-1.webp\" alt=\"Hidrolik Silindir G\u00f6r\u00fcnt\u00fcs\u00fc\"><\/p>\n<h2>Bom Silindirinin \u00d6zellikleri<\/h2>\n<ul>\n<li><strong>Y\u00fcksek Dayan\u0131kl\u0131l\u0131k ve Dayan\u0131kl\u0131l\u0131k:<\/strong> Y\u00fcksek mukavemetli \u00e7elik veya al\u00fcminyumdan \u00fcretilen bom silindiri, y\u00fcksek bas\u0131n\u00e7lara ve a\u011f\u0131r y\u00fcklere dayanabilir ve zorlu \u00e7al\u0131\u015fma ortamlar\u0131 i\u00e7in uygundur. A\u015f\u0131nma ve korozyon direnci g\u00f6z \u00f6n\u00fcnde bulundurularak tasarlanm\u0131\u015f olup, kullan\u0131m \u00f6mr\u00fcn\u00fc uzat\u0131r.<\/li>\n<li><strong>Verimli Hidrolik \u00c7al\u0131\u015fma:<\/strong> Hidrolik ya\u011f\u0131n bas\u0131nc\u0131n\u0131 kullanan silindir, d\u00fczg\u00fcn bir \u015fekilde uzama ve geri \u00e7ekilme sa\u011flar, kontrol komutlar\u0131na h\u0131zl\u0131 yan\u0131t verir ve g\u00fc\u00e7l\u00fc itme ve \u00e7ekme kuvveti sunar; bu da a\u011f\u0131r nesnelerin ve karma\u015f\u0131k i\u015flerin ta\u015f\u0131nmas\u0131 i\u00e7in idealdir.<\/li>\n<li><strong>\u00c7e\u015fitli T\u00fcrler:<\/strong> \u00c7e\u015fitli operasyonel ihtiya\u00e7lar\u0131 kar\u015f\u0131lamak \u00fczere tek etkili (tek y\u00f6nde hidrolik hareket) veya \u00e7ift etkili (iki y\u00f6nde hidrolik hareket) silindirler mevcuttur. Baz\u0131 modeller teleskopik tasar\u0131ma sahiptir ve d\u0131\u015f boyutlar\u0131 art\u0131rmadan daha fazla uzatmaya olanak tan\u0131r; bu da alan k\u0131s\u0131tlamal\u0131 uygulamalar i\u00e7in idealdir.<\/li>\n<li><strong>Hassas M\u00fchendislik:<\/strong> Her bir bom silindiri, zorlu \u015fantiyelerde optimum performans ve g\u00fcvenilirlik sa\u011flamak \u00fczere hassas bir \u015fekilde tasarlanm\u0131\u015ft\u0131r.<\/li>\n<li><strong>\u00d6zelle\u015ftirilebilir \u00c7\u00f6z\u00fcmler:<\/strong> Mevcut hidrolik silindirlerin yerini m\u00fckemmel \u015fekilde alacak bom silindirleri \u00fcretebilir ve makineleriniz i\u00e7in \u00f6zel \u00e7\u00f6z\u00fcmler sunabiliriz.<\/li>\n<\/ul>\n<p><img decoding=\"async\" src=\"https:\/\/www.hydraulic-cylinders.net\/wp-content\/uploads\/2025\/04\/songte-cylinder-head-with-all-kinds-excavator-models.webp\" alt=\"Ekskavat\u00f6r Modelleri G\u00f6rseli\"><\/p>\n<h2>Bom Silindirinin Uygulamalar\u0131<\/h2>\n<h3>\u0130n\u015faat Ekipmanlar\u0131<\/h3>\n<p>Ekskavat\u00f6rlerde, bom silindirleri topra\u011f\u0131 veya molozu kazma, y\u00fckleme ve ta\u015f\u0131ma i\u015flemlerinde hayati \u00f6neme sahiptir. Kep\u00e7enin zemine etkili bir \u015fekilde n\u00fcfuz etmesini sa\u011flayarak kazma i\u015flemini kolayla\u015ft\u0131r\u0131r ve kaz\u0131 i\u015flerini daha verimli hale getirir. Kaz\u0131c\u0131 y\u00fckleyicilerde ise bom silindiri sadece kazmaya yard\u0131mc\u0131 olmakla kalmaz, ayn\u0131 zamanda kald\u0131rma i\u015flemlerine de yard\u0131mc\u0131 olarak in\u015faat ortamlar\u0131ndaki \u00e7ok y\u00f6nl\u00fcl\u00fc\u011f\u00fcn\u00fc g\u00f6sterir.<\/p>\n<h3>Tar\u0131m Makinalar\u0131<\/h3>\n<p>\u00d6n y\u00fckleyicilerde, bom silindirleri toprak, saman ve di\u011fer malzemeleri kep\u00e7eyle almak, kald\u0131rmak ve ta\u015f\u0131mak i\u00e7in kullan\u0131l\u0131r. Kep\u00e7enin a\u00e7\u0131s\u0131n\u0131 ayarlayabilme \u00f6zelli\u011fi, tar\u0131msal i\u015flerde verimlili\u011fi art\u0131rarak onlar\u0131 tar\u0131m faaliyetleri i\u00e7in vazge\u00e7ilmez k\u0131lar.<\/p>\n<h3>Ekskavat\u00f6rler<\/h3>\n<p>Bom silindiri, ekskavat\u00f6rlerin kep\u00e7eyle topra\u011fa n\u00fcfuz etmesini sa\u011flayarak kaz\u0131 i\u015fleri i\u00e7in gerekli g\u00fcc\u00fc sa\u011flar. Tasar\u0131m\u0131 hassas kontrole olanak tan\u0131yarak detayl\u0131 kaz\u0131 i\u015flerini kolayla\u015ft\u0131r\u0131r.<\/p>\n<h3>Y\u00fckleyiciler<\/h3>\n<p>\u00d6n y\u00fckleyicilerde, bom silindirleri y\u00fcklerin verimli bir \u015fekilde kald\u0131r\u0131lmas\u0131na ve bo\u015falt\u0131lmas\u0131na yard\u0131mc\u0131 olur. G\u00fcvenilir \u00e7al\u0131\u015fmalar\u0131, in\u015faat ve peyzaj i\u015fleri i\u00e7in hayati \u00f6neme sahiptir ve geni\u015f bir uygulama yelpazesinde \u00f6nemlerini g\u00f6stermektedir.<\/p>\n<h2>Tasar\u0131m Hususlar\u0131 ve Se\u00e7im Kriterleri<\/h2>\n<h3>Y\u00fck Kapasitesi<\/h3>\n<p>Bom silindiri se\u00e7ilirken y\u00fck ta\u015f\u0131ma kapasitesi kritik \u00f6neme sahiptir. Silindir, ar\u0131za riski olmadan beklenen y\u00fckleri kald\u0131rabilmelidir. Se\u00e7ilen silindirin etkili bir \u015fekilde \u00e7al\u0131\u015fabilmesi i\u00e7in, ta\u015f\u0131nan malzemelerin a\u011f\u0131rl\u0131\u011f\u0131 ve makinenin \u00e7al\u0131\u015fma gereksinimleri gibi fakt\u00f6rler dikkate al\u0131nmal\u0131d\u0131r. Do\u011fru hesaplamalar ve malzeme se\u00e7imi, istenen y\u00fck ta\u015f\u0131ma kapasitesine ula\u015fmada \u00f6nemli bir rol oynar.<\/p>\n<h3>S\u0131zd\u0131rmazl\u0131k B\u00fct\u00fcnl\u00fc\u011f\u00fc<\/h3>\n<p>S\u0131zd\u0131rmazl\u0131k, hidrolik bas\u0131nc\u0131n korunmas\u0131 ve s\u0131v\u0131 s\u0131z\u0131nt\u0131lar\u0131n\u0131n \u00f6nlenmesi i\u00e7in hayati \u00f6neme sahiptir. \u0130yi tasarlanm\u0131\u015f bir bom silindiri, uzun \u00f6m\u00fcr ve performans sa\u011flamak i\u00e7in y\u00fcksek kaliteli contalar i\u00e7erir. S\u0131z\u0131nt\u0131lar\u0131 \u00f6nlemek i\u00e7in contalar\u0131n d\u00fczenli bak\u0131m\u0131 gereklidir; aksi takdirde verimlilik azalabilir ve maliyetli onar\u0131mlar gerekebilir.<\/p>\n<h3>Dayan\u0131kl\u0131l\u0131k<\/h3>\n<p>Dayan\u0131kl\u0131l\u0131k hem performans\u0131 hem de bak\u0131m s\u0131kl\u0131\u011f\u0131n\u0131 etkiler. A\u015f\u0131nmaya ve korozyona dayan\u0131kl\u0131 malzemeler, \u00f6zellikle zorlu ortamlara maruz kald\u0131\u011f\u0131nda, bom silindirleri i\u00e7in \u00e7ok \u00f6nemlidir. Dayan\u0131kl\u0131 bir tasar\u0131m, silindirin \u00f6mr\u00fcn\u00fc uzatmakla kalmaz, ayn\u0131 zamanda onar\u0131m i\u00e7in gereken ar\u0131za s\u00fcresini de en aza indirir.<\/p>\n<h3>G\u00fcvenlik \u00d6zellikleri<\/h3>\n<p>Hidrolik sistem tasar\u0131m\u0131nda g\u00fcvenlik en \u00f6nemli unsurdur. Bom silindirlerinde a\u015f\u0131r\u0131 bas\u0131n\u00e7 olu\u015fumunu \u00f6nlemek i\u00e7in bas\u0131n\u00e7 tahliye vanalar\u0131 gibi \u00f6zellikler bulunmal\u0131d\u0131r. Hidrolik ekipmanlara uygulanan g\u00fcvenlik standartlar\u0131 ve y\u00f6netmeliklerini anlamak, tasar\u0131m ve se\u00e7im s\u00fcre\u00e7lerinde \u00e7ok \u00f6nemlidir.<\/p>\n<h3>Bak\u0131m Kolayl\u0131\u011f\u0131<\/h3>\n<p>Tasar\u0131m, bak\u0131m i\u015flemleri i\u00e7in \u00f6nemli bile\u015fenlere kolay eri\u015fim sa\u011flamal\u0131d\u0131r. \u0130yi d\u00fc\u015f\u00fcn\u00fclm\u00fc\u015f bir tasar\u0131m, bak\u0131m s\u00fcresini \u00f6nemli \u00f6l\u00e7\u00fcde azaltarak verimlili\u011fi art\u0131rabilir. D\u00fczenli kontroller ve contalar\u0131n ve di\u011fer bile\u015fenlerin kolayca de\u011fi\u015ftirilebilmesi, bom silindirlerinin \u00e7al\u0131\u015f\u0131r durumda kalmas\u0131 i\u00e7in \u00e7ok \u00f6nemlidir.<\/p>\n<p><img decoding=\"async\" src=\"https:\/\/www.hydraulic-cylinders.net\/wp-content\/uploads\/2025\/04\/songte-oil-pipes-and-spare-parts.webp\" alt=\"Hidrolik Par\u00e7alar G\u00f6rseli\"><\/p>\n<h2>Contalar ve Ya\u011flama<\/h2>\n<p>Bom silindirlerinin optimum performans\u0131 i\u00e7in etkili s\u0131zd\u0131rmazl\u0131k ve ya\u011flama \u00e7ok \u00f6nemlidir. Piston contalar\u0131 ve mil contalar\u0131 gibi \u00e7e\u015fitli contalar, hidrolik bas\u0131nc\u0131 korumak ve s\u0131z\u0131nt\u0131y\u0131 en aza indirmek i\u00e7in gereklidir. Poli\u00fcretan ve nitril kau\u00e7uk gibi dayan\u0131kl\u0131 malzemelerden yap\u0131lm\u0131\u015f contalar\u0131n se\u00e7imi, a\u015f\u0131nma direncini art\u0131rarak uzun \u00f6m\u00fcrl\u00fc performans sa\u011flar.<\/p>\n<p>Silindir g\u00f6vdesi ve di\u015fli u\u00e7 y\u00fczeyleri, a\u015f\u0131nma direncini art\u0131rmak ve dayan\u0131kl\u0131l\u0131\u011f\u0131 daha da g\u00fc\u00e7lendirmek i\u00e7in titiz bir i\u015flemden ge\u00e7irilmektedir. Sorunsuz \u00e7al\u0131\u015fma sa\u011flamak ve hareketli par\u00e7alarda a\u015f\u0131nmay\u0131 \u00f6nlemek i\u00e7in hidrolik ya\u011f ile d\u00fczenli ya\u011flama gereklidir. Uygun ya\u011f seviyelerinin korunmas\u0131 ve ya\u011f kalitesinin do\u011fru olmas\u0131, bom silindirinin \u00f6mr\u00fcn\u00fc ve verimlili\u011fini \u00f6nemli \u00f6l\u00e7\u00fcde etkileyecektir.<\/p>\n<h2>Rutin Kontrol ve \u00d6nleyici Bak\u0131m<\/h2>\n<ul>\n<li><strong>D\u00fczenli Denetimler:<\/strong> Bom silindirinin d\u00fczenli olarak kontrol edilmesi, olas\u0131 sorunlar\u0131n b\u00fcy\u00fcmeden \u00f6nce tespit edilmesi i\u00e7in \u00e7ok \u00f6nemlidir. A\u015f\u0131nma, s\u0131z\u0131nt\u0131 veya hasar belirtilerine dikkat edin.<\/li>\n<li><strong>Uygun Ya\u011flama:<\/strong> Silindirin sorunsuz \u00e7al\u0131\u015fmas\u0131n\u0131 sa\u011flamak i\u00e7in d\u00fczenli olarak ya\u011flanmas\u0131n\u0131 sa\u011flay\u0131n. Do\u011fru ya\u011flama, s\u00fcrt\u00fcnmeyi azaltmaya ve a\u015f\u0131nmay\u0131 \u00f6nlemeye yard\u0131mc\u0131 olur.<\/li>\n<li><strong>Conta De\u011fi\u015fimi ve Kalibrasyon Kontrolleri:<\/strong> Performans\u0131 korumak i\u00e7in contalar\u0131 d\u00fczenli olarak a\u015f\u0131nma a\u00e7\u0131s\u0131ndan kontrol edin ve gerekti\u011finde de\u011fi\u015ftirin. Do\u011fru \u00e7al\u0131\u015fmay\u0131 sa\u011flamak i\u00e7in hidrolik sistemin kalibrasyonu da periyodik olarak yap\u0131lmal\u0131d\u0131r.<\/li>\n<\/ul>\n<h2>Kurulum Talimatlar\u0131<\/h2>\n<p>Bom silindirinin do\u011fru montaj\u0131, optimum performans i\u00e7in \u00e7ok \u00f6nemlidir. Silindire gereksiz y\u00fck binmesini \u00f6nlemek i\u00e7in \u00f6ncelikle montaj braketlerinin do\u011fru hizaland\u0131\u011f\u0131ndan emin olun. Silindiri yerinde sabitlemek ve do\u011fru y\u00f6nde konumland\u0131r\u0131lmas\u0131n\u0131 sa\u011flamak i\u00e7in uygun montaj desteklerini kullan\u0131n.<\/p>\n<p>Montaj s\u0131ras\u0131nda, s\u0131z\u0131nt\u0131lar\u0131 \u00f6nlemek ve g\u00fcvenli \u00e7al\u0131\u015fma sa\u011flamak i\u00e7in t\u00fcm c\u0131vatalar\u0131n ve ba\u011flant\u0131 par\u00e7alar\u0131n\u0131n s\u0131k\u0131 ve g\u00fcvenli oldu\u011fundan emin olun. Montajdan sonra, s\u0131z\u0131nt\u0131 olmad\u0131\u011f\u0131n\u0131 ve silindirin sorunsuz \u00e7al\u0131\u015ft\u0131\u011f\u0131n\u0131 do\u011frulamak i\u00e7in hidrolik sistemi d\u00fc\u015f\u00fck bas\u0131n\u00e7ta test edin. Bas\u0131nc\u0131 kademeli olarak art\u0131r\u0131n ve herhangi bir ar\u0131za belirtisi olup olmad\u0131\u011f\u0131n\u0131 izleyin. Bu montaj y\u00f6nergelerine uyulmas\u0131, bom silindirinin \u00f6mr\u00fcn\u00fc ve etkinli\u011fini art\u0131racakt\u0131r.<\/p>\n<h2>Yayg\u0131n Bak\u0131m G\u00f6revleri<\/h2>\n<h3>Rutin Denetimler<\/h3>\n<p>Rutin kontroller, s\u0131z\u0131nt\u0131lar\u0131, a\u015f\u0131nmay\u0131 kontrol etmeyi ve t\u00fcm bile\u015fenlerin do\u011fru \u015fekilde \u00e7al\u0131\u015ft\u0131\u011f\u0131ndan emin olmay\u0131 i\u00e7erir. D\u00fczenli kontroller, sorunlar\u0131 erken tespit etmeye, maliyetli onar\u0131mlar\u0131 ve uzun s\u00fcreli ar\u0131za s\u00fcrelerini \u00f6nlemeye yard\u0131mc\u0131 olabilir.<\/p>\n<h3>Uygun Ya\u011flama<\/h3>\n<p>Hareketli par\u00e7alar aras\u0131ndaki s\u00fcrt\u00fcnmeyi azaltmak i\u00e7in ya\u011flama \u00e7ok \u00f6nemlidir. Silindirin y\u00fcksek kaliteli hidrolik ya\u011f ile dolduruldu\u011fundan ve \u00fcreticinin tavsiyelerine g\u00f6re d\u00fczenli olarak de\u011fi\u015ftirildi\u011finden emin olun. Do\u011fru ya\u011flama, silindirin \u00f6mr\u00fcn\u00fc uzat\u0131r ve \u00e7al\u0131\u015fma verimlili\u011fini korur.<\/p>\n<h3>Conta De\u011fi\u015fimi ve Kalibrasyon Kontrolleri<\/h3>\n<p>Performans\u0131 korumak i\u00e7in contalar\u0131 d\u00fczenli olarak a\u015f\u0131nma a\u00e7\u0131s\u0131ndan kontrol edin ve gerekti\u011finde de\u011fi\u015ftirin. Hidrolik sistemin kalibrasyon kontrolleri, bom silindirinin belirtilen parametreler dahilinde \u00e7al\u0131\u015fmas\u0131n\u0131 sa\u011flamak ve b\u00f6ylece do\u011fru ve verimli performans elde etmek i\u00e7in \u00e7ok \u00f6nemlidir.<\/p>\n<p><img decoding=\"async\" src=\"https:\/\/www.hydraulic-cylinders.net\/wp-content\/uploads\/2025\/04\/songte-chushion-collar.webp\" alt=\"Yast\u0131k Yaka G\u00f6rseli\"><\/p>\n<h2>G\u00fcvenlik Hususlar\u0131 ve \u00c7evresel Fakt\u00f6rler<\/h2>\n<p>Hidrolik sistemlerle \u00e7al\u0131\u015f\u0131rken g\u00fcvenlik \u00f6nlemleri son derece \u00f6nemlidir. Hidrolik ekipmanlar\u0131n kullan\u0131m\u0131 konusunda do\u011fru e\u011fitim, kaza riskini en aza indirir. D\u00fczenli bak\u0131m ve kontroller, t\u00fcm bile\u015fenlerin iyi durumda olmas\u0131n\u0131 sa\u011flayarak daha g\u00fcvenli bir \u00e7al\u0131\u015fma ortam\u0131na katk\u0131da bulunur.<\/p>\n<h2>Sorun Giderme ve Yayg\u0131n Sorunlar<\/h2>\n<ul>\n<li><strong>S\u0131z\u0131nt\u0131:<\/strong> En s\u0131k kar\u015f\u0131la\u015f\u0131lan sorunlardan biri, genellikle a\u015f\u0131nm\u0131\u015f contalar veya ba\u011flant\u0131 par\u00e7alar\u0131ndan kaynaklanan hidrolik s\u0131v\u0131 s\u0131z\u0131nt\u0131s\u0131d\u0131r. D\u00fczenli kontroller, s\u0131z\u0131nt\u0131lar\u0131 erken tespit etmeye yard\u0131mc\u0131 olabilir.<\/li>\n<li><strong>D\u00fc\u015f\u00fck Bas\u0131n\u00e7:<\/strong> Yetersiz hidrolik bas\u0131n\u00e7, performans d\u00fc\u015f\u00fc\u015f\u00fcne yol a\u00e7abilir ve s\u0131v\u0131 kayb\u0131ndan veya ar\u0131zal\u0131 bir pompadan kaynaklanabilir. S\u0131v\u0131 seviyelerini ve pompan\u0131n durumunu kontrol edin.<\/li>\n<li><strong>Yava\u015f Tepki:<\/strong> Silindir komutlara yava\u015f yan\u0131t veriyorsa, bu sistemde hava oldu\u011funu veya s\u0131v\u0131 seviyesinin d\u00fc\u015f\u00fck oldu\u011funu g\u00f6sterebilir. Sistemi havas\u0131n\u0131 almak ve s\u0131v\u0131lar\u0131 tamamlamak genellikle bu sorunu \u00e7\u00f6zebilir.<\/li>\n<\/ul>\n<p>Bu yayg\u0131n sorunlar\u0131n erken tespiti, zaman\u0131nda m\u00fcdahale edilmesini sa\u011flayarak daha kapsaml\u0131 hasarlar\u0131n \u00f6nlenmesine ve operasyonel verimlili\u011fin korunmas\u0131na olanak tan\u0131r.<\/p>\n<h2>Sorun Giderme \u0130pu\u00e7lar\u0131 ve \u00c7\u00f6z\u00fcmleri<\/h2>\n<p>Bom silindirlerindeki sorunlar\u0131 etkili bir \u015fekilde te\u015fhis etmek ve \u00e7\u00f6zmek i\u00e7in, \u00f6ncelikle a\u015f\u0131nma veya hasar\u0131n g\u00f6r\u00fcn\u00fcr belirtilerini belirlemek \u00fczere kapsaml\u0131 bir inceleme yap\u0131n. T\u00fcm ba\u011flant\u0131lar\u0131n s\u0131k\u0131 oldu\u011fundan emin olun ve contalar\u0131 s\u0131z\u0131nt\u0131 a\u00e7\u0131s\u0131ndan kontrol edin. Do\u011fru s\u0131v\u0131 seviyelerini korumak ve hidrolik sistemi kirleticilerden ar\u0131nd\u0131rmak gibi d\u00fczenli \u00f6nleyici tedbirler, potansiyel sorunlar\u0131 en aza indirebilir.<\/p>\n<p>Bu uygulamalar\u0131n hayata ge\u00e7irilmesi, yaln\u0131zca bom silindirinin \u00f6mr\u00fcn\u00fc uzatmakla kalmayacak, ayn\u0131 zamanda operasyonel verimlili\u011fini de art\u0131rarak sahada daha g\u00fcvenilir bir performans sa\u011flayacakt\u0131r.<\/p>\n<p><img decoding=\"async\" src=\"https:\/\/www.hydraulic-cylinders.net\/wp-content\/uploads\/2025\/04\/songte-bushings-with-all-kinds-of-excavator-models.webp\" alt=\"Bur\u00e7lar G\u00f6r\u00fcnt\u00fcs\u00fc\"><\/p>\n<h2>Hakk\u0131m\u0131zda<\/h2>\n<p>Hidrolik silindir \u00fcreticisiyiz ve mevcut hidrolik bile\u015fenlere y\u00fcksek kaliteli alternatifler sunma konusunda uzmanla\u015fm\u0131\u015f durumday\u0131z. Geni\u015f \u00fcr\u00fcn yelpazemiz, bizi hem yurt i\u00e7i hem de uluslararas\u0131 pazarlarda \u00f6nde gelen \u00fcretici ve toptanc\u0131lardan biri haline getirmi\u015ftir.<\/p>\n<p>\u00dcretim kapasitemizi art\u0131rmak i\u00e7in rafine bir \u00fcretim stratejisinden yararlanarak m\u00fckemmellik ilkelerine ba\u011fl\u0131 kal\u0131yoruz. Kaliteye olan ba\u011fl\u0131l\u0131\u011f\u0131m\u0131z, geli\u015fmi\u015f \u00fcretim tesislerimizde, yetenekli personelimizde ve titiz kalite kontrol s\u00fcre\u00e7lerimizde kendini g\u00f6stermekte olup, m\u00fc\u015fterilerimizin \u00e7e\u015fitli ihtiya\u00e7lar\u0131n\u0131 verimli ve etkili bir \u015fekilde kar\u015f\u0131lamam\u0131z\u0131 sa\u011flamaktad\u0131r.<\/p>\n<p><img decoding=\"async\" src=\"https:\/\/www.hydraulic-cylinders.net\/wp-content\/uploads\/2025\/04\/songte-company-4.webp\" alt=\"\u015eirket \u0130maj\u0131\"\/><br \/>\n<img decoding=\"async\" src=\"https:\/\/www.hydraulic-cylinders.net\/wp-content\/uploads\/2025\/04\/songte-company-3.webp\" alt=\"\u015eirket \u0130maj\u0131\"\/><\/p>\n<p>Sonu\u00e7 olarak, \u015firketimiz uzmanl\u0131\u011f\u0131, uluslararas\u0131 sertifikalar\u0131, \u00f6zelle\u015ftirilmi\u015f hizmetleri, son teknoloji \u00fcretim ekipmanlar\u0131 ve ola\u011fan\u00fcst\u00fc sat\u0131\u015f sonras\u0131 deste\u011fiyle \u00f6ne \u00e7\u0131kmakta ve hidrolik silindir \u00e7\u00f6z\u00fcmleri i\u00e7in tercih edilen se\u00e7enek haline gelmektedir.<\/p>\n<p>Yazar: lyl<\/p>","protected":false},"excerpt":{"rendered":"<p>Boom Cylinder For Komatsu Small Excavator PC28MR Introduction to Boom Cylinders The boom cylinder is a vital hydraulic component designed specifically for controlling the movement of buckets on various heavy machinery such as excavators, backhoe loaders, and front loaders. This type of hydraulic cylinder allows the bucket to lift, lower, and tilt, facilitating efficient material [&hellip;]<\/p>","protected":false},"featured_media":17867,"comment_status":"open","ping_status":"closed","template":"","meta":{"_et_pb_use_builder":"","_et_pb_old_content":"","_et_gb_content_width":""},"product_brand":[],"product_cat":[1546],"product_tag":[1547,1496],"class_list":{"0":"post-18835","1":"product","2":"type-product","3":"status-publish","4":"has-post-thumbnail","6":"product_cat-boom-cylinders","7":"product_tag-boom-cylinders","8":"product_tag-hydraulic-cylinders","10":"first","11":"instock","12":"shipping-taxable","13":"product-type-simple"},"amp_enabled":true,"_links":{"self":[{"href":"https:\/\/www.hydraulic-cylinders.net\/tr\/wp-json\/wp\/v2\/product\/18835","targetHints":{"allow":["GET"]}}],"collection":[{"href":"https:\/\/www.hydraulic-cylinders.net\/tr\/wp-json\/wp\/v2\/product"}],"about":[{"href":"https:\/\/www.hydraulic-cylinders.net\/tr\/wp-json\/wp\/v2\/types\/product"}],"replies":[{"embeddable":true,"href":"https:\/\/www.hydraulic-cylinders.net\/tr\/wp-json\/wp\/v2\/comments?post=18835"}],"wp:featuredmedia":[{"embeddable":true,"href":"https:\/\/www.hydraulic-cylinders.net\/tr\/wp-json\/wp\/v2\/media\/17867"}],"wp:attachment":[{"href":"https:\/\/www.hydraulic-cylinders.net\/tr\/wp-json\/wp\/v2\/media?parent=18835"}],"wp:term":[{"taxonomy":"product_brand","embeddable":true,"href":"https:\/\/www.hydraulic-cylinders.net\/tr\/wp-json\/wp\/v2\/product_brand?post=18835"},{"taxonomy":"product_cat","embeddable":true,"href":"https:\/\/www.hydraulic-cylinders.net\/tr\/wp-json\/wp\/v2\/product_cat?post=18835"},{"taxonomy":"product_tag","embeddable":true,"href":"https:\/\/www.hydraulic-cylinders.net\/tr\/wp-json\/wp\/v2\/product_tag?post=18835"}],"curies":[{"name":"wp","href":"https:\/\/api.w.org\/{rel}","templated":true}]}}