{"id":1886,"date":"2023-10-18T08:32:35","date_gmt":"2023-10-18T08:32:35","guid":{"rendered":"https:\/\/hydraulic-cylinders.net\/?post_type=product&#038;p=1886"},"modified":"2025-04-11T03:43:28","modified_gmt":"2025-04-11T03:43:28","slug":"shield-machine-anti-torque-cylinder","status":"publish","type":"product","link":"https:\/\/www.hydraulic-cylinders.net\/tr\/urun\/shield-machine-anti-torque-cylinder\/","title":{"rendered":"Koruma Makinesi Tork \u00d6nleyici Silindir"},"content":{"rendered":"<h1 style=\"text-align: center;\"><strong>Koruma Makinesi Tork \u00d6nleyici Silindir<\/strong><\/h1>\n<p><img loading=\"lazy\" decoding=\"async\" class=\"aligncenter wp-image-1888\" src=\"https:\/\/hydraulic-cylinders.net\/wp-content\/uploads\/2023\/10\/anti-torque-cylinder-1-300x300.webp\" alt=\"\" width=\"400\" height=\"400\" \/><\/p>\n<p>Kaz\u0131 makinesi tork \u00f6nleyici silindiri, t\u00fcnel a\u00e7ma i\u015flemlerinde geli\u015fmi\u015f denge ve kontrol sa\u011flamak \u00fczere tasarlanm\u0131\u015f, son teknoloji \u00fcr\u00fcn\u00fc bir hidrolik bile\u015fendir. Bu \u00f6zel silindir, kaz\u0131 i\u015flemi s\u0131ras\u0131nda olu\u015fan tork kuvvetlerini azaltmada, optimum performans ve g\u00fcvenli\u011fi sa\u011flamada hayati bir rol oynar. Bu kapsaml\u0131 makalede, kaz\u0131 makinesi tork \u00f6nleyici silindirinin temel \u00f6zelliklerini, kullan\u0131m y\u00f6ntemlerini ve bak\u0131m y\u00f6nergelerini inceleyece\u011fiz.<\/p>\n<p>T\u00fcnel kaz\u0131c\u0131 makinesi tork \u00f6nleyici silindiri, t\u00fcnel a\u00e7ma i\u015flemleri s\u0131ras\u0131nda dengeyi ve kontrol\u00fc art\u0131ran, son teknoloji \u00fcr\u00fcn\u00fc bir hidrolik bile\u015fendir. Tork azaltma yetenekleri, hassas kontrol\u00fc, sa\u011flam yap\u0131s\u0131 ve kompakt tasar\u0131m\u0131yla bu silindir, daha g\u00fcvenli ve verimli kaz\u0131 s\u00fcre\u00e7leri sa\u011flar. \u00d6nerilen kullan\u0131m y\u00f6ntemlerine uyulmas\u0131 ve d\u00fczenli bak\u0131m uygulamalar\u0131na riayet edilmesiyle, t\u00fcnel kaz\u0131c\u0131 makinesi tork \u00f6nleyici silindiri, t\u00fcnel a\u00e7ma i\u015flemlerinde denge, kontrol ve g\u00f6n\u00fcl rahatl\u0131\u011f\u0131 sa\u011flayarak ola\u011fan\u00fcst\u00fc performans sunmaya devam edecektir. T\u00fcnel kaz\u0131c\u0131 makinesi tork \u00f6nleyici silindirinin sundu\u011fu denge ve kontrol ile t\u00fcnel projelerinizi bir \u00fcst seviyeye ta\u015f\u0131y\u0131n.<\/p>\n<p>Kalkan Makinesi Mafsall\u0131 Silindir Temel \u00d6zellikleri:<\/p>\n<ul>\n<li>Tork Azaltma: Kaz\u0131 makinesinin tork \u00f6nleyici silindiri, t\u00fcnel kaz\u0131s\u0131 s\u0131ras\u0131nda d\u00f6nen kesici ba\u015fl\u0131\u011f\u0131n olu\u015fturdu\u011fu tork kuvvetlerine etkili bir \u015fekilde kar\u015f\u0131 koyar. Kar\u015f\u0131t bir kuvvet uygulamak, dengeyi korumaya ve makinenin a\u015f\u0131r\u0131 hareketini \u00f6nlemeye yard\u0131mc\u0131 olarak kaza riskini azalt\u0131r ve genel \u00e7al\u0131\u015fma g\u00fcvenli\u011fini art\u0131r\u0131r.<\/li>\n<li>Hassas Kontrol: Geli\u015fmi\u015f hidrolik kontrol sistemleriyle donat\u0131lm\u0131\u015f bu silindir, operat\u00f6rlerin uygulanan tork \u00f6nleyici kuvvet \u00fczerinde hassas kontrol sa\u011flamas\u0131na olanak tan\u0131r. Bu kontrol seviyesi, t\u00fcnel a\u00e7ma i\u015flemleri s\u0131ras\u0131nda ince ayarlamalar yap\u0131lmas\u0131n\u0131 sa\u011flayarak do\u011fru hizalamay\u0131 garanti eder ve sapmalar\u0131 en aza indirir.<\/li>\n<li>Sa\u011flam Yap\u0131: T\u00fcnel kaz\u0131lar\u0131nda kar\u015f\u0131la\u015f\u0131lan zorlu ko\u015fullara dayanacak \u015fekilde y\u00fcksek mukavemetli malzemelerle tasarlanm\u0131\u015f kalkan makinesi tork \u00f6nleyici silindiri, dayan\u0131kl\u0131l\u0131k, uzun \u00f6m\u00fcr ve zorlu ortamlarda bile tutarl\u0131 performans sa\u011flar.<\/li>\n<li>Kompakt Tasar\u0131m: Kompakt ve yerden tasarruf sa\u011flayan tasar\u0131m\u0131yla bu silindir, kalkan makinesine sorunsuz bir \u015fekilde entegre olur, ek hacmi en aza indirir ve ekipman\u0131n genel dengesini ve manevra kabiliyetini korur.<\/li>\n<\/ul>\n<h2><strong>Kalkan Makinesi Mafsall\u0131 Silindir Parametresi:<\/strong><\/h2>\n<table border=\"1\" cellspacing=\"0\" cellpadding=\"0\">\n<tbody>\n<tr>\n<td>\u00dcr\u00fcn Ad\u0131<\/td>\n<td>Koruma Makinesi Tork \u00d6nleyici Silindir<\/td>\n<\/tr>\n<tr>\n<td>\u00d6zellikler:<\/td>\n<td>Kesici kafa d\u00f6nd\u00fc\u011f\u00fcnde torku iletin.<\/td>\n<\/tr>\n<tr>\n<td>Delik \u00e7ap\u0131:<\/td>\n<td>330 mm\uff5e570 mm<\/td>\n<\/tr>\n<tr>\n<td>\u00c7ubuk \u00e7ap\u0131:<\/td>\n<td>260 mm\uff5e530 mm<br \/>\nStrok 120 mm - 160 mm<\/td>\n<\/tr>\n<tr>\n<td>Bas\u0131n\u00e7:<\/td>\n<td>Genellikle 35 MPa'ya kadar<br \/>\nMaksimum 42 MPa'ya kadar<\/td>\n<\/tr>\n<tr>\n<td>Uygulamalar:<\/td>\n<td>Kalkan Makinesi, T\u00fcnel A\u00e7ma Makineleri<\/td>\n<\/tr>\n<\/tbody>\n<\/table>\n<h2><strong>Kalkan Makinesi \u0130tme Silindiri Uygulamas\u0131:<\/strong><\/h2>\n<p><img loading=\"lazy\" decoding=\"async\" class=\"alignnone wp-image-1875 size-full\" src=\"https:\/\/hydraulic-cylinders.net\/wp-content\/uploads\/2023\/10\/harsh-corrosive-cylinder-1.webp\" alt=\"\" width=\"1418\" height=\"946\" srcset=\"https:\/\/hydraulic-cylinders.net\/wp-content\/uploads\/2023\/10\/harsh-corrosive-cylinder-1.webp 1418w, https:\/\/hydraulic-cylinders.net\/wp-content\/uploads\/2023\/10\/harsh-corrosive-cylinder-1-1280x854.webp 1280w, https:\/\/hydraulic-cylinders.net\/wp-content\/uploads\/2023\/10\/harsh-corrosive-cylinder-1-980x654.webp 980w, https:\/\/hydraulic-cylinders.net\/wp-content\/uploads\/2023\/10\/harsh-corrosive-cylinder-1-480x320.webp 480w\" sizes=\"(min-width: 0px) and (max-width: 480px) 480px, (min-width: 481px) and (max-width: 980px) 980px, (min-width: 981px) and (max-width: 1280px) 1280px, (min-width: 1281px) 1418px, 100vw\" \/><\/p>\n<h2><strong>Kalkan Makinesi Mafsall\u0131 Silindirinin Kullan\u0131m Y\u00f6ntemi<\/strong><strong>:<\/strong><\/h2>\n<ol>\n<li><strong>Silindir Montaj\u0131:<\/strong>\u00a0 Koruma makinesinin tork \u00f6nleyici silindirini \u00fcreticinin talimatlar\u0131na g\u00f6re tak\u0131n. Uygun montaj braketleri veya aksesuarlar\u0131 kullanarak koruma makinesinin yap\u0131s\u0131na do\u011fru hizalama ve g\u00fcvenli ba\u011flant\u0131 sa\u011flay\u0131n.<\/li>\n<li><strong>Hidrolik Sistem Entegrasyonu:<\/strong> Uyumlu hortumlar ve ba\u011flant\u0131 par\u00e7alar\u0131 kullanarak silindiri koruma makinesinin hidrolik sistemine ba\u011flay\u0131n. T\u00fcm ba\u011flant\u0131lar\u0131n g\u00fcvenli, s\u0131zd\u0131rmaz ve optimum hidrolik performans\u0131 korumak i\u00e7in yeterince s\u0131k\u0131lm\u0131\u015f oldu\u011fundan emin olun.<\/li>\n<li><strong>\u00c7al\u0131\u015ft\u0131rma Kontrolleri:<\/strong> Kalkan Makinesi Tork \u00d6nleyici Silindirine \u00f6zg\u00fc i\u015fletim kontrolleri ve mekanizmalar\u0131 hakk\u0131nda bilgi edinin. Uygulanan tork \u00f6nleyici kuvveti nas\u0131l ayarlayaca\u011f\u0131n\u0131z\u0131 anlay\u0131n ve hassas ve h\u0131zl\u0131 \u00e7al\u0131\u015fma sa\u011flamak i\u00e7in kurallar\u0131 uygulamay\u0131 \u00f6\u011frenin.<\/li>\n<li><strong>Operasyonel Hususlar:<\/strong> T\u00fcnel a\u00e7ma i\u015flemleri s\u0131ras\u0131nda, kesici ba\u015fl\u0131\u011f\u0131n tork kuvvetlerini izleyin ve silindir taraf\u0131ndan uygulanan tork \u00f6nleyici kuvveti ayarlay\u0131n. Kaz\u0131 ko\u015fullar\u0131n\u0131 s\u00fcrekli olarak de\u011ferlendirin ve istikrar\u0131 ve kontrol\u00fc sa\u011flamak i\u00e7in tork \u00f6nleyici ayarlar\u0131 uyarlay\u0131n.<\/li>\n<\/ol>\n<h2><strong>\u0130ki Y\u00f6nl\u00fc Hidrolik Silindirin Havas\u0131 Nas\u0131l Al\u0131n\u0131r?<\/strong><\/h2>\n<p>\u0130ki y\u00f6nl\u00fc hidrolik silindirin havas\u0131n\u0131 almak, sistemin d\u00fczg\u00fcn \u00e7al\u0131\u015fmas\u0131n\u0131 sa\u011flamak ve s\u00fcngerimsi his veya performans d\u00fc\u015f\u00fc\u015f\u00fc gibi sorunlar\u0131 \u00f6nlemek i\u00e7in sistemden havay\u0131 \u00e7\u0131karmay\u0131 i\u00e7eren bir i\u015flemdir. \u0130ki y\u00f6nl\u00fc hidrolik silindir, pistonu uzatmak ve geri \u00e7ekmek i\u00e7in hidrolik bas\u0131n\u00e7 kullanan \u00e7ift etkili bir silindirdir. \u0130\u015fte iki y\u00f6nl\u00fc hidrolik silindirin havas\u0131n\u0131 alma konusunda ad\u0131m ad\u0131m bir k\u0131lavuz:<\/p>\n<ol>\n<li><strong>Haz\u0131rl\u0131k:<\/strong>\n<ul>\n<li>Hidrolik sistemin kapat\u0131ld\u0131\u011f\u0131ndan ve bas\u0131nc\u0131n bo\u015falt\u0131ld\u0131\u011f\u0131ndan emin olun.<\/li>\n<li>Hidrolik s\u0131v\u0131s\u0131ndan korunmak i\u00e7in eldiven ve koruyucu g\u00f6zl\u00fck de dahil olmak \u00fczere ki\u015fisel koruyucu ekipman giyin.<\/li>\n<\/ul>\n<\/li>\n<li><strong>Tahliye vanas\u0131n\u0131 belirleyin:<\/strong>\n<ul>\n<li>Hidrolik silindir \u00fczerindeki hava tahliye vanas\u0131n\u0131 bulun. Genellikle toz kapa\u011f\u0131 olan k\u00fc\u00e7\u00fck bir ba\u011flant\u0131 par\u00e7as\u0131d\u0131r. Hava tahliye vanas\u0131, silindirde s\u0131k\u0131\u015fm\u0131\u015f havan\u0131n d\u0131\u015far\u0131 \u00e7\u0131kmas\u0131n\u0131 sa\u011flar.<\/li>\n<\/ul>\n<\/li>\n<li><strong>Silindiri uzat\u0131n:<\/strong>\n<ul>\n<li>Hidrolik pompay\u0131 veya valfi \u00e7al\u0131\u015ft\u0131rarak silindiri kontrol edin ve pistonun tamamen uzamas\u0131n\u0131 sa\u011flay\u0131n. Bu hareket, hava kabarc\u0131klar\u0131n\u0131n silindirin \u00fcst k\u0131sm\u0131na \u00e7\u0131kmas\u0131na yard\u0131mc\u0131 olur.<\/li>\n<\/ul>\n<\/li>\n<li><strong>Toz kapa\u011f\u0131n\u0131 \u00e7\u0131kar\u0131n:<\/strong>\n<ul>\n<li>Hava alma vanas\u0131n\u0131n toz kapa\u011f\u0131n\u0131 \u00e7\u0131kar\u0131n. G\u00fcvenli bir yere koyun.<\/li>\n<\/ul>\n<\/li>\n<li><strong>Hava Alma Vanas\u0131n\u0131 A\u00e7\u0131n:<\/strong>\n<ul>\n<li>Uygun bir anahtar veya alet kullanarak, tahliye vanas\u0131n\u0131 saat y\u00f6n\u00fcn\u00fcn tersine \u00e7evirerek a\u00e7\u0131n. Bu, havan\u0131n ve silindirde s\u0131k\u0131\u015fm\u0131\u015f olan s\u0131v\u0131n\u0131n d\u0131\u015far\u0131 \u00e7\u0131kmas\u0131n\u0131 sa\u011flar.<\/li>\n<\/ul>\n<\/li>\n<li><strong>Silindiri Geri \u00c7ekin:<\/strong>\n<ul>\n<li>Hidrolik bas\u0131nc\u0131 serbest b\u0131rak\u0131n ve silindirin tamamen geri \u00e7ekilmesine izin verin. Bu, bir kontrol vanas\u0131n\u0131 etkinle\u015ftirmeyi veya silindiri uzat\u0131lm\u0131\u015f halde tutan herhangi bir d\u0131\u015f kuvveti serbest b\u0131rakmay\u0131 gerektirebilir.<\/li>\n<\/ul>\n<\/li>\n<li><strong>S\u0131v\u0131 Ak\u0131\u015f\u0131n\u0131 G\u00f6zlemleyin:<\/strong>\n<ul>\n<li>Tahliye vanas\u0131ndan akan s\u0131v\u0131y\u0131 izleyin. Ba\u015flang\u0131\u00e7ta, s\u0131v\u0131yla birlikte hava kabarc\u0131klar\u0131n\u0131n \u00e7\u0131kt\u0131\u011f\u0131n\u0131 fark edebilirsiniz. Hava silindirden tamamen at\u0131lana kadar s\u0131v\u0131n\u0131n akmas\u0131na izin verin.<\/li>\n<\/ul>\n<\/li>\n<li><strong>Hava Alma Vanas\u0131n\u0131 Kapat\u0131n:<\/strong>\n<ul>\n<li>T\u00fcm hava kabarc\u0131klar\u0131n\u0131 giderdikten sonra, tahliye vanas\u0131n\u0131 saat y\u00f6n\u00fcnde \u00e7evirerek kapat\u0131n. S\u0131v\u0131 s\u0131z\u0131nt\u0131s\u0131n\u0131 \u00f6nlemek i\u00e7in s\u0131k\u0131ca kapal\u0131 oldu\u011fundan emin olun.<\/li>\n<\/ul>\n<\/li>\n<li><strong>Silindiri Uzat\u0131n ve Geri \u00c7ekin:<\/strong>\n<ul>\n<li>Sistemin i\u00e7indeki kalan havan\u0131n tamamen bo\u015falt\u0131ld\u0131\u011f\u0131ndan emin olmak i\u00e7in 3 ila 8 aras\u0131ndaki ad\u0131mlar\u0131 tekrarlay\u0131n, silindiri tekrar uzat\u0131n ve ard\u0131ndan geri \u00e7ekin. Bu ad\u0131m, hidrolik silindirin tamamen havas\u0131n\u0131n al\u0131nmas\u0131na yard\u0131mc\u0131 olur.<\/li>\n<\/ul>\n<\/li>\n<li><strong>S\u0131v\u0131 Seviyesini Kontrol Edin:<\/strong>\n<ul>\n<li>Silindirin havas\u0131n\u0131 ald\u0131ktan sonra, sistemin deposundaki hidrolik s\u0131v\u0131 seviyesini kontrol edin. Tavsiye edilen seviyeyi korumak i\u00e7in gerekirse s\u0131v\u0131 ekleyin.<\/li>\n<\/ul>\n<\/li>\n<\/ol>\n<h2><strong>Fabrikan\u0131n Kapasitesi ve Kapasitesi:<\/strong><\/h2>\n<h3>(1) Meclis<\/h3>\n<p>Birinci s\u0131n\u0131f ba\u011f\u0131ms\u0131z bir ara\u015ft\u0131rma ve geli\u015ftirme montaj platformumuz bulunmaktad\u0131r. Hidrolik silindir \u00fcretim at\u00f6lyemizde, y\u0131ll\u0131k 1 milyon adet \u00fcretim kapasitesine sahip d\u00f6rt adet yar\u0131 otomatik kald\u0131rma silindiri montaj hatt\u0131 ve bir adet otomatik devirme silindiri montaj hatt\u0131 bulunmaktad\u0131r. \u00d6zel silindir at\u00f6lyemiz, y\u0131ll\u0131k 200.000 adet \u00fcretim kapasitesine sahip \u00e7e\u015fitli \u00f6zelliklerde yar\u0131 otomatik temizleme montaj sistemiyle donat\u0131lm\u0131\u015ft\u0131r. Ayr\u0131ca, \u00fcnl\u00fc CNC i\u015fleme ekipmanlar\u0131, bir i\u015fleme merkezi, y\u00fcksek hassasiyetli silindir i\u015fleme \u00f6zel ekipmanlar\u0131, bir robot kaynak makinesi, bir otomatik temizleme makinesi, otomatik silindir montaj makinesi ve otomatik boyama \u00fcretim hatt\u0131 ile donat\u0131lm\u0131\u015ft\u0131r. 300'den fazla setten olu\u015fan kritik ekipmanlar mevcuttur. Ekipman kaynaklar\u0131n\u0131n optimum da\u011f\u0131l\u0131m\u0131 ve verimli kullan\u0131m\u0131, \u00fcr\u00fcnlerin hassasiyet gereksinimlerini kar\u015f\u0131lar ve \u00fcr\u00fcnlerin y\u00fcksek kalite ihtiya\u00e7lar\u0131n\u0131 kar\u015f\u0131lar.<\/p>\n<p><img loading=\"lazy\" decoding=\"async\" class=\"alignnone wp-image-626\" src=\"https:\/\/hydraulic-cylinders.net\/wp-content\/uploads\/2023\/08\/hydraulic-cylinder-product-1-300x158.webp\" alt=\"\" width=\"495\" height=\"260\" srcset=\"https:\/\/hydraulic-cylinders.net\/wp-content\/uploads\/2023\/08\/hydraulic-cylinder-product-1-300x158.webp 495w, https:\/\/hydraulic-cylinders.net\/wp-content\/uploads\/2023\/08\/hydraulic-cylinder-product-1-480x252.webp 480w\" sizes=\"(min-width: 0px) and (max-width: 480px) 480px, (min-width: 481px) 495px, 100vw\" \/> <img loading=\"lazy\" decoding=\"async\" class=\"alignnone wp-image-627\" src=\"https:\/\/hydraulic-cylinders.net\/wp-content\/uploads\/2023\/08\/hydraulic-cylinder-product-2-300x189.webp\" alt=\"\" width=\"413\" height=\"260\" \/><\/p>\n<h3>(2) \u0130\u015fleme<\/h3>\n<p>\u0130\u015fleme at\u00f6lyesi, maksimum 400 mm i\u00e7 \u00e7apa ve maksimum 6 metre uzunlu\u011fa sahip silindir borular\u0131n\u0131n i\u015flenmesini ger\u00e7ekle\u015ftirebilen \u00f6zel e\u011fimli ray torna merkezi, i\u015fleme merkezi, y\u00fcksek h\u0131zl\u0131 honlama makinesi, kaynak robotu ve di\u011fer ilgili ekipmanlarla donat\u0131lm\u0131\u015ft\u0131r.<\/p>\n<p><img loading=\"lazy\" decoding=\"async\" class=\"alignnone wp-image-628 size-large\" src=\"https:\/\/hydraulic-cylinders.net\/wp-content\/uploads\/2023\/08\/hydraulic-cylinder-product-3-1024x391.webp\" alt=\"\" width=\"1024\" height=\"391\" srcset=\"https:\/\/hydraulic-cylinders.net\/wp-content\/uploads\/2023\/08\/hydraulic-cylinder-product-3-980x374.webp 980w, https:\/\/hydraulic-cylinders.net\/wp-content\/uploads\/2023\/08\/hydraulic-cylinder-product-3-480x183.webp 480w\" sizes=\"(min-width: 0px) and (max-width: 480px) 480px, (min-width: 481px) and (max-width: 980px) 980px, (min-width: 981px) 1024px, 100vw\" \/><\/p>\n<h3>(3) Kaynak<\/h3>\n<p><img loading=\"lazy\" decoding=\"async\" class=\"alignnone wp-image-629 size-large\" src=\"https:\/\/hydraulic-cylinders.net\/wp-content\/uploads\/2023\/08\/hydraulic-cylinder-product-4-1024x510.webp\" alt=\"\" width=\"1024\" height=\"510\" srcset=\"https:\/\/hydraulic-cylinders.net\/wp-content\/uploads\/2023\/08\/hydraulic-cylinder-product-4-980x488.webp 980w, https:\/\/hydraulic-cylinders.net\/wp-content\/uploads\/2023\/08\/hydraulic-cylinder-product-4-480x239.webp 480w\" sizes=\"(min-width: 0px) and (max-width: 480px) 480px, (min-width: 481px) and (max-width: 980px) 980px, (min-width: 981px) 1024px, 100vw\" \/><\/p>\n<h3>(4) Boyama ve kaplama<\/h3>\n<p>K\u00fc\u00e7\u00fck ve orta \u00f6l\u00e7ekli silindirli otomatik su bazl\u0131 boya kaplama hatlar\u0131nda, otomatik robot y\u00fckleme-bo\u015faltma ve otomatik p\u00fcsk\u00fcrtmeyi ger\u00e7ekle\u015ftirmek i\u00e7in, vardiya ba\u015f\u0131na 4000 adet tasar\u0131m kapasitesi;<br \/>\nAyr\u0131ca, vardiya ba\u015f\u0131na 60 kasa kapasiteli, g\u00fc\u00e7 zinciriyle \u00e7al\u0131\u015fan b\u00fcy\u00fck silindirler i\u00e7in yar\u0131 otomatik boya \u00fcretim hatt\u0131m\u0131z da bulunmaktad\u0131r.<\/p>\n<p><img loading=\"lazy\" decoding=\"async\" class=\"alignnone wp-image-630\" src=\"https:\/\/hydraulic-cylinders.net\/wp-content\/uploads\/2023\/08\/hydraulic-cylinder-product-5-300x213.webp\" alt=\"\" width=\"366\" height=\"260\" \/> <img loading=\"lazy\" decoding=\"async\" class=\"alignnone wp-image-631\" src=\"https:\/\/hydraulic-cylinders.net\/wp-content\/uploads\/2023\/08\/hydraulic-cylinder-product-6-300x225.webp\" alt=\"\" width=\"347\" height=\"260\" \/><\/p>\n<h3>(5) Test etme<\/h3>\n<p>Silindirin performans\u0131n\u0131n gereklilikleri kar\u015f\u0131lad\u0131\u011f\u0131ndan emin olmak i\u00e7in birinci s\u0131n\u0131f muayene tesislerimiz ve test yataklar\u0131m\u0131z bulunmaktad\u0131r.<\/p>\n<p><img loading=\"lazy\" decoding=\"async\" class=\"alignnone wp-image-632\" src=\"https:\/\/hydraulic-cylinders.net\/wp-content\/uploads\/2023\/08\/hydraulic-cylinder-product-8-300x200.webp\" alt=\"\" width=\"389\" height=\"260\" \/><\/p>\n<p>&nbsp;<\/p>\n<p>&nbsp;<\/p>\n<p>En iyi hidrolik silindir \u00fcreticilerinden biriyiz. Kapsaml\u0131 hidrolik silindirler sunabiliyoruz. Ayr\u0131ca, ilgili hidrolik silindirleri de sa\u011fl\u0131yoruz. <a href=\"https:\/\/hzpt.com\/agricultural-pto-gearbox\/\" target=\"_blank\" rel=\"noopener\">tar\u0131msal di\u015fli kutular\u0131<\/a>\u00dcr\u00fcnlerimizi d\u00fcnya \u00e7ap\u0131ndaki m\u00fc\u015fterilerimize ihra\u00e7 ettik ve \u00fcst\u00fcn \u00fcr\u00fcn kalitemiz ve sat\u0131\u015f sonras\u0131 hizmetlerimiz sayesinde iyi bir itibar kazand\u0131k. Yurt i\u00e7i ve yurt d\u0131\u015f\u0131ndaki m\u00fc\u015fterilerimizi i\u015f g\u00f6r\u00fc\u015fmeleri yapmak, bilgi al\u0131\u015fveri\u015finde bulunmak ve <a href=\"https:\/\/www.hydraulic-cylinders.net\/tr\/contact-us\/\">bizimle i\u015fbirli\u011fi yap\u0131n<\/a>!<\/p>\n<p>&nbsp;<\/p>","protected":false},"excerpt":{"rendered":"<p>Shield Machine Anti-torque Cylinder The shield machine anti-torque cylinder is a cutting-edge hydraulic component designed to provide enhanced stability and control in tunneling operations. This specialized cylinder plays a vital role in mitigating torque forces generated during the excavation process, ensuring optimal performance and safety. In this comprehensive article, we will delve into the key [&hellip;]<\/p>","protected":false},"featured_media":1889,"comment_status":"open","ping_status":"closed","template":"","meta":{"_et_pb_use_builder":"","_et_pb_old_content":"","_et_gb_content_width":""},"product_brand":[],"product_cat":[1550,1519],"product_tag":[1380],"class_list":{"0":"post-1886","1":"product","2":"type-product","3":"status-publish","4":"has-post-thumbnail","6":"product_cat-double-acting-hydraulic-cylinder","7":"product_cat-shield-machine-hydraulic-cylinders","8":"product_tag-hydraulic-cylinder","10":"first","11":"instock","12":"shipping-taxable","13":"product-type-simple"},"amp_enabled":true,"_links":{"self":[{"href":"https:\/\/www.hydraulic-cylinders.net\/tr\/wp-json\/wp\/v2\/product\/1886","targetHints":{"allow":["GET"]}}],"collection":[{"href":"https:\/\/www.hydraulic-cylinders.net\/tr\/wp-json\/wp\/v2\/product"}],"about":[{"href":"https:\/\/www.hydraulic-cylinders.net\/tr\/wp-json\/wp\/v2\/types\/product"}],"replies":[{"embeddable":true,"href":"https:\/\/www.hydraulic-cylinders.net\/tr\/wp-json\/wp\/v2\/comments?post=1886"}],"wp:featuredmedia":[{"embeddable":true,"href":"https:\/\/www.hydraulic-cylinders.net\/tr\/wp-json\/wp\/v2\/media\/1889"}],"wp:attachment":[{"href":"https:\/\/www.hydraulic-cylinders.net\/tr\/wp-json\/wp\/v2\/media?parent=1886"}],"wp:term":[{"taxonomy":"product_brand","embeddable":true,"href":"https:\/\/www.hydraulic-cylinders.net\/tr\/wp-json\/wp\/v2\/product_brand?post=1886"},{"taxonomy":"product_cat","embeddable":true,"href":"https:\/\/www.hydraulic-cylinders.net\/tr\/wp-json\/wp\/v2\/product_cat?post=1886"},{"taxonomy":"product_tag","embeddable":true,"href":"https:\/\/www.hydraulic-cylinders.net\/tr\/wp-json\/wp\/v2\/product_tag?post=1886"}],"curies":[{"name":"wp","href":"https:\/\/api.w.org\/{rel}","templated":true}]}}