{"id":18906,"date":"2025-04-07T06:01:31","date_gmt":"2025-04-07T06:01:31","guid":{"rendered":"https:\/\/www.hydraulic-cylinders.net\/product\/boom-cylinder-for-sumitomo-large-excavator-sh300-5\/"},"modified":"2025-04-07T06:01:33","modified_gmt":"2025-04-07T06:01:33","slug":"boom-cylinder-for-sumitomo-large-excavator-sh300-5","status":"publish","type":"product","link":"https:\/\/www.hydraulic-cylinders.net\/tr\/urun\/boom-cylinder-for-sumitomo-large-excavator-sh300-5\/","title":{"rendered":"Sumitomo SH300-5 B\u00fcy\u00fck Ekskavat\u00f6r \u0130\u00e7in Bom Silindiri"},"content":{"rendered":"<h1>Sumitomo SH300-5 B\u00fcy\u00fck Ekskavat\u00f6r \u0130\u00e7in Bom Silindiri<\/h1>\n<h2>\u00dcr\u00fcn Genel Bak\u0131\u015f\u0131<\/h2>\n<p>Sumitomo SH300-5 B\u00fcy\u00fck Ekskavat\u00f6r i\u00e7in tasarlanm\u0131\u015f bu hidrolik silindir, a\u011f\u0131r makinelerin i\u015flevselli\u011fini art\u0131rmak i\u00e7in \u00f6zel olarak \u00fcretilmi\u015f kritik bir bile\u015fendir. Bu hidrolik silindir, ekskavat\u00f6r\u00fcn bomunun hareketini kontrol etmede \u00f6nemli bir rol oynayarak, karma\u015f\u0131k g\u00f6revlerin hassasiyet ve verimlilikle ger\u00e7ekle\u015ftirilmesini sa\u011flar. \u00d6z\u00fcnde, kova silindiri, ekskavat\u00f6rler, kaz\u0131c\u0131 y\u00fckleyiciler ve \u00f6n y\u00fckleyiciler gibi \u00e7e\u015fitli a\u011f\u0131r makinelerde kovan\u0131n kald\u0131r\u0131lmas\u0131n\u0131, indirilmesini ve e\u011filmesini sa\u011flayan bir hidrolik silindir t\u00fcr\u00fcd\u00fcr. Bu i\u015flevsellik, malzeme ta\u015f\u0131ma g\u00f6revlerini kolayla\u015ft\u0131rarak kaz\u0131 i\u015flemlerini daha etkili ve g\u00fcvenli hale getirir.<\/p>\n<p><img decoding=\"async\" src=\"https:\/\/www.hydraulic-cylinders.net\/wp-content\/uploads\/2025\/04\/songte-company-1.webp\" alt=\"Bom Silindiri G\u00f6r\u00fcnt\u00fcs\u00fc\" \/><\/p>\n<h3>Bom Silindirinin Temel \u00d6zellikleri<\/h3>\n<ul>\n<li><strong>Y\u00fcksek Dayan\u0131kl\u0131l\u0131k ve Dayan\u0131kl\u0131l\u0131k:<\/strong> Y\u00fcksek mukavemetli \u00e7elik veya al\u00fcminyumdan \u00fcretilen bu silindirler, y\u00fcksek bas\u0131nca ve a\u011f\u0131r y\u00fcklere dayanacak ve zorlu \u00e7al\u0131\u015fma ortamlar\u0131na uyum sa\u011flayacak \u015fekilde tasarlanm\u0131\u015ft\u0131r. Kullan\u0131m \u00f6mr\u00fcn\u00fc uzatmak i\u00e7in a\u015f\u0131nma ve korozyon direnci g\u00f6z \u00f6n\u00fcnde bulundurularak \u00fcretilmi\u015flerdir.<\/li>\n<li><strong>Verimli Hidrolik \u00c7al\u0131\u015fma:<\/strong> Hidrolik ya\u011f bas\u0131nc\u0131n\u0131 kullanarak sorunsuz uzatma ve geri \u00e7ekme sa\u011flayan bom silindiri, kontrol komutlar\u0131na h\u0131zl\u0131 yan\u0131t vererek a\u011f\u0131r malzemelerin ta\u015f\u0131nmas\u0131 ve karma\u015f\u0131k g\u00f6rev operasyonlar\u0131 i\u00e7in ideal olan g\u00fc\u00e7l\u00fc itme ve \u00e7ekme kuvveti sunar.<\/li>\n<li><strong>\u00c7e\u015fitli T\u00fcrler:<\/strong> M\u00fc\u015fteriler, farkl\u0131 \u00e7al\u0131\u015fma gereksinimlerini kar\u015f\u0131lamak i\u00e7in tek etkili (hidrolik kuvveti tek y\u00f6nde kullanan) veya \u00e7ift etkili (hidrolik kuvveti her iki y\u00f6nde kullanan) silindirler aras\u0131nda se\u00e7im yapabilirler. Baz\u0131 modeller teleskopiktir ve d\u0131\u015f boyutlar\u0131 art\u0131rmadan daha fazla uzatmaya olanak tan\u0131yarak, alan k\u0131s\u0131tlamal\u0131 uygulamalar i\u00e7in uygun hale gelirler.<\/li>\n<\/ul>\n<p>Bu \u00fcr\u00fcn\u00fc biz \u00fcretiyoruz ve silindirlerimiz \u00e7e\u015fitli hidrolik silindirlerin yerine m\u00fckemmel \u015fekilde kullan\u0131labilir.<\/p>\n<p><img decoding=\"async\" src=\"https:\/\/www.hydraulic-cylinders.net\/wp-content\/uploads\/2025\/04\/songte-cylinder-head-with-all-kinds-excavator-models.webp\" alt=\"Ekskavat\u00f6rler i\u00e7in Silindir Kafas\u0131\" \/><\/p>\n<h2>Uygulama Senaryolar\u0131<\/h2>\n<h3>\u0130n\u015faat Ekipmanlar\u0131<\/h3>\n<p>Ekskavat\u00f6rlerde, bom silindirleri topra\u011f\u0131 veya molozu kazma, y\u00fckleme ve ta\u015f\u0131ma i\u015flemlerinde hayati \u00f6neme sahiptir. Bu silindirler, zemine n\u00fcfuz etmek i\u00e7in gerekli kuvveti sa\u011flayarak verimli kaz\u0131 i\u015flemlerini kolayla\u015ft\u0131r\u0131r. Daha fazla manevra kabiliyeti sa\u011flayarak operat\u00f6rlerin g\u00f6revleri hassasiyet ve h\u0131zla ger\u00e7ekle\u015ftirmesine olanak tan\u0131rlar.<\/p>\n<h3>Tar\u0131m Makinalar\u0131<\/h3>\n<p>\u00d6n y\u00fckleyicilerde, bom silindirleri toprak, saman ve di\u011fer malzemelerin kep\u00e7elenmesi, kald\u0131r\u0131lmas\u0131 ve ta\u015f\u0131nmas\u0131 i\u00e7in hayati \u00f6neme sahiptir. Kep\u00e7enin a\u00e7\u0131s\u0131n\u0131 ayarlayabilme \u00f6zelli\u011fi, \u00e7iftliklerde malzeme ta\u015f\u0131ma verimlili\u011fini art\u0131rarak i\u015flerin h\u0131zl\u0131 ve etkili bir \u015fekilde tamamlanmas\u0131n\u0131 sa\u011flar.<\/p>\n<h3>Ekskavat\u00f6rler<\/h3>\n<p>Ekskavat\u00f6rlerde, bom silindiri kep\u00e7enin topra\u011fa etkili bir \u015fekilde n\u00fcfuz etmesini sa\u011flayarak kazma i\u015flemini daha verimli hale getirir. \u0130n\u015faat, peyzaj veya madencilik olsun, bom silindirinin sa\u011flam tasar\u0131m\u0131 zorlu ko\u015fullar alt\u0131nda g\u00fcvenilir performans sa\u011flar.<\/p>\n<h3>Y\u00fckleyiciler<\/h3>\n<p>\u00d6n y\u00fckleyicilerde, bom silindirleri y\u00fcklerin verimli bir \u015fekilde kald\u0131r\u0131lmas\u0131na ve bo\u015falt\u0131lmas\u0131na yard\u0131mc\u0131 olur. Bu i\u015flevsellik, \u015fantiyelerde malzeme ta\u015f\u0131mak veya nakliye i\u00e7in kamyonlara aktarmak da dahil olmak \u00fczere \u00e7e\u015fitli g\u00f6revler i\u00e7in hayati \u00f6neme sahiptir ve bu nedenle bu silindirler in\u015faat ve a\u011f\u0131r kald\u0131rma i\u015flemlerinde vazge\u00e7ilmezdir.<\/p>\n<h2>Tasar\u0131m Hususlar\u0131 ve Se\u00e7im Kriterleri<\/h2>\n<h3>Y\u00fck Kapasitesi<\/h3>\n<p>Bom silindiri tasarlan\u0131rken, y\u00fck ta\u015f\u0131ma kapasitesi \u00f6ncelikli bir husustur. Silindir, \u00e7al\u0131\u015fma s\u0131ras\u0131nda beklenen maksimum y\u00fckleri ar\u0131za veya deformasyon olmadan kald\u0131rabilmelidir. Bu, hidrolik bas\u0131nc\u0131n hesaplanmas\u0131n\u0131 ve kullan\u0131lan malzemelerin bu kuvvetlere dayanabilmesini sa\u011flamay\u0131 i\u00e7erir.<\/p>\n<h3>S\u0131zd\u0131rmazl\u0131k Mekanizmalar\u0131<\/h3>\n<p>Etkili s\u0131zd\u0131rmazl\u0131k, silindir i\u00e7indeki hidrolik bas\u0131nc\u0131n korunmas\u0131nda \u00e7ok \u00f6nemlidir. Y\u00fcksek kaliteli contalar, silindir ar\u0131zas\u0131na yol a\u00e7abilecek s\u0131v\u0131 s\u0131z\u0131nt\u0131s\u0131n\u0131 ve kirlenmeyi \u00f6nler. Piston contalar\u0131 ve mil contalar\u0131 gibi farkl\u0131 conta t\u00fcrleri, \u00e7e\u015fitli hidrolik s\u0131v\u0131lar ve \u00e7al\u0131\u015fma ko\u015fullar\u0131yla uyumluluklar\u0131na g\u00f6re se\u00e7ilir.<\/p>\n<h3>Dayan\u0131kl\u0131l\u0131k<\/h3>\n<p>Zorlu ortamlara maruz kalan bom silindirleri i\u00e7in dayan\u0131kl\u0131l\u0131k \u00e7ok \u00f6nemlidir. Se\u00e7ilen malzemeler a\u015f\u0131nmaya, korozyona ve yorulmaya kar\u015f\u0131 diren\u00e7li olmal\u0131d\u0131r. Sert krom kaplama gibi uygun y\u00fczey i\u015flemleri, a\u015f\u0131nmaya ve \u00e7evresel fakt\u00f6rlere kar\u015f\u0131 ek koruma sa\u011flayarak silindirin \u00f6mr\u00fcn\u00fc uzatabilir.<\/p>\n<h3>G\u00fcvenlik \u00d6zellikleri<\/h3>\n<p>Hidrolik silindirlerin tasar\u0131m\u0131nda g\u00fcvenlik en \u00f6nemli husustur. Bas\u0131n\u00e7 tahliye vanalar\u0131 gibi \u00f6zellikler, a\u015f\u0131r\u0131 bas\u0131n\u00e7 durumunda felaketle sonu\u00e7lanabilecek ar\u0131zalar\u0131 \u00f6nleyebilir. Ayr\u0131ca, silindirlerin g\u00fcvenli parametreler dahilinde \u00e7al\u0131\u015ft\u0131\u011f\u0131ndan emin olmak i\u00e7in g\u00fcvenlik testleri yap\u0131l\u0131r.<\/p>\n<h3>Bak\u0131m kolayl\u0131\u011f\u0131<\/h3>\n<p>Bak\u0131m kolayl\u0131\u011f\u0131na y\u00f6nelik tasar\u0131m, bom silindirinin kolayca bak\u0131m\u0131n\u0131n ve onar\u0131m\u0131n\u0131n yap\u0131labilmesini sa\u011flar. Bu, incelemeler i\u00e7in eri\u015filebilirli\u011fi, ya\u011flama kolayl\u0131\u011f\u0131n\u0131 ve kapsaml\u0131 s\u00f6kme i\u015flemine gerek kalmadan contalar\u0131n veya di\u011fer bile\u015fenlerin de\u011fi\u015ftirilebilmesini i\u00e7erir.<\/p>\n<p><img decoding=\"async\" src=\"https:\/\/www.hydraulic-cylinders.net\/wp-content\/uploads\/2025\/04\/songte-oil-pipes-and-spare-parts.webp\" alt=\"Hidrolik Par\u00e7alar ve Ya\u011f Borular\u0131\" \/><\/p>\n<h2>S\u0131zd\u0131rmazl\u0131k ve Ya\u011flama<\/h2>\n<p>Hidrolik silindirlerin verimli \u00e7al\u0131\u015fmas\u0131 i\u00e7in s\u0131zd\u0131rmazl\u0131k ve ya\u011flama kritik \u00f6neme sahiptir. Piston contalar\u0131 ve mil contalar\u0131 gibi \u00e7e\u015fitli s\u0131zd\u0131rmazl\u0131k bile\u015fenleri, bas\u0131nc\u0131 korumak ve s\u0131v\u0131 s\u0131z\u0131nt\u0131lar\u0131n\u0131 \u00f6nlemek i\u00e7in kullan\u0131l\u0131r. Contalar genellikle a\u015f\u0131nmaya ve s\u0131cakl\u0131k de\u011fi\u015fimlerine kar\u015f\u0131 diren\u00e7 sa\u011flayan poli\u00fcretan veya nitril kau\u00e7uk gibi dayan\u0131kl\u0131 malzemelerden yap\u0131l\u0131r.<\/p>\n<p>Silindir g\u00f6vdesi ve di\u015fli u\u00e7 y\u00fczeyleri, a\u015f\u0131nma direncini art\u0131rmak i\u00e7in hassas bir \u015fekilde i\u015flenmi\u015ftir. Sorunsuz \u00e7al\u0131\u015fma sa\u011flamak ve erken a\u015f\u0131nmaya yol a\u00e7abilecek s\u00fcrt\u00fcnmeyi \u00f6nlemek i\u00e7in hidrolik ya\u011f ile d\u00fczenli ya\u011flama \u015fartt\u0131r. Uygun ya\u011flama aral\u0131klar\u0131, kullan\u0131m s\u0131kl\u0131\u011f\u0131na ve \u00e7al\u0131\u015fma ko\u015fullar\u0131na g\u00f6re belirlenmelidir.<\/p>\n<h2>D\u00fczenli Muayene ve \u00d6nleyici Bak\u0131m<\/h2>\n<ul>\n<li><strong>D\u00fczenli Denetimler:<\/strong> Bom silindirinin a\u015f\u0131nma, s\u0131z\u0131nt\u0131 ve hasar belirtileri a\u00e7\u0131s\u0131ndan s\u0131k s\u0131k kontrol edilmesi, sorunlar\u0131n ar\u0131zaya yol a\u00e7madan \u00f6nce tespit edilmesine yard\u0131mc\u0131 olabilir. Contalar\u0131n sa\u011flam oldu\u011fundan ve silindirde g\u00f6r\u00fcn\u00fcr \u00e7atlak veya deformasyon bulunmad\u0131\u011f\u0131ndan emin olmak, g\u00fcvenli \u00e7al\u0131\u015fma i\u00e7in \u00e7ok \u00f6nemlidir.<\/li>\n<li><strong>Uygun Ya\u011flama:<\/strong> Yeterli ya\u011flama seviyesinin korunmas\u0131, a\u015f\u0131nmay\u0131 ve a\u015f\u0131r\u0131 \u0131s\u0131nmay\u0131 \u00f6nlemek i\u00e7in \u00e7ok \u00f6nemlidir. Operat\u00f6rler, silindirin sorunsuz ve verimli \u00e7al\u0131\u015fmas\u0131n\u0131 sa\u011flamak i\u00e7in ya\u011f seviyelerini d\u00fczenli olarak kontrol etmeli ve gerekti\u011finde ya\u011f eklemelidir.<\/li>\n<li><strong>Conta De\u011fi\u015fimi:<\/strong> Zamanla, contalar a\u015f\u0131nabilir ve etkilerini kaybedebilir. Contalar\u0131n durumunu d\u00fczenli olarak izlemek ve gerekti\u011finde de\u011fi\u015ftirmek, s\u0131z\u0131nt\u0131lar\u0131 \u00f6nleyebilir ve hidrolik bas\u0131nc\u0131 koruyarak bom silindirinin etkili bir \u015fekilde \u00e7al\u0131\u015fmas\u0131n\u0131 sa\u011flayabilir.<\/li>\n<\/ul>\n<h2>Uygun Kurulum Y\u00f6nergeleri<\/h2>\n<p>Bom silindirinin do\u011fru montaj\u0131, optimum performans i\u00e7in hayati \u00f6nem ta\u015f\u0131r. \u00d6ncelikle montaj alan\u0131n\u0131n temiz ve kal\u0131nt\u0131lardan ar\u0131nd\u0131r\u0131lm\u0131\u015f oldu\u011fundan emin olun. Uygun montaj braketlerini kullanarak silindiri montaj noktalar\u0131yla do\u011fru bir \u015fekilde hizalay\u0131n; bu, erken a\u015f\u0131nmaya veya ar\u0131zaya yol a\u00e7abilecek yanl\u0131\u015f hizalamay\u0131 \u00f6nlemeye yard\u0131mc\u0131 olacakt\u0131r.<\/p>\n<p>Silindiri sabitlemeden \u00f6nce, t\u00fcm hidrolik ba\u011flant\u0131lar\u0131n s\u0131k\u0131 ve s\u0131z\u0131nt\u0131s\u0131z oldu\u011fundan emin olun. Tak\u0131ld\u0131ktan sonra, performans\u0131 engelleyebilecek havay\u0131 gidermek i\u00e7in hidrolik sistemi havaland\u0131r\u0131n. Bu y\u00f6nergeleri izlemek, bom silindirinin \u00f6mr\u00fcn\u00fc uzatacak ve g\u00fcvenilir \u00e7al\u0131\u015fmas\u0131n\u0131 sa\u011flayacakt\u0131r.<\/p>\n<h2>Yayg\u0131n Bak\u0131m G\u00f6revleri<\/h2>\n<ul>\n<li><strong>D\u00fczenli Denetimler:<\/strong> A\u015f\u0131nma, hasar ve s\u0131z\u0131nt\u0131 belirtilerini kontrol edin. Bu, sorunlar\u0131 erken tespit etmek i\u00e7in rutin bak\u0131m program\u0131n\u0131n bir par\u00e7as\u0131 olmal\u0131d\u0131r.<\/li>\n<li><strong>Uygun Ya\u011flama:<\/strong> A\u015f\u0131nmay\u0131 ve a\u015f\u0131r\u0131 \u0131s\u0131nmay\u0131 \u00f6nlemek i\u00e7in silindirin yeterince ya\u011fland\u0131\u011f\u0131ndan emin olun. \u00c7al\u0131\u015fma ihtiya\u00e7lar\u0131na g\u00f6re \u00f6nerilen ya\u011flama programlar\u0131na uyun.<\/li>\n<li><strong>Conta De\u011fi\u015fimi:<\/strong> Hidrolik bas\u0131nc\u0131 korumak ve s\u0131z\u0131nt\u0131lar\u0131 \u00f6nlemek i\u00e7in contalar\u0131n a\u015f\u0131nmas\u0131n\u0131 izleyin ve gerekti\u011finde de\u011fi\u015ftirin.<\/li>\n<\/ul>\n<p>Bom silindirinin uzun \u00f6m\u00fcrl\u00fc olmas\u0131 i\u00e7in do\u011fru montaj, ya\u011flama ve ayarlamalar \u015fartt\u0131r. Montaj s\u0131ras\u0131nda silindirin do\u011fru hizalanmas\u0131 gerilimi ve a\u015f\u0131nmay\u0131 azalt\u0131rken, uygun ya\u011flama sorunsuz \u00e7al\u0131\u015fmay\u0131 sa\u011flar. Optimum performans\u0131 korumak i\u00e7in \u00f6nerilen kontrol, onar\u0131m ve de\u011fi\u015ftirme prosed\u00fcrlerine uyulmas\u0131 tavsiye edilir.<\/p>\n<p><img decoding=\"async\" src=\"https:\/\/www.hydraulic-cylinders.net\/wp-content\/uploads\/2025\/04\/songte-chushion-collar.webp\" alt=\"Yast\u0131k Yaka G\u00f6rseli\" \/><\/p>\n<h2>G\u00fcvenlik Hususlar\u0131 ve \u00c7evresel Fakt\u00f6rler<\/h2>\n<p>Hidrolik silindirler kullan\u0131l\u0131rken g\u00fcvenlik \u00f6nlemlerinin uygulanmas\u0131 \u00e7ok \u00f6nemlidir. Operat\u00f6rler, y\u00fcksek bas\u0131n\u00e7 riskleri ve ekipman\u0131n d\u00fczg\u00fcn bak\u0131m\u0131n\u0131n \u00f6nemi de dahil olmak \u00fczere hidrolik sistemlerle ili\u015fkili potansiyel tehlikeleri tan\u0131mak \u00fczere e\u011fitilmelidir. D\u00fczenli g\u00fcvenlik denetimleri, operasyonel g\u00fcvenlik ve verimlilikte iyile\u015ftirme alanlar\u0131n\u0131 belirlemeye yard\u0131mc\u0131 olabilir.<\/p>\n<h2>Ar\u0131za Te\u015fhisi ve Yayg\u0131n Sorunlar<\/h2>\n<ul>\n<li><strong>Hidrolik S\u0131z\u0131nt\u0131lar:<\/strong> Hidrolik silindirlerde en s\u0131k kar\u015f\u0131la\u015f\u0131lan sorunlardan biri s\u0131v\u0131 s\u0131z\u0131nt\u0131s\u0131d\u0131r. Bu, a\u015f\u0131nm\u0131\u015f contalardan veya hasar g\u00f6rm\u00fc\u015f bile\u015fenlerden kaynaklanabilir. D\u00fczenli kontroller, s\u0131z\u0131nt\u0131lar\u0131 erken tespit etmeye yard\u0131mc\u0131 olabilir.<\/li>\n<li><strong>G\u00fc\u00e7 Kayb\u0131:<\/strong> Bom silindirinin d\u00fczg\u00fcn \u00e7al\u0131\u015fmamas\u0131, hidrolik bas\u0131n\u00e7 kayb\u0131na i\u015faret edebilir. Bu durum, d\u00fc\u015f\u00fck s\u0131v\u0131 seviyelerinden veya ar\u0131zal\u0131 bir pompadan kaynaklanabilir.<\/li>\n<li><strong>Al\u0131\u015f\u0131lmad\u0131k Sesler:<\/strong> \u00c7al\u0131\u015fma s\u0131ras\u0131nda duyulan g\u0131c\u0131rdama veya s\u00fcrt\u00fcnme sesleri, silindir i\u00e7inde a\u015f\u0131nma veya hasar oldu\u011funu g\u00f6sterebilir. Daha fazla hasar\u0131 \u00f6nlemek i\u00e7in bu sesler derhal incelenmelidir.<\/li>\n<\/ul>\n<p>Bu sorunlar\u0131 etkili bir \u015fekilde te\u015fhis etmek ve \u00e7\u00f6zmek i\u00e7in operat\u00f6rler, \u00e7al\u0131\u015fma s\u0131ras\u0131nda g\u00f6rsel incelemeler yapma ve anormal sesleri dinleme konusunda e\u011fitilmelidir. D\u00fczenli bak\u0131m ve zaman\u0131nda onar\u0131m gibi \u00f6nleyici tedbirler, bu sorunlarla kar\u015f\u0131la\u015fma riskini \u00f6nemli \u00f6l\u00e7\u00fcde azaltabilir.<\/p>\n<p><img decoding=\"async\" src=\"https:\/\/www.hydraulic-cylinders.net\/wp-content\/uploads\/2025\/04\/songte-bushings-with-all-kinds-of-excavator-models.webp\" alt=\"Ekskavat\u00f6rler i\u00e7in Bur\u00e7lar\" \/><\/p>\n<h2>\u015eirketimiz Hakk\u0131nda<\/h2>\n<p>\u00d6nde gelen yedek hidrolik silindir \u00fcreticisi olarak, hem yerel hem de uluslararas\u0131 pazarlara kapsaml\u0131 bir \u00fcr\u00fcn yelpazesi sunuyoruz. Kaliteye olan ba\u011fl\u0131l\u0131\u011f\u0131m\u0131z, geli\u015fmi\u015f bir end\u00fcstriyel \u00fcretim y\u00f6netim stratejisiyle desteklenmektedir. Tesislerimiz, \u00fcretim kapasitemizi art\u0131rmak i\u00e7in yetenekli teknik personel, geli\u015fmi\u015f y\u00fcksek teknoloji \u00fcr\u00fcn\u00fc \u00fcretim ekipmanlar\u0131 ve profesyonel test sistemlerinden yararlanmaktad\u0131r. Verimlilik, hassasiyet ve kaliteye odaklanarak, yenilik\u00e7i \u00e7\u00f6z\u00fcmler arac\u0131l\u0131\u011f\u0131yla \u00e7e\u015fitli m\u00fc\u015fteri ihtiya\u00e7lar\u0131n\u0131 kar\u015f\u0131lamaya \u00e7al\u0131\u015f\u0131yoruz.<\/p>\n<h3>Profesyonellik<\/h3>\n<p>Uzmanlardan olu\u015fan ekibimiz, uluslararas\u0131 standartlara uygun y\u00fcksek kaliteli \u00fcr\u00fcnler sunmaya kendini adam\u0131\u015ft\u0131r. Hidrolik silindir sekt\u00f6r\u00fcnde \u00f6nc\u00fc konumda kalmak i\u00e7in s\u00fcrekli olarak mesleki geli\u015fimimizi s\u00fcrd\u00fcr\u00fcyoruz.<\/p>\n<h3>Uluslararas\u0131 Sertifikasyon<\/h3>\n<p>\u00dcr\u00fcnlerimizin kalitesini ve g\u00fcvenli\u011fini do\u011frulayan \u00e7e\u015fitli uluslararas\u0131 sertifikalara sahibiz. Bu sertifikalar, \u00fcretim ve kalite kontrol\u00fcnde y\u00fcksek standartlar\u0131 koruma konusundaki kararl\u0131l\u0131\u011f\u0131m\u0131z\u0131 yans\u0131tmaktad\u0131r.<\/p>\n<h3>\u00d6zelle\u015ftirme Hizmetleri<\/h3>\n<p>\u015eirketimiz, m\u00fc\u015fterilerin \u00f6zel gereksinimlerini kar\u015f\u0131lamak i\u00e7in \u00f6zelle\u015ftirme hizmetleri sunmaktad\u0131r. Bu esneklik, \u00e7e\u015fitli sekt\u00f6rlerdeki benzersiz operasyonel ihtiya\u00e7lara uygun \u00f6zel \u00e7\u00f6z\u00fcmler sunabilmemizi sa\u011flar.<\/p>\n<h3>\u00dcretim Ekipmanlar\u0131<\/h3>\n<p>Son teknoloji \u00fcr\u00fcn\u00fc \u00fcretim ekipmanlar\u0131m\u0131z, hidrolik silindirleri y\u00fcksek hassasiyet ve verimlilikle \u00fcretmemizi sa\u011fl\u0131yor. Bu geli\u015fmi\u015f teknoloji, \u00fcretim s\u00fcrecinin tamam\u0131nda s\u0131k\u0131 kalite kontrol\u00fc uygulamam\u0131za olanak tan\u0131yor.<\/p>\n<h3>Sat\u0131\u015f Sonras\u0131 Hizmet<\/h3>\n<p>M\u00fc\u015fterilerimizin sat\u0131n alma i\u015fleminden \u00e7ok sonra bile ihtiya\u00e7 duyduklar\u0131 yard\u0131m\u0131 almalar\u0131n\u0131 sa\u011flayarak, ola\u011fan\u00fcst\u00fc sat\u0131\u015f sonras\u0131 destek sunuyoruz. \u00d6zel hizmet ekibimiz, \u00fcr\u00fcnlerimizle ilgili her t\u00fcrl\u00fc soru veya endi\u015fenizi gidermek i\u00e7in haz\u0131rd\u0131r.<\/p>\n<p><img decoding=\"async\" src=\"https:\/\/www.hydraulic-cylinders.net\/wp-content\/uploads\/2025\/04\/songte-company-4.webp\" alt=\"\u015eirket G\u00f6rseli 1\" \/><br \/>\n<img decoding=\"async\" src=\"https:\/\/www.hydraulic-cylinders.net\/wp-content\/uploads\/2025\/04\/songte-company-3.webp\" alt=\"\u015eirket G\u00f6rseli 2\" \/><\/p>\n<p>Yazar: lyl<\/p>","protected":false},"excerpt":{"rendered":"<p>Boom Cylinder For Sumitomo Large Excavator SH300-5 Product Overview The Boom Cylinder for Sumitomo Large Excavator SH300-5 is a critical component designed specifically for enhancing the functionality of heavy machinery. This hydraulic cylinder plays an essential role in controlling the movement of the excavator&#8217;s boom, allowing it to perform complex tasks with precision and efficiency. [&hellip;]<\/p>","protected":false},"featured_media":17878,"comment_status":"open","ping_status":"closed","template":"","meta":{"_et_pb_use_builder":"","_et_pb_old_content":"","_et_gb_content_width":""},"product_brand":[],"product_cat":[1546],"product_tag":[1547,1496],"class_list":{"0":"post-18906","1":"product","2":"type-product","3":"status-publish","4":"has-post-thumbnail","6":"product_cat-boom-cylinders","7":"product_tag-boom-cylinders","8":"product_tag-hydraulic-cylinders","10":"first","11":"instock","12":"shipping-taxable","13":"product-type-simple"},"amp_enabled":true,"_links":{"self":[{"href":"https:\/\/www.hydraulic-cylinders.net\/tr\/wp-json\/wp\/v2\/product\/18906","targetHints":{"allow":["GET"]}}],"collection":[{"href":"https:\/\/www.hydraulic-cylinders.net\/tr\/wp-json\/wp\/v2\/product"}],"about":[{"href":"https:\/\/www.hydraulic-cylinders.net\/tr\/wp-json\/wp\/v2\/types\/product"}],"replies":[{"embeddable":true,"href":"https:\/\/www.hydraulic-cylinders.net\/tr\/wp-json\/wp\/v2\/comments?post=18906"}],"wp:featuredmedia":[{"embeddable":true,"href":"https:\/\/www.hydraulic-cylinders.net\/tr\/wp-json\/wp\/v2\/media\/17878"}],"wp:attachment":[{"href":"https:\/\/www.hydraulic-cylinders.net\/tr\/wp-json\/wp\/v2\/media?parent=18906"}],"wp:term":[{"taxonomy":"product_brand","embeddable":true,"href":"https:\/\/www.hydraulic-cylinders.net\/tr\/wp-json\/wp\/v2\/product_brand?post=18906"},{"taxonomy":"product_cat","embeddable":true,"href":"https:\/\/www.hydraulic-cylinders.net\/tr\/wp-json\/wp\/v2\/product_cat?post=18906"},{"taxonomy":"product_tag","embeddable":true,"href":"https:\/\/www.hydraulic-cylinders.net\/tr\/wp-json\/wp\/v2\/product_tag?post=18906"}],"curies":[{"name":"wp","href":"https:\/\/api.w.org\/{rel}","templated":true}]}}