{"id":18912,"date":"2025-04-07T06:01:45","date_gmt":"2025-04-07T06:01:45","guid":{"rendered":"https:\/\/www.hydraulic-cylinders.net\/product\/boom-cylinder-for-jcb-small-excavator-js13lc\/"},"modified":"2025-04-07T06:01:48","modified_gmt":"2025-04-07T06:01:48","slug":"boom-cylinder-for-jcb-small-excavator-js13lc","status":"publish","type":"product","link":"https:\/\/www.hydraulic-cylinders.net\/tr\/urun\/boom-cylinder-for-jcb-small-excavator-js13lc\/","title":{"rendered":"JCB K\u00fc\u00e7\u00fck Ekskavat\u00f6r JS13LC i\u00e7in Bom Silindiri"},"content":{"rendered":"<h1>JCB K\u00fc\u00e7\u00fck Ekskavat\u00f6r JS13LC i\u00e7in Bom Silindiri<\/h1>\n<h2>\u00dcr\u00fcn Genel Bak\u0131\u015f\u0131<\/h2>\n<p>JCB K\u00fc\u00e7\u00fck Ekskavat\u00f6r JS13LC i\u00e7in Bom Silindiri, ekskavat\u00f6rlerin hidrolik sisteminde, bomun hareketini kontrol etmek i\u00e7in \u00f6zel olarak tasarlanm\u0131\u015f \u00f6nemli bir bile\u015fendir. Bu hidrolik silindir, bomun kald\u0131r\u0131lmas\u0131n\u0131, indirilmesini ve e\u011filmesini sa\u011flayarak in\u015faat ve kaz\u0131 alanlar\u0131nda \u00e7e\u015fitli malzeme ta\u015f\u0131ma g\u00f6revlerini kolayla\u015ft\u0131rmada hayati bir rol oynar. Bom silindiri, a\u011f\u0131r y\u00fcklere ve y\u00fcksek bas\u0131n\u00e7lara dayanacak \u015fekilde tasarlanm\u0131\u015ft\u0131r ve bu da onu a\u011f\u0131r makine operasyonlar\u0131 i\u00e7in uygun hale getirir.<\/p>\n<p><img decoding=\"async\" src=\"https:\/\/www.hydraulic-cylinders.net\/wp-content\/uploads\/2025\/04\/songte-company-1.webp\" alt=\"Bom Silindiri G\u00f6r\u00fcnt\u00fcs\u00fc\"><\/p>\n<h3>Tan\u0131m ve \u0130\u015flevsellik<\/h3>\n<p>Bom silindiri, a\u011f\u0131r ekipmanlar\u0131n verimli bir \u015fekilde kontrol edilmesini sa\u011flayan \u00f6zel bir hidrolik silindirdir. JS13LC gibi ekskavat\u00f6rlerde, kazma, kald\u0131rma ve malzeme ta\u015f\u0131ma gibi i\u015flevlerin ger\u00e7ekle\u015ftirilmesinde \u00f6nemli bir rol oynar. Hidrolik sistem, bas\u0131n\u00e7l\u0131 s\u0131v\u0131 kullanarak do\u011frusal hareket olu\u015fturur ve bomun sorunsuz bir \u015fekilde uzamas\u0131n\u0131 ve geri \u00e7ekilmesini sa\u011flar. Bu i\u015flevsellik, hassasiyet ve g\u00fc\u00e7 gerektiren g\u00f6revler i\u00e7in olmazsa olmazd\u0131r ve bom silindirini makinenin genel performans\u0131 i\u00e7in vazge\u00e7ilmez k\u0131lar.<\/p>\n<h2>Bom Silindirinin \u00d6zellikleri<\/h2>\n<ul>\n<li><strong>Y\u00fcksek Dayan\u0131kl\u0131l\u0131k ve Dayan\u0131kl\u0131l\u0131k:<\/strong> Y\u00fcksek mukavemetli \u00e7elik veya al\u00fcminyumdan \u00fcretilen bom silindiri, y\u00fcksek bas\u0131n\u00e7lara ve a\u011f\u0131r y\u00fcklere dayan\u0131kl\u0131d\u0131r. A\u015f\u0131nma ve korozyona dayan\u0131kl\u0131 olacak \u015fekilde tasarlanm\u0131\u015ft\u0131r ve zorlu \u00e7al\u0131\u015fma ko\u015fullar\u0131nda bile daha uzun bir kullan\u0131m \u00f6mr\u00fc sa\u011flar.<\/li>\n<li><strong>Verimli Hidrolik \u00c7al\u0131\u015fma:<\/strong> Silindir, p\u00fcr\u00fczs\u00fcz, tepkisel hareketler elde etmek i\u00e7in hidrolik s\u0131v\u0131 bas\u0131nc\u0131n\u0131 kullan\u0131r ve a\u011f\u0131r y\u00fckleri ve karma\u015f\u0131k i\u015flemleri idare etmek i\u00e7in ideal olan \u00f6nemli itme ve \u00e7ekme kuvveti sa\u011flar.<\/li>\n<li><strong>\u00c7e\u015fitli T\u00fcrler:<\/strong> Tek etkili (tek y\u00f6nde hidrolik kuvvet kullanan) veya \u00e7ift etkili (her iki y\u00f6nde hidrolik kuvvet kullanan) tasar\u0131mlarda mevcut olan modeller, kullan\u0131c\u0131lara \u00f6zel operasyonel gereksinimlere uygun modeller sunabilir. Baz\u0131 modeller, d\u0131\u015f boyutlar\u0131 art\u0131rmadan daha fazla uzatma sa\u011flayan teleskopik tasar\u0131mlara sahiptir ve bu da onlar\u0131 alan k\u0131s\u0131tlamas\u0131 olan uygulamalar i\u00e7in uygun hale getirir.<\/li>\n<li><strong>Kolay Kurulum:<\/strong> Kullan\u0131c\u0131 dostu \u00f6zellikleriyle tasarlanan \u00fcr\u00fcn, mevcut makine kurulumlar\u0131na kolayca entegre edilebiliyor, zamandan tasarruf sa\u011fl\u0131yor ve i\u015f\u00e7ilik maliyetlerini d\u00fc\u015f\u00fcr\u00fcyor.<\/li>\n<li><strong>\u00d6zelle\u015ftirme Se\u00e7enekleri:<\/strong> \u00dcretim kapasitemiz, bom silindirinin belirli performans ve \u00e7evresel gereksinimleri kar\u015f\u0131lamas\u0131n\u0131 garanti alt\u0131na alarak, \u00f6zel \u00e7\u00f6z\u00fcmlere olanak tan\u0131r.<\/li>\n<\/ul>\n<p>Mevcut hidrolik silindirlerin yerini performanstan \u00f6d\u00fcn vermeden m\u00fckemmel bir \u015fekilde alan bom silindirlerimizle bu \u00fcr\u00fcn\u00fc \u00fcretmekten gurur duyuyoruz.<\/p>\n<p><img decoding=\"async\" src=\"https:\/\/www.hydraulic-cylinders.net\/wp-content\/uploads\/2025\/04\/songte-cylinder-head-with-all-kinds-excavator-models.webp\" alt=\"Ekskavat\u00f6r Modelleri G\u00f6rseli\"><\/p>\n<h2>Bom Silindirinin Uygulamalar\u0131<\/h2>\n<h3>\u0130n\u015faat Ekipmanlar\u0131<\/h3>\n<p>\u0130n\u015faat makineleri alan\u0131nda bom silindiri a\u011f\u0131rl\u0131kl\u0131 olarak ekskavat\u00f6rlerde bulunur. Bu g\u00fc\u00e7l\u00fc makineler, topra\u011f\u0131 veya molozu verimli bir \u015fekilde kazmak, y\u00fcklemek ve ta\u015f\u0131mak i\u00e7in bom silindirine g\u00fcvenir. Silindirin a\u011f\u0131r y\u00fckleri kald\u0131rma ve konumland\u0131rma kapasitesi, onu kaz\u0131 g\u00f6revleri i\u00e7in vazge\u00e7ilmez k\u0131lar ve operat\u00f6rlerin i\u015flerini hassas ve etkili bir \u015fekilde yapmalar\u0131n\u0131 sa\u011flar.<\/p>\n<h3>Tar\u0131m Makinalar\u0131<\/h3>\n<p>Tar\u0131msal ortamlarda bom silindirleri, toprak, saman ve di\u011fer malzemeleri kep\u00e7elemek, kald\u0131rmak ve ta\u015f\u0131mak i\u00e7in kullan\u0131lan \u00f6n y\u00fckleyicilerin ayr\u0131lmaz bir par\u00e7as\u0131d\u0131r. Bu silindirler, a\u011f\u0131r kald\u0131rma g\u00f6revlerini yerine getirmek i\u00e7in gerekli kuvveti sa\u011flayarak, tar\u0131m ve peyzaj uygulamalar\u0131nda operasyonel verimlilik a\u00e7\u0131s\u0131ndan paha bi\u00e7ilmezdir.<\/p>\n<h3>Ekskavat\u00f6rler<\/h3>\n<p>Ekskavat\u00f6rlerde bom silindiri, kep\u00e7enin topra\u011fa etkili bir \u015fekilde n\u00fcfuz etmesini sa\u011flayarak kaz\u0131 i\u015flemlerini kolayla\u015ft\u0131r\u0131r. Bu \u00f6zellik, operat\u00f6rlerin kep\u00e7enin hareketlerini kontrol alt\u0131nda tutarken daha derin toprak katmanlar\u0131na ula\u015fmas\u0131n\u0131 sa\u011flad\u0131\u011f\u0131 i\u00e7in, optimum kaz\u0131 sonu\u00e7lar\u0131 elde etmek i\u00e7in \u00e7ok \u00f6nemlidir.<\/p>\n<h3>Y\u00fckleyiciler<\/h3>\n<p>\u00d6n y\u00fckleyiciler i\u00e7in bom silindirleri, malzemelerin kald\u0131r\u0131lmas\u0131 ve bo\u015falt\u0131lmas\u0131 i\u00e7in olmazsa olmazd\u0131r. Y\u00fcklerin verimli bir \u015fekilde y\u00fcklenmesini ve bo\u015falt\u0131lmas\u0131n\u0131 sa\u011flayarak in\u015faat ve malzeme ta\u015f\u0131ma sekt\u00f6rlerindeki operasyonlar\u0131 kolayla\u015ft\u0131r\u0131rlar.<\/p>\n<h2>Tasar\u0131m Hususlar\u0131 ve Se\u00e7im Kriterleri<\/h2>\n<h3>Y\u00fck Kapasitesi<\/h3>\n<p>Bom silindirinin y\u00fck kapasitesi, tasar\u0131m\u0131nda kritik bir fakt\u00f6rd\u00fcr. \u00c7al\u0131\u015fma s\u0131ras\u0131nda kar\u015f\u0131la\u015f\u0131lan kuvvetlere dayanacak ve ayn\u0131 zamanda g\u00fcvenlik ve g\u00fcvenilirlik sa\u011flayacak \u015fekilde tasarlanmal\u0131d\u0131r. Mekanik ar\u0131zalar\u0131 \u00f6nlemek ve verimli \u00e7al\u0131\u015fmay\u0131 sa\u011flamak i\u00e7in uygun y\u00fck kapasitesine sahip bir silindir se\u00e7mek \u00e7ok \u00f6nemlidir.<\/p>\n<h3>S\u0131zd\u0131rmazl\u0131k Sistemi<\/h3>\n<p>Hidrolik s\u0131v\u0131 b\u00fct\u00fcnl\u00fc\u011f\u00fcn\u00fc korumak ve s\u0131z\u0131nt\u0131lar\u0131 \u00f6nlemek i\u00e7in sa\u011flam bir s\u0131zd\u0131rmazl\u0131k sistemi hayati \u00f6nem ta\u015f\u0131r. Tasar\u0131m, zorlu ko\u015fullara dayanabilen, uzun \u00f6m\u00fcrl\u00fc ve optimum performans sa\u011flayan y\u00fcksek kaliteli contalar i\u00e7ermelidir. Hidrolik verimlili\u011fi korumak i\u00e7in contalar\u0131n d\u00fczenli olarak kontrol edilmesi ve de\u011fi\u015ftirilmesi gerekir.<\/p>\n<h3>Dayan\u0131kl\u0131l\u0131k<\/h3>\n<p>Bom silindirlerinin tasar\u0131m\u0131nda dayan\u0131kl\u0131l\u0131k en \u00f6nemli unsurdur. Genellikle zorlu ortamlara maruz kald\u0131klar\u0131 i\u00e7in a\u015f\u0131nma, korozyon ve yorgunlu\u011fa dayan\u0131kl\u0131 malzeme ve kaplamalar\u0131n se\u00e7ilmesi \u00f6nemlidir. Dayan\u0131kl\u0131 bir tasar\u0131m, silindirin \u00f6mr\u00fcn\u00fc uzat\u0131r ve bak\u0131m maliyetlerini azalt\u0131r.<\/p>\n<h3>G\u00fcvenlik \u00d6zellikleri<\/h3>\n<p>Hidrolik silindirlerin tasar\u0131m\u0131nda g\u00fcvenlik en \u00f6nemli \u00f6nceliktir. Bas\u0131n\u00e7 tahliye valfleri ve acil durdurma mekanizmalar\u0131 gibi \u00f6zelliklerin dahil edilmesi, kazalar\u0131 \u00f6nleyebilir ve operat\u00f6rleri koruyabilir. Tasar\u0131m s\u00fcrecinde g\u00fcvenlik standartlar\u0131n\u0131n kar\u015f\u0131lanmas\u0131, g\u00fcvenli \u00e7al\u0131\u015fma i\u00e7in hayati \u00f6nem ta\u015f\u0131r.<\/p>\n<h3>Bak\u0131m ve Onar\u0131m Kolayl\u0131\u011f\u0131<\/h3>\n<p>Kolay bak\u0131m ve onar\u0131m i\u00e7in tasar\u0131m, ar\u0131za s\u00fcresini en aza indirmek i\u00e7in olmazsa olmazd\u0131r. Eri\u015filebilir servis noktalar\u0131 ve mod\u00fcler tasar\u0131mlar gibi \u00f6zellikler, daha h\u0131zl\u0131 onar\u0131mlar\u0131 kolayla\u015ft\u0131r\u0131r ve \u00f6zel aletlere olan ihtiyac\u0131 azalt\u0131r; bu da bak\u0131m maliyetlerini d\u00fc\u015f\u00fcr\u00fcr ve operasyonel verimlili\u011fi art\u0131r\u0131r.<\/p>\n<p><img decoding=\"async\" src=\"https:\/\/www.hydraulic-cylinders.net\/wp-content\/uploads\/2025\/04\/songte-oil-pipes-and-spare-parts.webp\" alt=\"Petrol Borular\u0131 ve Yedek Par\u00e7a G\u00f6rseli\"><\/p>\n<h2>S\u0131zd\u0131rmazl\u0131k ve Ya\u011flama<\/h2>\n<p>Bom silindirinin performans\u0131, s\u0131zd\u0131rmazl\u0131k ve ya\u011flama kalitesine b\u00fcy\u00fck \u00f6l\u00e7\u00fcde ba\u011fl\u0131d\u0131r. Hidrolik s\u0131v\u0131 s\u0131z\u0131nt\u0131s\u0131n\u0131 \u00f6nlemek i\u00e7in piston contalar\u0131 ve piston kolu contalar\u0131 gibi \u00e7e\u015fitli conta t\u00fcrleri kullan\u0131lmal\u0131d\u0131r. Poli\u00fcretan ve nitril kau\u00e7uk gibi malzemelerden \u00fcretilen contalar, a\u015f\u0131nma direnci ve dayan\u0131kl\u0131l\u0131\u011f\u0131 nedeniyle tercih edilir.<\/p>\n<p>Silindir g\u00f6vdesi ve di\u015fli u\u00e7 y\u00fczeylerinin, hidrolik verimlili\u011fin korunmas\u0131 i\u00e7in hayati \u00f6nem ta\u015f\u0131yan a\u015f\u0131nma direncini art\u0131rmak amac\u0131yla hassas bir i\u015fleme tabi tutulmas\u0131 gerekir. Ayr\u0131ca, sorunsuz \u00e7al\u0131\u015fmay\u0131 sa\u011flamak ve a\u015f\u0131nmay\u0131 \u00f6nlemek i\u00e7in d\u00fczenli olarak uygun miktarda hidrolik ya\u011f enjekte edilmesi de b\u00fcy\u00fck \u00f6nem ta\u015f\u0131r.<\/p>\n<h2>D\u00fczenli Denetimler ve \u00d6nleyici Bak\u0131m<\/h2>\n<ul>\n<li><strong>Rutin Denetimler:<\/strong> S\u0131z\u0131nt\u0131, a\u015f\u0131nma ve \u00e7al\u0131\u015fma verimlili\u011fi a\u00e7\u0131s\u0131ndan d\u00fczenli kontroller \u00e7ok \u00f6nemlidir. Bu kontrollerin yap\u0131lmas\u0131, olas\u0131 sorunlar\u0131n erken tespit edilmesini ve silindirin \u00f6mr\u00fcn\u00fcn uzamas\u0131n\u0131 sa\u011flar.<\/li>\n<li><strong>Uygun Ya\u011flama:<\/strong> Silindirlerin optimum \u00e7al\u0131\u015fmas\u0131 i\u00e7in uygun hidrolik ya\u011f seviyesinin ve kalitesinin korunmas\u0131 hayati \u00f6nem ta\u015f\u0131r. Kullan\u0131c\u0131lar, s\u00fcrt\u00fcnme ve a\u015f\u0131nmay\u0131 \u00f6nlemek i\u00e7in ya\u011f\u0131 d\u00fczenli olarak kontrol etmeli ve yenilemelidir.<\/li>\n<li><strong>Conta De\u011fi\u015fimi:<\/strong> Zamanla contalar a\u015f\u0131narak s\u0131z\u0131nt\u0131lara yol a\u00e7abilir. Hidrolik b\u00fct\u00fcnl\u00fc\u011f\u00fcn korunmas\u0131 ve operasyonel ar\u0131zalar\u0131n \u00f6nlenmesi i\u00e7in d\u00fczenli aral\u0131klarla de\u011fi\u015ftirilmesi gerekir.<\/li>\n<\/ul>\n<h2>Kurulum Talimatlar\u0131<\/h2>\n<p>Bom silindirinin montaj\u0131, d\u00fczg\u00fcn \u00e7al\u0131\u015fmas\u0131n\u0131 sa\u011flamak i\u00e7in t\u00fcm ayr\u0131nt\u0131lara dikkat edilmesini gerektirir. \u00d6ncelikle t\u00fcm bile\u015fenlerin temiz ve kal\u0131nt\u0131lardan ar\u0131nd\u0131r\u0131lm\u0131\u015f oldu\u011fundan emin olun. Conta ve ba\u011flant\u0131 elemanlar\u0131nda zorlanmay\u0131 \u00f6nlemek i\u00e7in silindiri do\u011fru \u015fekilde hizalay\u0131n. Silindiri yerinde sabitlemek ve \u00e7al\u0131\u015fma s\u0131ras\u0131nda hareket etmesini \u00f6nlemek i\u00e7in uygun montaj braketleri kullanman\u0131z \u00f6nerilir.<\/p>\n<p>Kurulum s\u0131ras\u0131nda t\u00fcm hidrolik ba\u011flant\u0131lar\u0131n s\u0131k\u0131 ve s\u0131z\u0131nt\u0131s\u0131z oldu\u011fundan emin olun. Kurulumdan sonra, herhangi bir anormallik olup olmad\u0131\u011f\u0131n\u0131 kontrol etmek i\u00e7in kapsaml\u0131 bir inceleme yap\u0131n ve sistemi d\u00fc\u015f\u00fck bas\u0131n\u00e7 alt\u0131nda test edin. Onayland\u0131ktan sonra, silindirin performans\u0131n\u0131 izlerken bas\u0131nc\u0131 kademeli olarak art\u0131r\u0131n.<\/p>\n<h2>Bak\u0131m G\u00f6revleri<\/h2>\n<h3>D\u00fczenli Denetimler<\/h3>\n<p>A\u015f\u0131nma ve y\u0131pranmalar\u0131n ciddi sorunlara d\u00f6n\u00fc\u015fmeden \u00f6nce tespit edilmesi i\u00e7in d\u00fczenli kontroller \u00e7ok \u00f6nemlidir. Operat\u00f6rler, silindiri s\u0131z\u0131nt\u0131, korozyon belirtileri ve do\u011fru hizalama a\u00e7\u0131s\u0131ndan incelemelidir. Sorunlar\u0131n erken tespiti, kapsaml\u0131 onar\u0131mlarla ili\u015fkili zaman ve maliyetlerden tasarruf sa\u011flayabilir.<\/p>\n<h3>Uygun Ya\u011flama<\/h3>\n<p>Bom silindirinin d\u00fczg\u00fcn \u00e7al\u0131\u015fmas\u0131 i\u00e7in do\u011fru ya\u011flama \u015fartt\u0131r. Hidrolik ya\u011f\u0131n do\u011fru seviyede ve kirleticilerden ar\u0131nd\u0131r\u0131lm\u0131\u015f olmas\u0131, optimum performans\u0131n korunmas\u0131na yard\u0131mc\u0131 olur. Operat\u00f6rler, verimlili\u011fi en \u00fcst d\u00fczeye \u00e7\u0131karmak i\u00e7in ya\u011flama s\u0131kl\u0131\u011f\u0131 ve miktar\u0131 konusunda \u00fcretici talimatlar\u0131na uymal\u0131d\u0131r.<\/p>\n<h3>Conta De\u011fi\u015fimi ve Kalibrasyon Kontrolleri<\/h3>\n<p>S\u0131z\u0131nt\u0131lar\u0131 \u00f6nlemek ve hidrolik bas\u0131nc\u0131 korumak i\u00e7in conta de\u011fi\u015fimi rutin bak\u0131m\u0131n bir par\u00e7as\u0131 olarak yap\u0131lmal\u0131d\u0131r. Silindirin belirtilen parametreler dahilinde \u00e7al\u0131\u015ft\u0131\u011f\u0131ndan emin olmak i\u00e7in kalibrasyon kontrolleri de \u00f6nemlidir. Montaj s\u0131ras\u0131nda do\u011fru hizalama, silindir \u00fczerinde erken ar\u0131zaya yol a\u00e7abilecek a\u015f\u0131r\u0131 stresi \u00f6nlemek i\u00e7in \u00e7ok \u00f6nemlidir.<\/p>\n<p><img decoding=\"async\" src=\"https:\/\/www.hydraulic-cylinders.net\/wp-content\/uploads\/2025\/04\/songte-chushion-collar.webp\" alt=\"Yast\u0131k Yaka G\u00f6rseli\"><\/p>\n<h2>G\u00fcvenlik Hususlar\u0131 ve \u00c7evresel Fakt\u00f6rler<\/h2>\n<p>Hidrolik silindirlerle \u00e7al\u0131\u015f\u0131rken g\u00fcvenlik \u00f6nlemlerine \u00f6ncelik vermek \u00e7ok \u00f6nemlidir. Operat\u00f6rler uygun ki\u015fisel koruyucu ekipman (KKD) ile donat\u0131lmal\u0131 ve hidrolik sistemleri g\u00fcvenli bir \u015fekilde kullanmak \u00fczere e\u011fitilmelidir. Hidrolik s\u0131v\u0131 s\u0131z\u0131nt\u0131lar\u0131 veya silindir patlamalar\u0131 gibi potansiyel tehlikelerin fark\u0131nda olmak, g\u00fcvenli bir \u00e7al\u0131\u015fma ortam\u0131 sa\u011flamak i\u00e7in \u00e7ok \u00f6nemlidir. Ayr\u0131ca, hidrolik s\u0131v\u0131 d\u00f6k\u00fclmelerinin etkisini en aza indirmek ve kullan\u0131lm\u0131\u015f s\u0131v\u0131lar\u0131n uygun \u015fekilde bertaraf edilmesini sa\u011flamak i\u00e7in \u00e7evre dostu uygulamalar benimsenmelidir.<\/p>\n<h2>Ar\u0131za Te\u015fhisi ve Yayg\u0131n Sorunlar<\/h2>\n<h3>S\u0131z\u0131nt\u0131 Sorunlar\u0131<\/h3>\n<p>S\u0131z\u0131nt\u0131, hidrolik silindirlerde kar\u015f\u0131la\u015f\u0131lan en yayg\u0131n sorunlardan biridir. Bu durum, a\u015f\u0131nm\u0131\u015f contalardan, gev\u015fek ba\u011flant\u0131 par\u00e7alar\u0131ndan veya silindir g\u00f6vdesindeki hasarlardan kaynaklanabilir. S\u0131z\u0131nt\u0131n\u0131n kayna\u011f\u0131n\u0131 belirlemek, etkili bak\u0131m ve onar\u0131m i\u00e7in kritik \u00f6neme sahiptir. Contalar\u0131n d\u00fczenli kontrolleri ve zaman\u0131nda de\u011fi\u015ftirilmesi, \u00f6nemli hidrolik s\u0131v\u0131 kay\u0131plar\u0131n\u0131 \u00f6nleyebilir.<\/p>\n<h3>Performans Sorunlar\u0131<\/h3>\n<p>Bom silindiri beklendi\u011fi gibi uzam\u0131yor veya geri \u00e7ekilemiyorsa, bu durum hidrolik sistemde bir sorun oldu\u011funu g\u00f6sterebilir. Olas\u0131 nedenler aras\u0131nda yetersiz hidrolik s\u0131v\u0131s\u0131, sistemde s\u0131k\u0131\u015fm\u0131\u015f hava veya silindirin i\u00e7 hasar\u0131 yer al\u0131r. Verimlili\u011fi korumak i\u00e7in sorunun h\u0131zl\u0131 bir \u015fekilde te\u015fhis edilmesi \u00e7ok \u00f6nemlidir.<\/p>\n<h3>A\u015f\u0131r\u0131 A\u015f\u0131nma<\/h3>\n<p>Yetersiz ya\u011flama, hizalama hatas\u0131 veya silindirin y\u00fck kapasitesinin \u00fczerinde kullan\u0131lmas\u0131 nedeniyle a\u015f\u0131r\u0131 a\u015f\u0131nma meydana gelebilir. D\u00fczenli bak\u0131m ve \u00e7al\u0131\u015fma talimatlar\u0131na uyulmas\u0131, a\u015f\u0131nmay\u0131 azaltmaya ve silindirin \u00f6mr\u00fcn\u00fc uzatmaya yard\u0131mc\u0131 olabilir.<\/p>\n<h2>Sorun Giderme \u0130pu\u00e7lar\u0131<\/h2>\n<p>Sorunlar\u0131 etkili bir \u015fekilde te\u015fhis edip \u00e7\u00f6zmek i\u00e7in operat\u00f6rler sistematik bir yakla\u015f\u0131m izlemelidir. \u0130lk olarak, g\u00f6zle g\u00f6r\u00fcl\u00fcr s\u0131z\u0131nt\u0131lar\u0131 kontrol edin ve hidrolik s\u0131v\u0131 seviyelerini kontrol edin. Performans sorunlar\u0131 devam ederse, contalar\u0131 ve ba\u011flant\u0131 elemanlar\u0131n\u0131 a\u015f\u0131nma veya hasar a\u00e7\u0131s\u0131ndan inceleyin. \u00d6nleyici bir bak\u0131m program\u0131 uygulamak, ciddi sorunlarla kar\u015f\u0131la\u015fma olas\u0131l\u0131\u011f\u0131n\u0131 \u00f6nemli \u00f6l\u00e7\u00fcde azaltabilir.<\/p>\n<p>Operat\u00f6rler ayr\u0131ca, bom silindirinin performans\u0131n\u0131 korumalar\u0131na yard\u0131mc\u0131 olmak i\u00e7in yayg\u0131n sorunlar ve sorun giderme teknikleri konusunda kendilerini e\u011fitmelidir. Bu potansiyel sorunlar\u0131n ve \u00e7\u00f6z\u00fcmlerinin fark\u0131nda olmak, operasyonel verimlili\u011fi ve g\u00fcvenli\u011fi art\u0131racakt\u0131r.<\/p>\n<p><img decoding=\"async\" src=\"https:\/\/www.hydraulic-cylinders.net\/wp-content\/uploads\/2025\/04\/songte-bushings-with-all-kinds-of-excavator-models.webp\" alt=\"Bur\u00e7lar G\u00f6r\u00fcnt\u00fcs\u00fc\"><\/p>\n<h2>\u015eirket Genel Bak\u0131\u015f\u0131<\/h2>\n<p>Hem yurt i\u00e7i hem de yurt d\u0131\u015f\u0131 pazarlara hitap eden kapsaml\u0131 bir \u00fcr\u00fcn yelpazesi sunan lider bir yedek hidrolik silindir \u00fcreticisi olmaktan gurur duyuyoruz. M\u00fckemmellik taahh\u00fcd\u00fcm\u00fczle, \u00fcretim stratejimiz hassasiyet ve kalite kontrol\u00fcne odaklanarak her silindirin s\u0131k\u0131 performans standartlar\u0131n\u0131 kar\u015f\u0131lamas\u0131n\u0131 sa\u011flar.<\/p>\n<p>Ekibimiz, \u00fcretim kapasitemizi art\u0131rmak i\u00e7in geli\u015fmi\u015f \u00fcretim ekipmanlar\u0131 ve dijital teknolojilerden yararlanan yetenekli profesyonellerden olu\u015fmaktad\u0131r. Sundu\u011fumuz hizmetleri s\u00fcrekli iyile\u015ftirmek i\u00e7in ara\u015ft\u0131rma ve geli\u015ftirmeye \u00f6ncelik veriyor, farkl\u0131 m\u00fc\u015fteri ihtiya\u00e7lar\u0131n\u0131 kar\u015f\u0131layacak \u015fekilde \u00f6zelle\u015ftirilmi\u015f \u00e7\u00f6z\u00fcmler sunuyoruz.<\/p>\n<p>Sat\u0131\u015f sonras\u0131 hizmete olan ba\u011fl\u0131l\u0131\u011f\u0131m\u0131z, m\u00fc\u015fterilerimizin s\u00fcrekli destek ve yard\u0131m almas\u0131n\u0131 sa\u011flayarak, hidrolik silindir sekt\u00f6r\u00fcnde g\u00fcvenilir bir ortak olarak itibar\u0131m\u0131z\u0131 daha da sa\u011flamla\u015ft\u0131r\u0131yor.<\/p>\n<p><img decoding=\"async\" src=\"https:\/\/www.hydraulic-cylinders.net\/wp-content\/uploads\/2025\/04\/songte-company-4.webp\" alt=\"\u015eirket \u0130maj\u0131\"><br \/>\n<img decoding=\"async\" src=\"https:\/\/www.hydraulic-cylinders.net\/wp-content\/uploads\/2025\/04\/songte-company-3.webp\" alt=\"\u015eirket \u0130maj\u0131\"><\/p>\n<p>Yazar: lyl<\/p>","protected":false},"excerpt":{"rendered":"<p>Boom Cylinder For JCB Small Excavator JS13LC Product Overview The Boom Cylinder for JCB Small Excavator JS13LC is a crucial component in the hydraulic system of excavators, specifically designed to control the movement of the boom. This hydraulic cylinder plays a vital role in enabling the boom to lift, lower, and tilt, facilitating various material [&hellip;]<\/p>","protected":false},"featured_media":17869,"comment_status":"open","ping_status":"closed","template":"","meta":{"_et_pb_use_builder":"","_et_pb_old_content":"","_et_gb_content_width":""},"product_brand":[],"product_cat":[1546],"product_tag":[1547,1496],"class_list":{"0":"post-18912","1":"product","2":"type-product","3":"status-publish","4":"has-post-thumbnail","6":"product_cat-boom-cylinders","7":"product_tag-boom-cylinders","8":"product_tag-hydraulic-cylinders","10":"first","11":"instock","12":"shipping-taxable","13":"product-type-simple"},"amp_enabled":true,"_links":{"self":[{"href":"https:\/\/www.hydraulic-cylinders.net\/tr\/wp-json\/wp\/v2\/product\/18912","targetHints":{"allow":["GET"]}}],"collection":[{"href":"https:\/\/www.hydraulic-cylinders.net\/tr\/wp-json\/wp\/v2\/product"}],"about":[{"href":"https:\/\/www.hydraulic-cylinders.net\/tr\/wp-json\/wp\/v2\/types\/product"}],"replies":[{"embeddable":true,"href":"https:\/\/www.hydraulic-cylinders.net\/tr\/wp-json\/wp\/v2\/comments?post=18912"}],"wp:featuredmedia":[{"embeddable":true,"href":"https:\/\/www.hydraulic-cylinders.net\/tr\/wp-json\/wp\/v2\/media\/17869"}],"wp:attachment":[{"href":"https:\/\/www.hydraulic-cylinders.net\/tr\/wp-json\/wp\/v2\/media?parent=18912"}],"wp:term":[{"taxonomy":"product_brand","embeddable":true,"href":"https:\/\/www.hydraulic-cylinders.net\/tr\/wp-json\/wp\/v2\/product_brand?post=18912"},{"taxonomy":"product_cat","embeddable":true,"href":"https:\/\/www.hydraulic-cylinders.net\/tr\/wp-json\/wp\/v2\/product_cat?post=18912"},{"taxonomy":"product_tag","embeddable":true,"href":"https:\/\/www.hydraulic-cylinders.net\/tr\/wp-json\/wp\/v2\/product_tag?post=18912"}],"curies":[{"name":"wp","href":"https:\/\/api.w.org\/{rel}","templated":true}]}}