{"id":18920,"date":"2025-04-07T06:02:18","date_gmt":"2025-04-07T06:02:18","guid":{"rendered":"https:\/\/www.hydraulic-cylinders.net\/product\/boom-cylinder-for-caterpillar-small-excavator-e305ecr\/"},"modified":"2025-04-07T06:02:21","modified_gmt":"2025-04-07T06:02:21","slug":"boom-cylinder-for-caterpillar-small-excavator-e305ecr","status":"publish","type":"product","link":"https:\/\/www.hydraulic-cylinders.net\/tr\/urun\/boom-cylinder-for-caterpillar-small-excavator-e305ecr\/","title":{"rendered":"Caterpillar K\u00fc\u00e7\u00fck Ekskavat\u00f6r E305ECR i\u00e7in Bom Silindiri"},"content":{"rendered":"<h1>Caterpillar K\u00fc\u00e7\u00fck Ekskavat\u00f6r E305ECR i\u00e7in Bom Silindiri<\/h1>\n<h2>\u00dcr\u00fcn Genel Bak\u0131\u015f\u0131<\/h2>\n<p>Caterpillar K\u00fc\u00e7\u00fck Ekskavat\u00f6r E305ECR Bom Silindiri, a\u011f\u0131r makinelerin i\u015flevselli\u011finde \u00f6nemli bir rol oynayan temel bir hidrolik bile\u015fendir. Bu tip hidrolik silindir, ekskavat\u00f6r kep\u00e7elerinin hareketlerini kontrol etmek i\u00e7in \u00f6zel olarak tasarlanm\u0131\u015ft\u0131r ve operat\u00f6rlerin kep\u00e7eyi etkili bir \u015fekilde kald\u0131rmas\u0131na, indirmesine ve e\u011fmesine olanak tan\u0131r. Bu \u00f6zellik, kaz\u0131, y\u00fckleme ve malzeme ta\u015f\u0131ma gibi \u00e7e\u015fitli malzeme ta\u015f\u0131ma g\u00f6revleri i\u00e7in kritik \u00f6neme sahiptir.<\/p>\n<p><img decoding=\"async\" src=\"https:\/\/www.hydraulic-cylinders.net\/wp-content\/uploads\/2025\/04\/songte-company-1.webp\" alt=\"Ekskavat\u00f6r i\u00e7in Bom Silindiri\" \/><\/p>\n<h3>Kova Silindirlerinin Tan\u0131m\u0131 ve Uygulamas\u0131<\/h3>\n<p>Hidrolik silindirler olarak da bilinen kova silindirleri, ekskavat\u00f6rler, beko-loderler ve \u00f6n y\u00fckleyiciler gibi a\u011f\u0131r i\u015f makinelerinde kullan\u0131lan \u00f6zel cihazlard\u0131r. Bu silindirler, kovan\u0131n hareketini kolayla\u015ft\u0131rarak in\u015faat ve kaz\u0131 i\u015flerinde temel i\u015flevleri yerine getirmesini sa\u011flar. Hidrolik s\u0131v\u0131 bas\u0131nc\u0131n\u0131 kullanarak silindiri uzatan veya geri \u00e7eken bir kuvvet olu\u015fturur ve kovan\u0131n \u00e7e\u015fitli i\u015flemleri verimli bir \u015fekilde ger\u00e7ekle\u015ftirmesini sa\u011flar.<\/p>\n<h2>\u00dcr\u00fcn \u00d6zellikleri<\/h2>\n<ul>\n<li><strong>Y\u00fcksek Dayan\u0131kl\u0131l\u0131k ve Dayan\u0131kl\u0131l\u0131k:<\/strong> Y\u00fcksek mukavemetli \u00e7elik veya al\u00fcminyumdan \u00fcretilen bu silindirler, y\u00fcksek bas\u0131nca ve a\u011f\u0131r y\u00fcklere dayanabilir, bu sayede zorlu \u00e7al\u0131\u015fma ortamlar\u0131na uygun olup uzun \u00f6m\u00fcrl\u00fcd\u00fcr.<\/li>\n<li><strong>Verimli Hidrolik \u00c7al\u0131\u015fma:<\/strong> Hidrolik ya\u011f bas\u0131nc\u0131, a\u011f\u0131r malzemelerin ta\u015f\u0131nmas\u0131 i\u00e7in ideal olan g\u00fc\u00e7l\u00fc \u00e7ekme ve itme kuvveti sa\u011flayarak, yumu\u015fak ve h\u0131zl\u0131 bir \u015fekilde uzatma ve geri \u00e7ekmeyi m\u00fcmk\u00fcn k\u0131lar.<\/li>\n<li><strong>\u00c7e\u015fitli T\u00fcrler:<\/strong> Tek etkili (tek y\u00f6nde \u00e7al\u0131\u015fan) ve \u00e7ift etkili (her iki y\u00f6nde \u00e7al\u0131\u015fan) \u00e7e\u015fitleri bulunan bu silindirler, \u00f6zel operasyonel gereksinimleri kar\u015f\u0131layacak \u015fekilde uyarlanabilir.<\/li>\n<li><strong>Yerden Tasarruf Sa\u011flayan Tasar\u0131mlar:<\/strong> Baz\u0131 modeller, d\u0131\u015f boyutlar\u0131 art\u0131rmadan daha fazla geni\u015flemeye olanak tan\u0131yan teleskopik tasar\u0131mlara sahiptir; bu da alan k\u0131s\u0131tlamas\u0131 olan uygulamalar i\u00e7in idealdir.<\/li>\n<\/ul>\n<h3>\u00dcretim Yeteneklerimiz<\/h3>\n<p>Orijinal \u00fcnitelerin yerini m\u00fckemmel \u015fekilde alan hidrolik silindirler sunarak bu \u00fcr\u00fcn\u00fc gururla \u00fcretiyoruz. Kaliteye olan ba\u011fl\u0131l\u0131\u011f\u0131m\u0131z, \u00fcr\u00fcnlerimizin sekt\u00f6r standartlar\u0131n\u0131 kar\u015f\u0131lamas\u0131n\u0131 ve hatta a\u015fmas\u0131n\u0131 sa\u011flar.<\/p>\n<p><img decoding=\"async\" src=\"https:\/\/www.hydraulic-cylinders.net\/wp-content\/uploads\/2025\/04\/songte-cylinder-head-with-all-kinds-excavator-models.webp\" alt=\"Hidrolik Silindir \u00dcretimi\" \/><\/p>\n<h2>Uygulama Senaryolar\u0131<\/h2>\n<h3>\u0130n\u015faat Ekipmanlar\u0131<\/h3>\n<p>Ekskavat\u00f6rlerde bom silindirleri, kazma, y\u00fckleme ve toprak veya moloz ta\u015f\u0131ma i\u00e7in kritik \u00f6neme sahiptir. Kovan\u0131n zemine verimli bir \u015fekilde n\u00fcfuz etmesini sa\u011flayarak h\u0131zl\u0131 kaz\u0131 g\u00f6revlerine olanak tan\u0131r. Beko-loderlerde ise bom silindiri, hem kazma hem de kald\u0131rma i\u015flemlerine yard\u0131mc\u0131 olarak \u015fantiyelerde verimlili\u011fi art\u0131r\u0131r.<\/p>\n<h3>Tar\u0131m Makinalar\u0131<\/h3>\n<p>\u00d6n y\u00fckleyiciler, toprak, saman ve di\u011fer malzemeleri toplamak, kald\u0131rmak ve ta\u015f\u0131mak i\u00e7in bom silindirlerini kullan\u0131r. Bu silindirlerin verimli \u00e7al\u0131\u015fmas\u0131, \u00e7ift\u00e7ilerin malzemeleri etkili ve minimum \u00e7abayla ta\u015f\u0131yabilmelerini sa\u011flayarak tar\u0131msal i\u015fler i\u00e7in hayati \u00f6nem ta\u015f\u0131r.<\/p>\n<h3>Kaz\u0131 G\u00f6revleri<\/h3>\n<p>Genel ekskavat\u00f6rlerde bom silindiri, kep\u00e7enin topra\u011fa n\u00fcfuz etmesini sa\u011flayarak etkili kaz\u0131 i\u015flemlerine olanak tan\u0131r. Bu i\u015flev, kaz\u0131 g\u00f6revlerinin h\u0131zl\u0131 ve verimli bir \u015fekilde tamamlanmas\u0131 i\u00e7in olmazsa olmazd\u0131r ve proje s\u00fcrelerini \u00f6nemli \u00f6l\u00e7\u00fcde etkiler.<\/p>\n<h3>Y\u00fckleyici Operasyonlar\u0131<\/h3>\n<p>\u00d6n y\u00fckleyicilerde bom silindirleri, malzemelerin etkili bir \u015fekilde kald\u0131r\u0131lmas\u0131na ve bo\u015falt\u0131lmas\u0131na yard\u0131mc\u0131 olur. G\u00fcvenilir \u00e7al\u0131\u015fma \u00f6zellikleri, y\u00fckleyicinin a\u011f\u0131r y\u00fckleri kald\u0131rabilmesini sa\u011flayarak y\u00fckleme ve bo\u015faltma s\u00fcre\u00e7lerinin verimlili\u011fine katk\u0131da bulunur.<\/p>\n<h2>Tasar\u0131m Hususlar\u0131 ve Se\u00e7im Kriterleri<\/h2>\n<h3>Y\u00fck Kapasitesi<\/h3>\n<p>Bir bom silindiri se\u00e7erken, y\u00fck kapasitesini anlamak \u00e7ok \u00f6nemlidir. Silindir, operasyonlar s\u0131ras\u0131nda kar\u015f\u0131la\u015faca\u011f\u0131 maksimum a\u011f\u0131rl\u0131\u011f\u0131 kald\u0131rabilecek \u015fekilde tasarlanmal\u0131d\u0131r. Yetersiz y\u00fck kapasitesine sahip bir silindir se\u00e7mek, hem ekipman hem de operat\u00f6r g\u00fcvenli\u011fini tehlikeye atarak ar\u0131zalara ve g\u00fcvenlik tehlikelerine yol a\u00e7abilir. Yap\u0131lacak g\u00f6revlere g\u00f6re maksimum kald\u0131rma gereksinimlerini de\u011ferlendirmek \u00e7ok \u00f6nemlidir.<\/p>\n<h3>S\u0131zd\u0131rmazl\u0131k ve Dayan\u0131kl\u0131l\u0131k<\/h3>\n<p>S\u0131zd\u0131rmazl\u0131k, tasar\u0131mda dikkate al\u0131nmas\u0131 gereken bir di\u011fer \u00f6nemli husustur. Contalar\u0131n b\u00fct\u00fcnl\u00fc\u011f\u00fc, hidrolik s\u0131v\u0131n\u0131n s\u0131zmas\u0131n\u0131 \u00f6nler; bu da bas\u0131nc\u0131n korunmas\u0131 ve verimli \u00e7al\u0131\u015fma i\u00e7in olmazsa olmazd\u0131r. Poli\u00fcretan veya nitril kau\u00e7uk gibi malzemelerden \u00fcretilen y\u00fcksek kaliteli contalar, dayan\u0131kl\u0131l\u0131\u011f\u0131 ve a\u015f\u0131nma direncini art\u0131rarak hidrolik silindirin \u00f6mr\u00fcn\u00fc uzat\u0131r. Performans sorunlar\u0131n\u0131 \u00f6nlemek i\u00e7in contalar\u0131n d\u00fczenli olarak kontrol edilmesi ve bak\u0131m\u0131 gereklidir.<\/p>\n<h3>G\u00fcvenlik \u00d6zellikleri<\/h3>\n<p>Hidrolik silindirlerin tasar\u0131m\u0131nda g\u00fcvenlik \u00f6zellikleri \u00e7ok \u00f6nemlidir. A\u015f\u0131r\u0131 uzamay\u0131 \u00f6nleyen ve silindirin beklenmedik y\u00fckleri kald\u0131rabilmesini sa\u011flayan mekanizmalar i\u00e7ermelidir. Durdurma halkalar\u0131 ve bas\u0131n\u00e7 tahliye vanalar\u0131 gibi g\u00fcvenlik \u00f6nlemlerinin uygulanmas\u0131, hem makineleri hem de operat\u00f6rleri olas\u0131 kazalardan korumak i\u00e7in hayati \u00f6nem ta\u015f\u0131r.<\/p>\n<h3>Bak\u0131m Eri\u015filebilirli\u011fi<\/h3>\n<p>Tasar\u0131m, bak\u0131m eri\u015filebilirli\u011fini de dikkate almal\u0131d\u0131r. Bak\u0131m\u0131 kolay hidrolik silindirler, ar\u0131za s\u00fcrelerini ve bak\u0131m maliyetlerini \u00f6nemli \u00f6l\u00e7\u00fcde azaltabilir. Contalar\u0131n, ya\u011flama noktalar\u0131n\u0131n ve muayene portlar\u0131n\u0131n h\u0131zl\u0131 bir \u015fekilde de\u011fi\u015ftirilmesini sa\u011flayan \u00f6zellikler, silindirin genel kullan\u0131labilirli\u011fini ve \u00f6mr\u00fcn\u00fc art\u0131r\u0131r.<\/p>\n<p><img decoding=\"async\" src=\"https:\/\/www.hydraulic-cylinders.net\/wp-content\/uploads\/2025\/04\/songte-oil-pipes-and-spare-parts.webp\" alt=\"Hidrolik Bile\u015fenler\" \/><\/p>\n<h2>S\u0131zd\u0131rmazl\u0131k ve Ya\u011flama<\/h2>\n<p>Hidrolik silindirlerin verimlili\u011fi b\u00fcy\u00fck \u00f6l\u00e7\u00fcde do\u011fru s\u0131zd\u0131rmazl\u0131k ve ya\u011flamaya ba\u011fl\u0131d\u0131r. Hidrolik bas\u0131nc\u0131 korumak i\u00e7in piston contalar\u0131 ve piston kolu contalar\u0131 gibi \u00e7e\u015fitli contalar kullan\u0131l\u0131r. Contalar genellikle a\u015f\u0131nmaya dayan\u0131kl\u0131 ve s\u0131z\u0131nt\u0131y\u0131 \u00f6nleyen poli\u00fcretan ve nitril kau\u00e7uk gibi dayan\u0131kl\u0131 malzemelerden \u00fcretilir. Silindir g\u00f6vdesi ve di\u015fli u\u00e7lar, a\u015f\u0131nma direncini art\u0131rmak i\u00e7in hassas i\u015fleme tabi tutulur.<\/p>\n<p>D\u00fczenli ya\u011flama, sorunsuz \u00e7al\u0131\u015fmay\u0131 sa\u011flamak i\u00e7in de \u00e7ok \u00f6nemlidir. Dahili bile\u015fenlerin ya\u011flanmas\u0131n\u0131 sa\u011flamak, s\u00fcrt\u00fcnme ve a\u015f\u0131nmay\u0131 \u00f6nlemek i\u00e7in d\u00fczenli olarak yeterli miktarda hidrolik ya\u011f enjekte edilmelidir. Silindir performans\u0131n\u0131 ve \u00f6mr\u00fcn\u00fc korumak i\u00e7in belirli bir ya\u011flama program\u0131na uymak \u015fartt\u0131r.<\/p>\n<h2>\u00d6nleyici Bak\u0131m \u00d6nlemleri<\/h2>\n<ul>\n<li><strong>D\u00fczenli Denetimler:<\/strong> Rutin kontroller yapmak, olas\u0131 sorunlar\u0131n b\u00fcy\u00fcmeden \u00f6nce tespit edilmesine yard\u0131mc\u0131 olur. Silindirin optimum \u015fekilde \u00e7al\u0131\u015ft\u0131\u011f\u0131ndan emin olmak i\u00e7in a\u015f\u0131nma, s\u0131z\u0131nt\u0131 ve par\u00e7a a\u015f\u0131nmas\u0131 belirtilerini kontrol edin.<\/li>\n<li><strong>Uygun Ya\u011flama:<\/strong> Silindirin her zaman uygun \u015fekilde ya\u011fland\u0131\u011f\u0131ndan emin olun. Performans\u0131 korumak i\u00e7in \u00f6nerilen hidrolik ya\u011f\u0131 kullan\u0131n ve ya\u011flama program\u0131n\u0131 takip edin.<\/li>\n<li><strong>Conta De\u011fi\u015fimi:<\/strong> Contalar, muayene sonu\u00e7lar\u0131na g\u00f6re periyodik olarak de\u011fi\u015ftirilmelidir. A\u015f\u0131nm\u0131\u015f contalar, s\u0131v\u0131 s\u0131z\u0131nt\u0131s\u0131na yol a\u00e7arak hidrolik sistemin verimlili\u011fini etkileyebilir ve potansiyel olarak hasara neden olabilir.<\/li>\n<\/ul>\n<h2>Kurulum Talimatlar\u0131<\/h2>\n<p>Optimum performans i\u00e7in bom silindirinin do\u011fru montaj\u0131 \u015fartt\u0131r. \u00d6ncelikle montaj braketlerinin temiz ve kal\u0131nt\u0131lardan ar\u0131nd\u0131r\u0131lm\u0131\u015f oldu\u011fundan emin olun. Silindiri montaj noktalar\u0131yla do\u011fru bir \u015fekilde hizalay\u0131n, b\u00f6ylece erken a\u015f\u0131nmaya yol a\u00e7abilecek hizalama hatalar\u0131n\u0131 \u00f6nleyin.<\/p>\n<p>Silindiri yerinde sabitlemek i\u00e7in uygun montaj donan\u0131m\u0131n\u0131 kullan\u0131n ve c\u0131vatalar\u0131 \u00fcreticinin talimatlar\u0131na g\u00f6re s\u0131kt\u0131\u011f\u0131n\u0131zdan emin olun. Kurulumdan sonra, kullanmadan \u00f6nce silindirin hizalamas\u0131n\u0131 ve i\u015flevselli\u011fini tekrar kontrol edin. Do\u011fru hizalama, silindirin sorunsuz ve verimli \u00e7al\u0131\u015fmas\u0131n\u0131 sa\u011flayarak a\u015f\u0131nmay\u0131 en aza indirir ve \u00f6mr\u00fcn\u00fc uzat\u0131r.<\/p>\n<h2>Yayg\u0131n Bak\u0131m G\u00f6revleri<\/h2>\n<h3>D\u00fczenli Denetimler<\/h3>\n<p>Bom silindirinin performans\u0131n\u0131 ve g\u00fcvenli\u011fini korumak i\u00e7in d\u00fczenli kontroller yapmak hayati \u00f6nem ta\u015f\u0131r. \u00c7al\u0131\u015fma s\u0131ras\u0131nda s\u0131v\u0131 s\u0131z\u0131nt\u0131s\u0131, a\u015f\u0131nma ve ola\u011fand\u0131\u015f\u0131 ses belirtilerine dikkat edin. D\u00fczenli de\u011ferlendirmeler, operat\u00f6rlerin sorunlar\u0131 erken tespit etmesini ve maliyetli onar\u0131mlar\u0131 \u00f6nlemesini sa\u011flar.<\/p>\n<h3>Uygun Ya\u011flama<\/h3>\n<p>Hidrolik silindirin yeterli ya\u011flanmas\u0131, a\u015f\u0131nma ve y\u0131pranmay\u0131 \u00f6nlemek i\u00e7in \u00e7ok \u00f6nemlidir. Ya\u011flama seviyelerinin d\u00fczenli olarak kontrol edilmesi ve gerekti\u011finde hidrolik ya\u011f uygulanmas\u0131, sorunsuz \u00e7al\u0131\u015fman\u0131n anahtar\u0131d\u0131r. Yeterli ya\u011flama, hareketli par\u00e7alar aras\u0131ndaki s\u00fcrt\u00fcnmeyi azaltarak silindir \u00f6mr\u00fcn\u00fc uzatabilir.<\/p>\n<h3>Conta De\u011fi\u015fimi<\/h3>\n<p>Contalar, periyodik olarak de\u011fi\u015ftirilmesi gereken kritik bile\u015fenlerdir. Contalar\u0131n durumunu d\u00fczenli olarak kontrol edin ve herhangi bir a\u015f\u0131nma veya hasar belirtisi tespit ederseniz de\u011fi\u015ftirin. Contalar\u0131n iyi durumda olmas\u0131, hidrolik s\u0131v\u0131 s\u0131z\u0131nt\u0131s\u0131n\u0131 \u00f6nler ve sistem i\u00e7indeki bas\u0131nc\u0131 koruyarak verimli \u00e7al\u0131\u015fmay\u0131 destekler.<\/p>\n<p><img decoding=\"async\" src=\"https:\/\/www.hydraulic-cylinders.net\/wp-content\/uploads\/2025\/04\/songte-chushion-collar.webp\" alt=\"Hidrolik Silindir Par\u00e7alar\u0131\" \/><\/p>\n<h2>G\u00fcvenlik Hususlar\u0131 ve \u00c7evresel Fakt\u00f6rler<\/h2>\n<p>Hidrolik silindirlerle \u00e7al\u0131\u015f\u0131rken g\u00fcvenlik \u00f6nlemleri son derece \u00f6nemlidir. Operat\u00f6rler, y\u00fcksek bas\u0131n\u00e7l\u0131 sistemlerle ili\u015fkili potansiyel tehlikelerin fark\u0131nda olmal\u0131d\u0131r. Riskleri en aza indirmek i\u00e7in g\u00fcvenli \u00e7al\u0131\u015fma, acil durum prosed\u00fcrleri ve g\u00fcvenlik protokollerine uyum konusunda uygun e\u011fitim \u015fartt\u0131r.<\/p>\n<p>Ayr\u0131ca, \u00e7evresel fakt\u00f6rler de g\u00f6z \u00f6n\u00fcnde bulundurulmal\u0131d\u0131r. Hidrolik s\u0131v\u0131lar\u0131n uygun \u015fekilde i\u015flenmesi ve bertaraf edilmesi hem \u00e7evreyi hem de \u00e7al\u0131\u015fan g\u00fcvenli\u011fini korur. S\u0131z\u0131nt\u0131 \u00f6nleme stratejilerinin uygulanmas\u0131 ve \u00e7evre dostu uygulamalara uyulmas\u0131, genel g\u00fcvenli\u011fi ve s\u00fcrd\u00fcr\u00fclebilirli\u011fi art\u0131r\u0131r.<\/p>\n<h2>Ar\u0131za Te\u015fhisi ve Yayg\u0131n Sorunlar<\/h2>\n<ul>\n<li><strong>S\u0131v\u0131 S\u0131z\u0131nt\u0131lar\u0131:<\/strong> S\u0131v\u0131 s\u0131z\u0131nt\u0131lar\u0131 genellikle a\u015f\u0131nm\u0131\u015f contalar\u0131n veya hasarl\u0131 bile\u015fenlerin bir i\u015faretidir. Operasyonel sorunlar\u0131 \u00f6nlemek i\u00e7in d\u00fczenli kontrol ve zaman\u0131nda conta de\u011fi\u015fimi \u00e7ok \u00f6nemlidir.<\/li>\n<li><strong>D\u00fc\u015f\u00fck Performans:<\/strong> Silindir d\u00fczg\u00fcn bir \u015fekilde a\u00e7\u0131l\u0131p kapanm\u0131yorsa, bu durum d\u00fc\u015f\u00fck hidrolik s\u0131v\u0131s\u0131 seviyelerinin veya i\u00e7 hasar\u0131n g\u00f6stergesi olabilir. Sorunu tespit edip \u00e7\u00f6zmek i\u00e7in s\u0131v\u0131 seviyelerinin kontrol edilmesi ve kapsaml\u0131 incelemeler yap\u0131lmas\u0131 gerekir.<\/li>\n<li><strong>Al\u0131\u015f\u0131lmad\u0131k Sesler:<\/strong> \u00c7al\u0131\u015fma s\u0131ras\u0131nda herhangi bir anormal ses, mekanik bir soruna i\u015faret ediyor olabilir. G\u00fcr\u00fclt\u00fcn\u00fcn kayna\u011f\u0131n\u0131 derhal ara\u015ft\u0131rmak, daha fazla hasar\u0131 \u00f6nleyebilir ve g\u00fcvenli\u011fi sa\u011flayabilir.<\/li>\n<\/ul>\n<h2>Sorun Giderme \u0130pu\u00e7lar\u0131<\/h2>\n<p>Sorunlar\u0131 etkili bir \u015fekilde te\u015fhis edip \u00e7\u00f6zmek i\u00e7in operat\u00f6rler sistematik bir yakla\u015f\u0131m izlemelidir. S\u0131z\u0131nt\u0131 veya hizalama hatas\u0131 gibi belirgin sorunlar\u0131 tespit etmek i\u00e7in g\u00f6rsel bir incelemeyle ba\u015flay\u0131n. Ard\u0131ndan, hidrolik s\u0131v\u0131 seviyelerini kontrol edin ve bas\u0131nc\u0131 korumak i\u00e7in gerekirse s\u0131v\u0131 takviyesi yap\u0131n. Ola\u011fand\u0131\u015f\u0131 sesler i\u00e7in, silindiri herhangi bir i\u00e7 a\u015f\u0131nma veya hasar belirtisi a\u00e7\u0131s\u0131ndan incelemeyi d\u00fc\u015f\u00fcn\u00fcn.<\/p>\n<p>D\u00fczenli bak\u0131m ve denetimler gibi \u00f6nleyici tedbirlerin uygulanmas\u0131, olas\u0131 sorunlar\u0131n olas\u0131l\u0131\u011f\u0131n\u0131 \u00f6nemli \u00f6l\u00e7\u00fcde azaltabilir. Rutin bir bak\u0131m program\u0131 olu\u015fturmak, hidrolik silindirin optimum durumda kalmas\u0131na yard\u0131mc\u0131 olacak, ar\u0131za s\u00fcresini ve onar\u0131m maliyetlerini en aza indirecektir.<\/p>\n<p><img decoding=\"async\" src=\"https:\/\/www.hydraulic-cylinders.net\/wp-content\/uploads\/2025\/04\/songte-bushings-with-all-kinds-of-excavator-models.webp\" alt=\"Ekskavat\u00f6r Bur\u00e7lar\u0131\" \/><\/p>\n<h2>\u015eirketimiz Hakk\u0131nda<\/h2>\n<p>Yedek hidrolik silindir \u00fcretiminde lider bir \u00fcreticiyiz ve hem yurt i\u00e7i hem de yurt d\u0131\u015f\u0131 pazarlara hitap eden geni\u015f bir \u00fcr\u00fcn yelpazesi sunuyoruz. Kalite ve hassas \u00fcretimdeki m\u00fckemmellik taahh\u00fcd\u00fcm\u00fcz, bizi hidrolik silindir sekt\u00f6r\u00fcnde \u00f6nde gelen bir tedarik\u00e7i haline getirmi\u015ftir.<\/p>\n<p>Son teknoloji \u00fcretim tesislerimizde, \u00fcretim kapasitemizi art\u0131rmak i\u00e7in ileri teknolojiler ve yetenekli profesyoneller kullan\u0131yoruz. Her \u00fcr\u00fcn\u00fcn en y\u00fcksek sekt\u00f6r standartlar\u0131n\u0131 kar\u015f\u0131lad\u0131\u011f\u0131ndan emin olmak i\u00e7in s\u0131k\u0131 kalite kontrol s\u00fcre\u00e7lerine ve uluslararas\u0131 sertifikalara ba\u011fl\u0131 kal\u0131yoruz. Ayr\u0131ca, m\u00fc\u015fterilerimizin \u00f6zel ihtiya\u00e7lar\u0131n\u0131 kar\u015f\u0131lamak i\u00e7in \u00f6zelle\u015ftirilmi\u015f \u00e7\u00f6z\u00fcmler sunuyoruz.<\/p>\n<p>Sat\u0131\u015f sonras\u0131 hizmetlerimiz, m\u00fc\u015fterilerimize s\u00fcrekli destek sunarak, sat\u0131n alma i\u015fleminden sonra bile ihtiya\u00e7lar\u0131n\u0131n kar\u015f\u0131lanmas\u0131n\u0131 sa\u011flamay\u0131 ama\u00e7lamaktad\u0131r. Profesyonel ekibimiz, her t\u00fcrl\u00fc soru, onar\u0131m veya de\u011fi\u015fim konusunda size yard\u0131mc\u0131 olmaya her zaman haz\u0131rd\u0131r.<\/p>\n<p><img decoding=\"async\" src=\"https:\/\/www.hydraulic-cylinders.net\/wp-content\/uploads\/2025\/04\/songte-company-4.webp\" alt=\"\u015eirket Genel Bak\u0131\u015f\u0131\" \/><br \/>\n<img decoding=\"async\" src=\"https:\/\/www.hydraulic-cylinders.net\/wp-content\/uploads\/2025\/04\/songte-company-3.webp\" alt=\"\u00dcretim Tesisi\" \/><\/p>\n<p>Yazar: lyl<\/p>","protected":false},"excerpt":{"rendered":"<p>Boom Cylinder For Caterpillar Small Excavator E305ECR Product Overview The Boom Cylinder for Caterpillar Small Excavator E305ECR is an essential hydraulic component that plays a pivotal role in the functionality of heavy machinery. This type of hydraulic cylinder is specifically designed to control the movements of excavator buckets, allowing operators to lift, lower, and tilt [&hellip;]<\/p>","protected":false},"featured_media":17877,"comment_status":"open","ping_status":"closed","template":"","meta":{"_et_pb_use_builder":"","_et_pb_old_content":"","_et_gb_content_width":""},"product_brand":[],"product_cat":[1546],"product_tag":[1547,1496],"class_list":{"0":"post-18920","1":"product","2":"type-product","3":"status-publish","4":"has-post-thumbnail","6":"product_cat-boom-cylinders","7":"product_tag-boom-cylinders","8":"product_tag-hydraulic-cylinders","10":"first","11":"instock","12":"shipping-taxable","13":"product-type-simple"},"amp_enabled":true,"_links":{"self":[{"href":"https:\/\/www.hydraulic-cylinders.net\/tr\/wp-json\/wp\/v2\/product\/18920","targetHints":{"allow":["GET"]}}],"collection":[{"href":"https:\/\/www.hydraulic-cylinders.net\/tr\/wp-json\/wp\/v2\/product"}],"about":[{"href":"https:\/\/www.hydraulic-cylinders.net\/tr\/wp-json\/wp\/v2\/types\/product"}],"replies":[{"embeddable":true,"href":"https:\/\/www.hydraulic-cylinders.net\/tr\/wp-json\/wp\/v2\/comments?post=18920"}],"wp:featuredmedia":[{"embeddable":true,"href":"https:\/\/www.hydraulic-cylinders.net\/tr\/wp-json\/wp\/v2\/media\/17877"}],"wp:attachment":[{"href":"https:\/\/www.hydraulic-cylinders.net\/tr\/wp-json\/wp\/v2\/media?parent=18920"}],"wp:term":[{"taxonomy":"product_brand","embeddable":true,"href":"https:\/\/www.hydraulic-cylinders.net\/tr\/wp-json\/wp\/v2\/product_brand?post=18920"},{"taxonomy":"product_cat","embeddable":true,"href":"https:\/\/www.hydraulic-cylinders.net\/tr\/wp-json\/wp\/v2\/product_cat?post=18920"},{"taxonomy":"product_tag","embeddable":true,"href":"https:\/\/www.hydraulic-cylinders.net\/tr\/wp-json\/wp\/v2\/product_tag?post=18920"}],"curies":[{"name":"wp","href":"https:\/\/api.w.org\/{rel}","templated":true}]}}