{"id":18926,"date":"2025-04-07T06:02:34","date_gmt":"2025-04-07T06:02:34","guid":{"rendered":"https:\/\/www.hydraulic-cylinders.net\/product\/boom-cylinder-for-caterpillar-small-excavator-e306ez\/"},"modified":"2025-04-07T06:02:37","modified_gmt":"2025-04-07T06:02:37","slug":"boom-cylinder-for-caterpillar-small-excavator-e306ez","status":"publish","type":"product","link":"https:\/\/www.hydraulic-cylinders.net\/tr\/urun\/boom-cylinder-for-caterpillar-small-excavator-e306ez\/","title":{"rendered":"Caterpillar E306EZ K\u00fc\u00e7\u00fck Ekskavat\u00f6r \u0130\u00e7in Bom Silindiri"},"content":{"rendered":"<h1>Caterpillar E306EZ K\u00fc\u00e7\u00fck Ekskavat\u00f6r \u0130\u00e7in Bom Silindiri<\/h1>\n<h2>\u00dcr\u00fcn Genel Bak\u0131\u015f\u0131<\/h2>\n<p>Caterpillar E306EZ k\u00fc\u00e7\u00fck ekskavat\u00f6r i\u00e7in bom silindiri, \u00e7e\u015fitli a\u011f\u0131r makinelerde bom hareketini kontrol etmek \u00fczere \u00f6zel olarak tasarlanm\u0131\u015f, hidrolik sistemlerde kritik bir bile\u015fendir. Bu silindirler, ekskavat\u00f6r\u00fcn bomunun y\u00fckselmesini, al\u00e7almas\u0131n\u0131 ve e\u011filmesini sa\u011flayarak verimli malzeme ta\u015f\u0131ma g\u00f6revlerini kolayla\u015ft\u0131r\u0131r. Kep\u00e7e silindiri, ekskavat\u00f6rlerin, kaz\u0131c\u0131 y\u00fckleyicilerin ve \u00f6n y\u00fckleyicilerin \u00e7al\u0131\u015fmas\u0131nda hayati bir rol oynayan ve makinenin i\u015flemlerinin hassas bir \u015fekilde kontrol edilmesini sa\u011flayan bir hidrolik silindir t\u00fcr\u00fcd\u00fcr.<\/p>\n<p><img decoding=\"async\" src=\"https:\/\/www.hydraulic-cylinders.net\/wp-content\/uploads\/2025\/04\/songte-company-1.webp\" alt=\"Bom Silindiri\"><\/p>\n<h2>Temel \u00d6zellikler<\/h2>\n<ul>\n<li><strong>Y\u00fcksek Dayan\u0131kl\u0131l\u0131k ve Dayan\u0131kl\u0131l\u0131k:<\/strong> Genellikle y\u00fcksek mukavemetli \u00e7elik veya al\u00fcminyumdan \u00fcretilen bu silindirler, y\u00fcksek bas\u0131nca ve a\u011f\u0131r y\u00fcklere dayanabilir. Zorlu \u00e7al\u0131\u015fma ko\u015fullar\u0131na dayanacak \u015fekilde tasarlanm\u0131\u015f olup, a\u015f\u0131nma direnci ve korozyon korumas\u0131 sayesinde uzun \u00f6m\u00fcrl\u00fcl\u00fck sa\u011flarlar.<\/li>\n<li><strong>Verimli Hidrolik \u00c7al\u0131\u015fma:<\/strong> Hidrolik ya\u011f bas\u0131nc\u0131ndan yararlanan bom silindirleri, sorunsuz uzatma ve geri \u00e7ekme sa\u011flar. Kontrol komutlar\u0131na h\u0131zl\u0131 yan\u0131t vererek, a\u011f\u0131r malzemelerin ve karma\u015f\u0131k i\u015flerin ta\u015f\u0131nmas\u0131 i\u00e7in ideal olan g\u00fc\u00e7l\u00fc itme ve \u00e7ekme kuvvetleri sunarlar.<\/li>\n<li><strong>\u00c7e\u015fitli T\u00fcrler:<\/strong> Bom silindirleri, tek y\u00f6nl\u00fc (tek y\u00f6nde \u00e7al\u0131\u015fan) ve \u00e7ift y\u00f6nl\u00fc (iki y\u00f6nde \u00e7al\u0131\u015fan) se\u00e7enekler de dahil olmak \u00fczere \u00e7e\u015fitli tiplerde mevcuttur. Baz\u0131 modellerde, d\u0131\u015f boyutlar\u0131 art\u0131rmadan daha fazla uzatmaya olanak tan\u0131yan teleskopik tasar\u0131mlar bulunur ve bu da alan k\u0131s\u0131tlamal\u0131 uygulamalar i\u00e7in uygundur.<\/li>\n<li><strong>\u00d6zel \u00dcretim:<\/strong> \u00dcr\u00fcnlerimiz hassasiyetle \u00fcretilmekte olup mevcut hidrolik silindirlerin yerini m\u00fckemmel bir \u015fekilde alarak sorunsuz entegrasyon ve performans sa\u011flamaktad\u0131r.<\/li>\n<li><strong>Kalite G\u00fcvencesi:<\/strong> Her bir silindir titiz kalite kontrollerinden ge\u00e7er ve end\u00fcstri standartlar\u0131na uyar; bu da \u00e7e\u015fitli uygulamalarda g\u00fcvenilirlik ve optimum performans sa\u011flar.<\/li>\n<\/ul>\n<p><img decoding=\"async\" src=\"https:\/\/www.hydraulic-cylinders.net\/wp-content\/uploads\/2025\/04\/songte-cylinder-head-with-all-kinds-excavator-models.webp\" alt=\"Caterpillar Ekskavat\u00f6r Modelleri\"><\/p>\n<h2>Uygulama Senaryolar\u0131<\/h2>\n<h3>\u0130n\u015faat Ekipmanlar\u0131<\/h3>\n<p>Ekskavat\u00f6r gibi in\u015faat ekipmanlar\u0131nda, bom silindirleri kazma, y\u00fckleme ve toprak veya moloz ta\u015f\u0131ma i\u015flemlerinde hayati \u00f6neme sahiptir. Bomun d\u00f6nebilmesini ve \u00e7e\u015fitli a\u00e7\u0131lara ula\u015fabilmesini sa\u011flayan bu \u00f6zellik, ekskavat\u00f6r\u00fcn operasyonel \u00e7ok y\u00f6nl\u00fcl\u00fc\u011f\u00fcn\u00fc art\u0131r\u0131r. Kaz\u0131c\u0131 y\u00fckleyicilerde ise bom silindiri sadece kazmaya yard\u0131mc\u0131 olmakla kalmaz, ayn\u0131 zamanda a\u011f\u0131r y\u00fcklerin kald\u0131r\u0131lmas\u0131na da yard\u0131mc\u0131 olarak makinenin vazge\u00e7ilmez bir par\u00e7as\u0131 haline gelir.<\/p>\n<h3>Tar\u0131m Makinalar\u0131<\/h3>\n<p>Tar\u0131mda, \u00f6n y\u00fckleyiciler, toprak, saman ve di\u011fer malzemeleri kep\u00e7elemek, kald\u0131rmak ve ta\u015f\u0131mak i\u00e7in bom silindirleri kullan\u0131r. Bu silindirlerin sundu\u011fu hassas kontrol, \u00e7ift\u00e7ilerin tah\u0131l y\u00fcklemekten tarlalar\u0131 temizlemeye kadar g\u00f6revlerini verimli bir \u015fekilde y\u00f6netmelerini sa\u011flar.<\/p>\n<h3>Ekskavat\u00f6rler<\/h3>\n<p>Ekskavat\u00f6rlerde, bom silindiri, kep\u00e7enin topra\u011fa n\u00fcfuz etmesini sa\u011flayarak kazma i\u015flemini kolayla\u015ft\u0131r\u0131r. Bu \u00f6zellik, \u015fantiyelerde verimlili\u011fin korunmas\u0131, kaz\u0131 i\u015flerinin daha h\u0131zl\u0131 tamamlanmas\u0131 ve genel operasyonel verimlili\u011fin art\u0131r\u0131lmas\u0131 i\u00e7in \u00e7ok \u00f6nemlidir.<\/p>\n<h3>Y\u00fckleyiciler<\/h3>\n<p>\u00d6n y\u00fckleyicilerde, bom silindirleri y\u00fckleri etkili bir \u015fekilde kald\u0131rmaktan ve devirmekten sorumludur. Bu i\u015flev, \u00e7ak\u0131l, kum veya in\u015faat molozu gibi malzemelerin ta\u015f\u0131nmas\u0131 i\u00e7in hayati \u00f6neme sahiptir ve y\u00fckleyiciyi in\u015faat ve peyzaj projelerinde \u00e7ok y\u00f6nl\u00fc bir ara\u00e7 haline getirir.<\/p>\n<h2>Tasar\u0131m Hususlar\u0131 ve Se\u00e7im Kriterleri<\/h2>\n<h3>Y\u00fck Kapasitesi<\/h3>\n<p>Bom silindirinin y\u00fck ta\u015f\u0131ma kapasitesi, silindirin g\u00fcvenli bir \u015fekilde ta\u015f\u0131yabilece\u011fi maksimum a\u011f\u0131rl\u0131\u011f\u0131 belirledi\u011fi i\u00e7in kritik bir tasar\u0131m unsurudur. \u00dcreticiler, hem statik hem de dinamik y\u00fckleri dikkate alarak silindirin kullan\u0131m amac\u0131na uygun olarak derecelendirildi\u011finden emin olmal\u0131d\u0131r. A\u015f\u0131r\u0131 y\u00fckleme, erken ar\u0131zaya yol a\u00e7abilir; bu da se\u00e7im s\u00fcrecinde do\u011fru y\u00fck de\u011ferlendirmelerinin \u00f6nemini vurgular.<\/p>\n<h3>S\u0131zd\u0131rmazl\u0131k<\/h3>\n<p>Hidrolik silindirlerde s\u0131v\u0131 s\u0131z\u0131nt\u0131s\u0131n\u0131 \u00f6nlemek ve performans\u0131 korumak i\u00e7in etkili s\u0131zd\u0131rmazl\u0131k \u015fartt\u0131r. Poli\u00fcretan veya nitril kau\u00e7uk gibi dayan\u0131kl\u0131 malzemelerden \u00fcretilen piston contalar\u0131 ve mil contalar\u0131 gibi y\u00fcksek kaliteli contalar, uzun \u00f6m\u00fcrl\u00fc i\u015flevselli\u011fi sa\u011flamak i\u00e7in \u00e7ok \u00f6nemlidir. Do\u011fru s\u0131zd\u0131rmazl\u0131k tasar\u0131m\u0131, a\u015f\u0131nmay\u0131 en aza indirir ve hidrolik sistemin genel g\u00fcvenilirli\u011fini art\u0131r\u0131r.<\/p>\n<h3>Dayan\u0131kl\u0131l\u0131k<\/h3>\n<p>Bom silindirleri i\u00e7in dayan\u0131kl\u0131l\u0131k, \u00f6zellikle \u00e7al\u0131\u015ft\u0131klar\u0131 zorlu ortamlar g\u00f6z \u00f6n\u00fcne al\u0131nd\u0131\u011f\u0131nda, son derece \u00f6nemlidir. Malzeme se\u00e7imi, y\u00fczey i\u015flemi ve tasar\u0131m geometrisi gibi fakt\u00f6rler, bir silindirin a\u015f\u0131nmaya, yorulmaya ve \u00e7evresel streslere kar\u015f\u0131 dayan\u0131kl\u0131l\u0131\u011f\u0131na katk\u0131da bulunur. \u00dcreticiler, a\u015f\u0131nmaya ve korozyona kar\u015f\u0131 direnci art\u0131rmak ve uzun hizmet \u00f6mr\u00fc sa\u011flamak i\u00e7in genellikle geli\u015fmi\u015f kaplamalar ve malzemeler kullan\u0131rlar.<\/p>\n<h3>Emniyet<\/h3>\n<p>Operat\u00f6rleri ve makineleri korumak i\u00e7in bom silindirlerinin tasar\u0131m\u0131na g\u00fcvenlik \u00f6zellikleri entegre edilmelidir. Bu, y\u00fck alt\u0131nda silindir ar\u0131zas\u0131n\u0131 \u00f6nleyen tasar\u0131m unsurlar\u0131n\u0131n yan\u0131 s\u0131ra do\u011fru kurulum ve \u00e7al\u0131\u015fmay\u0131 sa\u011flayan mekanizmalar\u0131 da i\u00e7erir. Potansiyel g\u00fcvenlik sorunlar\u0131n\u0131n b\u00fcy\u00fcmeden \u00f6nce belirlenmesi i\u00e7in d\u00fczenli bak\u0131m ve denetimler de \u00e7ok \u00f6nemlidir.<\/p>\n<h3>Bak\u0131m kolayl\u0131\u011f\u0131<\/h3>\n<p>Bak\u0131m kolayl\u0131\u011f\u0131na y\u00f6nelik tasar\u0131m, bak\u0131m\u0131 ve onar\u0131m\u0131 kolay olan bom silindirleri olu\u015fturmay\u0131 i\u00e7erir. Bu, contalara, rulmanlara ve rutin bak\u0131m gerektirebilecek di\u011fer bile\u015fenlere kolay eri\u015fimi de kapsar. Bak\u0131m prosed\u00fcrleri i\u00e7in net y\u00f6nergeler sa\u011flamak, hidrolik silindirin \u00f6mr\u00fcn\u00fc \u00f6nemli \u00f6l\u00e7\u00fcde uzatabilir ve tutarl\u0131 performans sa\u011flayabilir.<\/p>\n<p><img decoding=\"async\" src=\"https:\/\/www.hydraulic-cylinders.net\/wp-content\/uploads\/2025\/04\/songte-oil-pipes-and-spare-parts.webp\" alt=\"Hidrolik Par\u00e7alar\"><\/p>\n<h2>S\u0131zd\u0131rmazl\u0131k ve Ya\u011flama<\/h2>\n<p>Bom silindirlerinin uzun \u00f6m\u00fcrl\u00fcl\u00fc\u011f\u00fc ve verimli \u00e7al\u0131\u015fmas\u0131 i\u00e7in uygun s\u0131zd\u0131rmazl\u0131k ve ya\u011flama hayati \u00f6nem ta\u015f\u0131r. Piston contalar\u0131 ve mil contalar\u0131 da dahil olmak \u00fczere \u00e7e\u015fitli s\u0131zd\u0131rmazl\u0131k elemanlar\u0131, hidrolik s\u0131v\u0131n\u0131n s\u0131zmas\u0131n\u0131 \u00f6nlemek ve silindire kirleticilerin girmesini engellemek i\u00e7in kullan\u0131l\u0131r. Poli\u00fcretan ve nitril kau\u00e7uk gibi a\u015f\u0131nmaya dayan\u0131kl\u0131 malzemelerden yap\u0131lan contalar, dayan\u0131kl\u0131l\u0131klar\u0131 nedeniyle yayg\u0131n olarak tercih edilir. Ayr\u0131ca, silindir g\u00f6vdesi ve di\u015fli u\u00e7 y\u00fczeyleri, a\u015f\u0131nma direncini art\u0131rmak i\u00e7in ince bir i\u015flemden ge\u00e7irilir.<\/p>\n<p>Hidrolik ya\u011f ile d\u00fczenli ya\u011flama, optimum performans\u0131 korumak i\u00e7in \u015fartt\u0131r. Do\u011fru ya\u011flama, hareketli par\u00e7alar aras\u0131ndaki s\u00fcrt\u00fcnmeyi azaltarak erken a\u015f\u0131nmay\u0131 \u00f6nler ve sorunsuz \u00e7al\u0131\u015fmay\u0131 sa\u011flar. Hidrolik s\u0131v\u0131 seviyelerini kontrol etme ve tamamlama konusunda bir rutin olu\u015fturmak, silindirin genel verimlili\u011fini ve dayan\u0131kl\u0131l\u0131\u011f\u0131n\u0131 \u00f6nemli \u00f6l\u00e7\u00fcde etkileyebilir.<\/p>\n<h2>\u00d6nleyici Bak\u0131m \u00d6nlemleri<\/h2>\n<ul>\n<li><strong>D\u00fczenli Denetimler:<\/strong> A\u015f\u0131nma, s\u0131z\u0131nt\u0131 veya hasar belirtilerini tespit etmek i\u00e7in d\u00fczenli kontroller yap\u0131n. \u00c7al\u0131\u015fma s\u0131ras\u0131nda ola\u011fand\u0131\u015f\u0131 sesler olup olmad\u0131\u011f\u0131n\u0131 kontrol edin; bu, i\u00e7 sorunlara i\u015faret edebilir.<\/li>\n<li><strong>Ya\u011flama Kontrolleri:<\/strong> Yeterli ya\u011flamay\u0131 sa\u011flamak i\u00e7in hidrolik s\u0131v\u0131 seviyelerini d\u00fczenli olarak kontrol edin ve gerekti\u011finde tamamlayarak kuru \u00e7al\u0131\u015fmay\u0131 \u00f6nleyin.<\/li>\n<li><strong>Conta De\u011fi\u015fimleri:<\/strong> Contalar\u0131n a\u015f\u0131nma belirtilerini kontrol edin ve verimlili\u011fi korumak ve s\u0131z\u0131nt\u0131lar\u0131 \u00f6nlemek i\u00e7in derhal de\u011fi\u015ftirin.<\/li>\n<\/ul>\n<h2>Kurulum Talimatlar\u0131<\/h2>\n<p>Bom silindirinin do\u011fru montaj\u0131, optimum performans i\u00e7in \u00e7ok \u00f6nemlidir. \u0130\u015flemine, silindiri montaj braketleriyle hizalayarak ba\u015flay\u0131n ve gereksiz gerilimi \u00f6nlemek i\u00e7in t\u00fcm bile\u015fenlerin do\u011fru \u015fekilde hizaland\u0131\u011f\u0131ndan emin olun. Silindiri yerinde sabitlemek i\u00e7in uygun montaj braketleri kullan\u0131n; bu, \u00e7al\u0131\u015fma s\u0131ras\u0131nda konumunu korumas\u0131na yard\u0131mc\u0131 olacakt\u0131r.<\/p>\n<p>G\u00fcvenli bir ba\u011flant\u0131 sa\u011flamak i\u00e7in tork ayarlar\u0131 ve ba\u011flant\u0131 elemanlar\u0131 konusunda \u00fcreticinin spesifikasyonlar\u0131na uyun. Hidrolik hatlar\u0131n do\u011fru \u015fekilde ba\u011fland\u0131\u011f\u0131ndan ve b\u00fck\u00fclme veya t\u0131kan\u0131kl\u0131k olmad\u0131\u011f\u0131ndan emin olmak da \u00e7ok \u00f6nemlidir. Kurulumdan sonra, tam \u00e7al\u0131\u015ft\u0131rmadan \u00f6nce herhangi bir s\u0131z\u0131nt\u0131 veya anormallik olup olmad\u0131\u011f\u0131n\u0131 kontrol ederek sistemin d\u00fczg\u00fcn \u00e7al\u0131\u015f\u0131p \u00e7al\u0131\u015fmad\u0131\u011f\u0131n\u0131 test edin.<\/p>\n<h2>Yayg\u0131n Bak\u0131m G\u00f6revleri<\/h2>\n<ul>\n<li><strong>D\u00fczenli Denetimler:<\/strong> A\u015f\u0131nma ve hasar\u0131 tespit etmek i\u00e7in incelemeler yap\u0131n. Bu proaktif \u00f6nlem, felaketle sonu\u00e7lanabilecek ar\u0131zalar\u0131n \u00f6nlenmesine yard\u0131mc\u0131 olabilir.<\/li>\n<li><strong>Uygun Ya\u011flama:<\/strong> S\u00fcrt\u00fcnmeyi ve a\u015f\u0131nmay\u0131 en aza indirmek i\u00e7in hidrolik ya\u011f seviyelerinin korunmas\u0131n\u0131 ve d\u00fczenli aral\u0131klarla ya\u011flama yap\u0131lmas\u0131n\u0131 sa\u011flay\u0131n.<\/li>\n<li><strong>Conta De\u011fi\u015fimi:<\/strong> S\u0131z\u0131nt\u0131lar\u0131 \u00f6nlemek ve sistem b\u00fct\u00fcnl\u00fc\u011f\u00fcn\u00fc korumak i\u00e7in contalar\u0131 d\u00fczenli olarak a\u015f\u0131nma a\u00e7\u0131s\u0131ndan kontrol edin ve gerekirse de\u011fi\u015ftirin.<\/li>\n<\/ul>\n<h2>G\u00fcvenlik Hususlar\u0131 ve \u00c7evresel Fakt\u00f6rler<\/h2>\n<p>Hidrolik silindirlerin kullan\u0131m\u0131nda g\u00fcvenlik \u00f6nlemleri son derece \u00f6nemlidir. Operat\u00f6rler, potansiyel tehlikeleri tan\u0131mak ve \u00e7al\u0131\u015fma ve bak\u0131m s\u0131ras\u0131nda g\u00fcvenlik protokollerine uymak \u00fczere e\u011fitilmelidir. Bu, bom silindirinin a\u015f\u0131r\u0131 y\u00fcklenmemesini ve t\u00fcm g\u00fcvenlik cihazlar\u0131n\u0131n i\u015flevsel olmas\u0131n\u0131 sa\u011flamay\u0131 i\u00e7erir. Ayr\u0131ca, malzeme se\u00e7imi ve silindir tasar\u0131m\u0131 yap\u0131l\u0131rken s\u0131cakl\u0131k de\u011fi\u015fimleri ve a\u015f\u0131nd\u0131r\u0131c\u0131 maddelere maruz kalma gibi \u00e7evresel fakt\u00f6rler de dikkate al\u0131nmal\u0131d\u0131r.<\/p>\n<h2>Yayg\u0131n Sorunlar\u0131n Giderilmesi<\/h2>\n<ul>\n<li><strong>S\u0131z\u0131nt\u0131:<\/strong> Hidrolik silindirde s\u0131z\u0131nt\u0131 varsa, contalar\u0131 a\u015f\u0131nma veya hasar a\u00e7\u0131s\u0131ndan kontrol edin. Gerekti\u011finde contalar\u0131 de\u011fi\u015ftirin ve t\u00fcm ba\u011flant\u0131lar\u0131n s\u0131k\u0131 oldu\u011fundan emin olun.<\/li>\n<li><strong>Zay\u0131f Performans:<\/strong> Bu durum yetersiz ya\u011flama veya hidrolik s\u0131v\u0131s\u0131nda kirlenmeden kaynaklanabilir. S\u0131v\u0131 seviyelerini d\u00fczenli olarak kontrol edin ve kirlenmi\u015f s\u0131v\u0131y\u0131 de\u011fi\u015ftirin.<\/li>\n<li><strong>G\u00fcr\u00fclt\u00fcl\u00fc \u00c7al\u0131\u015fma:<\/strong> Ola\u011fand\u0131\u015f\u0131 sesler, i\u00e7 a\u015f\u0131nma veya yetersiz ya\u011flaman\u0131n bir g\u00f6stergesi olabilir. Sorunu te\u015fhis etmek ve d\u00fczeltici \u00f6nlemler almak i\u00e7in kapsaml\u0131 bir inceleme yap\u0131n.<\/li>\n<\/ul>\n<h2>Sorun Giderme \u0130pu\u00e7lar\u0131<\/h2>\n<p>Hidrolik silindirlerdeki sorunlar\u0131 etkili bir \u015fekilde te\u015fhis etmek ve gidermek i\u00e7in sistematik bir yakla\u015f\u0131m izlemek \u015fartt\u0131r. \u00d6ncelikle belirtileri belirleyin ve sorunlu b\u00f6lgeyi izole edin. S\u0131z\u0131nt\u0131lar\u0131 \u00f6nlemek ve performans\u0131 korumak i\u00e7in s\u0131v\u0131 seviyelerini ve contalar\u0131n durumunu d\u00fczenli olarak kontrol edin. Potansiyel sorun riskini en aza indirmek i\u00e7in rutin bak\u0131m ve kontroller gibi \u00f6nleyici tedbirler uygulay\u0131n.<\/p>\n<p><img decoding=\"async\" src=\"https:\/\/www.hydraulic-cylinders.net\/wp-content\/uploads\/2025\/04\/songte-bushings-with-all-kinds-of-excavator-models.webp\" alt=\"Ekskavat\u00f6r Bur\u00e7lar\u0131\"><\/p>\n<h2>\u015eirket Genel Bak\u0131\u015f\u0131<\/h2>\n<p>\u00d6nde gelen bir yedek hidrolik silindir \u00fcreticisi ve toptan da\u011f\u0131t\u0131c\u0131s\u0131 olarak, yerel ve uluslararas\u0131 pazar taleplerini kar\u015f\u0131lamak \u00fczere geni\u015f bir \u00fcr\u00fcn yelpazesi sunuyoruz. M\u00fckemmelli\u011fe olan ba\u011fl\u0131l\u0131\u011f\u0131m\u0131z, rafine \u00fcretim stratejilerimizde ve y\u00fcksek kaliteli \u00fcretim y\u00f6netimimizde a\u00e7\u0131k\u00e7a g\u00f6r\u00fclmektedir. Yetenekli teknisyenlerimiz ve dijital \u00fcretim ekipmanlar\u0131m\u0131zdan yararlanarak, \u00e7e\u015fitli m\u00fc\u015fteri ihtiya\u00e7lar\u0131n\u0131 y\u00fcksek verimlilik, hassasiyet ve kaliteyle kar\u015f\u0131lamak i\u00e7in \u00fcretim kapasitemizi s\u00fcrekli olarak geli\u015ftiriyoruz.<\/p>\n<p>Profesyonel yakla\u015f\u0131m\u0131m\u0131z, uluslararas\u0131 sertifikalar\u0131, \u00f6zel hizmetleri, geli\u015fmi\u015f \u00fcretim ekipmanlar\u0131n\u0131 ve kapsaml\u0131 sat\u0131\u015f sonras\u0131 deste\u011fi i\u00e7ermekte olup, m\u00fc\u015fterilerimizin sekt\u00f6rdeki en iyi \u00fcr\u00fcn ve hizmetleri almas\u0131n\u0131 sa\u011flamaktad\u0131r.<\/p>\n<p><img decoding=\"async\" src=\"https:\/\/www.hydraulic-cylinders.net\/wp-content\/uploads\/2025\/04\/songte-company-4.webp\" alt=\"\u015eirket Genel Bak\u0131\u015f\u0131\"><br \/>\n<img decoding=\"async\" src=\"https:\/\/www.hydraulic-cylinders.net\/wp-content\/uploads\/2025\/04\/songte-company-3.webp\" alt=\"\u00dcretim Ekipmanlar\u0131\"><\/p>\n<p>Yazar: lyl<\/p>","protected":false},"excerpt":{"rendered":"<p>Boom Cylinder For Caterpillar Small Excavator E306EZ Product Overview The Boom Cylinder for Caterpillar Small Excavator E306EZ is a critical component in hydraulic systems, specifically designed to control the movement of the boom in various heavy machinery. These cylinders enable the boom of an excavator to raise, lower, and tilt, facilitating efficient material handling tasks. [&hellip;]<\/p>","protected":false},"featured_media":17868,"comment_status":"open","ping_status":"closed","template":"","meta":{"_et_pb_use_builder":"","_et_pb_old_content":"","_et_gb_content_width":""},"product_brand":[],"product_cat":[1546],"product_tag":[1547,1496],"class_list":{"0":"post-18926","1":"product","2":"type-product","3":"status-publish","4":"has-post-thumbnail","6":"product_cat-boom-cylinders","7":"product_tag-boom-cylinders","8":"product_tag-hydraulic-cylinders","10":"first","11":"instock","12":"shipping-taxable","13":"product-type-simple"},"amp_enabled":true,"_links":{"self":[{"href":"https:\/\/www.hydraulic-cylinders.net\/tr\/wp-json\/wp\/v2\/product\/18926","targetHints":{"allow":["GET"]}}],"collection":[{"href":"https:\/\/www.hydraulic-cylinders.net\/tr\/wp-json\/wp\/v2\/product"}],"about":[{"href":"https:\/\/www.hydraulic-cylinders.net\/tr\/wp-json\/wp\/v2\/types\/product"}],"replies":[{"embeddable":true,"href":"https:\/\/www.hydraulic-cylinders.net\/tr\/wp-json\/wp\/v2\/comments?post=18926"}],"wp:featuredmedia":[{"embeddable":true,"href":"https:\/\/www.hydraulic-cylinders.net\/tr\/wp-json\/wp\/v2\/media\/17868"}],"wp:attachment":[{"href":"https:\/\/www.hydraulic-cylinders.net\/tr\/wp-json\/wp\/v2\/media?parent=18926"}],"wp:term":[{"taxonomy":"product_brand","embeddable":true,"href":"https:\/\/www.hydraulic-cylinders.net\/tr\/wp-json\/wp\/v2\/product_brand?post=18926"},{"taxonomy":"product_cat","embeddable":true,"href":"https:\/\/www.hydraulic-cylinders.net\/tr\/wp-json\/wp\/v2\/product_cat?post=18926"},{"taxonomy":"product_tag","embeddable":true,"href":"https:\/\/www.hydraulic-cylinders.net\/tr\/wp-json\/wp\/v2\/product_tag?post=18926"}],"curies":[{"name":"wp","href":"https:\/\/api.w.org\/{rel}","templated":true}]}}