{"id":18927,"date":"2025-04-07T06:02:37","date_gmt":"2025-04-07T06:02:37","guid":{"rendered":"https:\/\/www.hydraulic-cylinders.net\/product\/boom-cylinder-for-caterpillar-small-excavator-e311-311c\/"},"modified":"2025-04-07T06:02:40","modified_gmt":"2025-04-07T06:02:40","slug":"boom-cylinder-for-caterpillar-small-excavator-e311-311c","status":"publish","type":"product","link":"https:\/\/www.hydraulic-cylinders.net\/tr\/urun\/boom-cylinder-for-caterpillar-small-excavator-e311-311c\/","title":{"rendered":"Caterpillar E311\/311C K\u00fc\u00e7\u00fck Ekskavat\u00f6r \u0130\u00e7in Bom Silindiri"},"content":{"rendered":"<h1>Caterpillar E311\/311C K\u00fc\u00e7\u00fck Ekskavat\u00f6r \u0130\u00e7in Bom Silindiri<\/h1>\n<h2>Bom Silindirlerine Genel Bak\u0131\u015f<\/h2>\n<p>Bom silindiri, \u00f6zellikle ekskavat\u00f6rler, kaz\u0131c\u0131lar ve \u00f6n y\u00fckleyiciler gibi \u00e7e\u015fitli a\u011f\u0131r makinelerde kullan\u0131lan \u00e7ok \u00f6nemli bir bile\u015fendir. Kep\u00e7enin hareketini kontrol ederek etkili bir \u015fekilde kald\u0131rma, indirme ve e\u011fme i\u015flemlerini sa\u011flar. Bu hidrolik silindir, malzeme ta\u015f\u0131ma g\u00f6revlerini kolayla\u015ft\u0131rmak, operasyonlarda verimlilik ve hassasiyet sa\u011flamak \u00fczere tasarlanm\u0131\u015ft\u0131r. \u00d6zellikle, hidrolik bir sistem i\u00e7inde \u00e7al\u0131\u015farak hidrolik enerjiyi mekanik kuvvete d\u00f6n\u00fc\u015ft\u00fcr\u00fcr; bu da in\u015faat ve di\u011fer end\u00fcstriyel uygulamalarda kazma, kald\u0131rma ve ta\u015f\u0131ma g\u00f6revlerini ger\u00e7ekle\u015ftirmek i\u00e7in gereklidir.<\/p>\n<p><img decoding=\"async\" src=\"https:\/\/www.hydraulic-cylinders.net\/wp-content\/uploads\/2025\/04\/songte-company-1.webp\" alt=\"Bom Silindiri\"><\/p>\n<h2>Temel \u00d6zellikler<\/h2>\n<ul>\n<li><strong>Y\u00fcksek Dayan\u0131kl\u0131l\u0131k ve Dayan\u0131kl\u0131l\u0131k:<\/strong> Y\u00fcksek mukavemetli \u00e7elik veya al\u00fcminyumdan \u00fcretilen bu silindirler, y\u00fcksek bas\u0131nca ve a\u011f\u0131r y\u00fcklere dayan\u0131kl\u0131d\u0131r; zorlu \u00e7al\u0131\u015fma ko\u015fullar\u0131na dayanacak \u015fekilde tasarlanm\u0131\u015f olup a\u015f\u0131nma direncini ve korozyon korumas\u0131n\u0131 art\u0131r\u0131r.<\/li>\n<li><strong>Verimli Hidrolik \u00c7al\u0131\u015fma:<\/strong> Bom silindiri, d\u00fczg\u00fcn uzatma ve geri \u00e7ekme i\u00e7in hidrolik ya\u011f bas\u0131nc\u0131ndan yararlan\u0131r, kontrol komutlar\u0131na h\u0131zl\u0131 yan\u0131t verir ve \u00f6nemli itme ve \u00e7ekme kuvveti sa\u011flar; bu da a\u011f\u0131r malzemelerin ve karma\u015f\u0131k i\u015flerin ta\u015f\u0131nmas\u0131 i\u00e7in idealdir.<\/li>\n<li><strong>\u00c7e\u015fitli T\u00fcrler:<\/strong> Tek y\u00f6nl\u00fc (hidrolik tek y\u00f6nde kullan\u0131l\u0131r) veya \u00e7ift y\u00f6nl\u00fc (hidrolik her iki y\u00f6nde kullan\u0131l\u0131r) tasar\u0131mlarda mevcuttur ve \u00e7e\u015fitli operasyonel ihtiya\u00e7lar\u0131 kar\u015f\u0131lar. Baz\u0131 modellerde, d\u0131\u015f boyutlar\u0131 art\u0131rmadan daha uzun eri\u015fim i\u00e7in teleskopik \u00f6zellikler bulunur; bu da dar alanlar i\u00e7in idealdir.<\/li>\n<li><strong>Uyumluluk:<\/strong> \u00dcr\u00fcnlerimiz, mevcut hidrolik silindirlerin yerini m\u00fckemmel bir \u015fekilde alacak \u015fekilde tasarlanm\u0131\u015ft\u0131r ve \u00e7e\u015fitli a\u011f\u0131r makine modelleriyle sorunsuz entegrasyon sa\u011flar.<\/li>\n<li><strong>\u00d6zelle\u015ftirilebilir \u00c7\u00f6z\u00fcmler:<\/strong> \u00d6zel \u00fcretim se\u00e7eneklerimiz, silindirlerimizin farkl\u0131 uygulamalar\u0131n ve makinelerin \u00f6zel gereksinimlerini kar\u015f\u0131lamas\u0131n\u0131 sa\u011flar.<\/li>\n<\/ul>\n<p><img decoding=\"async\" src=\"https:\/\/www.hydraulic-cylinders.net\/wp-content\/uploads\/2025\/04\/songte-cylinder-head-with-all-kinds-excavator-models.webp\" alt=\"Bom Silindiri Uyumlulu\u011fu\"><\/p>\n<h2>Bom Silindirlerinin Uygulamalar\u0131<\/h2>\n<h3>\u0130n\u015faat Ekipmanlar\u0131<\/h3>\n<p>Ekskavat\u00f6rlerde, bom silindirleri topra\u011f\u0131 veya molozu kazma, y\u00fckleme ve ta\u015f\u0131ma i\u015flemlerinde hayati \u00f6neme sahiptir. Kep\u00e7enin zemine etkili bir \u015fekilde n\u00fcfuz etmesini sa\u011flayarak kaz\u0131 s\u00fcrecini kolayla\u015ft\u0131r\u0131rlar. Bom ve kep\u00e7e hareketlerinin senkronizasyonu verimlilik ve hassasiyet sa\u011flar; bu da bu silindirleri in\u015faat projelerinde vazge\u00e7ilmez k\u0131lar.<\/p>\n<h3>Tar\u0131m Makinalar\u0131<\/h3>\n<p>\u00d6n y\u00fckleyiciler, toprak, saman ve di\u011fer malzemeleri kep\u00e7elemek, kald\u0131rmak ve ta\u015f\u0131mak i\u00e7in bom silindirleri kullan\u0131r. Kep\u00e7enin y\u00fcksekli\u011finin ve a\u00e7\u0131s\u0131n\u0131n ayarlanabilmesi, tar\u0131m faaliyetlerinde etkili malzeme ta\u015f\u0131ma olana\u011f\u0131 sa\u011flayarak verimlili\u011fi art\u0131r\u0131r ve manuel i\u015f g\u00fcc\u00fcn\u00fc azalt\u0131r.<\/p>\n<h3>Ekskavat\u00f6rler<\/h3>\n<p>Ekskavat\u00f6rlerde, bom silindiri, kep\u00e7enin \u00e7e\u015fitli toprak tiplerine n\u00fcfuz etmesini sa\u011flayarak verimli kaz\u0131 yap\u0131lmas\u0131na olanak tan\u0131r. Bu \u00f6zellik, hem k\u00fc\u00e7\u00fck \u00f6l\u00e7ekli peyzaj \u00e7al\u0131\u015fmalar\u0131 hem de b\u00fcy\u00fck \u00f6l\u00e7ekli kaz\u0131 projeleri i\u00e7in hayati \u00f6nem ta\u015f\u0131r ve toprak ve molozlar\u0131 h\u0131zla uzakla\u015ft\u0131rmak i\u00e7in gerekli g\u00fcc\u00fc sa\u011flar.<\/p>\n<h3>Y\u00fckleyiciler<\/h3>\n<p>\u00d6n y\u00fckleyicilerde, bom silindirleri y\u00fcklerin verimli bir \u015fekilde kald\u0131r\u0131lmas\u0131na ve bo\u015falt\u0131lmas\u0131na yard\u0131mc\u0131 olur. Tasar\u0131mlar\u0131, a\u011f\u0131r malzemelerin kolayl\u0131kla ta\u015f\u0131nmas\u0131n\u0131 sa\u011flayarak, in\u015faat sahalar\u0131nda ve peyzaj projelerinde optimize edilmi\u015f i\u015f ak\u0131\u015flar\u0131na katk\u0131da bulunur.<\/p>\n<h2>Tasar\u0131m Hususlar\u0131 ve Se\u00e7im Kriterleri<\/h2>\n<h3>Y\u00fck Ta\u015f\u0131ma Kapasitesi<\/h3>\n<p>Bom silindirlerinin tasar\u0131m\u0131nda dikkate al\u0131nmas\u0131 gereken en \u00f6nemli unsurlardan biri, ta\u015f\u0131ma kapasiteleridir. Bu kapasite, silindirin operasyonlar s\u0131ras\u0131nda g\u00fcvenli bir \u015fekilde kald\u0131rabilece\u011fi ve i\u015fleyebilece\u011fi a\u011f\u0131rl\u0131\u011f\u0131 belirler. Beklenen y\u00fcklere dayal\u0131 do\u011fru hesaplamalar, g\u00fcvenlik ve i\u015flevselli\u011fi sa\u011flamak i\u00e7in \u00e7ok \u00f6nemlidir. \u00dcreticiler genellikle bu kapasiteyi art\u0131rmak i\u00e7in y\u00fcksek mukavemetli malzemeler ve geli\u015fmi\u015f m\u00fchendislik teknikleri kullan\u0131r ve silindirlerin zorlu ko\u015fullar alt\u0131nda g\u00fcvenilir bir \u015fekilde \u00e7al\u0131\u015fmas\u0131n\u0131 sa\u011flarlar.<\/p>\n<h3>S\u0131zd\u0131rmazl\u0131k ve Dayan\u0131kl\u0131l\u0131k<\/h3>\n<p>Hidrolik silindirlerde s\u0131v\u0131 s\u0131z\u0131nt\u0131s\u0131n\u0131 \u00f6nlemek i\u00e7in etkili s\u0131zd\u0131rmazl\u0131k \u00e7ok \u00f6nemlidir; \u00e7\u00fcnk\u00fc s\u0131z\u0131nt\u0131lar performans\u0131 ve g\u00fcvenli\u011fi tehlikeye atabilir. Poli\u00fcretan veya nitril kau\u00e7uk gibi dayan\u0131kl\u0131 malzemelerden yap\u0131lm\u0131\u015f y\u00fcksek kaliteli contalar olmazsa olmazd\u0131r. Bu contalar, y\u00fcksek bas\u0131nca ve s\u0131cakl\u0131k de\u011fi\u015fimlerine dayan\u0131rken zaman i\u00e7inde b\u00fct\u00fcnl\u00fcklerini korumal\u0131d\u0131r. Silindirin optimum performans\u0131n\u0131 ve uzun \u00f6mr\u00fcn\u00fc sa\u011flamak i\u00e7in d\u00fczenli bak\u0131m ve conta de\u011fi\u015fimi gereklidir.<\/p>\n<h3>G\u00fcvenlik \u00d6zellikleri<\/h3>\n<p>Bom silindirlerinin tasar\u0131m\u0131nda g\u00fcvenlik her \u015feyden \u00f6nemlidir. Bas\u0131n\u00e7 tahliye vanalar\u0131 ve sa\u011flam kilitleme mekanizmalar\u0131 gibi g\u00fcvenlik \u00f6zelliklerinin entegre edilmesi, kazalar\u0131 \u00f6nleyebilir ve \u00e7al\u0131\u015fma g\u00fcvenli\u011fini art\u0131rabilir. \u00dcreticiler, \u00fcr\u00fcnlerinin end\u00fcstri standartlar\u0131n\u0131 kar\u015f\u0131lamas\u0131n\u0131 ve kullan\u0131m s\u0131ras\u0131nda operat\u00f6rleri korumas\u0131n\u0131 sa\u011flamak i\u00e7in kat\u0131 g\u00fcvenlik y\u00f6netmeliklerine ve y\u00f6nergelerine uymal\u0131d\u0131r.<\/p>\n<p><img decoding=\"async\" src=\"https:\/\/www.hydraulic-cylinders.net\/wp-content\/uploads\/2025\/04\/songte-oil-pipes-and-spare-parts.webp\" alt=\"Hidrolik Silindir Par\u00e7alar\u0131\"><\/p>\n<h2>S\u0131zd\u0131rmazl\u0131k ve Ya\u011flama<\/h2>\n<p>Bom silindirinin performans\u0131 ve \u00f6mr\u00fc, s\u0131zd\u0131rmazl\u0131k ve ya\u011flama sistemlerinin etkinli\u011fine b\u00fcy\u00fck \u00f6l\u00e7\u00fcde ba\u011fl\u0131d\u0131r. Piston contalar\u0131 ve mil contalar\u0131 da dahil olmak \u00fczere \u00e7e\u015fitli s\u0131zd\u0131rmazl\u0131k bile\u015fenleri, hidrolik bas\u0131nc\u0131 korumada ve s\u0131v\u0131 s\u0131z\u0131nt\u0131lar\u0131n\u0131 \u00f6nlemede hayati bir rol oynar. Poli\u00fcretan ve nitril kau\u00e7uk gibi s\u0131zd\u0131rmazl\u0131k malzemelerinin se\u00e7imi \u00e7ok \u00f6nemlidir, \u00e7\u00fcnk\u00fc s\u00fcrekli \u00e7al\u0131\u015fmadan kaynaklanan a\u015f\u0131nma ve y\u0131pranmaya kar\u015f\u0131 dayan\u0131kl\u0131 olmalar\u0131 gerekir.<\/p>\n<p>Ayr\u0131ca, silindir g\u00f6vdesi ve di\u015fli u\u00e7 y\u00fczeyleri, a\u015f\u0131nma direncini art\u0131rmak i\u00e7in hassas i\u015fleme s\u00fcre\u00e7lerinden ge\u00e7irilmektedir. Sorunsuz \u00e7al\u0131\u015fma sa\u011flamak ve i\u00e7 bile\u015fenlere zarar gelmesini \u00f6nlemek i\u00e7in uygun hidrolik ya\u011f ile d\u00fczenli ya\u011flama \u015fartt\u0131r. Operat\u00f6rler, optimum performans\u0131 korumak i\u00e7in ya\u011flama s\u0131kl\u0131\u011f\u0131 ve ya\u011f t\u00fcrleri konusunda \u00fcreticinin y\u00f6nergelerine uymal\u0131d\u0131r.<\/p>\n<h2>Bak\u0131m \u00d6nlemleri<\/h2>\n<ul>\n<li><strong>D\u00fczenli Denetimler:<\/strong> Potansiyel sorunlar\u0131n b\u00fcy\u00fcmeden \u00f6nce tespit edilmesi i\u00e7in d\u00fczenli denetimler yapmak \u00e7ok \u00f6nemlidir. Operat\u00f6rler, silindirin verimli bir \u015fekilde \u00e7al\u0131\u015ft\u0131\u011f\u0131ndan emin olmak i\u00e7in s\u0131z\u0131nt\u0131, korozyon veya a\u015f\u0131nma belirtilerini kontrol etmelidir.<\/li>\n<li><strong>Uygun Ya\u011flama:<\/strong> Hidrolik silindirin d\u00fczg\u00fcn ya\u011flanmas\u0131, sorunsuz \u00e7al\u0131\u015fmas\u0131 i\u00e7in \u00e7ok \u00f6nemlidir. Gerekli miktarda hidrolik ya\u011f\u0131n d\u00fczenli olarak eklenmesi, a\u015f\u0131nmay\u0131 \u00f6nler ve contalar\u0131n ve i\u00e7 bile\u015fenlerin b\u00fct\u00fcnl\u00fc\u011f\u00fcn\u00fc korumaya yard\u0131mc\u0131 olur.<\/li>\n<li><strong>Conta De\u011fi\u015fimleri:<\/strong> Zamanla, bas\u0131n\u00e7 ve s\u0131cakl\u0131k de\u011fi\u015fimlerine maruz kalma nedeniyle contalar a\u015f\u0131nabilir. Contalar\u0131n d\u00fczenli olarak de\u011fi\u015ftirilmesi, s\u0131v\u0131 s\u0131z\u0131nt\u0131lar\u0131n\u0131 \u00f6nleyebilir ve silindirin \u00f6mr\u00fcn\u00fc uzatabilir.<\/li>\n<\/ul>\n<h2>Kurulum Talimatlar\u0131<\/h2>\n<p>Bom silindirinin do\u011fru montaj\u0131, optimum performans ve g\u00fcvenlik i\u00e7in kritik \u00f6neme sahiptir. \u00d6ncelikle, hizalamay\u0131 engelleyebilecek kir ve kal\u0131nt\u0131lar\u0131 temizlemek i\u00e7in montaj y\u00fczeylerini temizleyin. Silindiri sabitlemek i\u00e7in uygun montaj braketleri kullan\u0131n ve makinenin hidrolik sistemiyle do\u011fru \u015fekilde hizaland\u0131\u011f\u0131ndan emin olun. \u00c7al\u0131\u015fma s\u0131ras\u0131nda gev\u015femeyi \u00f6nlemek i\u00e7in t\u00fcm ba\u011flant\u0131lar\u0131 \u00fcreticinin spesifikasyonlar\u0131na g\u00f6re s\u0131k\u0131n.<\/p>\n<p>Makineyi \u00e7al\u0131\u015ft\u0131rmadan \u00f6nce, silindirin engelsiz ve serbest\u00e7e hareket etti\u011finden emin olmak i\u00e7in test edin. Contalar ve ba\u011flant\u0131lar \u00e7evresinde herhangi bir s\u0131v\u0131 s\u0131z\u0131nt\u0131s\u0131 olup olmad\u0131\u011f\u0131n\u0131 kontrol edin ve herhangi bir sorunu derhal giderin. Bu kurulum y\u00f6nergelerini takip etmek, bom silindirinin verimlili\u011fini ve kullan\u0131m \u00f6mr\u00fcn\u00fc en \u00fcst d\u00fczeye \u00e7\u0131karmaya yard\u0131mc\u0131 olacakt\u0131r.<\/p>\n<h2>Yayg\u0131n Bak\u0131m G\u00f6revleri<\/h2>\n<h3>D\u00fczenli Kontroller<\/h3>\n<p>Bom silindirinin s\u0131z\u0131nt\u0131, a\u015f\u0131nma ve di\u011fer sorunlar a\u00e7\u0131s\u0131ndan d\u00fczenli olarak kontrol edilmesi, i\u015flevselli\u011fini korumak i\u00e7in \u00e7ok \u00f6nemlidir. Operat\u00f6rler, silindirin d\u0131\u015f y\u00fczeyinde hasar belirtileri olup olmad\u0131\u011f\u0131n\u0131 incelemeli ve hidrolik ba\u011flant\u0131lar\u0131n sa\u011flam oldu\u011fundan emin olmal\u0131d\u0131r. Sorunlar\u0131n erken tespiti, maliyetli onar\u0131mlar\u0131 ve ar\u0131za s\u00fcrelerini \u00f6nleyebilir.<\/p>\n<h3>Uygun Ya\u011flama<\/h3>\n<p>Hidrolik silindirin sorunsuz \u00e7al\u0131\u015fmas\u0131 i\u00e7in ya\u011flama \u015fartt\u0131r. S\u00fcrt\u00fcnmeyi ve a\u015f\u0131nmay\u0131 \u00f6nlemek i\u00e7in \u00fcreticinin ya\u011flama maddesi t\u00fcr\u00fc ve uygulama s\u0131kl\u0131\u011f\u0131 \u00f6nerilerine uyulmas\u0131 hayati \u00f6nem ta\u015f\u0131r. Do\u011fru ya\u011flama, contalar\u0131n b\u00fct\u00fcnl\u00fc\u011f\u00fcn\u00fc korumaya ve hidrolik s\u0131v\u0131 s\u0131z\u0131nt\u0131s\u0131 riskini azaltmaya yard\u0131mc\u0131 olur.<\/p>\n<h3>Conta De\u011fi\u015fimi ve Kalibrasyonu<\/h3>\n<p>Contalar zamanla a\u015f\u0131nd\u0131\u011f\u0131 i\u00e7in, hidrolik sistemin verimlili\u011fini korumak amac\u0131yla d\u00fczenli olarak de\u011fi\u015ftirilmeleri gerekir. Operat\u00f6rler contalar\u0131n durumunu yak\u0131ndan takip etmeli ve a\u015f\u0131nma veya hasar belirtileri g\u00f6r\u00fcld\u00fc\u011f\u00fcnde de\u011fi\u015ftirmelidir. Ayr\u0131ca, hidrolik sistemin periyodik olarak kalibrasyonu, bom silindirinin do\u011fru \u015fekilde \u00e7al\u0131\u015fmas\u0131n\u0131 ve operat\u00f6r komutlar\u0131na do\u011fru yan\u0131t vermesini sa\u011flar.<\/p>\n<p><img decoding=\"async\" src=\"https:\/\/www.hydraulic-cylinders.net\/wp-content\/uploads\/2025\/04\/songte-chushion-collar.webp\" alt=\"Bom Silindiri Montaj\u0131\"><\/p>\n<h2>G\u00fcvenlik Hususlar\u0131 ve \u00c7evresel Fakt\u00f6rler<\/h2>\n<p>A\u011f\u0131r makinelerin \u00e7al\u0131\u015ft\u0131r\u0131lmas\u0131nda g\u00fcvenlik \u00f6nlemleri son derece \u00f6nemlidir. Operat\u00f6rler, bom silindirlerini kullan\u0131rken her zaman uygun ki\u015fisel koruyucu ekipman giymek ve \u00e7al\u0131\u015fma y\u00f6nergelerine uymak gibi g\u00fcvenlik protokollerine uymal\u0131d\u0131r. Hidrolik sistemlerle ili\u015fkili potansiyel riskleri, hidrolik s\u0131v\u0131 s\u0131z\u0131nt\u0131lar\u0131 ve bas\u0131n\u00e7land\u0131rma sorunlar\u0131 da dahil olmak \u00fczere anlamak, g\u00fcvenli bir \u00e7al\u0131\u015fma ortam\u0131 sa\u011flamak i\u00e7in \u00e7ok \u00f6nemlidir. Ayr\u0131ca, \u00e7evre dostu s\u0131v\u0131lar kullanmak, hidrolik i\u015flemlerin \u00e7evresel etkisini azaltmaya yard\u0131mc\u0131 olabilir.<\/p>\n<h2>Ar\u0131za Te\u015fhisi ve Yayg\u0131n Sorunlar<\/h2>\n<ul>\n<li><strong>S\u0131v\u0131 S\u0131z\u0131nt\u0131lar\u0131:<\/strong> Vin\u00e7 silindirlerinde en s\u0131k kar\u015f\u0131la\u015f\u0131lan sorunlardan biri, a\u015f\u0131nm\u0131\u015f contalar veya hasar g\u00f6rm\u00fc\u015f silindir g\u00f6vdeleri nedeniyle olu\u015fabilen s\u0131v\u0131 s\u0131z\u0131nt\u0131s\u0131d\u0131r. S\u0131z\u0131nt\u0131lar\u0131 \u00f6nlemek i\u00e7in d\u00fczenli kontrol ve zaman\u0131nda conta de\u011fi\u015fimi \u015fartt\u0131r.<\/li>\n<li><strong>D\u00fc\u015f\u00fck Performans:<\/strong> Silindir d\u00fczg\u00fcn bir \u015fekilde uzam\u0131yor veya geri \u00e7ekilmiyorsa, bu d\u00fc\u015f\u00fck hidrolik s\u0131v\u0131 seviyesine veya i\u00e7 hasara i\u015faret edebilir. S\u0131v\u0131 seviyelerini d\u00fczenli olarak kontrol etmek ve herhangi bir \u00e7al\u0131\u015fma sorununu derhal gidermek \u00e7ok \u00f6nemlidir.<\/li>\n<li><strong>G\u00fcr\u00fclt\u00fcl\u00fc \u00c7al\u0131\u015fma:<\/strong> \u00c7al\u0131\u015fma s\u0131ras\u0131nda duyulan ola\u011fand\u0131\u015f\u0131 sesler, i\u00e7 a\u015f\u0131nmaya veya ya\u011flama eksikli\u011fine i\u015faret edebilir. Operat\u00f6rler, duyduklar\u0131 garip sesleri ara\u015ft\u0131rmal\u0131 ve sorunu gidermek i\u00e7in gerekli bak\u0131m\u0131 yapmal\u0131d\u0131r.<\/li>\n<\/ul>\n<h2>Sorun Giderme \u0130pu\u00e7lar\u0131<\/h2>\n<p>Etkili ar\u0131za te\u015fhisi ve \u00e7\u00f6z\u00fcm\u00fc i\u00e7in operat\u00f6rler, yayg\u0131n sorunlar\u0131 ve \u00e7\u00f6z\u00fcmlerini \u00f6\u011frenmelidir. S\u0131v\u0131 s\u0131z\u0131nt\u0131s\u0131 durumunda, contalar\u0131 kontrol edin ve gerekirse de\u011fi\u015ftirin. Performans d\u00fc\u015f\u00fc\u015f\u00fc durumunda, hidrolik s\u0131v\u0131 seviyelerini kontrol edin ve d\u00fc\u015f\u00fckse doldurun. Ola\u011fand\u0131\u015f\u0131 sesler duyulursa, olas\u0131 a\u015f\u0131nmay\u0131 ara\u015ft\u0131r\u0131n ve uygun ya\u011flaman\u0131n sa\u011fland\u0131\u011f\u0131ndan emin olun. D\u00fczenli kontroller ve zaman\u0131nda bak\u0131m gibi \u00f6nleyici tedbirlerin uygulanmas\u0131, bu sorunlarla gelecekte kar\u015f\u0131la\u015fma olas\u0131l\u0131\u011f\u0131n\u0131 \u00f6nemli \u00f6l\u00e7\u00fcde azaltabilir.<\/p>\n<p><img decoding=\"async\" src=\"https:\/\/www.hydraulic-cylinders.net\/wp-content\/uploads\/2025\/04\/songte-bushings-with-all-kinds-of-excavator-models.webp\" alt=\"Bom Silindiri Bile\u015fenleri\"><\/p>\n<h2>\u015eirketimiz Hakk\u0131nda<\/h2>\n<p>\u00d6nde gelen yedek hidrolik silindir \u00fcreticisi olarak, hem yerel hem de uluslararas\u0131 pazarlara hitap eden kapsaml\u0131 bir \u00fcr\u00fcn yelpazesi sunuyoruz. M\u00fckemmelli\u011fe olan ba\u011fl\u0131l\u0131\u011f\u0131m\u0131z, geli\u015fmi\u015f \u00fcretim s\u00fcre\u00e7lerimiz ve stratejilerimizde kendini g\u00f6stermektedir. \u00dcretim kapasitemizi s\u00fcrekli olarak art\u0131rmak i\u00e7in geli\u015fmi\u015f teknolojiden, yetenekli personelden ve dijital \u00fcretim ekipmanlar\u0131ndan yararlan\u0131yoruz.<\/p>\n<p>Kalite g\u00fcvencesine verdi\u011fimiz \u00f6nem, her \u00fcr\u00fcn\u00fcn en y\u00fcksek standartlar\u0131 kar\u015f\u0131lamas\u0131n\u0131 sa\u011flarken, \u00f6zelle\u015ftirme se\u00e7eneklerimiz de \u00e7e\u015fitli m\u00fc\u015fteri ihtiya\u00e7lar\u0131n\u0131 etkili bir \u015fekilde kar\u015f\u0131lamam\u0131za olanak tan\u0131r. Ola\u011fan\u00fcst\u00fc sat\u0131\u015f sonras\u0131 hizmetimiz ve uluslararas\u0131 sertifikalar\u0131m\u0131zla, m\u00fc\u015fteri beklentilerini kar\u015f\u0131lamakla kalmay\u0131p a\u015fan \u00fcr\u00fcnler sunmak i\u00e7in \u00e7al\u0131\u015f\u0131yoruz.<\/p>\n<p><img decoding=\"async\" src=\"https:\/\/www.hydraulic-cylinders.net\/wp-content\/uploads\/2025\/04\/songte-company-4.webp\" alt=\"\u015eirket Genel Bak\u0131\u015f\u0131\"><br \/>\n<img decoding=\"async\" src=\"https:\/\/www.hydraulic-cylinders.net\/wp-content\/uploads\/2025\/04\/songte-company-3.webp\" alt=\"\u015eirket \u00dcretimi\"><\/p>\n<p>Yazar: lyl<\/p>","protected":false},"excerpt":{"rendered":"<p>Boom Cylinder For Caterpillar Small Excavator E311\/311C Overview of Boom Cylinders The boom cylinder is a crucial component used in various heavy machinery, particularly in excavators, backhoes, and front loaders. It serves to control the movement of the bucket, allowing it to lift, lower, and tilt effectively. This hydraulic cylinder is designed to facilitate material [&hellip;]<\/p>","protected":false},"featured_media":17869,"comment_status":"open","ping_status":"closed","template":"","meta":{"_et_pb_use_builder":"","_et_pb_old_content":"","_et_gb_content_width":""},"product_brand":[],"product_cat":[1546],"product_tag":[1547,1496],"class_list":{"0":"post-18927","1":"product","2":"type-product","3":"status-publish","4":"has-post-thumbnail","6":"product_cat-boom-cylinders","7":"product_tag-boom-cylinders","8":"product_tag-hydraulic-cylinders","10":"first","11":"instock","12":"shipping-taxable","13":"product-type-simple"},"amp_enabled":true,"_links":{"self":[{"href":"https:\/\/www.hydraulic-cylinders.net\/tr\/wp-json\/wp\/v2\/product\/18927","targetHints":{"allow":["GET"]}}],"collection":[{"href":"https:\/\/www.hydraulic-cylinders.net\/tr\/wp-json\/wp\/v2\/product"}],"about":[{"href":"https:\/\/www.hydraulic-cylinders.net\/tr\/wp-json\/wp\/v2\/types\/product"}],"replies":[{"embeddable":true,"href":"https:\/\/www.hydraulic-cylinders.net\/tr\/wp-json\/wp\/v2\/comments?post=18927"}],"wp:featuredmedia":[{"embeddable":true,"href":"https:\/\/www.hydraulic-cylinders.net\/tr\/wp-json\/wp\/v2\/media\/17869"}],"wp:attachment":[{"href":"https:\/\/www.hydraulic-cylinders.net\/tr\/wp-json\/wp\/v2\/media?parent=18927"}],"wp:term":[{"taxonomy":"product_brand","embeddable":true,"href":"https:\/\/www.hydraulic-cylinders.net\/tr\/wp-json\/wp\/v2\/product_brand?post=18927"},{"taxonomy":"product_cat","embeddable":true,"href":"https:\/\/www.hydraulic-cylinders.net\/tr\/wp-json\/wp\/v2\/product_cat?post=18927"},{"taxonomy":"product_tag","embeddable":true,"href":"https:\/\/www.hydraulic-cylinders.net\/tr\/wp-json\/wp\/v2\/product_tag?post=18927"}],"curies":[{"name":"wp","href":"https:\/\/api.w.org\/{rel}","templated":true}]}}