{"id":18930,"date":"2025-04-07T06:02:45","date_gmt":"2025-04-07T06:02:45","guid":{"rendered":"https:\/\/www.hydraulic-cylinders.net\/product\/boom-cylinder-for-caterpillar-small-excavator-e120-120b\/"},"modified":"2025-04-07T06:02:47","modified_gmt":"2025-04-07T06:02:47","slug":"boom-cylinder-for-caterpillar-small-excavator-e120-120b","status":"publish","type":"product","link":"https:\/\/www.hydraulic-cylinders.net\/tr\/urun\/boom-cylinder-for-caterpillar-small-excavator-e120-120b\/","title":{"rendered":"Caterpillar E120\/120B K\u00fc\u00e7\u00fck Ekskavat\u00f6r \u0130\u00e7in Bom Silindiri"},"content":{"rendered":"<h1>Caterpillar E120\/120B K\u00fc\u00e7\u00fck Ekskavat\u00f6r \u0130\u00e7in Bom Silindiri<\/h1>\n<h2>Bom Silindirine Genel Bak\u0131\u015f<\/h2>\n<p>Bom silindiri, \u00f6zellikle Caterpillar E120\/120B gibi ekskavat\u00f6rlerde olmak \u00fczere, a\u011f\u0131r makinelerin hidrolik sisteminde \u00e7ok \u00f6nemli bir bile\u015fendir. Bu hidrolik silindir, kep\u00e7enin hareketini kontrol etmek, kald\u0131rma, indirme ve e\u011fme i\u015flemlerini ger\u00e7ekle\u015ftirmek i\u00e7in \u00f6zel olarak tasarlanm\u0131\u015ft\u0131r ve bu da onu malzeme ta\u015f\u0131ma g\u00f6revleri i\u00e7in vazge\u00e7ilmez k\u0131lar. Kep\u00e7e silindiri, \u00e7e\u015fitli malzemelerin kaz\u0131lmas\u0131, y\u00fcklenmesi ve ta\u015f\u0131nmas\u0131n\u0131n arkas\u0131ndaki itici g\u00fc\u00e7 g\u00f6revi g\u00f6rerek in\u015faat ve kaz\u0131 projelerinin verimlili\u011fini ve \u00fcretkenli\u011fini art\u0131r\u0131r.<\/p>\n<p><img decoding=\"async\" src=\"https:\/\/www.hydraulic-cylinders.net\/wp-content\/uploads\/2025\/04\/songte-company-1.webp\" alt=\"Ekskavat\u00f6r i\u00e7in Bom Silindiri\" \/><\/p>\n<h3>Bom Silindirinin Temel \u00d6zellikleri<\/h3>\n<ul>\n<li><strong>Y\u00fcksek Dayan\u0131kl\u0131l\u0131k ve Dayan\u0131kl\u0131l\u0131k:<\/strong> Y\u00fcksek mukavemetli \u00e7elik veya al\u00fcminyumdan \u00fcretilen bom silindiri, y\u00fcksek bas\u0131n\u00e7lara ve a\u011f\u0131r y\u00fcklere dayanabilir, bu da onu zorlu \u00e7al\u0131\u015fma ortamlar\u0131 i\u00e7in uygun hale getirir.<\/li>\n<li><strong>Verimli Hidrolik \u00c7al\u0131\u015fma:<\/strong> Hidrolik ya\u011f bas\u0131nc\u0131n\u0131 kullanan silindir, sorunsuz bir \u015fekilde uzama ve geri \u00e7ekilme sa\u011flar, operasyonel komutlara h\u0131zl\u0131 yan\u0131t verir ve g\u00fc\u00e7l\u00fc itme ve \u00e7ekme kuvvetleri sunar.<\/li>\n<li><strong>\u00c7e\u015fitli T\u00fcrler:<\/strong> Tek y\u00f6nl\u00fc (tek y\u00f6nde \u00e7al\u0131\u015fan) veya \u00e7ift y\u00f6nl\u00fc (iki y\u00f6nde \u00e7al\u0131\u015fan) tasar\u0131mlarda bulunan baz\u0131 modellerde, d\u0131\u015f boyutlar\u0131 art\u0131rmadan daha fazla uzatma sa\u011flayan teleskopik bir tasar\u0131m bulunur; bu da dar alanlar i\u00e7in idealdir.<\/li>\n<\/ul>\n<h2>Bom Silindirinin Uygulamalar\u0131<\/h2>\n<h3>\u0130n\u015faat Ekipmanlar\u0131<\/h3>\n<p>\u0130n\u015faat ekipmanlar\u0131nda, ekskavat\u00f6rlerin temel i\u015flevlerini yerine getirmelerini sa\u011flayan, kazma, y\u00fckleme ve toprak veya moloz ta\u015f\u0131ma gibi i\u015flerde kullan\u0131lan bom silindirleri ayr\u0131lmaz bir par\u00e7ad\u0131r. Bu hidrolik bile\u015fen, kep\u00e7enin zemine etkili bir \u015fekilde n\u00fcfuz etmesini sa\u011flayarak ekskavat\u00f6r\u00fcn operasyonel yeteneklerini art\u0131r\u0131r.<\/p>\n<h3>Tar\u0131m Makinalar\u0131<\/h3>\n<p>Tar\u0131m makinelerinde, bom silindirleri \u00f6n y\u00fckleyicilerde toprak, saman ve di\u011fer malzemeler gibi malzemelerin kep\u00e7eyle al\u0131nmas\u0131, kald\u0131r\u0131lmas\u0131 ve ta\u015f\u0131nmas\u0131 i\u015flemlerini kolayla\u015ft\u0131rmak i\u00e7in kullan\u0131l\u0131r. G\u00fcvenilir hidrolik performanslar\u0131, onlar\u0131 \u00e7e\u015fitli tar\u0131msal i\u015fler i\u00e7in vazge\u00e7ilmez k\u0131lar.<\/p>\n<h3>Ekskavat\u00f6rler<\/h3>\n<p>Ekskavat\u00f6rlerde, bom silindiri, kep\u00e7enin topra\u011fa n\u00fcfuz etmesini sa\u011flayarak kaz\u0131 i\u015fleri i\u00e7in temel bir rol oynar. Bu hidrolik bile\u015fenin verimlili\u011fi, toprak ta\u015f\u0131ma i\u015flemlerinin h\u0131z\u0131 ve etkinli\u011fini do\u011frudan etkiler.<\/p>\n<h3>Y\u00fckleyiciler<\/h3>\n<p>\u00d6n y\u00fckleyicilerde, bom silindirleri y\u00fcklerin etkili bir \u015fekilde kald\u0131r\u0131lmas\u0131na ve bo\u015falt\u0131lmas\u0131na yard\u0131mc\u0131 olur. Sa\u011flam tasar\u0131mlar\u0131 ve g\u00fcvenilir hidrolik \u00e7al\u0131\u015fma prensipleri, b\u00fcy\u00fck miktarda malzemenin h\u0131zl\u0131 ve verimli bir \u015fekilde ta\u015f\u0131nmas\u0131n\u0131 sa\u011flayarak projelerin daha h\u0131zl\u0131 tamamlanmas\u0131na katk\u0131da bulunur.<\/p>\n<h2>Tasar\u0131m Hususlar\u0131 ve Se\u00e7im Kriterleri<\/h2>\n<h3>Y\u00fck Kapasitesi<\/h3>\n<p>Bom silindiri se\u00e7erken y\u00fck ta\u015f\u0131ma kapasitesi kritik bir husustur. G\u00fcvenli\u011fi veya performans\u0131 tehlikeye atmadan ekskavat\u00f6r\u00fcn kald\u0131rabilece\u011fi maksimum a\u011f\u0131rl\u0131\u011f\u0131 ta\u015f\u0131yabilecek kapasitede olmal\u0131d\u0131r. M\u00fchendisler, operasyonel gereksinimleri analiz etmeli ve yeterli mukavemete sahip silindirler se\u00e7melidir.<\/p>\n<h3>S\u0131zd\u0131rmazl\u0131k Performans\u0131<\/h3>\n<p>Bas\u0131n\u00e7 alt\u0131nda hidrolik ya\u011f\u0131n s\u0131zmas\u0131n\u0131 \u00f6nlemek i\u00e7in s\u0131zd\u0131rmazl\u0131k performans\u0131 hayati \u00f6nem ta\u015f\u0131r. Sistem b\u00fct\u00fcnl\u00fc\u011f\u00fcn\u00fc ve verimlili\u011fini korumak, kirlenmeyi \u00f6nlemek ve zaman i\u00e7inde sorunsuz \u00e7al\u0131\u015fmay\u0131 sa\u011flamak i\u00e7in y\u00fcksek kaliteli contalar gereklidir.<\/p>\n<h3>Dayan\u0131kl\u0131l\u0131k<\/h3>\n<p>Bom silindirleri, zorlu ko\u015fullara maruz kalmalar\u0131 nedeniyle dayan\u0131kl\u0131l\u0131k a\u00e7\u0131s\u0131ndan b\u00fcy\u00fck \u00f6nem ta\u015f\u0131r. Yap\u0131m\u0131nda kullan\u0131lan malzemelerin a\u015f\u0131nmaya ve korozyona kar\u015f\u0131 diren\u00e7li olmas\u0131, uzun \u00f6m\u00fcrl\u00fc performans sa\u011flamal\u0131 ve bak\u0131m ihtiya\u00e7lar\u0131n\u0131 en aza indirmelidir.<\/p>\n<h3>G\u00fcvenlik Standartlar\u0131<\/h3>\n<p>Hidrolik sistemlerde g\u00fcvenlik en \u00f6nemli husustur. Bom silindirleri, operat\u00f6rleri ve makineleri olas\u0131 ar\u0131zalardan korumak i\u00e7in titiz g\u00fcvenlik standartlar\u0131n\u0131 kar\u015f\u0131lamal\u0131d\u0131r. D\u00fczenli denetimler ve g\u00fcvenlik protokollerine uyulmas\u0131, operasyonel g\u00fcvenli\u011fin sa\u011flanmas\u0131 i\u00e7in \u00e7ok \u00f6nemlidir.<\/p>\n<h3>Kullan\u0131labilirlik<\/h3>\n<p>Servis kolayl\u0131\u011f\u0131, bir bom silindirinin bak\u0131m\u0131n\u0131n veya onar\u0131m\u0131n\u0131n ne kadar kolay yap\u0131labilece\u011fini ifade eder. Bile\u015fenlere kolay eri\u015fim sa\u011flayan tasar\u0131mlar, rutin bak\u0131m\u0131 kolayla\u015ft\u0131rarak ar\u0131za s\u00fcrelerini azalt\u0131r ve hidrolik sistemin \u00f6mr\u00fcn\u00fc uzat\u0131r.<\/p>\n<p><img decoding=\"async\" src=\"https:\/\/www.hydraulic-cylinders.net\/wp-content\/uploads\/2025\/04\/songte-oil-pipes-and-spare-parts.webp\" alt=\"Hidrolik Silindir Bile\u015fenleri\" \/><\/p>\n<h2>S\u0131zd\u0131rmazl\u0131k ve Ya\u011flama<\/h2>\n<p>Hidrolik silindirlerin sorunsuz \u00e7al\u0131\u015fmas\u0131 i\u00e7in etkili s\u0131zd\u0131rmazl\u0131k ve ya\u011flama \u015fartt\u0131r. Piston contalar\u0131 ve mil contalar\u0131 gibi \u00e7e\u015fitli s\u0131zd\u0131rmazl\u0131k bile\u015fenleri, s\u0131z\u0131nt\u0131lar\u0131 \u00f6nlemek i\u00e7in \u00e7ok \u00f6nemlidir. Bu contalar genellikle a\u015f\u0131nmaya dayan\u0131kl\u0131 poli\u00fcretan ve nitril kau\u00e7uk gibi dayan\u0131kl\u0131 malzemelerden yap\u0131l\u0131r. Silindir g\u00f6vdesi ve di\u015fli u\u00e7 y\u00fczeyleri, a\u015f\u0131nma direncini art\u0131rmak i\u00e7in hassas i\u015fleme gerektirir. Ek olarak, hidrolik ya\u011f ile d\u00fczenli ya\u011flama, d\u00fczg\u00fcn hareketi sa\u011flar ve bile\u015fenler aras\u0131ndaki s\u00fcrt\u00fcnmeyi azaltarak silindirin \u00f6mr\u00fcn\u00fc uzat\u0131r.<\/p>\n<h2>\u00d6nleyici Bak\u0131m \u00d6nlemleri<\/h2>\n<ul>\n<li><strong>D\u00fczenli Denetimler:<\/strong> A\u015f\u0131nma veya hasar belirtilerini tespit etmek i\u00e7in kapsaml\u0131 incelemeler yap\u0131n. Bu, s\u0131z\u0131nt\u0131lar\u0131 kontrol etmeyi ve t\u00fcm contalar\u0131n sa\u011flam oldu\u011fundan emin olmay\u0131 i\u00e7erir.<\/li>\n<li><strong>Ya\u011flama:<\/strong> Hidrolik ya\u011f seviyesinin do\u011fru oldu\u011fundan ve a\u015f\u0131nmay\u0131 ve a\u015f\u0131r\u0131 \u0131s\u0131nmay\u0131 \u00f6nlemek i\u00e7in sistemin d\u00fczenli olarak ya\u011fland\u0131\u011f\u0131ndan emin olun.<\/li>\n<li><strong>Conta De\u011fi\u015fimi:<\/strong> Optimum performans\u0131 korumak ve s\u0131z\u0131nt\u0131lar\u0131 \u00f6nlemek i\u00e7in gerekti\u011finde contalar\u0131 de\u011fi\u015ftirin. D\u00fczenli olarak planlanan bak\u0131m kontrolleri bu i\u015flemi de i\u00e7ermelidir.<\/li>\n<\/ul>\n<h2>Kurulum Talimatlar\u0131<\/h2>\n<p>Bom silindirinin do\u011fru montaj\u0131, performans\u0131 i\u00e7in kritik \u00f6neme sahiptir. \u00d6ncelikle t\u00fcm bile\u015fenlerin temiz ve kal\u0131nt\u0131lardan ar\u0131nd\u0131r\u0131lm\u0131\u015f oldu\u011fundan emin olun. Silindiri, uygun montaj braketlerini kullanarak ekskavat\u00f6r \u00fczerindeki montaj noktalar\u0131yla hizalay\u0131n ve do\u011fru \u015fekilde sabitleyin. Erken a\u015f\u0131nmaya yol a\u00e7abilecek yanl\u0131\u015f hizalamay\u0131 \u00f6nlemek i\u00e7in tork ayarlar\u0131 ve hizalama ile ilgili olarak \u00fcreticinin spesifikasyonlar\u0131na uymak \u00e7ok \u00f6nemlidir. Makineyi \u00e7al\u0131\u015ft\u0131rmadan \u00f6nce t\u00fcm hidrolik ba\u011flant\u0131lar\u0131n s\u0131k\u0131l\u0131\u011f\u0131n\u0131 kontrol edin ve hidrolik ya\u011f\u0131n do\u011fru seviyede dolu oldu\u011fundan emin olun. Son olarak, silindirin herhangi bir s\u0131z\u0131nt\u0131 veya sorun olmadan sorunsuz \u00e7al\u0131\u015ft\u0131\u011f\u0131n\u0131 do\u011frulamak i\u00e7in bir test \u00e7al\u0131\u015fmas\u0131 yap\u0131n.<\/p>\n<h2>Yayg\u0131n Bak\u0131m G\u00f6revleri<\/h2>\n<ul>\n<li><strong>D\u00fczenli Denetimler:<\/strong> Bom silindirinde a\u015f\u0131nma veya hasar belirtileri olup olmad\u0131\u011f\u0131n\u0131 d\u00fczenli olarak kontrol etmek \u00e7ok \u00f6nemlidir. S\u0131z\u0131nt\u0131 olup olmad\u0131\u011f\u0131n\u0131 kontrol edin ve contalar\u0131n do\u011fru \u00e7al\u0131\u015ft\u0131\u011f\u0131ndan emin olun. Bu i\u015flem, daha ciddi sorunlar\u0131n ortaya \u00e7\u0131kmas\u0131n\u0131 \u00f6nlemek i\u00e7in gereklidir.<\/li>\n<li><strong>Uygun Ya\u011flama:<\/strong> Hidrolik ya\u011f seviyesini kontrol ederek ve gerekti\u011finde ya\u011f ekleyerek yeterli ya\u011flamay\u0131 sa\u011flay\u0131n. Do\u011fru ya\u011flama, s\u00fcrt\u00fcnmeyi ve a\u015f\u0131nmay\u0131 azaltarak hidrolik bile\u015fenlerin \u00f6mr\u00fcn\u00fc uzat\u0131r.<\/li>\n<li><strong>Conta De\u011fi\u015fimi:<\/strong> Silindirin b\u00fct\u00fcnl\u00fc\u011f\u00fcn\u00fc korumak i\u00e7in a\u015f\u0131nm\u0131\u015f veya hasar g\u00f6rm\u00fc\u015f contalar\u0131 d\u00fczenli olarak de\u011fi\u015ftirin. Zamanla contalar bozulabilir ve bu da performans\u0131 olumsuz etkileyen s\u0131z\u0131nt\u0131lara yol a\u00e7abilir.<\/li>\n<\/ul>\n<p><img decoding=\"async\" src=\"https:\/\/www.hydraulic-cylinders.net\/wp-content\/uploads\/2025\/04\/songte-chushion-collar.webp\" alt=\"Hidrolik Silindir Montaj\u0131\" \/><\/p>\n<h2>G\u00fcvenlik Hususlar\u0131 ve \u00c7evresel Fakt\u00f6rler<\/h2>\n<p>Bom silindirleri kullan\u0131l\u0131rken, hem operat\u00f6rleri hem de \u00e7evreyi korumak i\u00e7in g\u00fcvenlik \u00f6nlemlerine uymak \u00e7ok \u00f6nemlidir. \u00c7al\u0131\u015fma prosed\u00fcrleri ve g\u00fcvenlik protokolleri konusunda uygun e\u011fitim, hidrolik sistemlerle ili\u015fkili riskleri en aza indirir. Ayr\u0131ca, ekipman\u0131n d\u00fczenli bak\u0131m\u0131, \u00e7evreye zarar verebilecek s\u0131z\u0131nt\u0131lar\u0131 \u00f6nlemeye yard\u0131mc\u0131 olur. Bak\u0131m s\u0131ras\u0131nda d\u00f6k\u00fclme \u00f6nleme \u00f6nlemlerinin uygulanmas\u0131, potansiyel \u00e7evresel etkilere kar\u015f\u0131 daha fazla koruma sa\u011flayabilir.<\/p>\n<h2>Ar\u0131za Te\u015fhisi ve Yayg\u0131n Sorunlar<\/h2>\n<ul>\n<li><strong>S\u0131z\u0131nt\u0131:<\/strong> En s\u0131k kar\u015f\u0131la\u015f\u0131lan sorunlardan biri, genellikle a\u015f\u0131nm\u0131\u015f contalar veya hasarl\u0131 ba\u011flant\u0131lar nedeniyle olu\u015fan hidrolik s\u0131v\u0131 s\u0131z\u0131nt\u0131s\u0131d\u0131r. D\u00fczenli kontroller, s\u0131z\u0131nt\u0131lar\u0131 h\u0131zl\u0131 bir \u015fekilde tespit etmeye ve gidermeye yard\u0131mc\u0131 olabilir.<\/li>\n<li><strong>Zay\u0131f Performans:<\/strong> Silindir d\u00fczg\u00fcn bir \u015fekilde uzam\u0131yor veya geri \u00e7ekilmiyorsa, bu d\u00fc\u015f\u00fck hidrolik s\u0131v\u0131 seviyesine veya sistemde s\u0131k\u0131\u015fm\u0131\u015f havaya i\u015faret edebilir ve d\u00fczg\u00fcn \u00e7al\u0131\u015fmas\u0131 i\u00e7in havas\u0131n\u0131n al\u0131nmas\u0131 gerekir.<\/li>\n<li><strong>A\u015f\u0131r\u0131 Is\u0131nma:<\/strong> A\u015f\u0131r\u0131 \u0131s\u0131nma, a\u015f\u0131r\u0131 i\u015f y\u00fck\u00fc veya yetersiz ya\u011flama nedeniyle meydana gelebilir; bu da \u00e7al\u0131\u015fma ko\u015fullar\u0131n\u0131n ve ya\u011flama uygulamalar\u0131n\u0131n g\u00f6zden ge\u00e7irilmesini gerektirir.<\/li>\n<\/ul>\n<p>Bu sorunlar\u0131 etkili bir \u015fekilde gidermek i\u00e7in operat\u00f6rler d\u00fczenli bak\u0131m kontrolleri yapmal\u0131, performans \u00f6l\u00e7\u00fcmlerinin kayd\u0131n\u0131 tutmal\u0131 ve daha ciddi sorunlar\u0131n ortaya \u00e7\u0131kmas\u0131n\u0131 \u00f6nlemek i\u00e7in herhangi bir anormalli\u011fi derhal gidermelidir.<\/p>\n<p><img decoding=\"async\" src=\"https:\/\/www.hydraulic-cylinders.net\/wp-content\/uploads\/2025\/04\/songte-bushings-with-all-kinds-of-excavator-models.webp\" alt=\"Hidrolik Silindir Par\u00e7alar\u0131\" \/><\/p>\n<h2>\u015eirket Genel Bak\u0131\u015f\u0131<\/h2>\n<p>\u00d6nde gelen bir hidrolik silindir \u00fcreticisiyiz ve \u00e7e\u015fitli uygulamalar i\u00e7in y\u00fcksek kaliteli yedek par\u00e7alar \u00fcretme konusunda uzmanla\u015fm\u0131\u015f durumday\u0131z. Kapsaml\u0131 \u00fcr\u00fcn yelpazemiz ve m\u00fckemmelli\u011fe olan ba\u011fl\u0131l\u0131\u011f\u0131m\u0131z, bizi hem yurt i\u00e7i hem de uluslararas\u0131 pazarlarda \u00f6nde gelen hidrolik silindir \u00fcreticilerinden ve toptanc\u0131lar\u0131ndan biri haline getirmi\u015ftir. \u00dcretim kapasitemizi art\u0131rmak i\u00e7in geli\u015fmi\u015f teknoloji, yetenekli profesyoneller ve dijital \u00fcst d\u00fczey \u00fcretim ekipmanlar\u0131 kullanarak hassas \u00fcretim y\u00f6netimi stratejisine ba\u011fl\u0131 kal\u0131yoruz.<\/p>\n<p>Kalite kontrol\u00fcne verdi\u011fimiz \u00f6nem, her \u00fcr\u00fcn\u00fcn kat\u0131 standartlar\u0131 kar\u015f\u0131lamas\u0131n\u0131 sa\u011flayan geli\u015fmi\u015f test sistemlerimizde a\u00e7\u0131k\u00e7a g\u00f6r\u00fclmektedir. Verimlilik, hassasiyet ve y\u00fcksek kalite ilkelerine olan ba\u011fl\u0131l\u0131\u011f\u0131m\u0131zla, \u00f6zelle\u015ftirilmi\u015f hizmetler, profesyonel destek ve kapsaml\u0131 sat\u0131\u015f sonras\u0131 hizmetler arac\u0131l\u0131\u011f\u0131yla m\u00fc\u015fterilerimizin \u00e7e\u015fitli ihtiya\u00e7lar\u0131n\u0131 kar\u015f\u0131lamaya \u00e7al\u0131\u015f\u0131yoruz.<\/p>\n<p><img decoding=\"async\" src=\"https:\/\/www.hydraulic-cylinders.net\/wp-content\/uploads\/2025\/04\/songte-company-4.webp\" alt=\"\u015eirketimiz\" \/><br \/>\n<img decoding=\"async\" src=\"https:\/\/www.hydraulic-cylinders.net\/wp-content\/uploads\/2025\/04\/songte-company-3.webp\" alt=\"Tesislerimiz\" \/><\/p>\n<p>Yazar: lyl<\/p>","protected":false},"excerpt":{"rendered":"<p>Boom Cylinder For Caterpillar Small Excavator E120\/120B Overview of Boom Cylinder The Boom Cylinder is a crucial component in the hydraulic system of heavy machinery, particularly in excavators like the Caterpillar E120\/120B. This hydraulic cylinder is specifically designed to control the movement of the bucket, allowing it to lift, lower, and tilt, making it essential [&hellip;]<\/p>","protected":false},"featured_media":17872,"comment_status":"open","ping_status":"closed","template":"","meta":{"_et_pb_use_builder":"","_et_pb_old_content":"","_et_gb_content_width":""},"product_brand":[],"product_cat":[1546],"product_tag":[1547,1496],"class_list":{"0":"post-18930","1":"product","2":"type-product","3":"status-publish","4":"has-post-thumbnail","6":"product_cat-boom-cylinders","7":"product_tag-boom-cylinders","8":"product_tag-hydraulic-cylinders","10":"first","11":"instock","12":"shipping-taxable","13":"product-type-simple"},"amp_enabled":true,"_links":{"self":[{"href":"https:\/\/www.hydraulic-cylinders.net\/tr\/wp-json\/wp\/v2\/product\/18930","targetHints":{"allow":["GET"]}}],"collection":[{"href":"https:\/\/www.hydraulic-cylinders.net\/tr\/wp-json\/wp\/v2\/product"}],"about":[{"href":"https:\/\/www.hydraulic-cylinders.net\/tr\/wp-json\/wp\/v2\/types\/product"}],"replies":[{"embeddable":true,"href":"https:\/\/www.hydraulic-cylinders.net\/tr\/wp-json\/wp\/v2\/comments?post=18930"}],"wp:featuredmedia":[{"embeddable":true,"href":"https:\/\/www.hydraulic-cylinders.net\/tr\/wp-json\/wp\/v2\/media\/17872"}],"wp:attachment":[{"href":"https:\/\/www.hydraulic-cylinders.net\/tr\/wp-json\/wp\/v2\/media?parent=18930"}],"wp:term":[{"taxonomy":"product_brand","embeddable":true,"href":"https:\/\/www.hydraulic-cylinders.net\/tr\/wp-json\/wp\/v2\/product_brand?post=18930"},{"taxonomy":"product_cat","embeddable":true,"href":"https:\/\/www.hydraulic-cylinders.net\/tr\/wp-json\/wp\/v2\/product_cat?post=18930"},{"taxonomy":"product_tag","embeddable":true,"href":"https:\/\/www.hydraulic-cylinders.net\/tr\/wp-json\/wp\/v2\/product_tag?post=18930"}],"curies":[{"name":"wp","href":"https:\/\/api.w.org\/{rel}","templated":true}]}}