{"id":18934,"date":"2025-04-07T06:02:58","date_gmt":"2025-04-07T06:02:58","guid":{"rendered":"https:\/\/www.hydraulic-cylinders.net\/product\/boom-cylinder-for-caterpillar-small-excavator-e312d\/"},"modified":"2025-04-07T06:03:07","modified_gmt":"2025-04-07T06:03:07","slug":"boom-cylinder-for-caterpillar-small-excavator-e312d","status":"publish","type":"product","link":"https:\/\/www.hydraulic-cylinders.net\/tr\/urun\/boom-cylinder-for-caterpillar-small-excavator-e312d\/","title":{"rendered":"Caterpillar E312D K\u00fc\u00e7\u00fck Ekskavat\u00f6r \u0130\u00e7in Bom Silindiri"},"content":{"rendered":"<h1>Caterpillar E312D K\u00fc\u00e7\u00fck Ekskavat\u00f6r \u0130\u00e7in Bom Silindiri<\/h1>\n<h2>\u00dcr\u00fcn Genel Bak\u0131\u015f\u0131<\/h2>\n<p>Caterpillar E312D k\u00fc\u00e7\u00fck ekskavat\u00f6r i\u00e7in bom silindiri, ekskavat\u00f6r\u00fcn bomunun hareketini kontrol etmek i\u00e7in tasarlanm\u0131\u015f \u00f6nemli bir hidrolik bile\u015fendir. Bu hidrolik silindir, hidrolik sistemde kritik bir rol oynayarak bomun kald\u0131r\u0131lmas\u0131n\u0131, indirilmesini ve e\u011filmesini sa\u011flar ve b\u00f6ylece \u00e7e\u015fitli malzeme ta\u015f\u0131ma g\u00f6revlerini kolayla\u015ft\u0131r\u0131r. Kep\u00e7e silindiri veya bom silindiri, a\u011f\u0131r makineler i\u00e7in \u00f6zel olarak tasarlanm\u0131\u015ft\u0131r ve operat\u00f6rlerin kaz\u0131 ve kald\u0131rma i\u015flemlerini verimli bir \u015fekilde y\u00f6netmelerini sa\u011flar.<\/p>\n<p><img decoding=\"async\" src=\"https:\/\/www.hydraulic-cylinders.net\/wp-content\/uploads\/2025\/04\/songte-company-1.webp\" alt=\"Ekskavat\u00f6rler i\u00e7in Bom Silindiri\" \/><\/p>\n<h3>Tan\u0131m ve \u0130\u015flevsellik<\/h3>\n<p>Ekskavat\u00f6rlerde, beko y\u00fckleyicilerde ve \u00f6n y\u00fckleyicilerde yayg\u0131n olarak bulunan kep\u00e7e silindirleri, kep\u00e7enin hareketini kontrol etmek i\u00e7in hayati \u00f6neme sahip hidrolik silindirlerdir. Bu silindirler, y\u00fcksek bas\u0131n\u00e7lara ve a\u011f\u0131r y\u00fcklere dayanacak \u015fekilde tasarlanm\u0131\u015ft\u0131r ve zorlu ortamlarda etkili bir \u015fekilde \u00e7al\u0131\u015fabilmelerini sa\u011flar. Bir bom silindirinin temel i\u015flevi, kep\u00e7eyi kald\u0131rmak ve indirmek i\u00e7in gerekli kuvveti sa\u011flamak, b\u00f6ylece hassas kaz\u0131 ve malzeme ta\u015f\u0131mac\u0131l\u0131\u011f\u0131na olanak tan\u0131makt\u0131r.<\/p>\n<h2>Bom Silindirinin \u00d6zellikleri<\/h2>\n<ul>\n<li><strong>Y\u00fcksek Dayan\u0131kl\u0131l\u0131k ve Dayan\u0131kl\u0131l\u0131k:<\/strong> Genellikle y\u00fcksek mukavemetli \u00e7elik veya al\u00fcminyumdan yap\u0131lan bu silindirler, y\u00fcksek bas\u0131nca ve a\u011f\u0131r y\u00fcklere dayanabilir, bu da onlar\u0131 zorlu \u00e7al\u0131\u015fma ko\u015fullar\u0131 i\u00e7in uygun hale getirir.<\/li>\n<li><strong>Verimli Hidrolik \u00c7al\u0131\u015fma:<\/strong> Hidrolik ya\u011f bas\u0131nc\u0131n\u0131 kullanarak d\u00fczg\u00fcn bir \u015fekilde uzama ve geri \u00e7ekilme sa\u011flayan bu sistemler, kontrol komutlar\u0131na h\u0131zl\u0131 bir \u015fekilde yan\u0131t vererek a\u011f\u0131r malzemelerin ta\u015f\u0131nmas\u0131 i\u00e7in ideal olan \u00f6nemli bir itme ve \u00e7ekme kuvveti sunar.<\/li>\n<li><strong>\u00c7e\u015fitli T\u00fcrler:<\/strong> Hem tek y\u00f6nl\u00fc (tek y\u00f6nde \u00e7al\u0131\u015fan) hem de \u00e7ift y\u00f6nl\u00fc (iki y\u00f6nde \u00e7al\u0131\u015fan) konfig\u00fcrasyonlarda mevcuttur; baz\u0131 modellerde d\u0131\u015f boyutu art\u0131rmadan daha fazla eri\u015fim sa\u011flamak i\u00e7in teleskopik tasar\u0131mlar bulunur.<\/li>\n<li><strong>Korozyon Direnci:<\/strong> Silindirin kullan\u0131m \u00f6mr\u00fcn\u00fc uzatmak ve zaman i\u00e7inde g\u00fcvenilir performans sa\u011flamak amac\u0131yla a\u015f\u0131nma direnci ve korozyon \u00f6nleyici \u00f6zelliklerle tasarlanm\u0131\u015ft\u0131r.<\/li>\n<li><strong>\u00d6zelle\u015ftirilebilir Se\u00e7enekler:<\/strong> Silindirlerimiz, belirli operasyonel gereksinimleri kar\u015f\u0131layacak \u015fekilde \u00f6zelle\u015ftirilebilir ve \u00e7e\u015fitli ekskavat\u00f6r modelleriyle uyumluluk sa\u011flanabilir.<\/li>\n<\/ul>\n<h2>Bom Silindirinin Uygulamalar\u0131<\/h2>\n<h3>\u0130n\u015faat Ekipmanlar\u0131<\/h3>\n<p>Ekskavat\u00f6rlerde, bom silindiri kazma, y\u00fckleme ve toprak veya moloz ta\u015f\u0131ma i\u015flemlerinde hayati \u00f6neme sahiptir. Silindir taraf\u0131ndan \u00fcretilen hidrolik kuvvet, kep\u00e7enin zemine etkili bir \u015fekilde n\u00fcfuz etmesini sa\u011flayarak, sert malzemelerin bile kaz\u0131lmas\u0131n\u0131 kolayla\u015ft\u0131r\u0131r. Ayr\u0131ca, kaz\u0131c\u0131 y\u00fckleyicilerde silindir hem kazma hem de kald\u0131rma i\u015flemlerinde yard\u0131mc\u0131 olarak \u015fantiyedeki genel verimlili\u011fi art\u0131r\u0131r.<\/p>\n<h3>Tar\u0131m Makinalar\u0131<\/h3>\n<p>\u00d6n y\u00fckleyicilerde, bom silindiri toprak, saman ve di\u011fer malzemeleri kep\u00e7elemek, kald\u0131rmak ve ta\u015f\u0131mak i\u00e7in kullan\u0131l\u0131r. Hidrolik silindir, verimli y\u00fckleme ve bo\u015faltma i\u015flemlerine olanak tan\u0131r; bu da tar\u0131m alanlar\u0131nda zaman\u0131nda ve etkili malzeme ta\u015f\u0131man\u0131n \u00e7iftlik faaliyetleri i\u00e7in hayati \u00f6nem ta\u015f\u0131d\u0131\u011f\u0131 durumlarda \u00e7ok \u00f6nemlidir.<\/p>\n<h3>Ekskavat\u00f6r Uygulamalar\u0131<\/h3>\n<p>Ekskavat\u00f6rlerdeki kep\u00e7e silindiri, kep\u00e7enin topra\u011fa kolayca n\u00fcfuz etmesini sa\u011flayarak kazma i\u015flemini kolayla\u015ft\u0131r\u0131r. Bu \u00f6zellik, peyzaj, madencilik veya in\u015faat ama\u00e7l\u0131 \u00e7e\u015fitli kaz\u0131 i\u015flerinde temel \u00f6neme sahiptir. G\u00fc\u00e7l\u00fc hidrolik mekanizma, operat\u00f6rlerin hassas ve kontroll\u00fc bir \u015fekilde derin kaz\u0131lar yapabilmesini sa\u011flar.<\/p>\n<h3>Y\u00fckleyici Operasyonlar\u0131<\/h3>\n<p>\u00d6n y\u00fckleyicilerde, bom silindirleri y\u00fcklerin etkili bir \u015fekilde kald\u0131r\u0131lmas\u0131na ve bo\u015falt\u0131lmas\u0131na yard\u0131mc\u0131 olur. Hidrolik sistem, \u00f6zellikle in\u015faat ve malzeme ta\u015f\u0131ma i\u015flerinde \u00f6nemli olan, malzemelerin \u00f6nemli y\u00fcksekliklere kald\u0131r\u0131lmas\u0131na ve hassas bir \u015fekilde bo\u015falt\u0131lmas\u0131na olanak tan\u0131yarak sorunsuz \u00e7al\u0131\u015fma sa\u011flar.<\/p>\n<h2>Tasar\u0131m Hususlar\u0131 ve Se\u00e7im Kriterleri<\/h2>\n<h3>Y\u00fck Kapasitesi<\/h3>\n<p>Bir bom silindiri se\u00e7erken, en \u00f6nemli hususlardan biri y\u00fck ta\u015f\u0131ma kapasitesidir. Silindir, \u00e7al\u0131\u015fma s\u0131ras\u0131nda maruz kalaca\u011f\u0131 maksimum a\u011f\u0131rl\u0131\u011f\u0131 kald\u0131rabilmelidir. Bu fakt\u00f6r, ekipman\u0131n g\u00fcvenli\u011fini ve verimlili\u011fini sa\u011flad\u0131\u011f\u0131 i\u00e7in kritik \u00f6neme sahiptir. \u00dcreticiler genellikle silindirlerinin y\u00fck ta\u015f\u0131ma kapasitelerini belirtir ve bu da operat\u00f6rlerin ihtiya\u00e7lar\u0131na uygun ekipman\u0131 se\u00e7melerine olanak tan\u0131r.<\/p>\n<h3>S\u0131zd\u0131rmazl\u0131k Mekanizmalar\u0131<\/h3>\n<p>Etkili s\u0131zd\u0131rmazl\u0131k, hidrolik s\u0131v\u0131 s\u0131z\u0131nt\u0131lar\u0131n\u0131 \u00f6nlemek ve optimum performans\u0131 sa\u011flamak i\u00e7in hayati \u00f6neme sahiptir. Tasar\u0131m, poli\u00fcretan veya nitril kau\u00e7uk gibi dayan\u0131kl\u0131 malzemelerden yap\u0131lm\u0131\u015f piston contalar\u0131 ve mil contalar\u0131 gibi y\u00fcksek kaliteli contalar\u0131 i\u00e7ermelidir. Bu contalar y\u00fcksek bas\u0131n\u00e7lara dayanmal\u0131 ve a\u015f\u0131nmaya kar\u015f\u0131 diren\u00e7 g\u00f6stermeli, b\u00f6ylece silindirin \u00f6mr\u00fcn\u00fc uzatmal\u0131d\u0131r.<\/p>\n<h3>Dayan\u0131kl\u0131l\u0131k<\/h3>\n<p>Bom silindirlerinin tasar\u0131m\u0131nda dayan\u0131kl\u0131l\u0131k \u00e7ok \u00f6nemli bir fakt\u00f6rd\u00fcr. S\u0131cakl\u0131k de\u011fi\u015fimleri ve kir ile d\u00f6k\u00fcnt\u00fclere maruz kalma gibi a\u015f\u0131r\u0131 ko\u015fullara tabidirler. Yap\u0131m\u0131nda kullan\u0131lan malzemeler sa\u011flam ve korozyona dayan\u0131kl\u0131 olmal\u0131d\u0131r; \u00e7\u00fcnk\u00fc korozyon zamanla performans\u0131 d\u00fc\u015f\u00fcrebilir. \u0130yi tasarlanm\u0131\u015f bir bom silindiri, \u00e7al\u0131\u015fma ortam\u0131n\u0131n taleplerine dayanabilece\u011finden emin olmak i\u00e7in titiz testlerden ge\u00e7irilmi\u015f olmal\u0131d\u0131r.<\/p>\n<h3>G\u00fcvenlik \u00d6zellikleri<\/h3>\n<p>Hidrolik silindirlerin tasar\u0131m\u0131nda g\u00fcvenlik her \u015feyden \u00f6nce gelmelidir. Bas\u0131n\u00e7 tahliye vanalar\u0131 gibi \u00f6zellikler a\u015f\u0131r\u0131 y\u00fcklenmeyi \u00f6nleyebilirken, uygun montaj konfig\u00fcrasyonlar\u0131 \u00e7al\u0131\u015fma s\u0131ras\u0131nda stabiliteyi sa\u011flayabilir. Kullan\u0131c\u0131lar\u0131 ve ekipman\u0131 korumak i\u00e7in \u00fcretim s\u00fcrecinde g\u00fcvenlik standartlar\u0131na ve sertifikalar\u0131na dikkat etmek \u015fartt\u0131r.<\/p>\n<h3>Bak\u0131m ve Onar\u0131m Kolayl\u0131\u011f\u0131<\/h3>\n<p>Bak\u0131m kolayl\u0131\u011f\u0131 da kritik bir tasar\u0131m unsurudur. Silindir, d\u00fczenli kontroller ve de\u011fi\u015fimler i\u00e7in contalara ve bile\u015fenlere kolay eri\u015fim sa\u011flamal\u0131d\u0131r. Bak\u0131m i\u015flemlerinin ne s\u0131kl\u0131kla gerekli oldu\u011fu ve par\u00e7alar\u0131n ne kadar kolay de\u011fi\u015ftirilebilece\u011fi dikkate al\u0131nmal\u0131d\u0131r. Tamir edilebilirli\u011fe \u00f6ncelik veren bir tasar\u0131m, ekipman ar\u0131zas\u0131yla ili\u015fkili ar\u0131za s\u00fcrelerini ve maliyetleri \u00f6nemli \u00f6l\u00e7\u00fcde azaltabilir.<\/p>\n<p><img decoding=\"async\" src=\"https:\/\/www.hydraulic-cylinders.net\/wp-content\/uploads\/2025\/04\/songte-oil-pipes-and-spare-parts.webp\" alt=\"Hidrolik Bile\u015fenler\" \/><\/p>\n<h2>S\u0131zd\u0131rmazl\u0131k ve Ya\u011flama<\/h2>\n<p>Bom silindirlerinin verimli \u00e7al\u0131\u015fmas\u0131 i\u00e7in uygun s\u0131zd\u0131rmazl\u0131k ve ya\u011flama \u00e7ok \u00f6nemlidir. Hidrolik s\u0131v\u0131 s\u0131z\u0131nt\u0131lar\u0131n\u0131 \u00f6nlemek i\u00e7in piston contalar\u0131 ve mil contalar\u0131 dahil olmak \u00fczere \u00e7e\u015fitli s\u0131zd\u0131rmazl\u0131k bile\u015fenleri kullan\u0131lmal\u0131d\u0131r. Poli\u00fcretan ve nitril kau\u00e7uk gibi a\u015f\u0131nmaya dayan\u0131kl\u0131 malzemelerden yap\u0131lm\u0131\u015f contalar \u00f6nerilir. Ayr\u0131ca, a\u015f\u0131nma direncini art\u0131rmak i\u00e7in silindir g\u00f6vdesi ve di\u015fli u\u00e7lar hassas i\u015fleme tabi tutulmal\u0131d\u0131r. S\u00fcrt\u00fcnmeyi ve a\u015f\u0131nmay\u0131 en aza indirmek, sorunsuz \u00e7al\u0131\u015fmay\u0131 sa\u011flamak ve silindirin kullan\u0131m \u00f6mr\u00fcn\u00fc uzatmak i\u00e7in hidrolik ya\u011f ile d\u00fczenli ya\u011flama gereklidir.<\/p>\n<h2>D\u00fczenli Muayene ve \u00d6nleyici Bak\u0131m<\/h2>\n<ul>\n<li><strong>D\u00fczenli Denetimler:<\/strong> Silindirde a\u015f\u0131nma, s\u0131z\u0131nt\u0131 veya hasar belirtileri olup olmad\u0131\u011f\u0131n\u0131 kontrol etmek i\u00e7in d\u00fczenli kontroller planlay\u0131n. Sorunlar\u0131n erken tespiti, daha b\u00fcy\u00fck problemlerin \u00f6nlenmesine yard\u0131mc\u0131 olabilir.<\/li>\n<li><strong>Ya\u011flama:<\/strong> S\u0131zd\u0131rmazl\u0131k elemanlar\u0131n\u0131n d\u00fczg\u00fcn \u00e7al\u0131\u015fmas\u0131n\u0131 sa\u011flamak ve s\u00fcrt\u00fcnmeyi azaltmak i\u00e7in hidrolik ya\u011f seviyelerinin yeterli oldu\u011fundan ve d\u00fczenli olarak ya\u011flama yap\u0131ld\u0131\u011f\u0131ndan emin olun.<\/li>\n<li><strong>Conta De\u011fi\u015fimi:<\/strong> Zamanla contalar bozulabilir ve de\u011fi\u015ftirilmesi gerekebilir. D\u00fczenli kontroller, performans\u0131 korumak i\u00e7in contalar\u0131n ne zaman de\u011fi\u015ftirilmesi gerekti\u011fini belirlemeye yard\u0131mc\u0131 olacakt\u0131r.<\/li>\n<\/ul>\n<h2>Kurulum Talimatlar\u0131<\/h2>\n<p>Bom silindirinin do\u011fru montaj\u0131, optimum performans ve g\u00fcvenlik i\u00e7in \u00e7ok \u00f6nemlidir. \u00d6ncelikle \u00e7al\u0131\u015fma alan\u0131n\u0131n temiz ve kal\u0131nt\u0131lardan ar\u0131nd\u0131r\u0131lm\u0131\u015f oldu\u011fundan emin olun. Silindiri, ekskavat\u00f6r \u00fczerindeki mevcut montaj noktalar\u0131yla do\u011fru \u015fekilde hizalay\u0131n ve silindiri yerine sabitlemek i\u00e7in uygun montaj braketlerini kullan\u0131n. T\u00fcm hidrolik ba\u011flant\u0131lar\u0131n do\u011fru \u015fekilde yap\u0131ld\u0131\u011f\u0131ndan, \u00e7apraz di\u015f a\u00e7ma veya s\u0131z\u0131nt\u0131lar\u0131n \u00f6nlendi\u011finden emin olun. Ayr\u0131ca, g\u00fcvenli ve etkili \u00e7al\u0131\u015fma sa\u011flamak i\u00e7in \u00fcreticinin tork ayarlar\u0131 ve montaj prosed\u00fcrleri spesifikasyonlar\u0131na uymak da \u00e7ok \u00f6nemlidir.<\/p>\n<h2>Yayg\u0131n Bak\u0131m G\u00f6revleri<\/h2>\n<ul>\n<li><strong>D\u00fczenli Denetimler:<\/strong> Silindirde s\u0131z\u0131nt\u0131, hasar ve a\u015f\u0131nma olup olmad\u0131\u011f\u0131n\u0131 d\u00fczenli olarak kontrol edin. Bu, operasyonel verimlili\u011fi ve g\u00fcvenli\u011fi korumak i\u00e7in \u00e7ok \u00f6nemlidir.<\/li>\n<li><strong>Uygun Ya\u011flama:<\/strong> S\u00fcrt\u00fcnmeyi azaltmak ve contalar ile hareketli par\u00e7alar\u0131n a\u015f\u0131nmas\u0131n\u0131 \u00f6nlemek i\u00e7in silindiri d\u00fczenli olarak hidrolik ya\u011f ile ya\u011flay\u0131n.<\/li>\n<li><strong>Conta De\u011fi\u015fimi:<\/strong> Contalar\u0131n a\u015f\u0131nmas\u0131n\u0131 kontrol edin ve gerekti\u011finde de\u011fi\u015ftirin. Bu, ekipman ar\u0131zas\u0131na yol a\u00e7abilecek hidrolik s\u0131v\u0131 s\u0131z\u0131nt\u0131lar\u0131n\u0131 \u00f6nlemek i\u00e7in hayati \u00f6nem ta\u015f\u0131r.<\/li>\n<\/ul>\n<h2>G\u00fcvenlik Hususlar\u0131 ve \u00c7evresel Fakt\u00f6rler<\/h2>\n<p>Hidrolik silindirler kullan\u0131l\u0131rken g\u00fcvenlik \u00f6nlemleri son derece \u00f6nemlidir. Operat\u00f6rler, uygun ki\u015fisel koruyucu ekipman giymek ve g\u00fcvenli makine kullan\u0131m\u0131 y\u00f6nergelerine uymak gibi g\u00fcvenlik protokollerinin \u00f6nemini kavramalar\u0131 konusunda e\u011fitilmelidir. Ayr\u0131ca, \u00e7evresel hususlar da dikkate al\u0131nmal\u0131, hidrolik s\u0131v\u0131lar\u0131n uygun \u015fekilde bertaraf edilmesi ve ekipman\u0131n bak\u0131m\u0131 yap\u0131larak \u00e7evreye zarar verebilecek s\u0131z\u0131nt\u0131 ve d\u00f6k\u00fclmelerin en aza indirilmesi sa\u011flanmal\u0131d\u0131r.<\/p>\n<h2>Sorun Giderme ve Yayg\u0131n Sorunlar<\/h2>\n<ul>\n<li><strong>S\u0131z\u0131nt\u0131:<\/strong> Hidrolik silindirlerde s\u0131k kar\u015f\u0131la\u015f\u0131lan bir sorun, a\u015f\u0131nm\u0131\u015f contalar veya hasarl\u0131 bile\u015fenlerden kaynaklanabilen s\u0131z\u0131nt\u0131lard\u0131r. D\u00fczenli kontroller, s\u0131z\u0131nt\u0131lar\u0131 h\u0131zl\u0131 bir \u015fekilde tespit etmeye ve gidermeye yard\u0131mc\u0131 olabilir.<\/li>\n<li><strong>Performans Sorunlar\u0131:<\/strong> E\u011fer bom silindiri d\u00fczg\u00fcn \u00e7al\u0131\u015fm\u0131yorsa, bu hidrolik sistemde d\u00fc\u015f\u00fck s\u0131v\u0131 seviyesi veya hatlarda hava gibi bir sorun oldu\u011funu g\u00f6sterebilir. Bu sorunlar\u0131n h\u0131zl\u0131 bir \u015fekilde giderilmesi \u00e7ok \u00f6nemlidir.<\/li>\n<li><strong>A\u015f\u0131r\u0131 Is\u0131nma:<\/strong> A\u015f\u0131r\u0131 \u0131s\u0131, hidrolik sistemleri olumsuz etkileyerek conta ar\u0131zas\u0131na ve verimlilik d\u00fc\u015f\u00fc\u015f\u00fcne yol a\u00e7abilir. S\u0131cakl\u0131\u011f\u0131n izlenmesi ve s\u0131v\u0131 seviyelerinin do\u011fru tutulmas\u0131, a\u015f\u0131r\u0131 \u0131s\u0131nmay\u0131 \u00f6nlemeye yard\u0131mc\u0131 olabilir.<\/li>\n<\/ul>\n<h2>Ar\u0131za Y\u00f6netimi \u0130pu\u00e7lar\u0131<\/h2>\n<p>Bom silindirindeki sorunlar\u0131 etkili bir \u015fekilde te\u015fhis etmek ve \u00e7\u00f6zmek i\u00e7in operat\u00f6rler sistematik bir yakla\u015f\u0131m izlemelidir. \u00d6ncelikle s\u0131v\u0131 seviyelerini kontrol ederek ve s\u0131z\u0131nt\u0131 olup olmad\u0131\u011f\u0131n\u0131 inceleyerek i\u015fe ba\u015flay\u0131n. Performans sorunlar\u0131 ortaya \u00e7\u0131karsa, hidrolik sistemde herhangi bir t\u0131kan\u0131kl\u0131k veya hava cebi olup olmad\u0131\u011f\u0131n\u0131 de\u011ferlendirmek \u00e7ok \u00f6nemlidir. D\u00fczenli bak\u0131m ve a\u015f\u0131nm\u0131\u015f par\u00e7alar\u0131n zaman\u0131nda de\u011fi\u015ftirilmesi gibi \u00f6nleyici tedbirlerin uygulanmas\u0131, gelecekteki sorunlar\u0131n olas\u0131l\u0131\u011f\u0131n\u0131 \u00f6nemli \u00f6l\u00e7\u00fcde azaltabilir.<\/p>\n<p><img decoding=\"async\" src=\"https:\/\/www.hydraulic-cylinders.net\/wp-content\/uploads\/2025\/04\/songte-bushings-with-all-kinds-of-excavator-models.webp\" alt=\"Ekskavat\u00f6r Bur\u00e7lar\u0131\" \/><\/p>\n<h2>\u015eirketimiz Hakk\u0131nda<\/h2>\n<p>\u00d6nde gelen yedek hidrolik silindir \u00fcreticisi olarak, hem yurt i\u00e7i hem de uluslararas\u0131 pazarlarda kapsaml\u0131 bir \u00fcr\u00fcn yelpazesi sunuyoruz. M\u00fckemmelli\u011fe olan ba\u011fl\u0131l\u0131\u011f\u0131m\u0131z, titiz \u00fcretim s\u00fcre\u00e7lerimizde ve geli\u015fmi\u015f teknolojinin kullan\u0131m\u0131nda kendini g\u00f6stermektedir. \u00dcretim kapasitemizi art\u0131rmak i\u00e7in \u00fcst d\u00fczey dijital \u00fcretim ekipmanlar\u0131na ve profesyonel test sistemlerine yat\u0131r\u0131m yap\u0131yoruz. Amac\u0131m\u0131z, y\u00fcksek verimlilik, hassasiyet ve kalite ile \u00e7e\u015fitli m\u00fc\u015fteri ihtiya\u00e7lar\u0131n\u0131 kar\u015f\u0131lamakt\u0131r.<\/p>\n<p><img decoding=\"async\" src=\"https:\/\/www.hydraulic-cylinders.net\/wp-content\/uploads\/2025\/04\/songte-company-4.webp\" alt=\"\u015eirket Genel Bak\u0131\u015f\u0131\" \/><br \/>\n<img decoding=\"async\" src=\"https:\/\/www.hydraulic-cylinders.net\/wp-content\/uploads\/2025\/04\/songte-company-3.webp\" alt=\"\u00dcretim Tesisi\" \/><\/p>\n<h2>\u00c7\u00f6z\u00fcm<\/h2>\n<p>\u00d6zetle, Caterpillar E312D k\u00fc\u00e7\u00fck ekskavat\u00f6r i\u00e7in bom silindiri, ekskavat\u00f6rlerin operasyonel yeteneklerini art\u0131ran hayati bir bile\u015fendir. \u00d6zelliklerini, uygulamalar\u0131n\u0131 ve bak\u0131m gereksinimlerini anlamak, performans\u0131n\u0131 ve kullan\u0131m \u00f6mr\u00fcn\u00fc \u00f6nemli \u00f6l\u00e7\u00fcde iyile\u015ftirebilir.<\/p>\n<p>Yazar: lyl<\/p>","protected":false},"excerpt":{"rendered":"<p>Boom Cylinder For Caterpillar Small Excavator E312D Product Overview The Boom Cylinder for Caterpillar Small Excavator E312D is an essential hydraulic component designed to control the movement of the excavator&#8217;s boom. This hydraulic cylinder plays a critical role in the hydraulic system, enabling the boom to lift, lower, and tilt, thus facilitating various material handling [&hellip;]<\/p>","protected":false},"featured_media":17876,"comment_status":"open","ping_status":"closed","template":"","meta":{"_et_pb_use_builder":"","_et_pb_old_content":"","_et_gb_content_width":""},"product_brand":[],"product_cat":[1546],"product_tag":[1547,1496],"class_list":{"0":"post-18934","1":"product","2":"type-product","3":"status-publish","4":"has-post-thumbnail","6":"product_cat-boom-cylinders","7":"product_tag-boom-cylinders","8":"product_tag-hydraulic-cylinders","10":"first","11":"instock","12":"shipping-taxable","13":"product-type-simple"},"amp_enabled":true,"_links":{"self":[{"href":"https:\/\/www.hydraulic-cylinders.net\/tr\/wp-json\/wp\/v2\/product\/18934","targetHints":{"allow":["GET"]}}],"collection":[{"href":"https:\/\/www.hydraulic-cylinders.net\/tr\/wp-json\/wp\/v2\/product"}],"about":[{"href":"https:\/\/www.hydraulic-cylinders.net\/tr\/wp-json\/wp\/v2\/types\/product"}],"replies":[{"embeddable":true,"href":"https:\/\/www.hydraulic-cylinders.net\/tr\/wp-json\/wp\/v2\/comments?post=18934"}],"wp:featuredmedia":[{"embeddable":true,"href":"https:\/\/www.hydraulic-cylinders.net\/tr\/wp-json\/wp\/v2\/media\/17876"}],"wp:attachment":[{"href":"https:\/\/www.hydraulic-cylinders.net\/tr\/wp-json\/wp\/v2\/media?parent=18934"}],"wp:term":[{"taxonomy":"product_brand","embeddable":true,"href":"https:\/\/www.hydraulic-cylinders.net\/tr\/wp-json\/wp\/v2\/product_brand?post=18934"},{"taxonomy":"product_cat","embeddable":true,"href":"https:\/\/www.hydraulic-cylinders.net\/tr\/wp-json\/wp\/v2\/product_cat?post=18934"},{"taxonomy":"product_tag","embeddable":true,"href":"https:\/\/www.hydraulic-cylinders.net\/tr\/wp-json\/wp\/v2\/product_tag?post=18934"}],"curies":[{"name":"wp","href":"https:\/\/api.w.org\/{rel}","templated":true}]}}