{"id":18940,"date":"2025-04-07T06:03:21","date_gmt":"2025-04-07T06:03:21","guid":{"rendered":"https:\/\/www.hydraulic-cylinders.net\/product\/boom-cylinder-for-caterpillar-small-excavator-e312dc\/"},"modified":"2025-04-07T06:03:23","modified_gmt":"2025-04-07T06:03:23","slug":"boom-cylinder-for-caterpillar-small-excavator-e312dc","status":"publish","type":"product","link":"https:\/\/www.hydraulic-cylinders.net\/tr\/urun\/boom-cylinder-for-caterpillar-small-excavator-e312dc\/","title":{"rendered":"Caterpillar E312DC K\u00fc\u00e7\u00fck Ekskavat\u00f6r \u0130\u00e7in Bom Silindiri"},"content":{"rendered":"<h1>Caterpillar E312DC K\u00fc\u00e7\u00fck Ekskavat\u00f6r \u0130\u00e7in Bom Silindiri<\/h1>\n<h2>\u00dcr\u00fcn Genel Bak\u0131\u015f\u0131<\/h2>\n<p>Caterpillar E312DC k\u00fc\u00e7\u00fck ekskavat\u00f6r i\u00e7in bom silindiri, ekskavat\u00f6rler, kaz\u0131c\u0131 y\u00fckleyiciler ve \u00f6n y\u00fckleyiciler de dahil olmak \u00fczere \u00e7e\u015fitli a\u011f\u0131r makinelerde bomun hareketini kontrol etmek i\u00e7in tasarlanm\u0131\u015f \u00f6zel bir hidrolik silindirdir. Bu temel bile\u015fen, bomun kald\u0131r\u0131lmas\u0131n\u0131, indirilmesini ve e\u011filmesini sa\u011flayarak etkili malzeme ta\u015f\u0131ma g\u00f6revlerini kolayla\u015ft\u0131r\u0131r. Hidrolik sistemlerde, kova silindiri, a\u011f\u0131r i\u015f operasyonlar\u0131 i\u00e7in gerekli kuvveti ve hareketi sa\u011flayarak \u00e7ok \u00f6nemli bir rol oynar.<\/p>\n<p><img decoding=\"async\" src=\"https:\/\/www.hydraulic-cylinders.net\/wp-content\/uploads\/2025\/04\/songte-company-1.webp\" alt=\"Ekskavat\u00f6r i\u00e7in Bom Silindiri\" \/><\/p>\n<h3>Tan\u0131m ve \u0130\u015flevsellik<\/h3>\n<p>Kova silindiri, hidrolik sistemler i\u00e7inde ekipman kovalar\u0131n\u0131n hareketini kontrol etmek i\u00e7in \u00f6zel olarak kullan\u0131lan bir hidrolik silindir t\u00fcr\u00fcd\u00fcr. Bu silindirler, hareket olu\u015fturmak i\u00e7in hidrolik s\u0131v\u0131 bas\u0131nc\u0131n\u0131 kullanarak \u00e7al\u0131\u015f\u0131r ve a\u011f\u0131r malzemelerin kald\u0131r\u0131lmas\u0131 ve indirilmesi \u00fczerinde hassas kontrol sa\u011flar. Tasar\u0131mlar\u0131 y\u00fcksek bas\u0131n\u00e7lara ve a\u011f\u0131r y\u00fcklere dayanacak \u015fekilde yap\u0131lm\u0131\u015ft\u0131r, bu da onlar\u0131 zorlu \u00e7al\u0131\u015fma ortamlar\u0131 i\u00e7in uygun hale getirir.<\/p>\n<h2>Bom Silindirinin \u00d6zellikleri<\/h2>\n<ul>\n<li><strong>Y\u00fcksek Dayan\u0131kl\u0131l\u0131k ve Dayan\u0131kl\u0131l\u0131k:<\/strong> Genellikle y\u00fcksek mukavemetli \u00e7elik veya al\u00fcminyumdan \u00fcretilen bu silindirler, y\u00fcksek bas\u0131nca ve a\u011f\u0131r y\u00fcklere dayanacak \u015fekilde tasarlanm\u0131\u015ft\u0131r ve zorlu ko\u015fullarda bile uzun \u00f6m\u00fcrl\u00fcl\u00fck sa\u011flar.<\/li>\n<li><strong>Verimli Hidrolik \u00c7al\u0131\u015fma:<\/strong> Silindirler, d\u00fczg\u00fcn uzatma ve geri \u00e7ekme i\u00e7in hidrolik ya\u011f bas\u0131nc\u0131ndan yararlanarak operasyonel komutlara h\u0131zl\u0131 yan\u0131t verilmesini ve g\u00fc\u00e7l\u00fc itme ve \u00e7ekme kuvvetlerinin uygulanmas\u0131n\u0131 sa\u011flar.<\/li>\n<li><strong>\u00c7e\u015fitli T\u00fcrler:<\/strong> Tek y\u00f6nl\u00fc (tek y\u00f6nde \u00e7al\u0131\u015fan) ve \u00e7ift y\u00f6nl\u00fc (iki y\u00f6nde de \u00e7al\u0131\u015fan) silindirler ile d\u0131\u015f boyutlar\u0131 art\u0131rmadan daha da uzayabilen teleskopik modeller de dahil olmak \u00fczere \u00e7e\u015fitli konfig\u00fcrasyonlar mevcuttur.<\/li>\n<li><strong>\u00d6zelle\u015ftirilebilir \u00c7\u00f6z\u00fcmler:<\/strong> \u00dcretim kapasitemiz, mevcut hidrolik silindirlerin yerini m\u00fckemmel \u015fekilde alacak ve belirli operasyonel gereksinimleri kar\u015f\u0131layacak \u015fekilde tasarlanm\u0131\u015f silindirler \u00fcretmemizi sa\u011flar.<\/li>\n<li><strong>Geli\u015fmi\u015f Performans:<\/strong> A\u015f\u0131nma direnci ve korozyon korumas\u0131 g\u00f6z \u00f6n\u00fcnde bulundurularak tasarlanan bu silindirler, zorlu uygulamalarda bile uzun bir \u00e7al\u0131\u015fma \u00f6mr\u00fc sa\u011flar.<\/li>\n<\/ul>\n<p><img decoding=\"async\" src=\"https:\/\/www.hydraulic-cylinders.net\/wp-content\/uploads\/2025\/04\/songte-cylinder-head-with-all-kinds-excavator-models.webp\" alt=\"Ekskavat\u00f6r Modelleri\" \/><\/p>\n<h2>Bom Silindirinin Uygulamalar\u0131<\/h2>\n<h3>\u0130n\u015faat Ekipmanlar\u0131<\/h3>\n<p>\u0130n\u015faat ekipmanlar\u0131nda, ekskavat\u00f6rler i\u00e7in bom silindiri, topra\u011f\u0131n veya molozun kaz\u0131lmas\u0131, y\u00fcklenmesi ve ta\u015f\u0131nmas\u0131n\u0131 kolayla\u015ft\u0131ran hayati bir unsurdur. Bomun hareketinin hassas bir \u015fekilde kontrol edilmesini sa\u011flayarak, verimli kaz\u0131 ve malzeme ta\u015f\u0131ma i\u00e7in vazge\u00e7ilmezdir.<\/p>\n<h3>Tar\u0131m Makinalar\u0131<\/h3>\n<p>Tar\u0131m faaliyetlerinde, bom silindiri \u00f6n y\u00fckleyicilerde toprak, saman ve di\u011fer malzemelerin y\u00fcklenmesi, kald\u0131r\u0131lmas\u0131 ve ta\u015f\u0131nmas\u0131 i\u00e7in kullan\u0131l\u0131r. G\u00fc\u00e7l\u00fc kald\u0131rma kapasitesi sa\u011flama \u00f6zelli\u011fi, \u00e7ift\u00e7ilerin a\u011f\u0131r y\u00fckleri etkili bir \u015fekilde ta\u015f\u0131mas\u0131na olanak tan\u0131r.<\/p>\n<h3>Ekskavat\u00f6rler<\/h3>\n<p>Kaz\u0131c\u0131lar, in\u015faat ve peyzaj projeleri i\u00e7in hayati \u00f6nem ta\u015f\u0131yan topra\u011f\u0131 delmek ve kazmak i\u00e7in kova silindirini kullan\u0131r. Silindirin \u00e7e\u015fitli ko\u015fullar alt\u0131nda \u00e7al\u0131\u015fabilme \u00f6zelli\u011fi, etkili bir kazma i\u015flemi sa\u011flar.<\/p>\n<h3>Y\u00fckleyiciler<\/h3>\n<p>\u00d6n y\u00fckleyicilerde, bom silindiri malzemelerin verimli bir \u015fekilde kald\u0131r\u0131lmas\u0131na ve bo\u015falt\u0131lmas\u0131na yard\u0131mc\u0131 olur. Bu i\u015flev, h\u0131zl\u0131 malzeme transferi ve yerle\u015ftirme gerektiren i\u015flemler i\u00e7in \u00e7ok \u00f6nemlidir ve \u015fantiyede verimlili\u011fi art\u0131r\u0131r.<\/p>\n<h2>Tasar\u0131m Hususlar\u0131 ve Se\u00e7im Kriterleri<\/h2>\n<h3>Y\u00fck Kapasitesi<\/h3>\n<p>Bom silindiri se\u00e7erken y\u00fck ta\u015f\u0131ma kapasitesini anlamak \u00e7ok \u00f6nemlidir. Silindir, g\u00fcvenlik veya performanstan \u00f6d\u00fcn vermeden ta\u015f\u0131yaca\u011f\u0131 y\u00fcklerin a\u011f\u0131rl\u0131\u011f\u0131n\u0131 kald\u0131rabilmelidir. Silindirin en y\u00fcksek \u00e7al\u0131\u015fma ko\u015fullar\u0131n\u0131 kald\u0131rabilmesini sa\u011flamak i\u00e7in hem statik hem de dinamik y\u00fckleri dikkate almak \u00f6nemlidir.<\/p>\n<h3>S\u0131zd\u0131rmazl\u0131k Performans\u0131<\/h3>\n<p>Etkili s\u0131zd\u0131rmazl\u0131k, hidrolik s\u0131v\u0131 s\u0131z\u0131nt\u0131s\u0131n\u0131 \u00f6nlemek i\u00e7in \u00e7ok \u00f6nemlidir; bu s\u0131z\u0131nt\u0131lar verimlili\u011fin azalmas\u0131na ve potansiyel sistem ar\u0131zalar\u0131na yol a\u00e7abilir. Bas\u0131nc\u0131 korumak ve silindirin \u00f6mr\u00fcn\u00fc uzatmak i\u00e7in dayan\u0131kl\u0131 malzemelerden yap\u0131lm\u0131\u015f y\u00fcksek kaliteli contalar gereklidir. Optimum performans sa\u011flamak i\u00e7in contalar\u0131n d\u00fczenli olarak kontrol edilmesi ve de\u011fi\u015ftirilmesi \u00f6nerilir.<\/p>\n<h3>Dayan\u0131kl\u0131l\u0131k<\/h3>\n<p>Bom silindirinin dayan\u0131kl\u0131l\u0131\u011f\u0131, yap\u0131m\u0131nda kullan\u0131lan malzemeler ve tasar\u0131m da dahil olmak \u00fczere \u00e7e\u015fitli fakt\u00f6rlerden etkilenir. A\u015f\u0131nmaya ve korozyona dayan\u0131kl\u0131 silindirlerin se\u00e7ilmesi, bak\u0131m maliyetlerini ve ar\u0131za s\u00fcrelerini \u00f6nemli \u00f6l\u00e7\u00fcde azaltarak zaman i\u00e7inde tutarl\u0131 \u00e7al\u0131\u015fma sa\u011flar.<\/p>\n<h3>G\u00fcvenlik \u00d6zellikleri<\/h3>\n<p>Hidrolik silindirlerin kullan\u0131m\u0131nda g\u00fcvenlik her zaman \u00f6ncelikli olmal\u0131d\u0131r. Bas\u0131n\u00e7 tahliye vanalar\u0131 ve sa\u011flam montaj se\u00e7enekleri gibi yerle\u015fik g\u00fcvenlik \u00f6zelliklerine dikkat etmek, kazalar\u0131 \u00f6nlemeye ve de\u011fi\u015fen ko\u015fullar alt\u0131nda g\u00fcvenli \u00e7al\u0131\u015fmay\u0131 sa\u011flamaya yard\u0131mc\u0131 olabilir.<\/p>\n<h3>Bak\u0131m kolayl\u0131\u011f\u0131<\/h3>\n<p>Silindirin kolay bak\u0131m i\u00e7in tasarlanmas\u0131, operasyonel verimlilik i\u00e7in hayati \u00f6nem ta\u015f\u0131r. Bu, inceleme ve servis i\u00e7in kritik bile\u015fenlere eri\u015fimi de i\u00e7erir. D\u00fczenli bak\u0131m i\u015flemlerini kolayla\u015ft\u0131ran bir tasar\u0131m se\u00e7mek, silindirin \u00f6mr\u00fcn\u00fc uzatabilir ve sistem g\u00fcvenilirli\u011fini art\u0131rabilir.<\/p>\n<p><img decoding=\"async\" src=\"https:\/\/www.hydraulic-cylinders.net\/wp-content\/uploads\/2025\/04\/songte-oil-pipes-and-spare-parts.webp\" alt=\"Hidrolik Par\u00e7alar\" \/><\/p>\n<h2>S\u0131zd\u0131rmazl\u0131k ve Ya\u011flama<\/h2>\n<p>Hidrolik silindirlerin verimli \u00e7al\u0131\u015fmas\u0131 i\u00e7in uygun s\u0131zd\u0131rmazl\u0131k ve ya\u011flama \u015fartt\u0131r. Piston contalar\u0131 ve mil contalar\u0131 gibi \u00e7e\u015fitli s\u0131zd\u0131rmazl\u0131k bile\u015fenleri, a\u015f\u0131nmaya ve y\u0131pranmaya dayanacak \u015fekilde genellikle poli\u00fcretan veya nitril kau\u00e7uk gibi dayan\u0131kl\u0131 malzemelerden yap\u0131l\u0131r. Silindir g\u00f6vdesi ve di\u015fli u\u00e7lar\u0131, a\u015f\u0131nma direncini art\u0131rmak i\u00e7in hassas son i\u015flem s\u00fcre\u00e7lerinden ge\u00e7er. Ayr\u0131ca, optimum i\u015flevselli\u011fi korumak ve erken ar\u0131zaya neden olabilecek i\u00e7 s\u00fcrt\u00fcnmeyi \u00f6nlemek i\u00e7in d\u00fczenli hidrolik ya\u011f ile ya\u011flama gereklidir. Silindirin sorunsuz ve verimli \u00e7al\u0131\u015fmas\u0131n\u0131 sa\u011flamak i\u00e7in d\u00fczenli bir ya\u011flama program\u0131 olu\u015fturulmas\u0131 tavsiye edilir.<\/p>\n<h2>D\u00fczenli Muayene ve \u00d6nleyici Bak\u0131m<\/h2>\n<ul>\n<li><strong>D\u00fczenli G\u00f6rsel Kontroller:<\/strong> Par\u00e7alarda a\u015f\u0131nma, s\u0131z\u0131nt\u0131 veya hasar belirtileri olup olmad\u0131\u011f\u0131n\u0131 s\u0131k s\u0131k g\u00f6rsel olarak kontrol edin. Erken tespit, k\u00fc\u00e7\u00fck sorunlar\u0131n b\u00fcy\u00fck sorunlara d\u00f6n\u00fc\u015fmesini \u00f6nleyebilir.<\/li>\n<li><strong>Ya\u011flama Bak\u0131m\u0131:<\/strong> S\u00fcrt\u00fcnmeyi ve a\u015f\u0131nmay\u0131 azaltmak i\u00e7in t\u00fcm hareketli par\u00e7alar\u0131n \u00fcreticinin tavsiyelerine uygun \u015fekilde ya\u011fland\u0131\u011f\u0131ndan emin olun.<\/li>\n<li><strong>Conta De\u011fi\u015fimi:<\/strong> A\u015f\u0131nm\u0131\u015f veya hasar g\u00f6rm\u00fc\u015f contalar\u0131n zaman\u0131nda de\u011fi\u015ftirilmesi, hidrolik bas\u0131nc\u0131n korunmas\u0131 ve s\u0131z\u0131nt\u0131lar\u0131n \u00f6nlenmesi i\u00e7in kritik \u00f6neme sahiptir. Conta kontrolleri ve de\u011fi\u015fimleri i\u00e7in bir program olu\u015fturmak, genel sistem verimlili\u011fini art\u0131rabilir.<\/li>\n<\/ul>\n<h2>Kurulum Talimatlar\u0131<\/h2>\n<p>Bom silindirinin do\u011fru \u015fekilde tak\u0131lmas\u0131n\u0131 sa\u011flamak i\u00e7in \u015fu ad\u0131mlar\u0131 izleyin:<\/p>\n<ol>\n<li>\u00d6ncelikle kurulum alan\u0131n\u0131 haz\u0131rlay\u0131n ve b\u00f6lgenin temiz ve kal\u0131nt\u0131lardan ar\u0131nd\u0131r\u0131lm\u0131\u015f oldu\u011fundan emin olun.<\/li>\n<li>Silindiri montaj braketleriyle do\u011fru \u015fekilde hizalay\u0131n ve silindiri yerine sabitlemek i\u00e7in uygun montaj donan\u0131m\u0131n\u0131 kullan\u0131n.<\/li>\n<li>Silindirin d\u00fczg\u00fcn \u00e7al\u0131\u015f\u0131p \u00e7al\u0131\u015fmad\u0131\u011f\u0131n\u0131, herhangi bir s\u0131k\u0131\u015fma veya hizalama sorunu olup olmad\u0131\u011f\u0131n\u0131 kontrol edin.<\/li>\n<li>Montajdan sonra, ba\u011flant\u0131 noktalar\u0131nda s\u0131z\u0131nt\u0131 olmad\u0131\u011f\u0131ndan emin olarak hidrolik hatlar\u0131 ba\u011flay\u0131n.<\/li>\n<li>Son olarak, ekipman\u0131 tekrar hizmete almadan \u00f6nce silindirin d\u00fczg\u00fcn \u00e7al\u0131\u015ft\u0131\u011f\u0131n\u0131 do\u011frulamak i\u00e7in fonksiyonel bir test ger\u00e7ekle\u015ftirin.<\/li>\n<\/ol>\n<h2>Bak\u0131m G\u00f6revleri<\/h2>\n<ul>\n<li><strong>D\u00fczenli Kontroller:<\/strong> Silindirin ve \u00e7evresindeki bile\u015fenlerin durumunu de\u011ferlendirmek i\u00e7in d\u00fczenli kontroller planlay\u0131n. A\u015f\u0131nmay\u0131, s\u0131z\u0131nt\u0131lar\u0131 ve hidrolik s\u0131v\u0131 seviyelerini kontrol edin.<\/li>\n<li><strong>Uygun Ya\u011flama:<\/strong> S\u00fcrt\u00fcnmeyi ve a\u015f\u0131nmay\u0131 en aza indirerek silindirin \u00f6mr\u00fcn\u00fc uzatmak i\u00e7in t\u00fcm hareketli par\u00e7alar\u0131n yeterince ya\u011fland\u0131\u011f\u0131ndan emin olun.<\/li>\n<li><strong>Conta De\u011fi\u015fimi:<\/strong> Contalar\u0131 d\u00fczenli olarak a\u015f\u0131nma veya hasar belirtileri a\u00e7\u0131s\u0131ndan kontrol edin. Hidrolik bas\u0131nc\u0131 ve verimlili\u011fi korumak i\u00e7in gerekti\u011finde de\u011fi\u015ftirin.<\/li>\n<\/ul>\n<h2>G\u00fcvenlik Hususlar\u0131 ve \u00c7evresel Fakt\u00f6rler<\/h2>\n<p>Hidrolik silindirlerle \u00e7al\u0131\u015f\u0131rken, personel ve ekipman\u0131 korumak i\u00e7in g\u00fcvenlik \u00f6nlemleri almak \u00e7ok \u00f6nemlidir. Bu, uygun ki\u015fisel koruyucu ekipman giymeyi, \u00e7al\u0131\u015fma y\u00f6nergelerine uymay\u0131 ve t\u00fcm g\u00fcvenlik cihazlar\u0131n\u0131n i\u015flevsel oldu\u011fundan emin olmay\u0131 i\u00e7erir. \u00c7evresel ko\u015fullara dikkat etmek hayati \u00f6nem ta\u015f\u0131r, \u00e7\u00fcnk\u00fc olumsuz ko\u015fullarda \u00e7al\u0131\u015fmak riskleri art\u0131rabilir ve bu riskler uygun planlama ve ekipman kontrolleriyle azalt\u0131lmal\u0131d\u0131r.<\/p>\n<h2>Sorun Giderme ve Yayg\u0131n Sorunlar<\/h2>\n<ul>\n<li><strong>Bas\u0131n\u00e7 Kayb\u0131:<\/strong> Silindirde bas\u0131n\u00e7 kayb\u0131 g\u00f6zlemlenirse, contalarda ve hidrolik hatlarda s\u0131z\u0131nt\u0131 olup olmad\u0131\u011f\u0131n\u0131 kontrol edin. Hidrolik pompan\u0131n d\u00fczg\u00fcn \u00e7al\u0131\u015f\u0131p \u00e7al\u0131\u015fmad\u0131\u011f\u0131n\u0131 inceleyin.<\/li>\n<li><strong>Yava\u015f \u00c7al\u0131\u015fma:<\/strong> Bu durum hidrolik s\u0131v\u0131 seviyesinin d\u00fc\u015f\u00fck oldu\u011funu veya kirlenme oldu\u011funu g\u00f6sterebilir. S\u0131v\u0131 seviyelerini kontrol edin ve kirlenmi\u015f s\u0131v\u0131y\u0131 de\u011fi\u015ftirin.<\/li>\n<li><strong>Al\u0131\u015f\u0131lmad\u0131k Sesler:<\/strong> G\u0131c\u0131rdama veya s\u00fcrt\u00fcnme sesleri, yetersiz ya\u011flama veya hasarl\u0131 par\u00e7alara i\u015faret edebilir. Sesin kayna\u011f\u0131n\u0131 ara\u015ft\u0131r\u0131n ve derhal m\u00fcdahale edin.<\/li>\n<\/ul>\n<h2>Sorun Giderme \u0130pu\u00e7lar\u0131<\/h2>\n<p>Bom silindiriyle ilgili sorunlar\u0131 etkili bir \u015fekilde gidermek i\u00e7in a\u015fa\u011f\u0131daki ipu\u00e7lar\u0131n\u0131 dikkate al\u0131n:<\/p>\n<ul>\n<li>Sorunlar\u0131 erken tespit etmek i\u00e7in silindirin performans\u0131n\u0131 d\u00fczenli olarak izleyin.<\/li>\n<li>Bak\u0131m g\u00f6revlerinin kayd\u0131n\u0131 tutmak, kal\u0131plar\u0131 ve olas\u0131 sorunlar\u0131 belirlemenize yard\u0131mc\u0131 olabilir.<\/li>\n<li>Sorun giderme ve onar\u0131m talimatlar\u0131 i\u00e7in \u00fcreticinin k\u0131lavuzuna ba\u015fvurun.<\/li>\n<\/ul>\n<p><img decoding=\"async\" src=\"https:\/\/www.hydraulic-cylinders.net\/wp-content\/uploads\/2025\/04\/songte-bushings-with-all-kinds-of-excavator-models.webp\" alt=\"Ekskavat\u00f6r Bur\u00e7lar\u0131\" \/><\/p>\n<h2>\u015eirket Genel Bak\u0131\u015f\u0131<\/h2>\n<p>\u00d6nde gelen yedek hidrolik silindir \u00fcreticisiyiz ve hem yerel hem de uluslararas\u0131 pazarlara hitap eden geni\u015f bir \u00fcr\u00fcn yelpazesine sahibiz. M\u00fckemmelli\u011fe olan ba\u011fl\u0131l\u0131\u011f\u0131m\u0131z, rafine \u00fcretim s\u00fcre\u00e7lerimizde ve y\u00fcksek kalite standartlar\u0131na ba\u011fl\u0131l\u0131\u011f\u0131m\u0131zda kendini g\u00f6stermektedir. \u00dcretim kapasitemizi art\u0131rmak i\u00e7in geli\u015fmi\u015f \u00fcretim teknolojisi ve profesyonel test sistemlerinden yararlanan end\u00fcstriyel \u00fcretim y\u00f6netimi stratejisi uyguluyoruz. Deneyimli ekibimiz, t\u00fcm \u00fcr\u00fcnlerimizde y\u00fcksek verimlilik, hassasiyet ve kalite sa\u011flayarak, \u00f6zelle\u015ftirilmi\u015f \u00e7\u00f6z\u00fcmler arac\u0131l\u0131\u011f\u0131yla m\u00fc\u015fteri ihtiya\u00e7lar\u0131n\u0131 kar\u015f\u0131lamaya kendini adam\u0131\u015ft\u0131r.<\/p>\n<p><img decoding=\"async\" src=\"https:\/\/www.hydraulic-cylinders.net\/wp-content\/uploads\/2025\/04\/songte-company-4.webp\" alt=\"\u015eirket G\u00f6rseli 1\" \/><br \/>\n<img decoding=\"async\" src=\"https:\/\/www.hydraulic-cylinders.net\/wp-content\/uploads\/2025\/04\/songte-company-3.webp\" alt=\"\u015eirket G\u00f6rseli 2\" \/><\/p>\n<p>\u00dcr\u00fcnlerimiz veya hizmetlerimizle ilgili sorular\u0131n\u0131z i\u00e7in l\u00fctfen profesyonel yard\u0131m ve destek almak \u00fczere bizimle ileti\u015fime ge\u00e7in.<\/p>\n<p>Yazar: lyl<\/p>","protected":false},"excerpt":{"rendered":"<p>Boom Cylinder For Caterpillar Small Excavator E312DC Product Overview The Boom Cylinder for Caterpillar Small Excavator E312DC is a specialized hydraulic cylinder designed to control the movement of the boom in various heavy machinery, including excavators, backhoe loaders, and front loaders. This essential component allows the boom to lift, lower, and tilt, facilitating effective material [&hellip;]<\/p>","protected":false},"featured_media":17867,"comment_status":"open","ping_status":"closed","template":"","meta":{"_et_pb_use_builder":"","_et_pb_old_content":"","_et_gb_content_width":""},"product_brand":[],"product_cat":[1546],"product_tag":[1547,1496],"class_list":{"0":"post-18940","1":"product","2":"type-product","3":"status-publish","4":"has-post-thumbnail","6":"product_cat-boom-cylinders","7":"product_tag-boom-cylinders","8":"product_tag-hydraulic-cylinders","10":"first","11":"instock","12":"shipping-taxable","13":"product-type-simple"},"amp_enabled":true,"_links":{"self":[{"href":"https:\/\/www.hydraulic-cylinders.net\/tr\/wp-json\/wp\/v2\/product\/18940","targetHints":{"allow":["GET"]}}],"collection":[{"href":"https:\/\/www.hydraulic-cylinders.net\/tr\/wp-json\/wp\/v2\/product"}],"about":[{"href":"https:\/\/www.hydraulic-cylinders.net\/tr\/wp-json\/wp\/v2\/types\/product"}],"replies":[{"embeddable":true,"href":"https:\/\/www.hydraulic-cylinders.net\/tr\/wp-json\/wp\/v2\/comments?post=18940"}],"wp:featuredmedia":[{"embeddable":true,"href":"https:\/\/www.hydraulic-cylinders.net\/tr\/wp-json\/wp\/v2\/media\/17867"}],"wp:attachment":[{"href":"https:\/\/www.hydraulic-cylinders.net\/tr\/wp-json\/wp\/v2\/media?parent=18940"}],"wp:term":[{"taxonomy":"product_brand","embeddable":true,"href":"https:\/\/www.hydraulic-cylinders.net\/tr\/wp-json\/wp\/v2\/product_brand?post=18940"},{"taxonomy":"product_cat","embeddable":true,"href":"https:\/\/www.hydraulic-cylinders.net\/tr\/wp-json\/wp\/v2\/product_cat?post=18940"},{"taxonomy":"product_tag","embeddable":true,"href":"https:\/\/www.hydraulic-cylinders.net\/tr\/wp-json\/wp\/v2\/product_tag?post=18940"}],"curies":[{"name":"wp","href":"https:\/\/api.w.org\/{rel}","templated":true}]}}