{"id":18942,"date":"2025-04-07T06:03:25","date_gmt":"2025-04-07T06:03:25","guid":{"rendered":"https:\/\/www.hydraulic-cylinders.net\/product\/boom-cylinder-for-caterpillar-small-excavator-e318dl\/"},"modified":"2025-04-07T06:03:28","modified_gmt":"2025-04-07T06:03:28","slug":"boom-cylinder-for-caterpillar-small-excavator-e318dl","status":"publish","type":"product","link":"https:\/\/www.hydraulic-cylinders.net\/tr\/urun\/boom-cylinder-for-caterpillar-small-excavator-e318dl\/","title":{"rendered":"Caterpillar E318DL K\u00fc\u00e7\u00fck Ekskavat\u00f6r \u0130\u00e7in Bom Silindiri"},"content":{"rendered":"<h1>Caterpillar E318DL K\u00fc\u00e7\u00fck Ekskavat\u00f6r \u0130\u00e7in Bom Silindiri<\/h1>\n<h2>Bom Silindirine Giri\u015f<\/h2>\n<p>Bom silindiri, \u00f6zellikle ekskavat\u00f6rler, kaz\u0131c\u0131 y\u00fckleyiciler ve \u00f6n y\u00fckleyiciler gibi a\u011f\u0131r makinelerde kep\u00e7enin hareketini kontrol etmek i\u00e7in tasarlanm\u0131\u015f, hidrolik sistemlerde \u00e7ok \u00f6nemli bir bile\u015fendir. Bu hidrolik silindir, kep\u00e7enin kalkmas\u0131n\u0131, al\u00e7almas\u0131n\u0131 ve e\u011filmesini sa\u011flayarak \u00e7e\u015fitli malzeme ta\u015f\u0131ma g\u00f6revlerini kolayla\u015ft\u0131r\u0131r. Bom silindiri, hidrolik s\u0131v\u0131 bas\u0131nc\u0131yla \u00e7al\u0131\u015f\u0131r ve bu da g\u00fc\u00e7l\u00fc bir harekete d\u00f6n\u00fc\u015ferek operat\u00f6rlerin g\u00f6revleri verimli bir \u015fekilde ger\u00e7ekle\u015ftirmesini sa\u011flar.<\/p>\n<p><img decoding=\"async\" src=\"https:\/\/www.hydraulic-cylinders.net\/wp-content\/uploads\/2025\/04\/songte-company-1.webp\" alt=\"Bom Silindiri\" \/><\/p>\n<h2>Bom Silindirinin \u00d6zellikleri<\/h2>\n<ul>\n<li><strong>Y\u00fcksek Dayan\u0131kl\u0131l\u0131k ve Dayan\u0131kl\u0131l\u0131k:<\/strong> Genellikle y\u00fcksek mukavemetli \u00e7elik veya al\u00fcminyumdan \u00fcretilen bom silindiri, y\u00fcksek bas\u0131nca ve a\u011f\u0131r y\u00fcklere dayanabilirken, zorlu \u00e7al\u0131\u015fma ortamlar\u0131na da diren\u00e7lidir. Tasar\u0131m\u0131nda a\u015f\u0131nma direnci ve korozyon direnci dikkate al\u0131narak kullan\u0131m \u00f6mr\u00fc uzat\u0131lm\u0131\u015ft\u0131r.<\/li>\n<li><strong>Verimli Hidrolik \u00c7al\u0131\u015fma:<\/strong> Hidrolik ya\u011f bas\u0131nc\u0131n\u0131 kullanarak d\u00fczg\u00fcn bir \u015fekilde uzama ve geri \u00e7ekilme sa\u011flar, kontrol komutlar\u0131na h\u0131zl\u0131 yan\u0131t verir ve a\u011f\u0131r ve karma\u015f\u0131k i\u015flerin \u00fcstesinden gelmek i\u00e7in uygun g\u00fc\u00e7l\u00fc itme ve \u00e7ekme yetenekleri sunar.<\/li>\n<li><strong>\u00c7e\u015fitli T\u00fcrler:<\/strong> Bom silindirleri, gereksinimlere ba\u011fl\u0131 olarak tek etkili (tek y\u00f6nde hidrolik bas\u0131n\u00e7 kullanan) veya \u00e7ift etkili (her iki y\u00f6nde hidrolik bas\u0131n\u00e7 kullanan) olarak se\u00e7ilebilir. Baz\u0131 modeller teleskopiktir ve d\u0131\u015f boyutlar\u0131 art\u0131rmadan daha fazla uzatmaya olanak tan\u0131yarak, alan k\u0131s\u0131tlamal\u0131 uygulamalar i\u00e7in idealdir.<\/li>\n<li><strong>\u00d6zel \u00dcretim:<\/strong> Bu \u00fcr\u00fcn\u00fc \u00fcretebiliyoruz ve silindirlerimiz \u00e7e\u015fitli uygulamalarda mevcut hidrolik silindirlerin yerini m\u00fckemmel bir \u015fekilde al\u0131yor.<\/li>\n<li><strong>\u00c7ok Y\u00f6nl\u00fc Uygulamalar:<\/strong> \u00c7e\u015fitli makineler i\u00e7in tasarlanan bom silindiri, bir\u00e7ok sekt\u00f6rde verimli \u00e7al\u0131\u015fma i\u00e7in hayati \u00f6neme sahiptir.<\/li>\n<\/ul>\n<p><img decoding=\"async\" src=\"https:\/\/www.hydraulic-cylinders.net\/wp-content\/uploads\/2025\/04\/songte-cylinder-head-with-all-kinds-excavator-models.webp\" alt=\"Ekskavat\u00f6r Modelleri\" \/><\/p>\n<h2>Bom Silindirinin Uygulamalar\u0131<\/h2>\n<h3>\u0130n\u015faat Ekipmanlar\u0131<\/h3>\n<p>Ekskavat\u00f6rlerde, bom silindirleri kazma, y\u00fckleme ve toprak veya moloz ta\u015f\u0131ma i\u015flemleri i\u00e7in hayati \u00f6neme sahiptir. Ekskavat\u00f6r\u00fcn kep\u00e7esinin, etkili toprak ta\u015f\u0131ma i\u015flemleri i\u00e7in hayati \u00f6nem ta\u015f\u0131yan bir dizi hareketi ger\u00e7ekle\u015ftirmesini sa\u011flarlar. Kaz\u0131c\u0131 y\u00fckleyicilerle birlikte kullan\u0131ld\u0131\u011f\u0131nda, bom silindiri sadece kazmaya yard\u0131mc\u0131 olmakla kalmaz, ayn\u0131 zamanda kald\u0131rmay\u0131 da kolayla\u015ft\u0131rarak \u015fantiyelerde verimli malzeme ta\u015f\u0131mas\u0131na olanak tan\u0131r.<\/p>\n<h3>Tar\u0131m Makinalar\u0131<\/h3>\n<p>\u00d6n y\u00fckleyicilerde, bom silindiri toprak, saman ve di\u011fer malzemelerin kep\u00e7elenmesi, kald\u0131r\u0131lmas\u0131 ve ta\u015f\u0131nmas\u0131nda hayati bir rol oynar. Y\u00fckleri verimli bir \u015fekilde y\u00f6netme yetene\u011fi, h\u0131z ve etkinli\u011fin tarla i\u015flerinde \u00e7ok \u00f6nemli oldu\u011fu tar\u0131msal uygulamalarda onu vazge\u00e7ilmez k\u0131lar.<\/p>\n<h3>Ekskavat\u00f6rler<\/h3>\n<p>Ekskavat\u00f6rlerdeki kova silindiri, topra\u011fa n\u00fcfuz etmeyi sa\u011flayarak verimli kaz\u0131 i\u015flemlerini kolayla\u015ft\u0131r\u0131r. Bu hidrolik hareket, operat\u00f6rlerin in\u015faat projeleri i\u00e7in kritik \u00f6neme sahip temelleri, hendekleri ve di\u011fer toprak i\u015flerini etkili bir \u015fekilde kazmalar\u0131na olanak tan\u0131r.<\/p>\n<h3>Y\u00fckleyiciler<\/h3>\n<p>\u00d6n y\u00fckleyicilerde, bom silindirleri y\u00fcklerin etkin bir \u015fekilde kald\u0131r\u0131lmas\u0131na ve bo\u015falt\u0131lmas\u0131na yard\u0131mc\u0131 olur. Tasar\u0131mlar\u0131, operat\u00f6rlerin a\u011f\u0131r malzemeleri hassas bir \u015fekilde y\u00f6netebilmelerini sa\u011flayarak y\u00fckleme i\u015flerinde verimlili\u011fi art\u0131r\u0131r.<\/p>\n<h2>Tasar\u0131m Hususlar\u0131 ve Se\u00e7im Kriterleri<\/h2>\n<h3>Y\u00fck Kapasitesi<\/h3>\n<p>Bom silindiri se\u00e7erken y\u00fck ta\u015f\u0131ma kapasitesini anlamak \u00e7ok \u00f6nemlidir. Kullan\u0131laca\u011f\u0131 makinenin \u00f6zel gereksinimleriyle uyumlu olmal\u0131d\u0131r. Yetersiz y\u00fck ta\u015f\u0131ma kapasitesine sahip bir silindir ar\u0131zalara, performans d\u00fc\u015f\u00fckl\u00fc\u011f\u00fcne ve hatta kazalara yol a\u00e7abilir. Bu nedenle, \u00fcreticiler ama\u00e7lanan uygulamayla uyumlulu\u011fu sa\u011flamak i\u00e7in maksimum y\u00fck de\u011ferlerini belirtirler.<\/p>\n<h3>S\u0131zd\u0131rmazl\u0131k<\/h3>\n<p>S\u0131zd\u0131rmazl\u0131k, hidrolik silindir tasar\u0131m\u0131nda \u00e7ok \u00f6nemli bir unsurdur; \u00e7\u00fcnk\u00fc s\u0131v\u0131 s\u0131z\u0131nt\u0131s\u0131n\u0131 \u00f6nler ve sistem i\u00e7indeki bas\u0131nc\u0131 korur. Poli\u00fcretan veya nitril kau\u00e7uk gibi uygun s\u0131zd\u0131rmazl\u0131k malzemeleri, dayan\u0131kl\u0131l\u0131\u011f\u0131 ve performans\u0131 art\u0131r\u0131r. Y\u00fcksek kaliteli contalar, s\u0131cakl\u0131k de\u011fi\u015fimlerine uyum sa\u011flar ve a\u015f\u0131nmaya kar\u015f\u0131 diren\u00e7lidir; bu da hidrolik i\u015flemlerin verimlili\u011fini korumak i\u00e7in hayati \u00f6nem ta\u015f\u0131r.<\/p>\n<h3>Dayan\u0131kl\u0131l\u0131k<\/h3>\n<p>Hidrolik silindir tasar\u0131m\u0131nda dayan\u0131kl\u0131l\u0131k, \u00f6zellikle \u00e7al\u0131\u015ft\u0131klar\u0131 zorlu ortamlar g\u00f6z \u00f6n\u00fcne al\u0131nd\u0131\u011f\u0131nda, \u00e7ok \u00f6nemlidir. M\u00fchendisler, a\u015f\u0131nmaya, korozyona ve a\u015f\u0131r\u0131 s\u0131cakl\u0131klara kar\u015f\u0131 direnci art\u0131ran malzemeler ve kaplamalar se\u00e7erler. Bu uzun \u00f6m\u00fcr, ar\u0131za s\u00fcrelerini ve bak\u0131m maliyetlerini azaltarak makinelerin zaman i\u00e7inde daha g\u00fcvenilir olmas\u0131n\u0131 sa\u011flar.<\/p>\n<h3>Emniyet<\/h3>\n<p>Bom silindirlerindeki g\u00fcvenlik \u00f6zellikleri titizlikle test edilmeli ve sertifikaland\u0131r\u0131lmal\u0131d\u0131r. Sistemler, beklenmedik bas\u0131n\u00e7 ve y\u00fckleri ar\u0131za yapmadan kald\u0131racak \u015fekilde tasarlanmal\u0131d\u0131r. Emniyet valfleri ve yedekleme \u00f6zelliklerinin entegre edilmesi, operat\u00f6rlerin a\u011f\u0131r makinelerle \u00e7al\u0131\u015f\u0131rken g\u00fcvende kalmas\u0131n\u0131 ve kaza riskinin en aza indirilmesini sa\u011flar.<\/p>\n<h3>Bak\u0131m Eri\u015filebilirli\u011fi<\/h3>\n<p>Bak\u0131m kolayl\u0131\u011f\u0131 g\u00f6z \u00f6n\u00fcnde bulundurularak tasarlanan hidrolik silindirler, inceleme ve onar\u0131mlar i\u00e7in eri\u015fim kolayl\u0131\u011f\u0131 sa\u011flar. S\u00f6k\u00fclebilir u\u00e7 kapaklar\u0131 ve eri\u015filebilir ya\u011flama noktalar\u0131 gibi \u00f6zellikler, operat\u00f6rlerin kapsaml\u0131 s\u00f6kme i\u015flemi yapmadan rutin bak\u0131m\u0131 ger\u00e7ekle\u015ftirmelerine olanak tan\u0131r. Bak\u0131m eri\u015filebilirli\u011fine odaklanmak, hidrolik sistemin genel \u00f6mr\u00fcn\u00fc ve verimlili\u011fini art\u0131r\u0131r.<\/p>\n<p><img decoding=\"async\" src=\"https:\/\/www.hydraulic-cylinders.net\/wp-content\/uploads\/2025\/04\/songte-oil-pipes-and-spare-parts.webp\" alt=\"Hidrolik Bile\u015fenler\" \/><\/p>\n<h2>S\u0131zd\u0131rmazl\u0131k ve Ya\u011flama<\/h2>\n<p>Bom silindirinin uzun \u00f6mr\u00fc ve i\u015flevselli\u011fi i\u00e7in uygun s\u0131zd\u0131rmazl\u0131k ve ya\u011flama hayati \u00f6nem ta\u015f\u0131r. Bas\u0131nc\u0131 korumak ve s\u0131v\u0131 s\u0131z\u0131nt\u0131lar\u0131n\u0131 \u00f6nlemek i\u00e7in piston contalar\u0131 ve mil contalar\u0131 da dahil olmak \u00fczere \u00e7e\u015fitli contalar kullan\u0131l\u0131r. Poli\u00fcretan ve nitril kau\u00e7uk gibi dayan\u0131kl\u0131 malzemelerden yap\u0131lm\u0131\u015f contalar, geli\u015fmi\u015f a\u015f\u0131nma direnci sunar.<\/p>\n<p>Silindir g\u00f6vdesi ve di\u015fli u\u00e7 y\u00fczeyleri, a\u015f\u0131nma direncini art\u0131rmak ve uygun s\u0131zd\u0131rmazl\u0131\u011f\u0131 sa\u011flamak i\u00e7in hassas i\u015fleme tabi tutulur. Hareketli par\u00e7alar aras\u0131ndaki s\u00fcrt\u00fcnmeyi en aza indirmek, sorunsuz \u00e7al\u0131\u015fmay\u0131 sa\u011flamak ve erken a\u015f\u0131nmay\u0131 \u00f6nlemek i\u00e7in hidrolik ya\u011f ile d\u00fczenli ya\u011flama \u015fartt\u0131r.<\/p>\n<h2>\u00d6nleyici Bak\u0131m \u00d6nlemleri<\/h2>\n<ul>\n<li><strong>Rutin Denetimler:<\/strong> A\u015f\u0131nma, s\u0131z\u0131nt\u0131 veya hasar belirtilerini d\u00fczenli olarak kontrol edin. Sorunlar\u0131n erken tespiti, maliyetli onar\u0131mlar\u0131 \u00f6nleyebilir ve g\u00fcvenli\u011fi art\u0131rabilir.<\/li>\n<li><strong>Uygun Ya\u011flama:<\/strong> Silindirin \u00f6nerilen hidrolik ya\u011f ile yeterince ya\u011fland\u0131\u011f\u0131ndan emin olun. Bu uygulama s\u00fcrt\u00fcnmeyi en aza indirir ve silindirin \u00f6mr\u00fcn\u00fc uzat\u0131r.<\/li>\n<li><strong>Conta De\u011fi\u015fimi:<\/strong> Contalar\u0131n a\u015f\u0131nmas\u0131n\u0131 kontrol edin ve gerekti\u011finde de\u011fi\u015ftirin. D\u00fczenli conta kontrolleri, optimum performans sa\u011flar ve s\u0131z\u0131nt\u0131lar\u0131 \u00f6nler.<\/li>\n<\/ul>\n<h2>Kurulum Talimatlar\u0131<\/h2>\n<p>Bom silindirinin do\u011fru montaj\u0131, performans\u0131 ve uzun \u00f6mr\u00fc i\u00e7in \u00e7ok \u00f6nemlidir. \u00d6ncelikle t\u00fcm bile\u015fenlerin temiz ve kir veya d\u00f6k\u00fcnt\u00fclerden ar\u0131nd\u0131r\u0131lm\u0131\u015f oldu\u011fundan emin olun. Silindiri, uygun montaj braketlerini kullanarak yerine sabitleyerek, montaj noktalar\u0131yla do\u011fru \u015fekilde hizalay\u0131n.<\/p>\n<p>Hidrolik hatlar\u0131n g\u00fcvenli bir \u015fekilde ve b\u00fck\u00fclme olmadan ba\u011fland\u0131\u011f\u0131ndan emin olun. Kurulumdan sonra, do\u011fru hizalama ve i\u015flevselli\u011fi do\u011frulamak i\u00e7in silindir \u00e7al\u0131\u015fmas\u0131n\u0131 d\u00fc\u015f\u00fck bas\u0131n\u00e7ta test edin. S\u0131z\u0131nt\u0131 veya ola\u011fand\u0131\u015f\u0131 sesler olup olmad\u0131\u011f\u0131n\u0131 izleyerek bas\u0131nc\u0131 kademeli olarak art\u0131r\u0131n ve sistemin sorunsuz \u00e7al\u0131\u015ft\u0131\u011f\u0131ndan emin olun.<\/p>\n<h2>Yayg\u0131n Bak\u0131m G\u00f6revleri<\/h2>\n<h3>D\u00fczenli Denetimler<\/h3>\n<p>Rutin kontroller yapmak, a\u015f\u0131nmay\u0131 veya olas\u0131 sorunlar\u0131 erken tespit etmek i\u00e7in hayati \u00f6nem ta\u015f\u0131r. Hortumlar ve ba\u011flant\u0131 elemanlar\u0131 dahil olmak \u00fczere t\u00fcm hidrolik sistemi s\u0131z\u0131nt\u0131 veya hasar belirtileri a\u00e7\u0131s\u0131ndan inceleyin. D\u00fczenli kontroller, operasyonel verimlili\u011fi ve g\u00fcvenli\u011fi korumaya yard\u0131mc\u0131 olur.<\/p>\n<h3>Uygun Ya\u011flama<\/h3>\n<p>Bom silindirinin hareketli par\u00e7alar\u0131n\u0131n ya\u011flanmas\u0131, sorunsuz \u00e7al\u0131\u015fmay\u0131 sa\u011flar ve a\u015f\u0131nmay\u0131 azalt\u0131r. \u00d6nerilen hidrolik ya\u011f t\u00fcr\u00fcn\u00fc kullan\u0131n ve seviyeleri d\u00fczenli olarak kontrol edin. Do\u011fru ya\u011flama, performans\u0131 korumak ve silindirin \u00f6mr\u00fcn\u00fc uzatmak i\u00e7in \u00e7ok \u00f6nemlidir.<\/p>\n<h3>Conta De\u011fi\u015fimi ve Kalibrasyon Kontrolleri<\/h3>\n<p>Zamanla contalar a\u015f\u0131nabilir ve etkilerini kaybedebilir. Contalar\u0131 d\u00fczenli olarak a\u015f\u0131nma a\u00e7\u0131s\u0131ndan kontrol edin ve gerekti\u011finde de\u011fi\u015ftirin. Ayr\u0131ca, kalibrasyon kontrolleri silindirin belirtilen parametreler dahilinde \u00e7al\u0131\u015ft\u0131\u011f\u0131n\u0131 do\u011frulamaya yard\u0131mc\u0131 olarak tutarl\u0131 performans sa\u011flar.<\/p>\n<p><img decoding=\"async\" src=\"https:\/\/www.hydraulic-cylinders.net\/wp-content\/uploads\/2025\/04\/songte-chushion-collar.webp\" alt=\"Silindir Bile\u015fenleri\" \/><\/p>\n<h2>G\u00fcvenlik Hususlar\u0131 ve \u00c7evresel Fakt\u00f6rler<\/h2>\n<p>Hidrolik sistemleri \u00e7al\u0131\u015ft\u0131r\u0131rken g\u00fcvenlik \u00f6nlemleri son derece \u00f6nemlidir. Her zaman \u00fcretici y\u00f6nergelerine ve g\u00fcvenlik protokollerine uyun. Operat\u00f6rlerin uygun \u015fekilde e\u011fitilmesi, hidrolik makinelerle ili\u015fkili risklerin fark\u0131nda olmalar\u0131n\u0131 sa\u011flar. Ayr\u0131ca, hidrolik s\u0131v\u0131n\u0131n performans\u0131n\u0131 ve conta b\u00fct\u00fcnl\u00fc\u011f\u00fcn\u00fc etkileyebilecek s\u0131cakl\u0131k ve nem gibi \u00e7evresel fakt\u00f6rleri de g\u00f6z \u00f6n\u00fcnde bulundurun.<\/p>\n<h2>Ar\u0131za Te\u015fhisi ve Yayg\u0131n Sorunlar<\/h2>\n<ul>\n<li><strong>S\u0131v\u0131 S\u0131z\u0131nt\u0131lar\u0131:<\/strong> S\u0131z\u0131nt\u0131 olup olmad\u0131\u011f\u0131n\u0131 kontrol edin; bu, acil m\u00fcdahale gerektiren a\u015f\u0131nma veya hasar\u0131n bir g\u00f6stergesi olabilir.<\/li>\n<li><strong>Tutarl\u0131 Olmayan Hareket:<\/strong> Silindir d\u00fczg\u00fcn bir \u015fekilde uzam\u0131yor veya geri \u00e7ekilmiyorsa, hidrolik sistemde t\u0131kan\u0131kl\u0131k veya sorun olup olmad\u0131\u011f\u0131n\u0131 kontrol edin.<\/li>\n<li><strong>Bas\u0131n\u00e7 Dalgalanmalar\u0131:<\/strong> Bas\u0131n\u00e7taki dalgalanmalar, hidrolik sistemde hatlarda hava bulunmas\u0131 veya ar\u0131zal\u0131 par\u00e7alar gibi sorunlara i\u015faret edebilir.<\/li>\n<\/ul>\n<h2>Sorun Giderme \u0130pu\u00e7lar\u0131<\/h2>\n<p>Bom silindirindeki sorunlar\u0131 etkili bir \u015fekilde te\u015fhis etmek ve \u00e7\u00f6zmek i\u00e7in \u00f6ncelikle sorunlu b\u00f6lgeyi belirleyin. Hidrolik s\u0131v\u0131 seviyelerini ve kalitesini kontrol edin, \u00e7\u00fcnk\u00fc kirlenmi\u015f s\u0131v\u0131 performans sorunlar\u0131na yol a\u00e7abilir. Contalar\u0131 ve hortumlar\u0131 a\u015f\u0131nma veya hasar belirtileri a\u00e7\u0131s\u0131ndan inceleyin ve hasarl\u0131 par\u00e7alar\u0131 derhal de\u011fi\u015ftirin. D\u00fczenli bak\u0131m, sorunlar\u0131n ortaya \u00e7\u0131kma olas\u0131l\u0131\u011f\u0131n\u0131 b\u00fcy\u00fck \u00f6l\u00e7\u00fcde azaltabilir.<\/p>\n<p><img decoding=\"async\" src=\"https:\/\/www.hydraulic-cylinders.net\/wp-content\/uploads\/2025\/04\/songte-bushings-with-all-kinds-of-excavator-models.webp\" alt=\"Ekskavat\u00f6rler i\u00e7in Bur\u00e7lar\" \/><\/p>\n<h2>\u015eirketimiz Hakk\u0131nda<\/h2>\n<p>\u00d6nde gelen hidrolik silindir yedek par\u00e7a \u00fcreticisiyiz ve geni\u015f \u00fcr\u00fcn yelpazemiz sayesinde hem yurt i\u00e7i hem de uluslararas\u0131 pazarlarda en \u00f6nde gelen \u00fcretici ve toptanc\u0131lardan biri olarak kendimizi kan\u0131tlad\u0131k. Kalitede m\u00fckemmellik stratejisine ba\u011fl\u0131 kal\u0131yoruz ve geli\u015fmi\u015f bir \u00fcretim y\u00f6netimi yakla\u015f\u0131m\u0131 kullan\u0131yoruz. Teknolojik ilerlemeye olan ba\u011fl\u0131l\u0131\u011f\u0131m\u0131z, \u00fcst d\u00fczey dijital \u00fcretim ekipmanlar\u0131 ve profesyonel test sistemleriyle birle\u015ferek \u00fcretim kapasitemizi s\u00fcrekli olarak geli\u015ftiriyor.<\/p>\n<p>Uzmanl\u0131\u011f\u0131m\u0131z, uluslararas\u0131 sertifikasyon ve \u00f6zelle\u015ftirilmi\u015f hizmetleri de kapsamakta olup, \u00fcr\u00fcnlerimizin \u00e7e\u015fitli m\u00fc\u015fteri ihtiya\u00e7lar\u0131n\u0131 kar\u015f\u0131lamas\u0131n\u0131 sa\u011flamaktad\u0131r. Ola\u011fan\u00fcst\u00fc sat\u0131\u015f sonras\u0131 hizmet sunmaktan ve \u00e7e\u015fitli sekt\u00f6rlerdeki m\u00fc\u015fterilerimizle g\u00fc\u00e7l\u00fc ili\u015fkiler s\u00fcrd\u00fcrmekten gurur duyuyoruz.<\/p>\n<p><img decoding=\"async\" src=\"https:\/\/www.hydraulic-cylinders.net\/wp-content\/uploads\/2025\/04\/songte-company-4.webp\" alt=\"\u015eirket Genel Bak\u0131\u015f\u0131\" \/><br \/>\n<img decoding=\"async\" src=\"https:\/\/www.hydraulic-cylinders.net\/wp-content\/uploads\/2025\/04\/songte-company-3.webp\" alt=\"\u015eirket Tesisleri\" \/><\/p>\n<p>Yazar: lyl<\/p>","protected":false},"excerpt":{"rendered":"<p>Boom Cylinder For Caterpillar Small Excavator E318DL Introduction to Boom Cylinder The boom cylinder is a crucial component in hydraulic systems, specifically designed to control the movement of the bucket in heavy machinery such as excavators, backhoe loaders, and front-end loaders. This hydraulic cylinder enables the bucket to lift, lower, and tilt, facilitating various material [&hellip;]<\/p>","protected":false},"featured_media":17869,"comment_status":"open","ping_status":"closed","template":"","meta":{"_et_pb_use_builder":"","_et_pb_old_content":"","_et_gb_content_width":""},"product_brand":[],"product_cat":[1546],"product_tag":[1547,1496],"class_list":{"0":"post-18942","1":"product","2":"type-product","3":"status-publish","4":"has-post-thumbnail","6":"product_cat-boom-cylinders","7":"product_tag-boom-cylinders","8":"product_tag-hydraulic-cylinders","10":"first","11":"instock","12":"shipping-taxable","13":"product-type-simple"},"amp_enabled":true,"_links":{"self":[{"href":"https:\/\/www.hydraulic-cylinders.net\/tr\/wp-json\/wp\/v2\/product\/18942","targetHints":{"allow":["GET"]}}],"collection":[{"href":"https:\/\/www.hydraulic-cylinders.net\/tr\/wp-json\/wp\/v2\/product"}],"about":[{"href":"https:\/\/www.hydraulic-cylinders.net\/tr\/wp-json\/wp\/v2\/types\/product"}],"replies":[{"embeddable":true,"href":"https:\/\/www.hydraulic-cylinders.net\/tr\/wp-json\/wp\/v2\/comments?post=18942"}],"wp:featuredmedia":[{"embeddable":true,"href":"https:\/\/www.hydraulic-cylinders.net\/tr\/wp-json\/wp\/v2\/media\/17869"}],"wp:attachment":[{"href":"https:\/\/www.hydraulic-cylinders.net\/tr\/wp-json\/wp\/v2\/media?parent=18942"}],"wp:term":[{"taxonomy":"product_brand","embeddable":true,"href":"https:\/\/www.hydraulic-cylinders.net\/tr\/wp-json\/wp\/v2\/product_brand?post=18942"},{"taxonomy":"product_cat","embeddable":true,"href":"https:\/\/www.hydraulic-cylinders.net\/tr\/wp-json\/wp\/v2\/product_cat?post=18942"},{"taxonomy":"product_tag","embeddable":true,"href":"https:\/\/www.hydraulic-cylinders.net\/tr\/wp-json\/wp\/v2\/product_tag?post=18942"}],"curies":[{"name":"wp","href":"https:\/\/api.w.org\/{rel}","templated":true}]}}