{"id":18944,"date":"2025-04-07T06:03:31","date_gmt":"2025-04-07T06:03:31","guid":{"rendered":"https:\/\/www.hydraulic-cylinders.net\/product\/boom-cylinder-for-caterpillar-middle-excavator-e320-320b\/"},"modified":"2025-04-07T06:03:33","modified_gmt":"2025-04-07T06:03:33","slug":"boom-cylinder-for-caterpillar-middle-excavator-e320-320b","status":"publish","type":"product","link":"https:\/\/www.hydraulic-cylinders.net\/tr\/urun\/boom-cylinder-for-caterpillar-middle-excavator-e320-320b\/","title":{"rendered":"Caterpillar E320\/320B Orta Boy Ekskavat\u00f6r \u0130\u00e7in Bom Silindiri"},"content":{"rendered":"<h1>Caterpillar E320\/320B Orta Boy Ekskavat\u00f6r \u0130\u00e7in Bom Silindiri<\/h1>\n<h2>\u00dcr\u00fcn Genel Bak\u0131\u015f\u0131<\/h2>\n<p>Caterpillar E320\/320B orta boy ekskavat\u00f6r i\u00e7in bom silindiri, a\u011f\u0131r i\u015f makineleri i\u00e7in tasarlanm\u0131\u015f \u00f6nemli bir bile\u015fendir. Bu hidrolik silindir, kep\u00e7enin hareketini kontrol etmek ve verimli malzeme ta\u015f\u0131ma i\u015flemlerini sa\u011flamak i\u00e7in \u00f6zel olarak tasarlanm\u0131\u015ft\u0131r. Ekskavat\u00f6rlerin, kaz\u0131c\u0131lar\u0131n ve \u00f6n y\u00fckleyicilerin hidrolik sisteminde kritik bir rol oynar ve kep\u00e7enin kald\u0131r\u0131lmas\u0131n\u0131, indirilmesini ve e\u011filmesini sa\u011flar; bu da \u00e7e\u015fitli in\u015faat ve kaz\u0131 projeleri i\u00e7in \u00e7ok \u00f6nemlidir.<\/p>\n<p><img decoding=\"async\" src=\"https:\/\/www.hydraulic-cylinders.net\/wp-content\/uploads\/2025\/04\/songte-company-1.webp\" alt=\"Bom Silindiri\" \/><\/p>\n<h3>Tan\u0131m ve \u0130\u015flevsellik<\/h3>\n<p>Kep\u00e7e silindiri, ekskavat\u00f6r\u00fcn kep\u00e7esinin hassas hareketini kolayla\u015ft\u0131ran hidrolik bir akt\u00fcat\u00f6rd\u00fcr. Hidrolik sistem, d\u00fczg\u00fcn ve kontroll\u00fc hareket sa\u011flamak i\u00e7in bas\u0131n\u00e7l\u0131 s\u0131v\u0131 kullan\u0131r ve operat\u00f6rlerin a\u011f\u0131r y\u00fckleri zahmetsizce manip\u00fcle etmelerine olanak tan\u0131r. Kep\u00e7e silindirinin tasar\u0131m\u0131, dayan\u0131kl\u0131l\u0131\u011f\u0131n\u0131 korurken y\u00fcksek bas\u0131n\u00e7lara dayanabilmesini sa\u011flayarak zorlu \u00e7al\u0131\u015fma ortamlar\u0131 i\u00e7in uygun hale getirir.<\/p>\n<h2>Temel \u00d6zellikler<\/h2>\n<ul>\n<li><strong>Y\u00fcksek Dayan\u0131kl\u0131l\u0131k ve Dayan\u0131kl\u0131l\u0131k:<\/strong> Genellikle y\u00fcksek mukavemetli \u00e7elik veya al\u00fcminyumdan \u00fcretilen bu silindirler, y\u00fcksek bas\u0131n\u00e7lara ve a\u011f\u0131r y\u00fcklere dayanabilir ve zorlu ko\u015fullarda bile uzun \u00f6m\u00fcrl\u00fc olmalar\u0131n\u0131 sa\u011flar.<\/li>\n<li><strong>Verimli Hidrolik \u00c7al\u0131\u015fma:<\/strong> Hidrolik ya\u011f bas\u0131nc\u0131n\u0131n kullan\u0131m\u0131, d\u00fczg\u00fcn uzatma ve geri \u00e7ekme imkan\u0131 sa\u011flayarak kontrol komutlar\u0131na h\u0131zl\u0131 yan\u0131t verme ve g\u00fc\u00e7l\u00fc itme\/\u00e7ekme yetenekleri sunar.<\/li>\n<li><strong>\u00c7e\u015fitli T\u00fcrler:<\/strong> \u00c7e\u015fitli operasyonel ihtiya\u00e7lar\u0131 kar\u015f\u0131lamak \u00fczere tek y\u00f6nl\u00fc (tek y\u00f6nde \u00e7al\u0131\u015fan) veya \u00e7ift y\u00f6nl\u00fc (iki y\u00f6nde \u00e7al\u0131\u015fan) konfig\u00fcrasyonlarda mevcuttur. Baz\u0131 modeller teleskopiktir ve d\u0131\u015f boyutlar\u0131 art\u0131rmadan daha uzun eri\u015fim sa\u011flar.<\/li>\n<li><strong>Bak\u0131m\u0131 Kolay Tasar\u0131m:<\/strong> Kolay servis imkan\u0131 sa\u011flayacak \u015fekilde tasarlanm\u0131\u015f olup, ar\u0131za s\u00fcrelerini azaltarak daha etkili onar\u0131mlar sa\u011flar.<\/li>\n<li><strong>Korozyon Direnci:<\/strong> Silindirler genellikle korozyona kar\u015f\u0131 dayan\u0131kl\u0131 hale getirilmek \u00fczere i\u015fleme tabi tutulur; bu da kullan\u0131m \u00f6m\u00fcrlerini uzat\u0131r ve zorlu ortamlarda performanslar\u0131n\u0131 korumalar\u0131n\u0131 sa\u011flar.<\/li>\n<\/ul>\n<p>\u00c7e\u015fitli hidrolik uygulamalar i\u00e7in m\u00fckemmel yedek par\u00e7alar sa\u011flayan bu silindirleri \u00fcretiyoruz.<\/p>\n<p><img decoding=\"async\" src=\"https:\/\/www.hydraulic-cylinders.net\/wp-content\/uploads\/2025\/04\/songte-cylinder-head-with-all-kinds-excavator-models.webp\" alt=\"Ekskavat\u00f6rler i\u00e7in Silindirler\" \/><\/p>\n<h2>Bom Silindirinin Uygulamalar\u0131<\/h2>\n<h3>\u0130n\u015faat Ekipmanlar\u0131<\/h3>\n<p>Ekskavat\u00f6rlerde bulunan bom silindirleri, toprak veya moloz kazma, y\u00fckleme ve ta\u015f\u0131ma i\u015flemlerinde hayati \u00f6neme sahiptir. Kaz\u0131c\u0131 y\u00fckleyicilerde ise hem kazma hem de kald\u0131rma i\u015flemlerine yard\u0131mc\u0131 olurlar. Bu makinelerdeki etkinlikleri, projelerin verimli ve g\u00fcvenli bir \u015fekilde tamamlanmas\u0131n\u0131 sa\u011flar.<\/p>\n<h3>Tar\u0131m Makinalar\u0131<\/h3>\n<p>\u00d6n y\u00fckleyicilerde bu silindirler toprak, saman ve di\u011fer malzemeleri kep\u00e7eyle almak, kald\u0131rmak ve ta\u015f\u0131maktan sorumludur. Tasar\u0131mlar\u0131, tar\u0131msal i\u015flerin gerektirdi\u011fi zorlu ko\u015fullar alt\u0131nda sa\u011flam performans g\u00f6stermelerini sa\u011flar ve bu da onlar\u0131 \u00e7ift\u00e7iler ve tar\u0131m m\u00fcteahhitleri i\u00e7in vazge\u00e7ilmez k\u0131lar.<\/p>\n<h3>Ekskavat\u00f6r Performans\u0131<\/h3>\n<p>Ekskavat\u00f6rlerde, kep\u00e7e silindiri, kaz\u0131 i\u015flemleri s\u0131ras\u0131nda kep\u00e7enin topra\u011fa n\u00fcfuz etmesini sa\u011flar. Kep\u00e7enin topra\u011f\u0131n derinliklerine ula\u015fmas\u0131n\u0131 sa\u011flayan bu silindirin verimlili\u011fi, ekskavat\u00f6r\u00fcn \u00e7e\u015fitli kaz\u0131 senaryolar\u0131ndaki genel performans\u0131n\u0131 art\u0131r\u0131r.<\/p>\n<h3>Y\u00fckleyici Operasyonlar\u0131<\/h3>\n<p>\u00d6n y\u00fckleyicilerde, bom silindirleri y\u00fcklerin etkili bir \u015fekilde kald\u0131r\u0131lmas\u0131na ve bo\u015falt\u0131lmas\u0131na yard\u0131mc\u0131 olur. Bu \u00f6zellik, h\u0131zl\u0131 ve g\u00fcvenilir \u00e7al\u0131\u015fman\u0131n gerekli oldu\u011fu malzeme ta\u015f\u0131ma ve \u015fantiye temizli\u011fi gibi \u00e7e\u015fitli g\u00f6revler i\u00e7in \u00e7ok \u00f6nemlidir.<\/p>\n<h2>Tasar\u0131m Hususlar\u0131 ve Se\u00e7im Kriterleri<\/h2>\n<h3>Y\u00fck Kapasitesi<\/h3>\n<p>Bir bom silindirinin tasar\u0131m\u0131nda dikkate al\u0131nmas\u0131 gereken en \u00f6nemli noktalardan biri y\u00fck ta\u015f\u0131ma kapasitesidir. Silindir, ar\u0131za riski olmadan \u00e7al\u0131\u015fma s\u0131ras\u0131nda beklenen maksimum y\u00fck\u00fc kald\u0131rabilmelidir. Bu, hidrolik bas\u0131nc\u0131n hesaplanmas\u0131n\u0131 ve \u00fcretimde kullan\u0131lan malzemelerin \u00e7al\u0131\u015fma s\u0131ras\u0131nda uygulanan kuvvetlere dayanabilmesini sa\u011flamay\u0131 i\u00e7erir. Yeterli y\u00fck ta\u015f\u0131ma kapasitesi, g\u00fcvenli\u011fi ve uzun \u00f6mr\u00fc sa\u011flar ve de\u011fi\u015ftirme s\u0131kl\u0131\u011f\u0131n\u0131 azalt\u0131r.<\/p>\n<h3>S\u0131zd\u0131rmazl\u0131k B\u00fct\u00fcnl\u00fc\u011f\u00fc<\/h3>\n<p>Hidrolik silindirlerin etkili \u00e7al\u0131\u015fmas\u0131 i\u00e7in s\u0131zd\u0131rmazl\u0131k kritik \u00f6neme sahiptir. Y\u00fcksek kaliteli contalar, hidrolik s\u0131v\u0131n\u0131n s\u0131zmas\u0131n\u0131 \u00f6nler ve silindirin sorunsuz \u00e7al\u0131\u015fmas\u0131n\u0131 sa\u011flar. Poli\u00fcretan veya nitril kau\u00e7uk gibi s\u0131zd\u0131rmazl\u0131k malzemelerinin se\u00e7imi, silindirin dayan\u0131kl\u0131l\u0131\u011f\u0131n\u0131 ve performans\u0131n\u0131 etkiler. \u0130yi s\u0131zd\u0131rmazl\u0131\u011fa sahip silindirler, bas\u0131nc\u0131 ve verimlili\u011fi koruyarak genel makine etkinli\u011fine katk\u0131da bulunur.<\/p>\n<h3>Dayan\u0131kl\u0131l\u0131k ve Uzun \u00d6m\u00fcr<\/h3>\n<p>Hidrolik silindirlerin tasar\u0131m\u0131nda dayan\u0131kl\u0131l\u0131k son derece \u00f6nemlidir. Malzeme se\u00e7imi, y\u00fczey i\u015flemi ve koruyucu kaplamalar gibi fakt\u00f6rler, silindirin \u00f6mr\u00fcn\u00fc uzatmada \u00f6nemli rol oynar. Dayan\u0131kl\u0131 bir tasar\u0131m, s\u0131k s\u0131k de\u011fi\u015ftirme ve onar\u0131m ihtiyac\u0131n\u0131 azaltarak operat\u00f6rler i\u00e7in maliyet ve zaman tasarrufu sa\u011flar.<\/p>\n<h3>G\u00fcvenlik \u00d6zellikleri<\/h3>\n<p>Hidrolik silindirlerin tasar\u0131m\u0131nda g\u00fcvenlik kritik bir husustur. Bas\u0131n\u00e7 tahliye vanalar\u0131 ve emniyet kilitleri gibi \u00f6zellikler, silindirin g\u00fcvenli s\u0131n\u0131rlar i\u00e7inde \u00e7al\u0131\u015fmas\u0131n\u0131 sa\u011flar. Bu g\u00fcvenlik \u00f6nlemlerinin uygulanmas\u0131, hem operat\u00f6rleri hem de makineleri koruyarak, \u00e7al\u0131\u015fma s\u0131ras\u0131nda kazalar\u0131 ve ekipman ar\u0131zalar\u0131n\u0131 \u00f6nler.<\/p>\n<h3>Bak\u0131m Kolayl\u0131\u011f\u0131<\/h3>\n<p>Bom silindirinin kolay bak\u0131m i\u00e7in tasarlanmas\u0131 \u00e7ok \u00f6nemlidir. Bile\u015fenlere inceleme ve bak\u0131m i\u00e7in kolayca eri\u015filebilmesini sa\u011flamak, ar\u0131za s\u00fcresini en aza indirir ve silindirin \u00f6mr\u00fcn\u00fc uzat\u0131r. Kullan\u0131m k\u0131lavuzlar\u0131nda belirtilen d\u00fczenli bak\u0131m prosed\u00fcrleri, silindirin uzun \u00f6m\u00fcrl\u00fcl\u00fc\u011f\u00fcne ve g\u00fcvenilirli\u011fine katk\u0131da bulunur.<\/p>\n<p><img decoding=\"async\" src=\"https:\/\/www.hydraulic-cylinders.net\/wp-content\/uploads\/2025\/04\/songte-oil-pipes-and-spare-parts.webp\" alt=\"Hidrolik Par\u00e7alar\" \/><\/p>\n<h2>S\u0131zd\u0131rmazl\u0131k ve Ya\u011flama<\/h2>\n<p>Hidrolik silindirlerin do\u011fru \u015fekilde s\u0131zd\u0131rmazl\u0131\u011f\u0131 ve ya\u011flanmas\u0131, performanslar\u0131 i\u00e7in \u00e7ok \u00f6nemlidir. Optimum \u00e7al\u0131\u015fma sa\u011flamak i\u00e7in piston contalar\u0131 ve mil contalar\u0131 gibi \u00e7e\u015fitli contalar kullan\u0131l\u0131r. Poli\u00fcretan ve nitril kau\u00e7uk gibi malzemelerin kullan\u0131m\u0131 a\u015f\u0131nmaya kar\u015f\u0131 diren\u00e7 sa\u011flar. Silindir g\u00f6vdesi ve di\u015fli u\u00e7lar, dayan\u0131kl\u0131l\u0131\u011f\u0131 art\u0131rmak i\u00e7in titiz bir i\u015flemden ge\u00e7irilir. S\u00fcrt\u00fcnmeyi en aza indirmek ve sorunsuz \u00e7al\u0131\u015fmay\u0131 sa\u011flamak i\u00e7in hidrolik ya\u011f ile d\u00fczenli ya\u011flama gereklidir.<\/p>\n<h2>D\u00fczenli Muayene ve \u00d6nleyici Bak\u0131m<\/h2>\n<ul>\n<li><strong>D\u00fczenli Denetimler:<\/strong> Hidrolik silindirlerin d\u00fczenli olarak kontrol edilmesi, a\u015f\u0131nma ve olas\u0131 s\u0131z\u0131nt\u0131lar\u0131n erken tespitine yard\u0131mc\u0131 olur. Bu proaktif yakla\u015f\u0131m, tamamen ar\u0131zalanma riskini en aza indirir.<\/li>\n<li><strong>Uygun Ya\u011flama:<\/strong> Silindirlerin yeterince ya\u011flanmas\u0131, a\u015f\u0131r\u0131 a\u015f\u0131nma ve y\u0131pranmay\u0131 \u00f6nler. Ya\u011f seviyelerinin d\u00fczenli olarak kontrol edilmesi ve zaman\u0131nda doldurulmas\u0131 \u015fartt\u0131r.<\/li>\n<li><strong>Conta De\u011fi\u015fimi:<\/strong> Contalar\u0131n durumunu d\u00fczenli olarak kontrol etmek ve gerekti\u011finde de\u011fi\u015ftirmek, s\u0131v\u0131 s\u0131z\u0131nt\u0131lar\u0131n\u0131 \u00f6nler ve silindir verimlili\u011fini korur.<\/li>\n<\/ul>\n<h2>Kurulum Talimatlar\u0131<\/h2>\n<p>Hidrolik silindirlerin do\u011fru montaj\u0131, i\u015flevsellik a\u00e7\u0131s\u0131ndan hayati \u00f6nem ta\u015f\u0131r. Gereksiz gerilimi \u00f6nlemek i\u00e7in silindirin do\u011fru \u015fekilde hizaland\u0131\u011f\u0131ndan emin olun. Silindiri sa\u011flam bir \u015fekilde sabitlemek i\u00e7in uygun montaj braketleri kullan\u0131n. Optimum performans sa\u011flamak i\u00e7in tork ayarlar\u0131 ve hizalama konusunda \u00fcreticinin spesifikasyonlar\u0131n\u0131 izleyin. Sistemin do\u011fru ve verimli \u00e7al\u0131\u015ft\u0131\u011f\u0131n\u0131 do\u011frulamak i\u00e7in kurulumdan sonra test edilmesi \u00e7ok \u00f6nemlidir.<\/p>\n<h2>Yayg\u0131n Bak\u0131m G\u00f6revleri<\/h2>\n<ul>\n<li><strong>D\u00fczenli Kontroller:<\/strong> S\u0131k s\u0131k kontrol yapmak, potansiyel sorunlar\u0131n b\u00fcy\u00fcmeden \u00f6nce tespit edilmesine yard\u0131mc\u0131 olur.<\/li>\n<li><strong>Uygun Ya\u011flama:<\/strong> Silindirin d\u00fczg\u00fcn \u00e7al\u0131\u015fmaya devam etmesi i\u00e7in d\u00fczenli olarak ya\u011flay\u0131n.<\/li>\n<li><strong>Conta De\u011fi\u015fimi:<\/strong> Contalar\u0131n a\u015f\u0131nma durumunu kontrol edin ve performans\u0131 korumak i\u00e7in gerekti\u011finde de\u011fi\u015ftirin.<\/li>\n<\/ul>\n<p>Bom silindirinin uzun \u00f6m\u00fcrl\u00fcl\u00fc\u011f\u00fc ve verimlili\u011fini sa\u011flamak i\u00e7in her bak\u0131m g\u00f6revi kritik \u00f6neme sahiptir. Montaj s\u0131ras\u0131nda do\u011fru hizalama, erken a\u015f\u0131nmay\u0131 \u00f6nlemenin anahtar\u0131d\u0131r. Uygun montaj braketlerinin kullan\u0131lmas\u0131 stabiliteyi sa\u011flarken, d\u00fczenli kontroller ve zaman\u0131nda yap\u0131lan onar\u0131mlar ekipman\u0131n \u00f6mr\u00fcn\u00fc \u00f6nemli \u00f6l\u00e7\u00fcde uzatabilir.<\/p>\n<p><img decoding=\"async\" src=\"https:\/\/www.hydraulic-cylinders.net\/wp-content\/uploads\/2025\/04\/songte-chushion-collar.webp\" alt=\"Yast\u0131k Yaka\" \/><\/p>\n<h2>G\u00fcvenlik Hususlar\u0131 ve \u00c7evresel Fakt\u00f6rler<\/h2>\n<p>Hidrolik silindirlerin \u00e7al\u0131\u015ft\u0131r\u0131lmas\u0131nda g\u00fcvenlik \u00f6nlemleri son derece \u00f6nemlidir. Uygun e\u011fitim ve ekipman\u0131n \u00e7al\u0131\u015fma prensibinin anla\u015f\u0131lmas\u0131 kazalar\u0131 \u00f6nleyebilir. Ayr\u0131ca, \u00e7evresel etkiyi en aza indirmek i\u00e7in hidrolik s\u0131v\u0131n\u0131n bertaraf\u0131 ve olas\u0131 s\u0131z\u0131nt\u0131lar gibi \u00e7evresel hususlar da ele al\u0131nmal\u0131d\u0131r.<\/p>\n<h2>Ar\u0131za Te\u015fhisi ve Yayg\u0131n Sorunlar<\/h2>\n<ul>\n<li><strong>S\u0131z\u0131nt\u0131:<\/strong> Hidrolik s\u0131v\u0131 s\u0131z\u0131nt\u0131lar\u0131, conta ar\u0131zas\u0131n\u0131 veya silindirde hasar\u0131 g\u00f6sterebilir. D\u00fczenli kontroller, bu sorunlar\u0131n erken tespit edilmesine yard\u0131mc\u0131 olabilir.<\/li>\n<li><strong>Bas\u0131n\u00e7 Kayb\u0131:<\/strong> Hidrolik bas\u0131n\u00e7taki d\u00fc\u015f\u00fc\u015f, sistemde bir s\u0131z\u0131nt\u0131 veya t\u0131kan\u0131kl\u0131\u011f\u0131n i\u015fareti olabilir. Sorunun nedenini te\u015fhis etmek, optimum \u00e7al\u0131\u015fma i\u00e7in kritik \u00f6neme sahiptir.<\/li>\n<li><strong>Al\u0131\u015f\u0131lmad\u0131k Sesler:<\/strong> Silindir ola\u011fand\u0131\u015f\u0131 sesler \u00e7\u0131kararak \u00e7al\u0131\u015f\u0131yorsa, bu i\u00e7 hasara veya yetersiz ya\u011flamaya i\u015faret edebilir.<\/li>\n<\/ul>\n<p>Etkili sorun giderme i\u00e7in, d\u00fczenli bak\u0131m kontrolleri sorunlar\u0131 erken tespit etmeye yard\u0131mc\u0131 olabilir. Bir sorun tespit edilirse, deneyimli teknisyenlere dan\u0131\u015fmak \u00e7\u00f6z\u00fcmler sunabilir ve daha fazla komplikasyonu \u00f6nleyebilir.<\/p>\n<p><img decoding=\"async\" src=\"https:\/\/www.hydraulic-cylinders.net\/wp-content\/uploads\/2025\/04\/songte-bushings-with-all-kinds-of-excavator-models.webp\" alt=\"Ekskavat\u00f6rler i\u00e7in Bur\u00e7lar\" \/><\/p>\n<h2>\u015eirket Tan\u0131t\u0131m\u0131<\/h2>\n<p>Yedek hidrolik silindir \u00fcreticisi olarak, hem yurt i\u00e7i hem de uluslararas\u0131 pazarlarda \u00f6nde gelen \u00fcretici ve toptanc\u0131lardan biriyiz. M\u00fckemmelli\u011fe olan ba\u011fl\u0131l\u0131\u011f\u0131m\u0131z, geli\u015fmi\u015f \u00fcretim s\u00fcre\u00e7leriyle y\u00fcksek kaliteli \u00fcr\u00fcnler sa\u011flayan rafine bir \u00fcretim y\u00f6netim stratejisiyle desteklenmektedir. Nitelikli i\u015f g\u00fcc\u00fcm\u00fcz, son teknoloji dijital ekipmanlar\u0131m\u0131z ve profesyonel test sistemlerimiz, \u00fcretim kapasitemizi s\u00fcrekli olarak geli\u015ftirerek, \u00e7e\u015fitli m\u00fc\u015fteri ihtiya\u00e7lar\u0131n\u0131 verimlilik, hassasiyet ve kaliteyle kar\u015f\u0131l\u0131yoruz.<\/p>\n<p><img decoding=\"async\" src=\"https:\/\/www.hydraulic-cylinders.net\/wp-content\/uploads\/2025\/04\/songte-company-4.webp\" alt=\"\u015eirket Genel Bak\u0131\u015f\u0131\" \/><br \/>\n<img decoding=\"async\" src=\"https:\/\/www.hydraulic-cylinders.net\/wp-content\/uploads\/2025\/04\/songte-company-3.webp\" alt=\"\u015eirket Tesisleri\" \/><\/p>\n<p>M\u00fc\u015fterilerimizin ihtiya\u00e7lar\u0131na \u00f6zel en iyi \u00e7\u00f6z\u00fcmleri almalar\u0131n\u0131 sa\u011flamak i\u00e7in uzmanla\u015fm\u0131\u015f hizmetler, uluslararas\u0131 sertifikalar ve kapsaml\u0131 sat\u0131\u015f sonras\u0131 destek sunuyoruz.<\/p>\n<p>Yazar: lyl<\/p>","protected":false},"excerpt":{"rendered":"<p>Boom Cylinder For Caterpillar Middle Excavator E320\/320B Product Overview The Boom Cylinder for Caterpillar Middle Excavator E320\/320B is an essential component designed for heavy-duty machinery. This hydraulic cylinder is specifically engineered to control the movement of the bucket, enabling efficient material handling tasks. It plays a critical role in the hydraulic system of excavators, backhoes, [&hellip;]<\/p>","protected":false},"featured_media":17871,"comment_status":"open","ping_status":"closed","template":"","meta":{"_et_pb_use_builder":"","_et_pb_old_content":"","_et_gb_content_width":""},"product_brand":[],"product_cat":[1546],"product_tag":[1547,1496],"class_list":{"0":"post-18944","1":"product","2":"type-product","3":"status-publish","4":"has-post-thumbnail","6":"product_cat-boom-cylinders","7":"product_tag-boom-cylinders","8":"product_tag-hydraulic-cylinders","10":"first","11":"instock","12":"shipping-taxable","13":"product-type-simple"},"amp_enabled":true,"_links":{"self":[{"href":"https:\/\/www.hydraulic-cylinders.net\/tr\/wp-json\/wp\/v2\/product\/18944","targetHints":{"allow":["GET"]}}],"collection":[{"href":"https:\/\/www.hydraulic-cylinders.net\/tr\/wp-json\/wp\/v2\/product"}],"about":[{"href":"https:\/\/www.hydraulic-cylinders.net\/tr\/wp-json\/wp\/v2\/types\/product"}],"replies":[{"embeddable":true,"href":"https:\/\/www.hydraulic-cylinders.net\/tr\/wp-json\/wp\/v2\/comments?post=18944"}],"wp:featuredmedia":[{"embeddable":true,"href":"https:\/\/www.hydraulic-cylinders.net\/tr\/wp-json\/wp\/v2\/media\/17871"}],"wp:attachment":[{"href":"https:\/\/www.hydraulic-cylinders.net\/tr\/wp-json\/wp\/v2\/media?parent=18944"}],"wp:term":[{"taxonomy":"product_brand","embeddable":true,"href":"https:\/\/www.hydraulic-cylinders.net\/tr\/wp-json\/wp\/v2\/product_brand?post=18944"},{"taxonomy":"product_cat","embeddable":true,"href":"https:\/\/www.hydraulic-cylinders.net\/tr\/wp-json\/wp\/v2\/product_cat?post=18944"},{"taxonomy":"product_tag","embeddable":true,"href":"https:\/\/www.hydraulic-cylinders.net\/tr\/wp-json\/wp\/v2\/product_tag?post=18944"}],"curies":[{"name":"wp","href":"https:\/\/api.w.org\/{rel}","templated":true}]}}