{"id":18946,"date":"2025-04-07T06:03:36","date_gmt":"2025-04-07T06:03:36","guid":{"rendered":"https:\/\/www.hydraulic-cylinders.net\/product\/boom-cylinder-for-caterpillar-middle-excavator-e320dlrr\/"},"modified":"2025-04-07T06:03:38","modified_gmt":"2025-04-07T06:03:38","slug":"boom-cylinder-for-caterpillar-middle-excavator-e320dlrr","status":"publish","type":"product","link":"https:\/\/www.hydraulic-cylinders.net\/tr\/urun\/boom-cylinder-for-caterpillar-middle-excavator-e320dlrr\/","title":{"rendered":"Caterpillar E320DLRR Orta Boy Ekskavat\u00f6r \u0130\u00e7in Bom Silindiri"},"content":{"rendered":"<h1>Caterpillar E320DLRR Orta Boy Ekskavat\u00f6r \u0130\u00e7in Bom Silindiri<\/h1>\n<h2>Bom Silindirine Genel Bak\u0131\u015f<\/h2>\n<p>Bom silindiri, \u00f6zellikle ekskavat\u00f6r kep\u00e7elerinin hareketini kontrol etmek i\u00e7in tasarlanm\u0131\u015f, a\u011f\u0131r makinelerin hidrolik sistemlerinde \u00e7ok \u00f6nemli bir bile\u015fendir. Bu tip hidrolik silindir, kep\u00e7enin kald\u0131r\u0131lmas\u0131n\u0131, indirilmesini ve e\u011filmesini kolayla\u015ft\u0131rarak in\u015faat ve di\u011fer sekt\u00f6rlerdeki malzeme ta\u015f\u0131ma g\u00f6revleri i\u00e7in vazge\u00e7ilmez hale gelir.<\/p>\n<p>\u00d6z\u00fcnde, bom silindiri, ekskavat\u00f6rler, kaz\u0131c\u0131lar ve \u00f6n y\u00fckleyiciler gibi makinelerin kep\u00e7esine hassas kontrol ve g\u00fc\u00e7 sa\u011flayan hidrolik bir silindirdir. Bu silindirlerin sorunsuz \u00e7al\u0131\u015fmas\u0131, malzemelerin verimli bir \u015fekilde kaz\u0131lmas\u0131n\u0131, y\u00fcklenmesini ve ta\u015f\u0131nmas\u0131n\u0131 sa\u011flayarak \u015fantiyelerde verimlili\u011fi art\u0131r\u0131r.<\/p>\n<p><img decoding=\"async\" src=\"https:\/\/www.hydraulic-cylinders.net\/wp-content\/uploads\/2025\/04\/songte-company-1.webp\" alt=\"Hidrolik Silindir\" \/><\/p>\n<h2>Bom Silindirinin \u00d6zellikleri<\/h2>\n<ul>\n<li><strong>Y\u00fcksek Dayan\u0131kl\u0131l\u0131k ve Dayan\u0131kl\u0131l\u0131k:<\/strong> Y\u00fcksek mukavemetli \u00e7elik veya al\u00fcminyumdan \u00fcretilen bu silindirler, y\u00fcksek bas\u0131nca ve a\u011f\u0131r y\u00fcklere dayanabilir, bu da onlar\u0131 zorlu \u00e7al\u0131\u015fma ortamlar\u0131 i\u00e7in uygun hale getirir.<\/li>\n<li><strong>Verimli Hidrolik \u00c7al\u0131\u015fma:<\/strong> Hidrolik ya\u011f bas\u0131nc\u0131n\u0131 kullanarak d\u00fczg\u00fcn bir \u015fekilde uzama ve geri \u00e7ekilme sa\u011flayan bu silindirler, kontrol komutlar\u0131na h\u0131zl\u0131 yan\u0131t vererek a\u011f\u0131r malzeme ta\u015f\u0131ma i\u00e7in ideal olan g\u00fc\u00e7l\u00fc itme ve \u00e7ekme kuvvetleri sunar.<\/li>\n<li><strong>\u00c7e\u015fitli T\u00fcrler:<\/strong> Tek y\u00f6nl\u00fc (tek y\u00f6nde \u00e7al\u0131\u015fan) veya \u00e7ift y\u00f6nl\u00fc (iki y\u00f6nde \u00e7al\u0131\u015fan) tasar\u0131mlarda bulunan bu silindirler, \u00e7e\u015fitli \u00e7al\u0131\u015fma gereksinimlerini kar\u015f\u0131layabilir. Baz\u0131 modellerde teleskopik tasar\u0131mlar bulunur; bu da d\u0131\u015f boyutlar\u0131 art\u0131rmadan daha fazla uzamaya olanak tan\u0131r ve alan k\u0131s\u0131tlamal\u0131 uygulamalar i\u00e7in idealdir.<\/li>\n<li><strong>\u00d6zelle\u015ftirme Se\u00e7enekleri:<\/strong> \u00dcr\u00fcnlerimiz, belirli proje ihtiya\u00e7lar\u0131na ve performans gereksinimlerine uygun olarak, \u00e7e\u015fitli hidrolik silindirlerin yerini m\u00fckemmel bir \u015fekilde alabilir.<\/li>\n<\/ul>\n<p><img decoding=\"async\" src=\"https:\/\/www.hydraulic-cylinders.net\/wp-content\/uploads\/2025\/04\/songte-cylinder-head-with-all-kinds-excavator-models.webp\" alt=\"Ekskavat\u00f6r Modelleri\" \/><\/p>\n<h2>Bom Silindirinin Uygulamalar\u0131<\/h2>\n<h3>\u0130n\u015faat Ekipmanlar\u0131<\/h3>\n<p>Ekskavat\u00f6rlerde, bom silindirleri kazma, y\u00fckleme ve toprak veya moloz ta\u015f\u0131ma i\u015flemlerinde hayati \u00f6neme sahiptir. Kep\u00e7enin zemine n\u00fcfuz etmesini sa\u011flayarak kaz\u0131 i\u015flerini verimli hale getirirler. Ayr\u0131ca, kaz\u0131c\u0131 y\u00fckleyicilerde bu silindirler sadece kazmaya de\u011fil, kald\u0131rmaya da yard\u0131mc\u0131 olarak farkl\u0131 makine t\u00fcrlerinde \u00e7ok y\u00f6nl\u00fcl\u00fcklerini g\u00f6sterirler.<\/p>\n<h3>Tar\u0131m Makinalar\u0131<\/h3>\n<p>\u00d6n y\u00fckleyicilerde, bom silindirleri toprak, saman ve di\u011fer malzemeleri kep\u00e7elemek, kald\u0131rmak ve ta\u015f\u0131mak i\u00e7in kullan\u0131l\u0131r. Sa\u011flam tasar\u0131mlar\u0131, \u00e7ift\u00e7ilerin a\u011f\u0131r y\u00fckleri kolayca ta\u015f\u0131mas\u0131na olanak tan\u0131yarak \u00e7e\u015fitli tar\u0131msal i\u015flerde verimlili\u011fi art\u0131r\u0131r.<\/p>\n<h3>Ekskavat\u00f6rler<\/h3>\n<p>Kep\u00e7e silindiri, kep\u00e7enin topra\u011fa zahmetsizce n\u00fcfuz etmesini sa\u011flayarak ekskavat\u00f6rlerin etkili kazma i\u015flemleri ger\u00e7ekle\u015ftirmesine olanak tan\u0131r. Bu i\u015flev, in\u015faat ve hafriyat operasyonlar\u0131 i\u00e7in \u00e7ok \u00f6nemlidir ve b\u00fcy\u00fck \u00f6l\u00e7ekli projelerde i\u015flerin daha h\u0131zl\u0131 tamamlanmas\u0131n\u0131 sa\u011flar.<\/p>\n<h3>Y\u00fckleyiciler<\/h3>\n<p>\u00d6n y\u00fckleyicilerde, bom silindirleri malzemelerin verimli bir \u015fekilde kald\u0131r\u0131lmas\u0131 ve bo\u015falt\u0131lmas\u0131nda \u00f6nemli bir rol oynar. \u00c7al\u0131\u015fmalar\u0131, a\u011f\u0131r y\u00fcklerin kolayl\u0131kla ta\u015f\u0131nmas\u0131n\u0131 sa\u011flayarak y\u00fckleme i\u015flemlerinin tamamlanmas\u0131 i\u00e7in gereken zaman ve \u00e7abay\u0131 azalt\u0131r.<\/p>\n<h2>Tasar\u0131m Hususlar\u0131 ve Se\u00e7im Kriterleri<\/h2>\n<h3>Y\u00fck Kapasitesi<\/h3>\n<p>Bir bom silindiri se\u00e7erken, y\u00fck ta\u015f\u0131ma kapasitesi en \u00f6nemli husustur. Silindir, kep\u00e7enin ve ta\u015f\u0131yaca\u011f\u0131 malzemelerin maksimum a\u011f\u0131rl\u0131\u011f\u0131n\u0131 destekleyebilmelidir. M\u00fchendisler, se\u00e7ilen silindirin y\u00fckleri sorunsuz bir \u015fekilde ta\u015f\u0131yabildi\u011finden emin olmak i\u00e7in \u00e7e\u015fitli i\u015flemlerde yer alan kuvvetleri hesaplamal\u0131d\u0131r.<\/p>\n<h3>S\u0131zd\u0131rmazl\u0131k Mekanizmalar\u0131<\/h3>\n<p>Hidrolik silindirlerde s\u0131v\u0131 s\u0131z\u0131nt\u0131s\u0131n\u0131 \u00f6nlemek ve bas\u0131nc\u0131 korumak i\u00e7in etkili s\u0131zd\u0131rmazl\u0131k \u015fartt\u0131r. Piston contalar\u0131 ve mil contalar\u0131 gibi contalar\u0131n se\u00e7iminde \u00e7al\u0131\u015fma s\u0131cakl\u0131\u011f\u0131, bas\u0131n\u00e7 ve s\u0131v\u0131 uyumlulu\u011fu gibi fakt\u00f6rler dikkate al\u0131nmal\u0131d\u0131r. Do\u011fru s\u0131zd\u0131rmazl\u0131k, silindirin performans\u0131n\u0131 ve \u00f6mr\u00fcn\u00fc art\u0131r\u0131r.<\/p>\n<h3>Dayan\u0131kl\u0131l\u0131k ve Bak\u0131m<\/h3>\n<p>Zorlu ortamlara maruz kalan hidrolik silindirler i\u00e7in dayan\u0131kl\u0131l\u0131k \u00e7ok \u00f6nemlidir. Malzemelerin a\u015f\u0131nmaya ve korozyona kar\u015f\u0131 diren\u00e7li olmas\u0131 gerekir. Silindirin optimum durumda kalmas\u0131n\u0131 ve zaman i\u00e7inde g\u00fcvenilir bir \u015fekilde \u00e7al\u0131\u015fmas\u0131n\u0131 sa\u011flamak i\u00e7in d\u00fczenli bak\u0131m uygulamalar\u0131, \u00f6rne\u011fin muayene ve ya\u011flama, hayati \u00f6nem ta\u015f\u0131r.<\/p>\n<h3>G\u00fcvenlik \u00d6zellikleri<\/h3>\n<p>G\u00fcvenlik hususlar\u0131 aras\u0131nda a\u015f\u0131r\u0131 y\u00fcklenmeye kar\u015f\u0131 koruma sa\u011flamak i\u00e7in ar\u0131za emniyet mekanizmalar\u0131 ve bas\u0131n\u00e7 tahliye vanalar\u0131n\u0131n dahil edilmesi yer almaktad\u0131r. \u00dcreticiler, \u00e7al\u0131\u015fma s\u0131ras\u0131nda kazalar\u0131 \u00f6nlemek ve hem operat\u00f6rlerin hem de ekipman\u0131n g\u00fcvenli\u011fini sa\u011flamak i\u00e7in ani ar\u0131zalara kar\u015f\u0131 \u00f6nlemler i\u00e7eren silindirler tasarlamal\u0131d\u0131r.<\/p>\n<p><img decoding=\"async\" src=\"https:\/\/www.hydraulic-cylinders.net\/wp-content\/uploads\/2025\/04\/songte-oil-pipes-and-spare-parts.webp\" alt=\"Petrol Borular\u0131 ve Yedek Par\u00e7alar\u0131\" \/><\/p>\n<h2>S\u0131zd\u0131rmazl\u0131k ve Ya\u011flama<\/h2>\n<p>Hidrolik silindirlerin performans\u0131 i\u00e7in do\u011fru s\u0131zd\u0131rmazl\u0131k ve ya\u011flama \u00e7ok \u00f6nemlidir. Piston ve mil contalar\u0131 gibi \u00e7e\u015fitli contalar genellikle poli\u00fcretan ve nitril kau\u00e7uk gibi a\u015f\u0131nmaya dayan\u0131kl\u0131 malzemelerden yap\u0131l\u0131r ve uzun \u00f6m\u00fcr ile g\u00fcvenilirlik sa\u011flar. Silindir g\u00f6vdesinin ve di\u015fli u\u00e7lar\u0131n\u0131n y\u00fczeyleri, a\u015f\u0131nma direncini art\u0131rmak i\u00e7in hassas bir \u015fekilde i\u015flenir. Sistemin sorunsuz \u00e7al\u0131\u015fmas\u0131n\u0131 sa\u011flamak ve a\u015f\u0131nmay\u0131 \u00f6nlemek i\u00e7in hidrolik ya\u011f ile d\u00fczenli ya\u011flama gereklidir.<\/p>\n<h2>D\u00fczenli Denetimler ve \u00d6nleyici Bak\u0131m<\/h2>\n<ul>\n<li><strong>Rutin Denetimler:<\/strong> S\u0131z\u0131nt\u0131, a\u015f\u0131nma ve hasar a\u00e7\u0131s\u0131ndan d\u00fczenli kontroller, potansiyel sorunlar\u0131n b\u00fcy\u00fcmeden \u00f6nce belirlenmesine yard\u0131mc\u0131 olarak silindirin verimli \u00e7al\u0131\u015fmas\u0131n\u0131 sa\u011flar.<\/li>\n<li><strong>Ya\u011flama Bak\u0131m\u0131:<\/strong> Yeterli ya\u011flama \u015fartt\u0131r; operat\u00f6rler, optimum performans\u0131 korumak i\u00e7in ya\u011f t\u00fcrleri ve aral\u0131klar\u0131 konusunda \u00fcreticinin y\u00f6nergelerine uymal\u0131d\u0131r.<\/li>\n<li><strong>Conta De\u011fi\u015fimi:<\/strong> Sistem b\u00fct\u00fcnl\u00fc\u011f\u00fcn\u00fc ve performans\u0131n\u0131 korumak i\u00e7in hidrolik s\u0131v\u0131 s\u0131z\u0131nt\u0131s\u0131n\u0131 \u00f6nlemek amac\u0131yla contalar kontrol edilmeli ve gerekti\u011finde de\u011fi\u015ftirilmelidir.<\/li>\n<\/ul>\n<h2>Kurulum Talimatlar\u0131<\/h2>\n<p>Bom silindirinin verimli \u00e7al\u0131\u015fmas\u0131 i\u00e7in do\u011fru montaj \u00e7ok \u00f6nemlidir. \u00d6ncelikle montaj y\u00fczeylerinin temiz ve kal\u0131nt\u0131lardan ar\u0131nd\u0131r\u0131lm\u0131\u015f oldu\u011fundan emin olun. Erken a\u015f\u0131nmaya neden olabilecek yanl\u0131\u015f hizalama sorunlar\u0131n\u0131 \u00f6nlemek i\u00e7in silindiri montaj noktalar\u0131yla do\u011fru bir \u015fekilde hizalay\u0131n. Silindiri sa\u011flam bir \u015fekilde sabitlemek i\u00e7in uygun montaj braketleri kullan\u0131lmas\u0131 tavsiye edilir. T\u00fcm ba\u011flant\u0131 par\u00e7alar\u0131n\u0131n g\u00fcvenli bir \u015fekilde tak\u0131ld\u0131\u011f\u0131ndan emin olmak i\u00e7in \u00fcreticinin montaj y\u00f6nergelerini ve tork \u00f6zelliklerini izleyin. Montajdan sonra, t\u00fcm bile\u015fenlerin ama\u00e7land\u0131\u011f\u0131 gibi \u00e7al\u0131\u015ft\u0131\u011f\u0131n\u0131 do\u011frulamak i\u00e7in kapsaml\u0131 bir inceleme yap\u0131n ve \u00e7al\u0131\u015fma b\u00fct\u00fcnl\u00fc\u011f\u00fcn\u00fc onaylamak i\u00e7in bir test \u00e7al\u0131\u015fmas\u0131 ba\u015flat\u0131n.<\/p>\n<h2>Yayg\u0131n Bak\u0131m G\u00f6revleri<\/h2>\n<ul>\n<li><strong>D\u00fczenli Kontroller:<\/strong> G\u00fcvenlik ve i\u015flevselli\u011fi sa\u011flamak i\u00e7in d\u00fczenli olarak a\u015f\u0131nma ve y\u0131pranma kontrolleri yap\u0131n.<\/li>\n<li><strong>Uygun Ya\u011flama:<\/strong> \u00dcretici taraf\u0131ndan \u00f6nerilen do\u011fru tip hidrolik ya\u011f\u0131 kullanarak, gerekti\u011finde ya\u011f seviyesini tamamlad\u0131\u011f\u0131n\u0131zdan emin olun.<\/li>\n<li><strong>Conta De\u011fi\u015fimi:<\/strong> S\u0131z\u0131nt\u0131y\u0131 \u00f6nlemek ve performans\u0131 korumak i\u00e7in contalar\u0131n durumunu izleyin ve gerekirse de\u011fi\u015ftirin.<\/li>\n<\/ul>\n<h2>G\u00fcvenlik Hususlar\u0131 ve \u00c7evresel Fakt\u00f6rler<\/h2>\n<p>Hidrolik silindirler kullan\u0131l\u0131rken g\u00fcvenlik her \u015feyden \u00f6nemlidir. Operat\u00f6rler, hidrolik sistemlerle ili\u015fkili riskleri anlamak i\u00e7in e\u011fitilmelidir. Koruyucu ekipman giymek ve \u00e7al\u0131\u015fma protokollerine uymak gibi uygun g\u00fcvenlik \u00f6nlemleri, kazalar\u0131 \u00f6nlemek i\u00e7in \u015fartt\u0131r. Ayr\u0131ca, hidrolik s\u0131v\u0131lar\u0131n ve malzemelerin uygun \u015fekilde bertaraf edilmesi gibi \u00e7evresel hususlara da uyulmal\u0131, b\u00f6ylece hem i\u015f g\u00fcc\u00fc hem de \u00e7evre korunmal\u0131d\u0131r.<\/p>\n<h2>Sorun Giderme ve Yayg\u0131n Sorunlar<\/h2>\n<ul>\n<li><strong>S\u0131v\u0131 S\u0131z\u0131nt\u0131lar\u0131:<\/strong> Contalar\u0131 ve ba\u011flant\u0131 par\u00e7alar\u0131n\u0131 a\u015f\u0131nma veya hasar a\u00e7\u0131s\u0131ndan kontrol edin. A\u015f\u0131nm\u0131\u015f contalar genellikle s\u0131z\u0131nt\u0131lara yol a\u00e7ar ve de\u011fi\u015ftirilmelerini gerektirir.<\/li>\n<li><strong>Zay\u0131f Performans:<\/strong> S\u0131v\u0131 seviyelerini ve kalitesini kontrol edin; d\u00fc\u015f\u00fck veya kirlenmi\u015f ya\u011f silindir \u00e7al\u0131\u015fmas\u0131n\u0131 engelleyebilir. Hidrolik s\u0131v\u0131 bak\u0131m\u0131n\u0131n do\u011fru \u015fekilde yap\u0131lmas\u0131n\u0131 sa\u011flay\u0131n.<\/li>\n<li><strong>A\u015f\u0131r\u0131 Is\u0131nma:<\/strong> \u00c7al\u0131\u015fma s\u0131cakl\u0131klar\u0131n\u0131 izleyin; a\u015f\u0131r\u0131 \u0131s\u0131nma, a\u015f\u0131r\u0131 y\u00fck veya yetersiz ya\u011flaman\u0131n bir g\u00f6stergesi olabilir ve acil m\u00fcdahale gerektirir.<\/li>\n<\/ul>\n<h2>Te\u015fhis ve \u00d6nleyici Tedbirler<\/h2>\n<p>Olas\u0131 sorunlar\u0131 en aza indirmek i\u00e7in, \u00f6nleyici tedbirleri proaktif olarak uygulamak \u00e7ok \u00f6nemlidir. D\u00fczenli olarak planlanan bak\u0131m, muayeneler ve ya\u011flamalar da dahil olmak \u00fczere, sorunlar\u0131n erken tespit edilmesine yard\u0131mc\u0131 olacakt\u0131r. Operat\u00f6rlerin ar\u0131za belirtilerini tan\u0131ma konusunda e\u011fitilmesi, ar\u0131za s\u00fcrelerini ve bak\u0131m maliyetlerini \u00f6nemli \u00f6l\u00e7\u00fcde azaltarak hidrolik sistemin verimli \u00e7al\u0131\u015fmas\u0131n\u0131 sa\u011flayabilir.<\/p>\n<p><img decoding=\"async\" src=\"https:\/\/www.hydraulic-cylinders.net\/wp-content\/uploads\/2025\/04\/songte-bushings-with-all-kinds-of-excavator-models.webp\" alt=\"Ekskavat\u00f6r Bur\u00e7lar\u0131\" \/><\/p>\n<h2>\u015eirket Tan\u0131t\u0131m\u0131<\/h2>\n<p>\u00d6nde gelen yedek hidrolik silindir \u00fcreticisi olarak, kapsaml\u0131 bir \u00fcr\u00fcn yelpazesi sunmaya kendimizi adad\u0131k. M\u00fckemmelli\u011fe olan ba\u011fl\u0131l\u0131\u011f\u0131m\u0131z, bizi hem yerel hem de uluslararas\u0131 pazarlarda \u00f6nde gelen bir oyuncu konumuna getirmi\u015ftir. \u00dcst\u00fcn kaliteye odaklan\u0131yor ve geli\u015fmi\u015f \u00fcretim y\u00f6netim stratejileri uyguluyoruz. Yetenekli teknik personel, \u00fcst d\u00fczey dijital \u00fcretim ekipmanlar\u0131 ve profesyonel test sistemlerinden yararlanarak \u00fcretim kapasitemizi s\u00fcrekli olarak geli\u015ftiriyoruz. Verimlilik, hassasiyet ve kaliteye verdi\u011fimiz \u00f6nem, m\u00fc\u015fterilerimizin \u00e7e\u015fitli ihtiya\u00e7lar\u0131n\u0131 \u00fcst\u00fcn \u00fcr\u00fcnlerle kar\u015f\u0131lamam\u0131z\u0131 sa\u011flar.<\/p>\n<p>\u015eirketimiz profesyonelli\u011fi, uluslararas\u0131 sertifikalar\u0131 ve \u00f6zel hizmetleriyle \u00f6ne \u00e7\u0131kmaktad\u0131r. Geli\u015fmi\u015f \u00fcretim ekipmanlar\u0131 kullan\u0131yor ve ola\u011fan\u00fcst\u00fc sat\u0131\u015f sonras\u0131 destek sa\u011flayarak her a\u015famada m\u00fc\u015fteri memnuniyetini garanti ediyoruz.<\/p>\n<p><img decoding=\"async\" src=\"https:\/\/www.hydraulic-cylinders.net\/wp-content\/uploads\/2025\/04\/songte-company-4.webp\" alt=\"\u015eirket G\u00f6rseli 1\" \/><br \/>\n<img decoding=\"async\" src=\"https:\/\/www.hydraulic-cylinders.net\/wp-content\/uploads\/2025\/04\/songte-company-3.webp\" alt=\"\u015eirket G\u00f6rseli 2\" \/><\/p>\n<p>Yazar: lyl<\/p>","protected":false},"excerpt":{"rendered":"<p>Boom Cylinder For Caterpillar Middle Excavator E320DLRR Overview of Boom Cylinder The Boom Cylinder is a crucial component in the hydraulic systems of heavy machinery, specifically designed for controlling the movement of excavator buckets. This type of hydraulic cylinder facilitates the lifting, lowering, and tilting of the bucket, making it essential for material handling tasks [&hellip;]<\/p>","protected":false},"featured_media":17873,"comment_status":"open","ping_status":"closed","template":"","meta":{"_et_pb_use_builder":"","_et_pb_old_content":"","_et_gb_content_width":""},"product_brand":[],"product_cat":[1546],"product_tag":[1547,1496],"class_list":{"0":"post-18946","1":"product","2":"type-product","3":"status-publish","4":"has-post-thumbnail","6":"product_cat-boom-cylinders","7":"product_tag-boom-cylinders","8":"product_tag-hydraulic-cylinders","10":"first","11":"instock","12":"shipping-taxable","13":"product-type-simple"},"amp_enabled":true,"_links":{"self":[{"href":"https:\/\/www.hydraulic-cylinders.net\/tr\/wp-json\/wp\/v2\/product\/18946","targetHints":{"allow":["GET"]}}],"collection":[{"href":"https:\/\/www.hydraulic-cylinders.net\/tr\/wp-json\/wp\/v2\/product"}],"about":[{"href":"https:\/\/www.hydraulic-cylinders.net\/tr\/wp-json\/wp\/v2\/types\/product"}],"replies":[{"embeddable":true,"href":"https:\/\/www.hydraulic-cylinders.net\/tr\/wp-json\/wp\/v2\/comments?post=18946"}],"wp:featuredmedia":[{"embeddable":true,"href":"https:\/\/www.hydraulic-cylinders.net\/tr\/wp-json\/wp\/v2\/media\/17873"}],"wp:attachment":[{"href":"https:\/\/www.hydraulic-cylinders.net\/tr\/wp-json\/wp\/v2\/media?parent=18946"}],"wp:term":[{"taxonomy":"product_brand","embeddable":true,"href":"https:\/\/www.hydraulic-cylinders.net\/tr\/wp-json\/wp\/v2\/product_brand?post=18946"},{"taxonomy":"product_cat","embeddable":true,"href":"https:\/\/www.hydraulic-cylinders.net\/tr\/wp-json\/wp\/v2\/product_cat?post=18946"},{"taxonomy":"product_tag","embeddable":true,"href":"https:\/\/www.hydraulic-cylinders.net\/tr\/wp-json\/wp\/v2\/product_tag?post=18946"}],"curies":[{"name":"wp","href":"https:\/\/api.w.org\/{rel}","templated":true}]}}