{"id":18947,"date":"2025-04-07T06:03:39","date_gmt":"2025-04-07T06:03:39","guid":{"rendered":"https:\/\/www.hydraulic-cylinders.net\/product\/boom-cylinder-for-caterpillar-middle-excavator-e324d-324dz\/"},"modified":"2025-04-07T06:03:42","modified_gmt":"2025-04-07T06:03:42","slug":"boom-cylinder-for-caterpillar-middle-excavator-e324d-324dz","status":"publish","type":"product","link":"https:\/\/www.hydraulic-cylinders.net\/tr\/urun\/boom-cylinder-for-caterpillar-middle-excavator-e324d-324dz\/","title":{"rendered":"Caterpillar E324D\/324DZ Orta Boy Ekskavat\u00f6r \u0130\u00e7in Bom Silindiri"},"content":{"rendered":"<h1>Caterpillar E324D\/324DZ Orta Boy Ekskavat\u00f6r \u0130\u00e7in Bom Silindiri<\/h1>\n<h2>Kova Silindirine Giri\u015f<\/h2>\n<p>Hidrolik sistemin bir par\u00e7as\u0131 olan kep\u00e7e silindiri, ekskavat\u00f6rler, kaz\u0131c\u0131 y\u00fckleyiciler ve \u00f6n y\u00fckleyiciler gibi a\u011f\u0131r makinelerin kep\u00e7elerinin hareketini kontrol etmede \u00e7ok \u00f6nemli bir rol oynar. Bu hidrolik silindir, kep\u00e7enin kalkmas\u0131n\u0131, al\u00e7almas\u0131n\u0131 ve e\u011filmesini sa\u011flayarak verimli malzeme ta\u015f\u0131ma i\u015flemlerini kolayla\u015ft\u0131r\u0131r. Hidrolik s\u0131v\u0131 bas\u0131nc\u0131n\u0131 kullanarak, silindir sorunsuz bir \u015fekilde uzama ve geri \u00e7ekilme hareketini ger\u00e7ekle\u015ftirir ve a\u011f\u0131r y\u00fckler \u00fczerinde hassas kontrol sa\u011flar.<\/p>\n<p><img decoding=\"async\" src=\"https:\/\/www.hydraulic-cylinders.net\/wp-content\/uploads\/2025\/04\/songte-company-1.webp\" alt=\"Bom Silindiri G\u00f6r\u00fcnt\u00fcs\u00fc\"><\/p>\n<h2>Bom Silindirinin \u00d6zellikleri<\/h2>\n<ul>\n<li>\n<h3>Y\u00fcksek G\u00fc\u00e7 ve Dayan\u0131kl\u0131l\u0131k<\/h3>\n<p>Y\u00fcksek mukavemetli \u00e7elik veya al\u00fcminyumdan \u00fcretilen bom silindiri, y\u00fcksek bas\u0131n\u00e7lara ve a\u011f\u0131r y\u00fcklere dayanacak \u015fekilde tasarlanm\u0131\u015ft\u0131r ve bu da onu zorlu \u00e7al\u0131\u015fma ortamlar\u0131 i\u00e7in uygun hale getirir. Tasar\u0131m\u0131nda, kullan\u0131m \u00f6mr\u00fcn\u00fc uzatmak i\u00e7in a\u015f\u0131nmaya ve korozyona dayan\u0131kl\u0131 \u00f6zellikler bulunur.<\/p>\n<\/li>\n<li>\n<h3>Verimli Hidrolik \u00c7al\u0131\u015fma<\/h3>\n<p>Silindir, d\u00fczg\u00fcn uzatma ve geri \u00e7ekme i\u00e7in hidrolik ya\u011f bas\u0131nc\u0131ndan yararlan\u0131r. Kontrol komutlar\u0131na h\u0131zl\u0131 yan\u0131t vererek, a\u011f\u0131r ve karma\u015f\u0131k i\u015flerin \u00fcstesinden gelmek i\u00e7in ideal olan g\u00fc\u00e7l\u00fc itme ve \u00e7ekme kuvvetleri sa\u011flar.<\/p>\n<\/li>\n<li>\n<h3>\u00c7e\u015fitli T\u00fcrler Mevcuttur<\/h3>\n<p>Tek etkili (hidrolik bas\u0131nc\u0131 tek y\u00f6nde kullanan) ve \u00e7ift etkili (hidrolik bas\u0131nc\u0131 her iki y\u00f6nde kullanan) konfig\u00fcrasyonlarda bulunan bu silindirler, \u00e7e\u015fitli operasyonel ihtiya\u00e7lar\u0131 kar\u015f\u0131layabilir. Baz\u0131 modeller teleskopiktir ve d\u0131\u015f boyutlar\u0131 art\u0131rmadan daha fazla uzatmaya olanak tan\u0131r; bu da alan k\u0131s\u0131tlamal\u0131 uygulamalar i\u00e7in idealdir.<\/p>\n<\/li>\n<\/ul>\n<h2>Bom Silindirinin Uygulama Senaryolar\u0131<\/h2>\n<h3>\u0130n\u015faat Ekipmanlar\u0131<\/h3>\n<p>Ekskavat\u00f6rlerde, bom silindirleri toprak veya moloz kazma, y\u00fckleme ve ta\u015f\u0131ma i\u015flemlerinde hayati \u00f6neme sahiptir. Kazma i\u015flemlerini kolayla\u015ft\u0131r\u0131r ve malzeme ta\u015f\u0131mac\u0131l\u0131\u011f\u0131 i\u00e7in kald\u0131rma i\u015flemlerine yard\u0131mc\u0131 olurlar. Kaz\u0131c\u0131 y\u00fckleyicilerde ise bu silindirler hem kazma hem de kald\u0131rma i\u015flevlerini geli\u015ftirerek in\u015faat projeleri i\u00e7in hayati \u00f6nem ta\u015f\u0131rlar.<\/p>\n<h3>Tar\u0131m Makinalar\u0131<\/h3>\n<p>\u00d6n y\u00fckleyicilerde, bom silindirleri toprak, saman ve di\u011fer malzemeleri kep\u00e7elemek, kald\u0131rmak ve ta\u015f\u0131mak i\u00e7in kullan\u0131l\u0131r. Tar\u0131msal i\u015flerin verimli bir \u015fekilde yap\u0131labilmesi i\u00e7in gerekli g\u00fcc\u00fc sa\u011flarlar ve \u00e7ift\u00e7ilerin i\u015flerini zaman\u0131nda tamamlamalar\u0131n\u0131 sa\u011flarlar.<\/p>\n<h3>Ekskavat\u00f6rler<\/h3>\n<p>Kep\u00e7e silindiri, kep\u00e7enin topra\u011fa n\u00fcfuz etmesini ve etkili kaz\u0131 i\u015flemlerini ger\u00e7ekle\u015ftirmesini sa\u011flar. Bu i\u015flev, \u00e7e\u015fitli kaz\u0131 projeleri i\u00e7in \u00e7ok \u00f6nemlidir ve operat\u00f6rlerin do\u011fru miktarda g\u00fc\u00e7 ve kontrolle g\u00f6revleri verimli bir \u015fekilde yerine getirmelerini sa\u011flar.<\/p>\n<h3>Y\u00fckleyiciler<\/h3>\n<p>\u00d6n y\u00fckleyicilerde, bom silindirleri y\u00fcklerin etkili bir \u015fekilde kald\u0131r\u0131lmas\u0131na ve bo\u015falt\u0131lmas\u0131na yard\u0131mc\u0131 olur. Tasar\u0131mlar\u0131, operat\u00f6rlerin a\u011f\u0131r malzemeleri kolayl\u0131kla ta\u015f\u0131yabilmelerini sa\u011flayarak \u015fantiyelerde verimlili\u011fi ve operasyonel etkinli\u011fi art\u0131r\u0131r.<\/p>\n<h2>Tasar\u0131m Hususlar\u0131 ve Se\u00e7im Kriterleri<\/h2>\n<h3>Y\u00fck Kapasitesi<\/h3>\n<p>Bom silindirinin y\u00fck ta\u015f\u0131ma kapasitesi son derece \u00f6nemlidir. \u00c7al\u0131\u015fmalar s\u0131ras\u0131nda kar\u015f\u0131la\u015f\u0131lan maksimum a\u011f\u0131rl\u0131\u011f\u0131 ar\u0131za yapmadan kald\u0131rabilmelidir. Tasar\u0131m, a\u011f\u0131r y\u00fckler alt\u0131nda g\u00fcvenlik ve g\u00fcvenilirli\u011fi sa\u011flamak i\u00e7in sa\u011flam malzemeler ve m\u00fchendislik prensiplerini i\u00e7ermelidir.<\/p>\n<h3>S\u0131zd\u0131rmazl\u0131k Performans\u0131<\/h3>\n<p>Etkili s\u0131zd\u0131rmazl\u0131k, sistem verimsizliklerine ve potansiyel tehlikelere yol a\u00e7abilen hidrolik s\u0131v\u0131 s\u0131z\u0131nt\u0131s\u0131n\u0131 \u00f6nlemek i\u00e7in \u00e7ok \u00f6nemlidir. Optimum bas\u0131n\u00e7 ve performans\u0131 korumak i\u00e7in dayan\u0131kl\u0131 malzemelerden yap\u0131lm\u0131\u015f y\u00fcksek kaliteli contalar kullan\u0131lmal\u0131d\u0131r.<\/p>\n<h3>Dayan\u0131kl\u0131l\u0131k<\/h3>\n<p>Bom silindiri, zorlu \u00e7evre ko\u015fullar\u0131na ve zamanla olu\u015facak a\u015f\u0131nmaya dayanmal\u0131d\u0131r. Malzemeler, uzun \u00f6m\u00fcrl\u00fcl\u00fc\u011f\u00fc sa\u011flamak ve bak\u0131m ihtiya\u00e7lar\u0131n\u0131 azaltmak i\u00e7in mukavemetleri, a\u015f\u0131nmaya ve korozyona kar\u015f\u0131 diren\u00e7leri g\u00f6z \u00f6n\u00fcnde bulundurularak se\u00e7ilmelidir.<\/p>\n<h3>G\u00fcvenlik \u00d6zellikleri<\/h3>\n<p>Hidrolik silindir tasar\u0131m\u0131nda g\u00fcvenlik en \u00f6nemli \u00f6nceliktir. Ar\u0131za emniyet mekanizmalar\u0131, bas\u0131n\u00e7 tahliye vanalar\u0131 ve g\u00fcvenli montaj se\u00e7eneklerinin entegre edilmesi, \u00e7al\u0131\u015fma s\u0131ras\u0131nda kazalar\u0131 \u00f6nlemek, hem ekipman\u0131 hem de personeli korumak i\u00e7in \u00e7ok \u00f6nemlidir.<\/p>\n<h3>Bak\u0131m Eri\u015filebilirli\u011fi<\/h3>\n<p>Bom silindirinin kullan\u0131m \u00f6mr\u00fcn\u00fc uzatmak i\u00e7in bak\u0131m kolayl\u0131\u011f\u0131na y\u00f6nelik tasar\u0131m hayati \u00f6nem ta\u015f\u0131r. Kolay inceleme, ya\u011flama ve conta de\u011fi\u015fimine olanak sa\u011flayan \u00f6zellikler, servis kolayl\u0131\u011f\u0131n\u0131 art\u0131rabilir ve ar\u0131za s\u00fcresini azaltabilir.<\/p>\n<p><img decoding=\"async\" src=\"https:\/\/www.hydraulic-cylinders.net\/wp-content\/uploads\/2025\/04\/songte-oil-pipes-and-spare-parts.webp\" alt=\"Petrol Borular\u0131 ve Yedek Par\u00e7alar\u0131\"><\/p>\n<h2>S\u0131zd\u0131rmazl\u0131k ve Ya\u011flama<\/h2>\n<p>Bom silindirinin s\u0131zd\u0131rmazl\u0131k sistemi, piston contalar\u0131 ve mil contalar\u0131 gibi \u00e7e\u015fitli bile\u015fenlerden olu\u015fur. Dayan\u0131kl\u0131l\u0131\u011f\u0131 art\u0131rmak i\u00e7in poli\u00fcretan ve nitril kau\u00e7uk gibi a\u015f\u0131nmaya dayan\u0131kl\u0131 malzemelerden yap\u0131lm\u0131\u015f contalar kullan\u0131l\u0131r. Silindir g\u00f6vdesi ve di\u015fli u\u00e7lar, a\u015f\u0131nma direncini art\u0131rmak i\u00e7in ince i\u015fleme tabi tutulur. Sorunsuz \u00e7al\u0131\u015fma sa\u011flamak ve s\u00fcrt\u00fcnmeden kaynaklanan a\u015f\u0131nmay\u0131 \u00f6nlemek i\u00e7in uygun miktarda hidrolik ya\u011f ile d\u00fczenli ya\u011flama gereklidir.<\/p>\n<h2>D\u00fczenli Muayene ve \u00d6nleyici Bak\u0131m \u00d6nlemleri<\/h2>\n<ul>\n<li>\n<h3>D\u00fczenli Denetimler<\/h3>\n<p>Bom silindirinde a\u015f\u0131nma, s\u0131z\u0131nt\u0131 veya hasar belirtileri olup olmad\u0131\u011f\u0131n\u0131 d\u00fczenli olarak kontrol etmek \u00e7ok \u00f6nemlidir. Sorunlar\u0131n zaman\u0131nda tespit edilmesi, maliyetli onar\u0131mlar\u0131 \u00f6nleyebilir ve ekipman\u0131n kullan\u0131m \u00f6mr\u00fcn\u00fc uzatabilir.<\/p>\n<\/li>\n<li>\n<h3>Uygun Ya\u011flama<\/h3>\n<p>Silindirin hidrolik ya\u011f ile d\u00fczg\u00fcn bir \u015fekilde ya\u011flanmas\u0131, sorunsuz \u00e7al\u0131\u015fman\u0131n s\u00fcrd\u00fcr\u00fclmesi i\u00e7in kritik \u00f6neme sahiptir. Yetersiz ya\u011flama, a\u015f\u0131nman\u0131n artmas\u0131na ve nihayetinde silindirin ar\u0131zalanmas\u0131na yol a\u00e7abilir.<\/p>\n<\/li>\n<li>\n<h3>Conta De\u011fi\u015fimi<\/h3>\n<p>S\u0131zd\u0131rmazl\u0131k elemanlar\u0131 d\u00fczenli olarak kontrol edilmeli ve a\u015f\u0131nd\u0131\u011f\u0131nda de\u011fi\u015ftirilmelidir. Bu bak\u0131m i\u015flemi, s\u0131z\u0131nt\u0131lar\u0131 \u00f6nlemek ve hidrolik verimlili\u011fi korumak i\u00e7in \u00e7ok \u00f6nemlidir.<\/p>\n<\/li>\n<\/ul>\n<h2>Kurulum Talimatlar\u0131<\/h2>\n<p>Bom silindirinin do\u011fru montaj\u0131, etkili \u00e7al\u0131\u015fmas\u0131 i\u00e7in hayati \u00f6nem ta\u015f\u0131r. Silindiri montaj braketleriyle tam olarak hizalayarak ve g\u00fcvenli bir \u015fekilde yerine sabitlendi\u011finden emin olarak i\u015fe ba\u015flay\u0131n. Montaj s\u0131ras\u0131nda silindiri sabitlemek i\u00e7in uygun montaj destekleri kullan\u0131n. G\u00fcvenli bir ba\u011flant\u0131 sa\u011flamak i\u00e7in t\u00fcm ba\u011flant\u0131 elemanlar\u0131 i\u00e7in \u00f6nerilen tork \u00f6zelliklerine uymak \u00e7ok \u00f6nemlidir. Montajdan sonra, t\u00fcm ba\u011flant\u0131lar\u0131n s\u0131k\u0131 oldu\u011fundan ve hidrolik sistemin s\u0131z\u0131nt\u0131 yapmad\u0131\u011f\u0131ndan emin olmak i\u00e7in kapsaml\u0131 bir kontrol yap\u0131n. Silindirin tam \u00f6l\u00e7ekli kullan\u0131mdan \u00f6nce \u00e7al\u0131\u015fmas\u0131n\u0131 test etmek, olas\u0131 sorunlar\u0131 erken a\u015famada belirleyecektir.<\/p>\n<p><img decoding=\"async\" src=\"https:\/\/www.hydraulic-cylinders.net\/wp-content\/uploads\/2025\/04\/songte-chushion-collar.webp\" alt=\"Yast\u0131k Yaka\"><\/p>\n<h2>G\u00fcvenlik Hususlar\u0131 ve \u00c7evresel Fakt\u00f6rler<\/h2>\n<p>Bom silindirini kullan\u0131rken, operat\u00f6rleri ve \u00e7evredeki ki\u015fileri korumak i\u00e7in g\u00fcvenlik \u00f6nlemlerinin uygulanmas\u0131 hayati \u00f6nem ta\u015f\u0131r. Ekipman\u0131n kullan\u0131m\u0131 konusunda uygun e\u011fitim ve d\u00fczenli g\u00fcvenlik denetimleri riskleri \u00f6nemli \u00f6l\u00e7\u00fcde azaltabilir. Ayr\u0131ca, optimum performans ve uzun \u00f6m\u00fcr sa\u011flamak i\u00e7in malzeme se\u00e7imi ve silindir tasar\u0131m\u0131 yap\u0131l\u0131rken a\u015f\u0131r\u0131 s\u0131cakl\u0131klar ve a\u015f\u0131nd\u0131r\u0131c\u0131 maddelere maruz kalma gibi \u00e7evresel fakt\u00f6rler de dikkate al\u0131nmal\u0131d\u0131r.<\/p>\n<h2>Ar\u0131za Te\u015fhisi ve Yayg\u0131n Sorunlar<\/h2>\n<ul>\n<li>\n<h3>Hidrolik S\u0131v\u0131 S\u0131z\u0131nt\u0131lar\u0131<\/h3>\n<p>S\u0131z\u0131nt\u0131lar genellikle conta ar\u0131zas\u0131 veya hasar\u0131n\u0131n bir g\u00f6stergesi olabilir. D\u00fczenli kontroller, bu t\u00fcr sorunlar\u0131n b\u00fcy\u00fcmeden \u00f6nce tespit edilmesine yard\u0131mc\u0131 olabilir. S\u0131z\u0131nt\u0131lar\u0131n derhal giderilmesi, sistem bas\u0131nc\u0131n\u0131n ve performans\u0131n\u0131n korunmas\u0131 i\u00e7in \u00e7ok \u00f6nemlidir.<\/p>\n<\/li>\n<li>\n<h3>Silindir Hareketinde Tutars\u0131zl\u0131k<\/h3>\n<p>Silindir d\u00fczg\u00fcn hareket etmiyorsa, bunun nedeni yetersiz ya\u011flama, hidrolik sistemde hava bulunmas\u0131 veya s\u0131v\u0131 yollar\u0131nda t\u0131kan\u0131kl\u0131k olabilir. Sorunun kayna\u011f\u0131n\u0131 te\u015fhis etmek, daha fazla komplikasyonu \u00f6nleyecektir.<\/p>\n<\/li>\n<li>\n<h3>\u00c7al\u0131\u015fma S\u0131ras\u0131nda A\u015f\u0131r\u0131 G\u00fcr\u00fclt\u00fc<\/h3>\n<p>Ola\u011fand\u0131\u015f\u0131 sesler, hidrolik sistemde kavitasyon veya mekanik s\u0131k\u0131\u015fma gibi sorunlar\u0131n i\u015fareti olabilir. Bu seslerin erken a\u015famada incelenmesi, ekipmanda \u00f6nemli hasarlar\u0131n \u00f6nlenmesine yard\u0131mc\u0131 olabilir.<\/p>\n<\/li>\n<\/ul>\n<h2>Sorun Giderme \u0130pu\u00e7lar\u0131 ve \u00c7\u00f6z\u00fcmleri<\/h2>\n<p>Ar\u0131zalar\u0131n etkin bir \u015fekilde te\u015fhis edilmesi i\u00e7in operat\u00f6rler, \u00f6zel sorun giderme talimatlar\u0131 i\u00e7in ekipman k\u0131lavuzuna ba\u015fvurmal\u0131d\u0131r. Hidrolik s\u0131v\u0131 seviyelerinin kontrol edilmesi ve uygun s\u0131zd\u0131rmazl\u0131\u011f\u0131n sa\u011flanmas\u0131 da dahil olmak \u00fczere d\u00fczenli bak\u0131m, yayg\u0131n sorunlar\u0131n ortaya \u00e7\u0131kmas\u0131n\u0131 \u00f6nlemeye yard\u0131mc\u0131 olacakt\u0131r. Bas\u0131n\u00e7 g\u00f6stergeleri ve di\u011fer te\u015fhis ara\u00e7lar\u0131n\u0131n kullan\u0131lmas\u0131, potansiyel sorunlar hakk\u0131nda bilgi sa\u011flayabilir. \u00d6nleyici tedbirler i\u00e7in bir rutin olu\u015fturmak, beklenmedik ar\u0131zalar\u0131n olas\u0131l\u0131\u011f\u0131n\u0131 azaltacak, daha sorunsuz \u00e7al\u0131\u015fma ve daha uzun hizmet \u00f6mr\u00fc sa\u011flayacakt\u0131r.<\/p>\n<p><img decoding=\"async\" src=\"https:\/\/www.hydraulic-cylinders.net\/wp-content\/uploads\/2025\/04\/songte-bushings-with-all-kinds-of-excavator-models.webp\" alt=\"Ekskavat\u00f6r Modelleri i\u00e7in Bur\u00e7lar\"><\/p>\n<h2>\u015eirket Genel Bak\u0131\u015f\u0131<\/h2>\n<p>\u00d6nde gelen bir hidrolik silindir \u00fcreticisi ve toptanc\u0131s\u0131 olarak, \u00e7e\u015fitli uygulamalar i\u00e7in y\u00fcksek kaliteli alternatifler \u00fcretme konusunda uzmanla\u015fm\u0131\u015f durumday\u0131z. Kapsaml\u0131 \u00fcr\u00fcn yelpazemiz, bizi hem yurt i\u00e7i hem de uluslararas\u0131 pazarlarda en iyi hidrolik silindir \u00fcreticilerinden ve distrib\u00fct\u00f6rlerinden biri haline getirmi\u015ftir. Geli\u015fmi\u015f \u00fcretim teknolojilerine odaklanan ince ayarl\u0131 bir \u00fcretim y\u00f6netim stratejisi kullanarak kalite m\u00fckemmelli\u011fine ba\u011fl\u0131 kal\u0131yoruz. Yenili\u011fe olan ba\u011fl\u0131l\u0131\u011f\u0131m\u0131z, yetenekli personele, y\u00fcksek teknoloji \u00fcr\u00fcn\u00fc \u00fcretim ekipmanlar\u0131na ve geli\u015fmi\u015f test sistemlerine yapt\u0131\u011f\u0131m\u0131z yat\u0131r\u0131mlarda kendini g\u00f6stererek, \u00fcretim s\u00fcre\u00e7lerimizi ve \u00fcr\u00fcn kalitemizi s\u00fcrekli olarak geli\u015ftiriyoruz.<\/p>\n<p><img decoding=\"async\" src=\"https:\/\/www.hydraulic-cylinders.net\/wp-content\/uploads\/2025\/04\/songte-company-4.webp\" alt=\"\u015eirket G\u00f6rseli 1\"><br \/>\n<img decoding=\"async\" src=\"https:\/\/www.hydraulic-cylinders.net\/wp-content\/uploads\/2025\/04\/songte-company-3.webp\" alt=\"\u015eirket G\u00f6rseli 2\"><\/p>\n<p>Uluslararas\u0131 sertifikalar\u0131m\u0131z, \u00f6zel hizmet tekliflerimiz, son teknoloji \u00fcretim ekipmanlar\u0131m\u0131z ve kapsaml\u0131 sat\u0131\u015f sonras\u0131 deste\u011fimiz ile desteklenen profesyonelli\u011fe verdi\u011fimiz \u00f6nem, \u00e7e\u015fitli m\u00fc\u015fteri taleplerini etkili bir \u015fekilde kar\u015f\u0131lamam\u0131z\u0131 sa\u011flamaktad\u0131r.<\/p>\n<p>Yazar: lyl<\/p>","protected":false},"excerpt":{"rendered":"<p>Boom Cylinder For Caterpillar Middle Excavator E324D\/324DZ Introduction to Bucket Cylinder The bucket cylinder, part of the hydraulic system, plays a crucial role in controlling the movement of heavy machinery buckets, such as those found in excavators, backhoe loaders, and front loaders. This hydraulic cylinder allows the bucket to lift, lower, and tilt, facilitating efficient [&hellip;]<\/p>","protected":false},"featured_media":17874,"comment_status":"open","ping_status":"closed","template":"","meta":{"_et_pb_use_builder":"","_et_pb_old_content":"","_et_gb_content_width":""},"product_brand":[],"product_cat":[1546],"product_tag":[1547,1496],"class_list":{"0":"post-18947","1":"product","2":"type-product","3":"status-publish","4":"has-post-thumbnail","6":"product_cat-boom-cylinders","7":"product_tag-boom-cylinders","8":"product_tag-hydraulic-cylinders","10":"first","11":"instock","12":"shipping-taxable","13":"product-type-simple"},"amp_enabled":true,"_links":{"self":[{"href":"https:\/\/www.hydraulic-cylinders.net\/tr\/wp-json\/wp\/v2\/product\/18947","targetHints":{"allow":["GET"]}}],"collection":[{"href":"https:\/\/www.hydraulic-cylinders.net\/tr\/wp-json\/wp\/v2\/product"}],"about":[{"href":"https:\/\/www.hydraulic-cylinders.net\/tr\/wp-json\/wp\/v2\/types\/product"}],"replies":[{"embeddable":true,"href":"https:\/\/www.hydraulic-cylinders.net\/tr\/wp-json\/wp\/v2\/comments?post=18947"}],"wp:featuredmedia":[{"embeddable":true,"href":"https:\/\/www.hydraulic-cylinders.net\/tr\/wp-json\/wp\/v2\/media\/17874"}],"wp:attachment":[{"href":"https:\/\/www.hydraulic-cylinders.net\/tr\/wp-json\/wp\/v2\/media?parent=18947"}],"wp:term":[{"taxonomy":"product_brand","embeddable":true,"href":"https:\/\/www.hydraulic-cylinders.net\/tr\/wp-json\/wp\/v2\/product_brand?post=18947"},{"taxonomy":"product_cat","embeddable":true,"href":"https:\/\/www.hydraulic-cylinders.net\/tr\/wp-json\/wp\/v2\/product_cat?post=18947"},{"taxonomy":"product_tag","embeddable":true,"href":"https:\/\/www.hydraulic-cylinders.net\/tr\/wp-json\/wp\/v2\/product_tag?post=18947"}],"curies":[{"name":"wp","href":"https:\/\/api.w.org\/{rel}","templated":true}]}}