{"id":18948,"date":"2025-04-07T06:03:42","date_gmt":"2025-04-07T06:03:42","guid":{"rendered":"https:\/\/www.hydraulic-cylinders.net\/product\/boom-cylinder-for-caterpillar-middle-excavator-e240bl\/"},"modified":"2025-04-07T06:03:44","modified_gmt":"2025-04-07T06:03:44","slug":"boom-cylinder-for-caterpillar-middle-excavator-e240bl","status":"publish","type":"product","link":"https:\/\/www.hydraulic-cylinders.net\/tr\/urun\/boom-cylinder-for-caterpillar-middle-excavator-e240bl\/","title":{"rendered":"Caterpillar Orta Ekskavat\u00f6r E240BL i\u00e7in Bom Silindiri"},"content":{"rendered":"<h1>Caterpillar Orta Ekskavat\u00f6r E240BL i\u00e7in Bom Silindiri<\/h1>\n<h2>\u00dcr\u00fcn Genel Bak\u0131\u015f\u0131<\/h2>\n<p>Caterpillar Orta Ekskavat\u00f6r E240BL i\u00e7in Bom Silindiri, ekskavat\u00f6r\u00fcn bomunun hareketini kontrol etmek i\u00e7in hidrolik sistemlerde kullan\u0131lan \u00f6nemli bir bile\u015fendir. Bu hidrolik silindir, bomun hassas bir \u015fekilde kald\u0131r\u0131lmas\u0131n\u0131, indirilmesini ve e\u011filmesini sa\u011flayarak \u00e7e\u015fitli malzeme ta\u015f\u0131ma g\u00f6revlerini kolayla\u015ft\u0131r\u0131r. \u00d6zel bir hidrolik silindir olarak, a\u011f\u0131r makinelerin zorlu taleplerine dayanacak \u015fekilde tasarlanm\u0131\u015ft\u0131r ve in\u015faat ve kaz\u0131 projelerinde optimum performans sa\u011flar.<\/p>\n<p><img decoding=\"async\" src=\"https:\/\/www.hydraulic-cylinders.net\/wp-content\/uploads\/2025\/04\/songte-company-1.webp\" alt=\"Hidrolik Silindir\"><\/p>\n<h3>Tan\u0131m ve \u0130\u015flevsellik<\/h3>\n<p>Caterpillar E240BL i\u00e7in Bom Silindiri gibi kova silindirleri, ekskavat\u00f6rler, beko loderler ve \u00f6n y\u00fckleyiciler gibi a\u011f\u0131r makinelerin \u00e7al\u0131\u015fmas\u0131 i\u00e7in olmazsa olmazd\u0131r. Bu hidrolik silindirler, kovan\u0131n kazma ve malzeme ta\u015f\u0131ma gibi g\u00f6revler i\u00e7in hayati \u00f6nem ta\u015f\u0131yan kald\u0131rma, indirme ve e\u011fme gibi temel i\u015flevleri yerine getirmesini sa\u011flar. Bu silindirlerin tasar\u0131m\u0131, sorunsuz bir \u00e7al\u0131\u015fma sa\u011flayarak makinenin hareketleri \u00fczerinde daha iyi kontrol sa\u011flar ve \u015fantiyelerde verimlili\u011fi art\u0131r\u0131r. Hidrolik sistemler, kuvvet olu\u015fturmak i\u00e7in hidrolik ya\u011f bas\u0131nc\u0131na dayan\u0131r ve bu da bu silindirleri \u00e7e\u015fitli uygulamalarda verimli ve etkili \u00e7al\u0131\u015fma i\u00e7in vazge\u00e7ilmez k\u0131lar.<\/p>\n<h2>Temel \u00d6zellikler<\/h2>\n<ul>\n<li><strong>Y\u00fcksek Dayan\u0131kl\u0131l\u0131k ve Dayan\u0131kl\u0131l\u0131k:<\/strong> Y\u00fcksek mukavemetli \u00e7elik veya al\u00fcminyumdan \u00fcretilen bu silindirler, y\u00fcksek bas\u0131nca ve a\u011f\u0131r y\u00fcklere dayanabilir ve bu sayede zorlu \u00e7al\u0131\u015fma ko\u015fullar\u0131 i\u00e7in uygundur.<\/li>\n<li><strong>Verimli Hidrolik \u00c7al\u0131\u015fma:<\/strong> Hidrolik ya\u011f bas\u0131nc\u0131n\u0131 kullanan silindir, yumu\u015fak uzatma ve geri \u00e7ekme sa\u011flayarak kontrol komutlar\u0131na h\u0131zl\u0131 tepki verilmesini ve g\u00fc\u00e7l\u00fc itme-\u00e7ekme kuvvetinin sa\u011flanmas\u0131n\u0131 garanti alt\u0131na al\u0131r.<\/li>\n<li><strong>\u00c7e\u015fitli Tipler Mevcuttur:<\/strong> Se\u00e7enekler aras\u0131nda \u00e7e\u015fitli operasyonel ihtiya\u00e7lara cevap veren tek etkili (sadece tek y\u00f6nde hidrolik kullan\u0131lan) ve \u00e7ift etkili (her iki y\u00f6nde hidrolik kullan\u0131lan) silindirler yer almaktad\u0131r.<\/li>\n<li><strong>Kompakt Tasar\u0131m:<\/strong> Baz\u0131 modeller, d\u0131\u015f boyutlar\u0131 art\u0131rmadan daha fazla geni\u015flemeye olanak tan\u0131yan teleskopik tasar\u0131ma sahiptir ve dar alanlardaki uygulamalar i\u00e7in idealdir.<\/li>\n<li><strong>Bak\u0131m Hususlar\u0131:<\/strong> A\u015f\u0131nma ve korozyon direnci g\u00f6z \u00f6n\u00fcnde bulundurularak tasarlanan silindirlerimiz uzun \u00f6m\u00fcrl\u00fc olacak \u015fekilde \u00fcretilmi\u015ftir ve bu sayede onar\u0131mlarla ili\u015fkili s\u0131kl\u0131k ve maliyetler azalt\u0131lm\u0131\u015ft\u0131r.<\/li>\n<\/ul>\n<p>Mevcut modellerin yerini m\u00fckemmel \u015fekilde alan, uyumlulu\u011fu ve optimum performans\u0131 garanti eden y\u00fcksek kaliteli hidrolik silindirler \u00fcretme konusunda uzmanla\u015f\u0131yoruz.<\/p>\n<p><img decoding=\"async\" src=\"https:\/\/www.hydraulic-cylinders.net\/wp-content\/uploads\/2025\/04\/songte-cylinder-head-with-all-kinds-excavator-models.webp\" alt=\"Ekskavat\u00f6r Modelleri\"><\/p>\n<h2>Uygulama Senaryolar\u0131<\/h2>\n<h3>\u0130n\u015faat Ekipmanlar\u0131<\/h3>\n<p>\u0130n\u015faat ekipmanlar\u0131nda, \u00f6zellikle ekskavat\u00f6rlerde, bom silindirleri kazma, y\u00fckleme ve toprak veya moloz ta\u015f\u0131ma i\u00e7in hayati \u00f6nem ta\u015f\u0131r. Bu silindirler, a\u011f\u0131r y\u00fckleri kald\u0131rmak i\u00e7in gerekli kuvveti sa\u011flayarak operat\u00f6rlerin g\u00f6revlerini verimli ve g\u00fcvenli bir \u015fekilde yerine getirmelerini sa\u011flar. Hassas hareket kabiliyetleri, malzeme ta\u015f\u0131ma ve \u015fantiye y\u00f6netimi i\u00e7in do\u011frulu\u011fun \u00e7ok \u00f6nemli oldu\u011fu \u015fantiyelerde onlar\u0131 vazge\u00e7ilmez k\u0131lar.<\/p>\n<h3>Tar\u0131m Makinalar\u0131<\/h3>\n<p>Tar\u0131msal ortamlarda, \u00f6n y\u00fckleyiciler bu silindirleri toprak, saman ve di\u011fer malzemeleri toplamak, kald\u0131rmak ve ta\u015f\u0131mak i\u00e7in kullan\u0131r. Bom silindirinin sa\u011flaml\u0131\u011f\u0131 ve g\u00fcvenilirli\u011fi, tah\u0131l y\u00fcklemekten a\u011f\u0131r balyalar\u0131 ta\u015f\u0131maya kadar \u00e7e\u015fitli g\u00f6revleri kolayla\u015ft\u0131rarak, tar\u0131m faaliyetlerinde verimlili\u011fi art\u0131r\u0131r.<\/p>\n<h3>Ekskavat\u00f6rler<\/h3>\n<p>Ekskavat\u00f6rlerde, kova silindiri, kovan\u0131n topra\u011fa n\u00fcfuz etmesini sa\u011flayarak etkili kaz\u0131 i\u015flemlerine olanak tan\u0131r. Bu i\u015flem, hendek a\u00e7ma, tesviye ve saha haz\u0131rl\u0131\u011f\u0131 gibi g\u00f6revler i\u00e7in olmazsa olmazd\u0131r ve bom silindirini kaz\u0131 projelerinde kritik bir bile\u015fen haline getirir.<\/p>\n<h3>Y\u00fckleyiciler<\/h3>\n<p>\u00d6n y\u00fckleyicilerde bom silindirleri, malzemelerin etkili bir \u015fekilde kald\u0131r\u0131lmas\u0131na ve bo\u015falt\u0131lmas\u0131na yard\u0131mc\u0131 olur. A\u011f\u0131r y\u00fckleri dengede tutarak kald\u0131rabilme kabiliyetleri, y\u00fckleme ve bo\u015faltma faaliyetleri s\u0131ras\u0131nda g\u00fcvenli ve verimli bir \u00e7al\u0131\u015fma sa\u011flamak i\u00e7in \u00e7ok \u00f6nemlidir.<\/p>\n<h2>Tasar\u0131m Hususlar\u0131 ve Se\u00e7im Kriterleri<\/h2>\n<h3>Y\u00fck Kapasitesi<\/h3>\n<p>Bir bom silindiri se\u00e7erken, y\u00fck kapasitesini g\u00f6z \u00f6n\u00fcnde bulundurmak \u00e7ok \u00f6nemlidir. Silindir, ekskavat\u00f6r\u00fcn kald\u0131rmas\u0131 veya ta\u015f\u0131mas\u0131 beklenen maksimum a\u011f\u0131rl\u0131\u011f\u0131 kald\u0131rabilmelidir. Bu, ekipman\u0131n g\u00fcvenli ve verimli bir \u015fekilde \u00e7al\u0131\u015fmas\u0131n\u0131 sa\u011flayarak, \u00e7al\u0131\u015fma s\u0131ras\u0131nda olas\u0131 ar\u0131zalar\u0131 \u00f6nler. \u00dcreticiler genellikle y\u00fck de\u011ferlerini ayr\u0131nt\u0131l\u0131 olarak a\u00e7\u0131klayan teknik \u00f6zellikler sunarak, kullan\u0131c\u0131lar\u0131n operasyonel ihtiya\u00e7lar\u0131na g\u00f6re uygun modeli se\u00e7melerine yard\u0131mc\u0131 olur.<\/p>\n<h3>S\u0131zd\u0131rmazl\u0131k<\/h3>\n<p>Hidrolik silindirlerde s\u0131v\u0131 s\u0131z\u0131nt\u0131lar\u0131n\u0131 \u00f6nlemek ve bas\u0131nc\u0131 korumak i\u00e7in etkili s\u0131zd\u0131rmazl\u0131k kritik \u00f6neme sahiptir. Poli\u00fcretan ve nitril kau\u00e7uk gibi dayan\u0131kl\u0131 malzemelerden \u00fcretilen y\u00fcksek kaliteli contalar, zorlu ko\u015fullara ve a\u015f\u0131nmaya dayan\u0131kl\u0131d\u0131r. Tasar\u0131m, silindirin \u00f6mr\u00fcn\u00fc ve performans\u0131n\u0131 art\u0131rmak ve \u00e7al\u0131\u015fma s\u0131ras\u0131nda g\u00fcvenilirli\u011fi sa\u011flamak i\u00e7in stratejik olarak yerle\u015ftirilmi\u015f birden fazla conta i\u00e7ermelidir.<\/p>\n<h3>Dayan\u0131kl\u0131l\u0131k<\/h3>\n<p>Hidrolik silindirler tasarlan\u0131rken dayan\u0131kl\u0131l\u0131k \u00f6nemli bir husustur. Kullan\u0131lan malzemeler, zorlu ortamlarda s\u00fcrekli \u00e7al\u0131\u015fmadan kaynaklanan a\u015f\u0131nma ve y\u0131pranmaya dayan\u0131kl\u0131 olmal\u0131d\u0131r. Ayr\u0131ca, y\u00fczey i\u015flemleri gibi \u00f6zellikler korozyon direncini art\u0131rarak silindirin \u00f6mr\u00fcn\u00fc daha da uzatabilir. Dayan\u0131kl\u0131l\u0131k, silindirin zaman i\u00e7inde etkili bir \u015fekilde \u00e7al\u0131\u015fmas\u0131n\u0131 sa\u011flayarak s\u0131k s\u0131k de\u011fi\u015ftirme veya onar\u0131m ihtiyac\u0131n\u0131 azalt\u0131r.<\/p>\n<h3>G\u00fcvenlik \u00d6zellikleri<\/h3>\n<p>Hidrolik sistemlerde g\u00fcvenlik \u00e7ok \u00f6nemlidir. Bom silindirinin tasar\u0131m\u0131, a\u015f\u0131r\u0131 y\u00fcklemeyi ve olas\u0131 ar\u0131zalar\u0131 \u00f6nlemek i\u00e7in bas\u0131n\u00e7 tahliye valfleri gibi g\u00fcvenlik \u00f6zellikleri i\u00e7ermelidir. Bu mekanizmalar, ekipman\u0131n g\u00fcvenli s\u0131n\u0131rlar i\u00e7inde \u00e7al\u0131\u015fmas\u0131n\u0131 sa\u011flayarak hem makineyi hem de operat\u00f6r\u00fc korur. G\u00fcvenlik \u00f6zelliklerinin tasar\u0131ma entegre edilmesi, operasyonel g\u00fcvenli\u011fi art\u0131rmak i\u00e7in olmazsa olmazd\u0131r.<\/p>\n<h3>Bak\u0131m Eri\u015filebilirli\u011fi<\/h3>\n<p>Hidrolik silindirlerin kolay bak\u0131m i\u00e7in tasarlanmas\u0131 hayati \u00f6nem ta\u015f\u0131r. Contalara ve ba\u011flant\u0131 par\u00e7alar\u0131na kolay eri\u015fim sa\u011flayan \u00f6zellikler, h\u0131zl\u0131 kontrol ve onar\u0131mlara olanak tan\u0131r. Bu eri\u015filebilirlik, ekipman\u0131n optimum \u00e7al\u0131\u015fma ko\u015fullar\u0131nda kalmas\u0131n\u0131 sa\u011flarken, ar\u0131za s\u00fcrelerini ve bak\u0131m maliyetlerini \u00f6nemli \u00f6l\u00e7\u00fcde azaltabilir. \u0130yi tasarlanm\u0131\u015f bir silindir, rutin kontrolleri ve bak\u0131m prosed\u00fcrlerini basitle\u015ftirerek genel operasyonel verimlili\u011fi art\u0131rabilir.<\/p>\n<p><img decoding=\"async\" src=\"https:\/\/www.hydraulic-cylinders.net\/wp-content\/uploads\/2025\/04\/songte-oil-pipes-and-spare-parts.webp\" alt=\"Petrol Borular\u0131 ve Yedek Par\u00e7alar\u0131\"><\/p>\n<h2>S\u0131zd\u0131rmazl\u0131k ve Ya\u011flama<\/h2>\n<p>Hidrolik silindirlerin verimli \u00e7al\u0131\u015fmas\u0131 i\u00e7in uygun s\u0131zd\u0131rmazl\u0131k ve ya\u011flama hayati \u00f6nem ta\u015f\u0131r. Piston contalar\u0131 ve piston kolu contalar\u0131 gibi \u00e7e\u015fitli s\u0131zd\u0131rmazl\u0131k elemanlar\u0131, s\u0131z\u0131nt\u0131lar\u0131 \u00f6nlemede ve hidrolik bas\u0131nc\u0131 korumada kritik \u00f6neme sahiptir. Poli\u00fcretan ve nitril kau\u00e7uk gibi malzemelerden \u00fcretilen contalar, m\u00fckemmel dayan\u0131kl\u0131l\u0131k ve a\u015f\u0131nma direnci sunar.<\/p>\n<p>Silindir g\u00f6vdesi ve di\u015fli u\u00e7 y\u00fczeyleri, a\u015f\u0131nma direncini art\u0131rmak ve daha uzun hizmet \u00f6mr\u00fc sa\u011flamak i\u00e7in hassas bir i\u015flemden ge\u00e7irilir. Silindirin i\u015flevselli\u011fini korumak i\u00e7in d\u00fczenli ya\u011flama gereklidir. Operat\u00f6rler, sorunsuz \u00e7al\u0131\u015fma sa\u011flamak ve a\u015f\u0131nma hasar\u0131n\u0131 \u00f6nlemek i\u00e7in uygun hidrolik ya\u011f\u0131 periyodik olarak eklemeli ve b\u00f6ylece silindirin \u00f6mr\u00fcn\u00fc uzatmal\u0131d\u0131r.<\/p>\n<h2>D\u00fczenli Muayene ve \u00d6nleyici Bak\u0131m<\/h2>\n<ul>\n<li><strong>Rutin Denetimler:<\/strong> Hidrolik silindirde s\u0131z\u0131nt\u0131 veya a\u015f\u0131nma belirtileri olup olmad\u0131\u011f\u0131n\u0131 kontrol etmek i\u00e7in d\u00fczenli kontroller yap\u0131n. Olas\u0131 sorunlar\u0131n erken tespiti, maliyetli onar\u0131mlar\u0131 ve plans\u0131z duru\u015flar\u0131 \u00f6nleyebilir.<\/li>\n<li><strong>Uygun Ya\u011flama:<\/strong> Hidrolik ya\u011f seviyelerinin yeterli oldu\u011fundan ve ya\u011flaman\u0131n \u00fcreticinin talimatlar\u0131na g\u00f6re yap\u0131ld\u0131\u011f\u0131ndan emin olun. Yeterli ya\u011flama, s\u00fcrt\u00fcnmeyi ve a\u015f\u0131nmay\u0131 en aza indirerek silindirin \u00f6mr\u00fcn\u00fc uzat\u0131r.<\/li>\n<li><strong>Conta De\u011fi\u015fimi:<\/strong> Contalar\u0131 d\u00fczenli olarak bozulma veya hasar a\u00e7\u0131s\u0131ndan kontrol edin. A\u015f\u0131nm\u0131\u015f contalar\u0131n zaman\u0131nda de\u011fi\u015ftirilmesi, s\u0131z\u0131nt\u0131lar\u0131 \u00f6nleyebilir ve hidrolik bas\u0131nc\u0131 koruyarak optimum performans sa\u011flayabilir.<\/li>\n<\/ul>\n<h2>Kurulum Talimatlar\u0131<\/h2>\n<p>Bom silindirinin do\u011fru montaj\u0131, performans\u0131 ve uzun \u00f6m\u00fcrl\u00fcl\u00fc\u011f\u00fc i\u00e7in \u00e7ok \u00f6nemlidir. Kurulum s\u0131ras\u0131nda kirlenmeyi \u00f6nlemek i\u00e7in \u00f6ncelikle \u00e7al\u0131\u015fma alan\u0131n\u0131n temiz ve kal\u0131nt\u0131lardan ar\u0131nd\u0131r\u0131lm\u0131\u015f oldu\u011fundan emin olun. Bile\u015fenler \u00fczerinde a\u015f\u0131r\u0131 bask\u0131 olu\u015fmas\u0131n\u0131 \u00f6nlemek i\u00e7in silindirin montaj braketleriyle do\u011fru \u015fekilde hizalanmas\u0131 \u00e7ok \u00f6nemlidir.<\/p>\n<p>Silindiri s\u0131k\u0131ca yerine sabitlemek i\u00e7in uygun montaj braketlerini kullan\u0131n. Bu, yaln\u0131zca stabiliteyi sa\u011flamakla kalmaz, ayn\u0131 zamanda d\u00fczg\u00fcn \u00e7al\u0131\u015fmas\u0131n\u0131 da sa\u011flar. Kurulumdan sonra, makineyi \u00e7al\u0131\u015ft\u0131rmadan \u00f6nce t\u00fcm ba\u011flant\u0131lar\u0131 kontrol edin ve s\u0131z\u0131nt\u0131 olup olmad\u0131\u011f\u0131n\u0131 kontrol edin. \u00dcreticinin \u00f6zel kurulum talimatlar\u0131na uymak, istenen performans ve g\u00fcvenlik standartlar\u0131na ula\u015fmak i\u00e7in hayati \u00f6nem ta\u015f\u0131r.<\/p>\n<h2>Yayg\u0131n Bak\u0131m G\u00f6revleri<\/h2>\n<h3>D\u00fczenli Denetimler<\/h3>\n<p>Hidrolik silindirlerin i\u015flevselli\u011fini korumak i\u00e7in d\u00fczenli kontroller yapmak kritik \u00f6neme sahiptir. Silindirin verimli bir \u015fekilde \u00e7al\u0131\u015ft\u0131\u011f\u0131ndan emin olmak i\u00e7in a\u015f\u0131nma, s\u0131z\u0131nt\u0131 veya hasar belirtilerini kontrol edin. Kapsaml\u0131 bir kontrol rutini, olas\u0131 sorunlar\u0131 b\u00fcy\u00fcmeden \u00f6nce tespit ederek maliyetli onar\u0131mlar\u0131 ve ar\u0131za s\u00fcrelerini \u00f6nlemeye yard\u0131mc\u0131 olabilir.<\/p>\n<h3>Uygun Ya\u011flama<\/h3>\n<p>Hareketli par\u00e7alar aras\u0131ndaki s\u00fcrt\u00fcnmeyi azaltmak i\u00e7in uygun ya\u011flaman\u0131n sa\u011flanmas\u0131 \u00e7ok \u00f6nemlidir. Hidrolik s\u0131v\u0131 seviyelerini d\u00fczenli olarak kontrol edin ve gerekti\u011finde yenileyin. Ya\u011flama sisteminin do\u011fru \u015fekilde \u00e7al\u0131\u015fmas\u0131n\u0131 sa\u011flamak, silindirin erken a\u015f\u0131nmas\u0131n\u0131 ve y\u0131pranmas\u0131n\u0131 \u00f6nleyerek \u00f6mr\u00fcn\u00fc uzatacakt\u0131r.<\/p>\n<h3>Conta De\u011fi\u015fimi ve Kalibrasyon Kontrolleri<\/h3>\n<p>S\u0131z\u0131nt\u0131lar\u0131 \u00f6nlemek ve hidrolik bas\u0131nc\u0131 korumak i\u00e7in contalar\u0131n periyodik olarak de\u011fi\u015ftirilmesi hayati \u00f6nem ta\u015f\u0131r. D\u00fczenli kalibrasyon kontrolleri, silindirin belirtilen parametreler dahilinde \u00e7al\u0131\u015fmas\u0131n\u0131 sa\u011flar. Do\u011fru \u015fekilde hizalanm\u0131\u015f ve kalibre edilmi\u015f silindirler verimlili\u011fi ve etkinli\u011fi art\u0131r\u0131r, bu nedenle bu g\u00f6revlerin zaman\u0131nda yerine getirilmesi hayati \u00f6nem ta\u015f\u0131r.<\/p>\n<h2>G\u00fcvenlik Hususlar\u0131 ve \u00c7evresel Fakt\u00f6rler<\/h2>\n<p>Hidrolik silindirleri kullan\u0131rken g\u00fcvenlik \u00f6nlemlerinin uygulanmas\u0131 son derece \u00f6nemlidir. Operat\u00f6rler her zaman uygun ki\u015fisel koruyucu ekipman (KKD) giymeli ve \u00e7al\u0131\u015fma s\u0131ras\u0131nda g\u00fcvenlik y\u00f6nergelerine uymal\u0131d\u0131r. Ayr\u0131ca, hidrolik sistemin d\u00fczg\u00fcn bir \u015fekilde bak\u0131m\u0131n\u0131n yap\u0131lmas\u0131, kaza ve ekipman ar\u0131zas\u0131 riskini en aza indirir.<\/p>\n<h2>Ar\u0131za Te\u015fhisi ve Yayg\u0131n Sorunlar<\/h2>\n<ul>\n<li><strong>S\u0131z\u0131nt\u0131:<\/strong> Genellikle a\u015f\u0131nm\u0131\u015f contalardan kaynaklan\u0131r ve hidrolik bas\u0131nc\u0131n d\u00fc\u015fmesine neden olabilir. B\u00fct\u00fcnl\u00fc\u011f\u00fc korumak i\u00e7in contalar\u0131 kontrol edin ve gerekti\u011finde de\u011fi\u015ftirin.<\/li>\n<li><strong>Yava\u015f Tepki:<\/strong> Bu sorun, sistemdeki hidrolik s\u0131v\u0131 veya havan\u0131n yetersizli\u011finden kaynaklanabilir. S\u0131v\u0131 seviyelerinin yeterli oldu\u011fundan emin olun ve s\u0131k\u0131\u015fan havay\u0131 gidermek i\u00e7in sistemi bo\u015falt\u0131n.<\/li>\n<li><strong>A\u015f\u0131r\u0131 Is\u0131nma:<\/strong> A\u015f\u0131r\u0131 \u0131s\u0131nma bile\u015fenlere zarar verebilir; so\u011futma sisteminde t\u0131kan\u0131kl\u0131k olup olmad\u0131\u011f\u0131n\u0131 kontrol edin ve uygun s\u0131v\u0131 sirk\u00fclasyonunu sa\u011flay\u0131n.<\/li>\n<\/ul>\n<h2>Sorun Giderme \u0130pu\u00e7lar\u0131<\/h2>\n<p>Sorunlar\u0131 etkili bir \u015fekilde te\u015fhis edip \u00e7\u00f6zmek i\u00e7in operat\u00f6rler, \u00fcreticinin sorun giderme k\u0131lavuzuna ba\u015fvurmal\u0131d\u0131r. Bile\u015fenlerin ya\u011flanmas\u0131 ve s\u0131z\u0131nt\u0131 kontrol\u00fc gibi d\u00fczenli bak\u0131m uygulamalar\u0131, bir\u00e7ok yayg\u0131n sorunu \u00f6nleyebilir. \u00d6nleyici tedbirler almak ve k\u00fc\u00e7\u00fck sorunlar\u0131 derhal gidermek, b\u00fcy\u00fck ar\u0131za riskini \u00f6nemli \u00f6l\u00e7\u00fcde azaltabilir.<\/p>\n<p><img decoding=\"async\" src=\"https:\/\/www.hydraulic-cylinders.net\/wp-content\/uploads\/2025\/04\/songte-bushings-with-all-kinds-of-excavator-models.webp\" alt=\"Ekskavat\u00f6r Bur\u00e7lar\u0131\"><\/p>\n<h2>\u015eirket Genel Bak\u0131\u015f\u0131<\/h2>\n<p>Hidrolik silindirlerin lider \u00fcreticisi ve toptan da\u011f\u0131t\u0131c\u0131s\u0131y\u0131z ve hem yurt i\u00e7i hem de yurt d\u0131\u015f\u0131 pazarlara geni\u015f bir \u00fcr\u00fcn yelpazesi sunuyoruz. M\u00fckemmelli\u011fe olan ba\u011fl\u0131l\u0131\u011f\u0131m\u0131zla, \u00fcretim stratejimiz, y\u00fcksek kaliteli \u00e7\u0131kt\u0131lar sa\u011flamak i\u00e7in hassas \u00fcretim uygulamalar\u0131 ve geli\u015fmi\u015f dijital ekipmanlardan yararlan\u0131r.<\/p>\n<p>Teknik uzmanlardan olu\u015fan ekibimiz, kaliteli \u00fcretim rotalar\u0131na ve g\u00fc\u00e7l\u00fc inovasyona odaklanarak \u00fcretim platformumuzu s\u00fcrekli olarak geli\u015ftiriyor. Verimlili\u011fe, hassasiyete ve kaliteye \u00f6ncelik veriyor, \u00f6zelle\u015ftirilmi\u015f hizmetler ve uluslararas\u0131 sertifikalar arac\u0131l\u0131\u011f\u0131yla m\u00fc\u015fterilerimizin \u00e7e\u015fitli ihtiya\u00e7lar\u0131n\u0131 kar\u015f\u0131l\u0131yoruz.<\/p>\n<p><img decoding=\"async\" src=\"https:\/\/www.hydraulic-cylinders.net\/wp-content\/uploads\/2025\/04\/songte-company-4.webp\" alt=\"\u015eirket Genel Bak\u0131\u015f\u0131\"><br \/>\n<img decoding=\"async\" src=\"https:\/\/www.hydraulic-cylinders.net\/wp-content\/uploads\/2025\/04\/songte-company-3.webp\" alt=\"\u00dcretim Tesisi\"><\/p>\n<p>Yazar: lyl<\/p>","protected":false},"excerpt":{"rendered":"<p>Boom Cylinder For Caterpillar Middle Excavator E240BL Product Overview The Boom Cylinder for Caterpillar Middle Excavator E240BL is a crucial component used in hydraulic systems to control the movement of the excavator&#8217;s boom. This hydraulic cylinder allows for the precise lifting, lowering, and tilting of the boom, facilitating various material handling tasks. As a specialized [&hellip;]<\/p>","protected":false},"featured_media":17875,"comment_status":"open","ping_status":"closed","template":"","meta":{"_et_pb_use_builder":"","_et_pb_old_content":"","_et_gb_content_width":""},"product_brand":[],"product_cat":[1546],"product_tag":[1547,1496],"class_list":{"0":"post-18948","1":"product","2":"type-product","3":"status-publish","4":"has-post-thumbnail","6":"product_cat-boom-cylinders","7":"product_tag-boom-cylinders","8":"product_tag-hydraulic-cylinders","10":"first","11":"instock","12":"shipping-taxable","13":"product-type-simple"},"amp_enabled":true,"_links":{"self":[{"href":"https:\/\/www.hydraulic-cylinders.net\/tr\/wp-json\/wp\/v2\/product\/18948","targetHints":{"allow":["GET"]}}],"collection":[{"href":"https:\/\/www.hydraulic-cylinders.net\/tr\/wp-json\/wp\/v2\/product"}],"about":[{"href":"https:\/\/www.hydraulic-cylinders.net\/tr\/wp-json\/wp\/v2\/types\/product"}],"replies":[{"embeddable":true,"href":"https:\/\/www.hydraulic-cylinders.net\/tr\/wp-json\/wp\/v2\/comments?post=18948"}],"wp:featuredmedia":[{"embeddable":true,"href":"https:\/\/www.hydraulic-cylinders.net\/tr\/wp-json\/wp\/v2\/media\/17875"}],"wp:attachment":[{"href":"https:\/\/www.hydraulic-cylinders.net\/tr\/wp-json\/wp\/v2\/media?parent=18948"}],"wp:term":[{"taxonomy":"product_brand","embeddable":true,"href":"https:\/\/www.hydraulic-cylinders.net\/tr\/wp-json\/wp\/v2\/product_brand?post=18948"},{"taxonomy":"product_cat","embeddable":true,"href":"https:\/\/www.hydraulic-cylinders.net\/tr\/wp-json\/wp\/v2\/product_cat?post=18948"},{"taxonomy":"product_tag","embeddable":true,"href":"https:\/\/www.hydraulic-cylinders.net\/tr\/wp-json\/wp\/v2\/product_tag?post=18948"}],"curies":[{"name":"wp","href":"https:\/\/api.w.org\/{rel}","templated":true}]}}