{"id":18949,"date":"2025-04-07T06:03:44","date_gmt":"2025-04-07T06:03:44","guid":{"rendered":"https:\/\/www.hydraulic-cylinders.net\/product\/boom-cylinder-for-caterpillar-middle-excavator-e320c-320d\/"},"modified":"2025-04-07T06:03:47","modified_gmt":"2025-04-07T06:03:47","slug":"boom-cylinder-for-caterpillar-middle-excavator-e320c-320d","status":"publish","type":"product","link":"https:\/\/www.hydraulic-cylinders.net\/tr\/urun\/boom-cylinder-for-caterpillar-middle-excavator-e320c-320d\/","title":{"rendered":"Caterpillar E320C\/320D Orta Boy Ekskavat\u00f6r \u0130\u00e7in Bom Silindiri"},"content":{"rendered":"<h1>Caterpillar E320C\/320D Orta Boy Ekskavat\u00f6r \u0130\u00e7in Bom Silindiri<\/h1>\n<h2>Tan\u0131m ve Genel Bak\u0131\u015f<\/h2>\n<p>Caterpillar E320C\/320D orta ekskavat\u00f6r i\u00e7in \u00f6zel olarak tasarlanm\u0131\u015f olan Bom Silindiri, bomun hareketini kontrol etmek i\u00e7in kritik \u00f6neme sahip bir hidrolik bile\u015fendir. Bu hidrolik silindir, ekskavat\u00f6rler, beko y\u00fckleyiciler ve \u00f6n y\u00fckleyiciler gibi a\u011f\u0131r makinelerin \u00e7e\u015fitli malzeme ta\u015f\u0131ma g\u00f6revlerini verimli bir \u015fekilde ger\u00e7ekle\u015ftirmesini sa\u011flamak i\u00e7in gereklidir. Kep\u00e7enin kald\u0131r\u0131lmas\u0131n\u0131, indirilmesini ve e\u011filmesini sa\u011flayarak, \u015fantiyelerde malzemelerin etkili bir \u015fekilde kaz\u0131lmas\u0131n\u0131, y\u00fcklenmesini ve ta\u015f\u0131nmas\u0131n\u0131 kolayla\u015ft\u0131r\u0131r.<\/p>\n<p>Bom silindiri gibi hidrolik silindirler, hidrolik enerjiyi mekanik kuvvete d\u00f6n\u00fc\u015ft\u00fcrerek \u00e7al\u0131\u015f\u0131r ve b\u00f6ylece d\u00fczg\u00fcn ve g\u00fc\u00e7l\u00fc hareketler sa\u011flar. \u0130n\u015faat ekipmanlar\u0131n\u0131n hidrolik sistemlerinde hayati bir rol oynarlar ve bu nedenle a\u011f\u0131r hizmet uygulamalar\u0131 i\u00e7in vazge\u00e7ilmezdirler.<\/p>\n<p><img decoding=\"async\" src=\"https:\/\/www.hydraulic-cylinders.net\/wp-content\/uploads\/2025\/04\/songte-company-1.webp\" alt=\"Bom Silindiri G\u00f6r\u00fcnt\u00fcs\u00fc\" \/><\/p>\n<h2>\u00dcr\u00fcn \u00d6zellikleri<\/h2>\n<ul>\n<li>\n<h3>Y\u00fcksek G\u00fc\u00e7 ve Dayan\u0131kl\u0131l\u0131k<\/h3>\n<p>Genellikle y\u00fcksek mukavemetli \u00e7elik veya al\u00fcminyumdan \u00fcretilen Bom Silindiri, y\u00fcksek bas\u0131nca ve a\u011f\u0131r y\u00fcklere dayanacak \u015fekilde tasarlanm\u0131\u015ft\u0131r. Sa\u011flam yap\u0131s\u0131, zorlu \u00e7al\u0131\u015fma ortamlar\u0131na uyum sa\u011flar ve a\u015f\u0131nmaya ve korozyona dayan\u0131kl\u0131 \u00f6zellikleri sayesinde uzun \u00f6m\u00fcrl\u00fcl\u00fck sa\u011flar.<\/p>\n<\/li>\n<li>\n<h3>Verimli Hidrolik \u00c7al\u0131\u015fma<\/h3>\n<p>Hidrolik ya\u011f bas\u0131nc\u0131n\u0131 kullanan Bom Silindiri, sorunsuz ve hassas bir uzatma ve geri \u00e7ekme hareketi sunar. Bu tasar\u0131m, g\u00fc\u00e7l\u00fc itme ve \u00e7ekme kuvvetleri sa\u011flayarak a\u011f\u0131r nesnelerin ve karma\u015f\u0131k i\u015flerin ta\u015f\u0131nmas\u0131 i\u00e7in uygun hale getirir.<\/p>\n<\/li>\n<li>\n<h3>\u00c7e\u015fitli T\u00fcrler<\/h3>\n<p>Silindir, tek y\u00f6nl\u00fc (tek y\u00f6nde \u00e7al\u0131\u015fan) ve \u00e7ift y\u00f6nl\u00fc (iki y\u00f6nde \u00e7al\u0131\u015fan) tipler de dahil olmak \u00fczere \u00e7e\u015fitli konfig\u00fcrasyonlarda mevcuttur. Baz\u0131 modeller teleskopiktir ve d\u0131\u015f boyutlar\u0131 art\u0131rmadan daha fazla uzamaya olanak tan\u0131r; bu da dar alanlarda avantajl\u0131d\u0131r.<\/p>\n<\/li>\n<\/ul>\n<h2>\u00dcretim Yetenekleri<\/h2>\n<p>Firmam\u0131z bom silindiri \u00fcretiminde uzmanla\u015fm\u0131\u015ft\u0131r ve \u00fcr\u00fcnlerimizin \u00e7e\u015fitli makine modellerindeki mevcut hidrolik silindirlerin yerini m\u00fckemmel bir \u015fekilde alabilmesini sa\u011flamaktad\u0131r.<\/p>\n<p><img decoding=\"async\" src=\"https:\/\/www.hydraulic-cylinders.net\/wp-content\/uploads\/2025\/04\/songte-cylinder-head-with-all-kinds-excavator-models.webp\" alt=\"Ekskavat\u00f6r Modelleri\" \/><\/p>\n<h2>Uygulama Senaryolar\u0131<\/h2>\n<h3>\u0130n\u015faat Ekipmanlar\u0131<\/h3>\n<p>Ekskavat\u00f6rlerde, bom silindiri toprak veya molozun kaz\u0131lmas\u0131, y\u00fcklenmesi ve ta\u015f\u0131nmas\u0131 i\u00e7in \u00e7ok \u00f6nemlidir. G\u00fcvenilir \u00e7al\u0131\u015fmas\u0131, verimli kaz\u0131 s\u00fcre\u00e7lerine olanak tan\u0131yarak i\u015f verimlili\u011fini \u00f6nemli \u00f6l\u00e7\u00fcde art\u0131r\u0131r. Silindirin i\u015flevselli\u011fi, kaz\u0131 ve kald\u0131rma i\u015flerinde yard\u0131mc\u0131 olarak in\u015faat sahalar\u0131nda \u00e7ok y\u00f6nl\u00fcl\u00fck sa\u011flayan kaz\u0131c\u0131 y\u00fckleyicilere de uzanmaktad\u0131r.<\/p>\n<h3>Tar\u0131m Makinalar\u0131<\/h3>\n<p>Bom silindiri, toprak, saman ve di\u011fer malzemelerin kep\u00e7eyle al\u0131nmas\u0131, kald\u0131r\u0131lmas\u0131 ve ta\u015f\u0131nmas\u0131na yard\u0131mc\u0131 olmak \u00fczere \u00f6n y\u00fckleyicilerde de kullan\u0131lmaktad\u0131r. Bu da onu tar\u0131msal faaliyetlerde hayati bir bile\u015fen haline getirerek malzeme ta\u015f\u0131ma verimlili\u011fini ve etkinli\u011fini art\u0131rmaktad\u0131r.<\/p>\n<h3>Ekskavat\u00f6rler<\/h3>\n<p>Kaz\u0131c\u0131 makinelerde, bom silindiri, kep\u00e7enin zemine etkili bir \u015fekilde n\u00fcfuz etmesini sa\u011flayarak kaz\u0131 i\u015flemlerini kolayla\u015ft\u0131r\u0131r. Bu hidrolik mekanizma, \u00e7e\u015fitli kaz\u0131 i\u015flerinde optimum performans elde etmek i\u00e7in hayati \u00f6neme sahiptir ve makinenin genel i\u015flevselli\u011finde kilit bir bile\u015fendir.<\/p>\n<h3>Y\u00fckleyiciler<\/h3>\n<p>\u00d6n y\u00fckleyicilerde, bom silindiri y\u00fcklerin verimli bir \u015fekilde kald\u0131r\u0131lmas\u0131na ve bo\u015falt\u0131lmas\u0131na yard\u0131mc\u0131 olur. Bu \u00f6zellik, y\u00fckleyicinin operasyonel verimlili\u011fini art\u0131rarak malzemelerin do\u011fru ve h\u0131zl\u0131 bir \u015fekilde ta\u015f\u0131nmas\u0131n\u0131 ve bo\u015falt\u0131lmas\u0131n\u0131 sa\u011flar.<\/p>\n<h2>Tasar\u0131m Hususlar\u0131 ve Se\u00e7im Kriterleri<\/h2>\n<h3>Y\u00fck Kapasitesi<\/h3>\n<p>Bom silindiri tasarlan\u0131rken, y\u00fck ta\u015f\u0131ma kapasitesi en \u00f6nemli hususlardan biridir. Silindirin \u00e7al\u0131\u015fma s\u0131ras\u0131nda kar\u015f\u0131la\u015faca\u011f\u0131 maksimum a\u011f\u0131rl\u0131\u011f\u0131 ta\u015f\u0131yabilmesi hayati \u00f6nem ta\u015f\u0131r. Bu, \u00f6nemli gerilme ve zorlanmalara dayanabilen ve ar\u0131za yapmayan malzeme ve yap\u0131sal tasar\u0131mlar\u0131n se\u00e7ilmesini gerektirir.<\/p>\n<h3>S\u0131zd\u0131rmazl\u0131k<\/h3>\n<p>Hidrolik silindirlerde s\u0131z\u0131nt\u0131lar\u0131 \u00f6nlemek ve bas\u0131nc\u0131 korumak i\u00e7in etkili s\u0131zd\u0131rmazl\u0131k \u00e7ok \u00f6nemlidir. Bile\u015fenlerdeki a\u015f\u0131nmay\u0131 en aza indirirken s\u0131v\u0131n\u0131n s\u0131zmas\u0131n\u0131 \u00f6nlemek i\u00e7in y\u00fcksek kaliteli contalar kullan\u0131lmal\u0131d\u0131r. Bu husus, silindirin uzun \u00f6m\u00fcrl\u00fcl\u00fc\u011f\u00fc ve g\u00fcvenilirli\u011fi i\u00e7in hayati \u00f6nem ta\u015f\u0131r.<\/p>\n<h3>Dayan\u0131kl\u0131l\u0131k<\/h3>\n<p>Dayan\u0131kl\u0131l\u0131k, dikkatli malzeme se\u00e7imi ve m\u00fchendislik tasar\u0131m\u0131yla sa\u011flan\u0131r. Silindir, s\u0131cakl\u0131k de\u011fi\u015fimleri, nem ve kimyasallara maruz kalma gibi \u00e7e\u015fitli \u00e7evresel ko\u015fullara dayanmal\u0131d\u0131r. Bu husus, \u00fcr\u00fcn\u00fcn uzun bir s\u00fcre boyunca i\u015flevsel ve g\u00fcvenilir kalmas\u0131n\u0131 sa\u011flar.<\/p>\n<h3>Emniyet<\/h3>\n<p>Hidrolik silindir tasar\u0131m\u0131nda g\u00fcvenlik asla g\u00f6z ard\u0131 edilmemelidir. Bas\u0131n\u00e7 tahliye vanalar\u0131 gibi g\u00fcvenlik \u00f6zelliklerinin uygulanmas\u0131, hem operat\u00f6rleri hem de ekipman\u0131 tehlikeye atabilecek felaket niteli\u011findeki ar\u0131zalar\u0131 \u00f6nlemek i\u00e7in \u00e7ok \u00f6nemlidir.<\/p>\n<h3>Bak\u0131m kolayl\u0131\u011f\u0131<\/h3>\n<p>Son olarak, bak\u0131m kolayl\u0131\u011f\u0131 hidrolik silindirlerin tasar\u0131m\u0131nda \u00f6nemli bir rol oynar. Rutin kontrolleri ve onar\u0131mlar\u0131 kolayla\u015ft\u0131ran \u00f6zellikler, ar\u0131za s\u00fcrelerini \u00f6nemli \u00f6l\u00e7\u00fcde azaltabilir ve operasyonel verimlili\u011fi art\u0131rabilir.<\/p>\n<p><img decoding=\"async\" src=\"https:\/\/www.hydraulic-cylinders.net\/wp-content\/uploads\/2025\/04\/songte-oil-pipes-and-spare-parts.webp\" alt=\"Yedek par\u00e7a\" \/><\/p>\n<h2>S\u0131zd\u0131rmazl\u0131k ve Ya\u011flama<\/h2>\n<p>Bom silindiri, hidrolik b\u00fct\u00fcnl\u00fc\u011f\u00fc korumak i\u00e7in piston contalar\u0131 ve mil contalar\u0131 da dahil olmak \u00fczere \u00e7e\u015fitli s\u0131zd\u0131rmazl\u0131k bile\u015fenleri kullan\u0131r. Contalar genellikle poli\u00fcretan ve nitril kau\u00e7uk gibi dayan\u0131kl\u0131 malzemelerden yap\u0131l\u0131r ve m\u00fckemmel a\u015f\u0131nma direnci sa\u011flar. Silindir g\u00f6vdesi ve di\u015fli u\u00e7 y\u00fczeyleri, dayan\u0131kl\u0131l\u0131\u011f\u0131 art\u0131rmak i\u00e7in hassas bir \u015fekilde i\u015flenir.<\/p>\n<p>Hareketli par\u00e7alar aras\u0131ndaki s\u00fcrt\u00fcnmeyi en aza indirmek i\u00e7in hidrolik ya\u011f ile d\u00fczenli ya\u011flama \u015fartt\u0131r; bu da \u00e7al\u0131\u015fma verimlili\u011fini korumaya ve silindirin \u00f6mr\u00fcn\u00fc uzatmaya yard\u0131mc\u0131 olur. Yeterli ya\u011flama ayr\u0131ca a\u015f\u0131r\u0131 \u0131s\u0131nmay\u0131 ve a\u015f\u0131nmay\u0131 \u00f6nleyerek sorunsuz \u00e7al\u0131\u015fmay\u0131 sa\u011flar.<\/p>\n<h2>\u00d6nleyici Bak\u0131m \u00d6nlemleri<\/h2>\n<ul>\n<li>\n<h3>D\u00fczenli Denetimler<\/h3>\n<p>Rutin kontroller yapmak, a\u015f\u0131nma, s\u0131z\u0131nt\u0131 veya hasar\u0131n erken belirtilerini tespit etmek i\u00e7in \u00e7ok \u00f6nemlidir. D\u00fczenli kontroller, k\u00fc\u00e7\u00fck sorunlar\u0131n \u00f6nemli problemlere d\u00f6n\u00fc\u015fmesini \u00f6nleyerek g\u00fcvenilir \u00e7al\u0131\u015fmay\u0131 sa\u011flar.<\/p>\n<\/li>\n<li>\n<h3>Uygun Ya\u011flama<\/h3>\n<p>S\u00fcrt\u00fcnmeden kaynaklanan sorunlar\u0131 \u00f6nlemek i\u00e7in silindirin hidrolik ya\u011f ile uygun \u015fekilde ya\u011fland\u0131\u011f\u0131ndan emin olun. Do\u011fru ya\u011flama ayn\u0131 zamanda daha d\u00fczg\u00fcn \u00e7al\u0131\u015fmay\u0131 da sa\u011flar ki bu da silindirin \u00f6mr\u00fcn\u00fc uzatmak i\u00e7in hayati \u00f6nem ta\u015f\u0131r.<\/p>\n<\/li>\n<li>\n<h3>Conta De\u011fi\u015fimi<\/h3>\n<p>S\u0131z\u0131nt\u0131lar\u0131 \u00f6nlemek ve hidrolik bas\u0131nc\u0131 korumak i\u00e7in contalar\u0131 d\u00fczenli olarak kontrol edin ve gerekti\u011finde de\u011fi\u015ftirin. Contalar a\u015f\u0131nmaya maruz kal\u0131r ve optimum performans sa\u011flamak i\u00e7in d\u00fczenli bak\u0131m program\u0131n\u0131n bir par\u00e7as\u0131 olmal\u0131d\u0131r.<\/p>\n<\/li>\n<\/ul>\n<h2>Kurulum Talimatlar\u0131<\/h2>\n<p>Bom silindirinin do\u011fru montaj\u0131, optimum performans i\u00e7in \u00e7ok \u00f6nemlidir. \u00d6ncelikle montaj braketlerinin uygun \u015fekilde hizaland\u0131\u011f\u0131ndan emin olun. Montaj s\u0131ras\u0131nda silindiri sabitlemek i\u00e7in uygun montaj destekleri kullan\u0131lmas\u0131 \u00f6nerilir.<\/p>\n<p>Montajdan \u00f6nce, t\u00fcm bile\u015fenleri a\u015f\u0131nma veya hasar belirtileri a\u00e7\u0131s\u0131ndan inceleyin. Contalar\u0131n sa\u011flam oldu\u011fundan ve hidrolik hatlarda herhangi bir t\u0131kan\u0131kl\u0131k olmad\u0131\u011f\u0131ndan emin olun. Montaj i\u015flemi s\u0131ras\u0131nda, bile\u015fenlere gereksiz y\u00fck bindirmemek i\u00e7in silindirin hizalanmas\u0131na dikkat edin.<\/p>\n<p>Kurulumdan sonra, sistemin do\u011fru \u00e7al\u0131\u015ft\u0131\u011f\u0131ndan emin olmak i\u00e7in hidrolik bas\u0131n\u00e7 kontrol\u00fc yap\u0131n. Sorunsuz \u00e7al\u0131\u015fma sa\u011flamak i\u00e7in hizalama hatalar\u0131n\u0131 d\u00fczeltin ve gerekli kalibrasyonlar\u0131 yap\u0131n.<\/p>\n<h2>Yayg\u0131n Bak\u0131m G\u00f6revleri<\/h2>\n<h3>D\u00fczenli Kontroller<\/h3>\n<p>Bom silindirinin bile\u015fenlerinin do\u011fru \u00e7al\u0131\u015ft\u0131\u011f\u0131ndan emin olmak i\u00e7in d\u00fczenli kontroller yap\u0131n. Bu, a\u015f\u0131nma, s\u0131z\u0131nt\u0131 veya hizalama bozuklu\u011fu belirtilerinin incelenmesini i\u00e7erir. Sorunlar\u0131n erken tespiti, onar\u0131m maliyetlerini ve ar\u0131za s\u00fcrelerini \u00f6nemli \u00f6l\u00e7\u00fcde azaltabilir.<\/p>\n<h3>Uygun Ya\u011flama<\/h3>\n<p>Silindire, \u00fcreticinin tavsiyelerine uygun olarak do\u011fru ya\u011flay\u0131c\u0131lar\u0131n uyguland\u0131\u011f\u0131ndan emin olun. Bu ad\u0131m, silindirin b\u00fct\u00fcnl\u00fc\u011f\u00fcn\u00fc korumak, sorunsuz \u00e7al\u0131\u015fmas\u0131n\u0131 sa\u011flamak ve zamanla a\u015f\u0131nmay\u0131 \u00f6nlemek i\u00e7in hayati \u00f6nem ta\u015f\u0131r.<\/p>\n<h3>Conta De\u011fi\u015fimi<\/h3>\n<p>S\u0131zd\u0131rmazl\u0131k elemanlar\u0131n\u0131n durumunu yak\u0131ndan takip edin ve gerekti\u011finde de\u011fi\u015ftirin. A\u015f\u0131nm\u0131\u015f s\u0131zd\u0131rmazl\u0131k elemanlar\u0131 s\u0131z\u0131nt\u0131lara neden olarak bas\u0131n\u00e7 kayb\u0131na ve verimlilik d\u00fc\u015f\u00fc\u015f\u00fcne yol a\u00e7abilir. Hidrolik sistemin performans\u0131n\u0131 korumak i\u00e7in s\u0131zd\u0131rmazl\u0131k elemanlar\u0131n\u0131n zaman\u0131nda de\u011fi\u015ftirilmesi \u015fartt\u0131r.<\/p>\n<p><img decoding=\"async\" src=\"https:\/\/www.hydraulic-cylinders.net\/wp-content\/uploads\/2025\/04\/songte-chushion-collar.webp\" alt=\"Yast\u0131k Yaka\" \/><\/p>\n<h2>G\u00fcvenlik Hususlar\u0131 ve \u00c7evresel Fakt\u00f6rler<\/h2>\n<p>Hidrolik silindirler kullan\u0131l\u0131rken g\u00fcvenlik \u00f6nlemleri son derece \u00f6nemlidir. Operat\u00f6rler, makinenin do\u011fru kullan\u0131m\u0131 ve elle\u00e7lenmesi konusunda e\u011fitilmeli ve g\u00fcvenlik protokollerine uyulmal\u0131d\u0131r. Ayr\u0131ca, operasyonel ar\u0131zalar\u0131 \u00f6nlemek i\u00e7in zorlu ko\u015fullara maruz kalma gibi \u00e7evresel fakt\u00f6rler de dikkate al\u0131nmal\u0131d\u0131r.<\/p>\n<h2>Sorun Giderme ve Yayg\u0131n Sorunlar<\/h2>\n<ul>\n<li>\n<h3>Hidrolik S\u0131z\u0131nt\u0131lar<\/h3>\n<p>Hidrolik s\u0131z\u0131nt\u0131lar, a\u015f\u0131nm\u0131\u015f contalar veya hasarl\u0131 hortumlar nedeniyle meydana gelebilir. D\u00fczenli bak\u0131m ve kontrol, potansiyel s\u0131z\u0131nt\u0131lar\u0131 erken tespit etmeye yard\u0131mc\u0131 olabilir. Bir s\u0131z\u0131nt\u0131 tespit edilirse, hidrolik s\u0131v\u0131n\u0131n kayb\u0131n\u0131 \u00f6nlemek ve bas\u0131nc\u0131 korumak i\u00e7in derhal \u00f6nlem al\u0131nmal\u0131d\u0131r.<\/p>\n<\/li>\n<li>\n<h3>Azalt\u0131lm\u0131\u015f Performans<\/h3>\n<p>Bom silindirinin performans\u0131nda d\u00fc\u015f\u00fc\u015f g\u00f6zlemlenirse, bu ya\u011flama ihtiyac\u0131n\u0131 veya olas\u0131 i\u00e7 hasar\u0131 g\u00f6sterebilir. Operat\u00f6rler hidrolik s\u0131v\u0131 seviyelerini kontrol etmeli ve i\u015flevselli\u011fi geri kazand\u0131rmak i\u00e7in gerekti\u011fi gibi bak\u0131m yapmal\u0131d\u0131r.<\/p>\n<\/li>\n<li>\n<h3>Al\u0131\u015f\u0131lmad\u0131k Sesler<\/h3>\n<p>\u00c7al\u0131\u015fma s\u0131ras\u0131nda duyulan ola\u011fand\u0131\u015f\u0131 sesler, mekanik sorunlar\u0131 veya ya\u011flama eksikli\u011fini g\u00f6sterebilir. Silindire daha fazla zarar gelmesini \u00f6nlemek i\u00e7in bu seslerin derhal incelenmesi \u00e7ok \u00f6nemlidir.<\/p>\n<\/li>\n<\/ul>\n<h2>Ar\u0131za Y\u00f6netimi \u0130pu\u00e7lar\u0131<\/h2>\n<p>Bom silindirindeki sorunlar\u0131 etkili bir \u015fekilde te\u015fhis etmek ve gidermek i\u00e7in operat\u00f6rler, \u00e7al\u0131\u015fma s\u0131ras\u0131nda g\u00f6zlemlenen t\u00fcm d\u00fczensizliklerin ayr\u0131nt\u0131l\u0131 bir kayd\u0131n\u0131 tutmal\u0131d\u0131r. Rutin incelemeler ve bak\u0131m gibi \u00f6nleyici tedbirlerin uygulanmas\u0131, potansiyel sorunlar\u0131 en aza indirmeye yard\u0131mc\u0131 olabilir.<\/p>\n<p>Bir ar\u0131za durumunda, onar\u0131m giri\u015fiminde bulunmadan \u00f6nce temel nedeni belirlemek i\u00e7in yap\u0131land\u0131r\u0131lm\u0131\u015f bir sorun giderme s\u00fcrecini izleyin. Do\u011fru te\u015fhis ve onar\u0131m sa\u011flamak i\u00e7in her zaman \u00fcreticinin y\u00f6nergelerine ba\u015fvurarak belirli sorun giderme prosed\u00fcrlerini takip edin.<\/p>\n<p><img decoding=\"async\" src=\"https:\/\/www.hydraulic-cylinders.net\/wp-content\/uploads\/2025\/04\/songte-bushings-with-all-kinds-of-excavator-models.webp\" alt=\"Bur\u00e7lar\" \/><\/p>\n<h2>\u015eirket Genel Bak\u0131\u015f\u0131<\/h2>\n<p>Hidrolik silindirlerin \u00f6nde gelen \u00fcreticilerinden biri olarak, \u00e7e\u015fitli end\u00fcstriyel uygulamalar i\u00e7in y\u00fcksek kaliteli, alternatif \u00e7\u00f6z\u00fcmler sunma konusunda uzmanla\u015fm\u0131\u015f durumday\u0131z. Geni\u015f \u00fcr\u00fcn yelpazemizle, hem yurt i\u00e7i hem de uluslararas\u0131 pazarlarda g\u00fcvenilir bir \u00fcretici ve toptanc\u0131 olarak kendimizi kan\u0131tlad\u0131k.<\/p>\n<p>\u00dcretim verimlili\u011fini art\u0131rmak i\u00e7in rafine \u00fcretim stratejileri ve ileri teknolojiyi kullanarak kalite konusunda m\u00fckemmelli\u011fe ba\u011fl\u0131 kal\u0131yoruz. Nitelikli i\u015f g\u00fcc\u00fcm\u00fcz, \u00fcst d\u00fczey \u00fcretim ekipmanlar\u0131m\u0131z ve profesyonel test sistemlerimiz, \u00fcretim platformumuzu s\u00fcrekli olarak geli\u015ftirmemizi ve y\u00fcksek kaliteli bir \u00fcretim s\u00fcrecini sa\u011flamam\u0131z\u0131 m\u00fcmk\u00fcn k\u0131l\u0131yor.<\/p>\n<p>Ayr\u0131ca, \u00f6zel sipari\u015f hizmetlerimiz, uluslararas\u0131 sertifikalar\u0131m\u0131z ve g\u00fc\u00e7l\u00fc sat\u0131\u015f sonras\u0131 deste\u011fimiz arac\u0131l\u0131\u011f\u0131yla \u00e7e\u015fitli m\u00fc\u015fteri ihtiya\u00e7lar\u0131n\u0131 kar\u015f\u0131lamaya kararl\u0131y\u0131z. Yenili\u011fe ve kaliteye olan ba\u011fl\u0131l\u0131\u011f\u0131m\u0131z, hidrolik silindir sekt\u00f6r\u00fcndeki itibar\u0131m\u0131z\u0131 sa\u011flamla\u015ft\u0131rm\u0131\u015ft\u0131r.<\/p>\n<p><img decoding=\"async\" src=\"https:\/\/www.hydraulic-cylinders.net\/wp-content\/uploads\/2025\/04\/songte-company-4.webp\" alt=\"\u015eirket G\u00f6rseli 1\" \/><br \/>\n<img decoding=\"async\" src=\"https:\/\/www.hydraulic-cylinders.net\/wp-content\/uploads\/2025\/04\/songte-company-3.webp\" alt=\"\u015eirket G\u00f6rseli 2\" \/><\/p>\n<p>Yazar: lyl<\/p>","protected":false},"excerpt":{"rendered":"<p>Boom Cylinder For Caterpillar Middle Excavator E320C\/320D Definition and Overview The Boom Cylinder, specifically designed for the Caterpillar Middle Excavator E320C\/320D, is a hydraulic component critical for controlling the boom&#8217;s movement. This hydraulic cylinder is essential in enabling heavy machinery, such as excavators, backhoe loaders, and front loaders, to perform various material handling tasks efficiently. [&hellip;]<\/p>","protected":false},"featured_media":17876,"comment_status":"open","ping_status":"closed","template":"","meta":{"_et_pb_use_builder":"","_et_pb_old_content":"","_et_gb_content_width":""},"product_brand":[],"product_cat":[1546],"product_tag":[1547,1496],"class_list":{"0":"post-18949","1":"product","2":"type-product","3":"status-publish","4":"has-post-thumbnail","6":"product_cat-boom-cylinders","7":"product_tag-boom-cylinders","8":"product_tag-hydraulic-cylinders","10":"first","11":"instock","12":"shipping-taxable","13":"product-type-simple"},"amp_enabled":true,"_links":{"self":[{"href":"https:\/\/www.hydraulic-cylinders.net\/tr\/wp-json\/wp\/v2\/product\/18949","targetHints":{"allow":["GET"]}}],"collection":[{"href":"https:\/\/www.hydraulic-cylinders.net\/tr\/wp-json\/wp\/v2\/product"}],"about":[{"href":"https:\/\/www.hydraulic-cylinders.net\/tr\/wp-json\/wp\/v2\/types\/product"}],"replies":[{"embeddable":true,"href":"https:\/\/www.hydraulic-cylinders.net\/tr\/wp-json\/wp\/v2\/comments?post=18949"}],"wp:featuredmedia":[{"embeddable":true,"href":"https:\/\/www.hydraulic-cylinders.net\/tr\/wp-json\/wp\/v2\/media\/17876"}],"wp:attachment":[{"href":"https:\/\/www.hydraulic-cylinders.net\/tr\/wp-json\/wp\/v2\/media?parent=18949"}],"wp:term":[{"taxonomy":"product_brand","embeddable":true,"href":"https:\/\/www.hydraulic-cylinders.net\/tr\/wp-json\/wp\/v2\/product_brand?post=18949"},{"taxonomy":"product_cat","embeddable":true,"href":"https:\/\/www.hydraulic-cylinders.net\/tr\/wp-json\/wp\/v2\/product_cat?post=18949"},{"taxonomy":"product_tag","embeddable":true,"href":"https:\/\/www.hydraulic-cylinders.net\/tr\/wp-json\/wp\/v2\/product_tag?post=18949"}],"curies":[{"name":"wp","href":"https:\/\/api.w.org\/{rel}","templated":true}]}}