{"id":18954,"date":"2025-04-07T06:03:57","date_gmt":"2025-04-07T06:03:57","guid":{"rendered":"https:\/\/www.hydraulic-cylinders.net\/product\/boom-cylinder-for-caterpillar-middle-excavator-e320dz-bl\/"},"modified":"2025-04-07T06:03:59","modified_gmt":"2025-04-07T06:03:59","slug":"boom-cylinder-for-caterpillar-middle-excavator-e320dz-bl","status":"publish","type":"product","link":"https:\/\/www.hydraulic-cylinders.net\/tr\/urun\/boom-cylinder-for-caterpillar-middle-excavator-e320dz-bl\/","title":{"rendered":"Caterpillar E320DZ\/BL Orta Ekskavat\u00f6r \u0130\u00e7in Bom Silindiri"},"content":{"rendered":"<h1>Caterpillar E320DZ\/BL Orta Ekskavat\u00f6r \u0130\u00e7in Bom Silindiri<\/h1>\n<h2>Bom Silindirlerine Giri\u015f<\/h2>\n<p>Bom silindiri, ekskavat\u00f6rler, beko y\u00fckleyiciler ve \u00f6n y\u00fckleyiciler gibi a\u011f\u0131r makinelerde ekskavat\u00f6r kep\u00e7elerinin hareketini kontrol etmek i\u00e7in \u00f6zel olarak tasarlanm\u0131\u015f hidrolik sistemlerin kritik bir bile\u015fenidir. Bu hidrolik silindirler, kep\u00e7enin kalkmas\u0131n\u0131, al\u00e7almas\u0131n\u0131 ve e\u011filmesini sa\u011flayarak verimli malzeme ta\u015f\u0131ma i\u015flemlerini kolayla\u015ft\u0131r\u0131r. Kep\u00e7e silindiri, in\u015faat projelerinde hassas hareketler ve \u00e7al\u0131\u015fma i\u00e7in olmazsa olmazd\u0131r.<\/p>\n<p><img decoding=\"async\" src=\"https:\/\/www.hydraulic-cylinders.net\/wp-content\/uploads\/2025\/04\/songte-company-1.webp\" alt=\"Ekskavat\u00f6rler i\u00e7in Bom Silindiri\" \/><\/p>\n<h3>Tan\u0131m ve Genel Bak\u0131\u015f<\/h3>\n<p>Bom silindiri, hidrolik ya\u011f bas\u0131nc\u0131yla \u00e7al\u0131\u015fan bir hidrolik silindir t\u00fcr\u00fcd\u00fcr. Ba\u015fl\u0131ca i\u015flevi, kazma, kald\u0131rma ve malzeme ta\u015f\u0131ma dahil olmak \u00fczere kaz\u0131 s\u00fcrecini kontrol etmektir. Bom silindirlerinin etkili tasar\u0131m\u0131 ve sa\u011flam yap\u0131s\u0131, de\u011fi\u015fen ko\u015fullar alt\u0131nda optimum performans sa\u011flar ve bu da onlar\u0131 in\u015faat sekt\u00f6r\u00fcnde vazge\u00e7ilmez k\u0131lar.<\/p>\n<h2>Bom Silindirinin \u00d6zellikleri<\/h2>\n<ul>\n<li><strong>Y\u00fcksek Dayan\u0131kl\u0131l\u0131k ve Dayan\u0131kl\u0131l\u0131k:<\/strong> Y\u00fcksek mukavemetli \u00e7elik veya al\u00fcminyumdan \u00fcretilen bu silindirler, y\u00fcksek bas\u0131nca ve a\u011f\u0131r y\u00fcklere dayanabilir, bu da onlar\u0131 zorlu \u00e7al\u0131\u015fma ortamlar\u0131 i\u00e7in uygun hale getirir.<\/li>\n<li><strong>Verimli Hidrolik \u00c7al\u0131\u015fma:<\/strong> Hidrolik ya\u011f bas\u0131nc\u0131n\u0131 kullanarak d\u00fczg\u00fcn uzama ve daralma hareketleri ger\u00e7ekle\u015ftirirler, operasyonel komutlara h\u0131zl\u0131 yan\u0131t verirler ve g\u00fc\u00e7l\u00fc itme ve \u00e7ekme kuvvetleri sa\u011flarlar.<\/li>\n<li><strong>\u00c7e\u015fitli T\u00fcrler:<\/strong> Bom silindirleri, farkl\u0131 \u00e7al\u0131\u015fma ihtiya\u00e7lar\u0131n\u0131 kar\u015f\u0131lamak \u00fczere tek etkili (hidroli\u011fi tek y\u00f6nde kullanan) veya \u00e7ift etkili (hidroli\u011fi her iki y\u00f6nde kullanan) olarak se\u00e7ilebilir. Baz\u0131 modeller teleskopiktir ve d\u0131\u015f boyutlar\u0131 art\u0131rmadan daha fazla uzatma imkan\u0131 sa\u011flar.<\/li>\n<li><strong>Geli\u015fmi\u015f S\u0131zd\u0131rmazl\u0131k Teknolojisi:<\/strong> S\u0131z\u0131nt\u0131lar\u0131 \u00f6nlemek ve \u00e7e\u015fitli ko\u015fullarda optimum performans sa\u011flamak i\u00e7in y\u00fcksek kaliteli contalarla donat\u0131lm\u0131\u015ft\u0131r.<\/li>\n<li><strong>\u00d6zel \u00c7\u00f6z\u00fcmler:<\/strong> \u00dcr\u00fcnlerimiz bu hidrolik silindirlerin yerini m\u00fckemmel bir \u015fekilde alarak, makinelerin \u00f6zel gereksinimlerini kar\u015f\u0131layacak \u00f6zel \u00e7\u00f6z\u00fcmler sunar.<\/li>\n<\/ul>\n<p><img decoding=\"async\" src=\"https:\/\/www.hydraulic-cylinders.net\/wp-content\/uploads\/2025\/04\/songte-cylinder-head-with-all-kinds-excavator-models.webp\" alt=\"Hidrolik Silindir De\u011fi\u015fimi\" \/><\/p>\n<h2>Uygulama Senaryolar\u0131<\/h2>\n<h3>\u0130n\u015faat Ekipmanlar\u0131<\/h3>\n<p>Ekskavat\u00f6rlerde, bom silindirleri topra\u011f\u0131 veya molozu kazma, y\u00fckleme ve ta\u015f\u0131ma i\u015flemlerinde hayati \u00f6neme sahiptir. Kep\u00e7enin hareketinin hassas bir \u015fekilde kontrol edilmesini sa\u011flayarak kaz\u0131 i\u015fleminin verimlili\u011fini art\u0131r\u0131rlar. Kaz\u0131c\u0131 y\u00fckleyicilerde ise kep\u00e7e silindiri hem kazma hem de kald\u0131rma i\u015flemlerine yard\u0131mc\u0131 olarak bu \u00e7ok y\u00f6nl\u00fc makinelerin uygulama alan\u0131n\u0131 geni\u015fletir.<\/p>\n<h3>Tar\u0131m Makinalar\u0131<\/h3>\n<p>\u00d6n y\u00fckleyicilerde, bom silindirleri toprak, saman ve di\u011fer malzemeleri kep\u00e7elemek, kald\u0131rmak ve ta\u015f\u0131mak i\u00e7in kullan\u0131l\u0131r. A\u011f\u0131r y\u00fckleri ta\u015f\u0131yabilme yetenekleri, onlar\u0131 tar\u0131msal i\u015fler i\u00e7in ideal hale getirir ve verimli \u00e7iftlik operasyonlar\u0131na katk\u0131da bulunur.<\/p>\n<h3>Ekskavat\u00f6rler<\/h3>\n<p>Kep\u00e7e silindiri, ekskavat\u00f6rlerin topra\u011fa etkili bir \u015fekilde n\u00fcfuz etmesini sa\u011flayarak derin kaz\u0131 ve hassas hafriyat yap\u0131lmas\u0131na olanak tan\u0131r. Bu, \u00f6zellikle temel \u00e7al\u0131\u015fmalar\u0131 veya yer alt\u0131 tesisatlar\u0131 gerektiren projeler i\u00e7in \u00f6nemlidir.<\/p>\n<h3>Y\u00fckleyiciler<\/h3>\n<p>\u00d6n y\u00fckleyicilerde, bom silindirleri malzemelerin kald\u0131r\u0131lmas\u0131na ve bo\u015falt\u0131lmas\u0131na yard\u0131mc\u0131 olur. H\u0131zl\u0131 tepki s\u00fcreleri ve g\u00fc\u00e7l\u00fc kald\u0131rma kapasiteleri, onlar\u0131 in\u015faat ve peyzaj i\u015flerinde malzeme ta\u015f\u0131ma i\u00e7in vazge\u00e7ilmez k\u0131lar.<\/p>\n<h2>Tasar\u0131m Hususlar\u0131 ve Se\u00e7im Kriterleri<\/h2>\n<h3>Y\u00fck Kapasitesi<\/h3>\n<p>Bir bom silindirinin tasar\u0131m\u0131nda dikkate al\u0131nmas\u0131 gereken en \u00f6nemli unsurlardan biri y\u00fck ta\u015f\u0131ma kapasitesidir. Bu, \u00e7al\u0131\u015fma s\u0131ras\u0131nda g\u00fcvenli bir \u015fekilde ta\u015f\u0131yabilece\u011fi maksimum a\u011f\u0131rl\u0131\u011f\u0131 belirler. M\u00fchendisler, silindirin malzemelerinin ve yap\u0131s\u0131n\u0131n, ar\u0131zay\u0131 \u00f6nlemek i\u00e7in ama\u00e7lanan y\u00fck\u00fc ta\u015f\u0131yabilece\u011finden emin olmal\u0131d\u0131r.<\/p>\n<h3>S\u0131zd\u0131rmazl\u0131k Verimlili\u011fi<\/h3>\n<p>Etkili s\u0131zd\u0131rmazl\u0131k, performans d\u00fc\u015f\u00fc\u015f\u00fcne ve artan bak\u0131m maliyetlerine yol a\u00e7abilen hidrolik s\u0131v\u0131 s\u0131z\u0131nt\u0131lar\u0131n\u0131 \u00f6nlemek i\u00e7in \u00e7ok \u00f6nemlidir. Hidrolik sistemin b\u00fct\u00fcnl\u00fc\u011f\u00fcn\u00fc korumak i\u00e7in y\u00fcksek kaliteli contalar\u0131n se\u00e7imi \u015fartt\u0131r.<\/p>\n<h3>Dayan\u0131kl\u0131l\u0131k<\/h3>\n<p>Bom silindirlerinin tasar\u0131m\u0131nda dayan\u0131kl\u0131l\u0131k \u00f6nemli bir fakt\u00f6rd\u00fcr. A\u015f\u0131r\u0131 s\u0131cakl\u0131klara, kire ve di\u011fer \u00e7evresel fakt\u00f6rlere maruz kalma da dahil olmak \u00fczere zorlu \u00e7al\u0131\u015fma ko\u015fullar\u0131na dayanabilmelidirler. Bu genellikle geli\u015fmi\u015f malzemeler ve koruyucu kaplamalar kullan\u0131larak sa\u011flan\u0131r.<\/p>\n<h3>G\u00fcvenlik \u00d6zellikleri<\/h3>\n<p>Bom silindirlerinin tasar\u0131m\u0131na g\u00fcvenlik \u00f6zelliklerinin entegre edilmesi hayati \u00f6nem ta\u015f\u0131r. Bu, kazalar\u0131 ve ar\u0131zalar\u0131 \u00f6nlemek i\u00e7in a\u015f\u0131r\u0131 y\u00fck koruma sistemlerini i\u00e7erir. Silindirin uluslararas\u0131 g\u00fcvenlik standartlar\u0131na uygun olmas\u0131n\u0131 sa\u011flamak da kullan\u0131c\u0131 g\u00fcvenli\u011fi i\u00e7in \u015fartt\u0131r.<\/p>\n<h3>Bak\u0131m kolayl\u0131\u011f\u0131<\/h3>\n<p>Bak\u0131m kolayl\u0131\u011f\u0131na y\u00f6nelik tasar\u0131m, silindirin kolayca bak\u0131m\u0131 ve onar\u0131m\u0131 yap\u0131labilmesini sa\u011flamay\u0131 i\u00e7erir. Bu, bile\u015fenlere eri\u015filebilirli\u011fi ve onar\u0131mlar\u0131 kolayla\u015ft\u0131rmak i\u00e7in standart par\u00e7alar\u0131n kullan\u0131m\u0131n\u0131 da kapsar.<\/p>\n<p><img decoding=\"async\" src=\"https:\/\/www.hydraulic-cylinders.net\/wp-content\/uploads\/2025\/04\/songte-oil-pipes-and-spare-parts.webp\" alt=\"Hidrolik Silindir Par\u00e7alar\u0131\" \/><\/p>\n<h2>S\u0131zd\u0131rmazl\u0131k ve Ya\u011flama<\/h2>\n<p>Bom silindirlerinin performans\u0131 i\u00e7in uygun s\u0131zd\u0131rmazl\u0131k ve ya\u011flama \u00e7ok \u00f6nemlidir. Piston contalar\u0131 ve mil contalar\u0131 gibi \u00e7e\u015fitli s\u0131zd\u0131rmazl\u0131k bile\u015fenleri, s\u0131v\u0131 s\u0131z\u0131nt\u0131lar\u0131n\u0131 ve kirlenmeyi \u00f6nlemek i\u00e7in kullan\u0131l\u0131r. Contalar i\u00e7in poli\u00fcretan ve nitril kau\u00e7uk gibi dayan\u0131kl\u0131 malzemelerin se\u00e7ilmesi, a\u015f\u0131nma diren\u00e7lerini art\u0131r\u0131r.<\/p>\n<p>Silindir g\u00f6vdesi ve di\u015fli u\u00e7 y\u00fczeyleri, a\u015f\u0131nma direncini art\u0131rmak i\u00e7in titiz bir \u015fekilde i\u015flenmelidir. Hidrolik ya\u011f ile d\u00fczenli ya\u011flama, sorunsuz \u00e7al\u0131\u015fmay\u0131 sa\u011flar ve silindirin \u00f6mr\u00fcn\u00fc uzat\u0131r. Optimum performans\u0131 korumak i\u00e7in ya\u011f seviyelerini izlemek ve gerekti\u011finde takviye etmek \u00e7ok \u00f6nemlidir.<\/p>\n<h2>\u00d6nleyici Bak\u0131m \u00d6nlemleri<\/h2>\n<ul>\n<li><strong>D\u00fczenli Denetimler:<\/strong> Hidrolik sistemde a\u015f\u0131nma veya hasar belirtilerini tespit etmek i\u00e7in d\u00fczenli kontroller yap\u0131n. Bu, olas\u0131 sorunlar\u0131n erken tespitine yard\u0131mc\u0131 olur.<\/li>\n<li><strong>Uygun Ya\u011flama:<\/strong> Silindirin i\u015flevselli\u011fini korumak i\u00e7in hidrolik ya\u011f\u0131n yeterli miktarda dolduruldu\u011fundan ve \u00f6nerilen aral\u0131klarla ya\u011flama yap\u0131ld\u0131\u011f\u0131ndan emin olun.<\/li>\n<li><strong>Conta De\u011fi\u015fimi:<\/strong> S\u0131z\u0131nt\u0131lar\u0131 \u00f6nlemek ve sistem bas\u0131nc\u0131n\u0131 korumak i\u00e7in contalar\u0131n durumunu izleyin ve gerekti\u011finde de\u011fi\u015ftirin.<\/li>\n<\/ul>\n<h2>Kurulum Talimatlar\u0131<\/h2>\n<p>Bom silindirinin do\u011fru montaj\u0131, i\u015flevselli\u011fi ve uzun \u00f6mr\u00fc i\u00e7in \u00e7ok \u00f6nemlidir. Do\u011fru montaj i\u00e7in \u015fu ad\u0131mlar\u0131 izleyin:<\/p>\n<ol>\n<li><strong>Hizalama:<\/strong> \u00c7al\u0131\u015fma s\u0131ras\u0131nda dengesiz gerilimi \u00f6nlemek i\u00e7in silindirin montaj braketleriyle do\u011fru \u015fekilde hizaland\u0131\u011f\u0131ndan emin olun.<\/li>\n<li><strong>Uygun montaj braketlerini kullan\u0131n:<\/strong> \u00c7al\u0131\u015fma s\u0131ras\u0131nda uygulanan kuvvetlere dayanabilecek uygun braketler kullanarak silindiri sabitleyin.<\/li>\n<li><strong>Ba\u011flant\u0131 elemanlar\u0131n\u0131 s\u0131k\u0131n:<\/strong> \u00c7al\u0131\u015fma s\u0131ras\u0131nda gev\u015femeyi \u00f6nlemek i\u00e7in t\u00fcm c\u0131vata ve ba\u011flant\u0131 elemanlar\u0131n\u0131n \u00fcreticinin belirtti\u011fi \u00f6zelliklere g\u00f6re s\u0131k\u0131ld\u0131\u011f\u0131ndan emin olun.<\/li>\n<li><strong>Hidrolik ba\u011flant\u0131lar\u0131 kontrol edin:<\/strong> Hidrolik sisteme ba\u011flamadan \u00f6nce hidrolik hatlarda herhangi bir s\u0131z\u0131nt\u0131 veya hasar olup olmad\u0131\u011f\u0131n\u0131 kontrol edin.<\/li>\n<li><strong>\u0130\u015flevselli\u011fi Do\u011frulay\u0131n:<\/strong> Montajdan sonra, bom silindirinin sorunsuz ve herhangi bir problem olmadan \u00e7al\u0131\u015ft\u0131\u011f\u0131ndan emin olmak i\u00e7in \u00e7al\u0131\u015fmas\u0131n\u0131 test edin.<\/li>\n<\/ol>\n<p><img decoding=\"async\" src=\"https:\/\/www.hydraulic-cylinders.net\/wp-content\/uploads\/2025\/04\/songte-chushion-collar.webp\" alt=\"Bom Silindiri i\u00e7in Yast\u0131k Yaka\" \/><\/p>\n<h2>G\u00fcvenlik Hususlar\u0131 ve \u00c7evresel Fakt\u00f6rler<\/h2>\n<p>Bom silindirlerinin kullan\u0131m\u0131nda, kazalar\u0131 \u00f6nlemek ve operat\u00f6r g\u00fcvenli\u011fini sa\u011flamak i\u00e7in g\u00fcvenlik \u00f6nlemleri \u015fartt\u0131r. Hidrolik makinelerin kullan\u0131m\u0131 konusunda operat\u00f6rlere uygun e\u011fitim verilmesi ve \u00e7al\u0131\u015fma s\u0131ras\u0131nda g\u00fcvenlik protokollerine uyulmas\u0131 \u00e7ok \u00f6nemlidir. Ayr\u0131ca, hidrolik sistemlerin i\u015fletimi ve bak\u0131m\u0131 s\u0131ras\u0131nda s\u0131v\u0131 at\u0131k bertaraf\u0131 ve g\u00fcr\u00fclt\u00fc kirlili\u011fi gibi \u00e7evresel fakt\u00f6rler de dikkate al\u0131nmal\u0131d\u0131r.<\/p>\n<h2>Yayg\u0131n Sorunlar\u0131n Giderilmesi<\/h2>\n<ul>\n<li><strong>Hidrolik S\u0131v\u0131 S\u0131z\u0131nt\u0131s\u0131:<\/strong> Bu durum, a\u015f\u0131nm\u0131\u015f contalar\u0131 veya hasar g\u00f6rm\u00fc\u015f hortumlar\u0131 g\u00f6sterebilir. Ar\u0131zal\u0131 par\u00e7alar\u0131 gerekti\u011fi gibi inceleyin ve de\u011fi\u015ftirin.<\/li>\n<li><strong>Yava\u015f Silindir Hareketi:<\/strong> Bu durum, hidrolik s\u0131v\u0131 seviyesinin d\u00fc\u015f\u00fck olmas\u0131ndan veya kirlenmeden kaynaklan\u0131yor olabilir. S\u0131v\u0131y\u0131 kontrol edin ve gerekirse de\u011fi\u015ftirin.<\/li>\n<li><strong>\u00c7al\u0131\u015fma S\u0131ras\u0131nda Ola\u011fand\u0131\u015f\u0131 Sesler:<\/strong> G\u0131c\u0131rdama veya t\u0131slama sesleri, hidrolik pompa veya i\u00e7 bile\u015fenlerde sorun oldu\u011funu g\u00f6sterebilir. Kapsaml\u0131 bir inceleme gereklidir.<\/li>\n<\/ul>\n<h2>Ar\u0131za Te\u015fhisi ve \u00d6nleyici Tedbirler<\/h2>\n<p>Ar\u0131zalar\u0131 etkili bir \u015fekilde te\u015fhis etmek i\u00e7in \u015fu ad\u0131mlar\u0131 izleyin:<\/p>\n<ul>\n<li><strong>Belirtileri Belirleyin:<\/strong> Cihaz\u0131n g\u00f6sterdi\u011fi belirtileri g\u00f6zlemleyin; bu belirtiler te\u015fhis s\u00fcrecine rehberlik edebilir.<\/li>\n<li><strong>G\u00f6rsel \u0130ncelemeler Ger\u00e7ekle\u015ftirin:<\/strong> Hidrolik hatlar\u0131, contalar\u0131 ve ba\u011flant\u0131 noktalar\u0131n\u0131 a\u015f\u0131nma ve hasar a\u00e7\u0131s\u0131ndan d\u00fczenli olarak kontrol edin.<\/li>\n<li><strong>\u00d6nleyici Tedbirleri Uygulay\u0131n:<\/strong> Olas\u0131 sorunlar\u0131 en aza indirmek ve silindirin kullan\u0131m \u00f6mr\u00fcn\u00fc uzatmak i\u00e7in d\u00fczenli bir bak\u0131m program\u0131 olu\u015fturun.<\/li>\n<\/ul>\n<p><img decoding=\"async\" src=\"https:\/\/www.hydraulic-cylinders.net\/wp-content\/uploads\/2025\/04\/songte-bushings-with-all-kinds-of-excavator-models.webp\" alt=\"Bom Silindiri Bur\u00e7lar\u0131\" \/><\/p>\n<h2>\u015eirket Genel Bak\u0131\u015f\u0131<\/h2>\n<p>Alternatif hidrolik silindirlerin \u00f6nde gelen \u00fcreticisi olarak, hem yerel hem de uluslararas\u0131 pazarlar i\u00e7in kapsaml\u0131 bir \u00fcr\u00fcn yelpazesi sunuyoruz. M\u00fckemmelli\u011fe olan ba\u011fl\u0131l\u0131\u011f\u0131m\u0131z, yetenekli teknisyenler, geli\u015fmi\u015f dijital \u00fcretim ekipmanlar\u0131 ve profesyonel test sistemleri kullanan end\u00fcstriyel \u00fcretim y\u00f6netim stratejilerimize yans\u0131maktad\u0131r. \u00dcretim platformumuzu ve \u00fcr\u00fcn kalitemizi s\u00fcrekli olarak geli\u015ftirerek, \u00e7e\u015fitli m\u00fc\u015fteri ihtiya\u00e7lar\u0131n\u0131 y\u00fcksek verimlilik, hassasiyet ve kaliteyle kar\u015f\u0131lamay\u0131 sa\u011fl\u0131yoruz.<\/p>\n<h3>Uzmanl\u0131k Alanlar\u0131m\u0131z<\/h3>\n<ul>\n<li><strong>Uzmanl\u0131k:<\/strong> Ekibimiz hidrolik silindir tasar\u0131m\u0131 ve \u00fcretimi konusunda geni\u015f bilgi birikimine sahip olup, y\u00fcksek kaliteli \u00fcr\u00fcnler sunmaktad\u0131r.<\/li>\n<li><strong>Uluslararas\u0131 Sertifikasyon:<\/strong> \u00dcr\u00fcnlerimiz uluslararas\u0131 kalite standartlar\u0131na uygundur ve m\u00fc\u015fterilerimize g\u00fcvenilir performans garantisi sunar.<\/li>\n<li><strong>\u00d6zel \u00c7\u00f6z\u00fcmler:<\/strong> M\u00fc\u015fteri memnuniyetini sa\u011flamak amac\u0131yla, \u00f6zel gereksinimleri kar\u015f\u0131lamak \u00fczere uyarlanm\u0131\u015f hizmetler sunuyoruz.<\/li>\n<li><strong>Modern Ekipmanlar:<\/strong> En son teknolojiye sahip \u00fcretim makinelerini kullanarak, \u00fcretti\u011fimiz her silindirde hassasiyet ve kaliteyi garanti ediyoruz.<\/li>\n<li><strong>Sat\u0131\u015f Sonras\u0131 Destek:<\/strong> M\u00fc\u015fterilerimize kurulum, bak\u0131m ve her t\u00fcrl\u00fc soru konusunda yard\u0131mc\u0131 olmak i\u00e7in uzman destek ekibimiz mevcuttur.<\/li>\n<\/ul>\n<p><img decoding=\"async\" src=\"https:\/\/www.hydraulic-cylinders.net\/wp-content\/uploads\/2025\/04\/songte-company-4.webp\" alt=\"Hidrolik Silindir \u00dcretimi\" \/><br \/>\n<img decoding=\"async\" src=\"https:\/\/www.hydraulic-cylinders.net\/wp-content\/uploads\/2025\/04\/songte-company-3.webp\" alt=\"\u015eirket Tesisleri\" \/><\/p>\n<p>Yazar: lyl<\/p>","protected":false},"excerpt":{"rendered":"<p>Boom Cylinder For Caterpillar Middle Excavator E320DZ\/BL Introduction to Boom Cylinders The Boom Cylinder is a critical component in hydraulic systems, specifically designed for controlling the movement of excavator buckets in heavy machinery such as excavators, backhoe loaders, and front-end loaders. These hydraulic cylinders enable the bucket to lift, lower, and tilt, facilitating efficient material [&hellip;]<\/p>","protected":false},"featured_media":17881,"comment_status":"open","ping_status":"closed","template":"","meta":{"_et_pb_use_builder":"","_et_pb_old_content":"","_et_gb_content_width":""},"product_brand":[],"product_cat":[1546],"product_tag":[1547,1496],"class_list":{"0":"post-18954","1":"product","2":"type-product","3":"status-publish","4":"has-post-thumbnail","6":"product_cat-boom-cylinders","7":"product_tag-boom-cylinders","8":"product_tag-hydraulic-cylinders","10":"first","11":"instock","12":"shipping-taxable","13":"product-type-simple"},"amp_enabled":true,"_links":{"self":[{"href":"https:\/\/www.hydraulic-cylinders.net\/tr\/wp-json\/wp\/v2\/product\/18954","targetHints":{"allow":["GET"]}}],"collection":[{"href":"https:\/\/www.hydraulic-cylinders.net\/tr\/wp-json\/wp\/v2\/product"}],"about":[{"href":"https:\/\/www.hydraulic-cylinders.net\/tr\/wp-json\/wp\/v2\/types\/product"}],"replies":[{"embeddable":true,"href":"https:\/\/www.hydraulic-cylinders.net\/tr\/wp-json\/wp\/v2\/comments?post=18954"}],"wp:featuredmedia":[{"embeddable":true,"href":"https:\/\/www.hydraulic-cylinders.net\/tr\/wp-json\/wp\/v2\/media\/17881"}],"wp:attachment":[{"href":"https:\/\/www.hydraulic-cylinders.net\/tr\/wp-json\/wp\/v2\/media?parent=18954"}],"wp:term":[{"taxonomy":"product_brand","embeddable":true,"href":"https:\/\/www.hydraulic-cylinders.net\/tr\/wp-json\/wp\/v2\/product_brand?post=18954"},{"taxonomy":"product_cat","embeddable":true,"href":"https:\/\/www.hydraulic-cylinders.net\/tr\/wp-json\/wp\/v2\/product_cat?post=18954"},{"taxonomy":"product_tag","embeddable":true,"href":"https:\/\/www.hydraulic-cylinders.net\/tr\/wp-json\/wp\/v2\/product_tag?post=18954"}],"curies":[{"name":"wp","href":"https:\/\/api.w.org\/{rel}","templated":true}]}}