{"id":18956,"date":"2025-04-07T06:04:09","date_gmt":"2025-04-07T06:04:09","guid":{"rendered":"https:\/\/www.hydraulic-cylinders.net\/product\/boom-cylinder-for-caterpillar-middle-excavator-e323dl-323d2l\/"},"modified":"2025-04-07T06:04:14","modified_gmt":"2025-04-07T06:04:14","slug":"boom-cylinder-for-caterpillar-middle-excavator-e323dl-323d2l","status":"publish","type":"product","link":"https:\/\/www.hydraulic-cylinders.net\/tr\/urun\/boom-cylinder-for-caterpillar-middle-excavator-e323dl-323d2l\/","title":{"rendered":"Caterpillar E323DL\/323D2L Orta Boy Ekskavat\u00f6r \u0130\u00e7in Bom Silindiri"},"content":{"rendered":"<h1>Caterpillar E323DL\/323D2L Orta Boy Ekskavat\u00f6r \u0130\u00e7in Bom Silindiri<\/h1>\n<h2>\u00dcr\u00fcn Genel Bak\u0131\u015f\u0131<\/h2>\n<p>Bom silindiri, \u00f6zellikle E323DL ve E323D2L gibi Caterpillar ekskavat\u00f6rler i\u00e7in tasarlanm\u0131\u015f, a\u011f\u0131r makinelerin hidrolik sisteminde \u00e7ok \u00f6nemli bir bile\u015fendir. Bu hidrolik silindir, bomun hareketini kontrol ederek kald\u0131rma, indirme ve e\u011fme gibi \u00e7e\u015fitli g\u00f6revleri m\u00fcmk\u00fcn k\u0131lar. Bu silindirin \u00e7al\u0131\u015fmas\u0131, verimli malzeme ta\u015f\u0131ma ve kaz\u0131 i\u015fleri i\u00e7in hayati \u00f6neme sahiptir ve bu nedenle in\u015faat ve a\u011f\u0131r i\u015f uygulamalar\u0131nda kilit bir unsurdur.<\/p>\n<p><img decoding=\"async\" src=\"https:\/\/www.hydraulic-cylinders.net\/wp-content\/uploads\/2025\/04\/songte-company-1.webp\" alt=\"Bom Silindiri\"><\/p>\n<h3>Kova Silindirlerinin Tan\u0131m\u0131 ve Genel Bak\u0131\u015f\u0131<\/h3>\n<p>Kep\u00e7e silindiri, ekskavat\u00f6rler, kaz\u0131c\u0131lar ve \u00f6n y\u00fckleyiciler gibi a\u011f\u0131r makinelerdeki kep\u00e7elerin hareketini kontrol etmek i\u00e7in \u00f6zel olarak kullan\u0131lan bir hidrolik silindir t\u00fcr\u00fcd\u00fcr. Kep\u00e7enin hassas bir \u015fekilde hareket etmesini sa\u011flar; bu da etkili kaz\u0131 ve malzeme ta\u015f\u0131ma i\u00e7in \u00e7ok \u00f6nemlidir. Hidrolik sistem, hareketi olu\u015fturmak i\u00e7in bas\u0131n\u00e7l\u0131 s\u0131v\u0131 kullan\u0131r ve makine operat\u00f6r\u00fcn\u00fcn g\u00f6revleri hassasiyet ve h\u0131zla ger\u00e7ekle\u015ftirmesini sa\u011flar.<\/p>\n<h2>Bom Silindirinin Temel \u00d6zellikleri<\/h2>\n<ul>\n<li><strong>Y\u00fcksek Dayan\u0131kl\u0131l\u0131k ve Dayan\u0131kl\u0131l\u0131k:<\/strong> Y\u00fcksek mukavemetli \u00e7elik veya al\u00fcminyumdan \u00fcretilmi\u015f olup, zorlu ortamlarda \u00e7al\u0131\u015f\u0131rken y\u00fcksek bas\u0131nca ve a\u011f\u0131r y\u00fcklere dayanacak \u015fekilde tasarlanm\u0131\u015ft\u0131r.<\/li>\n<li><strong>Verimli Hidrolik \u00c7al\u0131\u015fma:<\/strong> Hidrolik s\u0131v\u0131 kullanarak sorunsuz uzatma ve geri \u00e7ekme hareketi sa\u011flar ve karma\u015f\u0131k g\u00f6revler i\u00e7in g\u00fc\u00e7l\u00fc itme ve \u00e7ekme yetenekleri sunar.<\/li>\n<li><strong>\u00c7e\u015fitli T\u00fcrler:<\/strong> \u00c7e\u015fitli operasyonel gereksinimleri kar\u015f\u0131lamak \u00fczere tek etkili veya \u00e7ift etkili konfig\u00fcrasyonlarda mevcuttur; baz\u0131 modeller, d\u0131\u015f boyutlar\u0131 art\u0131rmadan daha uzun eri\u015fim i\u00e7in teleskopiktir.<\/li>\n<li><strong>Korozyon Direnci:<\/strong> A\u015f\u0131nmaya ve korozyona kar\u015f\u0131 dayan\u0131kl\u0131 olacak \u015fekilde tasarlanm\u0131\u015ft\u0131r, bu da zorlu ko\u015fullar alt\u0131nda uzun \u00f6m\u00fcr ve tutarl\u0131 performans sa\u011flar.<\/li>\n<li><strong>Kolay Bak\u0131m:<\/strong> Basit bak\u0131m prosed\u00fcrleri i\u00e7in tasarlanm\u0131\u015ft\u0131r, ar\u0131za s\u00fcrelerini en aza indirmek i\u00e7in h\u0131zl\u0131 incelemeler ve onar\u0131mlar sa\u011flar.<\/li>\n<\/ul>\n<p>\u00dcr\u00fcnlerimiz, bu hidrolik silindirlerin yerini m\u00fckemmel bir \u015fekilde alacak \u015fekilde tasarlanm\u0131\u015ft\u0131r ve sorunsuz entegrasyon ve performans art\u0131\u015f\u0131 sa\u011flar.<\/p>\n<p><img decoding=\"async\" src=\"https:\/\/www.hydraulic-cylinders.net\/wp-content\/uploads\/2025\/04\/songte-cylinder-head-with-all-kinds-excavator-models.webp\" alt=\"Ekskavat\u00f6r Modelleri\"><\/p>\n<h2>Bom Silindirinin Uygulamalar\u0131<\/h2>\n<ul>\n<li><strong>\u0130n\u015faat Ekipmanlar\u0131:<\/strong> Kaz\u0131c\u0131 makinelerde bulunan bu silindirler, topra\u011f\u0131 veya molozu kazmak, y\u00fcklemek ve ta\u015f\u0131mak i\u00e7in hayati \u00f6neme sahiptir. Zorlu zemin ko\u015fullar\u0131na n\u00fcfuz etmek i\u00e7in gerekli kuvveti sa\u011flayarak kaz\u0131 i\u015flerini verimli hale getirirler.<\/li>\n<li><strong>Tar\u0131m Makinalar\u0131:<\/strong> \u00d6n y\u00fckleyicilerde toprak, saman ve di\u011fer malzemelerin kep\u00e7elenmesi, kald\u0131r\u0131lmas\u0131 ve ta\u015f\u0131nmas\u0131nda kullan\u0131lan bu silindirler, tar\u0131msal verimlili\u011fi ve etkinli\u011fi art\u0131r\u0131r.<\/li>\n<li><strong>Ekskavat\u00f6rler:<\/strong> Kep\u00e7e silindirleri, kep\u00e7enin topra\u011fa etkili bir \u015fekilde n\u00fcfuz etmesini sa\u011flayarak kaz\u0131c\u0131lar\u0131n kazma i\u015flemlerini ger\u00e7ekle\u015ftirmesine olanak tan\u0131r ve b\u00f6ylece kaz\u0131 s\u00fcrecini kolayla\u015ft\u0131r\u0131r.<\/li>\n<li><strong>Y\u00fckleyiciler:<\/strong> \u00d6n y\u00fckleyicilerde, bom silindirleri malzemelerin etkin bir \u015fekilde kald\u0131r\u0131lmas\u0131na ve bo\u015falt\u0131lmas\u0131na yard\u0131mc\u0131 olarak \u00e7e\u015fitli uygulamalarda \u00e7al\u0131\u015fma d\u00f6ng\u00fclerini optimize eder.<\/li>\n<\/ul>\n<h2>Tasar\u0131m Hususlar\u0131 ve Se\u00e7im Kriterleri<\/h2>\n<ul>\n<li><strong>Y\u00fck Kapasitesi:<\/strong> Bom silindiri se\u00e7erken, belirli uygulamalar i\u00e7in gerekli y\u00fck kapasitelerini kar\u015f\u0131lad\u0131\u011f\u0131ndan emin olmak \u00e7ok \u00f6nemlidir. Silindir, \u00e7al\u0131\u015fma s\u0131ras\u0131nda ar\u0131zay\u0131 \u00f6nlemek i\u00e7in beklenen maksimum y\u00fck\u00fc kald\u0131rabilecek kapasitede olmal\u0131d\u0131r.<\/li>\n<li><strong>S\u0131zd\u0131rmazl\u0131k B\u00fct\u00fcnl\u00fc\u011f\u00fc:<\/strong> Tasar\u0131m, hidrolik s\u0131v\u0131 s\u0131z\u0131nt\u0131s\u0131n\u0131 \u00f6nlemek, verimli \u00e7al\u0131\u015fmay\u0131 sa\u011flamak ve \u00e7evresel etkileri en aza indirmek i\u00e7in sa\u011flam s\u0131zd\u0131rmazl\u0131k \u00e7\u00f6z\u00fcmlerini i\u00e7ermelidir. Y\u00fcksek kaliteli contalar sistem bas\u0131nc\u0131n\u0131 korur ve bak\u0131m ihtiya\u00e7lar\u0131n\u0131 azalt\u0131r.<\/li>\n<li><strong>Dayan\u0131kl\u0131l\u0131k:<\/strong> Dayan\u0131kl\u0131 malzemelerden yap\u0131lm\u0131\u015f bir silindir se\u00e7mek, yo\u011fun kullan\u0131ma dayanabilmesini sa\u011flayacakt\u0131r. A\u015f\u0131nma direnci ve yorulma \u00f6mr\u00fc gibi fakt\u00f6rler, performans\u0131n zaman i\u00e7inde korunmas\u0131 i\u00e7in kritik \u00f6neme sahiptir.<\/li>\n<li><strong>G\u00fcvenlik \u00d6zellikleri:<\/strong> Tasar\u0131m, beklenmedik kuvvet art\u0131\u015flar\u0131 s\u0131ras\u0131nda hasar\u0131 \u00f6nlemek ve hem operat\u00f6rlerin hem de ekipman\u0131n g\u00fcvenli\u011fini sa\u011flamak i\u00e7in a\u015f\u0131r\u0131 y\u00fck korumas\u0131 gibi g\u00fcvenlik mekanizmalar\u0131n\u0131 i\u00e7ermelidir.<\/li>\n<li><strong>Bak\u0131m Eri\u015filebilirli\u011fi:<\/strong> Bak\u0131m ve kontroller i\u00e7in kolay eri\u015fim, uzun \u00f6m\u00fcr ve g\u00fcvenilirlik sa\u011flamak i\u00e7in \u00e7ok \u00f6nemlidir. Ya\u011f de\u011fi\u015fimini ve conta de\u011fi\u015fimini kolayla\u015ft\u0131ran \u00f6zellikler, ar\u0131za s\u00fcresini \u00f6nemli \u00f6l\u00e7\u00fcde azaltabilir.<\/li>\n<\/ul>\n<p><img decoding=\"async\" src=\"https:\/\/www.hydraulic-cylinders.net\/wp-content\/uploads\/2025\/04\/songte-oil-pipes-and-spare-parts.webp\" alt=\"Petrol Borular\u0131 ve Yedek Par\u00e7alar\u0131\"><\/p>\n<h2>Hidrolik Silindirin S\u0131zd\u0131rmazl\u0131\u011f\u0131 ve Ya\u011flanmas\u0131<\/h2>\n<p>Bir bom silindirinin etkinli\u011fi, s\u0131zd\u0131rmazl\u0131k ve ya\u011flama sistemlerine b\u00fcy\u00fck \u00f6l\u00e7\u00fcde ba\u011fl\u0131d\u0131r. Piston contalar\u0131 ve mil contalar\u0131 gibi \u00e7e\u015fitli contalar, hidrolik s\u0131v\u0131n\u0131n b\u00fct\u00fcnl\u00fc\u011f\u00fcn\u00fc korumak ve s\u0131z\u0131nt\u0131lar\u0131 \u00f6nlemek i\u00e7in gereklidir. A\u015f\u0131nma direnci ve dayan\u0131kl\u0131l\u0131klar\u0131 nedeniyle poli\u00fcretan ve nitril kau\u00e7uktan yap\u0131lm\u0131\u015f contalar tercih edilir. Ek olarak, silindir g\u00f6vdesi ve di\u015fli u\u00e7 y\u00fczeyleri, a\u015f\u0131nma direncini art\u0131rmak i\u00e7in ince i\u015fleme tabi tutulur. Hidrolik ya\u011f ile d\u00fczenli ya\u011flama da \u00e7ok \u00f6nemlidir, \u00e7\u00fcnk\u00fc hareketli par\u00e7alardaki s\u00fcrt\u00fcnmeyi ve a\u015f\u0131nmay\u0131 en aza indirerek sorunsuz \u00e7al\u0131\u015fmay\u0131 sa\u011flar ve silindirin \u00f6mr\u00fcn\u00fc uzat\u0131r.<\/p>\n<h2>\u00d6nleyici Bak\u0131m \u00d6nlemleri<\/h2>\n<ul>\n<li><strong>D\u00fczenli Kontroller:<\/strong> Olas\u0131 sorunlar\u0131 erken tespit etmek i\u00e7in hidrolik silindirde a\u015f\u0131nma, s\u0131z\u0131nt\u0131 ve performans sorunlar\u0131na dair d\u00fczenli kontroller yap\u0131n.<\/li>\n<li><strong>Uygun Ya\u011flama:<\/strong> Verimli \u00e7al\u0131\u015fmay\u0131 s\u00fcrd\u00fcrmek i\u00e7in hidrolik ya\u011f seviyelerinin yeterli oldu\u011fundan ve ya\u011f\u0131n \u00f6nerilen aral\u0131klarla de\u011fi\u015ftirildi\u011finden emin olun.<\/li>\n<li><strong>Conta De\u011fi\u015fimi:<\/strong> S\u0131v\u0131 s\u0131z\u0131nt\u0131lar\u0131n\u0131 \u00f6nlemek ve hidrolik sistemin b\u00fct\u00fcnl\u00fc\u011f\u00fcn\u00fc sa\u011flamak i\u00e7in contalar\u0131 d\u00fczenli olarak kontrol edin ve gerekti\u011finde de\u011fi\u015ftirin.<\/li>\n<\/ul>\n<h2>Kurulum Talimatlar\u0131<\/h2>\n<p>Bom silindirinin do\u011fru montaj\u0131, performans\u0131 ve uzun \u00f6mr\u00fc i\u00e7in \u00e7ok \u00f6nemlidir. \u015eu ad\u0131mlar\u0131 izleyin:<\/p>\n<ol>\n<li>Montajdan \u00f6nce t\u00fcm par\u00e7alar\u0131n temiz ve kirden ar\u0131nd\u0131r\u0131lm\u0131\u015f oldu\u011fundan emin olun.<\/li>\n<li>A\u015f\u0131r\u0131 gerilimi \u00f6nlemek i\u00e7in silindiri ekskavat\u00f6r\u00fcn montaj noktalar\u0131yla do\u011fru \u015fekilde hizalay\u0131n.<\/li>\n<li>Silindiri yerinde sabitlemek ve \u00e7al\u0131\u015fma s\u0131ras\u0131nda stabilite sa\u011flamak i\u00e7in uygun montaj braketleri kullan\u0131n.<\/li>\n<li>Makineyi \u00e7al\u0131\u015ft\u0131rmadan \u00f6nce t\u00fcm hidrolik ba\u011flant\u0131lar\u0131n s\u0131k\u0131l\u0131\u011f\u0131n\u0131 ve s\u0131z\u0131nt\u0131 olup olmad\u0131\u011f\u0131n\u0131 iki kez kontrol edin.<\/li>\n<li>Kurulumdan sonra, makinenin do\u011fru \u00e7al\u0131\u015f\u0131p \u00e7al\u0131\u015fmad\u0131\u011f\u0131n\u0131 ve hizaland\u0131\u011f\u0131n\u0131 do\u011frulamak i\u00e7in d\u00fc\u015f\u00fck h\u0131zda \u00e7al\u0131\u015ft\u0131r\u0131n.<\/li>\n<\/ol>\n<h2>Yayg\u0131n Bak\u0131m G\u00f6revleri<\/h2>\n<ul>\n<li><strong>D\u00fczenli Denetimler:<\/strong> D\u00fczenli kontroller yapmak, s\u0131z\u0131nt\u0131 veya a\u015f\u0131nma gibi sorunlar\u0131n erken tespit edilmesini sa\u011flayarak ilerleyen s\u00fcre\u00e7te daha b\u00fcy\u00fck problemlerin \u00f6n\u00fcne ge\u00e7ebilir.<\/li>\n<li><strong>Uygun Ya\u011flama:<\/strong> Uygun ya\u011flaman\u0131n sa\u011flanmas\u0131, hareketli par\u00e7alardaki s\u00fcrt\u00fcnmeyi ve a\u015f\u0131nmay\u0131 azaltmak, silindirin performans\u0131n\u0131 ve \u00f6mr\u00fcn\u00fc uzatmak i\u00e7in \u00e7ok \u00f6nemlidir.<\/li>\n<li><strong>Conta De\u011fi\u015fimi:<\/strong> D\u00fczenli aral\u0131klarla yap\u0131lan conta de\u011fi\u015fimleri, bas\u0131nc\u0131 korumaya ve genel sistem performans\u0131n\u0131 etkileyebilecek hidrolik s\u0131v\u0131 s\u0131z\u0131nt\u0131s\u0131 riskini azaltmaya yard\u0131mc\u0131 olur.<\/li>\n<\/ul>\n<h2>G\u00fcvenlik Hususlar\u0131 ve \u00c7evresel Fakt\u00f6rler<\/h2>\n<p>Hidrolik silindirler kullan\u0131l\u0131rken g\u00fcvenlik \u00f6nlemlerinin uygulanmas\u0131 son derece \u00f6nemlidir. Operat\u00f6rler, ola\u011fand\u0131\u015f\u0131 sesler veya performans tutars\u0131zl\u0131klar\u0131 gibi olas\u0131 ar\u0131za belirtilerini tan\u0131mak \u00fczere e\u011fitilmelidir. Hidrolik makinelerin do\u011fru kullan\u0131m\u0131 ve i\u015fletimi kazalar\u0131 \u00f6nleyebilir. Ayr\u0131ca, temiz bir \u00e7al\u0131\u015fma alan\u0131 sa\u011flamak ve hidrolik s\u0131v\u0131lar\u0131 sorumlu bir \u015fekilde y\u00f6netmek, \u00e7evresel etkileri en aza indirmek i\u00e7in kritik \u00f6neme sahiptir.<\/p>\n<h2>Sorun Giderme ve Yayg\u0131n Sorunlar<\/h2>\n<ul>\n<li><strong>S\u0131z\u0131nt\u0131:<\/strong> Contalar\u0131 ve ba\u011flant\u0131 noktalar\u0131n\u0131 a\u015f\u0131nma veya hasar a\u00e7\u0131s\u0131ndan kontrol edin ve gerekirse de\u011fi\u015ftirin.<\/li>\n<li><strong>Yava\u015f \u00c7al\u0131\u015fma:<\/strong> Hidrolik s\u0131v\u0131 seviyelerini ve filtreleri kontrol ederek sistemde herhangi bir t\u0131kan\u0131kl\u0131k veya s\u0131z\u0131nt\u0131 olmad\u0131\u011f\u0131ndan emin olun.<\/li>\n<li><strong>Beklenmedik Hareketler:<\/strong> Kontrol sistemlerinin ve sens\u00f6rlerin do\u011frulu\u011funu do\u011frulay\u0131n; gerekirse yeniden kalibre edin.<\/li>\n<\/ul>\n<p>Sorunlar\u0131 \u00f6nlemek i\u00e7in ekipman\u0131n\u0131z\u0131n d\u00fczenli bak\u0131m\u0131n\u0131 yap\u0131n ve hidrolik silindir ar\u0131zas\u0131yla ili\u015fkili riskleri en aza indirmek i\u00e7in \u00fcretici y\u00f6nergelerini izleyin.<\/p>\n<p><img decoding=\"async\" src=\"https:\/\/www.hydraulic-cylinders.net\/wp-content\/uploads\/2025\/04\/songte-bushings-with-all-kinds-of-excavator-models.webp\" alt=\"Bur\u00e7 Modelleri\"><\/p>\n<h2>\u015eirket Genel Bak\u0131\u015f\u0131<\/h2>\n<p>\u00d6nde gelen yedek hidrolik silindir \u00fcreticisi olarak, hem yurt i\u00e7i hem de uluslararas\u0131 pazarlar i\u00e7in kapsaml\u0131 bir \u00fcr\u00fcn yelpazesi sunuyoruz. Kalitede m\u00fckemmelli\u011fe olan ba\u011fl\u0131l\u0131\u011f\u0131m\u0131z, geli\u015fmi\u015f dijital \u00fcretim ekipmanlar\u0131 ve \u00f6zel denetim sistemleri kullanan rafine bir \u00fcretim stratejisiyle desteklenmektedir. \u00c7e\u015fitli m\u00fc\u015fteri ihtiya\u00e7lar\u0131n\u0131 kar\u015f\u0131lamak i\u00e7in y\u00fcksek verimlilik, hassasiyet ve kaliteyi sa\u011flarken \u00fcretim yeteneklerimizi s\u00fcrekli olarak geli\u015ftiriyoruz. Uzmanl\u0131\u011f\u0131m\u0131z, \u00f6zel hizmetler, profesyonel destek ve uluslararas\u0131 sertifikalar\u0131 da kapsayarak bizi hidrolik silindir sekt\u00f6r\u00fcnde g\u00fcvenilir bir ortak haline getiriyor.<\/p>\n<p><img decoding=\"async\" src=\"https:\/\/www.hydraulic-cylinders.net\/wp-content\/uploads\/2025\/04\/songte-company-4.webp\" alt=\"\u015eirkete Genel Bak\u0131\u015f 4\"><br \/>\n<img decoding=\"async\" src=\"https:\/\/www.hydraulic-cylinders.net\/wp-content\/uploads\/2025\/04\/songte-company-3.webp\" alt=\"\u015eirkete Genel Bak\u0131\u015f 3\"><\/p>\n<p>Yazar: lyl<\/p>","protected":false},"excerpt":{"rendered":"<p>Boom Cylinder For Caterpillar Middle Excavator E323DL\/323D2L Product Overview The Boom Cylinder is a crucial component in the hydraulic system of heavy machinery, specifically designed for Caterpillar excavators such as the E323DL and E323D2L. This hydraulic cylinder controls the movement of the boom, enabling various tasks such as lifting, lowering, and tilting. The operation of [&hellip;]<\/p>","protected":false},"featured_media":17868,"comment_status":"open","ping_status":"closed","template":"","meta":{"_et_pb_use_builder":"","_et_pb_old_content":"","_et_gb_content_width":""},"product_brand":[],"product_cat":[1546],"product_tag":[1547,1496],"class_list":{"0":"post-18956","1":"product","2":"type-product","3":"status-publish","4":"has-post-thumbnail","6":"product_cat-boom-cylinders","7":"product_tag-boom-cylinders","8":"product_tag-hydraulic-cylinders","10":"first","11":"instock","12":"shipping-taxable","13":"product-type-simple"},"amp_enabled":true,"_links":{"self":[{"href":"https:\/\/www.hydraulic-cylinders.net\/tr\/wp-json\/wp\/v2\/product\/18956","targetHints":{"allow":["GET"]}}],"collection":[{"href":"https:\/\/www.hydraulic-cylinders.net\/tr\/wp-json\/wp\/v2\/product"}],"about":[{"href":"https:\/\/www.hydraulic-cylinders.net\/tr\/wp-json\/wp\/v2\/types\/product"}],"replies":[{"embeddable":true,"href":"https:\/\/www.hydraulic-cylinders.net\/tr\/wp-json\/wp\/v2\/comments?post=18956"}],"wp:featuredmedia":[{"embeddable":true,"href":"https:\/\/www.hydraulic-cylinders.net\/tr\/wp-json\/wp\/v2\/media\/17868"}],"wp:attachment":[{"href":"https:\/\/www.hydraulic-cylinders.net\/tr\/wp-json\/wp\/v2\/media?parent=18956"}],"wp:term":[{"taxonomy":"product_brand","embeddable":true,"href":"https:\/\/www.hydraulic-cylinders.net\/tr\/wp-json\/wp\/v2\/product_brand?post=18956"},{"taxonomy":"product_cat","embeddable":true,"href":"https:\/\/www.hydraulic-cylinders.net\/tr\/wp-json\/wp\/v2\/product_cat?post=18956"},{"taxonomy":"product_tag","embeddable":true,"href":"https:\/\/www.hydraulic-cylinders.net\/tr\/wp-json\/wp\/v2\/product_tag?post=18956"}],"curies":[{"name":"wp","href":"https:\/\/api.w.org\/{rel}","templated":true}]}}