{"id":18958,"date":"2025-04-07T06:04:16","date_gmt":"2025-04-07T06:04:16","guid":{"rendered":"https:\/\/www.hydraulic-cylinders.net\/product\/boom-cylinder-for-caterpillar-large-excavator-e326dl\/"},"modified":"2025-04-07T06:04:19","modified_gmt":"2025-04-07T06:04:19","slug":"boom-cylinder-for-caterpillar-large-excavator-e326dl","status":"publish","type":"product","link":"https:\/\/www.hydraulic-cylinders.net\/tr\/urun\/boom-cylinder-for-caterpillar-large-excavator-e326dl\/","title":{"rendered":"Caterpillar E326DL B\u00fcy\u00fck Ekskavat\u00f6r \u0130\u00e7in Bom Silindiri"},"content":{"rendered":"<h1>Caterpillar E326DL B\u00fcy\u00fck Ekskavat\u00f6r \u0130\u00e7in Bom Silindiri<\/h1>\n<h2>Bom Silindirlerine Giri\u015f<\/h2>\n<p>Kep\u00e7e silindiri olarak da bilinen bom silindiri, ekskavat\u00f6rler, kaz\u0131c\u0131 y\u00fckleyiciler ve \u00f6n y\u00fckleyiciler de dahil olmak \u00fczere \u00e7e\u015fitli a\u011f\u0131r makinelerde kep\u00e7elerin hareketini kontrol etmek i\u00e7in tasarlanm\u0131\u015f \u00f6zel bir hidrolik silindirdir. Bu hayati bile\u015fen, kep\u00e7enin kalkmas\u0131n\u0131, al\u00e7almas\u0131n\u0131 ve e\u011filmesini sa\u011flayarak malzeme ta\u015f\u0131ma g\u00f6revleri i\u00e7in vazge\u00e7ilmezdir. Hidrolik sistemlerin verimlili\u011fi, bom silindirlerini in\u015faat ve tar\u0131m uygulamalar\u0131nda hayati \u00f6neme sahip k\u0131lar ve hareketlerin sorunsuz ve g\u00fc\u00e7l\u00fc olmas\u0131n\u0131 sa\u011flar.<\/p>\n<p><img decoding=\"async\" src=\"https:\/\/www.hydraulic-cylinders.net\/wp-content\/uploads\/2025\/04\/songte-company-1.webp\" alt=\"Ekskavat\u00f6r i\u00e7in Bom Silindiri\" \/><\/p>\n<h2>Bom Silindirinin Temel \u00d6zellikleri<\/h2>\n<ul>\n<li><strong>Y\u00fcksek Dayan\u0131kl\u0131l\u0131k ve Dayan\u0131kl\u0131l\u0131k:<\/strong> Genellikle y\u00fcksek mukavemetli \u00e7elik veya al\u00fcminyumdan \u00fcretilen bu silindirler, y\u00fcksek bas\u0131nca ve a\u011f\u0131r y\u00fcklere dayanacak \u015fekilde tasarlanm\u0131\u015ft\u0131r ve zorlu \u00e7al\u0131\u015fma ortamlar\u0131 i\u00e7in uygundur.<\/li>\n<li><strong>Verimli Hidrolik \u00c7al\u0131\u015fma:<\/strong> Hidrolik ya\u011f bas\u0131nc\u0131n\u0131 kullanarak sorunsuz uzatma ve geri \u00e7ekme hareketi sa\u011flayan bu sistemler, kontrol komutlar\u0131na h\u0131zl\u0131 yan\u0131t vererek a\u011f\u0131r malzemelerin ta\u015f\u0131nmas\u0131 i\u00e7in g\u00fc\u00e7l\u00fc itme ve \u00e7ekme kuvvetleri sunar.<\/li>\n<li><strong>\u00c7e\u015fitli T\u00fcrler:<\/strong> Tek y\u00f6nl\u00fc (hidrolik olarak tek y\u00f6nde \u00e7al\u0131\u015fan) veya \u00e7ift y\u00f6nl\u00fc (her iki y\u00f6nde \u00e7al\u0131\u015fan) silindirler halinde bulunan bu \u00fcr\u00fcnler, \u00e7e\u015fitli i\u015fletme ihtiya\u00e7lar\u0131n\u0131 kar\u015f\u0131lar. Baz\u0131 modellerde teleskopik tasar\u0131mlar bulunur ve bu sayede d\u0131\u015f boyutlar\u0131 art\u0131rmadan daha fazla uzama sa\u011flanabilir.<\/li>\n<li><strong>Kompakt Tasar\u0131m:<\/strong> Bu silindirlerin tasar\u0131m\u0131nda, performanslar\u0131ndan \u00f6d\u00fcn vermeden dar alanlara s\u0131\u011fmalar\u0131 sa\u011flanarak, s\u0131n\u0131rl\u0131 kullan\u0131m alanlar\u0131 i\u00e7in ideal hale getirilmi\u015ftir.<\/li>\n<li><strong>Korozyon Direnci:<\/strong> A\u015f\u0131nmaya ve korozyona dayan\u0131kl\u0131 malzemelerle tasarlanan bu silindirler, zorlu ortamlarda bile uzun \u00f6m\u00fcrl\u00fcl\u00fck sa\u011flar.<\/li>\n<\/ul>\n<h3>\u00dcretim Yeteneklerimiz<\/h3>\n<p>Piyasada bulunan hidrolik silindirlerin yerini m\u00fckemmel \u015fekilde alacak y\u00fcksek kaliteli bom silindirleri \u00fcretiyoruz.<\/p>\n<p><img decoding=\"async\" src=\"https:\/\/www.hydraulic-cylinders.net\/wp-content\/uploads\/2025\/04\/songte-cylinder-head-with-all-kinds-excavator-models.webp\" alt=\"Ekskavat\u00f6r Modelleri\" \/><\/p>\n<h2>Bom Silindirlerinin Uygulamalar\u0131<\/h2>\n<h3>\u0130n\u015faat Ekipmanlar\u0131<\/h3>\n<p>Ekskavat\u00f6rlerde, bom silindirleri topra\u011f\u0131 veya molozu kazma, y\u00fckleme ve ta\u015f\u0131ma i\u015flemlerinde hayati \u00f6neme sahiptir. Kep\u00e7enin zemine etkili bir \u015fekilde n\u00fcfuz etmesini sa\u011flayarak verimli kaz\u0131 yap\u0131lmas\u0131n\u0131 garanti ederler. Kaz\u0131c\u0131 y\u00fckleyicilerde ise bom silindirleri hem kazma hem de kald\u0131rma i\u015flemlerine yard\u0131mc\u0131 olarak onlar\u0131 \u015fantiyeler i\u00e7in \u00e7ok y\u00f6nl\u00fc ara\u00e7lar haline getirir.<\/p>\n<h3>Tar\u0131m Makinalar\u0131<\/h3>\n<p>\u00d6n y\u00fckleyicilerde kullan\u0131lan bom silindirleri, toprak, saman ve di\u011fer malzemelerin kaz\u0131nmas\u0131n\u0131, kald\u0131r\u0131lmas\u0131n\u0131 ve ta\u015f\u0131nmas\u0131n\u0131 kolayla\u015ft\u0131r\u0131r. G\u00fc\u00e7l\u00fc \u00e7al\u0131\u015fma prensipleri sayesinde \u00e7ift\u00e7iler, d\u00f6kme malzemeleri kolayl\u0131kla i\u015fleyerek tar\u0131msal i\u015flerde verimlili\u011fi art\u0131r\u0131rlar.<\/p>\n<h3>Ekskavat\u00f6rler<\/h3>\n<p>Kep\u00e7e silindiri, kep\u00e7enin topra\u011fa n\u00fcfuz etmesini sa\u011flayarak ekskavat\u00f6r\u00fcn kazma i\u015flemlerini ger\u00e7ekle\u015ftirmesine olanak tan\u0131r. Bu i\u015flev, in\u015faat ve peyzaj \u00e7al\u0131\u015fmalar\u0131 i\u00e7in hayati \u00f6neme sahiptir ve ekskavat\u00f6r\u00fc bu t\u00fcr ortamlarda \u00f6nemli bir makine haline getirir.<\/p>\n<h3>Y\u00fckleyiciler<\/h3>\n<p>\u00d6n y\u00fckleyicilerde, bom silindirleri y\u00fcklerin etkili bir \u015fekilde kald\u0131r\u0131lmas\u0131na ve bo\u015falt\u0131lmas\u0131na yard\u0131mc\u0131 olur. Sa\u011flad\u0131klar\u0131 \u00f6nemli kald\u0131rma g\u00fcc\u00fc, malzemelerin h\u0131zl\u0131 ve verimli bir \u015fekilde ta\u015f\u0131nmas\u0131n\u0131 sa\u011flayarak \u015fantiyelerdeki i\u015f ak\u0131\u015f\u0131n\u0131 iyile\u015ftirir.<\/p>\n<h2>Tasar\u0131m Hususlar\u0131 ve Se\u00e7im Kriterleri<\/h2>\n<ul>\n<li><strong>Y\u00fck Kapasitesi:<\/strong> Bom silindirinin y\u00fck ta\u015f\u0131ma kapasitesi kritik \u00f6neme sahiptir. Ta\u015f\u0131yaca\u011f\u0131 malzemelerin a\u011f\u0131rl\u0131\u011f\u0131n\u0131 destekleyebilmeli ve \u00e7al\u0131\u015fma s\u0131ras\u0131nda uygulanan kuvvetlere dayanabilmelidir. A\u015f\u0131r\u0131 y\u00fckleme silindir ar\u0131zas\u0131na yol a\u00e7abilir, bu nedenle \u00e7al\u0131\u015fma gereksinimlerini a\u015fan bir silindir se\u00e7mek \u00e7ok \u00f6nemlidir.<\/li>\n<li><strong>S\u0131zd\u0131rmazl\u0131k B\u00fct\u00fcnl\u00fc\u011f\u00fc:<\/strong> S\u0131zd\u0131rmazl\u0131k elemanlar\u0131, hidrolik bas\u0131nc\u0131n korunmas\u0131nda ve s\u0131z\u0131nt\u0131lar\u0131n \u00f6nlenmesinde hayati bir rol oynar. Kaliteli s\u0131zd\u0131rmazl\u0131k elemanlar\u0131 se\u00e7ilmeli ve \u00e7al\u0131\u015fma bas\u0131n\u00e7lar\u0131na ve s\u0131cakl\u0131klar\u0131na dayanabilecekleri garanti edilmelidir. Poli\u00fcretan veya nitril kau\u00e7uk gibi malzeme se\u00e7imi, s\u0131zd\u0131rmazl\u0131k elemanlar\u0131n\u0131n \u00f6mr\u00fcn\u00fc ve performans\u0131n\u0131 \u00f6nemli \u00f6l\u00e7\u00fcde etkileyebilir.<\/li>\n<li><strong>Dayan\u0131kl\u0131l\u0131k:<\/strong> Silindir, a\u015f\u0131nmaya ve korozyona dayan\u0131kl\u0131 malzemelerden \u00fcretilmelidir. Sert kaplamalar veya y\u00fczey i\u015flemleri, \u00f6zellikle a\u015f\u0131nd\u0131r\u0131c\u0131 ortamlarda dayan\u0131kl\u0131l\u0131\u011f\u0131 art\u0131rabilir. Bu, daha uzun bir kullan\u0131m \u00f6mr\u00fc sa\u011flayarak de\u011fi\u015ftirme ve onar\u0131m s\u0131kl\u0131\u011f\u0131n\u0131 azalt\u0131r.<\/li>\n<li><strong>G\u00fcvenlik \u00d6zellikleri:<\/strong> Hidrolik sistemlerde g\u00fcvenlik her \u015feyden \u00f6nemlidir. Tasar\u0131m, a\u015f\u0131r\u0131 bas\u0131n\u00e7 birikmesini \u00f6nleyen ve b\u00f6ylece t\u00fcm sistemi kazalara yol a\u00e7abilecek olas\u0131 ar\u0131zalardan koruyan bas\u0131n\u00e7 tahliye vanalar\u0131 gibi \u00f6zellikler i\u00e7ermelidir.<\/li>\n<li><strong>Bak\u0131m Eri\u015filebilirli\u011fi:<\/strong> Tasar\u0131m, kolay bak\u0131m ve onar\u0131ma olanak sa\u011flamal\u0131d\u0131r. Bu, muayene ve servis i\u00e7in yeterli eri\u015fim noktas\u0131 sa\u011flamay\u0131 ve silindirin en iyi \u00e7al\u0131\u015fma ko\u015fullar\u0131nda kalmas\u0131n\u0131 kolayla\u015ft\u0131rmay\u0131 i\u00e7erir.<\/li>\n<\/ul>\n<p><img decoding=\"async\" src=\"https:\/\/www.hydraulic-cylinders.net\/wp-content\/uploads\/2025\/04\/songte-oil-pipes-and-spare-parts.webp\" alt=\"Hidrolik Par\u00e7alar\" \/><\/p>\n<h2>Silindirin S\u0131zd\u0131rmazl\u0131\u011f\u0131 ve Ya\u011flanmas\u0131<\/h2>\n<p>Hidrolik silindirin b\u00fct\u00fcnl\u00fc\u011f\u00fc b\u00fcy\u00fck \u00f6l\u00e7\u00fcde etkili s\u0131zd\u0131rmazl\u0131k ve ya\u011flamaya ba\u011fl\u0131d\u0131r. Piston contalar\u0131 ve mil contalar\u0131 da dahil olmak \u00fczere \u00e7e\u015fitli s\u0131zd\u0131rmazl\u0131k bile\u015fenleri, silindir i\u00e7indeki bas\u0131nc\u0131 korumak i\u00e7in kullan\u0131l\u0131r. Contalar genellikle poli\u00fcretan ve nitril kau\u00e7uk gibi dayan\u0131kl\u0131 malzemelerden yap\u0131l\u0131r, a\u015f\u0131nmaya kar\u015f\u0131 diren\u00e7 sa\u011flar ve s\u0131k\u0131 bir s\u0131zd\u0131rmazl\u0131k garanti eder. Silindir g\u00f6vdesi ve di\u015fli u\u00e7 y\u00fczeyleri, a\u015f\u0131nma direncini art\u0131rmak i\u00e7in ince i\u015fleme tabi tutulur. Uygun hidrolik ya\u011f ile d\u00fczenli ya\u011flama, s\u00fcrt\u00fcnmeyi azaltmak, a\u015f\u0131nmay\u0131 \u00f6nlemek ve zaman i\u00e7inde optimum performans\u0131 korumak i\u00e7in \u015fartt\u0131r.<\/p>\n<h2>D\u00fczenli Muayene ve \u00d6nleyici Bak\u0131m<\/h2>\n<ul>\n<li><strong>D\u00fczenli Denetimler:<\/strong> A\u015f\u0131nma veya s\u0131z\u0131nt\u0131 belirtilerini tespit etmek i\u00e7in d\u00fczenli kontroller yap\u0131n. Ya\u011f s\u0131z\u0131nt\u0131s\u0131 gibi sorunlar\u0131n erken tespiti, daha sonra daha b\u00fcy\u00fck onar\u0131mlar\u0131n \u00f6n\u00fcne ge\u00e7ebilir.<\/li>\n<li><strong>Uygun Ya\u011flama:<\/strong> Contalar\u0131n ve hareketli par\u00e7alar\u0131n yeterince ya\u011flanmas\u0131n\u0131 sa\u011flamak, s\u00fcrt\u00fcnmeyi ve a\u015f\u0131nmay\u0131 azaltmak i\u00e7in d\u00fczenli bir ya\u011flama program\u0131 uygulay\u0131n.<\/li>\n<li><strong>Conta De\u011fi\u015fimi:<\/strong> Contalar\u0131n durumunu d\u00fczenli olarak de\u011ferlendirin ve gerekti\u011finde de\u011fi\u015ftirin. A\u015f\u0131nm\u0131\u015f contalar verimlili\u011fin azalmas\u0131na ve i\u015fletme maliyetlerinin artmas\u0131na neden olabilir.<\/li>\n<\/ul>\n<h2>Kurulum Talimatlar\u0131<\/h2>\n<p>Bom silindirinin do\u011fru montaj\u0131, optimum performans i\u00e7in \u00e7ok \u00f6nemlidir. \u00d6ncelikle silindirin makine \u00fczerindeki montaj noktalar\u0131yla do\u011fru \u015fekilde hizaland\u0131\u011f\u0131ndan emin olun. Silindiri sa\u011flam bir \u015fekilde yerine sabitlemek i\u00e7in uygun montaj braketleri kullan\u0131n. \u00c7al\u0131\u015fma s\u0131ras\u0131nda herhangi bir hareketi \u00f6nlemek i\u00e7in t\u00fcm c\u0131vatalar\u0131n \u00fcreticinin spesifikasyonlar\u0131na g\u00f6re s\u0131k\u0131lmas\u0131 \u00e7ok \u00f6nemlidir. Montajdan sonra, herhangi bir hizalama hatas\u0131 olup olmad\u0131\u011f\u0131n\u0131 kontrol edin ve buna g\u00f6re ayarlay\u0131n. Ayr\u0131ca, s\u0131z\u0131nt\u0131lar\u0131 \u00f6nlemek i\u00e7in hidrolik hortumlar\u0131n do\u011fru \u015fekilde ba\u011fland\u0131\u011f\u0131ndan emin olun. Son olarak, her \u015feyin sorunsuz \u00e7al\u0131\u015ft\u0131\u011f\u0131ndan emin olmak i\u00e7in silindirin performans\u0131n\u0131 g\u00f6zlemleyerek hidrolik sistemi test edin.<\/p>\n<h2>Yayg\u0131n Bak\u0131m G\u00f6revleri<\/h2>\n<ul>\n<li><strong>D\u00fczenli Denetimler:<\/strong> S\u0131k kontroller, s\u0131z\u0131nt\u0131lar\u0131 veya a\u015f\u0131nma belirtilerini erken tespit etmeye yard\u0131mc\u0131 olarak, silindirin \u00f6mr\u00fcn\u00fc uzatan zaman\u0131nda onar\u0131mlar yap\u0131lmas\u0131n\u0131 sa\u011flar. \u00d6zellikle contalara ve mile herhangi bir hasar olup olmad\u0131\u011f\u0131na dikkat edin.<\/li>\n<li><strong>Uygun Ya\u011flama:<\/strong> Hidrolik ya\u011f seviyelerinin yeterli oldu\u011fundan ve ya\u011flama noktalar\u0131n\u0131n d\u00fczenli olarak bak\u0131m\u0131n\u0131n yap\u0131ld\u0131\u011f\u0131ndan emin olmak \u00e7ok \u00f6nemlidir. Sistem verimlili\u011fini korumak ve a\u015f\u0131nmay\u0131 azaltmak i\u00e7in \u00f6nerilen hidrolik s\u0131v\u0131lar\u0131 kullan\u0131n.<\/li>\n<li><strong>Conta De\u011fi\u015fimi ve Kalibrasyon Kontrolleri:<\/strong> Contalar\u0131n d\u00fczenli olarak de\u011fi\u015ftirilmesi, ya\u011f s\u0131z\u0131nt\u0131lar\u0131n\u0131 \u00f6nleyebilir ve sistemin bas\u0131nc\u0131n\u0131 koruyabilir. Ayr\u0131ca, silindirin gerekli \u00f6zellikler dahilinde \u00e7al\u0131\u015ft\u0131\u011f\u0131ndan emin olmak i\u00e7in kalibrasyon kontrolleri yap\u0131lmal\u0131d\u0131r.<\/li>\n<\/ul>\n<p><img decoding=\"async\" src=\"https:\/\/www.hydraulic-cylinders.net\/wp-content\/uploads\/2025\/04\/songte-chushion-collar.webp\" alt=\"Yast\u0131k Yaka\" \/><\/p>\n<h2>G\u00fcvenlik Hususlar\u0131 ve \u00c7evresel Fakt\u00f6rler<\/h2>\n<p>Hidrolik sistemlerin kullan\u0131m\u0131nda g\u00fcvenlik \u00f6nlemleri son derece \u00f6nemlidir. Operat\u00f6rler, ani hareketler veya ar\u0131zalar gibi hidrolik ekipmanlarla ili\u015fkili potansiyel tehlikeleri tan\u0131mak \u00fczere e\u011fitilmelidir. Koruyucu ekipman kullan\u0131m\u0131 ve \u00e7al\u0131\u015fma alanlar\u0131n\u0131n engellerden ar\u0131nd\u0131r\u0131lmas\u0131 gibi g\u00fcvenlik protokollerinin uygulanmas\u0131 riskleri en aza indirebilir. Ayr\u0131ca, hidrolik s\u0131v\u0131lar\u0131n \u00e7evresel etkisini de g\u00f6z \u00f6n\u00fcnde bulundurun. Ekolojik ayak izini azaltmak i\u00e7in m\u00fcmk\u00fcn oldu\u011funca biyolojik olarak par\u00e7alanabilir ya\u011flar\u0131 tercih edin ve bak\u0131m s\u0131ras\u0131nda olu\u015fan at\u0131klar i\u00e7in uygun bertaraf y\u00f6ntemlerini sa\u011flay\u0131n.<\/p>\n<h2>Sorun Giderme ve Yayg\u0131n Sorunlar<\/h2>\n<ul>\n<li><strong>S\u0131z\u0131nt\u0131:<\/strong> Hidrolik silindirlerde en s\u0131k kar\u015f\u0131la\u015f\u0131lan sorunlardan biri s\u0131z\u0131nt\u0131d\u0131r. Hasarl\u0131 contalar\u0131 veya gev\u015fek ba\u011flant\u0131lar\u0131 kontrol edin ve bu sorunu \u00e7\u00f6zmek i\u00e7in gerekti\u011finde contalar\u0131 de\u011fi\u015ftirin.<\/li>\n<li><strong>Yava\u015f \u00c7al\u0131\u015fma:<\/strong> Silindir yava\u015f \u00e7al\u0131\u015f\u0131yorsa, hidrolik s\u0131v\u0131 seviyelerini kontrol edin ve sistemde herhangi bir t\u0131kan\u0131kl\u0131k olmad\u0131\u011f\u0131ndan emin olun. Sistemdeki hava da yava\u015f harekete neden olabilir; sistemin havas\u0131n\u0131n al\u0131nmas\u0131 gerekebilir.<\/li>\n<li><strong>Beklenmedik Hareket:<\/strong> Bu durum, contalarda bir ar\u0131za veya kontrol vanas\u0131nda bir sorun oldu\u011funu g\u00f6sterebilir. Contalar\u0131 hasar a\u00e7\u0131s\u0131ndan inceleyin ve kontrol sistemlerinin do\u011fru \u00e7al\u0131\u015ft\u0131\u011f\u0131ndan emin olun.<\/li>\n<\/ul>\n<p>Sorunlar\u0131 etkili bir \u015fekilde te\u015fhis etmek ve \u00e7\u00f6zmek i\u00e7in operat\u00f6rler, kar\u015f\u0131la\u015f\u0131lan sorunlar\u0131 ve uygulanan \u00e7\u00f6z\u00fcmleri not eden ayr\u0131nt\u0131l\u0131 bir bak\u0131m g\u00fcnl\u00fc\u011f\u00fc tutmal\u0131d\u0131r. \u00d6nlem almak \u00e7ok \u00f6nemlidir; d\u00fczenli bak\u0131m kontrolleri, sorunlar\u0131n tekrar etme olas\u0131l\u0131\u011f\u0131n\u0131 b\u00fcy\u00fck \u00f6l\u00e7\u00fcde azaltabilir.<\/p>\n<p><img decoding=\"async\" src=\"https:\/\/www.hydraulic-cylinders.net\/wp-content\/uploads\/2025\/04\/songte-bushings-with-all-kinds-of-excavator-models.webp\" alt=\"Ekskavat\u00f6rler i\u00e7in Bur\u00e7lar\" \/><\/p>\n<h2>\u015eirket Genel Bak\u0131\u015f\u0131<\/h2>\n<p>\u00d6nde gelen yedek hidrolik silindir \u00fcreticisi olarak, hem yerel hem de uluslararas\u0131 pazarlara hitap eden geni\u015f bir \u00fcr\u00fcn yelpazesi sunuyoruz. M\u00fckemmelli\u011fe olan ba\u011fl\u0131l\u0131\u011f\u0131m\u0131z, geli\u015fmi\u015f bir \u00fcretim y\u00f6netim stratejisiyle desteklenen y\u00fcksek kalite standartlar\u0131na uymam\u0131z\u0131 sa\u011fl\u0131yor. \u00dcretim kapasitemizi art\u0131rmak i\u00e7in ileri teknolojiden ve yetenekli personelden yararlanarak, m\u00fc\u015fterilerimizin \u00e7e\u015fitli ihtiya\u00e7lar\u0131n\u0131 verimli ve etkili bir \u015fekilde kar\u015f\u0131l\u0131yoruz.<\/p>\n<h3>Uzmanl\u0131k Alanlar\u0131m\u0131z<\/h3>\n<ul>\n<li><strong>Mesleki Uzmanl\u0131k:<\/strong> Ekibimiz, hidrolik sistemler konusunda geni\u015f bilgiye sahip, son derece yetenekli profesyonellerden olu\u015fmaktad\u0131r ve bu sayede m\u00fc\u015fterilerimize en iyi \u00e7\u00f6z\u00fcmleri sunmay\u0131 garanti ediyoruz.<\/li>\n<li><strong>Uluslararas\u0131 Sertifikalar:<\/strong> \u00dcr\u00fcnlerimizin kalitesini ve g\u00fcvenilirli\u011fini teyit eden \u00e7e\u015fitli uluslararas\u0131 sertifikalara sahibiz.<\/li>\n<li><strong>\u00d6zel \u00c7\u00f6z\u00fcmler:<\/strong> M\u00fc\u015fterilerimizin \u00f6zel ihtiya\u00e7lar\u0131n\u0131 kar\u015f\u0131lamak \u00fczere \u00f6zel \u00fcretim hizmetleri sunuyoruz ve her \u00fcr\u00fcn\u00fcn onlar\u0131n gereksinimlerine g\u00f6re uyarlanmas\u0131n\u0131 sa\u011fl\u0131yoruz.<\/li>\n<li><strong>Geli\u015fmi\u015f \u00dcretim Ekipmanlar\u0131:<\/strong> Son teknoloji \u00fcr\u00fcn\u00fc \u00fcretim makinelerimiz, \u00fcretim s\u00fcre\u00e7lerimizde y\u00fcksek hassasiyet ve verimlili\u011fi korumam\u0131z\u0131 sa\u011fl\u0131yor.<\/li>\n<li><strong>Kapsaml\u0131 Sat\u0131\u015f Sonras\u0131 Hizmet:<\/strong> M\u00fc\u015fterilerimizin sat\u0131n al\u0131mlar\u0131ndan memnun kalmalar\u0131n\u0131 ve ihtiya\u00e7 duyduklar\u0131 her an yard\u0131m almalar\u0131n\u0131 sa\u011flamak i\u00e7in g\u00fc\u00e7l\u00fc sat\u0131\u015f sonras\u0131 destek hizmeti sunuyoruz.<\/li>\n<\/ul>\n<p><img decoding=\"async\" src=\"https:\/\/www.hydraulic-cylinders.net\/wp-content\/uploads\/2025\/04\/songte-company-4.webp\" alt=\"\u015eirket Genel Bak\u0131\u015f\u0131 1\" \/><br \/>\n<img decoding=\"async\" src=\"https:\/\/www.hydraulic-cylinders.net\/wp-content\/uploads\/2025\/04\/songte-company-3.webp\" alt=\"\u015eirket Genel Bak\u0131\u015f\u0131 2\" \/><\/p>\n<p>Yazar: lyl<\/p>","protected":false},"excerpt":{"rendered":"<p>Boom Cylinder For Caterpillar Large Excavator E326DL Introduction to Boom Cylinders The boom cylinder, also known as the bucket cylinder, is a specialized hydraulic cylinder designed to control the movement of buckets in various heavy machinery, including excavators, backhoe loaders, and front loaders. This crucial component allows the bucket to lift, lower, and tilt, making [&hellip;]<\/p>","protected":false},"featured_media":17870,"comment_status":"open","ping_status":"closed","template":"","meta":{"_et_pb_use_builder":"","_et_pb_old_content":"","_et_gb_content_width":""},"product_brand":[],"product_cat":[1546],"product_tag":[1547,1496],"class_list":{"0":"post-18958","1":"product","2":"type-product","3":"status-publish","4":"has-post-thumbnail","6":"product_cat-boom-cylinders","7":"product_tag-boom-cylinders","8":"product_tag-hydraulic-cylinders","10":"first","11":"instock","12":"shipping-taxable","13":"product-type-simple"},"amp_enabled":true,"_links":{"self":[{"href":"https:\/\/www.hydraulic-cylinders.net\/tr\/wp-json\/wp\/v2\/product\/18958","targetHints":{"allow":["GET"]}}],"collection":[{"href":"https:\/\/www.hydraulic-cylinders.net\/tr\/wp-json\/wp\/v2\/product"}],"about":[{"href":"https:\/\/www.hydraulic-cylinders.net\/tr\/wp-json\/wp\/v2\/types\/product"}],"replies":[{"embeddable":true,"href":"https:\/\/www.hydraulic-cylinders.net\/tr\/wp-json\/wp\/v2\/comments?post=18958"}],"wp:featuredmedia":[{"embeddable":true,"href":"https:\/\/www.hydraulic-cylinders.net\/tr\/wp-json\/wp\/v2\/media\/17870"}],"wp:attachment":[{"href":"https:\/\/www.hydraulic-cylinders.net\/tr\/wp-json\/wp\/v2\/media?parent=18958"}],"wp:term":[{"taxonomy":"product_brand","embeddable":true,"href":"https:\/\/www.hydraulic-cylinders.net\/tr\/wp-json\/wp\/v2\/product_brand?post=18958"},{"taxonomy":"product_cat","embeddable":true,"href":"https:\/\/www.hydraulic-cylinders.net\/tr\/wp-json\/wp\/v2\/product_cat?post=18958"},{"taxonomy":"product_tag","embeddable":true,"href":"https:\/\/www.hydraulic-cylinders.net\/tr\/wp-json\/wp\/v2\/product_tag?post=18958"}],"curies":[{"name":"wp","href":"https:\/\/api.w.org\/{rel}","templated":true}]}}