{"id":18959,"date":"2025-04-07T06:04:19","date_gmt":"2025-04-07T06:04:19","guid":{"rendered":"https:\/\/www.hydraulic-cylinders.net\/product\/boom-cylinder-for-caterpillar-large-excavator-e329dzl\/"},"modified":"2025-04-07T06:04:21","modified_gmt":"2025-04-07T06:04:21","slug":"boom-cylinder-for-caterpillar-large-excavator-e329dzl","status":"publish","type":"product","link":"https:\/\/www.hydraulic-cylinders.net\/tr\/urun\/boom-cylinder-for-caterpillar-large-excavator-e329dzl\/","title":{"rendered":"Caterpillar E329DZL B\u00fcy\u00fck Ekskavat\u00f6r \u0130\u00e7in Bom Silindiri"},"content":{"rendered":"<h1>Caterpillar E329DZL B\u00fcy\u00fck Ekskavat\u00f6r \u0130\u00e7in Bom Silindiri<\/h1>\n<h2>Bom Silindirine Giri\u015f<\/h2>\n<p>Bom silindiri, \u00f6zellikle ekskavat\u00f6rlerde, kaz\u0131c\u0131 makinelerde ve \u00f6n y\u00fckleyicilerde kep\u00e7enin hareketini kontrol etmek i\u00e7in tasarlanm\u0131\u015f, a\u011f\u0131r makinelerde hayati bir bile\u015fendir. Bu hidrolik silindir, kep\u00e7enin kalkmas\u0131n\u0131, al\u00e7almas\u0131n\u0131 ve e\u011filmesini sa\u011flayarak \u00e7e\u015fitli malzeme ta\u015f\u0131ma g\u00f6revlerini kolayla\u015ft\u0131r\u0131r. Bom silindiri, hareketi \u00fcretmek i\u00e7in s\u0131v\u0131 bas\u0131nc\u0131n\u0131 kullanan bir hidrolik sistem i\u00e7inde \u00e7al\u0131\u015f\u0131r. Sa\u011flam tasar\u0131m\u0131, zorlu ortamlarda g\u00fcvenilirlik ve verimlilik sa\u011flar ve bu da onu in\u015faat ve tar\u0131m uygulamalar\u0131 i\u00e7in vazge\u00e7ilmez k\u0131lar.<\/p>\n<p><img decoding=\"async\" src=\"https:\/\/www.hydraulic-cylinders.net\/wp-content\/uploads\/2025\/04\/songte-company-1.webp\" alt=\"Bom Silindiri\" \/><\/p>\n<h2>Bom Silindirinin Temel \u00d6zellikleri<\/h2>\n<ul>\n<li><strong>Y\u00fcksek Dayan\u0131kl\u0131l\u0131k ve Dayan\u0131kl\u0131l\u0131k:<\/strong> Y\u00fcksek mukavemetli \u00e7elik veya al\u00fcminyumdan \u00fcretilen bom silindiri, y\u00fcksek bas\u0131nca ve a\u011f\u0131r y\u00fcklere dayanabilir, bu da onu zorlu \u00e7al\u0131\u015fma ko\u015fullar\u0131 i\u00e7in uygun hale getirir.<\/li>\n<li><strong>Verimli Hidrolik \u00c7al\u0131\u015fma:<\/strong> Hidrolik ya\u011f bas\u0131nc\u0131n\u0131 kullanarak d\u00fczg\u00fcn bir \u015fekilde uzama ve geri \u00e7ekilme sa\u011flar, kontrol komutlar\u0131na h\u0131zl\u0131 yan\u0131t verir ve \u00f6nemli bir itme ve \u00e7ekme kuvveti sunar.<\/li>\n<li><strong>T\u00fcr \u00c7e\u015fitlili\u011fi:<\/strong> Farkl\u0131 operasyonel ihtiya\u00e7lar\u0131 kar\u015f\u0131lamak \u00fczere tek etkili (tek y\u00f6nde hidrolik hareket) ve \u00e7ift etkili (iki y\u00f6nde hidrolik hareket) konfig\u00fcrasyonlarda bulunan baz\u0131 modeller teleskopiktir ve d\u0131\u015f boyutlar\u0131 art\u0131rmadan daha fazla uzama imkan\u0131 sa\u011flar.<\/li>\n<\/ul>\n<h2>\u00dcretim Yeteneklerimiz<\/h2>\n<p>\u00c7e\u015fitli modeller i\u00e7in m\u00fckemmel yedek par\u00e7alar sunan bu hidrolik silindirlerin \u00fcretiminde uzmanla\u015fm\u0131\u015f durumday\u0131z.<\/p>\n<p><img decoding=\"async\" src=\"https:\/\/www.hydraulic-cylinders.net\/wp-content\/uploads\/2025\/04\/songte-cylinder-head-with-all-kinds-excavator-models.webp\" alt=\"Hidrolik Silindir Modelleri\" \/><\/p>\n<h2>Bom Silindirinin Uygulamalar\u0131<\/h2>\n<h3>\u0130n\u015faat Ekipmanlar\u0131<\/h3>\n<p>Ekskavat\u00f6rlerde, bom silindiri topra\u011f\u0131 veya molozu kazma, y\u00fckleme ve ta\u015f\u0131ma i\u015flemlerinde \u00f6nemli bir rol oynar. Kep\u00e7enin zemine etkili bir \u015fekilde n\u00fcfuz etmesi i\u00e7in gerekli kuvveti sa\u011flar ve verimli kaz\u0131 s\u00fcre\u00e7lerini garanti eder. Kaz\u0131c\u0131 makinelerde ise kep\u00e7e silindiri hem kazma hem de kald\u0131rma i\u015flemlerine yard\u0131mc\u0131 olarak in\u015faat sahalar\u0131ndaki genel verimlili\u011fi art\u0131r\u0131r.<\/p>\n<h3>Tar\u0131m Makinalar\u0131<\/h3>\n<p>\u00d6n y\u00fckleyicilerde, bom silindiri toprak, saman ve di\u011fer malzemelerin kep\u00e7elenmesi, kald\u0131r\u0131lmas\u0131 ve ta\u015f\u0131nmas\u0131 i\u00e7in hayati \u00f6neme sahiptir. Bu i\u015flevsellik, \u00e7ift\u00e7ilerin kaynaklar\u0131 verimli bir \u015fekilde y\u00f6netmelerini ve kamyon y\u00fcklemesinden tarlalara malzeme yaymaya kadar \u00e7e\u015fitli tar\u0131msal i\u015fleri kolayla\u015ft\u0131rmalar\u0131n\u0131 sa\u011flar.<\/p>\n<h3>Ekskavat\u00f6rler<\/h3>\n<p>Bom silindiri, kep\u00e7enin topra\u011fa n\u00fcfuz etmesini sa\u011flayarak ekskavat\u00f6rlerin kazma i\u015flemlerini ger\u00e7ekle\u015ftirmesine olanak tan\u0131r. Hidrolik g\u00fcc\u00fc, hassas hareketlerin ger\u00e7ekle\u015ftirilmesi i\u00e7in hayati \u00f6neme sahiptir ve hendek veya temel kazarken optimum performans sa\u011flar.<\/p>\n<h3>Y\u00fckleyiciler<\/h3>\n<p>\u00d6n y\u00fckleyicilerde, bom silindirleri y\u00fcklerin etkili bir \u015fekilde kald\u0131r\u0131lmas\u0131na ve bo\u015falt\u0131lmas\u0131na yard\u0131mc\u0131 olur. A\u011f\u0131r y\u00fckleri y\u00f6netmek i\u00e7in gerekli hidrolik g\u00fcc\u00fc sa\u011flayarak i\u015flemleri h\u0131zland\u0131r\u0131r ve manuel i\u015f g\u00fcc\u00fcn\u00fc azalt\u0131r.<\/p>\n<h2>Tasar\u0131m Hususlar\u0131 ve Se\u00e7im Kriterleri<\/h2>\n<h3>Y\u00fck Kapasitesi<\/h3>\n<p>Bom silindiri se\u00e7erken y\u00fck ta\u015f\u0131ma kapasitesi son derece \u00f6nemlidir. Kald\u0131rmas\u0131 gereken maksimum a\u011f\u0131rl\u0131\u011fa dayanabilmeli ve \u00e7al\u0131\u015fma s\u0131ras\u0131nda g\u00fcvenlik ve g\u00fcvenilirlik sa\u011flamal\u0131d\u0131r. Gerekli y\u00fck ta\u015f\u0131ma kapasitesinin hesaplanmas\u0131, ta\u015f\u0131nacak malzemenin t\u00fcr\u00fcn\u00fc, makinenin toplam a\u011f\u0131rl\u0131\u011f\u0131n\u0131 ve \u00e7evresel ko\u015fullar\u0131 dikkate almay\u0131 gerektirir. \u0130yi tasarlanm\u0131\u015f bir silindir, yap\u0131sal b\u00fct\u00fcnl\u00fc\u011f\u00fcnden \u00f6d\u00fcn vermeden daha y\u00fcksek bir y\u00fck ta\u015f\u0131ma kapasitesine sahip olacakt\u0131r.<\/p>\n<h3>S\u0131zd\u0131rmazl\u0131k ve Dayan\u0131kl\u0131l\u0131k<\/h3>\n<p>Hidrolik silindirlerin uzun \u00f6m\u00fcrl\u00fc olmas\u0131 i\u00e7in etkili s\u0131zd\u0131rmazl\u0131k \u00e7ok \u00f6nemlidir. Y\u00fcksek kaliteli contalar, s\u0131v\u0131 s\u0131z\u0131nt\u0131s\u0131n\u0131 ve kirlenmeyi \u00f6nleyerek optimum performans sa\u011flar. Poli\u00fcretan veya nitril kau\u00e7uk gibi s\u0131zd\u0131rmazl\u0131k malzemelerinin se\u00e7imi \u00f6nemlidir, \u00e7\u00fcnk\u00fc bas\u0131n\u00e7 alt\u0131nda b\u00fct\u00fcnl\u00fcklerini korurken a\u015f\u0131nmaya ve y\u0131pranmaya kar\u015f\u0131 dayan\u0131kl\u0131 olmalar\u0131 gerekir. Ayr\u0131ca, silindirin tasar\u0131m\u0131, bak\u0131m kolayl\u0131\u011f\u0131 i\u00e7in conta de\u011fi\u015fimine olanak sa\u011flamal\u0131d\u0131r.<\/p>\n<h3>G\u00fcvenlik ve Bak\u0131m<\/h3>\n<p>Bom silindirlerinin tasar\u0131m\u0131na g\u00fcvenlik \u00f6zellikleri entegre edilmelidir. Bunlar aras\u0131nda a\u015f\u0131r\u0131 y\u00fcklenmeyi \u00f6nlemek i\u00e7in bas\u0131n\u00e7 tahliye vanalar\u0131 ve silindirin a\u015f\u0131r\u0131 ko\u015fullar alt\u0131nda bile \u00e7al\u0131\u015f\u0131r durumda kalmas\u0131n\u0131 sa\u011flayan mekanizmalar yer alabilir. A\u015f\u0131nma ve y\u0131pranmay\u0131 erken tespit etmek ve silindirin kullan\u0131m \u00f6mr\u00fc boyunca g\u00fcvenli bir \u015fekilde \u00e7al\u0131\u015fmas\u0131n\u0131 sa\u011flamak i\u00e7in d\u00fczenli bak\u0131m kontrolleri \u015fartt\u0131r.<\/p>\n<p><img decoding=\"async\" src=\"https:\/\/www.hydraulic-cylinders.net\/wp-content\/uploads\/2025\/04\/songte-oil-pipes-and-spare-parts.webp\" alt=\"Petrol Borular\u0131 ve Yedek Par\u00e7alar\u0131\" \/><\/p>\n<h2>S\u0131zd\u0131rmazl\u0131k ve Ya\u011flama<\/h2>\n<p>Hidrolik silindirlerin verimli \u00e7al\u0131\u015fmas\u0131 i\u00e7in uygun s\u0131zd\u0131rmazl\u0131k ve ya\u011flama hayati \u00f6nem ta\u015f\u0131r. Piston contalar\u0131 ve mil contalar\u0131 gibi \u00e7e\u015fitli contalar, hidrolik s\u0131v\u0131n\u0131n silindir i\u00e7inde kalmas\u0131n\u0131 sa\u011flamak i\u00e7in kullan\u0131l\u0131r. Poli\u00fcretan veya nitril kau\u00e7uk gibi dayan\u0131kl\u0131 malzemelerden yap\u0131lm\u0131\u015f contalar\u0131n se\u00e7ilmesi, kullan\u0131m \u00f6mr\u00fcn\u00fc uzatabilir. Silindir g\u00f6vdesi ve di\u015fli u\u00e7lar, a\u015f\u0131nma direncini art\u0131rmak i\u00e7in hassas i\u015fleme tabi tutulur. Ayr\u0131ca, ya\u011flamay\u0131 korumak ve s\u00fcrt\u00fcnmeden kaynaklanan hasar\u0131 \u00f6nlemek i\u00e7in sisteme d\u00fczenli olarak uygun hidrolik ya\u011f doldurulmas\u0131 da \u00f6nemlidir.<\/p>\n<h2>D\u00fczenli Muayene ve \u00d6nleyici Bak\u0131m<\/h2>\n<ul>\n<li><strong>Planl\u0131 Denetimler:<\/strong> Silindir ve contalarda a\u015f\u0131nma veya hasar belirtileri olup olmad\u0131\u011f\u0131n\u0131 d\u00fczenli olarak kontrol edin. \u00c7al\u0131\u015fma s\u0131ras\u0131nda s\u0131z\u0131nt\u0131 veya ola\u011fand\u0131\u015f\u0131 sesler olup olmad\u0131\u011f\u0131n\u0131 inceleyin; bunlar altta yatan bir soruna i\u015faret edebilir.<\/li>\n<li><strong>Uygun Ya\u011flama:<\/strong> Hidrolik ya\u011f seviyelerinin yeterli oldu\u011fundan ve en iyi performans\u0131 elde etmek i\u00e7in do\u011fru ya\u011f t\u00fcr\u00fcn\u00fcn kullan\u0131ld\u0131\u011f\u0131ndan emin olun. Bu, bile\u015fenlerdeki s\u00fcrt\u00fcnmeyi ve a\u015f\u0131nmay\u0131 azaltmaya yard\u0131mc\u0131 olur.<\/li>\n<li><strong>Conta De\u011fi\u015fimi:<\/strong> S\u0131z\u0131nt\u0131lar\u0131 \u00f6nlemek ve hidrolik verimlili\u011fi korumak i\u00e7in contalar\u0131n durumunu izleyin ve gerekti\u011finde de\u011fi\u015ftirin.<\/li>\n<\/ul>\n<h2>Kurulum Talimatlar\u0131<\/h2>\n<p>Bom silindirinin do\u011fru montaj\u0131, etkili \u00e7al\u0131\u015fmas\u0131 i\u00e7in \u00e7ok \u00f6nemlidir. Yanl\u0131\u015f hizalamay\u0131 \u00f6nlemek ve erken a\u015f\u0131nmay\u0131 engellemek i\u00e7in \u00f6ncelikle silindiri do\u011fru \u015fekilde hizalayarak ba\u015flay\u0131n. Silindiri sabitlemek i\u00e7in uygun montaj braketleri kullan\u0131n ve \u00e7al\u0131\u015fma s\u0131ras\u0131nda stabil ve titre\u015fimsiz oldu\u011fundan emin olun. Montaj s\u0131ras\u0131nda, tork ayarlar\u0131 ve hidrolik ba\u011flant\u0131larla ilgili olarak \u00fcreticinin spesifikasyonlar\u0131na uymaya dikkat edin. Montajdan sonra, s\u0131z\u0131nt\u0131 olmad\u0131\u011f\u0131ndan ve sistemin ama\u00e7land\u0131\u011f\u0131 gibi \u00e7al\u0131\u015ft\u0131\u011f\u0131ndan emin olmak i\u00e7in bir bas\u0131n\u00e7 testi yap\u0131n. Bu a\u015famada yap\u0131lacak do\u011fru ayarlamalar ve kalibrasyonlar, silindirin \u00f6mr\u00fcn\u00fc ve performans\u0131n\u0131 \u00f6nemli \u00f6l\u00e7\u00fcde uzatabilir.<\/p>\n<p><img decoding=\"async\" src=\"https:\/\/www.hydraulic-cylinders.net\/wp-content\/uploads\/2025\/04\/songte-chushion-collar.webp\" alt=\"Yast\u0131k Yaka\" \/><\/p>\n<h2>G\u00fcvenlik Hususlar\u0131 ve \u00c7evresel Fakt\u00f6rler<\/h2>\n<p>Hidrolik silindirlerle \u00e7al\u0131\u015f\u0131rken g\u00fcvenlik \u00f6nlemlerinin uygulanmas\u0131 son derece \u00f6nemlidir. Operat\u00f6rler g\u00fcvenli kullan\u0131m uygulamalar\u0131 konusunda e\u011fitilmeli ve uygun ki\u015fisel koruyucu ekipman (KKD) kullan\u0131m\u0131n\u0131n \u00f6nemini anlamal\u0131d\u0131r. Ayr\u0131ca, \u00e7evresel fakt\u00f6rler de dikkate al\u0131nmal\u0131d\u0131r; d\u00fczenli bak\u0131m ve hidrolik s\u0131v\u0131lar\u0131n do\u011fru \u015fekilde bertaraf edilmesi, \u00e7evresel etkiyi en aza indirmek ve d\u00fczenlemelere uyumu sa\u011flamak i\u00e7in \u015fartt\u0131r.<\/p>\n<h2>Yayg\u0131n Sorunlar\u0131n Giderilmesi<\/h2>\n<ul>\n<li><strong>S\u0131z\u0131nt\u0131:<\/strong> Silindirden hidrolik s\u0131v\u0131s\u0131 s\u0131z\u0131yorsa, contalar\u0131 a\u015f\u0131nma veya hasar a\u00e7\u0131s\u0131ndan kontrol edin ve gerekirse de\u011fi\u015ftirin.<\/li>\n<li><strong>D\u00fc\u015f\u00fck Performans:<\/strong> Kald\u0131rma g\u00fcc\u00fcndeki azalma, hidrolik s\u0131v\u0131 seviyesinin d\u00fc\u015f\u00fck oldu\u011funu veya sistemde kirlenme oldu\u011funu g\u00f6sterebilir. D\u00fczenli s\u0131v\u0131 kontrol\u00fc ve de\u011fi\u015fimi \u00f6nerilir.<\/li>\n<li><strong>Al\u0131\u015f\u0131lmad\u0131k Sesler:<\/strong> \u00c7al\u0131\u015fma s\u0131ras\u0131nda g\u0131c\u0131rdama veya t\u0131k\u0131rt\u0131 sesleri, i\u00e7 hasar veya hizalama sorununa i\u015faret edebilir. Daha fazla komplikasyonu \u00f6nlemek i\u00e7in derhal kontrol edilmesi gerekir.<\/li>\n<\/ul>\n<h2>Sorun Giderme \u0130pu\u00e7lar\u0131<\/h2>\n<p>Sorunlar\u0131 etkili bir \u015fekilde te\u015fhis etmek ve \u00e7\u00f6zmek i\u00e7in operat\u00f6rler, herhangi bir d\u00fczensizli\u011fi belgeleyen ayr\u0131nt\u0131l\u0131 bir servis kayd\u0131 tutmal\u0131d\u0131r. D\u00fczenli olarak planlanan bak\u0131m, potansiyel sorunlar\u0131n b\u00fcy\u00fcmeden \u00f6nce tespit edilmesine yard\u0131mc\u0131 olabilir. Onar\u0131mlar i\u00e7in yedek par\u00e7alar\u0131n her an haz\u0131r bulunmas\u0131, ar\u0131za s\u00fcresini en aza indirebilir. Ayr\u0131ca, personelin yayg\u0131n sorunlar ve \u00e7\u00f6z\u00fcmleri konusunda e\u011fitilmesi, sorunlar\u0131n ele al\u0131nmas\u0131nda daha h\u0131zl\u0131 yan\u0131t s\u00fcrelerine yol a\u00e7abilir.<\/p>\n<p><img decoding=\"async\" src=\"https:\/\/www.hydraulic-cylinders.net\/wp-content\/uploads\/2025\/04\/songte-bushings-with-all-kinds-of-excavator-models.webp\" alt=\"Ekskavat\u00f6r Modelleri i\u00e7in Bur\u00e7lar\" \/><\/p>\n<h2>\u015eirketimiz Hakk\u0131nda<\/h2>\n<p>\u00d6nde gelen bir hidrolik silindir \u00fcreticisi ve toptanc\u0131s\u0131 olarak, hem yerel hem de uluslararas\u0131 pazarlara hitap eden kapsaml\u0131 bir \u00fcr\u00fcn yelpazesi sunuyoruz. M\u00fckemmelli\u011fe olan ba\u011fl\u0131l\u0131\u011f\u0131m\u0131z, geli\u015fmi\u015f \u00fcretim y\u00f6netim stratejilerini uygulamam\u0131z\u0131 sa\u011fl\u0131yor. \u00dcretim kapasitemizi art\u0131rmak i\u00e7in en son teknolojiyi, yetenekli personeli ve geli\u015fmi\u015f test sistemlerini kullan\u0131yoruz. Y\u00fcksek verimlilik, hassasiyet ve kaliteye odaklanmam\u0131z, \u00e7e\u015fitli m\u00fc\u015fteri gereksinimlerini etkili bir \u015fekilde kar\u015f\u0131lamam\u0131z\u0131 sa\u011fl\u0131yor.<\/p>\n<p><img decoding=\"async\" src=\"https:\/\/www.hydraulic-cylinders.net\/wp-content\/uploads\/2025\/04\/songte-company-4.webp\" alt=\"\u015eirket G\u00f6rseli 1\" \/><br \/>\n<img decoding=\"async\" src=\"https:\/\/www.hydraulic-cylinders.net\/wp-content\/uploads\/2025\/04\/songte-company-3.webp\" alt=\"\u015eirket G\u00f6rseli 2\" \/><\/p>\n<p>Uluslararas\u0131 sertifikalarla desteklenen profesyonelli\u011fimiz, \u00fcr\u00fcnlerimizin titiz kalite standartlar\u0131n\u0131 kar\u015f\u0131lamas\u0131n\u0131 sa\u011flar. Son teknoloji \u00fcretim ekipmanlar\u0131yla desteklenen, m\u00fc\u015fterilerimizin \u00f6zel ihtiya\u00e7lar\u0131n\u0131 kar\u015f\u0131lamak \u00fczere \u00f6zelle\u015ftirilmi\u015f hizmetler sunuyoruz. Sat\u0131\u015f sonras\u0131 hizmetimiz, ilk sat\u0131n al\u0131mdan \u00e7ok sonra da destek sa\u011flayarak m\u00fc\u015fteri memnuniyetini garanti eder.<\/p>\n<p>Yazar: lyl<\/p>","protected":false},"excerpt":{"rendered":"<p>Boom Cylinder For Caterpillar Large Excavator E329DZL Introduction to Boom Cylinder The boom cylinder is a crucial component in heavy machinery, specifically designed to control the movement of the bucket in excavators, backhoes, and front loaders. This hydraulic cylinder enables the bucket to lift, lower, and tilt, facilitating various material handling tasks. The boom cylinder [&hellip;]<\/p>","protected":false},"featured_media":17871,"comment_status":"open","ping_status":"closed","template":"","meta":{"_et_pb_use_builder":"","_et_pb_old_content":"","_et_gb_content_width":""},"product_brand":[],"product_cat":[1546],"product_tag":[1547,1496],"class_list":{"0":"post-18959","1":"product","2":"type-product","3":"status-publish","4":"has-post-thumbnail","6":"product_cat-boom-cylinders","7":"product_tag-boom-cylinders","8":"product_tag-hydraulic-cylinders","10":"first","11":"instock","12":"shipping-taxable","13":"product-type-simple"},"amp_enabled":true,"_links":{"self":[{"href":"https:\/\/www.hydraulic-cylinders.net\/tr\/wp-json\/wp\/v2\/product\/18959","targetHints":{"allow":["GET"]}}],"collection":[{"href":"https:\/\/www.hydraulic-cylinders.net\/tr\/wp-json\/wp\/v2\/product"}],"about":[{"href":"https:\/\/www.hydraulic-cylinders.net\/tr\/wp-json\/wp\/v2\/types\/product"}],"replies":[{"embeddable":true,"href":"https:\/\/www.hydraulic-cylinders.net\/tr\/wp-json\/wp\/v2\/comments?post=18959"}],"wp:featuredmedia":[{"embeddable":true,"href":"https:\/\/www.hydraulic-cylinders.net\/tr\/wp-json\/wp\/v2\/media\/17871"}],"wp:attachment":[{"href":"https:\/\/www.hydraulic-cylinders.net\/tr\/wp-json\/wp\/v2\/media?parent=18959"}],"wp:term":[{"taxonomy":"product_brand","embeddable":true,"href":"https:\/\/www.hydraulic-cylinders.net\/tr\/wp-json\/wp\/v2\/product_brand?post=18959"},{"taxonomy":"product_cat","embeddable":true,"href":"https:\/\/www.hydraulic-cylinders.net\/tr\/wp-json\/wp\/v2\/product_cat?post=18959"},{"taxonomy":"product_tag","embeddable":true,"href":"https:\/\/www.hydraulic-cylinders.net\/tr\/wp-json\/wp\/v2\/product_tag?post=18959"}],"curies":[{"name":"wp","href":"https:\/\/api.w.org\/{rel}","templated":true}]}}