{"id":18961,"date":"2025-04-07T06:04:25","date_gmt":"2025-04-07T06:04:25","guid":{"rendered":"https:\/\/www.hydraulic-cylinders.net\/product\/boom-cylinder-for-caterpillar-large-excavator-e349dl\/"},"modified":"2025-04-07T06:04:27","modified_gmt":"2025-04-07T06:04:27","slug":"boom-cylinder-for-caterpillar-large-excavator-e349dl","status":"publish","type":"product","link":"https:\/\/www.hydraulic-cylinders.net\/tr\/urun\/boom-cylinder-for-caterpillar-large-excavator-e349dl\/","title":{"rendered":"Caterpillar E349DL B\u00fcy\u00fck Ekskavat\u00f6r \u0130\u00e7in Bom Silindiri"},"content":{"rendered":"<h1>Caterpillar E349DL B\u00fcy\u00fck Ekskavat\u00f6r \u0130\u00e7in Bom Silindiri<\/h1>\n<h2>\u00dcr\u00fcn Genel Bak\u0131\u015f\u0131<\/h2>\n<p>Caterpillar E349DL b\u00fcy\u00fck ekskavat\u00f6r i\u00e7in bom silindiri, a\u011f\u0131r makinelerin operasyonel verimlili\u011fini art\u0131rmak i\u00e7in tasarlanm\u0131\u015f hayati bir bile\u015fendir. Bu hidrolik silindir, ekskavat\u00f6r\u00fcn bomunun hareketini \u00f6zel olarak kontrol ederek, sorunsuz bir \u015fekilde kald\u0131rma, indirme ve e\u011fme i\u015flemlerini ger\u00e7ekle\u015ftirmesini sa\u011flar. Bu silindirin d\u00fczg\u00fcn \u00e7al\u0131\u015fmas\u0131, \u00e7e\u015fitli malzeme ta\u015f\u0131ma g\u00f6revleri i\u00e7in \u00e7ok \u00f6nemlidir, \u00e7\u00fcnk\u00fc karma\u015f\u0131k \u00e7al\u0131\u015fma ortamlar\u0131nda ekskavat\u00f6r\u00fcn performans\u0131n\u0131 do\u011frudan etkiler.<\/p>\n<p><img decoding=\"async\" src=\"https:\/\/www.hydraulic-cylinders.net\/wp-content\/uploads\/2025\/04\/songte-company-1.webp\" alt=\"Ekskavat\u00f6rler i\u00e7in Bom Silindiri\"><\/p>\n<h2>\u00dcr\u00fcn\u00fcn \u00d6zellikleri<\/h2>\n<ul>\n<li><strong>Y\u00fcksek Dayan\u0131kl\u0131l\u0131k ve Dayan\u0131kl\u0131l\u0131k:<\/strong> Y\u00fcksek mukavemetli \u00e7elik veya al\u00fcminyumdan \u00fcretilen bu bom silindiri, y\u00fcksek bas\u0131n\u00e7lara ve a\u011f\u0131r y\u00fcklere dayanacak \u015fekilde tasarlanm\u0131\u015f olup zorlu \u00e7al\u0131\u015fma ko\u015fullar\u0131na uyum sa\u011flamaktad\u0131r. A\u015f\u0131nma ve korozyon direnci g\u00f6z \u00f6n\u00fcnde bulundurularak tasarlanan bu \u00fcr\u00fcn\u00fcn kullan\u0131m \u00f6mr\u00fc uzat\u0131lm\u0131\u015ft\u0131r.<\/li>\n<li><strong>Verimli Hidrolik \u00c7al\u0131\u015fma:<\/strong> Hidrolik ya\u011f bas\u0131nc\u0131n\u0131 kullanarak, sorunsuz teleskopik hareket sa\u011flar ve kontrol komutlar\u0131na h\u0131zl\u0131 yan\u0131t vererek a\u011f\u0131r nesnelerin ve karma\u015f\u0131k g\u00f6revlerin \u00fcstesinden gelmek i\u00e7in uygun g\u00fc\u00e7l\u00fc itme ve \u00e7ekme kuvvetleri sunar.<\/li>\n<li><strong>\u00c7e\u015fitli Tipler Mevcuttur:<\/strong> Se\u00e7enekler aras\u0131nda, farkl\u0131 \u00e7al\u0131\u015fma gereksinimlerini kar\u015f\u0131lamak i\u00e7in tek etkili (hidrolik yaln\u0131zca tek y\u00f6nde kullan\u0131l\u0131r) veya \u00e7ift etkili (hidrolik her iki y\u00f6nde de kullan\u0131l\u0131r) silindirler bulunur. Baz\u0131 modeller teleskopiktir ve d\u0131\u015f boyutlar\u0131 art\u0131rmadan daha fazla uzatmaya olanak tan\u0131r; bu da alan k\u0131s\u0131tlamal\u0131 uygulamalar i\u00e7in idealdir.<\/li>\n<\/ul>\n<h2>\u00dcretim Kapasitesi<\/h2>\n<p>Firmam\u0131z bu hidrolik silindirlerin \u00fcretiminde uzmanla\u015fm\u0131\u015ft\u0131r ve \u00fcr\u00fcnlerimizin mevcut modellere m\u00fckemmel birer alternatif olmas\u0131n\u0131 sa\u011flamaktad\u0131r.<\/p>\n<p><img decoding=\"async\" src=\"https:\/\/www.hydraulic-cylinders.net\/wp-content\/uploads\/2025\/04\/songte-cylinder-head-with-all-kinds-excavator-models.webp\" alt=\"Ekskavat\u00f6r Silindir Kapa\u011f\u0131\"><\/p>\n<h2>Bom Silindirinin Uygulamalar\u0131<\/h2>\n<h3>\u0130n\u015faat Ekipmanlar\u0131<\/h3>\n<p>Ekskavat\u00f6rlerde, bom silindiri kazma, y\u00fckleme ve toprak veya moloz ta\u015f\u0131ma i\u015flemleri i\u00e7in hayati \u00f6neme sahiptir. Kaz\u0131c\u0131 ekskavat\u00f6rlerde hem kazma hem de kald\u0131rma i\u015flemlerinde kritik bir rol oynayarak in\u015faat i\u015flerinde operasyonel verimlilik ve hassasiyet sa\u011flar.<\/p>\n<h3>Tar\u0131m Makinalar\u0131<\/h3>\n<p>\u00d6n y\u00fckleyicilerde kullan\u0131lan bom silindirleri, toprak, saman ve di\u011fer malzemelerin kep\u00e7elenmesi, kald\u0131r\u0131lmas\u0131 ve ta\u015f\u0131nmas\u0131ndan sorumludur. Sa\u011flam tasar\u0131mlar\u0131, tar\u0131msal i\u015flerin gereksinimlerini etkili bir \u015fekilde kar\u015f\u0131lamalar\u0131na olanak tan\u0131r.<\/p>\n<h3>Ekskavat\u00f6rler<\/h3>\n<p>Bom silindiri, ekskavat\u00f6r\u00fcn kep\u00e7esinin topra\u011fa n\u00fcfuz etmesini sa\u011flayarak kazma i\u015flemini kolayla\u015ft\u0131r\u0131r. Hassasiyeti ve g\u00fcc\u00fc, operat\u00f6rlerin \u00e7e\u015fitli toprak tiplerinde karma\u015f\u0131k i\u015fleri ger\u00e7ekle\u015ftirmesine olanak tan\u0131r.<\/p>\n<h3>Y\u00fckleyiciler<\/h3>\n<p>\u00d6n y\u00fckleyicilerde, bom silindirleri y\u00fcklerin verimli bir \u015fekilde kald\u0131r\u0131lmas\u0131na ve devrilmesine yard\u0131mc\u0131 olur; bu da onlar\u0131 in\u015faat ve tar\u0131m alanlar\u0131nda malzeme ta\u015f\u0131ma i\u00e7in vazge\u00e7ilmez k\u0131lar.<\/p>\n<h2>Tasar\u0131m Hususlar\u0131 ve Se\u00e7im Kriterleri<\/h2>\n<h3>Y\u00fck Kapasitesi<\/h3>\n<p>Bom silindiri, g\u00fcvenlik veya performanstan \u00f6d\u00fcn vermeden \u00f6nemli y\u00fckleri kald\u0131rabilecek \u015fekilde tasarlanmal\u0131d\u0131r. Uygun y\u00fck kapasitesine sahip bir silindir se\u00e7mek, zorlu \u00e7al\u0131\u015fma ortamlar\u0131nda g\u00fcvenilirlik ve uzun \u00f6m\u00fcrl\u00fcl\u00fck sa\u011flar.<\/p>\n<h3>S\u0131zd\u0131rmazl\u0131k<\/h3>\n<p>Etkili s\u0131zd\u0131rmazl\u0131k, hidrolik bas\u0131nc\u0131n korunmas\u0131 ve s\u0131z\u0131nt\u0131n\u0131n \u00f6nlenmesi i\u00e7in kritik \u00f6neme sahiptir. Dayan\u0131kl\u0131 malzemelerden \u00fcretilmi\u015f y\u00fcksek kaliteli contalar, silindirin zaman i\u00e7inde verimli bir \u015fekilde \u00e7al\u0131\u015fmas\u0131n\u0131 sa\u011flar.<\/p>\n<h3>Dayan\u0131kl\u0131l\u0131k<\/h3>\n<p>\u00dcretimde kullan\u0131lan malzemeler a\u015f\u0131nmaya ve korozyona kar\u015f\u0131 dayan\u0131kl\u0131 olmal\u0131d\u0131r. Bu dayan\u0131kl\u0131l\u0131k, \u00f6zellikle \u015fantiyelerde g\u00f6r\u00fclen zorlu ko\u015fullar alt\u0131nda uzun bir kullan\u0131m \u00f6mr\u00fc i\u00e7in \u015fartt\u0131r.<\/p>\n<h3>Emniyet<\/h3>\n<p>\u00c7al\u0131\u015fma s\u0131ras\u0131nda riskleri azaltmak i\u00e7in tasar\u0131mda g\u00fcvenlik \u00f6zellikleri entegre edilmelidir. Bu, bas\u0131n\u00e7 tahliye vanalar\u0131n\u0131 ve beklenmedik gerilmelere dayanacak sa\u011flam bir yap\u0131y\u0131 i\u00e7erir.<\/p>\n<h3>Bak\u0131m Eri\u015filebilirli\u011fi<\/h3>\n<p>Tasar\u0131m, kolay bak\u0131m imkan\u0131 sa\u011flayarak h\u0131zl\u0131 inceleme ve onar\u0131mlara olanak tan\u0131mal\u0131d\u0131r. Eri\u015filebilir bile\u015fenler, ar\u0131za s\u00fcrelerini azalt\u0131r ve operasyonel verimlili\u011fi art\u0131r\u0131r.<\/p>\n<p><img decoding=\"async\" src=\"https:\/\/www.hydraulic-cylinders.net\/wp-content\/uploads\/2025\/04\/songte-oil-pipes-and-spare-parts.webp\" alt=\"Hidrolik Silindir Par\u00e7alar\u0131\"><\/p>\n<h2>S\u0131zd\u0131rmazl\u0131k ve Ya\u011flama<\/h2>\n<p>Hidrolik bas\u0131nc\u0131 korumak ve s\u0131z\u0131nt\u0131y\u0131 \u00f6nlemek i\u00e7in piston contalar\u0131 ve mil contalar\u0131 gibi \u00e7e\u015fitli contalar kullan\u0131l\u0131r. Poli\u00fcretan ve nitril kau\u00e7uk gibi a\u015f\u0131nmaya dayan\u0131kl\u0131 malzemelerden yap\u0131lan contalar dayan\u0131kl\u0131l\u0131\u011f\u0131 art\u0131r\u0131r. Silindir g\u00f6vdesi ve di\u015fli u\u00e7 y\u00fczeyleri, a\u015f\u0131nma direncini art\u0131rmak i\u00e7in ince bir \u015fekilde i\u015flenir. Sorunsuz \u00e7al\u0131\u015fmay\u0131 sa\u011flamak ve hasar\u0131 \u00f6nlemek i\u00e7in hidrolik ya\u011f ile d\u00fczenli ya\u011flama \u015fartt\u0131r.<\/p>\n<h2>D\u00fczenli Muayene ve \u00d6nleyici Bak\u0131m<\/h2>\n<ul>\n<li><strong>Rutin Denetimler:<\/strong> D\u00fczenli kontroller, s\u0131z\u0131nt\u0131lar veya ola\u011fan d\u0131\u015f\u0131 a\u015f\u0131nma gibi potansiyel sorunlar\u0131 erken tespit ederek zaman\u0131nda bak\u0131m yap\u0131lmas\u0131n\u0131 sa\u011flar.<\/li>\n<li><strong>Uygun Ya\u011flama:<\/strong> Silindirin yeterince ya\u011flanmas\u0131, s\u00fcrt\u00fcnmeyi ve a\u015f\u0131nmay\u0131 azaltarak kullan\u0131m \u00f6mr\u00fcn\u00fc uzat\u0131r.<\/li>\n<li><strong>Conta De\u011fi\u015fimi:<\/strong> A\u015f\u0131nm\u0131\u015f contalar\u0131n d\u00fczenli olarak de\u011fi\u015ftirilmesi, hidrolik s\u0131v\u0131 s\u0131z\u0131nt\u0131lar\u0131n\u0131 \u00f6nler ve sistem verimlili\u011fini korur.<\/li>\n<\/ul>\n<h2>Kurulum Talimatlar\u0131<\/h2>\n<p>Bom silindirinin do\u011fru montaj\u0131, optimum performans i\u00e7in hayati \u00f6nem ta\u015f\u0131r. \u00d6ncelikle t\u00fcm bile\u015fenlerin temiz ve kal\u0131nt\u0131lardan ar\u0131nd\u0131r\u0131lm\u0131\u015f oldu\u011fundan emin olun. Silindiri montaj braketleriyle do\u011fru \u015fekilde hizalay\u0131n ve yerine sabitlemek i\u00e7in uygun montaj desteklerini kullan\u0131n. \u00c7al\u0131\u015fma s\u0131ras\u0131nda gev\u015femeyi \u00f6nlemek i\u00e7in t\u00fcm c\u0131vatalar\u0131 \u00fcreticinin belirtti\u011fi tork de\u011ferine kadar s\u0131k\u0131n. Montajdan sonra, silindirin ama\u00e7land\u0131\u011f\u0131 gibi \u00e7al\u0131\u015ft\u0131\u011f\u0131n\u0131 do\u011frulamak i\u00e7in kapsaml\u0131 bir test yap\u0131n ve herhangi bir s\u0131z\u0131nt\u0131 veya anormal \u00e7al\u0131\u015fma belirtisi olup olmad\u0131\u011f\u0131n\u0131 kontrol edin.<\/p>\n<h2>Yayg\u0131n Bak\u0131m G\u00f6revleri<\/h2>\n<ul>\n<li><strong>D\u00fczenli Denetimler:<\/strong> S\u0131z\u0131nt\u0131, a\u015f\u0131nma veya hasar a\u00e7\u0131s\u0131ndan s\u0131k s\u0131k kontrol yap\u0131lmas\u0131 \u00e7ok \u00f6nemlidir. Kurulum s\u0131ras\u0131nda silindirin do\u011fru hizalanmas\u0131, \u00e7al\u0131\u015fma sorunlar\u0131n\u0131 \u00f6nlemek i\u00e7in kilit \u00f6nem ta\u015f\u0131r.<\/li>\n<li><strong>Uygun Ya\u011flama:<\/strong> Sorunsuz \u00e7al\u0131\u015fma sa\u011flamak i\u00e7in \u00f6nerilen hidrolik ya\u011f\u0131 kullan\u0131n ve yeterli miktarda uygulay\u0131n. Bu, a\u015f\u0131nmay\u0131 en aza indirir ve silindirin i\u015flevini uzat\u0131r.<\/li>\n<li><strong>Conta De\u011fi\u015fimi:<\/strong> S\u0131zd\u0131rmazl\u0131k contalar\u0131n\u0131n b\u00fct\u00fcnl\u00fc\u011f\u00fcn\u00fc d\u00fczenli olarak kontrol edin ve gerekti\u011finde de\u011fi\u015ftirin. Bu, hidrolik s\u0131v\u0131 kayb\u0131n\u0131 \u00f6nler ve sistem verimlili\u011fini korur.<\/li>\n<\/ul>\n<p><img decoding=\"async\" src=\"https:\/\/www.hydraulic-cylinders.net\/wp-content\/uploads\/2025\/04\/songte-chushion-collar.webp\" alt=\"Yast\u0131k Yaka\"><\/p>\n<h2>G\u00fcvenlik Hususlar\u0131 ve \u00c7evresel Fakt\u00f6rler<\/h2>\n<p>Bom silindirleri kullan\u0131l\u0131rken g\u00fcvenlik \u00f6nlemlerine uyulmas\u0131 son derece \u00f6nemlidir. Operat\u00f6rler, y\u00fcksek bas\u0131n\u00e7 durumlar\u0131 veya olas\u0131 mekanik ar\u0131zalar gibi hidrolik sistemlerle ili\u015fkili tehlikeleri tan\u0131mak \u00fczere e\u011fitilmelidir. Koruyucu ekipman giyilmeli ve riskleri azaltmak i\u00e7in g\u00fcvenlik protokollerine kesinlikle uyulmal\u0131d\u0131r. Ayr\u0131ca, hidrolik s\u0131v\u0131lar\u0131n uygun \u015fekilde bertaraf edilmesi ve d\u00f6k\u00fclmelerin en aza indirilmesi de dahil olmak \u00fczere \u00e7evresel hususlar, ekosistemleri korumak i\u00e7in \u00e7ok \u00f6nemlidir.<\/p>\n<h2>Ar\u0131za Te\u015fhisi ve Yayg\u0131n Sorunlar<\/h2>\n<ul>\n<li><strong>S\u0131z\u0131nt\u0131:<\/strong> Genellikle a\u015f\u0131nm\u0131\u015f contalardan veya hasar g\u00f6rm\u00fc\u015f ba\u011flant\u0131 par\u00e7alar\u0131ndan kaynaklan\u0131r. D\u00fczenli kontrol, s\u0131z\u0131nt\u0131lar\u0131 erken tespit etmeye yard\u0131mc\u0131 olabilir.<\/li>\n<li><strong>Zay\u0131f Performans:<\/strong> Bu durum yetersiz ya\u011flama veya d\u00fc\u015f\u00fck hidrolik s\u0131v\u0131 seviyesine i\u015faret edebilir. D\u00fczenli kontroller, sistemin optimum seviyelerde \u00e7al\u0131\u015fmas\u0131n\u0131 sa\u011flar.<\/li>\n<li><strong>Al\u0131\u015f\u0131lmad\u0131k Sesler:<\/strong> G\u0131c\u0131rdama veya t\u0131slama sesleri, mekanik sorunlara veya hidrolik hatlarda hava bulunmas\u0131na i\u015faret edebilir ve derhal incelenmesi gerekir.<\/li>\n<\/ul>\n<h2>Problem \u00c7\u00f6zme \u0130pu\u00e7lar\u0131<\/h2>\n<p>Sorunlar\u0131 etkili bir \u015fekilde te\u015fhis etmek i\u00e7in, \u00e7al\u0131\u015fma s\u0131ras\u0131nda kar\u015f\u0131la\u015f\u0131lan t\u00fcm anormalliklerin kayd\u0131n\u0131 tutun. Bu kayd\u0131, belirli sorunlar\u0131 g\u00f6sterebilecek kal\u0131plar\u0131 belirlemek ve hedefli sorun giderme yapmak i\u00e7in kullan\u0131n. \u00d6rne\u011fin, s\u0131z\u0131nt\u0131 g\u00f6zlemlenirse, contalar\u0131 ve ba\u011flant\u0131 par\u00e7alar\u0131n\u0131 hasar a\u00e7\u0131s\u0131ndan inceleyin ve gerekti\u011finde de\u011fi\u015ftirin. Gelecekteki sorunlar\u0131n olas\u0131l\u0131\u011f\u0131n\u0131 azaltmak i\u00e7in d\u00fczenli ya\u011flama ve kontroller gibi rutin \u00f6nleyici bak\u0131m \u00f6nlemleri uygulay\u0131n.<\/p>\n<p><img decoding=\"async\" src=\"https:\/\/www.hydraulic-cylinders.net\/wp-content\/uploads\/2025\/04\/songte-bushings-with-all-kinds-of-excavator-models.webp\" alt=\"Ekskavat\u00f6rler i\u00e7in Bur\u00e7lar\"><\/p>\n<h2>\u015eirket Genel Bak\u0131\u015f\u0131<\/h2>\n<p>\u00d6nde gelen yedek hidrolik silindir \u00fcreticisi olarak, hem yerel hem de uluslararas\u0131 pazarlara kapsaml\u0131 bir \u00fcr\u00fcn yelpazesi sunuyoruz. M\u00fckemmelli\u011fe olan ba\u011fl\u0131l\u0131\u011f\u0131m\u0131z, geli\u015fmi\u015f \u00fcretim teknolojisi ve yetenekli personelimizden yararlanan titiz \u00fcretim y\u00f6netim stratejilerimizde a\u00e7\u0131k\u00e7a g\u00f6r\u00fclmektedir. Kalite kontrol\u00fcne b\u00fcy\u00fck \u00f6nem vererek, her hidrolik silindirin en y\u00fcksek performans ve g\u00fcvenilirlik standartlar\u0131n\u0131 kar\u015f\u0131lamas\u0131n\u0131 sa\u011fl\u0131yoruz.<\/p>\n<p>\u00dcr\u00fcn yelpazemiz, m\u00fc\u015fterilerimizin benzersiz ihtiya\u00e7lar\u0131n\u0131 kar\u015f\u0131lamam\u0131z\u0131 sa\u011flayan profesyonel \u00f6zelle\u015ftirme hizmetleriyle tamamlanmaktad\u0131r. M\u00fc\u015fterilerimizi etkili bir \u015fekilde desteklemek i\u00e7in en son teknolojiye sahip \u00fcretim ekipmanlar\u0131 kullan\u0131yor ve g\u00fc\u00e7l\u00fc bir sat\u0131\u015f sonras\u0131 hizmet sunuyoruz.<\/p>\n<p><img decoding=\"async\" src=\"https:\/\/www.hydraulic-cylinders.net\/wp-content\/uploads\/2025\/04\/songte-company-4.webp\" alt=\"\u015eirket \u00dcretim S\u00fcreci\"><\/p>\n<p><img decoding=\"async\" src=\"https:\/\/www.hydraulic-cylinders.net\/wp-content\/uploads\/2025\/04\/songte-company-3.webp\" alt=\"\u015eirket Genel Bak\u0131\u015f\u0131\"><\/p>\n<p>Yazar: lyl<\/p>","protected":false},"excerpt":{"rendered":"<p>Boom Cylinder For Caterpillar Large Excavator E349DL Product Overview The Boom Cylinder for Caterpillar Large Excavator E349DL is a vital component designed to enhance the operational efficiency of heavy machinery. This hydraulic cylinder specifically controls the movement of the excavator&#8217;s boom, allowing it to lift, lower, and tilt seamlessly. The proper functioning of this cylinder [&hellip;]<\/p>","protected":false},"featured_media":17873,"comment_status":"open","ping_status":"closed","template":"","meta":{"_et_pb_use_builder":"","_et_pb_old_content":"","_et_gb_content_width":""},"product_brand":[],"product_cat":[1546],"product_tag":[1547,1496],"class_list":{"0":"post-18961","1":"product","2":"type-product","3":"status-publish","4":"has-post-thumbnail","6":"product_cat-boom-cylinders","7":"product_tag-boom-cylinders","8":"product_tag-hydraulic-cylinders","10":"first","11":"instock","12":"shipping-taxable","13":"product-type-simple"},"amp_enabled":true,"_links":{"self":[{"href":"https:\/\/www.hydraulic-cylinders.net\/tr\/wp-json\/wp\/v2\/product\/18961","targetHints":{"allow":["GET"]}}],"collection":[{"href":"https:\/\/www.hydraulic-cylinders.net\/tr\/wp-json\/wp\/v2\/product"}],"about":[{"href":"https:\/\/www.hydraulic-cylinders.net\/tr\/wp-json\/wp\/v2\/types\/product"}],"replies":[{"embeddable":true,"href":"https:\/\/www.hydraulic-cylinders.net\/tr\/wp-json\/wp\/v2\/comments?post=18961"}],"wp:featuredmedia":[{"embeddable":true,"href":"https:\/\/www.hydraulic-cylinders.net\/tr\/wp-json\/wp\/v2\/media\/17873"}],"wp:attachment":[{"href":"https:\/\/www.hydraulic-cylinders.net\/tr\/wp-json\/wp\/v2\/media?parent=18961"}],"wp:term":[{"taxonomy":"product_brand","embeddable":true,"href":"https:\/\/www.hydraulic-cylinders.net\/tr\/wp-json\/wp\/v2\/product_brand?post=18961"},{"taxonomy":"product_cat","embeddable":true,"href":"https:\/\/www.hydraulic-cylinders.net\/tr\/wp-json\/wp\/v2\/product_cat?post=18961"},{"taxonomy":"product_tag","embeddable":true,"href":"https:\/\/www.hydraulic-cylinders.net\/tr\/wp-json\/wp\/v2\/product_tag?post=18961"}],"curies":[{"name":"wp","href":"https:\/\/api.w.org\/{rel}","templated":true}]}}