{"id":18963,"date":"2025-04-07T06:04:29","date_gmt":"2025-04-07T06:04:29","guid":{"rendered":"https:\/\/www.hydraulic-cylinders.net\/product\/boom-cylinder-for-caterpillar-large-excavator-e336dzgc\/"},"modified":"2025-04-07T06:04:31","modified_gmt":"2025-04-07T06:04:31","slug":"boom-cylinder-for-caterpillar-large-excavator-e336dzgc","status":"publish","type":"product","link":"https:\/\/www.hydraulic-cylinders.net\/tr\/urun\/boom-cylinder-for-caterpillar-large-excavator-e336dzgc\/","title":{"rendered":"Caterpillar E336DZGC B\u00fcy\u00fck Ekskavat\u00f6r \u0130\u00e7in Bom Silindiri"},"content":{"rendered":"<h1>Caterpillar E336DZGC B\u00fcy\u00fck Ekskavat\u00f6r \u0130\u00e7in Bom Silindiri<\/h1>\n<h2>Bom Silindirine Giri\u015f<\/h2>\n<p>Bom silindiri, ekskavat\u00f6rler gibi a\u011f\u0131r makineler i\u00e7in \u00f6zel olarak tasarlanm\u0131\u015f, hayati \u00f6neme sahip bir hidrolik bile\u015fendir. Bu silindir, bomun hareketini kontrol etmede, kald\u0131rma, indirme ve e\u011fme i\u015flemlerini ger\u00e7ekle\u015ftirmede \u00f6nemli bir rol oynar. Bu \u00f6zellik, \u00e7e\u015fitli malzeme ta\u015f\u0131ma g\u00f6revleri i\u00e7in hayati \u00f6neme sahiptir ve operasyonlarda verimlilik ve hassasiyet sa\u011flar.<\/p>\n<p>Hidrolik silindir olarak bom silindiri, ata\u015fman\u0131n sorunsuz \u00e7al\u0131\u015fmas\u0131n\u0131 kolayla\u015ft\u0131rmak i\u00e7in bas\u0131n\u00e7 olu\u015fturmak \u00fczere hidrolik s\u0131v\u0131 kullan\u0131r. Birincil i\u015flevi, bomu hareket ettirmek i\u00e7in gerekli kuvveti sa\u011flamak ve ata\u015fman\u0131n kazma, kald\u0131rma ve malzeme ta\u015f\u0131ma gibi g\u00f6revleri yerine getirmesine olanak tan\u0131makt\u0131r. Bom silindiri, y\u00fcksek bas\u0131nca ve \u00f6nemli y\u00fcklere dayanacak \u015fekilde \u00fcretilmi\u015ftir ve bu da onu ekskavat\u00f6rlerin hidrolik sistemlerinde vazge\u00e7ilmez bir bile\u015fen haline getirir.<\/p>\n<p><img decoding=\"async\" src=\"https:\/\/www.hydraulic-cylinders.net\/wp-content\/uploads\/2025\/04\/songte-company-1.webp\" alt=\"Ekskavat\u00f6rler i\u00e7in Bom Silindiri\"><\/p>\n<h2>Bom Silindirinin \u00d6zellikleri<\/h2>\n<ul>\n<li><strong>Y\u00fcksek Dayan\u0131kl\u0131l\u0131k ve Dayan\u0131kl\u0131l\u0131k:<\/strong> Y\u00fcksek mukavemetli \u00e7elik veya al\u00fcminyumdan \u00fcretilen bom silindiri, y\u00fcksek bas\u0131nca ve a\u011f\u0131r y\u00fcklere dayanabilir, bu da onu zorlu \u00e7al\u0131\u015fma ortamlar\u0131 i\u00e7in uygun hale getirir. Tasar\u0131m\u0131nda a\u015f\u0131nma direnci ve korozyon direnci de yer alarak kullan\u0131m \u00f6mr\u00fcn\u00fc uzat\u0131r.<\/li>\n<li><strong>Verimli Hidrolik \u00c7al\u0131\u015fma:<\/strong> Silindir, sorunsuz uzama ve geri \u00e7ekilme sa\u011flamak i\u00e7in hidrolik ya\u011f bas\u0131nc\u0131n\u0131 kullan\u0131r, operasyonel komutlara h\u0131zl\u0131 yan\u0131t verir ve a\u011f\u0131r ve karma\u015f\u0131k i\u015flerin \u00fcstesinden gelmek i\u00e7in ideal olan g\u00fc\u00e7l\u00fc itme ve \u00e7ekme yetenekleri sunar.<\/li>\n<li><strong>\u00c7e\u015fitli T\u00fcrler:<\/strong> Tek y\u00f6nl\u00fc (hidrolik tek y\u00f6nde kullan\u0131l\u0131r) veya \u00e7ift y\u00f6nl\u00fc (hidrolik her iki y\u00f6nde kullan\u0131l\u0131r) \u00e7e\u015fitleri bulunan bom silindiri, farkl\u0131 \u00e7al\u0131\u015fma gereksinimlerini kar\u015f\u0131layabilir. Baz\u0131 modellerde, d\u0131\u015f boyutlar\u0131 art\u0131rmadan daha uzun eri\u015fim sa\u011flayan teleskopik tasar\u0131mlar da bulunur; bu da alan k\u0131s\u0131tlamal\u0131 uygulamalar i\u00e7in idealdir.<\/li>\n<li><strong>\u00d6zelle\u015ftirilebilir \u00c7\u00f6z\u00fcmler:<\/strong> Bu \u00fcr\u00fcn\u00fc hassasiyetle \u00fcretiyoruz ve hidrolik silindirlerimizin mevcut modellerin yerini m\u00fckemmel bir \u015fekilde alabilmesini, \u00f6zel ihtiya\u00e7 ve \u00f6zelliklere g\u00f6re uyarlanabilmesini sa\u011fl\u0131yoruz.<\/li>\n<\/ul>\n<p><img decoding=\"async\" src=\"https:\/\/www.hydraulic-cylinders.net\/wp-content\/uploads\/2025\/04\/songte-cylinder-head-with-all-kinds-excavator-models.webp\" alt=\"Bom Silindirli Ekskavat\u00f6r Modelleri\"><\/p>\n<h2>Bom Silindirinin Uygulamalar\u0131<\/h2>\n<h3>\u0130n\u015faat Ekipmanlar\u0131<\/h3>\n<p>Ekskavat\u00f6rlerde, bom silindiri kazma, y\u00fckleme ve toprak veya moloz ta\u015f\u0131ma i\u015flemlerinde hayati \u00f6neme sahiptir. Bomun malzemeye verimli bir \u015fekilde ula\u015fmas\u0131n\u0131 ve manip\u00fcle etmesini sa\u011flayarak \u00e7e\u015fitli in\u015faat i\u015fleri i\u00e7in gerekli g\u00fcc\u00fc ve kontrol\u00fc sa\u011flar. Kaz\u0131c\u0131 y\u00fckleyicilerde ise bom silindiri hem kazma hem de kald\u0131rma i\u015flevlerine yard\u0131mc\u0131 olarak \u015fantiyelerde genel verimlili\u011fi art\u0131r\u0131r.<\/p>\n<h3>Tar\u0131m Makinalar\u0131<\/h3>\n<p>\u00d6n y\u00fckleyicilerde, bom silindiri toprak, saman ve di\u011fer malzemelerin kep\u00e7elenmesi, kald\u0131r\u0131lmas\u0131 ve ta\u015f\u0131nmas\u0131nda \u00f6nemli bir rol oynar. \u00c7ift\u00e7ilerin tar\u0131msal faaliyetlerde verimlili\u011fi korumak i\u00e7in gerekli olan g\u00f6revleri h\u0131zl\u0131 ve verimli bir \u015fekilde yerine getirmelerini sa\u011flar.<\/p>\n<h3>Ekskavat\u00f6rler<\/h3>\n<p>Bom silindirinin tasar\u0131m\u0131, topra\u011fa etkili bir \u015fekilde n\u00fcfuz etmesini sa\u011flayarak kaz\u0131 i\u015flemlerini kolayla\u015ft\u0131r\u0131r. Hidrolik hareketi, operat\u00f6rlerin hassas bir \u015fekilde kaz\u0131 yapabilmesini sa\u011flayarak kaz\u0131 s\u00fcrecinin genel verimlili\u011fine katk\u0131da bulunur.<\/p>\n<h3>Y\u00fckleyiciler<\/h3>\n<p>\u00d6n y\u00fckleyicilerde, bom silindiri malzemelerin etkili bir \u015fekilde kald\u0131r\u0131lmas\u0131na ve bo\u015falt\u0131lmas\u0131na yard\u0131mc\u0131 olur. A\u011f\u0131r y\u00fckleri kald\u0131rmak i\u00e7in gerekli g\u00fcc\u00fc sa\u011flar ve sorunsuz \u00e7al\u0131\u015fmay\u0131 garanti ederek y\u00fckleyicinin \u00e7e\u015fitli malzeme ta\u015f\u0131ma g\u00f6revlerindeki performans\u0131n\u0131 art\u0131r\u0131r.<\/p>\n<h2>Tasar\u0131m Hususlar\u0131 ve Se\u00e7im Kriterleri<\/h2>\n<h3>Y\u00fck Kapasitesi<\/h3>\n<p>Bir bom silindiri se\u00e7erken, y\u00fck ta\u015f\u0131ma kapasitesini anlamak son derece \u00f6nemlidir. Silindir, \u00e7al\u0131\u015fma s\u0131ras\u0131nda kar\u015f\u0131la\u015faca\u011f\u0131 maksimum a\u011f\u0131rl\u0131\u011f\u0131 kald\u0131rabilmelidir. Bu, ta\u015f\u0131nacak malzemelerin a\u011f\u0131rl\u0131\u011f\u0131n\u0131 hesaplamay\u0131 ve silindir \u00f6zelliklerinin bu de\u011ferleri a\u015fmas\u0131n\u0131 sa\u011flamay\u0131 i\u00e7erir. \u0130yi se\u00e7ilmi\u015f bir bom silindiri, \u015fantiyede g\u00fcvenli\u011fi ve verimlili\u011fi art\u0131racakt\u0131r.<\/p>\n<h3>S\u0131zd\u0131rmazl\u0131k ve Dayan\u0131kl\u0131l\u0131k<\/h3>\n<p>Hidrolik sistemlerde s\u0131v\u0131 s\u0131z\u0131nt\u0131lar\u0131n\u0131 \u00f6nlemek ve bas\u0131nc\u0131 korumak i\u00e7in s\u0131zd\u0131rmazl\u0131k \u00e7ok \u00f6nemlidir. Bom silindirinin tasar\u0131m\u0131nda, poli\u00fcretan ve nitril kau\u00e7uk gibi dayan\u0131kl\u0131 malzemelerden \u00fcretilmi\u015f piston contalar\u0131 ve mil contalar\u0131 gibi y\u00fcksek kaliteli contalar kullan\u0131lmal\u0131d\u0131r. Bu malzemeler m\u00fckemmel a\u015f\u0131nma direnci sa\u011flayarak uzun \u00f6m\u00fcrl\u00fcl\u00fck ve performans g\u00fcvenilirli\u011fi sunar.<\/p>\n<h3>G\u00fcvenlik \u00d6zellikleri<\/h3>\n<p>Hidrolik silindirlerin tasar\u0131m\u0131nda g\u00fcvenlik kritik bir husustur. Bas\u0131n\u00e7 tahliye vanalar\u0131 ve geli\u015fmi\u015f s\u0131zd\u0131rmazl\u0131k teknolojileri gibi \u00f6zellikler, kazalar\u0131 \u00f6nlemeye ve g\u00fcvenli \u00e7al\u0131\u015fmay\u0131 sa\u011flamaya yard\u0131mc\u0131 olur. Ayr\u0131ca, m\u00fchendisler, silindirlerin kullan\u0131ma al\u0131nmadan \u00f6nce g\u00fcvenlik ve dayan\u0131kl\u0131l\u0131\u011f\u0131n\u0131 do\u011frulamak i\u00e7in kapsaml\u0131 test protokollerine odaklanmal\u0131d\u0131r.<\/p>\n<h3>Bak\u0131m ve Servis Kolayl\u0131\u011f\u0131<\/h3>\n<p>Bom silindirinin bak\u0131m kolayl\u0131\u011f\u0131 sa\u011flayacak \u015fekilde tasarlanmas\u0131, kullan\u0131m \u00f6mr\u00fcn\u00fc \u00f6nemli \u00f6l\u00e7\u00fcde uzatabilir ve operasyonel verimlili\u011fi art\u0131rabilir. Eri\u015filebilir servis noktalar\u0131 ve mod\u00fcler tasar\u0131mlar gibi \u00f6zellikler, daha h\u0131zl\u0131 onar\u0131m ve de\u011fi\u015fimleri kolayla\u015ft\u0131rarak ar\u0131za s\u00fcresini en aza indirir. Silindirlerin kullan\u0131m \u00f6mr\u00fc boyunca optimum \u015fekilde \u00e7al\u0131\u015fmas\u0131n\u0131 sa\u011flamak i\u00e7in d\u00fczenli bak\u0131m protokolleri olu\u015fturulmal\u0131d\u0131r.<\/p>\n<p><img decoding=\"async\" src=\"https:\/\/www.hydraulic-cylinders.net\/wp-content\/uploads\/2025\/04\/songte-oil-pipes-and-spare-parts.webp\" alt=\"Hidrolik Silindir Bile\u015fenleri\"><\/p>\n<h2>S\u0131zd\u0131rmazl\u0131k ve Ya\u011flama<\/h2>\n<p>Bom silindirinin performans\u0131 i\u00e7in etkili s\u0131zd\u0131rmazl\u0131k ve ya\u011flama \u015fartt\u0131r. Hidrolik s\u0131v\u0131 s\u0131z\u0131nt\u0131lar\u0131n\u0131 \u00f6nlemek ve sistem verimlili\u011fini korumak i\u00e7in piston contalar\u0131 ve mil contalar\u0131 da dahil olmak \u00fczere \u00e7e\u015fitli s\u0131zd\u0131rmazl\u0131k bile\u015fenleri gereklidir. Poli\u00fcretan ve nitril kau\u00e7uk gibi dayan\u0131kl\u0131 malzemelerden yap\u0131lan contalar, a\u015f\u0131nmaya ve \u00e7evresel fakt\u00f6rlere kar\u015f\u0131 diren\u00e7 sa\u011flayarak uzun \u00f6m\u00fcrl\u00fcl\u00fc\u011f\u00fc garanti eder.<\/p>\n<p>Silindir g\u00f6vdesi ve di\u015fli u\u00e7 y\u00fczeyleri, a\u015f\u0131nma direncini ve s\u0131zd\u0131rmazl\u0131k verimlili\u011fini art\u0131rmak i\u00e7in hassas bir \u015fekilde i\u015flenmelidir. Hidrolik ya\u011f ile d\u00fczenli ya\u011flama \u00e7ok \u00f6nemlidir, \u00e7\u00fcnk\u00fc bu sadece s\u00fcrt\u00fcnmeyi en aza indirmekle kalmaz, ayn\u0131 zamanda \u00e7al\u0131\u015fma s\u0131ras\u0131nda bile\u015fenleri so\u011futur. Do\u011fru ya\u011flama uygulamalar\u0131, bom silindirinin \u00f6mr\u00fcn\u00fc \u00f6nemli \u00f6l\u00e7\u00fcde uzatacak ve genel performans\u0131n\u0131 iyile\u015ftirecektir.<\/p>\n<h2>\u00d6nleyici Bak\u0131m \u00d6nlemleri<\/h2>\n<ul>\n<li><strong>D\u00fczenli Denetimler:<\/strong> Hidrolik sistemde s\u0131z\u0131nt\u0131, a\u015f\u0131nma veya hasar olup olmad\u0131\u011f\u0131n\u0131 d\u00fczenli olarak kontrol edin. Bu, potansiyel sorunlar\u0131n ciddi problemlere d\u00f6n\u00fc\u015fmeden \u00f6nce erken tespit edilmesini sa\u011flar.<\/li>\n<li><strong>Uygun Ya\u011flama:<\/strong> Bom silindirinin \u00fcretici spesifikasyonlar\u0131na g\u00f6re yeterince ya\u011fland\u0131\u011f\u0131ndan emin olun. D\u00fczenli ya\u011flama, a\u015f\u0131nmay\u0131 en aza indirir ve silindirin \u00f6mr\u00fcn\u00fc uzat\u0131r.<\/li>\n<li><strong>Conta De\u011fi\u015fimi:<\/strong> S\u0131zd\u0131rmazl\u0131k elemanlar\u0131n\u0131n durumunu izleyin ve gerekti\u011finde de\u011fi\u015ftirin. A\u015f\u0131nm\u0131\u015f s\u0131zd\u0131rmazl\u0131k elemanlar\u0131 s\u0131z\u0131nt\u0131lara ve hidrolik bas\u0131nc\u0131n azalmas\u0131na yol a\u00e7arak performans\u0131 olumsuz etkileyebilir.<\/li>\n<\/ul>\n<h2>Kurulum Talimatlar\u0131<\/h2>\n<p>Bom silindirinin do\u011fru montaj\u0131, optimum performans ve uzun \u00f6m\u00fcr i\u00e7in \u00e7ok \u00f6nemlidir. \u00d6ncelikle montaj y\u00fczeylerinin temiz ve kal\u0131nt\u0131lardan ar\u0131nd\u0131r\u0131lm\u0131\u015f oldu\u011fundan emin olun. Silindiri, uygun aletler kullanarak montaj braketleriyle do\u011fru bir \u015fekilde hizalay\u0131n ve yerine sabitleyin. Silindirin hizal\u0131 ve destekli kalmas\u0131 i\u00e7in uygun bir montaj braketi kullanmak \u015fartt\u0131r.<\/p>\n<p>Montaj s\u0131ras\u0131nda, tork ayarlar\u0131 ve hizalama prosed\u00fcrleri ile ilgili olarak \u00fcreticinin spesifikasyonlar\u0131na uymak \u00e7ok \u00f6nemlidir. Yanl\u0131\u015f montaj, silindirin erken a\u015f\u0131nmas\u0131na veya ar\u0131zalanmas\u0131na yol a\u00e7abilir. Montaj tamamland\u0131ktan sonra, herhangi bir hizalama hatas\u0131 olup olmad\u0131\u011f\u0131n\u0131 iyice kontrol edin ve makineyi \u00e7al\u0131\u015ft\u0131rmadan \u00f6nce bunlar\u0131 d\u00fczeltin.<\/p>\n<h2>Yayg\u0131n Bak\u0131m G\u00f6revleri<\/h2>\n<h3>D\u00fczenli Denetimler<\/h3>\n<p>Bom silindirinin ve \u00e7evresindeki hidrolik sistemin d\u00fczenli olarak kontrol edilmesi hayati \u00f6nem ta\u015f\u0131r. S\u0131z\u0131nt\u0131, a\u015f\u0131nma veya hasar belirtileri olup olmad\u0131\u011f\u0131n\u0131 kontrol edin. Sorunlar\u0131n erken tespiti, daha b\u00fcy\u00fck sorunlar\u0131 ve maliyetli onar\u0131mlar\u0131 \u00f6nleyebilir. D\u00fczenli kontroller ayr\u0131ca hidrolik s\u0131v\u0131 seviyelerinin ve hortumlar\u0131n ve ba\u011flant\u0131 par\u00e7alar\u0131n\u0131n durumunun incelenmesini de i\u00e7ermelidir.<\/p>\n<h3>Uygun Ya\u011flama<\/h3>\n<p>Bom silindirinde yeterli ya\u011flaman\u0131n sa\u011flanmas\u0131, optimum performans i\u00e7in \u00e7ok \u00f6nemlidir. Y\u00fcksek kaliteli hidrolik ya\u011f kullan\u0131n ve \u00fcretici taraf\u0131ndan belirtilen \u00f6nerilen ya\u011flama aral\u0131klar\u0131na uyun. Do\u011fru ya\u011flama, s\u00fcrt\u00fcnmeyi ve a\u015f\u0131nmay\u0131 azaltarak silindirin kullan\u0131m \u00f6mr\u00fcn\u00fcn uzamas\u0131na katk\u0131da bulunur.<\/p>\n<h3>Conta De\u011fi\u015fimi ve Kalibrasyon Kontrolleri<\/h3>\n<p>Contalar\u0131 d\u00fczenli olarak a\u015f\u0131nma veya hasar belirtileri a\u00e7\u0131s\u0131ndan kontrol edin ve gerekirse de\u011fi\u015ftirin. A\u015f\u0131nm\u0131\u015f contalar hidrolik s\u0131v\u0131 s\u0131z\u0131nt\u0131lar\u0131na yol a\u00e7arak sistem verimlili\u011finin d\u00fc\u015fmesine neden olabilir. Silindirin belirtilen parametreler dahilinde \u00e7al\u0131\u015fmas\u0131n\u0131 ve optimum performans\u0131 korumas\u0131n\u0131 sa\u011flamak i\u00e7in kalibrasyon kontrolleri de \u00e7ok \u00f6nemlidir.<\/p>\n<p><img decoding=\"async\" src=\"https:\/\/www.hydraulic-cylinders.net\/wp-content\/uploads\/2025\/04\/songte-chushion-collar.webp\" alt=\"Bom Silindiri i\u00e7in Yast\u0131k Yaka\"><\/p>\n<h2>G\u00fcvenlik Hususlar\u0131 ve \u00c7evresel Fakt\u00f6rler<\/h2>\n<p>Hidrolik sistemlerle \u00e7al\u0131\u015f\u0131rken g\u00fcvenlik \u00f6nlemleri son derece \u00f6nemlidir. Operat\u00f6rler, ekipman\u0131 sorumlu bir \u015fekilde kullanmak ve hidrolik i\u015flemlerle ili\u015fkili potansiyel tehlikeleri tan\u0131mak konusunda e\u011fitilmelidir. Bak\u0131m ve i\u015fletme s\u0131ras\u0131nda her zaman uygun ki\u015fisel koruyucu ekipman (KKD) kullan\u0131lmal\u0131d\u0131r. Ayr\u0131ca, toprak ve su kaynaklar\u0131n\u0131 kirletebilecek hidrolik s\u0131v\u0131 s\u0131z\u0131nt\u0131lar\u0131n\u0131n \u00f6nlenmesi gibi \u00e7evresel hususlar da dikkate al\u0131nmal\u0131d\u0131r.<\/p>\n<h2>Sorun Giderme ve Yayg\u0131n Sorunlar<\/h2>\n<h3>S\u0131z\u0131nt\u0131 Sorunlar\u0131<\/h3>\n<p>Bom silindirlerinde en s\u0131k kar\u015f\u0131la\u015f\u0131lan sorunlardan biri s\u0131z\u0131nt\u0131d\u0131r. Contalar\u0131n veya ba\u011flant\u0131 par\u00e7alar\u0131n\u0131n etraf\u0131nda hidrolik s\u0131v\u0131 birikmesinin g\u00f6r\u00fcn\u00fcr belirtilerini kontrol edin. Bulunursa, contalar\u0131 a\u015f\u0131nma a\u00e7\u0131s\u0131ndan inceleyin ve gerekirse de\u011fi\u015ftirin. T\u00fcm ba\u011flant\u0131 par\u00e7alar\u0131n\u0131n do\u011fru \u015fekilde s\u0131k\u0131ld\u0131\u011f\u0131ndan emin olmak da s\u0131z\u0131nt\u0131lar\u0131 \u00f6nlemeye yard\u0131mc\u0131 olabilir.<\/p>\n<h3>Azalt\u0131lm\u0131\u015f Performans<\/h3>\n<p>E\u011fer bom silindirinin performans\u0131nda d\u00fc\u015f\u00fc\u015f g\u00f6zlemlenirse, bu hidrolik s\u0131v\u0131 seviyesinin d\u00fc\u015f\u00fck oldu\u011funu veya hidrolik sistemde hava bulundu\u011funu g\u00f6sterebilir. S\u0131v\u0131 seviyelerini kontrol edin ve gerekti\u011finde doldurun. Sistemdeki s\u0131k\u0131\u015fm\u0131\u015f havay\u0131 gidermek ve hidrolik s\u0131v\u0131n\u0131n etkili bir \u015fekilde dola\u015fmas\u0131n\u0131 sa\u011flamak i\u00e7in sistemi havaland\u0131r\u0131n.<\/p>\n<h3>Al\u0131\u015f\u0131lmad\u0131k Sesler<\/h3>\n<p>\u00c7al\u0131\u015fma s\u0131ras\u0131nda ola\u011fand\u0131\u015f\u0131 sesler, silindir i\u00e7indeki sorunlara i\u015faret edebilir. Bu durum d\u00fc\u015f\u00fck s\u0131v\u0131 seviyesi, kirlenme veya i\u00e7 a\u015f\u0131nmadan kaynaklanabilir. Silindir ve hidrolik bile\u015fenlerin kapsaml\u0131 bir \u015fekilde incelenmesi ve do\u011fru \u00e7al\u0131\u015fmay\u0131 sa\u011flamak i\u00e7in hasarl\u0131 par\u00e7alar\u0131n de\u011fi\u015ftirilmesi gerekir.<\/p>\n<p><img decoding=\"async\" src=\"https:\/\/www.hydraulic-cylinders.net\/wp-content\/uploads\/2025\/04\/songte-bushings-with-all-kinds-of-excavator-models.webp\" alt=\"Ekskavat\u00f6rler i\u00e7in Bur\u00e7lar\"><\/p>\n<h2>\u00c7\u00f6z\u00fcm<\/h2>\n<p>Firmam\u0131z, \u00e7e\u015fitli modeller i\u00e7in y\u00fcksek kaliteli yedek par\u00e7alar \u00fcretme konusunda uzmanla\u015fm\u0131\u015f, \u00f6nde gelen bir hidrolik silindir \u00fcreticisidir. Geni\u015f \u00fcr\u00fcn yelpazemiz ve m\u00fckemmelli\u011fe olan ba\u011fl\u0131l\u0131\u011f\u0131m\u0131zla gurur duyuyoruz. Geli\u015fmi\u015f \u00fcretim teknolojileri ve s\u0131k\u0131 kalite kontrol \u00f6nlemleri kullanarak, \u00fcr\u00fcnlerimizin en y\u00fcksek standartlar\u0131 kar\u015f\u0131lamas\u0131n\u0131 sa\u011fl\u0131yoruz. Hidrolik sistemlerdeki uzmanl\u0131\u011f\u0131m\u0131z, uluslararas\u0131 sertifikalar\u0131m\u0131z ve \u00f6zelle\u015ftirilebilir hizmetlerimizle birle\u015ferek, bizi d\u00fcnya \u00e7ap\u0131ndaki m\u00fc\u015fteriler i\u00e7in g\u00fcvenilir bir ortak konumuna getiriyor.<\/p>\n<p>Verimli ve hassas \u00fcretim s\u00fcre\u00e7leri sa\u011flamaya odaklanarak, m\u00fc\u015fterilerimizin \u00e7e\u015fitli ihtiya\u00e7lar\u0131n\u0131 kar\u015f\u0131lamak i\u00e7in yeteneklerimizi s\u00fcrekli olarak geli\u015ftiriyoruz. \u0130ster standart \u00fcr\u00fcnlere ister \u00f6zel \u00e7\u00f6z\u00fcmlere ihtiyac\u0131n\u0131z olsun, uzman ekibimiz size yard\u0131mc\u0131 olmak i\u00e7in burada.<\/p>\n<p><img decoding=\"async\" src=\"https:\/\/www.hydraulic-cylinders.net\/wp-content\/uploads\/2025\/04\/songte-company-4.webp\" alt=\"Hidrolik Silindir \u00dcretim Tesisi\"><br \/>\n<img decoding=\"async\" src=\"https:\/\/www.hydraulic-cylinders.net\/wp-content\/uploads\/2025\/04\/songte-company-3.webp\" alt=\"Hidrolik Silindir \u00dcretim S\u00fcreci\"><\/p>\n<p>Yazar: lyl<\/p>","protected":false},"excerpt":{"rendered":"<p>Boom Cylinder For Caterpillar Large Excavator E336DZGC Introduction to Boom Cylinder The Boom Cylinder is a crucial hydraulic component specifically designed for heavy machinery, such as excavators. This cylinder plays an essential role in controlling the movement of the boom, enabling it to lift, lower, and tilt. This capability is vital for various material handling [&hellip;]<\/p>","protected":false},"featured_media":17875,"comment_status":"open","ping_status":"closed","template":"","meta":{"_et_pb_use_builder":"","_et_pb_old_content":"","_et_gb_content_width":""},"product_brand":[],"product_cat":[1546],"product_tag":[1547,1496],"class_list":{"0":"post-18963","1":"product","2":"type-product","3":"status-publish","4":"has-post-thumbnail","6":"product_cat-boom-cylinders","7":"product_tag-boom-cylinders","8":"product_tag-hydraulic-cylinders","10":"first","11":"instock","12":"shipping-taxable","13":"product-type-simple"},"amp_enabled":true,"_links":{"self":[{"href":"https:\/\/www.hydraulic-cylinders.net\/tr\/wp-json\/wp\/v2\/product\/18963","targetHints":{"allow":["GET"]}}],"collection":[{"href":"https:\/\/www.hydraulic-cylinders.net\/tr\/wp-json\/wp\/v2\/product"}],"about":[{"href":"https:\/\/www.hydraulic-cylinders.net\/tr\/wp-json\/wp\/v2\/types\/product"}],"replies":[{"embeddable":true,"href":"https:\/\/www.hydraulic-cylinders.net\/tr\/wp-json\/wp\/v2\/comments?post=18963"}],"wp:featuredmedia":[{"embeddable":true,"href":"https:\/\/www.hydraulic-cylinders.net\/tr\/wp-json\/wp\/v2\/media\/17875"}],"wp:attachment":[{"href":"https:\/\/www.hydraulic-cylinders.net\/tr\/wp-json\/wp\/v2\/media?parent=18963"}],"wp:term":[{"taxonomy":"product_brand","embeddable":true,"href":"https:\/\/www.hydraulic-cylinders.net\/tr\/wp-json\/wp\/v2\/product_brand?post=18963"},{"taxonomy":"product_cat","embeddable":true,"href":"https:\/\/www.hydraulic-cylinders.net\/tr\/wp-json\/wp\/v2\/product_cat?post=18963"},{"taxonomy":"product_tag","embeddable":true,"href":"https:\/\/www.hydraulic-cylinders.net\/tr\/wp-json\/wp\/v2\/product_tag?post=18963"}],"curies":[{"name":"wp","href":"https:\/\/api.w.org\/{rel}","templated":true}]}}