{"id":18965,"date":"2025-04-07T06:04:34","date_gmt":"2025-04-07T06:04:34","guid":{"rendered":"https:\/\/www.hydraulic-cylinders.net\/product\/boom-cylinder-for-caterpillar-large-excavator-e328dlc\/"},"modified":"2025-04-07T06:04:37","modified_gmt":"2025-04-07T06:04:37","slug":"boom-cylinder-for-caterpillar-large-excavator-e328dlc","status":"publish","type":"product","link":"https:\/\/www.hydraulic-cylinders.net\/tr\/urun\/boom-cylinder-for-caterpillar-large-excavator-e328dlc\/","title":{"rendered":"Caterpillar E328DLC B\u00fcy\u00fck Ekskavat\u00f6r \u0130\u00e7in Bom Silindiri"},"content":{"rendered":"<h1>Caterpillar E328DLC B\u00fcy\u00fck Ekskavat\u00f6r \u0130\u00e7in Bom Silindiri<\/h1>\n<h2>Bom Silindirine Giri\u015f<\/h2>\n<p>Bom silindiri, \u00f6zellikle Caterpillar E328DLC gibi b\u00fcy\u00fck ekskavat\u00f6rlerde hidrolik sistemlerin \u00f6nemli bir bile\u015fenidir. Bu hidrolik silindir, ekskavat\u00f6r kolunun hareketini kontrol etmek, kald\u0131rma, indirme ve e\u011fme i\u015flemlerini sa\u011flamak i\u00e7in \u00f6zel olarak tasarlanm\u0131\u015ft\u0131r. Bom silindirinin verimli \u00e7al\u0131\u015fmas\u0131, \u00e7e\u015fitli malzeme ta\u015f\u0131ma g\u00f6revlerinin yerine getirilmesi i\u00e7in \u00e7ok \u00f6nemlidir ve bu da onu a\u011f\u0131r makinelerin vazge\u00e7ilmez bir par\u00e7as\u0131 haline getirir.<\/p>\n<p><img decoding=\"async\" src=\"https:\/\/www.hydraulic-cylinders.net\/wp-content\/uploads\/2025\/04\/songte-company-1.webp\" alt=\"Bom Silindiri G\u00f6r\u00fcnt\u00fcs\u00fc\" \/><\/p>\n<h3>Hidrolik Sistemlerde Bom Silindirinin Genel Bak\u0131\u015f\u0131<\/h3>\n<p>Hidrolik sistemlerde, bom silindiri, hidrolik s\u0131v\u0131 bas\u0131nc\u0131n\u0131 kullanarak do\u011frusal hareket olu\u015fturmak i\u00e7in bir kuvvet \u00e7arpan\u0131 g\u00f6revi g\u00f6r\u00fcr. Bu, ekskavat\u00f6r\u00fcn kazma, a\u011f\u0131r y\u00fck kald\u0131rma ve hassas manevra gibi g\u00f6revleri yerine getirmesini sa\u011flar. Hidrolik s\u0131v\u0131n\u0131n bas\u0131nc\u0131, a\u011f\u0131r hizmet uygulamalar\u0131 i\u00e7in gerekli olan sorunsuz ve verimli \u00e7al\u0131\u015fmay\u0131 kolayla\u015ft\u0131r\u0131r. Dayan\u0131kl\u0131l\u0131k ve g\u00fcvenilirlik i\u00e7in tasarlanan bom silindiri, operat\u00f6rlerin karma\u015f\u0131k g\u00f6revleri kolayl\u0131kla yerine getirmesini sa\u011flayarak in\u015faat ve madencilik sekt\u00f6rlerinde kritik bir bile\u015fen haline gelir.<\/p>\n<h2>Bom Silindirinin \u00d6zellikleri<\/h2>\n<ul>\n<li><strong>Y\u00fcksek Dayan\u0131kl\u0131l\u0131k ve Dayan\u0131kl\u0131l\u0131k:<\/strong> Y\u00fcksek mukavemetli \u00e7elik veya al\u00fcminyumdan \u00fcretilen bom silindiri, y\u00fcksek bas\u0131nca ve a\u011f\u0131r y\u00fcklere dayanabilme \u00f6zelli\u011fine sahiptir. A\u015f\u0131nma direnci ve korozyon korumas\u0131 dikkate al\u0131narak tasarlanan bom silindiri, zorlu \u00e7al\u0131\u015fma ko\u015fullar\u0131nda uzun bir kullan\u0131m \u00f6mr\u00fc sa\u011flar.<\/li>\n<li><strong>Verimli Hidrolik \u00c7al\u0131\u015fma:<\/strong> Hidrolik s\u0131v\u0131 bas\u0131nc\u0131n\u0131 kullanan bu silindir, sorunsuz bir \u015fekilde uzama ve geri \u00e7ekilme sa\u011flayarak g\u00fc\u00e7l\u00fc itme ve \u00e7ekme kuvvetleri sunar. \u00d6zellikle a\u011f\u0131r nesnelerin ta\u015f\u0131nmas\u0131 ve karma\u015f\u0131k operasyonel g\u00f6revler i\u00e7in etkilidir.<\/li>\n<li><strong>\u00c7e\u015fitli T\u00fcrler:<\/strong> Tek y\u00f6nl\u00fc (tek y\u00f6nde \u00e7al\u0131\u015fan) veya \u00e7ift y\u00f6nl\u00fc (iki y\u00f6nde \u00e7al\u0131\u015fan) konfig\u00fcrasyonlarda bulunan bom silindiri, \u00e7e\u015fitli operasyonel gereksinimleri kar\u015f\u0131layacak \u015fekilde uyarlanabilir. Baz\u0131 modellerde teleskopik tasar\u0131mlar bulunur; bu da d\u0131\u015f boyutlar\u0131 art\u0131rmadan daha fazla uzatmaya olanak tan\u0131r ve alan k\u0131s\u0131tlamal\u0131 uygulamalar i\u00e7in idealdir.<\/li>\n<\/ul>\n<h3>\u00dcretim Yeteneklerimiz<\/h3>\n<p>\u00c7e\u015fitli uygulamalarda mevcut hidrolik silindirlerin yerini m\u00fckemmel \u015fekilde alan y\u00fcksek kaliteli bom silindirleri \u00fcretme konusunda uzmanla\u015fm\u0131\u015f durumday\u0131z.<\/p>\n<p><img decoding=\"async\" src=\"https:\/\/www.hydraulic-cylinders.net\/wp-content\/uploads\/2025\/04\/songte-cylinder-head-with-all-kinds-excavator-models.webp\" alt=\"Ekskavat\u00f6rler i\u00e7in Silindir Kafas\u0131\" \/><\/p>\n<h2>Bom Silindirinin Uygulamalar\u0131<\/h2>\n<h3>\u0130n\u015faat Ekipmanlar\u0131<\/h3>\n<p>Ekskavat\u00f6rlerde, bom silindirleri kazma, y\u00fckleme ve toprak veya moloz ta\u015f\u0131ma i\u015flemlerinde hayati \u00f6neme sahiptir. Hem kazma hem de kald\u0131rma i\u015flemlerini kolayla\u015ft\u0131rma yetenekleri, verimlilik ve hassasiyetin son derece \u00f6nemli oldu\u011fu in\u015faat projeleri i\u00e7in onlar\u0131 vazge\u00e7ilmez k\u0131lar.<\/p>\n<h3>Tar\u0131m Makinalar\u0131<\/h3>\n<p>\u00d6n y\u00fckleyicilerde kullan\u0131lan bom silindirleri, toprak, saman ve di\u011fer malzemelerin kep\u00e7elenmesi, kald\u0131r\u0131lmas\u0131 ve ta\u015f\u0131nmas\u0131 i\u00e7in hayati \u00f6neme sahiptir. Bu silindirlerin \u00e7ok y\u00f6nl\u00fcl\u00fc\u011f\u00fc, \u00e7ift\u00e7ilerin \u00e7e\u015fitli g\u00f6revleri verimli bir \u015fekilde y\u00f6netmelerini sa\u011flayarak tar\u0131msal faaliyetlerde verimlili\u011fi art\u0131r\u0131r.<\/p>\n<h3>Ekskavat\u00f6rler<\/h3>\n<p>Bom silindirleri, ekskavat\u00f6rlerin zemine etkili bir \u015fekilde n\u00fcfuz etmesini sa\u011flayarak verimli kaz\u0131 i\u015flemlerine olanak tan\u0131r. Tasar\u0131mlar\u0131, maksimum kuvvet uygulamas\u0131n\u0131 garanti ederek \u00e7e\u015fitli toprak tipleri ve ko\u015fullar\u0131 i\u00e7in uygun hale getirir.<\/p>\n<h3>Y\u00fckleyiciler<\/h3>\n<p>\u00d6n y\u00fckleyicilerde, bom silindirleri y\u00fcklerin verimli bir \u015fekilde kald\u0131r\u0131lmas\u0131na ve bo\u015falt\u0131lmas\u0131na yard\u0131mc\u0131 olur. G\u00fcvenilir performanslar\u0131, yo\u011fun \u00e7al\u0131\u015fma ortamlar\u0131nda \u00e7ok \u00f6nemli olan y\u00fckleme ve bo\u015faltma i\u015flemlerinde h\u0131zl\u0131 d\u00f6n\u00fc\u015f s\u00fcreleri sa\u011flar.<\/p>\n<h2>Tasar\u0131m Hususlar\u0131 ve Se\u00e7im Kriterleri<\/h2>\n<h3>Y\u00fck Kapasitesi<\/h3>\n<p>Bom silindiri se\u00e7ilirken y\u00fck ta\u015f\u0131ma kapasitesi \u00e7ok \u00f6nemlidir. Bu, silindirin \u00e7al\u0131\u015fma s\u0131ras\u0131nda ne kadar a\u011f\u0131rl\u0131\u011f\u0131 etkili bir \u015fekilde kald\u0131rabilece\u011fini belirler. Tasar\u0131m, belirli uygulamalarda kar\u015f\u0131la\u015f\u0131labilecek maksimum potansiyel y\u00fckleri kar\u015f\u0131lamal\u0131 ve g\u00fcvenlik ile verimlili\u011fi sa\u011flamal\u0131d\u0131r.<\/p>\n<h3>S\u0131zd\u0131rmazl\u0131k Performans\u0131<\/h3>\n<p>Etkili s\u0131zd\u0131rmazl\u0131k, sistemin verimlili\u011fini ve g\u00fcvenli\u011fini tehlikeye atabilecek hidrolik s\u0131v\u0131 s\u0131z\u0131nt\u0131lar\u0131n\u0131 \u00f6nlemek i\u00e7in hayati \u00f6nem ta\u015f\u0131r. Zorlu ko\u015fullar alt\u0131nda bile uzun s\u00fcreler boyunca bas\u0131nc\u0131 ve i\u015flevselli\u011fi korumak i\u00e7in y\u00fcksek kaliteli contalar kullan\u0131lmal\u0131d\u0131r.<\/p>\n<h3>Dayan\u0131kl\u0131l\u0131k<\/h3>\n<p>Bom silindirlerinin tasar\u0131m\u0131nda dayan\u0131kl\u0131l\u0131k \u00f6nemli bir husustur. Zorlu ortamlarda s\u00fcrekli kullan\u0131mdan kaynaklanan a\u015f\u0131nma ve y\u0131pranmaya kar\u015f\u0131 diren\u00e7li olmalar\u0131 gerekir. Yap\u0131m\u0131nda kullan\u0131lan malzemeler ve kaplamalar, uzun \u00f6m\u00fcrl\u00fcl\u00fc\u011f\u00fc ve g\u00fcvenilirli\u011fi art\u0131rmada kritik bir rol oynar.<\/p>\n<h2>Bom Silindirinin S\u0131zd\u0131rmazl\u0131\u011f\u0131 ve Ya\u011flanmas\u0131<\/h2>\n<p>Bom silindirlerinin i\u015flevselli\u011fini korumak i\u00e7in uygun s\u0131zd\u0131rmazl\u0131k ve ya\u011flama hayati \u00f6nem ta\u015f\u0131r. S\u0131k\u0131 kapanmay\u0131 sa\u011flamak ve s\u0131z\u0131nt\u0131lar\u0131 \u00f6nlemek i\u00e7in piston contalar\u0131 ve mil contalar\u0131 gibi farkl\u0131 conta tipleri kullan\u0131l\u0131r. Poli\u00fcretan ve nitril kau\u00e7uk gibi dayan\u0131kl\u0131 malzemelerden yap\u0131lan contalar, a\u015f\u0131nmaya ve \u00e7evresel fakt\u00f6rlere kar\u015f\u0131 diren\u00e7 sa\u011flar.<\/p>\n<p>Silindir g\u00f6vdesi ve di\u015fli y\u00fczeyler, a\u015f\u0131nma direncini art\u0131rmak i\u00e7in hassas bir \u015fekilde i\u015flenirken, sorunsuz \u00e7al\u0131\u015fma i\u00e7in hidrolik ya\u011f ile d\u00fczenli ya\u011flama \u015fartt\u0131r. Contalar\u0131n sa\u011flam ve d\u00fczg\u00fcn \u00e7al\u0131\u015f\u0131r durumda kalmas\u0131n\u0131 sa\u011flamak i\u00e7in d\u00fczenli kontroller gereklidir.<\/p>\n<h2>\u00d6nleyici Bak\u0131m \u00d6nlemleri<\/h2>\n<ul>\n<li><strong>D\u00fczenli Denetimler:<\/strong> A\u015f\u0131nma veya hasar\u0131n \u00f6nemli sorunlara d\u00f6n\u00fc\u015fmeden \u00f6nce tespit edilmesi i\u00e7in d\u00fczenli kontroller yap\u0131n.<\/li>\n<li><strong>Uygun Ya\u011flama:<\/strong> Silindirin d\u00fczg\u00fcn \u00e7al\u0131\u015fmas\u0131n\u0131 sa\u011flamak ve a\u015f\u0131nmay\u0131 \u00f6nlemek i\u00e7in hidrolik ya\u011f ile yeterince ya\u011fland\u0131\u011f\u0131ndan emin olun.<\/li>\n<li><strong>Conta De\u011fi\u015fimi:<\/strong> Bas\u0131nc\u0131 ve performans\u0131 korumak i\u00e7in contalar\u0131 d\u00fczenli olarak kontrol edin ve gerekirse de\u011fi\u015ftirin.<\/li>\n<\/ul>\n<h2>Bom Silindiri Kurulum Talimatlar\u0131<\/h2>\n<p>Bom silindirinin i\u015flevselli\u011fi i\u00e7in do\u011fru montaj \u00e7ok \u00f6nemlidir. \u00d6ncelikle montaj y\u00fczeylerinin temiz ve kal\u0131nt\u0131lardan ar\u0131nd\u0131r\u0131lm\u0131\u015f oldu\u011fundan emin olun. Silindiri, uygun montaj aparatlar\u0131n\u0131 kullanarak yerine sabitleyerek, montaj braketleriyle do\u011fru \u015fekilde hizalay\u0131n. Herhangi bir yanl\u0131\u015f hizalama veya silindir \u00fczerinde gereksiz gerilim olu\u015fmas\u0131n\u0131 \u00f6nlemek i\u00e7in c\u0131vatalar\u0131 \u00fcreticinin spesifikasyonlar\u0131na g\u00f6re s\u0131kmak \u00e7ok \u00f6nemlidir. Son olarak, hidrolik hatlar\u0131 ba\u011flay\u0131n ve \u00e7al\u0131\u015ft\u0131rmadan \u00f6nce herhangi bir s\u0131z\u0131nt\u0131 olmad\u0131\u011f\u0131ndan emin olun.<\/p>\n<h2>Yayg\u0131n Bak\u0131m G\u00f6revleri<\/h2>\n<ul>\n<li><strong>D\u00fczenli Kontroller:<\/strong> Silindirin durumunu izlemek ve a\u015f\u0131nma veya s\u0131v\u0131 s\u0131z\u0131nt\u0131s\u0131 belirtileri olup olmad\u0131\u011f\u0131n\u0131 kontrol etmek i\u00e7in d\u00fczenli kontroller planlay\u0131n.<\/li>\n<li><strong>Uygun Ya\u011flama:<\/strong> \u00c7al\u0131\u015fma verimlili\u011fini korumak, s\u00fcrt\u00fcnmeyi ve a\u015f\u0131nmay\u0131 \u00f6nlemek i\u00e7in silindiri d\u00fczenli olarak ya\u011flay\u0131n.<\/li>\n<li><strong>Conta De\u011fi\u015fimi ve Kalibrasyonu:<\/strong> Contalar\u0131n a\u015f\u0131nmas\u0131n\u0131 izleyin ve gerekti\u011finde de\u011fi\u015ftirin, b\u00f6ylece sistemin bas\u0131n\u00e7l\u0131 ve i\u015flevsel kalmas\u0131n\u0131 sa\u011flay\u0131n.<\/li>\n<\/ul>\n<h2>G\u00fcvenlik Hususlar\u0131 ve \u00c7evresel Fakt\u00f6rler<\/h2>\n<p>Bom silindirleri kullan\u0131l\u0131rken g\u00fcvenlik protokollerine uyulmas\u0131 son derece \u00f6nemlidir. Operat\u00f6rler g\u00fcvenli kullan\u0131m uygulamalar\u0131 konusunda e\u011fitilmeli ve hidrolik sistemlerin potansiyel tehlikelerini anlamal\u0131d\u0131r. Do\u011fru bak\u0131m ve kontroller, ekosisteme zarar verebilecek s\u0131z\u0131nt\u0131 ve d\u00f6k\u00fclmeleri en aza indirerek \u00e7evreye duyarl\u0131l\u0131\u011fa da katk\u0131da bulunur.<\/p>\n<h2>Sorun Giderme ve Yayg\u0131n Sorunlar<\/h2>\n<ul>\n<li><strong>Hidrolik S\u0131v\u0131 S\u0131z\u0131nt\u0131lar\u0131:<\/strong> S\u0131v\u0131 s\u0131z\u0131nt\u0131s\u0131 belirtileri varsa, contalar\u0131 ve ba\u011flant\u0131lar\u0131 kontrol edin; bu, a\u015f\u0131nm\u0131\u015f contalar\u0131 veya yanl\u0131\u015f ba\u011flant\u0131lar\u0131 g\u00f6sterebilir.<\/li>\n<li><strong>Silindir Hareketinde Tutars\u0131zl\u0131k:<\/strong> Silindirin performans\u0131n\u0131 etkileyebilecek hidrolik hatlardaki t\u0131kan\u0131kl\u0131klar\u0131 veya d\u00fc\u015f\u00fck s\u0131v\u0131 seviyelerini kontrol edin.<\/li>\n<li><strong>Al\u0131\u015f\u0131lmad\u0131k Sesler:<\/strong> Silindir \u00e7al\u0131\u015fma s\u0131ras\u0131nda ola\u011fand\u0131\u015f\u0131 sesler \u00e7\u0131kar\u0131yorsa, bu i\u00e7 hasara veya yetersiz ya\u011flamaya i\u015faret edebilir.<\/li>\n<\/ul>\n<h2>Etkili Ar\u0131za Te\u015fhisi \u0130\u00e7in \u0130pu\u00e7lar\u0131<\/h2>\n<p>Bom silindirindeki sorunlar\u0131 etkili bir \u015fekilde te\u015fhis etmek ve \u00e7\u00f6zmek i\u00e7in operat\u00f6rler sistematik bir yakla\u015f\u0131m izlemelidir. Sistemin performans\u0131n\u0131n d\u00fczenli olarak izlenmesi, potansiyel sorunlar\u0131n erken tespit edilmesine yard\u0131mc\u0131 olabilir. Rutin bak\u0131m ve uygun ya\u011flama gibi \u00f6nleyici tedbirlerin uygulanmas\u0131, \u00f6nemli sorunlar\u0131n ortaya \u00e7\u0131kma olas\u0131l\u0131\u011f\u0131n\u0131 en aza indirir. Bak\u0131m faaliyetlerinin ve belirtilerin kayd\u0131n\u0131 tutmak, sorun gidermeye yard\u0131mc\u0131 olarak ekipman\u0131n verimli \u00e7al\u0131\u015fmas\u0131n\u0131 ve uzun \u00f6m\u00fcrl\u00fcl\u00fc\u011f\u00fcn\u00fc sa\u011flar.<\/p>\n<p><img decoding=\"async\" src=\"https:\/\/www.hydraulic-cylinders.net\/wp-content\/uploads\/2025\/04\/songte-bushings-with-all-kinds-of-excavator-models.webp\" alt=\"Ekskavat\u00f6r Modelleri i\u00e7in Bur\u00e7lar\" \/><\/p>\n<h2>\u015eirketimiz Hakk\u0131nda<\/h2>\n<p>\u00d6nde gelen yedek hidrolik silindir \u00fcreticisi olarak, hem yerel hem de uluslararas\u0131 pazarlara hitap eden kapsaml\u0131 bir \u00fcr\u00fcn yelpazesi sunuyoruz. M\u00fckemmelli\u011fe olan ba\u011fl\u0131l\u0131\u011f\u0131m\u0131z, rafine \u00fcretim s\u00fcre\u00e7lerimiz, yetenekli i\u015f g\u00fcc\u00fcm\u00fcz ve geli\u015fmi\u015f \u00fcretim y\u00f6netim stratejilerimizle g\u00f6sterilmektedir. \u00dcretim kapasitemizi art\u0131rmak i\u00e7in en son teknolojiyi ve titiz kalite kontrol sistemlerini kullan\u0131yor, \u00e7e\u015fitli m\u00fc\u015fteri ihtiya\u00e7lar\u0131n\u0131 hassasiyet ve verimlilikle kar\u015f\u0131l\u0131yoruz.<\/p>\n<h3>Uzmanla\u015fma ve Sertifikasyon<\/h3>\n<p>\u015eirketimiz, m\u00fc\u015fterilerimizin benzersiz ihtiya\u00e7lar\u0131na g\u00f6re uyarlanm\u0131\u015f \u00f6zel hizmetler sunmaktan gurur duymaktad\u0131r. \u00dcr\u00fcnlerimizin kalitesine ve g\u00fcvenilirli\u011fine olan ba\u011fl\u0131l\u0131\u011f\u0131m\u0131z\u0131 teyit eden \u00e7e\u015fitli uluslararas\u0131 sertifikalara sahibiz.<\/p>\n<h3>\u00dcretim Ekipmanlar\u0131 ve Sat\u0131\u015f Sonras\u0131 Hizmetler<\/h3>\n<p>En son teknolojiye sahip \u00fcretim tesislerimiz sayesinde, rekabet\u00e7i fiyatlarla y\u00fcksek kaliteli hidrolik silindirler \u00fcretebiliyoruz. \u00d6zel sat\u0131\u015f sonras\u0131 hizmetimiz, m\u00fc\u015fterilerimizin \u00fcr\u00fcnlerinin t\u00fcm ya\u015fam d\u00f6ng\u00fcs\u00fc boyunca s\u00fcrekli destek ve rehberlik almas\u0131n\u0131 sa\u011flar.<\/p>\n<p><img decoding=\"async\" src=\"https:\/\/www.hydraulic-cylinders.net\/wp-content\/uploads\/2025\/04\/songte-company-4.webp\" alt=\"\u015eirket \u00dcretim Tesisi\" \/><br \/>\n<img decoding=\"async\" src=\"https:\/\/www.hydraulic-cylinders.net\/wp-content\/uploads\/2025\/04\/songte-company-3.webp\" alt=\"\u015eirket Sertifikasyonu ve Kalitesi\" \/><\/p>\n<p>Yazar: lyl<\/p>","protected":false},"excerpt":{"rendered":"<p>Boom Cylinder For Caterpillar Large Excavator E328DLC Introduction to Boom Cylinder The boom cylinder is an essential component of hydraulic systems, particularly in large excavators like the Caterpillar E328DLC. This hydraulic cylinder is specifically designed to control the movement of the boom, allowing for the lifting, lowering, and tilting of the excavator&#8217;s arm. The efficient [&hellip;]<\/p>","protected":false},"featured_media":17877,"comment_status":"open","ping_status":"closed","template":"","meta":{"_et_pb_use_builder":"","_et_pb_old_content":"","_et_gb_content_width":""},"product_brand":[],"product_cat":[1546],"product_tag":[1547,1496],"class_list":{"0":"post-18965","1":"product","2":"type-product","3":"status-publish","4":"has-post-thumbnail","6":"product_cat-boom-cylinders","7":"product_tag-boom-cylinders","8":"product_tag-hydraulic-cylinders","10":"first","11":"instock","12":"shipping-taxable","13":"product-type-simple"},"amp_enabled":true,"_links":{"self":[{"href":"https:\/\/www.hydraulic-cylinders.net\/tr\/wp-json\/wp\/v2\/product\/18965","targetHints":{"allow":["GET"]}}],"collection":[{"href":"https:\/\/www.hydraulic-cylinders.net\/tr\/wp-json\/wp\/v2\/product"}],"about":[{"href":"https:\/\/www.hydraulic-cylinders.net\/tr\/wp-json\/wp\/v2\/types\/product"}],"replies":[{"embeddable":true,"href":"https:\/\/www.hydraulic-cylinders.net\/tr\/wp-json\/wp\/v2\/comments?post=18965"}],"wp:featuredmedia":[{"embeddable":true,"href":"https:\/\/www.hydraulic-cylinders.net\/tr\/wp-json\/wp\/v2\/media\/17877"}],"wp:attachment":[{"href":"https:\/\/www.hydraulic-cylinders.net\/tr\/wp-json\/wp\/v2\/media?parent=18965"}],"wp:term":[{"taxonomy":"product_brand","embeddable":true,"href":"https:\/\/www.hydraulic-cylinders.net\/tr\/wp-json\/wp\/v2\/product_brand?post=18965"},{"taxonomy":"product_cat","embeddable":true,"href":"https:\/\/www.hydraulic-cylinders.net\/tr\/wp-json\/wp\/v2\/product_cat?post=18965"},{"taxonomy":"product_tag","embeddable":true,"href":"https:\/\/www.hydraulic-cylinders.net\/tr\/wp-json\/wp\/v2\/product_tag?post=18965"}],"curies":[{"name":"wp","href":"https:\/\/api.w.org\/{rel}","templated":true}]}}