{"id":18966,"date":"2025-04-07T06:04:37","date_gmt":"2025-04-07T06:04:37","guid":{"rendered":"https:\/\/www.hydraulic-cylinders.net\/product\/boom-cylinder-for-caterpillar-large-excavator-e330b330c\/"},"modified":"2025-04-07T06:04:39","modified_gmt":"2025-04-07T06:04:39","slug":"boom-cylinder-for-caterpillar-large-excavator-e330b330c","status":"publish","type":"product","link":"https:\/\/www.hydraulic-cylinders.net\/tr\/urun\/boom-cylinder-for-caterpillar-large-excavator-e330b330c\/","title":{"rendered":"Caterpillar B\u00fcy\u00fck Ekskavat\u00f6r E330B330C i\u00e7in Bom Silindiri"},"content":{"rendered":"<h1>Caterpillar B\u00fcy\u00fck Ekskavat\u00f6r E330B330C i\u00e7in Bom Silindiri<\/h1>\n<h2>\u00dcr\u00fcn Genel Bak\u0131\u015f\u0131<\/h2>\n<p>Caterpillar B\u00fcy\u00fck Ekskavat\u00f6r E330B330C i\u00e7in Bom Silindiri, ekskavat\u00f6rler, beko-y\u00fckleyiciler ve \u00f6n y\u00fckleyiciler gibi a\u011f\u0131r i\u015f makinelerindeki bomun hareketini kontrol etmek i\u00e7in \u00f6zel olarak tasarlanm\u0131\u015f bir hidrolik silindirdir. Bu bile\u015fen, bomun verimli bir \u015fekilde kald\u0131rma, indirme ve yat\u0131rma i\u015flemlerini ger\u00e7ekle\u015ftirmesini sa\u011flayarak malzeme ta\u015f\u0131ma g\u00f6revlerinde \u00f6nemli bir rol oynar. Bir hidrolik silindir olarak temel i\u015flevi, hidrolik bas\u0131nc\u0131 kullanarak p\u00fcr\u00fczs\u00fcz ve g\u00fc\u00e7l\u00fc hareketler sa\u011flamakt\u0131r ve bu da onu \u00e7e\u015fitli operasyonel durumlarda vazge\u00e7ilmez k\u0131lar.<\/p>\n<p><img decoding=\"async\" src=\"https:\/\/www.hydraulic-cylinders.net\/wp-content\/uploads\/2025\/04\/songte-company-1.webp\" alt=\"Ekskavat\u00f6r i\u00e7in Bom Silindiri\"><\/p>\n<h2>Bom Silindirinin \u00d6zellikleri<\/h2>\n<ul>\n<li><strong>Y\u00fcksek Dayan\u0131kl\u0131l\u0131k ve Dayan\u0131kl\u0131l\u0131k:<\/strong> Y\u00fcksek mukavemetli \u00e7elik veya al\u00fcminyumdan \u00fcretilen bu silindirler, uzun hizmet \u00f6mr\u00fc i\u00e7in a\u015f\u0131nma direnci ve korozyon korumas\u0131 g\u00f6z \u00f6n\u00fcnde bulundurularak tasarlanm\u0131\u015f olup, zorlu \u00e7al\u0131\u015fma ko\u015fullar\u0131na uyum sa\u011flarken y\u00fcksek bas\u0131nca ve a\u011f\u0131r y\u00fcklere dayanabilir.<\/li>\n<li><strong>Verimli Hidrolik \u00c7al\u0131\u015fma:<\/strong> Silindir, yumu\u015fak uzatma ve geri \u00e7ekme i\u00e7in hidrolik ya\u011f bas\u0131nc\u0131n\u0131 kullan\u0131r ve bu sayede kontrol komutlar\u0131na h\u0131zl\u0131 yan\u0131t verirken, a\u011f\u0131r nesneleri ve karma\u015f\u0131k g\u00f6revleri ta\u015f\u0131maya uygun g\u00fc\u00e7l\u00fc itme ve \u00e7ekme kuvveti sa\u011flar.<\/li>\n<li><strong>\u00c7e\u015fitli T\u00fcrler:<\/strong> Operasyonel ihtiya\u00e7lar\u0131n\u0131za ba\u011fl\u0131 olarak, tek etkili (tek y\u00f6nde hidrolik g\u00fc\u00e7 kullanan) veya \u00e7ift etkili (her iki y\u00f6nde hidrolik g\u00fc\u00e7 kullanan) silindirler aras\u0131nda se\u00e7im yapabilirsiniz. Baz\u0131 modeller teleskopiktir ve d\u0131\u015f boyutlar\u0131 art\u0131rmadan daha fazla uzatma sa\u011flar, dar alanlar i\u00e7in m\u00fckemmeldir.<\/li>\n<li><strong>\u00d6zel \u00dcretim:<\/strong> \u00dcretim kapasitemiz, mevcut hidrolik silindirlerin yerini m\u00fckemmel \u015fekilde alacak, uyumlulu\u011fu ve performans\u0131 garanti edecek silindirler \u00fcretmemize olanak tan\u0131r.<\/li>\n<\/ul>\n<p><img decoding=\"async\" src=\"https:\/\/www.hydraulic-cylinders.net\/wp-content\/uploads\/2025\/04\/songte-cylinder-head-with-all-kinds-excavator-models.webp\" alt=\"\u00c7e\u015fitli Ekskavat\u00f6r Modelleri\"><\/p>\n<h2>Bom Silindirinin Uygulamalar\u0131<\/h2>\n<h3>\u0130n\u015faat Ekipmanlar\u0131<\/h3>\n<p>Ekskavat\u00f6rlerde bom silindirleri, toprak veya moloz kazma, y\u00fckleme ve ta\u015f\u0131ma i\u00e7in kritik \u00f6neme sahiptir. Bomun d\u0131\u015fa ve a\u015fa\u011f\u0131 do\u011fru uzanmas\u0131n\u0131 sa\u011flayarak kaz\u0131 s\u00fcrecini kolayla\u015ft\u0131r\u0131r. Beko-loderlerde ise bom silindiri hem kazma hem de kald\u0131rma i\u015flemlerine yard\u0131mc\u0131 olarak verimli \u00e7al\u0131\u015fma i\u00e7in olmazsa olmazd\u0131r.<\/p>\n<h3>Tar\u0131m Makinalar\u0131<\/h3>\n<p>\u00d6n y\u00fckleyicilerde bom silindirleri, toprak, saman ve di\u011fer malzemelerin kald\u0131r\u0131lmas\u0131n\u0131, kep\u00e7elenmesini ve ta\u015f\u0131nmas\u0131n\u0131 sa\u011flar. Sa\u011flam tasar\u0131mlar\u0131, tar\u0131msal i\u015flerin gerektirdi\u011fi talepleri kar\u015f\u0131larken mekanik ar\u0131zalardan kaynaklanan duru\u015f s\u00fcrelerini en aza indirir.<\/p>\n<h3>Ekskavat\u00f6rler<\/h3>\n<p>Bu silindirler, kep\u00e7enin topra\u011fa n\u00fcfuz etmesini sa\u011flayarak \u00e7e\u015fitli in\u015faat projeleri i\u00e7in gerekli olan kazma i\u015flemlerini kolayla\u015ft\u0131r\u0131r. Bom silindirinin verimlili\u011fi, ekskavat\u00f6rlerin genel verimlili\u011fini \u00f6nemli \u00f6l\u00e7\u00fcde art\u0131rarak onlar\u0131 a\u011f\u0131r hizmet operasyonlar\u0131nda hayati \u00f6neme sahip k\u0131lar.<\/p>\n<h3>Y\u00fckleyiciler<\/h3>\n<p>\u00d6n y\u00fckleyicilerde bom silindirleri, malzemelerin etkili bir \u015fekilde kald\u0131r\u0131lmas\u0131na ve bo\u015falt\u0131lmas\u0131na yard\u0131mc\u0131 olur. G\u00fc\u00e7l\u00fc kald\u0131rma kabiliyetleri, in\u015faat ve peyzaj uygulamalar\u0131nda verimli malzeme elle\u00e7leme olana\u011f\u0131 sa\u011flar.<\/p>\n<h2>Tasar\u0131m Hususlar\u0131 ve Se\u00e7im Kriterleri<\/h2>\n<h3>Y\u00fck Kapasitesi<\/h3>\n<p>Bir bom silindiri se\u00e7erken, y\u00fck kapasitesini g\u00f6z \u00f6n\u00fcnde bulundurmak \u00e7ok \u00f6nemlidir. Silindir, kald\u0131raca\u011f\u0131 ve hareket ettirece\u011fi y\u00fcklerin maksimum a\u011f\u0131rl\u0131\u011f\u0131n\u0131 ta\u015f\u0131yabilmelidir. Bu, makinenizin \u00f6zel gereksinimleri ve mevcut g\u00f6revler hakk\u0131nda bilgi sahibi olmay\u0131 gerektirir.<\/p>\n<h3>S\u0131zd\u0131rmazl\u0131k ve Dayan\u0131kl\u0131l\u0131k<\/h3>\n<p>S\u0131zd\u0131rmazl\u0131k, hidrolik silindirlerin etkili \u00e7al\u0131\u015fmas\u0131 i\u00e7in kritik \u00f6neme sahiptir. Y\u00fcksek kaliteli contalar, operasyonel ar\u0131zalara ve artan bak\u0131m maliyetlerine yol a\u00e7abilen hidrolik s\u0131v\u0131 s\u0131z\u0131nt\u0131s\u0131n\u0131 \u00f6nler. Poli\u00fcretan ve nitril kau\u00e7uk gibi malzemelerin se\u00e7ilmesi, dayan\u0131kl\u0131l\u0131\u011f\u0131 ve a\u015f\u0131nmaya ve \u00e7evresel fakt\u00f6rlere kar\u015f\u0131 direnci art\u0131r\u0131r.<\/p>\n<h3>G\u00fcvenlik \u00d6zellikleri<\/h3>\n<p>Hidrolik silindirlerin tasar\u0131m\u0131nda g\u00fcvenlik en \u00f6nemli unsurdur. Bu silindirler, kazara hareketleri \u00f6nlemek ve \u00e7al\u0131\u015fma s\u0131ras\u0131nda operat\u00f6r\u00fc ve ekipman\u0131 korumak i\u00e7in bas\u0131n\u00e7 tahliye valfleri ve emniyet kilitleri gibi \u00f6zellikler i\u00e7ermelidir.<\/p>\n<h3>Bak\u0131m Hususlar\u0131<\/h3>\n<p>Kolay bak\u0131m i\u00e7in tasar\u0131m, bom silindirinin \u00f6mr\u00fcn\u00fc \u00f6nemli \u00f6l\u00e7\u00fcde etkileyebilir. Contalara ve ya\u011flama noktalar\u0131na kolay eri\u015fim sa\u011flayan \u00f6zellikler, ar\u0131za s\u00fcresini azaltabilir ve operat\u00f6rler i\u00e7in rutin bak\u0131m\u0131 daha y\u00f6netilebilir hale getirebilir.<\/p>\n<p><img decoding=\"async\" src=\"https:\/\/www.hydraulic-cylinders.net\/wp-content\/uploads\/2025\/04\/songte-oil-pipes-and-spare-parts.webp\" alt=\"Petrol Borular\u0131 ve Yedek Par\u00e7alar\u0131\"><\/p>\n<h2>S\u0131zd\u0131rmazl\u0131k ve Ya\u011flama<\/h2>\n<p>Bom silindirinin g\u00fcvenilirli\u011fi, conta ve ya\u011flaman\u0131n etkili kullan\u0131m\u0131na b\u00fcy\u00fck \u00f6l\u00e7\u00fcde ba\u011fl\u0131d\u0131r. Piston contalar\u0131 ve piston kolu contalar\u0131 gibi \u00e7e\u015fitli s\u0131zd\u0131rmazl\u0131k \u00e7\u00f6z\u00fcmleri, hidrolik b\u00fct\u00fcnl\u00fc\u011f\u00fcn korunmas\u0131 i\u00e7in olmazsa olmazd\u0131r. Poli\u00fcretan ve nitril kau\u00e7uk gibi dayan\u0131kl\u0131 malzemelerden \u00fcretilen contalar, a\u015f\u0131nmaya ve \u00e7evresel bozulmaya kar\u015f\u0131 dayan\u0131kl\u0131d\u0131r. Ayr\u0131ca, silindir g\u00f6vdesi ve di\u015fli u\u00e7 y\u00fczeyleri, a\u015f\u0131nma direncini art\u0131rmak i\u00e7in hassas bir i\u015flemden ge\u00e7irilmelidir.<\/p>\n<p>Optimum performans i\u00e7in yeterli miktarda hidrolik ya\u011f ile d\u00fczenli ya\u011flama \u00e7ok \u00f6nemlidir. Do\u011fru ya\u011flama, hareketli par\u00e7alar aras\u0131ndaki s\u00fcrt\u00fcnmeyi azaltarak silindirin \u00f6mr\u00fcn\u00fc uzat\u0131r ve sorunsuz \u00e7al\u0131\u015fmas\u0131n\u0131 sa\u011flar.<\/p>\n<h2>\u00d6nleyici Bak\u0131m \u00d6nlemleri<\/h2>\n<ul>\n<li><strong>D\u00fczenli Denetimler:<\/strong> Silindirin a\u015f\u0131nma veya hasar belirtileri a\u00e7\u0131s\u0131ndan periyodik olarak kontrol edilmesi, felaket niteli\u011findeki ar\u0131zalar\u0131 \u00f6nleyebilir ve operasyonel verimlili\u011fi koruyabilir.<\/li>\n<li><strong>Uygun Ya\u011flama:<\/strong> Silindirin do\u011fru hidrolik ya\u011f ile yeterli \u015fekilde ya\u011flanmas\u0131, performans\u0131n\u0131 ve dayan\u0131kl\u0131l\u0131\u011f\u0131n\u0131 art\u0131racakt\u0131r.<\/li>\n<li><strong>Conta De\u011fi\u015fimi:<\/strong> A\u015f\u0131nm\u0131\u015f contalar\u0131n zaman\u0131nda de\u011fi\u015ftirilmesi, s\u0131z\u0131nt\u0131lar\u0131 \u00f6nleyebilir ve hidrolik sistemin verimlili\u011fini koruyabilir.<\/li>\n<\/ul>\n<h2>Uygun Kurulum Y\u00f6nergeleri<\/h2>\n<p>Bom silindirinin do\u011fru montaj\u0131, performans\u0131 ve uzun \u00f6m\u00fcrl\u00fcl\u00fc\u011f\u00fc i\u00e7in hayati \u00f6nem ta\u015f\u0131r. \u00d6ncelikle, silindirin montaj noktas\u0131na do\u011fru \u015fekilde hizaland\u0131\u011f\u0131ndan emin olun. Silindiri sabitlemek i\u00e7in uygun montaj braketleri kullan\u0131n ve erken a\u015f\u0131nmaya yol a\u00e7abilecek hizalama hatalar\u0131n\u0131 \u00f6nleyin. Hidrolik s\u0131z\u0131nt\u0131lar\u0131 \u00f6nlemek i\u00e7in tork ayarlar\u0131 ve ba\u011flant\u0131lar konusunda \u00fcreticinin talimatlar\u0131na uymak \u00f6nemlidir.<\/p>\n<p>\u00c7al\u0131\u015ft\u0131rmadan \u00f6nce t\u00fcm ba\u011flant\u0131lar\u0131 iki kez kontrol edin ve contalar\u0131n sa\u011flam oldu\u011fundan emin olun. Sistemi do\u011fru \u015fekilde monte etmeden \u00e7al\u0131\u015ft\u0131rmak ciddi hasara ve artan bak\u0131m maliyetlerine yol a\u00e7abilir. En iyi uygulamalara uyuldu\u011fundan emin olmak i\u00e7in kurulum s\u00fcrecini d\u00fczenli olarak g\u00f6zden ge\u00e7irin.<\/p>\n<h2>Yayg\u0131n Bak\u0131m G\u00f6revleri<\/h2>\n<h3>D\u00fczenli Denetimler<\/h3>\n<p>Olas\u0131 sorunlar\u0131 daha da b\u00fcy\u00fcmeden tespit etmek i\u00e7in d\u00fczenli kontroller yapmak \u00e7ok \u00f6nemlidir. S\u0131z\u0131nt\u0131 veya conta hasar\u0131 gibi a\u015f\u0131nma ve y\u0131pranma belirtilerine dikkat edin. S\u0131k kontroller uzun vadede zamandan ve kaynaklardan tasarruf sa\u011flayabilir.<\/p>\n<h3>Uygun Ya\u011flama<\/h3>\n<p>Bom silindirinin yeterli \u015fekilde ya\u011flanmas\u0131, sorunsuz \u00e7al\u0131\u015fma ve uzun \u00f6m\u00fcr i\u00e7in \u00e7ok \u00f6nemlidir. S\u00fcrt\u00fcnme ve a\u015f\u0131nmay\u0131 \u00f6nlemek i\u00e7in \u00fcreticinin \u00f6nerdi\u011fi hidrolik ya\u011f\u0131 kullan\u0131n ve ya\u011flama program\u0131n\u0131 takip edin.<\/p>\n<h3>Conta De\u011fi\u015fimi<\/h3>\n<p>Contalar\u0131n d\u00fczenli olarak de\u011fi\u015ftirilmesi, s\u0131z\u0131nt\u0131lar\u0131 \u00f6nleyebilir ve hidrolik sistemin verimlili\u011fini koruyabilir. Kontroller s\u0131ras\u0131nda contalar\u0131n durumuna dikkat edin ve optimum performans sa\u011flamak i\u00e7in gerekti\u011finde de\u011fi\u015ftirin.<\/p>\n<p><img decoding=\"async\" src=\"https:\/\/www.hydraulic-cylinders.net\/wp-content\/uploads\/2025\/04\/songte-chushion-collar.webp\" alt=\"Yast\u0131k Yaka\"><\/p>\n<h2>G\u00fcvenlik Hususlar\u0131 ve \u00c7evresel Fakt\u00f6rler<\/h2>\n<p>Hidrolik silindirler kullan\u0131l\u0131rken g\u00fcvenlik \u00f6nlemleri son derece \u00f6nemlidir. Operat\u00f6rler, makinelerin g\u00fcvenli kullan\u0131m\u0131 ve hidrolik sistemlerle ili\u015fkili potansiyel tehlikeler konusunda e\u011fitilmelidir. G\u00fcvenlik cihazlar\u0131n\u0131n do\u011fru \u015fekilde tak\u0131l\u0131p \u00e7al\u0131\u015f\u0131r durumda olmas\u0131, kaza ve yaralanmalar\u0131 \u00f6nlemek i\u00e7in hayati \u00f6nem ta\u015f\u0131r. Ayr\u0131ca, ekosistemi korumak i\u00e7in hidrolik s\u0131v\u0131lar\u0131n uygun \u015fekilde bertaraf edilmesi ve s\u0131z\u0131nt\u0131lar\u0131n en aza indirilmesi gibi \u00e7evresel hususlara \u00f6ncelik verilmelidir.<\/p>\n<h2>Sorun Giderme ve Yayg\u0131n Sorunlar<\/h2>\n<ul>\n<li><strong>S\u0131z\u0131nt\u0131:<\/strong> S\u0131z\u0131nt\u0131, a\u015f\u0131nm\u0131\u015f contalar veya hasarl\u0131 bile\u015fenler nedeniyle meydana gelebilir. D\u00fczenli kontroller, bu t\u00fcr sorunlar\u0131n tespit edilip d\u00fczeltilmesine yard\u0131mc\u0131 olabilir.<\/li>\n<li><strong>Tutarl\u0131 Olmayan Performans:<\/strong> Bom silindiri tutarl\u0131 bir \u015fekilde tepki vermiyorsa, bu d\u00fc\u015f\u00fck hidrolik s\u0131v\u0131s\u0131 seviyesinin veya i\u00e7 hasar\u0131n bir i\u015fareti olabilir.<\/li>\n<li><strong>A\u015f\u0131r\u0131 Is\u0131nma:<\/strong> Y\u00fcksek bas\u0131n\u00e7larda s\u00fcrekli \u00e7al\u0131\u015fma a\u015f\u0131r\u0131 \u0131s\u0131nmaya neden olabilir. D\u00fczenli bak\u0131m ve s\u0131v\u0131 seviyelerinin izlenmesi bu sorunu \u00f6nleyebilir.<\/li>\n<\/ul>\n<h2>Ar\u0131za \u00c7\u00f6z\u00fcm \u0130pu\u00e7lar\u0131<\/h2>\n<p>Sorunlar\u0131 etkili bir \u015fekilde gidermek i\u00e7in operasyonel performans ve bak\u0131m faaliyetlerinin bir kayd\u0131n\u0131 tutun. Bu kay\u0131t, olas\u0131 sorunlar\u0131 ve olas\u0131 sorunlar\u0131 erken tespit etmenize yard\u0131mc\u0131 olabilir. S\u0131z\u0131nt\u0131 durumunda, i\u015flemleri derhal durdurun ve contalar\u0131 ve ba\u011flant\u0131 par\u00e7alar\u0131n\u0131 inceleyin. Tutars\u0131z performans durumunda, hidrolik s\u0131v\u0131 seviyelerini kontrol edin ve hatlarda t\u0131kan\u0131kl\u0131k olup olmad\u0131\u011f\u0131na bak\u0131n.<\/p>\n<p>Rutin bak\u0131m ve zaman\u0131nda onar\u0131m gibi \u00f6nleyici tedbirlerin uygulanmas\u0131, olas\u0131 sorunlar\u0131n riskini en aza indirir ve bom silindirinin g\u00fcvenilirli\u011fini art\u0131r\u0131r.<\/p>\n<p><img decoding=\"async\" src=\"https:\/\/www.hydraulic-cylinders.net\/wp-content\/uploads\/2025\/04\/songte-bushings-with-all-kinds-of-excavator-models.webp\" alt=\"Ekskavat\u00f6r Modelleri i\u00e7in Bur\u00e7lar\"><\/p>\n<h2>\u015eirket Genel Bak\u0131\u015f\u0131<\/h2>\n<p>Piyasada geni\u015f bir \u00fcr\u00fcn yelpazesine sahip, lider bir yedek hidrolik silindir \u00fcreticisi ve toptanc\u0131s\u0131y\u0131z. Ola\u011fan\u00fcst\u00fc kaliteye odaklanmam\u0131z, hassas \u00fcretim y\u00f6netimi stratejileriyle desteklenmektedir. \u015eirketimiz, \u00fcretim platformumuzu s\u00fcrekli iyile\u015ftirmek ve y\u00fcksek kaliteli bir \u00fcretim s\u00fcreci sa\u011flamak i\u00e7in teknik yetenek, geli\u015fmi\u015f dijital \u00fcretim ekipmanlar\u0131 ve profesyonel test sistemlerinden yararlanmaktad\u0131r. G\u00fc\u00e7l\u00fc yarat\u0131c\u0131 yeteneklerimizle, farkl\u0131 m\u00fc\u015fteri ihtiya\u00e7lar\u0131n\u0131 kar\u015f\u0131lamak i\u00e7in y\u00fcksek verimlilik, do\u011fruluk ve kalite ilkelerine ba\u011fl\u0131 kal\u0131yoruz.<\/p>\n<h3>Uzmanl\u0131k ve Uzmanla\u015fma<\/h3>\n<p>Ekibimiz, m\u00fc\u015fteri spesifikasyonlar\u0131na g\u00f6re tasarlanm\u0131\u015f y\u00fcksek performansl\u0131 hidrolik silindirler \u00fcretmeye kendini adam\u0131\u015f deneyimli profesyonellerden olu\u015fmaktad\u0131r. Kalite ve g\u00fcvenilirli\u011fi \u00f6n planda tutarak, \u00f6zel operasyonel talepleri kar\u015f\u0131lamak i\u00e7in \u00f6zelle\u015ftirilmi\u015f \u00e7\u00f6z\u00fcmler sunuyoruz.<\/p>\n<h3>Uluslararas\u0131 Sertifikasyon<\/h3>\n<p>\u00dcr\u00fcnlerimiz uluslararas\u0131 kalite standartlar\u0131na uygundur ve \u00e7e\u015fitli uygulamalarda g\u00fcvenilirlik ve performans sa\u011flar. Kalite ve g\u00fcvenli\u011fe olan ba\u011fl\u0131l\u0131\u011f\u0131m\u0131z\u0131 peki\u015ftiren sertifikalar almaya \u00f6ncelik veriyoruz.<\/p>\n<h3>\u00d6zel Hizmetler<\/h3>\n<p>Benzersiz \u00f6zelliklere sahip hidrolik silindirler geli\u015ftirmek i\u00e7in \u00f6zel hizmetler sunuyoruz. M\u00fchendislik ekibimiz, m\u00fc\u015fterilerimizle yak\u0131n bir \u015fekilde \u00e7al\u0131\u015farak, onlar\u0131n \u00f6zel makine ve operasyonel ihtiya\u00e7lar\u0131na uygun silindirler tasarl\u0131yor.<\/p>\n<h3>\u00dcretim Ekipmanlar\u0131<\/h3>\n<p>En son \u00fcretim teknolojilerini kullanarak \u00fcr\u00fcnlerimizde y\u00fcksek hassasiyet ve dayan\u0131kl\u0131l\u0131k sa\u011fl\u0131yoruz. Tesislerimiz, \u00fcretim verimlili\u011fini ve \u00fcr\u00fcn kalitesini art\u0131ran geli\u015fmi\u015f makinelerle donat\u0131lm\u0131\u015ft\u0131r.<\/p>\n<h3>Sat\u0131\u015f Sonras\u0131 Hizmetler<\/h3>\n<p>M\u00fc\u015fteri memnuniyetine olan ba\u011fl\u0131l\u0131\u011f\u0131m\u0131z sat\u0131\u015f\u0131n \u00f6tesine ge\u00e7er. Bak\u0131m tavsiyeleri ve sorun giderme deste\u011fi de dahil olmak \u00fczere kapsaml\u0131 sat\u0131\u015f sonras\u0131 destek sunarak, m\u00fc\u015fterilerimizin \u00fcr\u00fcnlerimizden en iyi \u015fekilde yararlanmas\u0131n\u0131 sa\u011fl\u0131yoruz.<\/p>\n<p><img decoding=\"async\" src=\"https:\/\/www.hydraulic-cylinders.net\/wp-content\/uploads\/2025\/04\/songte-company-4.webp\" alt=\"\u015eirket Genel Bak\u0131\u015f\u0131\"><br \/>\n<img decoding=\"async\" src=\"https:\/\/www.hydraulic-cylinders.net\/wp-content\/uploads\/2025\/04\/songte-company-3.webp\" alt=\"\u015eirket \u00dcretim S\u00fcreci\"><\/p>\n<p>Yazar: lyl<\/p>","protected":false},"excerpt":{"rendered":"<p>Boom Cylinder For Caterpillar Large Excavator E330B330C Product Overview The Boom Cylinder for Caterpillar Large Excavator E330B330C is a hydraulic cylinder specifically designed for controlling the movement of the boom in heavy machinery such as excavators, backhoe loaders, and front-end loaders. This component plays a crucial role in material handling tasks, enabling the boom to [&hellip;]<\/p>","protected":false},"featured_media":17878,"comment_status":"open","ping_status":"closed","template":"","meta":{"_et_pb_use_builder":"","_et_pb_old_content":"","_et_gb_content_width":""},"product_brand":[],"product_cat":[1546],"product_tag":[1547,1496],"class_list":{"0":"post-18966","1":"product","2":"type-product","3":"status-publish","4":"has-post-thumbnail","6":"product_cat-boom-cylinders","7":"product_tag-boom-cylinders","8":"product_tag-hydraulic-cylinders","10":"first","11":"instock","12":"shipping-taxable","13":"product-type-simple"},"amp_enabled":true,"_links":{"self":[{"href":"https:\/\/www.hydraulic-cylinders.net\/tr\/wp-json\/wp\/v2\/product\/18966","targetHints":{"allow":["GET"]}}],"collection":[{"href":"https:\/\/www.hydraulic-cylinders.net\/tr\/wp-json\/wp\/v2\/product"}],"about":[{"href":"https:\/\/www.hydraulic-cylinders.net\/tr\/wp-json\/wp\/v2\/types\/product"}],"replies":[{"embeddable":true,"href":"https:\/\/www.hydraulic-cylinders.net\/tr\/wp-json\/wp\/v2\/comments?post=18966"}],"wp:featuredmedia":[{"embeddable":true,"href":"https:\/\/www.hydraulic-cylinders.net\/tr\/wp-json\/wp\/v2\/media\/17878"}],"wp:attachment":[{"href":"https:\/\/www.hydraulic-cylinders.net\/tr\/wp-json\/wp\/v2\/media?parent=18966"}],"wp:term":[{"taxonomy":"product_brand","embeddable":true,"href":"https:\/\/www.hydraulic-cylinders.net\/tr\/wp-json\/wp\/v2\/product_brand?post=18966"},{"taxonomy":"product_cat","embeddable":true,"href":"https:\/\/www.hydraulic-cylinders.net\/tr\/wp-json\/wp\/v2\/product_cat?post=18966"},{"taxonomy":"product_tag","embeddable":true,"href":"https:\/\/www.hydraulic-cylinders.net\/tr\/wp-json\/wp\/v2\/product_tag?post=18966"}],"curies":[{"name":"wp","href":"https:\/\/api.w.org\/{rel}","templated":true}]}}