{"id":18967,"date":"2025-04-07T06:04:39","date_gmt":"2025-04-07T06:04:39","guid":{"rendered":"https:\/\/www.hydraulic-cylinders.net\/product\/boom-cylinder-for-caterpillar-large-excavator-e336dl\/"},"modified":"2025-04-07T06:04:41","modified_gmt":"2025-04-07T06:04:41","slug":"boom-cylinder-for-caterpillar-large-excavator-e336dl","status":"publish","type":"product","link":"https:\/\/www.hydraulic-cylinders.net\/tr\/urun\/boom-cylinder-for-caterpillar-large-excavator-e336dl\/","title":{"rendered":"Caterpillar E336DL B\u00fcy\u00fck Ekskavat\u00f6r \u0130\u00e7in Bom Silindiri"},"content":{"rendered":"<h1>Caterpillar E336DL B\u00fcy\u00fck Ekskavat\u00f6r \u0130\u00e7in Bom Silindiri<\/h1>\n<h2>Bom Silindirini Anlamak<\/h2>\n<p>Bom silindiri, \u00f6zellikle Caterpillar E336DL gibi ekskavat\u00f6rlerde olmak \u00fczere, a\u011f\u0131r makinelerin hidrolik sisteminde hayati bir bile\u015fendir. Bu hidrolik silindir, kep\u00e7enin kald\u0131r\u0131lmas\u0131, indirilmesi ve e\u011filmesinden sorumlu olan bomun hareketini kontrol etmek i\u00e7in \u00f6zel olarak tasarlanm\u0131\u015ft\u0131r. \u0130n\u015faat ve di\u011fer end\u00fcstriyel uygulamalarda verimli malzeme ta\u015f\u0131ma g\u00f6revlerini m\u00fcmk\u00fcn k\u0131lar. Bom silindirinin \u00e7al\u0131\u015fmas\u0131 esas olarak hidrolik prensiplere dayan\u0131r; burada hareket olu\u015fturmak i\u00e7in bas\u0131n\u00e7l\u0131 s\u0131v\u0131 kullan\u0131l\u0131r. Bu, ekipman\u0131n etkinli\u011fini art\u0131rmakla kalmaz, ayn\u0131 zamanda i\u015flemler s\u0131ras\u0131nda sorunsuz ve hassas kontrol sa\u011flar.<\/p>\n<p><img decoding=\"async\" src=\"https:\/\/www.hydraulic-cylinders.net\/wp-content\/uploads\/2025\/04\/songte-company-1.webp\" alt=\"Bom Silindiri G\u00f6r\u00fcnt\u00fcs\u00fc\"><\/p>\n<h3>Bom Silindirinin Temel \u00d6zellikleri<\/h3>\n<ul>\n<li><strong>Y\u00fcksek Dayan\u0131kl\u0131l\u0131k ve Dayan\u0131kl\u0131l\u0131k:<\/strong> Y\u00fcksek mukavemetli \u00e7elik veya al\u00fcminyumdan \u00fcretilen bom silindiri, y\u00fcksek bas\u0131nca ve a\u011f\u0131r y\u00fcklere dayanabilir, bu da onu zorlu \u00e7al\u0131\u015fma ortamlar\u0131 i\u00e7in uygun hale getirir.<\/li>\n<li><strong>Verimli Hidrolik \u00c7al\u0131\u015fma:<\/strong> Hidrolik ya\u011f bas\u0131nc\u0131n\u0131 kullanarak d\u00fczg\u00fcn bir \u015fekilde uzama ve geri \u00e7ekilme sa\u011flar, operasyonel komutlara h\u0131zl\u0131 yan\u0131t verir ve \u00f6nemli bir itme ve \u00e7ekme kuvveti sunar.<\/li>\n<li><strong>T\u00fcr \u00c7e\u015fitlili\u011fi:<\/strong> Bom silindirleri, farkl\u0131 operasyonel ihtiya\u00e7lar\u0131 kar\u015f\u0131lamak \u00fczere tek etkili ve \u00e7ift etkili varyantlarda \u00fcretilir; baz\u0131 modellerde ise d\u0131\u015f boyutlar\u0131 art\u0131rmadan daha uzun eri\u015fim sa\u011flamak i\u00e7in teleskopik tasar\u0131mlar bulunur.<\/li>\n<li><strong>Korozyon Direnci:<\/strong> Bir\u00e7ok bom silindiri, a\u015f\u0131nmaya ve korozyona kar\u015f\u0131 dayan\u0131kl\u0131 olacak \u015fekilde tasarlanm\u0131\u015ft\u0131r; bu da kullan\u0131m \u00f6mr\u00fcn\u00fc uzat\u0131r ve \u00e7e\u015fitli ko\u015fullarda tutarl\u0131 performans sa\u011flar.<\/li>\n<li><strong>\u00d6zel \u00dcretim:<\/strong> Mevcut hidrolik silindirlerin yerine m\u00fckemmel \u015fekilde tak\u0131labilen, uyumluluk ve performans garantisi veren y\u00fcksek kaliteli hidrolik silindirler \u00fcretiyoruz.<\/li>\n<\/ul>\n<p><img decoding=\"async\" src=\"https:\/\/www.hydraulic-cylinders.net\/wp-content\/uploads\/2025\/04\/songte-cylinder-head-with-all-kinds-excavator-models.webp\" alt=\"Silindir Kapa\u011f\u0131 G\u00f6r\u00fcnt\u00fcs\u00fc\"><\/p>\n<h2>Bom Silindirinin Uygulamalar\u0131<\/h2>\n<h3>\u0130n\u015faat Ekipmanlar\u0131<\/h3>\n<p>Ekskavat\u00f6rlerde, bom silindirleri toprak veya moloz kazma, y\u00fckleme ve ta\u015f\u0131ma i\u015flemlerinde \u00e7ok \u00f6nemli bir rol oynar. Bomu y\u00fckseltmek ve indirmek i\u00e7in gerekli kuvveti sa\u011flayarak operat\u00f6rlerin g\u00f6revleri verimli bir \u015fekilde yerine getirmelerini sa\u011flarlar. Kaz\u0131c\u0131 y\u00fckleyicilerde ise bu silindirler hem kazma hem de kald\u0131rma i\u015flemlerine yard\u0131mc\u0131 olarak, \u00e7ok y\u00f6nl\u00fc makine kullan\u0131m\u0131 i\u00e7in vazge\u00e7ilmez hale gelirler.<\/p>\n<h3>Tar\u0131m Makinalar\u0131<\/h3>\n<p>\u00d6n y\u00fckleyicilerde, bom silindirleri toprak, saman ve di\u011fer malzemeler gibi malzemeleri kep\u00e7elemek, kald\u0131rmak ve ta\u015f\u0131mak i\u00e7in kullan\u0131l\u0131r. Tasar\u0131mlar\u0131, \u00e7e\u015fitli tar\u0131m \u00fcr\u00fcnlerinin verimli bir \u015fekilde hareket ettirilmesini ve i\u015flenmesini sa\u011flayarak \u00e7iftliklerde verimlili\u011fi art\u0131r\u0131r.<\/p>\n<h3>Kaz\u0131 \u00c7al\u0131\u015fmalar\u0131<\/h3>\n<p>Bom silindiri, ekskavat\u00f6rlerin zemine etkili bir \u015fekilde n\u00fcfuz etmesini sa\u011flar. Kep\u00e7enin topra\u011fa kazmas\u0131n\u0131 sa\u011flayan bu silindirler, derin kaz\u0131 gerektiren in\u015faat, peyzaj ve madencilik projelerinde vazge\u00e7ilmezdir.<\/p>\n<h3>Y\u00fckleme \u0130\u015flemleri<\/h3>\n<p>\u00d6n y\u00fckleyicilerde, bom silindirleri malzemelerin kald\u0131r\u0131lmas\u0131n\u0131 ve bo\u015falt\u0131lmas\u0131n\u0131 kolayla\u015ft\u0131r\u0131r. G\u00fc\u00e7leri ve verimlilikleri, a\u011f\u0131r y\u00fcklerin ta\u015f\u0131nmas\u0131 i\u00e7in hayati \u00f6neme sahiptir ve malzemelerin bir yerden di\u011ferine h\u0131zl\u0131 ve etkili bir \u015fekilde ta\u015f\u0131nmas\u0131n\u0131 sa\u011flar.<\/p>\n<h2>Bom Silindirleri \u0130\u00e7in Tasar\u0131m Hususlar\u0131<\/h2>\n<h3>Y\u00fck Kapasitesi<\/h3>\n<p>Bom silindirinin y\u00fck ta\u015f\u0131ma kapasitesi, kritik bir tasar\u0131m unsurudur. Ekskavat\u00f6r\u00fcn \u00e7al\u0131\u015fma s\u0131ras\u0131nda kar\u015f\u0131la\u015faca\u011f\u0131 maksimum a\u011f\u0131rl\u0131\u011f\u0131 ta\u015f\u0131yabilecek kapasitede olmal\u0131d\u0131r. \u0130yi tasarlanm\u0131\u015f bir silindir, beklenmedik y\u00fckler alt\u0131nda ar\u0131zay\u0131 \u00f6nlemek i\u00e7in g\u00fcvenlik paylar\u0131n\u0131 da hesaba katmal\u0131d\u0131r.<\/p>\n<h3>S\u0131zd\u0131rmazl\u0131k ve Dayan\u0131kl\u0131l\u0131k<\/h3>\n<p>Hidrolik s\u0131v\u0131 s\u0131z\u0131nt\u0131lar\u0131n\u0131 \u00f6nlemek i\u00e7in etkili s\u0131zd\u0131rmazl\u0131k \u015fartt\u0131r. Bu, poli\u00fcretan ve nitril kau\u00e7uk gibi dayan\u0131kl\u0131 malzemelerden yap\u0131lm\u0131\u015f y\u00fcksek kaliteli contalar\u0131n kullan\u0131m\u0131n\u0131 i\u00e7erir. Do\u011fru s\u0131zd\u0131rmazl\u0131k sadece verimlili\u011fi art\u0131rmakla kalmaz, ayn\u0131 zamanda silindirin \u00f6mr\u00fcn\u00fcn uzamas\u0131na da katk\u0131da bulunur.<\/p>\n<h3>G\u00fcvenlik \u00d6zellikleri<\/h3>\n<p>Operat\u00f6rlerin ve makinelerin korunmas\u0131 i\u00e7in tasar\u0131ma g\u00fcvenlik \u00f6zelliklerinin dahil edilmesi \u00e7ok \u00f6nemlidir. Bu, \u00e7al\u0131\u015fma s\u0131ras\u0131nda riskleri azaltmak i\u00e7in bas\u0131n\u00e7 tahliye vanalar\u0131n\u0131 ve emniyet kilitlerini i\u00e7erir.<\/p>\n<h3>Bak\u0131m Eri\u015filebilirli\u011fi<\/h3>\n<p>Bom silindirlerinin kolay bak\u0131m i\u00e7in tasarlanmas\u0131 \u00f6nemlidir. Bu, h\u0131zl\u0131 incelemelere, onar\u0131mlara ve de\u011fi\u015fimlere olanak tan\u0131yarak ar\u0131za s\u00fcresini en aza indirir ve verimlili\u011fi art\u0131r\u0131r.<\/p>\n<p><img decoding=\"async\" src=\"https:\/\/www.hydraulic-cylinders.net\/wp-content\/uploads\/2025\/04\/songte-oil-pipes-and-spare-parts.webp\" alt=\"Petrol Borular\u0131 Resmi\"><\/p>\n<h2>S\u0131zd\u0131rmazl\u0131k ve Ya\u011flama<\/h2>\n<p>Bom silindirlerinin performans\u0131 i\u00e7in uygun s\u0131zd\u0131rmazl\u0131k ve ya\u011flama hayati \u00f6nem ta\u015f\u0131r. Piston contalar\u0131 ve mil contalar\u0131 da dahil olmak \u00fczere \u00e7e\u015fitli s\u0131zd\u0131rmazl\u0131k bile\u015fenleri, s\u0131v\u0131 s\u0131z\u0131nt\u0131s\u0131n\u0131 \u00f6nlemek i\u00e7in kullan\u0131l\u0131r. Poli\u00fcretan ve nitril kau\u00e7uk gibi dayan\u0131kl\u0131 malzemelerden yap\u0131lan contalar a\u015f\u0131nmaya kar\u015f\u0131 diren\u00e7 sa\u011flar. Silindir g\u00f6vdesi ve di\u015fli u\u00e7lar\u0131, dayan\u0131kl\u0131l\u0131\u011f\u0131 ve a\u015f\u0131nma direncini art\u0131rmak i\u00e7in hassas bir \u015fekilde i\u015flenir. Silindirin i\u015flevselli\u011fini ve uzun \u00f6mr\u00fcn\u00fc korumak, sorunsuz \u00e7al\u0131\u015fmay\u0131 sa\u011flamak ve zamanla a\u015f\u0131nmay\u0131 \u00f6nlemek i\u00e7in uygun hidrolik s\u0131v\u0131 ile d\u00fczenli ya\u011flama gereklidir.<\/p>\n<h2>\u00d6nleyici Bak\u0131m \u00d6nlemleri<\/h2>\n<ul>\n<li><strong>D\u00fczenli Denetimler:<\/strong> A\u015f\u0131nma veya s\u0131z\u0131nt\u0131 belirtilerini tespit etmek i\u00e7in d\u00fczenli g\u00f6rsel incelemeler yap\u0131n. Sorunlar\u0131 erken tespit etmek, maliyetli onar\u0131mlar\u0131 ve uzun s\u00fcreli ar\u0131za s\u00fcrelerini \u00f6nleyebilir.<\/li>\n<li><strong>Ya\u011flama Kontrolleri:<\/strong> Hidrolik s\u0131v\u0131 seviyelerinin yeterli oldu\u011fundan ve do\u011fru tipte s\u0131v\u0131n\u0131n kullan\u0131ld\u0131\u011f\u0131ndan emin olun. Do\u011fru ya\u011flama, hareketli par\u00e7alardaki s\u00fcrt\u00fcnmeyi ve a\u015f\u0131nmay\u0131 en aza indirir.<\/li>\n<li><strong>Conta De\u011fi\u015fimleri:<\/strong> A\u015f\u0131nma veya s\u0131z\u0131nt\u0131 belirtileri g\u00f6r\u00fcld\u00fc\u011f\u00fcnde contalar\u0131 de\u011fi\u015ftirin. Contalar\u0131n d\u00fczenli bak\u0131m\u0131 silindirin \u00f6mr\u00fcn\u00fc uzat\u0131r ve hidrolik verimlili\u011fi korur.<\/li>\n<\/ul>\n<h2>Kurulum Talimatlar\u0131<\/h2>\n<p>Bom silindirlerinin do\u011fru montaj\u0131, verimli \u00e7al\u0131\u015fma i\u00e7in \u00e7ok \u00f6nemlidir. \u00d6ncelikle silindirin montaj braketleriyle do\u011fru \u015fekilde hizaland\u0131\u011f\u0131ndan emin olun. Silindiri sabitlemek ve \u00e7al\u0131\u015fma s\u0131ras\u0131nda hareket etmesini \u00f6nlemek i\u00e7in uygun montaj donan\u0131m\u0131 kullan\u0131n. Hidrolik hatlar\u0131 \u00fcreticinin spesifikasyonlar\u0131na g\u00f6re ba\u011flayarak do\u011fru ak\u0131\u015f y\u00f6n\u00fcn\u00fc sa\u011flay\u0131n. Montajdan sonra, s\u0131z\u0131nt\u0131 olup olmad\u0131\u011f\u0131n\u0131 kontrol edin ve i\u015flevselli\u011fi sa\u011flamak i\u00e7in silindirin \u00e7al\u0131\u015fmas\u0131n\u0131 test edin. Performans ve g\u00fcvenlik standartlar\u0131n\u0131 korumak i\u00e7in montaj\u0131 d\u00fczenli olarak inceleyin.<\/p>\n<h2>Yayg\u0131n Bak\u0131m G\u00f6revleri<\/h2>\n<ul>\n<li><strong>D\u00fczenli Denetimler:<\/strong> A\u015f\u0131nma ve y\u0131pranmaya y\u00f6nelik rutin kontroller \u00e7ok \u00f6nemlidir. Bu, hidrolik s\u0131v\u0131 s\u0131z\u0131nt\u0131s\u0131 belirtilerini aramay\u0131, contalar\u0131n durumunu kontrol etmeyi ve silindir yap\u0131s\u0131n\u0131n b\u00fct\u00fcnl\u00fc\u011f\u00fcn\u00fc sa\u011flamay\u0131 i\u00e7erir. Potansiyel sorunlar\u0131n zaman\u0131nda tespit edilmesi, b\u00fcy\u00fck ar\u0131zalar\u0131 \u00f6nleyebilir.<\/li>\n<li><strong>Uygun Ya\u011flama:<\/strong> Hidrolik s\u0131v\u0131s\u0131n\u0131n \u00f6nerilen seviyelerde ve do\u011fru tipte oldu\u011fundan emin olun. Ya\u011flama, s\u00fcrt\u00fcnmeyi azalt\u0131r ve a\u015f\u0131nmay\u0131 \u00f6nler; bu da hidrolik sistemin verimlili\u011fini korumak i\u00e7in \u00e7ok \u00f6nemlidir.<\/li>\n<li><strong>Conta De\u011fi\u015fimleri:<\/strong> Contalar\u0131n durumunu izleyin ve gerekti\u011finde de\u011fi\u015ftirin. Eski veya a\u015f\u0131nm\u0131\u015f contalar hidrolik s\u0131v\u0131 s\u0131z\u0131nt\u0131lar\u0131na yol a\u00e7arak silindirin performans\u0131n\u0131 ve verimlili\u011fini tehlikeye atabilir.<\/li>\n<\/ul>\n<h2>G\u00fcvenlik Hususlar\u0131 ve \u00c7evresel Fakt\u00f6rler<\/h2>\n<p>Hidrolik sistemlerle \u00e7al\u0131\u015f\u0131rken g\u00fcvenlik \u00f6nlemlerinin uygulanmas\u0131 \u00e7ok \u00f6nemlidir. \u00c7al\u0131\u015fma bas\u0131n\u00e7lar\u0131 ve y\u00fck kapasiteleri i\u00e7in her zaman \u00fcretici y\u00f6nergelerine uyun. Operat\u00f6rler i\u00e7in uygun e\u011fitim ve d\u00fczenli bak\u0131m kontrolleri g\u00fcvenli\u011fi sa\u011flamak i\u00e7in gereklidir. Ayr\u0131ca, hidrolik s\u0131v\u0131lar\u0131n \u00e7evresel etkisini g\u00f6z \u00f6n\u00fcnde bulundurun ve bak\u0131m s\u0131ras\u0131nda olu\u015fan at\u0131k malzemeler i\u00e7in uygun bertaraf y\u00f6ntemlerini sa\u011flay\u0131n.<\/p>\n<h2>Sorun Giderme ve Yayg\u0131n Sorunlar<\/h2>\n<ul>\n<li><strong>S\u0131z\u0131nt\u0131:<\/strong> S\u0131z\u0131nt\u0131n\u0131n kayna\u011f\u0131n\u0131 belirleyin; bu genellikle contalarda veya ba\u011flant\u0131 par\u00e7alar\u0131nda meydana gelir. Ba\u011flant\u0131lar\u0131 s\u0131kmak veya a\u015f\u0131nm\u0131\u015f contalar\u0131 de\u011fi\u015ftirmek genellikle sorunu \u00e7\u00f6zebilir.<\/li>\n<li><strong>Tepkisiz Silindir:<\/strong> Silindir tepki vermiyorsa, hidrolik s\u0131v\u0131 seviyelerini kontrol edin ve hidrolik hatlarda t\u0131kan\u0131kl\u0131k olup olmad\u0131\u011f\u0131n\u0131 inceleyin. Do\u011fru s\u0131v\u0131 ak\u0131\u015f\u0131n\u0131n sa\u011flanmas\u0131, tepki verme a\u00e7\u0131s\u0131ndan \u00e7ok \u00f6nemlidir.<\/li>\n<li><strong>A\u015f\u0131r\u0131 G\u00fcr\u00fclt\u00fc:<\/strong> \u00c7al\u0131\u015fma s\u0131ras\u0131nda duyulan sesler, d\u00fc\u015f\u00fck ya\u011f seviyesini veya sistemde hava oldu\u011funu g\u00f6sterebilir. Sistemi havas\u0131n\u0131 alarak ve yeterli s\u0131v\u0131 seviyesini sa\u011flayarak bu sorun genellikle giderilebilir.<\/li>\n<\/ul>\n<p>Bu sorunlar\u0131 te\u015fhis etmek ve \u00e7\u00f6zmek i\u00e7in proaktif \u00f6nlemler almak, ar\u0131za s\u00fcrelerini en aza indirebilir ve operasyonlar\u0131n\u0131z\u0131n verimlili\u011fini art\u0131rabilir.<\/p>\n<p><img decoding=\"async\" src=\"https:\/\/www.hydraulic-cylinders.net\/wp-content\/uploads\/2025\/04\/songte-bushings-with-all-kinds-of-excavator-models.webp\" alt=\"Bur\u00e7lar G\u00f6r\u00fcnt\u00fcs\u00fc\"><\/p>\n<h2>\u015eirket Genel Bak\u0131\u015f\u0131<\/h2>\n<p>\u00d6nde gelen bir hidrolik silindir \u00fcreticisi ve toptanc\u0131s\u0131 olarak, \u00e7e\u015fitli uygulamalar i\u00e7in y\u00fcksek kaliteli alternatif silindirler sa\u011flama konusunda uzmanla\u015fm\u0131\u015f bulunuyoruz. M\u00fckemmelli\u011fe olan ba\u011fl\u0131l\u0131\u011f\u0131m\u0131z, yetenekli personel ve \u00fcst d\u00fczey \u00fcretim ekipmanlar\u0131ndan yararlanan geli\u015fmi\u015f \u00fcretim y\u00f6netim stratejilerimizle vurgulanmaktad\u0131r. \u00c7e\u015fitli m\u00fc\u015fteri ihtiya\u00e7lar\u0131n\u0131 verimlilik ve hassasiyetle kar\u015f\u0131lamak i\u00e7in \u00fcretim s\u00fcre\u00e7lerimizi s\u00fcrekli olarak geli\u015ftiriyoruz. Sertifikalar\u0131m\u0131z d\u00fcr\u00fcstl\u00fc\u011f\u00fcm\u00fcz\u00fc ve kaliteye olan ba\u011fl\u0131l\u0131\u011f\u0131m\u0131z\u0131 yans\u0131t\u0131rken, \u00f6zel hizmetlerimiz de belirli m\u00fc\u015fteri gereksinimlerini etkili bir \u015fekilde kar\u015f\u0131layabilmemizi sa\u011flar.<\/p>\n<p><img decoding=\"async\" src=\"https:\/\/www.hydraulic-cylinders.net\/wp-content\/uploads\/2025\/04\/songte-company-4.webp\" alt=\"\u015eirket Genel Bak\u0131\u015f G\u00f6rseli\"><br \/>\n<img decoding=\"async\" src=\"https:\/\/www.hydraulic-cylinders.net\/wp-content\/uploads\/2025\/04\/songte-company-3.webp\" alt=\"\u015eirket \u00dcretim G\u00f6rseli\"><\/p>\n<p>Yazar: lyl<\/p>","protected":false},"excerpt":{"rendered":"<p>Boom Cylinder For Caterpillar Large Excavator E336DL Understanding the Boom Cylinder The boom cylinder is a vital component in the hydraulic system of heavy machinery, particularly in excavators like the Caterpillar E336DL. This hydraulic cylinder is specifically designed to control the movement of the boom, which is responsible for lifting, lowering, and tilting the bucket. [&hellip;]<\/p>","protected":false},"featured_media":17879,"comment_status":"open","ping_status":"closed","template":"","meta":{"_et_pb_use_builder":"","_et_pb_old_content":"","_et_gb_content_width":""},"product_brand":[],"product_cat":[1546],"product_tag":[1547,1496],"class_list":{"0":"post-18967","1":"product","2":"type-product","3":"status-publish","4":"has-post-thumbnail","6":"product_cat-boom-cylinders","7":"product_tag-boom-cylinders","8":"product_tag-hydraulic-cylinders","10":"first","11":"instock","12":"shipping-taxable","13":"product-type-simple"},"amp_enabled":true,"_links":{"self":[{"href":"https:\/\/www.hydraulic-cylinders.net\/tr\/wp-json\/wp\/v2\/product\/18967","targetHints":{"allow":["GET"]}}],"collection":[{"href":"https:\/\/www.hydraulic-cylinders.net\/tr\/wp-json\/wp\/v2\/product"}],"about":[{"href":"https:\/\/www.hydraulic-cylinders.net\/tr\/wp-json\/wp\/v2\/types\/product"}],"replies":[{"embeddable":true,"href":"https:\/\/www.hydraulic-cylinders.net\/tr\/wp-json\/wp\/v2\/comments?post=18967"}],"wp:featuredmedia":[{"embeddable":true,"href":"https:\/\/www.hydraulic-cylinders.net\/tr\/wp-json\/wp\/v2\/media\/17879"}],"wp:attachment":[{"href":"https:\/\/www.hydraulic-cylinders.net\/tr\/wp-json\/wp\/v2\/media?parent=18967"}],"wp:term":[{"taxonomy":"product_brand","embeddable":true,"href":"https:\/\/www.hydraulic-cylinders.net\/tr\/wp-json\/wp\/v2\/product_brand?post=18967"},{"taxonomy":"product_cat","embeddable":true,"href":"https:\/\/www.hydraulic-cylinders.net\/tr\/wp-json\/wp\/v2\/product_cat?post=18967"},{"taxonomy":"product_tag","embeddable":true,"href":"https:\/\/www.hydraulic-cylinders.net\/tr\/wp-json\/wp\/v2\/product_tag?post=18967"}],"curies":[{"name":"wp","href":"https:\/\/api.w.org\/{rel}","templated":true}]}}